{"id":1613,"date":"2024-08-29T08:51:32","date_gmt":"2024-08-29T00:51:32","guid":{"rendered":"http:\/\/www.waltec.com.cn\/?page_id=1613"},"modified":"2025-01-22T11:58:25","modified_gmt":"2025-01-22T03:58:25","slug":"home","status":"publish","type":"page","link":"http:\/\/www.waltec.com.cn\/es\/","title":{"rendered":"INICIO"},"content":{"rendered":"<div data-elementor-type=\"wp-page\" data-elementor-id=\"1613\" class=\"elementor elementor-1613\" data-elementor-post-type=\"page\">\n\t\t\t\t<div class=\"elementor-element elementor-element-e74644f e-flex e-con-boxed e-con e-parent\" data-id=\"e74644f\" data-element_type=\"container\" data-settings=\"{&quot;background_background&quot;:&quot;classic&quot;}\">\n\t\t\t\t\t<div class=\"e-con-inner\">\n\t\t\t\t\t<\/div>\n\t\t\t\t<\/div>\n\t\t<div class=\"elementor-element elementor-element-2024a09 e-flex e-con-boxed e-con e-parent\" data-id=\"2024a09\" data-element_type=\"container\">\n\t\t\t\t\t<div class=\"e-con-inner\">\n\t\t<div class=\"elementor-element elementor-element-77c536b e-con-full e-flex e-con e-child\" data-id=\"77c536b\" data-element_type=\"container\">\n\t\t\t\t<div class=\"elementor-element elementor-element-4ba6da4 elementor-widget elementor-widget-heading\" data-id=\"4ba6da4\" data-element_type=\"widget\" data-widget_type=\"heading.default\">\n\t\t\t\t<div class=\"elementor-widget-container\">\n\t\t\t<style>\/*! elementor - v3.23.0 - 05-08-2024 *\/\n.elementor-heading-title{padding:0;margin:0;line-height:1}.elementor-widget-heading .elementor-heading-title[class*=elementor-size-]>a{color:inherit;font-size:inherit;line-height:inherit}.elementor-widget-heading .elementor-heading-title.elementor-size-small{font-size:15px}.elementor-widget-heading .elementor-heading-title.elementor-size-medium{font-size:19px}.elementor-widget-heading .elementor-heading-title.elementor-size-large{font-size:29px}.elementor-widget-heading .elementor-heading-title.elementor-size-xl{font-size:39px}.elementor-widget-heading .elementor-heading-title.elementor-size-xxl{font-size:59px}<\/style><h2 class=\"elementor-heading-title elementor-size-default\">SOBRE NOSOTROS<\/h2>\t\t<\/div>\n\t\t\t\t<\/div>\n\t\t\t\t<div class=\"elementor-element elementor-element-054709f elementor-widget elementor-widget-text-editor\" data-id=\"054709f\" data-element_type=\"widget\" data-widget_type=\"text-editor.default\">\n\t\t\t\t<div class=\"elementor-widget-container\">\n\t\t\t<style>\/*! elementor - v3.23.0 - 05-08-2024 *\/\n.elementor-widget-text-editor.elementor-drop-cap-view-stacked .elementor-drop-cap{background-color:#69727d;color:#fff}.elementor-widget-text-editor.elementor-drop-cap-view-framed .elementor-drop-cap{color:#69727d;border:3px solid;background-color:transparent}.elementor-widget-text-editor:not(.elementor-drop-cap-view-default) .elementor-drop-cap{margin-top:8px}.elementor-widget-text-editor:not(.elementor-drop-cap-view-default) .elementor-drop-cap-letter{width:1em;height:1em}.elementor-widget-text-editor .elementor-drop-cap{float:left;text-align:center;line-height:1;font-size:50px}.elementor-widget-text-editor .elementor-drop-cap-letter{display:inline-block}<\/style>\t\t\t\t<p>El equipo de JSW ha trabajado constantemente para mejorar la calidad y explorar nuevos productos para servir mejor a los clientes. Bajo nuestra gesti\u00f3n cient\u00edfica y estricta, JSW siempre entrega a tiempo y honra el contrato, JSW ha disfrutado de una buena reputaci\u00f3n tanto a nivel nacional como internacional. En la actualidad, hemos pasado la ISO9001, ISO14001, ISO45001, ISO5001, CE y otras certificaciones. JSW da la bienvenida a la cooperaci\u00f3n en todo el mundo. Mientras tanto, nuestro equipo siempre ofrecer\u00e1 un servicio profesional a cada cliente.<\/p>\t\t\t\t\t\t<\/div>\n\t\t\t\t<\/div>\n\t\t\t\t<div class=\"elementor-element elementor-element-f14e9ba elementor-widget elementor-widget-button\" data-id=\"f14e9ba\" data-element_type=\"widget\" data-widget_type=\"button.default\">\n\t\t\t\t<div class=\"elementor-widget-container\">\n\t\t\t\t\t<div class=\"elementor-button-wrapper\">\n\t\t\t<a class=\"elementor-button elementor-button-link elementor-size-sm\" href=\"http:\/\/www.waltec.com.cn\/es\/about-us\/\">\n\t\t\t\t\t\t<span class=\"elementor-button-content-wrapper\">\n\t\t\t\t\t\t\t\t\t<span class=\"elementor-button-text\">M\u00e1s<\/span>\n\t\t\t\t\t<\/span>\n\t\t\t\t\t<\/a>\n\t\t<\/div>\n\t\t\t\t<\/div>\n\t\t\t\t<\/div>\n\t\t\t\t<\/div>\n\t\t<div class=\"elementor-element elementor-element-e41d0d6 e-con-full e-flex e-con e-child\" data-id=\"e41d0d6\" data-element_type=\"container\">\n\t\t\t\t<div class=\"elementor-element elementor-element-58d4b63 elementor-widget elementor-widget-image\" data-id=\"58d4b63\" data-element_type=\"widget\" data-widget_type=\"image.default\">\n\t\t\t\t<div class=\"elementor-widget-container\">\n\t\t\t<style>\/*! elementor - v3.23.0 - 05-08-2024 *\/\n.elementor-widget-image{text-align:center}.elementor-widget-image a{display:inline-block}.elementor-widget-image a img[src$=\".svg\"]{width:48px}.elementor-widget-image img{vertical-align:middle;display:inline-block}<\/style>\t\t\t\t\t\t\t\t\t\t<img fetchpriority=\"high\" decoding=\"async\" width=\"500\" height=\"299\" src=\"http:\/\/www.waltec.com.cn\/wp-content\/uploads\/2024\/08\/Abouts.webp\" class=\"attachment-large size-large wp-image-1659\" alt=\"\" \/>\t\t\t\t\t\t\t\t\t\t\t\t\t<\/div>\n\t\t\t\t<\/div>\n\t\t\t\t<\/div>\n\t\t\t\t\t<\/div>\n\t\t\t\t<\/div>\n\t\t<div class=\"elementor-element elementor-element-4e64dcc e-flex e-con-boxed e-con e-parent\" data-id=\"4e64dcc\" data-element_type=\"container\" data-settings=\"{&quot;background_background&quot;:&quot;classic&quot;}\">\n\t\t\t\t\t<div class=\"e-con-inner\">\n\t\t\t\t<div class=\"elementor-element elementor-element-b2d1e47 elementor-widget elementor-widget-heading\" data-id=\"b2d1e47\" data-element_type=\"widget\" data-widget_type=\"heading.default\">\n\t\t\t\t<div class=\"elementor-widget-container\">\n\t\t\t<h2 class=\"elementor-heading-title elementor-size-default\">Centro de productos<\/h2>\t\t<\/div>\n\t\t\t\t<\/div>\n\t\t\t\t\t<\/div>\n\t\t\t\t<\/div>\n\t\t<div class=\"elementor-element elementor-element-b9854e5 e-flex e-con-boxed e-con e-parent\" data-id=\"b9854e5\" data-element_type=\"container\" data-settings=\"{&quot;background_background&quot;:&quot;gradient&quot;}\">\n\t\t\t\t\t<div class=\"e-con-inner\">\n\t\t<div class=\"elementor-element elementor-element-d073446 e-con-full e-flex e-con e-child\" data-id=\"d073446\" data-element_type=\"container\">\n\t\t\t\t<div class=\"elementor-element elementor-element-34b8b7d elementor-widget elementor-widget-image\" data-id=\"34b8b7d\" data-element_type=\"widget\" data-widget_type=\"image.default\">\n\t\t\t\t<div class=\"elementor-widget-container\">\n\t\t\t\t\t\t\t\t\t\t<figure class=\"wp-caption\">\n\t\t\t\t\t\t\t\t\t\t\t<a href=\"http:\/\/www.waltec.com.cn\/es\/categoria-producto\/testing-machines\/\">\n\t\t\t\t\t\t\t<img decoding=\"async\" width=\"800\" height=\"726\" src=\"http:\/\/www.waltec.com.cn\/wp-content\/uploads\/2024\/08\/DF51-Torsion-Testing-Machine.webp\" class=\"attachment-large size-large wp-image-1652\" alt=\"\" srcset=\"http:\/\/www.waltec.com.cn\/wp-content\/uploads\/2024\/08\/DF51-Torsion-Testing-Machine.webp 800w, http:\/\/www.waltec.com.cn\/wp-content\/uploads\/2024\/08\/DF51-Torsion-Testing-Machine-600x545.webp 600w\" sizes=\"(max-width: 800px) 100vw, 800px\" \/>\t\t\t\t\t\t\t\t<\/a>\n\t\t\t\t\t\t\t\t\t\t\t<figcaption class=\"widget-image-caption wp-caption-text\">M\u00e1quina de prueba<\/figcaption>\n\t\t\t\t\t\t\t\t\t\t<\/figure>\n\t\t\t\t\t\t\t<\/div>\n\t\t\t\t<\/div>\n\t\t\t\t<\/div>\n\t\t<div class=\"elementor-element elementor-element-4636185 e-con-full e-flex e-con e-child\" data-id=\"4636185\" data-element_type=\"container\">\n\t\t\t\t<div class=\"elementor-element elementor-element-c87aad4 elementor-widget elementor-widget-image\" data-id=\"c87aad4\" data-element_type=\"widget\" data-widget_type=\"image.default\">\n\t\t\t\t<div class=\"elementor-widget-container\">\n\t\t\t\t\t\t\t\t\t\t<figure class=\"wp-caption\">\n\t\t\t\t\t\t\t\t\t\t\t<a href=\"http:\/\/www.waltec.com.cn\/es\/categoria-producto\/spectrophotometer\/\">\n\t\t\t\t\t\t\t<img decoding=\"async\" width=\"1024\" height=\"930\" src=\"http:\/\/www.waltec.com.cn\/wp-content\/uploads\/2024\/08\/GGX-610-scaled.jpg\" class=\"attachment-large size-large wp-image-1645\" alt=\"\" srcset=\"http:\/\/www.waltec.com.cn\/wp-content\/uploads\/2024\/08\/GGX-610-scaled.jpg 2560w, http:\/\/www.waltec.com.cn\/wp-content\/uploads\/2024\/08\/GGX-610-scaled-600x545.jpg 600w\" sizes=\"(max-width: 1024px) 100vw, 1024px\" \/>\t\t\t\t\t\t\t\t<\/a>\n\t\t\t\t\t\t\t\t\t\t\t<figcaption class=\"widget-image-caption wp-caption-text\">espectrofot\u00f3metro <\/figcaption>\n\t\t\t\t\t\t\t\t\t\t<\/figure>\n\t\t\t\t\t\t\t<\/div>\n\t\t\t\t<\/div>\n\t\t\t\t<\/div>\n\t\t<div class=\"elementor-element elementor-element-5813fd9 e-con-full e-flex e-con e-child\" data-id=\"5813fd9\" data-element_type=\"container\">\n\t\t\t\t<div class=\"elementor-element elementor-element-89d98eb elementor-widget elementor-widget-image\" data-id=\"89d98eb\" data-element_type=\"widget\" data-widget_type=\"image.default\">\n\t\t\t\t<div class=\"elementor-widget-container\">\n\t\t\t\t\t\t\t\t\t\t<figure class=\"wp-caption\">\n\t\t\t\t\t\t\t\t\t\t\t<a href=\"http:\/\/www.waltec.com.cn\/es\/grip\/\">\n\t\t\t\t\t\t\t<img loading=\"lazy\" decoding=\"async\" width=\"800\" height=\"726\" src=\"http:\/\/www.waltec.com.cn\/wp-content\/uploads\/2024\/08\/Four-Point-Bending-Fixture.webp\" class=\"attachment-large size-large wp-image-1653\" alt=\"\" srcset=\"http:\/\/www.waltec.com.cn\/wp-content\/uploads\/2024\/08\/Four-Point-Bending-Fixture.webp 800w, http:\/\/www.waltec.com.cn\/wp-content\/uploads\/2024\/08\/Four-Point-Bending-Fixture-600x545.webp 600w\" sizes=\"(max-width: 800px) 100vw, 800px\" \/>\t\t\t\t\t\t\t\t<\/a>\n\t\t\t\t\t\t\t\t\t\t\t<figcaption class=\"widget-image-caption wp-caption-text\">Agarre<\/figcaption>\n\t\t\t\t\t\t\t\t\t\t<\/figure>\n\t\t\t\t\t\t\t<\/div>\n\t\t\t\t<\/div>\n\t\t\t\t<\/div>\n\t\t<div class=\"elementor-element elementor-element-40e2e8b e-con-full e-flex e-con e-child\" data-id=\"40e2e8b\" data-element_type=\"container\">\n\t\t\t\t<div class=\"elementor-element elementor-element-ac7c133 elementor-widget elementor-widget-image\" data-id=\"ac7c133\" data-element_type=\"widget\" data-widget_type=\"image.default\">\n\t\t\t\t<div class=\"elementor-widget-container\">\n\t\t\t\t\t\t\t\t\t\t<figure class=\"wp-caption\">\n\t\t\t\t\t\t\t\t\t\t\t<a href=\"http:\/\/www.waltec.com.cn\/es\/categoria-producto\/analyzer\/\">\n\t\t\t\t\t\t\t<img loading=\"lazy\" decoding=\"async\" width=\"800\" height=\"726\" src=\"http:\/\/www.waltec.com.cn\/wp-content\/uploads\/2024\/08\/Ammonia-Nitrogen-Rapid-Tester.webp\" class=\"attachment-large size-large wp-image-1651\" alt=\"\" srcset=\"http:\/\/www.waltec.com.cn\/wp-content\/uploads\/2024\/08\/Ammonia-Nitrogen-Rapid-Tester.webp 800w, http:\/\/www.waltec.com.cn\/wp-content\/uploads\/2024\/08\/Ammonia-Nitrogen-Rapid-Tester-600x545.webp 600w\" sizes=\"(max-width: 800px) 100vw, 800px\" \/>\t\t\t\t\t\t\t\t<\/a>\n\t\t\t\t\t\t\t\t\t\t\t<figcaption class=\"widget-image-caption wp-caption-text\">Analizador<\/figcaption>\n\t\t\t\t\t\t\t\t\t\t<\/figure>\n\t\t\t\t\t\t\t<\/div>\n\t\t\t\t<\/div>\n\t\t\t\t<\/div>\n\t\t<div class=\"elementor-element elementor-element-7105fed e-con-full e-flex e-con e-child\" data-id=\"7105fed\" data-element_type=\"container\">\n\t\t\t\t<div class=\"elementor-element elementor-element-ef4d9b3 elementor-widget elementor-widget-image\" data-id=\"ef4d9b3\" data-element_type=\"widget\" data-widget_type=\"image.default\">\n\t\t\t\t<div class=\"elementor-widget-container\">\n\t\t\t\t\t\t\t\t\t\t<figure class=\"wp-caption\">\n\t\t\t\t\t\t\t\t\t\t\t<a href=\"http:\/\/www.waltec.com.cn\/es\/categoria-producto\/hardness-tester\/\">\n\t\t\t\t\t\t\t<img loading=\"lazy\" decoding=\"async\" width=\"800\" height=\"726\" src=\"http:\/\/www.waltec.com.cn\/wp-content\/uploads\/2024\/08\/200HV-5\u5c0f\u8d1f\u8377\u7ef4\u6c0f\u8ba1.webp\" class=\"attachment-large size-large wp-image-1650\" alt=\"\" srcset=\"http:\/\/www.waltec.com.cn\/wp-content\/uploads\/2024\/08\/200HV-5\u5c0f\u8d1f\u8377\u7ef4\u6c0f\u8ba1.webp 800w, http:\/\/www.waltec.com.cn\/wp-content\/uploads\/2024\/08\/200HV-5\u5c0f\u8d1f\u8377\u7ef4\u6c0f\u8ba1-600x545.webp 600w\" sizes=\"(max-width: 800px) 100vw, 800px\" \/>\t\t\t\t\t\t\t\t<\/a>\n\t\t\t\t\t\t\t\t\t\t\t<figcaption class=\"widget-image-caption wp-caption-text\">Probador de dureza<\/figcaption>\n\t\t\t\t\t\t\t\t\t\t<\/figure>\n\t\t\t\t\t\t\t<\/div>\n\t\t\t\t<\/div>\n\t\t\t\t<\/div>\n\t\t<div class=\"elementor-element elementor-element-5821f4d e-con-full e-flex e-con e-child\" data-id=\"5821f4d\" data-element_type=\"container\">\n\t\t\t\t<div class=\"elementor-element elementor-element-d196608 elementor-widget elementor-widget-image\" data-id=\"d196608\" data-element_type=\"widget\" data-widget_type=\"image.default\">\n\t\t\t\t<div class=\"elementor-widget-container\">\n\t\t\t\t\t\t\t\t\t\t<figure class=\"wp-caption\">\n\t\t\t\t\t\t\t\t\t\t\t<a href=\"http:\/\/www.waltec.com.cn\/es\/categoria-producto\/metallography\/\">\n\t\t\t\t\t\t\t<img loading=\"lazy\" decoding=\"async\" width=\"460\" height=\"416\" src=\"http:\/\/www.waltec.com.cn\/wp-content\/uploads\/2024\/12\/a9bafd4a719f.webp\" class=\"attachment-large size-large wp-image-1969\" alt=\"\" \/>\t\t\t\t\t\t\t\t<\/a>\n\t\t\t\t\t\t\t\t\t\t\t<figcaption class=\"widget-image-caption wp-caption-text\">Metalograf\u00eda<\/figcaption>\n\t\t\t\t\t\t\t\t\t\t<\/figure>\n\t\t\t\t\t\t\t<\/div>\n\t\t\t\t<\/div>\n\t\t\t\t<\/div>\n\t\t\t\t\t<\/div>\n\t\t\t\t<\/div>\n\t\t\t\t<\/div>","protected":false},"excerpt":{"rendered":"<p>About us JSW\u00a0team has worked\u00a0with constantly efforts to improve the quality and explore new products to serve the customers better. Under our\u00a0scientific and strict management, JSW\u00a0always delivers\u00a0on time and honors\u00a0the contract, JSW\u00a0has enjoyed a good reputation both home and abroad. At present, we have passed ISO9001, ISO14001, ISO45001, ISO5001, CE and other certification. JSW welcomes [&hellip;]<\/p>","protected":false},"author":1,"featured_media":0,"parent":0,"menu_order":0,"comment_status":"closed","ping_status":"closed","template":"","meta":{"_uag_custom_page_level_css":"","site-sidebar-layout":"no-sidebar","site-content-layout":"page-builder","ast-site-content-layout":"full-width-container","site-content-style":"default","site-sidebar-style":"default","ast-global-header-display":"","ast-banner-title-visibility":"","ast-main-header-display":"","ast-hfb-above-header-display":"","ast-hfb-below-header-display":"","ast-hfb-mobile-header-display":"","site-post-title":"disabled","ast-breadcrumbs-content":"","ast-featured-img":"disabled","footer-sml-layout":"","theme-transparent-header-meta":"","adv-header-id-meta":"","stick-header-meta":"","header-above-stick-meta":"","header-main-stick-meta":"","header-below-stick-meta":"","astra-migrate-meta-layouts":"set","ast-page-background-enabled":"default","ast-page-background-meta":{"desktop":{"background-color":"var(--ast-global-color-4)","background-image":"","background-repeat":"repeat","background-position":"center center","background-size":"auto","background-attachment":"scroll","background-type":"","background-media":"","overlay-type":"","overlay-color":"","overlay-opacity":"","overlay-gradient":""},"tablet":{"background-color":"","background-image":"","background-repeat":"repeat","background-position":"center center","background-size":"auto","background-attachment":"scroll","background-type":"","background-media":"","overlay-type":"","overlay-color":"","overlay-opacity":"","overlay-gradient":""},"mobile":{"background-color":"","background-image":"","background-repeat":"repeat","background-position":"center center","background-size":"auto","background-attachment":"scroll","background-type":"","background-media":"","overlay-type":"","overlay-color":"","overlay-opacity":"","overlay-gradient":""}},"ast-content-background-meta":{"desktop":{"background-color":"var(--ast-global-color-5)","background-image":"","background-repeat":"repeat","background-position":"center center","background-size":"auto","background-attachment":"scroll","background-type":"","background-media":"","overlay-type":"","overlay-color":"","overlay-opacity":"","overlay-gradient":""},"tablet":{"background-color":"var(--ast-global-color-5)","background-image":"","background-repeat":"repeat","background-position":"center center","background-size":"auto","background-attachment":"scroll","background-type":"","background-media":"","overlay-type":"","overlay-color":"","overlay-opacity":"","overlay-gradient":""},"mobile":{"background-color":"var(--ast-global-color-5)","background-image":"","background-repeat":"repeat","background-position":"center center","background-size":"auto","background-attachment":"scroll","background-type":"","background-media":"","overlay-type":"","overlay-color":"","overlay-opacity":"","overlay-gradient":""}},"footnotes":""},"class_list":["post-1613","page","type-page","status-publish","hentry"],"yoast_head":"<!-- This site is optimized with the Yoast SEO Premium plugin v22.5 (Yoast SEO v24.3) - https:\/\/yoast.com\/wordpress\/plugins\/seo\/ -->\r\n<title>Home - Jswaltec Testing machine<\/title>\r\n<meta name=\"robots\" content=\"index, follow, max-snippet:-1, max-image-preview:large, max-video-preview:-1\" \/>\r\n<link rel=\"canonical\" href=\"http:\/\/www.waltec.com.cn\/es\/\" \/>\r\n<meta property=\"og:locale\" content=\"es_ES\" \/>\r\n<meta property=\"og:type\" content=\"article\" \/>\r\n<meta property=\"og:title\" content=\"Home\" \/>\r\n<meta property=\"og:description\" content=\"About us JSW\u00a0team has worked\u00a0with constantly efforts to improve the quality and explore new products to serve the customers better. Under our\u00a0scientific and strict management, JSW\u00a0always delivers\u00a0on time and honors\u00a0the contract, JSW\u00a0has enjoyed a good reputation both home and abroad. At present, we have passed ISO9001, ISO14001, ISO45001, ISO5001, CE and other certification. JSW welcomes [&hellip;]\" \/>\r\n<meta property=\"og:url\" content=\"http:\/\/www.waltec.com.cn\/es\/\" \/>\r\n<meta property=\"og:site_name\" content=\"Jswaltec Testing machine\" \/>\r\n<meta property=\"article:modified_time\" content=\"2025-01-22T03:58:25+00:00\" \/>\r\n<meta property=\"og:image\" content=\"http:\/\/www.waltec.com.cn\/wp-content\/uploads\/2024\/08\/Abouts.webp\" \/>\r\n<meta name=\"twitter:card\" content=\"summary_large_image\" \/>\r\n<meta name=\"twitter:label1\" content=\"Tiempo de lectura\" \/>\n\t<meta name=\"twitter:data1\" content=\"2 minutos\" \/>\r\n<script type=\"application\/ld+json\" class=\"yoast-schema-graph\">{\"@context\":\"https:\/\/schema.org\",\"@graph\":[{\"@type\":\"WebPage\",\"@id\":\"http:\/\/www.waltec.com.cn\/\",\"url\":\"http:\/\/www.waltec.com.cn\/\",\"name\":\"Home - Jswaltec Testing machine\",\"isPartOf\":{\"@id\":\"http:\/\/www.waltec.com.cn\/#website\"},\"primaryImageOfPage\":{\"@id\":\"http:\/\/www.waltec.com.cn\/#primaryimage\"},\"image\":{\"@id\":\"http:\/\/www.waltec.com.cn\/#primaryimage\"},\"thumbnailUrl\":\"http:\/\/www.waltec.com.cn\/wp-content\/uploads\/2024\/08\/Abouts.webp\",\"datePublished\":\"2024-08-29T00:51:32+00:00\",\"dateModified\":\"2025-01-22T03:58:25+00:00\",\"breadcrumb\":{\"@id\":\"http:\/\/www.waltec.com.cn\/#breadcrumb\"},\"inLanguage\":\"es\",\"potentialAction\":[{\"@type\":\"ReadAction\",\"target\":[\"http:\/\/www.waltec.com.cn\/\"]}]},{\"@type\":\"ImageObject\",\"inLanguage\":\"es\",\"@id\":\"http:\/\/www.waltec.com.cn\/#primaryimage\",\"url\":\"http:\/\/www.waltec.com.cn\/wp-content\/uploads\/2024\/08\/Abouts.webp\",\"contentUrl\":\"http:\/\/www.waltec.com.cn\/wp-content\/uploads\/2024\/08\/Abouts.webp\"},{\"@type\":\"BreadcrumbList\",\"@id\":\"http:\/\/www.waltec.com.cn\/#breadcrumb\",\"itemListElement\":[{\"@type\":\"ListItem\",\"position\":1,\"name\":\"Home\",\"item\":\"http:\/\/www.waltec.com.cn\/\"},{\"@type\":\"ListItem\",\"position\":2,\"name\":\"Home\"}]},{\"@type\":\"WebSite\",\"@id\":\"http:\/\/www.waltec.com.cn\/#website\",\"url\":\"http:\/\/www.waltec.com.cn\/\",\"name\":\"Jswaltec Testing machine\",\"description\":\"\",\"publisher\":{\"@id\":\"http:\/\/www.waltec.com.cn\/#organization\"},\"potentialAction\":[{\"@type\":\"SearchAction\",\"target\":{\"@type\":\"EntryPoint\",\"urlTemplate\":\"http:\/\/www.waltec.com.cn\/?s={search_term_string}\"},\"query-input\":{\"@type\":\"PropertyValueSpecification\",\"valueRequired\":true,\"valueName\":\"search_term_string\"}}],\"inLanguage\":\"es\"},{\"@type\":\"Organization\",\"@id\":\"http:\/\/www.waltec.com.cn\/#organization\",\"name\":\"JIANGSU WALLONG-HSIN MACHINERY ENGINEERING CORPORATION LTD.\",\"url\":\"http:\/\/www.waltec.com.cn\/\",\"logo\":{\"@type\":\"ImageObject\",\"inLanguage\":\"es\",\"@id\":\"http:\/\/www.waltec.com.cn\/#\/schema\/logo\/image\/\",\"url\":\"http:\/\/www.waltec.com.cn\/wp-content\/uploads\/2024\/08\/01.jpg\",\"contentUrl\":\"http:\/\/www.waltec.com.cn\/wp-content\/uploads\/2024\/08\/01.jpg\",\"width\":1217,\"height\":221,\"caption\":\"JIANGSU WALLONG-HSIN MACHINERY ENGINEERING CORPORATION LTD.\"},\"image\":{\"@id\":\"http:\/\/www.waltec.com.cn\/#\/schema\/logo\/image\/\"}}]}<\/script>\r\n<!-- \/ Yoast SEO Premium plugin. -->","yoast_head_json":{"title":"Home - Jswaltec Testing machine","robots":{"index":"index","follow":"follow","max-snippet":"max-snippet:-1","max-image-preview":"max-image-preview:large","max-video-preview":"max-video-preview:-1"},"canonical":"http:\/\/www.waltec.com.cn\/es\/","og_locale":"es_ES","og_type":"article","og_title":"Home","og_description":"About us JSW\u00a0team has worked\u00a0with constantly efforts to improve the quality and explore new products to serve the customers better. Under our\u00a0scientific and strict management, JSW\u00a0always delivers\u00a0on time and honors\u00a0the contract, JSW\u00a0has enjoyed a good reputation both home and abroad. At present, we have passed ISO9001, ISO14001, ISO45001, ISO5001, CE and other certification. JSW welcomes [&hellip;]","og_url":"http:\/\/www.waltec.com.cn\/es\/","og_site_name":"Jswaltec Testing machine","article_modified_time":"2025-01-22T03:58:25+00:00","og_image":[{"url":"http:\/\/www.waltec.com.cn\/wp-content\/uploads\/2024\/08\/Abouts.webp","type":"","width":"","height":""}],"twitter_card":"summary_large_image","twitter_misc":{"Tiempo de lectura":"2 minutos"},"schema":{"@context":"https:\/\/schema.org","@graph":[{"@type":"WebPage","@id":"http:\/\/www.waltec.com.cn\/","url":"http:\/\/www.waltec.com.cn\/","name":"Home - Jswaltec Testing machine","isPartOf":{"@id":"http:\/\/www.waltec.com.cn\/#website"},"primaryImageOfPage":{"@id":"http:\/\/www.waltec.com.cn\/#primaryimage"},"image":{"@id":"http:\/\/www.waltec.com.cn\/#primaryimage"},"thumbnailUrl":"http:\/\/www.waltec.com.cn\/wp-content\/uploads\/2024\/08\/Abouts.webp","datePublished":"2024-08-29T00:51:32+00:00","dateModified":"2025-01-22T03:58:25+00:00","breadcrumb":{"@id":"http:\/\/www.waltec.com.cn\/#breadcrumb"},"inLanguage":"es","potentialAction":[{"@type":"ReadAction","target":["http:\/\/www.waltec.com.cn\/"]}]},{"@type":"ImageObject","inLanguage":"es","@id":"http:\/\/www.waltec.com.cn\/#primaryimage","url":"http:\/\/www.waltec.com.cn\/wp-content\/uploads\/2024\/08\/Abouts.webp","contentUrl":"http:\/\/www.waltec.com.cn\/wp-content\/uploads\/2024\/08\/Abouts.webp"},{"@type":"BreadcrumbList","@id":"http:\/\/www.waltec.com.cn\/#breadcrumb","itemListElement":[{"@type":"ListItem","position":1,"name":"Home","item":"http:\/\/www.waltec.com.cn\/"},{"@type":"ListItem","position":2,"name":"Home"}]},{"@type":"WebSite","@id":"http:\/\/www.waltec.com.cn\/#website","url":"http:\/\/www.waltec.com.cn\/","name":"Jswaltec Testing machine","description":"","publisher":{"@id":"http:\/\/www.waltec.com.cn\/#organization"},"potentialAction":[{"@type":"SearchAction","target":{"@type":"EntryPoint","urlTemplate":"http:\/\/www.waltec.com.cn\/?s={search_term_string}"},"query-input":{"@type":"PropertyValueSpecification","valueRequired":true,"valueName":"search_term_string"}}],"inLanguage":"es"},{"@type":"Organization","@id":"http:\/\/www.waltec.com.cn\/#organization","name":"JIANGSU WALLONG-HSIN MACHINERY ENGINEERING CORPORATION LTD.","url":"http:\/\/www.waltec.com.cn\/","logo":{"@type":"ImageObject","inLanguage":"es","@id":"http:\/\/www.waltec.com.cn\/#\/schema\/logo\/image\/","url":"http:\/\/www.waltec.com.cn\/wp-content\/uploads\/2024\/08\/01.jpg","contentUrl":"http:\/\/www.waltec.com.cn\/wp-content\/uploads\/2024\/08\/01.jpg","width":1217,"height":221,"caption":"JIANGSU WALLONG-HSIN MACHINERY ENGINEERING CORPORATION LTD."},"image":{"@id":"http:\/\/www.waltec.com.cn\/#\/schema\/logo\/image\/"}}]}},"uagb_featured_image_src":{"full":false,"thumbnail":false,"medium":false,"medium_large":false,"large":false,"1536x1536":false,"2048x2048":false,"trp-custom-language-flag":false,"woocommerce_thumbnail":false,"woocommerce_single":false,"woocommerce_gallery_thumbnail":false},"uagb_author_info":{"display_name":"Jswaltec","author_link":"http:\/\/www.waltec.com.cn\/es\/author\/jswaltec\/"},"uagb_comment_info":0,"uagb_excerpt":"About us JSW\u00a0team has worked\u00a0with constantly efforts to improve the quality and explore new products to serve the customers better. Under our\u00a0scientific and strict management, JSW\u00a0always delivers\u00a0on time and honors\u00a0the contract, JSW\u00a0has enjoyed a good reputation both home and abroad. At present, we have passed ISO9001, ISO14001, ISO45001, ISO5001, CE and other certification. JSW welcomes&hellip;","_links":{"self":[{"href":"http:\/\/www.waltec.com.cn\/es\/wp-json\/wp\/v2\/pages\/1613","targetHints":{"allow":["GET"]}}],"collection":[{"href":"http:\/\/www.waltec.com.cn\/es\/wp-json\/wp\/v2\/pages"}],"about":[{"href":"http:\/\/www.waltec.com.cn\/es\/wp-json\/wp\/v2\/types\/page"}],"author":[{"embeddable":true,"href":"http:\/\/www.waltec.com.cn\/es\/wp-json\/wp\/v2\/users\/1"}],"replies":[{"embeddable":true,"href":"http:\/\/www.waltec.com.cn\/es\/wp-json\/wp\/v2\/comments?post=1613"}],"version-history":[{"count":52,"href":"http:\/\/www.waltec.com.cn\/es\/wp-json\/wp\/v2\/pages\/1613\/revisions"}],"predecessor-version":[{"id":2166,"href":"http:\/\/www.waltec.com.cn\/es\/wp-json\/wp\/v2\/pages\/1613\/revisions\/2166"}],"wp:attachment":[{"href":"http:\/\/www.waltec.com.cn\/es\/wp-json\/wp\/v2\/media?parent=1613"}],"curies":[{"name":"wp","href":"https:\/\/api.w.org\/{rel}","templated":true}]}}