{"id":1737,"date":"2024-08-30T16:34:05","date_gmt":"2024-08-30T08:34:05","guid":{"rendered":"http:\/\/www.waltec.com.cn\/?post_type=product&#038;p=1737"},"modified":"2025-01-22T16:36:55","modified_gmt":"2025-01-22T08:36:55","slug":"bod-analyzer","status":"publish","type":"product","link":"http:\/\/www.waltec.com.cn\/es\/producto\/bod-analyzer\/","title":{"rendered":"Analizador de DBO"},"content":{"rendered":"<p>El analizador de DBO B1150 est\u00e1 dise\u00f1ado de acuerdo con el est\u00e1ndar nacional HJ505-2009, utilizando el m\u00e9todo de cultivo de 5 d\u00edas, el proceso de biodegradaci\u00f3n de materia org\u00e1nica en el entorno natural simulado, en una botella de cultivo sellada, en el aire sobre la botella de cultivo, el ox\u00edgeno repone continuamente el ox\u00edgeno disuelto consumido por la descomposici\u00f3n de materia org\u00e1nica en la muestra.<\/p>\n<p><strong><b>Caracter\u00edsticas del instrumento:<\/b><\/strong><\/p>\n<ol>\n<li>Se pueden medir seis muestras simult\u00e1neamente.<\/li>\n<li>Se pueden agregar seis terminales de prueba independientes a nuevos grupos de medici\u00f3n en cualquier momento durante el proceso de prueba.<\/li>\n<li>Lea directamente el valor de concentraci\u00f3n de DBO sin necesidad de realizar c\u00e1lculos.<\/li>\n<li>Se puede seleccionar el rango de medici\u00f3n y no se requiere diluci\u00f3n cuando la concentraci\u00f3n de la muestra de agua es inferior a 4000 g\/L.<\/li>\n<li>El instrumento de medici\u00f3n registra autom\u00e1ticamente los datos de medici\u00f3n, con 60 puntos de muestreo disponibles para cada ciclo de prueba.<\/li>\n<\/ol>\n<table>\n<tbody>\n<tr>\n<td colspan=\"2\" width=\"560\"><strong><b>Par\u00e1metros t\u00e9cnicos<\/b><\/strong><\/td>\n<\/tr>\n<tr>\n<td width=\"290\"><strong><b>Rango de medici\u00f3n:<\/b><\/strong>\u00a00-4000 mg\/L; no es necesario diluir. Si se requiere diluci\u00f3n, el rango se puede ampliar a\u00fan m\u00e1s<\/td>\n<td width=\"269\"><strong><b>Volumen de la botella de cultivo: <\/b><\/strong>580ml<\/td>\n<\/tr>\n<tr>\n<td width=\"290\"><strong><b>Precisi\u00f3n de medici\u00f3n:<\/b><\/strong>\u00a05%<\/td>\n<td width=\"269\"><strong><b>Temperatura de cultivo:<\/b><\/strong>\u00a020 \u00b1 1 \u2103<\/td>\n<\/tr>\n<tr>\n<td width=\"290\"><strong><b>D\u00edas de medici\u00f3n: <\/b><\/strong>1-30 days<\/td>\n<td width=\"269\"><strong><b>Fuente de alimentaci\u00f3n de trabajo:<\/b><\/strong>\u00a0AC power supply 110-220V, 50\/60Hz<\/td>\n<\/tr>\n<tr>\n<td width=\"290\"><strong><b>Cantidad de medida:<\/b><\/strong>\u00a0\u2264 6<\/td>\n<td width=\"269\"><strong><b>Temperatura de digesti\u00f3n:<\/b><\/strong>\u00a0165\u2103, 20 minutes<\/td>\n<\/tr>\n<tr>\n<td width=\"290\"><strong><b>Intervalo de grabaci\u00f3n: <\/b><\/strong>6 min-3 h\/time<\/td>\n<td width=\"269\"><strong><b>Peso del instrumento: <\/b><\/strong>about 2.8kg<\/td>\n<\/tr>\n<\/tbody>\n<\/table>\n<p>&nbsp;<\/p>","protected":false},"excerpt":{"rendered":"<p>The B1150 BOD analyzer is designed according to the national standard HJ505-2009, using the 5-day cultivation method,the biodegradation process of organic matter in the simulated natural environment, in a sealed culture bottle, in the air above the culture bottle,Oxygen continuously replenishes the dissolved oxygen consumed by organic matter decomposition in the sample. Instrument features: Six [&hellip;]<\/p>","protected":false},"featured_media":1836,"template":"","meta":{"_uag_custom_page_level_css":"","site-sidebar-layout":"default","site-content-layout":"","ast-site-content-layout":"default","site-content-style":"default","site-sidebar-style":"default","ast-global-header-display":"","ast-banner-title-visibility":"","ast-main-header-display":"","ast-hfb-above-header-display":"","ast-hfb-below-header-display":"","ast-hfb-mobile-header-display":"","site-post-title":"","ast-breadcrumbs-content":"","ast-featured-img":"","footer-sml-layout":"","theme-transparent-header-meta":"default","adv-header-id-meta":"","stick-header-meta":"","header-above-stick-meta":"","header-main-stick-meta":"","header-below-stick-meta":"","astra-migrate-meta-layouts":"set","ast-page-background-enabled":"default","ast-page-background-meta":{"desktop":{"background-color":"var(--ast-global-color-4)","background-image":"","background-repeat":"repeat","background-position":"center center","background-size":"auto","background-attachment":"scroll","background-type":"","background-media":"","overlay-type":"","overlay-color":"","overlay-opacity":"","overlay-gradient":""},"tablet":{"background-color":"","background-image":"","background-repeat":"repeat","background-position":"center center","background-size":"auto","background-attachment":"scroll","background-type":"","background-media":"","overlay-type":"","overlay-color":"","overlay-opacity":"","overlay-gradient":""},"mobile":{"background-color":"","background-image":"","background-repeat":"repeat","background-position":"center center","background-size":"auto","background-attachment":"scroll","background-type":"","background-media":"","overlay-type":"","overlay-color":"","overlay-opacity":"","overlay-gradient":""}},"ast-content-background-meta":{"desktop":{"background-color":"var(--ast-global-color-5)","background-image":"","background-repeat":"repeat","background-position":"center center","background-size":"auto","background-attachment":"scroll","background-type":"","background-media":"","overlay-type":"","overlay-color":"","overlay-opacity":"","overlay-gradient":""},"tablet":{"background-color":"var(--ast-global-color-5)","background-image":"","background-repeat":"repeat","background-position":"center center","background-size":"auto","background-attachment":"scroll","background-type":"","background-media":"","overlay-type":"","overlay-color":"","overlay-opacity":"","overlay-gradient":""},"mobile":{"background-color":"var(--ast-global-color-5)","background-image":"","background-repeat":"repeat","background-position":"center center","background-size":"auto","background-attachment":"scroll","background-type":"","background-media":"","overlay-type":"","overlay-color":"","overlay-opacity":"","overlay-gradient":""}}},"product_cat":[26],"product_tag":[],"class_list":{"0":"post-1737","1":"product","2":"type-product","3":"status-publish","4":"has-post-thumbnail","6":"product_cat-analyzer","7":"desktop-align-left","8":"tablet-align-left","9":"mobile-align-left","11":"first","12":"instock","13":"shipping-taxable","14":"product-type-simple"},"yoast_head":"<!-- This site is optimized with the Yoast SEO Premium plugin v22.5 (Yoast SEO v24.3) - https:\/\/yoast.com\/wordpress\/plugins\/seo\/ -->\r\n<title>BOD Analyzer - Jswaltec Testing machine<\/title>\r\n<meta name=\"description\" content=\"BOD Analyzer - The B1150 BOD analyzer is designed according to the national standard HJ505-2009, using the 5-day cultivation method,the biodegradation process of organic matter in the simulated natural environment, in a sealed culture bottle, in the air above the culture bottle,Oxygen continuously replenishes the dissolved oxygen consumed by organic matter decomposition in the sample.\" \/>\r\n<meta name=\"robots\" content=\"index, follow, max-snippet:-1, max-image-preview:large, max-video-preview:-1\" \/>\r\n<link rel=\"canonical\" href=\"http:\/\/www.waltec.com.cn\/es\/producto\/bod-analyzer\/\" \/>\r\n<meta property=\"og:locale\" content=\"es_ES\" \/>\r\n<meta property=\"og:type\" content=\"article\" \/>\r\n<meta property=\"og:title\" content=\"BOD Analyzer\" \/>\r\n<meta property=\"og:description\" content=\"BOD Analyzer - The B1150 BOD analyzer is designed according to the national standard HJ505-2009, using the 5-day cultivation method,the biodegradation process of organic matter in the simulated natural environment, in a sealed culture bottle, in the air above the culture bottle,Oxygen continuously replenishes the dissolved oxygen consumed by organic matter decomposition in the sample.\" \/>\r\n<meta property=\"og:url\" content=\"http:\/\/www.waltec.com.cn\/es\/producto\/bod-analyzer\/\" \/>\r\n<meta property=\"og:site_name\" content=\"Jswaltec Testing machine\" \/>\r\n<meta property=\"article:modified_time\" content=\"2025-01-22T08:36:55+00:00\" \/>\r\n<meta property=\"og:image\" content=\"http:\/\/www.waltec.com.cn\/wp-content\/uploads\/2024\/09\/BOD-Analyzer.webp\" \/>\r\n\t<meta property=\"og:image:width\" content=\"433\" \/>\r\n\t<meta property=\"og:image:height\" content=\"429\" \/>\r\n\t<meta property=\"og:image:type\" content=\"image\/webp\" \/>\r\n<meta name=\"twitter:card\" content=\"summary_large_image\" \/>\r\n<meta name=\"twitter:label1\" content=\"Tiempo de lectura\" \/>\n\t<meta name=\"twitter:data1\" content=\"2 minutos\" \/>\r\n<script type=\"application\/ld+json\" class=\"yoast-schema-graph\">{\"@context\":\"https:\/\/schema.org\",\"@graph\":[{\"@type\":\"WebPage\",\"@id\":\"http:\/\/www.waltec.com.cn\/product\/bod-analyzer\/\",\"url\":\"http:\/\/www.waltec.com.cn\/product\/bod-analyzer\/\",\"name\":\"BOD Analyzer - Jswaltec Testing machine\",\"isPartOf\":{\"@id\":\"http:\/\/www.waltec.com.cn\/#website\"},\"primaryImageOfPage\":{\"@id\":\"http:\/\/www.waltec.com.cn\/product\/bod-analyzer\/#primaryimage\"},\"image\":{\"@id\":\"http:\/\/www.waltec.com.cn\/product\/bod-analyzer\/#primaryimage\"},\"thumbnailUrl\":\"http:\/\/www.waltec.com.cn\/wp-content\/uploads\/2024\/09\/BOD-Analyzer.webp\",\"datePublished\":\"2024-08-30T08:34:05+00:00\",\"dateModified\":\"2025-01-22T08:36:55+00:00\",\"description\":\"BOD Analyzer - The B1150 BOD analyzer is designed according to the national standard HJ505-2009, using the 5-day cultivation method,the biodegradation process of organic matter in the simulated natural environment, in a sealed culture bottle, in the air above the culture bottle,Oxygen continuously replenishes the dissolved oxygen consumed by organic matter decomposition in the sample.\",\"breadcrumb\":{\"@id\":\"http:\/\/www.waltec.com.cn\/product\/bod-analyzer\/#breadcrumb\"},\"inLanguage\":\"es\",\"potentialAction\":[{\"@type\":\"ReadAction\",\"target\":[\"http:\/\/www.waltec.com.cn\/product\/bod-analyzer\/\"]}]},{\"@type\":\"ImageObject\",\"inLanguage\":\"es\",\"@id\":\"http:\/\/www.waltec.com.cn\/product\/bod-analyzer\/#primaryimage\",\"url\":\"http:\/\/www.waltec.com.cn\/wp-content\/uploads\/2024\/09\/BOD-Analyzer.webp\",\"contentUrl\":\"http:\/\/www.waltec.com.cn\/wp-content\/uploads\/2024\/09\/BOD-Analyzer.webp\",\"width\":433,\"height\":429},{\"@type\":\"BreadcrumbList\",\"@id\":\"http:\/\/www.waltec.com.cn\/product\/bod-analyzer\/#breadcrumb\",\"itemListElement\":[{\"@type\":\"ListItem\",\"position\":1,\"name\":\"Home\",\"item\":\"http:\/\/www.waltec.com.cn\/\"},{\"@type\":\"ListItem\",\"position\":2,\"name\":\"Products\",\"item\":\"http:\/\/www.waltec.com.cn\/shop\/\"},{\"@type\":\"ListItem\",\"position\":3,\"name\":\"BOD Analyzer\"}]},{\"@type\":\"WebSite\",\"@id\":\"http:\/\/www.waltec.com.cn\/#website\",\"url\":\"http:\/\/www.waltec.com.cn\/\",\"name\":\"Jswaltec Testing machine\",\"description\":\"\",\"publisher\":{\"@id\":\"http:\/\/www.waltec.com.cn\/#organization\"},\"potentialAction\":[{\"@type\":\"SearchAction\",\"target\":{\"@type\":\"EntryPoint\",\"urlTemplate\":\"http:\/\/www.waltec.com.cn\/?s={search_term_string}\"},\"query-input\":{\"@type\":\"PropertyValueSpecification\",\"valueRequired\":true,\"valueName\":\"search_term_string\"}}],\"inLanguage\":\"es\"},{\"@type\":\"Organization\",\"@id\":\"http:\/\/www.waltec.com.cn\/#organization\",\"name\":\"JIANGSU WALLONG-HSIN MACHINERY ENGINEERING CORPORATION LTD.\",\"url\":\"http:\/\/www.waltec.com.cn\/\",\"logo\":{\"@type\":\"ImageObject\",\"inLanguage\":\"es\",\"@id\":\"http:\/\/www.waltec.com.cn\/#\/schema\/logo\/image\/\",\"url\":\"http:\/\/www.waltec.com.cn\/wp-content\/uploads\/2024\/08\/01.jpg\",\"contentUrl\":\"http:\/\/www.waltec.com.cn\/wp-content\/uploads\/2024\/08\/01.jpg\",\"width\":1217,\"height\":221,\"caption\":\"JIANGSU WALLONG-HSIN MACHINERY ENGINEERING CORPORATION LTD.\"},\"image\":{\"@id\":\"http:\/\/www.waltec.com.cn\/#\/schema\/logo\/image\/\"}}]}<\/script>\r\n<!-- \/ Yoast SEO Premium plugin. -->","yoast_head_json":{"title":"BOD Analyzer - Jswaltec Testing machine","description":"BOD Analyzer - The B1150 BOD analyzer is designed according to the national standard HJ505-2009, using the 5-day cultivation method,the biodegradation process of organic matter in the simulated natural environment, in a sealed culture bottle, in the air above the culture bottle,Oxygen continuously replenishes the dissolved oxygen consumed by organic matter decomposition in the sample.","robots":{"index":"index","follow":"follow","max-snippet":"max-snippet:-1","max-image-preview":"max-image-preview:large","max-video-preview":"max-video-preview:-1"},"canonical":"http:\/\/www.waltec.com.cn\/es\/producto\/bod-analyzer\/","og_locale":"es_ES","og_type":"article","og_title":"BOD Analyzer","og_description":"BOD Analyzer - The B1150 BOD analyzer is designed according to the national standard HJ505-2009, using the 5-day cultivation method,the biodegradation process of organic matter in the simulated natural environment, in a sealed culture bottle, in the air above the culture bottle,Oxygen continuously replenishes the dissolved oxygen consumed by organic matter decomposition in the sample.","og_url":"http:\/\/www.waltec.com.cn\/es\/producto\/bod-analyzer\/","og_site_name":"Jswaltec Testing machine","article_modified_time":"2025-01-22T08:36:55+00:00","og_image":[{"width":433,"height":429,"url":"http:\/\/www.waltec.com.cn\/wp-content\/uploads\/2024\/09\/BOD-Analyzer.webp","type":"image\/webp"}],"twitter_card":"summary_large_image","twitter_misc":{"Tiempo de lectura":"2 minutos"},"schema":{"@context":"https:\/\/schema.org","@graph":[{"@type":"WebPage","@id":"http:\/\/www.waltec.com.cn\/product\/bod-analyzer\/","url":"http:\/\/www.waltec.com.cn\/product\/bod-analyzer\/","name":"BOD Analyzer - Jswaltec Testing machine","isPartOf":{"@id":"http:\/\/www.waltec.com.cn\/#website"},"primaryImageOfPage":{"@id":"http:\/\/www.waltec.com.cn\/product\/bod-analyzer\/#primaryimage"},"image":{"@id":"http:\/\/www.waltec.com.cn\/product\/bod-analyzer\/#primaryimage"},"thumbnailUrl":"http:\/\/www.waltec.com.cn\/wp-content\/uploads\/2024\/09\/BOD-Analyzer.webp","datePublished":"2024-08-30T08:34:05+00:00","dateModified":"2025-01-22T08:36:55+00:00","description":"BOD Analyzer - The B1150 BOD analyzer is designed according to the national standard HJ505-2009, using the 5-day cultivation method,the biodegradation process of organic matter in the simulated natural environment, in a sealed culture bottle, in the air above the culture bottle,Oxygen continuously replenishes the dissolved oxygen consumed by organic matter decomposition in the sample.","breadcrumb":{"@id":"http:\/\/www.waltec.com.cn\/product\/bod-analyzer\/#breadcrumb"},"inLanguage":"es","potentialAction":[{"@type":"ReadAction","target":["http:\/\/www.waltec.com.cn\/product\/bod-analyzer\/"]}]},{"@type":"ImageObject","inLanguage":"es","@id":"http:\/\/www.waltec.com.cn\/product\/bod-analyzer\/#primaryimage","url":"http:\/\/www.waltec.com.cn\/wp-content\/uploads\/2024\/09\/BOD-Analyzer.webp","contentUrl":"http:\/\/www.waltec.com.cn\/wp-content\/uploads\/2024\/09\/BOD-Analyzer.webp","width":433,"height":429},{"@type":"BreadcrumbList","@id":"http:\/\/www.waltec.com.cn\/product\/bod-analyzer\/#breadcrumb","itemListElement":[{"@type":"ListItem","position":1,"name":"Home","item":"http:\/\/www.waltec.com.cn\/"},{"@type":"ListItem","position":2,"name":"Products","item":"http:\/\/www.waltec.com.cn\/shop\/"},{"@type":"ListItem","position":3,"name":"BOD Analyzer"}]},{"@type":"WebSite","@id":"http:\/\/www.waltec.com.cn\/#website","url":"http:\/\/www.waltec.com.cn\/","name":"Jswaltec Testing machine","description":"","publisher":{"@id":"http:\/\/www.waltec.com.cn\/#organization"},"potentialAction":[{"@type":"SearchAction","target":{"@type":"EntryPoint","urlTemplate":"http:\/\/www.waltec.com.cn\/?s={search_term_string}"},"query-input":{"@type":"PropertyValueSpecification","valueRequired":true,"valueName":"search_term_string"}}],"inLanguage":"es"},{"@type":"Organization","@id":"http:\/\/www.waltec.com.cn\/#organization","name":"JIANGSU WALLONG-HSIN MACHINERY ENGINEERING CORPORATION LTD.","url":"http:\/\/www.waltec.com.cn\/","logo":{"@type":"ImageObject","inLanguage":"es","@id":"http:\/\/www.waltec.com.cn\/#\/schema\/logo\/image\/","url":"http:\/\/www.waltec.com.cn\/wp-content\/uploads\/2024\/08\/01.jpg","contentUrl":"http:\/\/www.waltec.com.cn\/wp-content\/uploads\/2024\/08\/01.jpg","width":1217,"height":221,"caption":"JIANGSU WALLONG-HSIN MACHINERY ENGINEERING CORPORATION LTD."},"image":{"@id":"http:\/\/www.waltec.com.cn\/#\/schema\/logo\/image\/"}}]}},"uagb_featured_image_src":{"full":["http:\/\/www.waltec.com.cn\/wp-content\/uploads\/2024\/09\/BOD-Analyzer.webp",433,429,false],"thumbnail":["http:\/\/www.waltec.com.cn\/wp-content\/uploads\/2024\/09\/BOD-Analyzer.webp",150,150,false],"medium":["http:\/\/www.waltec.com.cn\/wp-content\/uploads\/2024\/09\/BOD-Analyzer.webp",300,297,false],"medium_large":["http:\/\/www.waltec.com.cn\/wp-content\/uploads\/2024\/09\/BOD-Analyzer.webp",433,429,false],"large":["http:\/\/www.waltec.com.cn\/wp-content\/uploads\/2024\/09\/BOD-Analyzer.webp",433,429,false],"1536x1536":["http:\/\/www.waltec.com.cn\/wp-content\/uploads\/2024\/09\/BOD-Analyzer.webp",433,429,false],"2048x2048":["http:\/\/www.waltec.com.cn\/wp-content\/uploads\/2024\/09\/BOD-Analyzer.webp",433,429,false],"trp-custom-language-flag":["http:\/\/www.waltec.com.cn\/wp-content\/uploads\/2024\/09\/BOD-Analyzer.webp",12,12,false],"woocommerce_thumbnail":["http:\/\/www.waltec.com.cn\/wp-content\/uploads\/2024\/09\/BOD-Analyzer-300x300.webp",300,300,true],"woocommerce_single":["http:\/\/www.waltec.com.cn\/wp-content\/uploads\/2024\/09\/BOD-Analyzer.webp",433,429,false],"woocommerce_gallery_thumbnail":["http:\/\/www.waltec.com.cn\/wp-content\/uploads\/2024\/09\/BOD-Analyzer.webp",100,100,false]},"uagb_author_info":{"display_name":"Jswaltec","author_link":"http:\/\/www.waltec.com.cn\/es\/author\/"},"uagb_comment_info":0,"uagb_excerpt":"The B1150 BOD analyzer is designed according to the national standard HJ505-2009, using the 5-day cultivation method,the biodegradation process of organic matter in the simulated natural environment, in a sealed culture bottle, in the air above the culture bottle,Oxygen continuously replenishes the dissolved oxygen consumed by organic matter decomposition in the sample. Instrument features: Six&hellip;","_links":{"self":[{"href":"http:\/\/www.waltec.com.cn\/es\/wp-json\/wp\/v2\/product\/1737","targetHints":{"allow":["GET"]}}],"collection":[{"href":"http:\/\/www.waltec.com.cn\/es\/wp-json\/wp\/v2\/product"}],"about":[{"href":"http:\/\/www.waltec.com.cn\/es\/wp-json\/wp\/v2\/types\/product"}],"wp:featuredmedia":[{"embeddable":true,"href":"http:\/\/www.waltec.com.cn\/es\/wp-json\/wp\/v2\/media\/1836"}],"wp:attachment":[{"href":"http:\/\/www.waltec.com.cn\/es\/wp-json\/wp\/v2\/media?parent=1737"}],"wp:term":[{"taxonomy":"product_cat","embeddable":true,"href":"http:\/\/www.waltec.com.cn\/es\/wp-json\/wp\/v2\/product_cat?post=1737"},{"taxonomy":"product_tag","embeddable":true,"href":"http:\/\/www.waltec.com.cn\/es\/wp-json\/wp\/v2\/product_tag?post=1737"}],"curies":[{"name":"wp","href":"https:\/\/api.w.org\/{rel}","templated":true}]}}