{"id":1738,"date":"2024-08-30T16:51:20","date_gmt":"2024-08-30T08:51:20","guid":{"rendered":"http:\/\/www.waltec.com.cn\/?post_type=product&#038;p=1738"},"modified":"2025-01-22T16:37:57","modified_gmt":"2025-01-22T08:37:57","slug":"cod-rapid-determination-instrument","status":"publish","type":"product","link":"http:\/\/www.waltec.com.cn\/es\/producto\/cod-rapid-determination-instrument\/","title":{"rendered":"Instrumento de determinaci\u00f3n r\u00e1pida de DQO"},"content":{"rendered":"<p>El instrumento de determinaci\u00f3n r\u00e1pida de DQO B1160 utiliza sulfato de plata como catalizador en presencia de una soluci\u00f3n \u00e1cida fuerte y un exceso de dicromato de potasio, y cataliza la oxidaci\u00f3n de sustancias reductoras en agua mediante calentamiento. El valor de DQO de la muestra de agua se determina mediante la relaci\u00f3n entre el valor de absorbancia del cromo hexavalente o el cromo trivalente y el valor de DQO del agua. El equipo est\u00e1 equipado con reactivos prefabricados y el usuario no necesita mezclar una variedad de reactivos de detecci\u00f3n. Solo es necesario agregar la muestra de agua que se va a analizar al modo de detecci\u00f3n guiada, lo que reduce el costo de aprendizaje y permite a los usuarios operar de manera simple y r\u00e1pida.<\/p>\n<p><strong><b>Caracter\u00edsticas del instrumento: <\/b><\/strong><\/p>\n<ol>\n<li>Normas de implementaci\u00f3n: Implementar las normas ambientales nacionales HJ\/T399, HJ924, de forma precisa y efectiva.<\/li>\n<li>Detecci\u00f3n precisa: Desarrollado de acuerdo con los est\u00e1ndares de pruebas nacionales, ampliamente utilizado en la detecci\u00f3n de aguas residuales de producci\u00f3n y vivas.<\/li>\n<li>Ventajas de la fuente de luz: Adopte una fuente de luz fr\u00eda de alta calidad, excelente rendimiento \u00f3ptico, vida \u00fatil de hasta 100.000 horas.<\/li>\n<li>Operaci\u00f3n inteligente: El equipo adopta una operaci\u00f3n guiada y los usuarios pueden completar f\u00e1cilmente la operaci\u00f3n de detecci\u00f3n de acuerdo con las indicaciones.<\/li>\n<li>Impresi\u00f3n inteligente: la detecci\u00f3n se puede configurar para imprimir autom\u00e1ticamente los resultados de concentraci\u00f3n o seleccionar el modo de impresi\u00f3n manual.<\/li>\n<li>Medici\u00f3n continua: hay muchas muestras para detectar y se puede activar el modo de detecci\u00f3n continua, que tiene una mayor eficiencia de detecci\u00f3n.<\/li>\n<li>Alto rendimiento en relaci\u00f3n costo-beneficio: equipado con consumibles y reactivos completos, bajo precio y peque\u00f1a cantidad.<\/li>\n<li>Reactivos prefabricados: Se proporcionan reactivos prefabricados a los clientes y el valor se puede detectar agregando muestras.<\/li>\n<li>Programa inteligente: pantalla LCD a color de 4,3 pulgadas, con sistema interactivo de interfaz de usuario de desarrollo propio, operaci\u00f3n simple y ahorro de tiempo.<\/li>\n<\/ol>\n<table>\n<tbody>\n<tr>\n<td colspan=\"2\" width=\"560\"><strong><b>Par\u00e1metros t\u00e9cnicos<\/b><\/strong><\/td>\n<\/tr>\n<tr>\n<td width=\"285\"><strong><b>Par\u00e1metros de detecci\u00f3n:<\/b><\/strong>\u00a0DQO (demanda qu\u00edmica de ox\u00edgeno)<\/td>\n<td width=\"274\">Alimentaci\u00f3n del instrumento: CA (220 V \u00b1 5 %), 50 Hz<\/td>\n<\/tr>\n<tr>\n<td width=\"285\"><strong><b>Est\u00e1ndar de medici\u00f3n: <\/b><\/strong>HJ\/T399-2007<\/td>\n<td width=\"274\"><strong><b>Ambiente de trabajo<\/b><\/strong>\u00a05-40 \u2103, \u226485 % sin condensaci\u00f3n<\/td>\n<\/tr>\n<tr>\n<td width=\"285\"><strong><b>Rango de medici\u00f3n:<\/b><\/strong>\u00a00-15000mg\/L<\/td>\n<td width=\"274\"><strong><b>L\u00edmite de detecci\u00f3n:<\/b><\/strong>\u00a05mg\/L<\/td>\n<\/tr>\n<tr>\n<td width=\"285\"><strong><b>Tama\u00f1o del instrumento: <\/b><\/strong>300mmx230mmx115mm<\/td>\n<td width=\"274\"><strong><b>Temperatura de digesti\u00f3n:<\/b><\/strong>\u00a0165\u2103, 20 minutes<\/td>\n<\/tr>\n<tr>\n<td width=\"285\"><strong><b>Tiempo de detecci\u00f3n:<\/b><\/strong>\u00a01 minute for 25 samples<\/td>\n<td width=\"274\"><strong><b>Peso del instrumento: <\/b><\/strong>about 2.8kg<\/td>\n<\/tr>\n<tr>\n<td width=\"285\"><strong><b>Error de indicaci\u00f3n: <\/b><\/strong>\u22645% or \u00b14mg\/L<\/td>\n<td width=\"274\"><strong><b>Modo de visualizaci\u00f3n: <\/b><\/strong>Pantalla LCD a color de alta definici\u00f3n de 4,3 pulgadas<\/p>\n<p><strong><b>Funci\u00f3n ampliada: <\/b><\/strong>conexi\u00f3n de computadora<\/td>\n<\/tr>\n<\/tbody>\n<\/table>\n<p>&nbsp;<\/p>","protected":false},"excerpt":{"rendered":"<p>The B1160 COD Rapid Determination Instrument uses silver sulfate as a catalyst in the presence of strong acid solution and excess potassium dichromate, and catalyzes the oxidation of reducing substances in water by heating. The COD value of the water sample is determined by the relationship between the absorbance value of hexavalent chromium or trivalent [&hellip;]<\/p>","protected":false},"featured_media":1837,"template":"","meta":{"_uag_custom_page_level_css":"","site-sidebar-layout":"default","site-content-layout":"","ast-site-content-layout":"default","site-content-style":"default","site-sidebar-style":"default","ast-global-header-display":"","ast-banner-title-visibility":"","ast-main-header-display":"","ast-hfb-above-header-display":"","ast-hfb-below-header-display":"","ast-hfb-mobile-header-display":"","site-post-title":"","ast-breadcrumbs-content":"","ast-featured-img":"","footer-sml-layout":"","theme-transparent-header-meta":"default","adv-header-id-meta":"","stick-header-meta":"","header-above-stick-meta":"","header-main-stick-meta":"","header-below-stick-meta":"","astra-migrate-meta-layouts":"set","ast-page-background-enabled":"default","ast-page-background-meta":{"desktop":{"background-color":"var(--ast-global-color-4)","background-image":"","background-repeat":"repeat","background-position":"center center","background-size":"auto","background-attachment":"scroll","background-type":"","background-media":"","overlay-type":"","overlay-color":"","overlay-opacity":"","overlay-gradient":""},"tablet":{"background-color":"","background-image":"","background-repeat":"repeat","background-position":"center center","background-size":"auto","background-attachment":"scroll","background-type":"","background-media":"","overlay-type":"","overlay-color":"","overlay-opacity":"","overlay-gradient":""},"mobile":{"background-color":"","background-image":"","background-repeat":"repeat","background-position":"center center","background-size":"auto","background-attachment":"scroll","background-type":"","background-media":"","overlay-type":"","overlay-color":"","overlay-opacity":"","overlay-gradient":""}},"ast-content-background-meta":{"desktop":{"background-color":"var(--ast-global-color-5)","background-image":"","background-repeat":"repeat","background-position":"center center","background-size":"auto","background-attachment":"scroll","background-type":"","background-media":"","overlay-type":"","overlay-color":"","overlay-opacity":"","overlay-gradient":""},"tablet":{"background-color":"var(--ast-global-color-5)","background-image":"","background-repeat":"repeat","background-position":"center center","background-size":"auto","background-attachment":"scroll","background-type":"","background-media":"","overlay-type":"","overlay-color":"","overlay-opacity":"","overlay-gradient":""},"mobile":{"background-color":"var(--ast-global-color-5)","background-image":"","background-repeat":"repeat","background-position":"center center","background-size":"auto","background-attachment":"scroll","background-type":"","background-media":"","overlay-type":"","overlay-color":"","overlay-opacity":"","overlay-gradient":""}}},"product_cat":[26],"product_tag":[],"class_list":{"0":"post-1738","1":"product","2":"type-product","3":"status-publish","4":"has-post-thumbnail","6":"product_cat-analyzer","7":"desktop-align-left","8":"tablet-align-left","9":"mobile-align-left","11":"first","12":"instock","13":"shipping-taxable","14":"product-type-simple"},"yoast_head":"<!-- This site is optimized with the Yoast SEO Premium plugin v22.5 (Yoast SEO v24.3) - https:\/\/yoast.com\/wordpress\/plugins\/seo\/ -->\r\n<title>COD Rapid Determination Instrument - Jswaltec Testing machine<\/title>\r\n<meta name=\"description\" content=\"COD Rapid Determination Instrument - The B1160 COD Rapid Determination Instrument uses silver sulfate as a catalyst in the presence of strong acid solution and excess potassium dichromate, and catalyzes the oxidation of reducing substances in water by heating.\" \/>\r\n<meta name=\"robots\" content=\"index, follow, max-snippet:-1, max-image-preview:large, max-video-preview:-1\" \/>\r\n<link rel=\"canonical\" href=\"http:\/\/www.waltec.com.cn\/es\/producto\/cod-rapid-determination-instrument\/\" \/>\r\n<meta property=\"og:locale\" content=\"es_ES\" \/>\r\n<meta property=\"og:type\" content=\"article\" \/>\r\n<meta property=\"og:title\" content=\"COD Rapid Determination Instrument\" \/>\r\n<meta property=\"og:description\" content=\"COD Rapid Determination Instrument - The B1160 COD Rapid Determination Instrument uses silver sulfate as a catalyst in the presence of strong acid solution and excess potassium dichromate, and catalyzes the oxidation of reducing substances in water by heating.\" \/>\r\n<meta property=\"og:url\" content=\"http:\/\/www.waltec.com.cn\/es\/producto\/cod-rapid-determination-instrument\/\" \/>\r\n<meta property=\"og:site_name\" content=\"Jswaltec Testing machine\" \/>\r\n<meta property=\"article:modified_time\" content=\"2025-01-22T08:37:57+00:00\" \/>\r\n<meta property=\"og:image\" content=\"http:\/\/www.waltec.com.cn\/wp-content\/uploads\/2024\/09\/COD-Rapid-Determination-Instrument.webp\" \/>\r\n\t<meta property=\"og:image:width\" content=\"424\" \/>\r\n\t<meta property=\"og:image:height\" content=\"424\" \/>\r\n\t<meta property=\"og:image:type\" content=\"image\/webp\" \/>\r\n<meta name=\"twitter:card\" content=\"summary_large_image\" \/>\r\n<meta name=\"twitter:label1\" content=\"Tiempo de lectura\" \/>\n\t<meta name=\"twitter:data1\" content=\"2 minutos\" \/>\r\n<script type=\"application\/ld+json\" class=\"yoast-schema-graph\">{\"@context\":\"https:\/\/schema.org\",\"@graph\":[{\"@type\":\"WebPage\",\"@id\":\"http:\/\/www.waltec.com.cn\/product\/cod-rapid-determination-instrument\/\",\"url\":\"http:\/\/www.waltec.com.cn\/product\/cod-rapid-determination-instrument\/\",\"name\":\"COD Rapid Determination Instrument - Jswaltec Testing machine\",\"isPartOf\":{\"@id\":\"http:\/\/www.waltec.com.cn\/#website\"},\"primaryImageOfPage\":{\"@id\":\"http:\/\/www.waltec.com.cn\/product\/cod-rapid-determination-instrument\/#primaryimage\"},\"image\":{\"@id\":\"http:\/\/www.waltec.com.cn\/product\/cod-rapid-determination-instrument\/#primaryimage\"},\"thumbnailUrl\":\"http:\/\/www.waltec.com.cn\/wp-content\/uploads\/2024\/09\/COD-Rapid-Determination-Instrument.webp\",\"datePublished\":\"2024-08-30T08:51:20+00:00\",\"dateModified\":\"2025-01-22T08:37:57+00:00\",\"description\":\"COD Rapid Determination Instrument - The B1160 COD Rapid Determination Instrument uses silver sulfate as a catalyst in the presence of strong acid solution and excess potassium dichromate, and catalyzes the oxidation of reducing substances in water by heating.\",\"breadcrumb\":{\"@id\":\"http:\/\/www.waltec.com.cn\/product\/cod-rapid-determination-instrument\/#breadcrumb\"},\"inLanguage\":\"es\",\"potentialAction\":[{\"@type\":\"ReadAction\",\"target\":[\"http:\/\/www.waltec.com.cn\/product\/cod-rapid-determination-instrument\/\"]}]},{\"@type\":\"ImageObject\",\"inLanguage\":\"es\",\"@id\":\"http:\/\/www.waltec.com.cn\/product\/cod-rapid-determination-instrument\/#primaryimage\",\"url\":\"http:\/\/www.waltec.com.cn\/wp-content\/uploads\/2024\/09\/COD-Rapid-Determination-Instrument.webp\",\"contentUrl\":\"http:\/\/www.waltec.com.cn\/wp-content\/uploads\/2024\/09\/COD-Rapid-Determination-Instrument.webp\",\"width\":424,\"height\":424},{\"@type\":\"BreadcrumbList\",\"@id\":\"http:\/\/www.waltec.com.cn\/product\/cod-rapid-determination-instrument\/#breadcrumb\",\"itemListElement\":[{\"@type\":\"ListItem\",\"position\":1,\"name\":\"Home\",\"item\":\"http:\/\/www.waltec.com.cn\/\"},{\"@type\":\"ListItem\",\"position\":2,\"name\":\"Products\",\"item\":\"http:\/\/www.waltec.com.cn\/shop\/\"},{\"@type\":\"ListItem\",\"position\":3,\"name\":\"COD Rapid Determination Instrument\"}]},{\"@type\":\"WebSite\",\"@id\":\"http:\/\/www.waltec.com.cn\/#website\",\"url\":\"http:\/\/www.waltec.com.cn\/\",\"name\":\"Jswaltec Testing machine\",\"description\":\"\",\"publisher\":{\"@id\":\"http:\/\/www.waltec.com.cn\/#organization\"},\"potentialAction\":[{\"@type\":\"SearchAction\",\"target\":{\"@type\":\"EntryPoint\",\"urlTemplate\":\"http:\/\/www.waltec.com.cn\/?s={search_term_string}\"},\"query-input\":{\"@type\":\"PropertyValueSpecification\",\"valueRequired\":true,\"valueName\":\"search_term_string\"}}],\"inLanguage\":\"es\"},{\"@type\":\"Organization\",\"@id\":\"http:\/\/www.waltec.com.cn\/#organization\",\"name\":\"JIANGSU WALLONG-HSIN MACHINERY ENGINEERING CORPORATION LTD.\",\"url\":\"http:\/\/www.waltec.com.cn\/\",\"logo\":{\"@type\":\"ImageObject\",\"inLanguage\":\"es\",\"@id\":\"http:\/\/www.waltec.com.cn\/#\/schema\/logo\/image\/\",\"url\":\"http:\/\/www.waltec.com.cn\/wp-content\/uploads\/2024\/08\/01.jpg\",\"contentUrl\":\"http:\/\/www.waltec.com.cn\/wp-content\/uploads\/2024\/08\/01.jpg\",\"width\":1217,\"height\":221,\"caption\":\"JIANGSU WALLONG-HSIN MACHINERY ENGINEERING CORPORATION LTD.\"},\"image\":{\"@id\":\"http:\/\/www.waltec.com.cn\/#\/schema\/logo\/image\/\"}}]}<\/script>\r\n<!-- \/ Yoast SEO Premium plugin. -->","yoast_head_json":{"title":"COD Rapid Determination Instrument - Jswaltec Testing machine","description":"COD Rapid Determination Instrument - The B1160 COD Rapid Determination Instrument uses silver sulfate as a catalyst in the presence of strong acid solution and excess potassium dichromate, and catalyzes the oxidation of reducing substances in water by heating.","robots":{"index":"index","follow":"follow","max-snippet":"max-snippet:-1","max-image-preview":"max-image-preview:large","max-video-preview":"max-video-preview:-1"},"canonical":"http:\/\/www.waltec.com.cn\/es\/producto\/cod-rapid-determination-instrument\/","og_locale":"es_ES","og_type":"article","og_title":"COD Rapid Determination Instrument","og_description":"COD Rapid Determination Instrument - The B1160 COD Rapid Determination Instrument uses silver sulfate as a catalyst in the presence of strong acid solution and excess potassium dichromate, and catalyzes the oxidation of reducing substances in water by heating.","og_url":"http:\/\/www.waltec.com.cn\/es\/producto\/cod-rapid-determination-instrument\/","og_site_name":"Jswaltec Testing machine","article_modified_time":"2025-01-22T08:37:57+00:00","og_image":[{"width":424,"height":424,"url":"http:\/\/www.waltec.com.cn\/wp-content\/uploads\/2024\/09\/COD-Rapid-Determination-Instrument.webp","type":"image\/webp"}],"twitter_card":"summary_large_image","twitter_misc":{"Tiempo de lectura":"2 minutos"},"schema":{"@context":"https:\/\/schema.org","@graph":[{"@type":"WebPage","@id":"http:\/\/www.waltec.com.cn\/product\/cod-rapid-determination-instrument\/","url":"http:\/\/www.waltec.com.cn\/product\/cod-rapid-determination-instrument\/","name":"COD Rapid Determination Instrument - Jswaltec Testing machine","isPartOf":{"@id":"http:\/\/www.waltec.com.cn\/#website"},"primaryImageOfPage":{"@id":"http:\/\/www.waltec.com.cn\/product\/cod-rapid-determination-instrument\/#primaryimage"},"image":{"@id":"http:\/\/www.waltec.com.cn\/product\/cod-rapid-determination-instrument\/#primaryimage"},"thumbnailUrl":"http:\/\/www.waltec.com.cn\/wp-content\/uploads\/2024\/09\/COD-Rapid-Determination-Instrument.webp","datePublished":"2024-08-30T08:51:20+00:00","dateModified":"2025-01-22T08:37:57+00:00","description":"COD Rapid Determination Instrument - The B1160 COD Rapid Determination Instrument uses silver sulfate as a catalyst in the presence of strong acid solution and excess potassium dichromate, and catalyzes the oxidation of reducing substances in water by heating.","breadcrumb":{"@id":"http:\/\/www.waltec.com.cn\/product\/cod-rapid-determination-instrument\/#breadcrumb"},"inLanguage":"es","potentialAction":[{"@type":"ReadAction","target":["http:\/\/www.waltec.com.cn\/product\/cod-rapid-determination-instrument\/"]}]},{"@type":"ImageObject","inLanguage":"es","@id":"http:\/\/www.waltec.com.cn\/product\/cod-rapid-determination-instrument\/#primaryimage","url":"http:\/\/www.waltec.com.cn\/wp-content\/uploads\/2024\/09\/COD-Rapid-Determination-Instrument.webp","contentUrl":"http:\/\/www.waltec.com.cn\/wp-content\/uploads\/2024\/09\/COD-Rapid-Determination-Instrument.webp","width":424,"height":424},{"@type":"BreadcrumbList","@id":"http:\/\/www.waltec.com.cn\/product\/cod-rapid-determination-instrument\/#breadcrumb","itemListElement":[{"@type":"ListItem","position":1,"name":"Home","item":"http:\/\/www.waltec.com.cn\/"},{"@type":"ListItem","position":2,"name":"Products","item":"http:\/\/www.waltec.com.cn\/shop\/"},{"@type":"ListItem","position":3,"name":"COD Rapid Determination Instrument"}]},{"@type":"WebSite","@id":"http:\/\/www.waltec.com.cn\/#website","url":"http:\/\/www.waltec.com.cn\/","name":"Jswaltec Testing machine","description":"","publisher":{"@id":"http:\/\/www.waltec.com.cn\/#organization"},"potentialAction":[{"@type":"SearchAction","target":{"@type":"EntryPoint","urlTemplate":"http:\/\/www.waltec.com.cn\/?s={search_term_string}"},"query-input":{"@type":"PropertyValueSpecification","valueRequired":true,"valueName":"search_term_string"}}],"inLanguage":"es"},{"@type":"Organization","@id":"http:\/\/www.waltec.com.cn\/#organization","name":"JIANGSU WALLONG-HSIN MACHINERY ENGINEERING CORPORATION LTD.","url":"http:\/\/www.waltec.com.cn\/","logo":{"@type":"ImageObject","inLanguage":"es","@id":"http:\/\/www.waltec.com.cn\/#\/schema\/logo\/image\/","url":"http:\/\/www.waltec.com.cn\/wp-content\/uploads\/2024\/08\/01.jpg","contentUrl":"http:\/\/www.waltec.com.cn\/wp-content\/uploads\/2024\/08\/01.jpg","width":1217,"height":221,"caption":"JIANGSU WALLONG-HSIN MACHINERY ENGINEERING CORPORATION LTD."},"image":{"@id":"http:\/\/www.waltec.com.cn\/#\/schema\/logo\/image\/"}}]}},"uagb_featured_image_src":{"full":["http:\/\/www.waltec.com.cn\/wp-content\/uploads\/2024\/09\/COD-Rapid-Determination-Instrument.webp",424,424,false],"thumbnail":["http:\/\/www.waltec.com.cn\/wp-content\/uploads\/2024\/09\/COD-Rapid-Determination-Instrument.webp",150,150,false],"medium":["http:\/\/www.waltec.com.cn\/wp-content\/uploads\/2024\/09\/COD-Rapid-Determination-Instrument.webp",300,300,false],"medium_large":["http:\/\/www.waltec.com.cn\/wp-content\/uploads\/2024\/09\/COD-Rapid-Determination-Instrument.webp",424,424,false],"large":["http:\/\/www.waltec.com.cn\/wp-content\/uploads\/2024\/09\/COD-Rapid-Determination-Instrument.webp",424,424,false],"1536x1536":["http:\/\/www.waltec.com.cn\/wp-content\/uploads\/2024\/09\/COD-Rapid-Determination-Instrument.webp",424,424,false],"2048x2048":["http:\/\/www.waltec.com.cn\/wp-content\/uploads\/2024\/09\/COD-Rapid-Determination-Instrument.webp",424,424,false],"trp-custom-language-flag":["http:\/\/www.waltec.com.cn\/wp-content\/uploads\/2024\/09\/COD-Rapid-Determination-Instrument.webp",12,12,false],"woocommerce_thumbnail":["http:\/\/www.waltec.com.cn\/wp-content\/uploads\/2024\/09\/COD-Rapid-Determination-Instrument.webp",300,300,false],"woocommerce_single":["http:\/\/www.waltec.com.cn\/wp-content\/uploads\/2024\/09\/COD-Rapid-Determination-Instrument.webp",424,424,false],"woocommerce_gallery_thumbnail":["http:\/\/www.waltec.com.cn\/wp-content\/uploads\/2024\/09\/COD-Rapid-Determination-Instrument.webp",100,100,false]},"uagb_author_info":{"display_name":"Jswaltec","author_link":"http:\/\/www.waltec.com.cn\/es\/author\/"},"uagb_comment_info":0,"uagb_excerpt":"The B1160 COD Rapid Determination Instrument uses silver sulfate as a catalyst in the presence of strong acid solution and excess potassium dichromate, and catalyzes the oxidation of reducing substances in water by heating. The COD value of the water sample is determined by the relationship between the absorbance value of hexavalent chromium or trivalent&hellip;","_links":{"self":[{"href":"http:\/\/www.waltec.com.cn\/es\/wp-json\/wp\/v2\/product\/1738","targetHints":{"allow":["GET"]}}],"collection":[{"href":"http:\/\/www.waltec.com.cn\/es\/wp-json\/wp\/v2\/product"}],"about":[{"href":"http:\/\/www.waltec.com.cn\/es\/wp-json\/wp\/v2\/types\/product"}],"wp:featuredmedia":[{"embeddable":true,"href":"http:\/\/www.waltec.com.cn\/es\/wp-json\/wp\/v2\/media\/1837"}],"wp:attachment":[{"href":"http:\/\/www.waltec.com.cn\/es\/wp-json\/wp\/v2\/media?parent=1738"}],"wp:term":[{"taxonomy":"product_cat","embeddable":true,"href":"http:\/\/www.waltec.com.cn\/es\/wp-json\/wp\/v2\/product_cat?post=1738"},{"taxonomy":"product_tag","embeddable":true,"href":"http:\/\/www.waltec.com.cn\/es\/wp-json\/wp\/v2\/product_tag?post=1738"}],"curies":[{"name":"wp","href":"https:\/\/api.w.org\/{rel}","templated":true}]}}