{"id":1740,"date":"2024-08-30T17:13:46","date_gmt":"2024-08-30T09:13:46","guid":{"rendered":"http:\/\/www.waltec.com.cn\/?post_type=product&#038;p=1740"},"modified":"2025-01-22T16:51:48","modified_gmt":"2025-01-22T08:51:48","slug":"desktop-conductivity-meter","status":"publish","type":"product","link":"http:\/\/www.waltec.com.cn\/es\/producto\/desktop-conductivity-meter\/","title":{"rendered":"Medidor de conductividad de escritorio"},"content":{"rendered":"<p>El medidor de conductividad de escritorio B1010 es un instrumento inteligente, el instrumento adopta un dise\u00f1o humanizado, men\u00fa gr\u00e1fico, operaci\u00f3n intuitiva, con ingl\u00e9s y chino opcionales, y se puede utilizar en plantas de energ\u00eda, industria qu\u00edmica, metalurgia, protecci\u00f3n del medio ambiente, farmac\u00e9utica, bioqu\u00edmica, alimentos y agua del grifo y otras industrias.<\/p>\n<p><strong><b>Caracter\u00edsticas del instrumento:<\/b><\/strong><\/p>\n<ol>\n<li>Utilizando pantalla LCD a color, hermosa visualizaci\u00f3n, datos claros.<\/li>\n<li>El men\u00fa gr\u00e1fico es f\u00e1cil de entender.<\/li>\n<li>Tanto el chino como el ingl\u00e9s son opcionales y se adaptan a diferentes clientes.<\/li>\n<li>Funci\u00f3n de verificaci\u00f3n de estabilidad autom\u00e1tica para que los usuarios lean.<\/li>\n<li>La calibraci\u00f3n de la soluci\u00f3n corrige autom\u00e1ticamente las constantes del electrodo.<\/li>\n<li>Amplio rango de medici\u00f3n, se pueden medir tanto lo alto como lo bajo, el m\u00e1s alto 2000 ms<\/li>\n<li>El implemento tiene la capacidad de comunicarse y puede cargar datos.<\/li>\n<li>Suplemento de temperatura opcional, medici\u00f3n precisa, productos de bajo consumo de energ\u00eda.<\/li>\n<\/ol>\n<table>\n<tbody>\n<tr>\n<td colspan=\"2\" width=\"568\"><strong><b>Par\u00e1metros t\u00e9cnicos<\/b><\/strong><\/td>\n<\/tr>\n<tr>\n<td width=\"275\"><strong><b>Mostrar:<\/b><\/strong>\u00a0320\u00d7240 color touch screen<\/td>\n<td width=\"293\"><strong><b>Temperatura ambiente:<\/b><\/strong>\u00a0(5~45)\u00b0 C<\/td>\n<\/tr>\n<tr>\n<td rowspan=\"3\" width=\"275\"><strong><b>Rango de medici\u00f3n:<\/b><\/strong><\/p>\n<p>K=0.010.000~2.000\u03bcS\/cm<\/p>\n<p>K=0.100.00~20.00\u03bcS\/cm<\/p>\n<p>K=1.000.0~200.0\u03bcS\/cm<\/p>\n<p>K=10.00~2000\u03bcS\/cm<\/td>\n<td width=\"293\"><strong><b>Temperatura de la muestra de agua:<\/b><\/strong>\u00a0(5~60) \u2103<\/td>\n<\/tr>\n<tr>\n<td width=\"293\"><strong><b>Temperatura ambiente:<\/b><\/strong>\u00a0(5~45) \u2103<\/td>\n<\/tr>\n<tr>\n<td width=\"293\"><strong><b>Fuente de alimentaci\u00f3n: <\/b><\/strong>AC220V 50Hz<\/td>\n<\/tr>\n<tr>\n<td width=\"275\"><strong><b>Indicando error:<\/b><\/strong>\u00a0\u00b11%F.S<\/td>\n<td width=\"293\"><strong><b>Fuerza:<\/b><\/strong>\u00a0&lt;1W<\/td>\n<\/tr>\n<tr>\n<td width=\"275\"><strong><b>Resoluci\u00f3n:<\/b><\/strong>\u00a00.001\u03bcS\/cm<\/td>\n<td width=\"293\"><strong><b>Tama\u00f1o:<\/b><\/strong><strong><b>\u00a0<\/b><\/strong>160mm\u00d7130mm\u00d760mm(host)<\/td>\n<\/tr>\n<tr>\n<td width=\"275\"><strong><b>Repetibilidad: <\/b><\/strong>\u22641%<\/td>\n<td width=\"293\"><strong><b>Peso: <\/b><\/strong>1kg<\/td>\n<\/tr>\n<\/tbody>\n<\/table>\n<p>&nbsp;<\/p>","protected":false},"excerpt":{"rendered":"<p>B1010 desktop conductivity meter is an intelligent instrument, the instrument adopts humanized design, graphic menu, intuitive operation, with English and Chinese optional, and\u00a0can be used in power plant, chemical industry, metallurgy, environmental protection, pharmaceutical, biochemical, food and tap water and other industries. Instrument features: Using LCD color screen, beautiful display, clear data. Graphic menu is [&hellip;]<\/p>","protected":false},"featured_media":1839,"template":"","meta":{"_uag_custom_page_level_css":"","site-sidebar-layout":"default","site-content-layout":"","ast-site-content-layout":"default","site-content-style":"default","site-sidebar-style":"default","ast-global-header-display":"","ast-banner-title-visibility":"","ast-main-header-display":"","ast-hfb-above-header-display":"","ast-hfb-below-header-display":"","ast-hfb-mobile-header-display":"","site-post-title":"","ast-breadcrumbs-content":"","ast-featured-img":"","footer-sml-layout":"","theme-transparent-header-meta":"default","adv-header-id-meta":"","stick-header-meta":"","header-above-stick-meta":"","header-main-stick-meta":"","header-below-stick-meta":"","astra-migrate-meta-layouts":"set","ast-page-background-enabled":"default","ast-page-background-meta":{"desktop":{"background-color":"var(--ast-global-color-4)","background-image":"","background-repeat":"repeat","background-position":"center center","background-size":"auto","background-attachment":"scroll","background-type":"","background-media":"","overlay-type":"","overlay-color":"","overlay-opacity":"","overlay-gradient":""},"tablet":{"background-color":"","background-image":"","background-repeat":"repeat","background-position":"center center","background-size":"auto","background-attachment":"scroll","background-type":"","background-media":"","overlay-type":"","overlay-color":"","overlay-opacity":"","overlay-gradient":""},"mobile":{"background-color":"","background-image":"","background-repeat":"repeat","background-position":"center center","background-size":"auto","background-attachment":"scroll","background-type":"","background-media":"","overlay-type":"","overlay-color":"","overlay-opacity":"","overlay-gradient":""}},"ast-content-background-meta":{"desktop":{"background-color":"var(--ast-global-color-5)","background-image":"","background-repeat":"repeat","background-position":"center center","background-size":"auto","background-attachment":"scroll","background-type":"","background-media":"","overlay-type":"","overlay-color":"","overlay-opacity":"","overlay-gradient":""},"tablet":{"background-color":"var(--ast-global-color-5)","background-image":"","background-repeat":"repeat","background-position":"center center","background-size":"auto","background-attachment":"scroll","background-type":"","background-media":"","overlay-type":"","overlay-color":"","overlay-opacity":"","overlay-gradient":""},"mobile":{"background-color":"var(--ast-global-color-5)","background-image":"","background-repeat":"repeat","background-position":"center center","background-size":"auto","background-attachment":"scroll","background-type":"","background-media":"","overlay-type":"","overlay-color":"","overlay-opacity":"","overlay-gradient":""}}},"product_cat":[26],"product_tag":[],"class_list":{"0":"post-1740","1":"product","2":"type-product","3":"status-publish","4":"has-post-thumbnail","6":"product_cat-analyzer","7":"desktop-align-left","8":"tablet-align-left","9":"mobile-align-left","11":"first","12":"instock","13":"shipping-taxable","14":"product-type-simple"},"yoast_head":"<!-- This site is optimized with the Yoast SEO Premium plugin v22.5 (Yoast SEO v24.3) - https:\/\/yoast.com\/wordpress\/plugins\/seo\/ -->\r\n<title>Desktop Conductivity Meter - Jswaltec Testing machine<\/title>\r\n<meta name=\"description\" content=\"Desktop Conductivity Meter - The B1010 desktop conductivity meter is an intelligent instrument featuring a user-friendly design and an intuitive graphic menu for easy operation.\" \/>\r\n<meta name=\"robots\" content=\"index, follow, max-snippet:-1, max-image-preview:large, max-video-preview:-1\" \/>\r\n<link rel=\"canonical\" href=\"http:\/\/www.waltec.com.cn\/es\/producto\/desktop-conductivity-meter\/\" \/>\r\n<meta property=\"og:locale\" content=\"es_ES\" \/>\r\n<meta property=\"og:type\" content=\"article\" \/>\r\n<meta property=\"og:title\" content=\"Desktop Conductivity Meter\" \/>\r\n<meta property=\"og:description\" content=\"Desktop Conductivity Meter - The B1010 desktop conductivity meter is an intelligent instrument featuring a user-friendly design and an intuitive graphic menu for easy operation.\" \/>\r\n<meta property=\"og:url\" content=\"http:\/\/www.waltec.com.cn\/es\/producto\/desktop-conductivity-meter\/\" \/>\r\n<meta property=\"og:site_name\" content=\"Jswaltec Testing machine\" \/>\r\n<meta property=\"article:modified_time\" content=\"2025-01-22T08:51:48+00:00\" \/>\r\n<meta property=\"og:image\" content=\"http:\/\/www.waltec.com.cn\/wp-content\/uploads\/2024\/09\/Desktop-Conductivity-Meter.webp\" \/>\r\n\t<meta property=\"og:image:width\" content=\"438\" \/>\r\n\t<meta property=\"og:image:height\" content=\"438\" \/>\r\n\t<meta property=\"og:image:type\" content=\"image\/webp\" \/>\r\n<meta name=\"twitter:card\" content=\"summary_large_image\" \/>\r\n<meta name=\"twitter:label1\" content=\"Tiempo de lectura\" \/>\n\t<meta name=\"twitter:data1\" content=\"1 minuto\" \/>\r\n<script type=\"application\/ld+json\" class=\"yoast-schema-graph\">{\"@context\":\"https:\/\/schema.org\",\"@graph\":[{\"@type\":\"WebPage\",\"@id\":\"http:\/\/www.waltec.com.cn\/product\/desktop-conductivity-meter\/\",\"url\":\"http:\/\/www.waltec.com.cn\/product\/desktop-conductivity-meter\/\",\"name\":\"Desktop Conductivity Meter - Jswaltec Testing machine\",\"isPartOf\":{\"@id\":\"http:\/\/www.waltec.com.cn\/#website\"},\"primaryImageOfPage\":{\"@id\":\"http:\/\/www.waltec.com.cn\/product\/desktop-conductivity-meter\/#primaryimage\"},\"image\":{\"@id\":\"http:\/\/www.waltec.com.cn\/product\/desktop-conductivity-meter\/#primaryimage\"},\"thumbnailUrl\":\"http:\/\/www.waltec.com.cn\/wp-content\/uploads\/2024\/09\/Desktop-Conductivity-Meter.webp\",\"datePublished\":\"2024-08-30T09:13:46+00:00\",\"dateModified\":\"2025-01-22T08:51:48+00:00\",\"description\":\"Desktop Conductivity Meter - The B1010 desktop conductivity meter is an intelligent instrument featuring a user-friendly design and an intuitive graphic menu for easy operation.\",\"breadcrumb\":{\"@id\":\"http:\/\/www.waltec.com.cn\/product\/desktop-conductivity-meter\/#breadcrumb\"},\"inLanguage\":\"es\",\"potentialAction\":[{\"@type\":\"ReadAction\",\"target\":[\"http:\/\/www.waltec.com.cn\/product\/desktop-conductivity-meter\/\"]}]},{\"@type\":\"ImageObject\",\"inLanguage\":\"es\",\"@id\":\"http:\/\/www.waltec.com.cn\/product\/desktop-conductivity-meter\/#primaryimage\",\"url\":\"http:\/\/www.waltec.com.cn\/wp-content\/uploads\/2024\/09\/Desktop-Conductivity-Meter.webp\",\"contentUrl\":\"http:\/\/www.waltec.com.cn\/wp-content\/uploads\/2024\/09\/Desktop-Conductivity-Meter.webp\",\"width\":438,\"height\":438},{\"@type\":\"BreadcrumbList\",\"@id\":\"http:\/\/www.waltec.com.cn\/product\/desktop-conductivity-meter\/#breadcrumb\",\"itemListElement\":[{\"@type\":\"ListItem\",\"position\":1,\"name\":\"Home\",\"item\":\"http:\/\/www.waltec.com.cn\/\"},{\"@type\":\"ListItem\",\"position\":2,\"name\":\"Products\",\"item\":\"http:\/\/www.waltec.com.cn\/shop\/\"},{\"@type\":\"ListItem\",\"position\":3,\"name\":\"Desktop Conductivity Meter\"}]},{\"@type\":\"WebSite\",\"@id\":\"http:\/\/www.waltec.com.cn\/#website\",\"url\":\"http:\/\/www.waltec.com.cn\/\",\"name\":\"Jswaltec Testing machine\",\"description\":\"\",\"publisher\":{\"@id\":\"http:\/\/www.waltec.com.cn\/#organization\"},\"potentialAction\":[{\"@type\":\"SearchAction\",\"target\":{\"@type\":\"EntryPoint\",\"urlTemplate\":\"http:\/\/www.waltec.com.cn\/?s={search_term_string}\"},\"query-input\":{\"@type\":\"PropertyValueSpecification\",\"valueRequired\":true,\"valueName\":\"search_term_string\"}}],\"inLanguage\":\"es\"},{\"@type\":\"Organization\",\"@id\":\"http:\/\/www.waltec.com.cn\/#organization\",\"name\":\"JIANGSU WALLONG-HSIN MACHINERY ENGINEERING CORPORATION LTD.\",\"url\":\"http:\/\/www.waltec.com.cn\/\",\"logo\":{\"@type\":\"ImageObject\",\"inLanguage\":\"es\",\"@id\":\"http:\/\/www.waltec.com.cn\/#\/schema\/logo\/image\/\",\"url\":\"http:\/\/www.waltec.com.cn\/wp-content\/uploads\/2024\/08\/01.jpg\",\"contentUrl\":\"http:\/\/www.waltec.com.cn\/wp-content\/uploads\/2024\/08\/01.jpg\",\"width\":1217,\"height\":221,\"caption\":\"JIANGSU WALLONG-HSIN MACHINERY ENGINEERING CORPORATION LTD.\"},\"image\":{\"@id\":\"http:\/\/www.waltec.com.cn\/#\/schema\/logo\/image\/\"}}]}<\/script>\r\n<!-- \/ Yoast SEO Premium plugin. -->","yoast_head_json":{"title":"Desktop Conductivity Meter - Jswaltec Testing machine","description":"Desktop Conductivity Meter - The B1010 desktop conductivity meter is an intelligent instrument featuring a user-friendly design and an intuitive graphic menu for easy operation.","robots":{"index":"index","follow":"follow","max-snippet":"max-snippet:-1","max-image-preview":"max-image-preview:large","max-video-preview":"max-video-preview:-1"},"canonical":"http:\/\/www.waltec.com.cn\/es\/producto\/desktop-conductivity-meter\/","og_locale":"es_ES","og_type":"article","og_title":"Desktop Conductivity Meter","og_description":"Desktop Conductivity Meter - The B1010 desktop conductivity meter is an intelligent instrument featuring a user-friendly design and an intuitive graphic menu for easy operation.","og_url":"http:\/\/www.waltec.com.cn\/es\/producto\/desktop-conductivity-meter\/","og_site_name":"Jswaltec Testing machine","article_modified_time":"2025-01-22T08:51:48+00:00","og_image":[{"width":438,"height":438,"url":"http:\/\/www.waltec.com.cn\/wp-content\/uploads\/2024\/09\/Desktop-Conductivity-Meter.webp","type":"image\/webp"}],"twitter_card":"summary_large_image","twitter_misc":{"Tiempo de lectura":"1 minuto"},"schema":{"@context":"https:\/\/schema.org","@graph":[{"@type":"WebPage","@id":"http:\/\/www.waltec.com.cn\/product\/desktop-conductivity-meter\/","url":"http:\/\/www.waltec.com.cn\/product\/desktop-conductivity-meter\/","name":"Desktop Conductivity Meter - Jswaltec Testing machine","isPartOf":{"@id":"http:\/\/www.waltec.com.cn\/#website"},"primaryImageOfPage":{"@id":"http:\/\/www.waltec.com.cn\/product\/desktop-conductivity-meter\/#primaryimage"},"image":{"@id":"http:\/\/www.waltec.com.cn\/product\/desktop-conductivity-meter\/#primaryimage"},"thumbnailUrl":"http:\/\/www.waltec.com.cn\/wp-content\/uploads\/2024\/09\/Desktop-Conductivity-Meter.webp","datePublished":"2024-08-30T09:13:46+00:00","dateModified":"2025-01-22T08:51:48+00:00","description":"Desktop Conductivity Meter - The B1010 desktop conductivity meter is an intelligent instrument featuring a user-friendly design and an intuitive graphic menu for easy operation.","breadcrumb":{"@id":"http:\/\/www.waltec.com.cn\/product\/desktop-conductivity-meter\/#breadcrumb"},"inLanguage":"es","potentialAction":[{"@type":"ReadAction","target":["http:\/\/www.waltec.com.cn\/product\/desktop-conductivity-meter\/"]}]},{"@type":"ImageObject","inLanguage":"es","@id":"http:\/\/www.waltec.com.cn\/product\/desktop-conductivity-meter\/#primaryimage","url":"http:\/\/www.waltec.com.cn\/wp-content\/uploads\/2024\/09\/Desktop-Conductivity-Meter.webp","contentUrl":"http:\/\/www.waltec.com.cn\/wp-content\/uploads\/2024\/09\/Desktop-Conductivity-Meter.webp","width":438,"height":438},{"@type":"BreadcrumbList","@id":"http:\/\/www.waltec.com.cn\/product\/desktop-conductivity-meter\/#breadcrumb","itemListElement":[{"@type":"ListItem","position":1,"name":"Home","item":"http:\/\/www.waltec.com.cn\/"},{"@type":"ListItem","position":2,"name":"Products","item":"http:\/\/www.waltec.com.cn\/shop\/"},{"@type":"ListItem","position":3,"name":"Desktop Conductivity Meter"}]},{"@type":"WebSite","@id":"http:\/\/www.waltec.com.cn\/#website","url":"http:\/\/www.waltec.com.cn\/","name":"Jswaltec Testing machine","description":"","publisher":{"@id":"http:\/\/www.waltec.com.cn\/#organization"},"potentialAction":[{"@type":"SearchAction","target":{"@type":"EntryPoint","urlTemplate":"http:\/\/www.waltec.com.cn\/?s={search_term_string}"},"query-input":{"@type":"PropertyValueSpecification","valueRequired":true,"valueName":"search_term_string"}}],"inLanguage":"es"},{"@type":"Organization","@id":"http:\/\/www.waltec.com.cn\/#organization","name":"JIANGSU WALLONG-HSIN MACHINERY ENGINEERING CORPORATION LTD.","url":"http:\/\/www.waltec.com.cn\/","logo":{"@type":"ImageObject","inLanguage":"es","@id":"http:\/\/www.waltec.com.cn\/#\/schema\/logo\/image\/","url":"http:\/\/www.waltec.com.cn\/wp-content\/uploads\/2024\/08\/01.jpg","contentUrl":"http:\/\/www.waltec.com.cn\/wp-content\/uploads\/2024\/08\/01.jpg","width":1217,"height":221,"caption":"JIANGSU WALLONG-HSIN MACHINERY ENGINEERING CORPORATION LTD."},"image":{"@id":"http:\/\/www.waltec.com.cn\/#\/schema\/logo\/image\/"}}]}},"uagb_featured_image_src":{"full":["http:\/\/www.waltec.com.cn\/wp-content\/uploads\/2024\/09\/Desktop-Conductivity-Meter.webp",438,438,false],"thumbnail":["http:\/\/www.waltec.com.cn\/wp-content\/uploads\/2024\/09\/Desktop-Conductivity-Meter.webp",150,150,false],"medium":["http:\/\/www.waltec.com.cn\/wp-content\/uploads\/2024\/09\/Desktop-Conductivity-Meter.webp",300,300,false],"medium_large":["http:\/\/www.waltec.com.cn\/wp-content\/uploads\/2024\/09\/Desktop-Conductivity-Meter.webp",438,438,false],"large":["http:\/\/www.waltec.com.cn\/wp-content\/uploads\/2024\/09\/Desktop-Conductivity-Meter.webp",438,438,false],"1536x1536":["http:\/\/www.waltec.com.cn\/wp-content\/uploads\/2024\/09\/Desktop-Conductivity-Meter.webp",438,438,false],"2048x2048":["http:\/\/www.waltec.com.cn\/wp-content\/uploads\/2024\/09\/Desktop-Conductivity-Meter.webp",438,438,false],"trp-custom-language-flag":["http:\/\/www.waltec.com.cn\/wp-content\/uploads\/2024\/09\/Desktop-Conductivity-Meter.webp",12,12,false],"woocommerce_thumbnail":["http:\/\/www.waltec.com.cn\/wp-content\/uploads\/2024\/09\/Desktop-Conductivity-Meter.webp",300,300,false],"woocommerce_single":["http:\/\/www.waltec.com.cn\/wp-content\/uploads\/2024\/09\/Desktop-Conductivity-Meter.webp",438,438,false],"woocommerce_gallery_thumbnail":["http:\/\/www.waltec.com.cn\/wp-content\/uploads\/2024\/09\/Desktop-Conductivity-Meter.webp",100,100,false]},"uagb_author_info":{"display_name":"Jswaltec","author_link":"http:\/\/www.waltec.com.cn\/es\/author\/"},"uagb_comment_info":0,"uagb_excerpt":"B1010 desktop conductivity meter is an intelligent instrument, the instrument adopts humanized design, graphic menu, intuitive operation, with English and Chinese optional, and\u00a0can be used in power plant, chemical industry, metallurgy, environmental protection, pharmaceutical, biochemical, food and tap water and other industries. Instrument features: Using LCD color screen, beautiful display, clear data. Graphic menu is&hellip;","_links":{"self":[{"href":"http:\/\/www.waltec.com.cn\/es\/wp-json\/wp\/v2\/product\/1740","targetHints":{"allow":["GET"]}}],"collection":[{"href":"http:\/\/www.waltec.com.cn\/es\/wp-json\/wp\/v2\/product"}],"about":[{"href":"http:\/\/www.waltec.com.cn\/es\/wp-json\/wp\/v2\/types\/product"}],"wp:featuredmedia":[{"embeddable":true,"href":"http:\/\/www.waltec.com.cn\/es\/wp-json\/wp\/v2\/media\/1839"}],"wp:attachment":[{"href":"http:\/\/www.waltec.com.cn\/es\/wp-json\/wp\/v2\/media?parent=1740"}],"wp:term":[{"taxonomy":"product_cat","embeddable":true,"href":"http:\/\/www.waltec.com.cn\/es\/wp-json\/wp\/v2\/product_cat?post=1740"},{"taxonomy":"product_tag","embeddable":true,"href":"http:\/\/www.waltec.com.cn\/es\/wp-json\/wp\/v2\/product_tag?post=1740"}],"curies":[{"name":"wp","href":"https:\/\/api.w.org\/{rel}","templated":true}]}}