{"id":1743,"date":"2024-09-02T09:02:37","date_gmt":"2024-09-02T01:02:37","guid":{"rendered":"http:\/\/www.waltec.com.cn\/?post_type=product&#038;p=1743"},"modified":"2025-01-23T09:19:52","modified_gmt":"2025-01-23T01:19:52","slug":"desktop-residual-chlorine-analyzer","status":"publish","type":"product","link":"http:\/\/www.waltec.com.cn\/es\/producto\/desktop-residual-chlorine-analyzer\/","title":{"rendered":"Analizador de cloro residual de escritorio"},"content":{"rendered":"<p>El analizador de cloro residual de escritorio B1110 puede medir el cloro residual y el cloro total en el agua. Tiene las caracter\u00edsticas de operaci\u00f3n simple y alta sensibilidad. Es ampliamente utilizado en la detecci\u00f3n r\u00e1pida in situ de la calidad del agua en el suministro de agua urbana, alimentos y bebidas, medio ambiente, medicina, qu\u00edmica, farmac\u00e9utica, termoel\u00e9ctrica, fabricaci\u00f3n de papel, cr\u00eda, bioingenier\u00eda, tratamiento de agua y otros campos.<\/p>\n<p><strong><b>Caracter\u00edsticas del instrumento:<\/b><\/strong><\/p>\n<ol>\n<li>Utilizando una fuente de luz de alto rendimiento, larga vida \u00fatil (100.000 horas), alto brillo, equipada con un sistema de filtro de banda estrecha, la estabilidad \u00f3ptica es extremadamente fuerte y no se ve alterada f\u00e1cilmente por varias fuentes de luz. Por lo tanto, el instrumento tiene alta precisi\u00f3n y buena estabilidad.<\/li>\n<li>Pantalla LCD china de gran tama\u00f1o, operaci\u00f3n de men\u00fa chino, simple e intuitiva.<\/li>\n<li>Los datos de medici\u00f3n se pueden guardar de forma permanente. Adem\u00e1s de la curva de calibraci\u00f3n de f\u00e1brica, la curva de trabajo tambi\u00e9n incluye la curva de calibraci\u00f3n propia del usuario.<\/li>\n<li>La carcasa principal de la m\u00e1quina est\u00e1 hecha de material ABS postmoldeado con buena resistencia a la corrosi\u00f3n.<\/li>\n<li>Adopta un sistema de microcomputadora de un solo chip de 16 bits, de alto rendimiento y bajo consumo de energ\u00eda, con un rendimiento excelente.<\/li>\n<\/ol>\n<p>&nbsp;<\/p>\n<table>\n<tbody>\n<tr>\n<td colspan=\"2\" width=\"574\"><strong><b>Par\u00e1metros t\u00e9cnicos<\/b><\/strong><\/td>\n<\/tr>\n<tr>\n<td width=\"287\"><strong><b>Rango de medici\u00f3n: <\/b><\/strong>(0.02~10.00) mg\/L<\/td>\n<td width=\"286\"><strong><b>Dimensiones: Unidad principal (con impresi\u00f3n): <\/b><\/strong>340nmx250nmx130nm<\/td>\n<\/tr>\n<tr>\n<td width=\"287\"><strong><b>Dividido en dos gamas: <\/b><\/strong>(0.02~2.00) mg\/L; (2.00~10.00) mg\/L<\/td>\n<td width=\"286\"><strong><b>Anfitri\u00f3n (sin imprimir):<\/b><\/strong>\u00a0266nmx200nmx130nm<\/td>\n<\/tr>\n<tr>\n<td width=\"287\"><strong><b>Error de indicaci\u00f3n: <\/b><\/strong>\u2264\u00b13% (F.S)<\/td>\n<td width=\"286\"><strong><b>Temperatura ambiente:<\/b><\/strong>\u00a0(5~45) \u2103<\/td>\n<\/tr>\n<tr>\n<td width=\"287\"><strong><b>Repetibilidad:<\/b><\/strong>\u00a0\u22643%<\/td>\n<td width=\"286\"><strong><b>Humedad relativa:<\/b><\/strong>\u00a0\u226485%<\/td>\n<\/tr>\n<tr>\n<td width=\"287\"><strong><b>Fuente de alimentaci\u00f3n: <\/b><\/strong>AC (220\u00b122)V; (50\u00b10.5) Hz<\/td>\n<td rowspan=\"2\" width=\"286\"><strong><b>Estabilidad \u00f3ptica:<\/b><\/strong>\u00a0El valor de absorbancia del instrumento var\u00eda menos de 0,002 A en 20 minutos.<\/td>\n<\/tr>\n<tr>\n<td width=\"287\"><strong><b>Peso:<\/b><\/strong>\u00a04kg<\/td>\n<\/tr>\n<\/tbody>\n<\/table>\n<p>&nbsp;<\/p>","protected":false},"excerpt":{"rendered":"<p>The B1110 desktop residual chlorine analyzer can measure residual chlorine and total chlorine in water. It has the characteristics of simple operation and high sensitivity. It is widely used in rapid on-site detection of water quality in urban water supply, food and beverage, environment, medical, chemical, pharmaceutical, thermoelectric, papermaking, breeding, bioengineering, water treatment and other [&hellip;]<\/p>","protected":false},"featured_media":1841,"template":"","meta":{"_uag_custom_page_level_css":"","site-sidebar-layout":"default","site-content-layout":"","ast-site-content-layout":"default","site-content-style":"default","site-sidebar-style":"default","ast-global-header-display":"","ast-banner-title-visibility":"","ast-main-header-display":"","ast-hfb-above-header-display":"","ast-hfb-below-header-display":"","ast-hfb-mobile-header-display":"","site-post-title":"","ast-breadcrumbs-content":"","ast-featured-img":"","footer-sml-layout":"","theme-transparent-header-meta":"default","adv-header-id-meta":"","stick-header-meta":"","header-above-stick-meta":"","header-main-stick-meta":"","header-below-stick-meta":"","astra-migrate-meta-layouts":"set","ast-page-background-enabled":"default","ast-page-background-meta":{"desktop":{"background-color":"var(--ast-global-color-4)","background-image":"","background-repeat":"repeat","background-position":"center center","background-size":"auto","background-attachment":"scroll","background-type":"","background-media":"","overlay-type":"","overlay-color":"","overlay-opacity":"","overlay-gradient":""},"tablet":{"background-color":"","background-image":"","background-repeat":"repeat","background-position":"center center","background-size":"auto","background-attachment":"scroll","background-type":"","background-media":"","overlay-type":"","overlay-color":"","overlay-opacity":"","overlay-gradient":""},"mobile":{"background-color":"","background-image":"","background-repeat":"repeat","background-position":"center center","background-size":"auto","background-attachment":"scroll","background-type":"","background-media":"","overlay-type":"","overlay-color":"","overlay-opacity":"","overlay-gradient":""}},"ast-content-background-meta":{"desktop":{"background-color":"var(--ast-global-color-5)","background-image":"","background-repeat":"repeat","background-position":"center center","background-size":"auto","background-attachment":"scroll","background-type":"","background-media":"","overlay-type":"","overlay-color":"","overlay-opacity":"","overlay-gradient":""},"tablet":{"background-color":"var(--ast-global-color-5)","background-image":"","background-repeat":"repeat","background-position":"center center","background-size":"auto","background-attachment":"scroll","background-type":"","background-media":"","overlay-type":"","overlay-color":"","overlay-opacity":"","overlay-gradient":""},"mobile":{"background-color":"var(--ast-global-color-5)","background-image":"","background-repeat":"repeat","background-position":"center center","background-size":"auto","background-attachment":"scroll","background-type":"","background-media":"","overlay-type":"","overlay-color":"","overlay-opacity":"","overlay-gradient":""}}},"product_cat":[26],"product_tag":[],"class_list":{"0":"post-1743","1":"product","2":"type-product","3":"status-publish","4":"has-post-thumbnail","6":"product_cat-analyzer","7":"desktop-align-left","8":"tablet-align-left","9":"mobile-align-left","11":"first","12":"instock","13":"shipping-taxable","14":"product-type-simple"},"yoast_head":"<!-- This site is optimized with the Yoast SEO Premium plugin v22.5 (Yoast SEO v24.3) - https:\/\/yoast.com\/wordpress\/plugins\/seo\/ -->\r\n<title>Desktop Residual Chlorine Analyzer - Jswaltec Testing machine<\/title>\r\n<meta name=\"description\" content=\"Desktop Residual Chlorine Analyzer - The B1110 desktop residual chlorine analyzer can measure residual chlorine and total chlorine in water.\" \/>\r\n<meta name=\"robots\" content=\"index, follow, max-snippet:-1, max-image-preview:large, max-video-preview:-1\" \/>\r\n<link rel=\"canonical\" href=\"http:\/\/www.waltec.com.cn\/es\/producto\/desktop-residual-chlorine-analyzer\/\" \/>\r\n<meta property=\"og:locale\" content=\"es_ES\" \/>\r\n<meta property=\"og:type\" content=\"article\" \/>\r\n<meta property=\"og:title\" content=\"Desktop Residual Chlorine Analyzer\" \/>\r\n<meta property=\"og:description\" content=\"Desktop Residual Chlorine Analyzer - The B1110 desktop residual chlorine analyzer can measure residual chlorine and total chlorine in water.\" \/>\r\n<meta property=\"og:url\" content=\"http:\/\/www.waltec.com.cn\/es\/producto\/desktop-residual-chlorine-analyzer\/\" \/>\r\n<meta property=\"og:site_name\" content=\"Jswaltec Testing machine\" \/>\r\n<meta property=\"article:modified_time\" content=\"2025-01-23T01:19:52+00:00\" \/>\r\n<meta property=\"og:image\" content=\"http:\/\/www.waltec.com.cn\/wp-content\/uploads\/2024\/09\/Desktop-Residual-Chlorine-Analyzer.webp\" \/>\r\n\t<meta property=\"og:image:width\" content=\"389\" \/>\r\n\t<meta property=\"og:image:height\" content=\"376\" \/>\r\n\t<meta property=\"og:image:type\" content=\"image\/webp\" \/>\r\n<meta name=\"twitter:card\" content=\"summary_large_image\" \/>\r\n<meta name=\"twitter:label1\" content=\"Tiempo de lectura\" \/>\n\t<meta name=\"twitter:data1\" content=\"2 minutos\" \/>\r\n<script type=\"application\/ld+json\" class=\"yoast-schema-graph\">{\"@context\":\"https:\/\/schema.org\",\"@graph\":[{\"@type\":\"WebPage\",\"@id\":\"http:\/\/www.waltec.com.cn\/product\/desktop-residual-chlorine-analyzer\/\",\"url\":\"http:\/\/www.waltec.com.cn\/product\/desktop-residual-chlorine-analyzer\/\",\"name\":\"Desktop Residual Chlorine Analyzer - Jswaltec Testing machine\",\"isPartOf\":{\"@id\":\"http:\/\/www.waltec.com.cn\/#website\"},\"primaryImageOfPage\":{\"@id\":\"http:\/\/www.waltec.com.cn\/product\/desktop-residual-chlorine-analyzer\/#primaryimage\"},\"image\":{\"@id\":\"http:\/\/www.waltec.com.cn\/product\/desktop-residual-chlorine-analyzer\/#primaryimage\"},\"thumbnailUrl\":\"http:\/\/www.waltec.com.cn\/wp-content\/uploads\/2024\/09\/Desktop-Residual-Chlorine-Analyzer.webp\",\"datePublished\":\"2024-09-02T01:02:37+00:00\",\"dateModified\":\"2025-01-23T01:19:52+00:00\",\"description\":\"Desktop Residual Chlorine Analyzer - The B1110 desktop residual chlorine analyzer can measure residual chlorine and total chlorine in water.\",\"breadcrumb\":{\"@id\":\"http:\/\/www.waltec.com.cn\/product\/desktop-residual-chlorine-analyzer\/#breadcrumb\"},\"inLanguage\":\"es\",\"potentialAction\":[{\"@type\":\"ReadAction\",\"target\":[\"http:\/\/www.waltec.com.cn\/product\/desktop-residual-chlorine-analyzer\/\"]}]},{\"@type\":\"ImageObject\",\"inLanguage\":\"es\",\"@id\":\"http:\/\/www.waltec.com.cn\/product\/desktop-residual-chlorine-analyzer\/#primaryimage\",\"url\":\"http:\/\/www.waltec.com.cn\/wp-content\/uploads\/2024\/09\/Desktop-Residual-Chlorine-Analyzer.webp\",\"contentUrl\":\"http:\/\/www.waltec.com.cn\/wp-content\/uploads\/2024\/09\/Desktop-Residual-Chlorine-Analyzer.webp\",\"width\":389,\"height\":376},{\"@type\":\"BreadcrumbList\",\"@id\":\"http:\/\/www.waltec.com.cn\/product\/desktop-residual-chlorine-analyzer\/#breadcrumb\",\"itemListElement\":[{\"@type\":\"ListItem\",\"position\":1,\"name\":\"Home\",\"item\":\"http:\/\/www.waltec.com.cn\/\"},{\"@type\":\"ListItem\",\"position\":2,\"name\":\"Products\",\"item\":\"http:\/\/www.waltec.com.cn\/shop\/\"},{\"@type\":\"ListItem\",\"position\":3,\"name\":\"Desktop Residual Chlorine Analyzer\"}]},{\"@type\":\"WebSite\",\"@id\":\"http:\/\/www.waltec.com.cn\/#website\",\"url\":\"http:\/\/www.waltec.com.cn\/\",\"name\":\"Jswaltec Testing machine\",\"description\":\"\",\"publisher\":{\"@id\":\"http:\/\/www.waltec.com.cn\/#organization\"},\"potentialAction\":[{\"@type\":\"SearchAction\",\"target\":{\"@type\":\"EntryPoint\",\"urlTemplate\":\"http:\/\/www.waltec.com.cn\/?s={search_term_string}\"},\"query-input\":{\"@type\":\"PropertyValueSpecification\",\"valueRequired\":true,\"valueName\":\"search_term_string\"}}],\"inLanguage\":\"es\"},{\"@type\":\"Organization\",\"@id\":\"http:\/\/www.waltec.com.cn\/#organization\",\"name\":\"JIANGSU WALLONG-HSIN MACHINERY ENGINEERING CORPORATION LTD.\",\"url\":\"http:\/\/www.waltec.com.cn\/\",\"logo\":{\"@type\":\"ImageObject\",\"inLanguage\":\"es\",\"@id\":\"http:\/\/www.waltec.com.cn\/#\/schema\/logo\/image\/\",\"url\":\"http:\/\/www.waltec.com.cn\/wp-content\/uploads\/2024\/08\/01.jpg\",\"contentUrl\":\"http:\/\/www.waltec.com.cn\/wp-content\/uploads\/2024\/08\/01.jpg\",\"width\":1217,\"height\":221,\"caption\":\"JIANGSU WALLONG-HSIN MACHINERY ENGINEERING CORPORATION LTD.\"},\"image\":{\"@id\":\"http:\/\/www.waltec.com.cn\/#\/schema\/logo\/image\/\"}}]}<\/script>\r\n<!-- \/ Yoast SEO Premium plugin. -->","yoast_head_json":{"title":"Desktop Residual Chlorine Analyzer - Jswaltec Testing machine","description":"Desktop Residual Chlorine Analyzer - The B1110 desktop residual chlorine analyzer can measure residual chlorine and total chlorine in water.","robots":{"index":"index","follow":"follow","max-snippet":"max-snippet:-1","max-image-preview":"max-image-preview:large","max-video-preview":"max-video-preview:-1"},"canonical":"http:\/\/www.waltec.com.cn\/es\/producto\/desktop-residual-chlorine-analyzer\/","og_locale":"es_ES","og_type":"article","og_title":"Desktop Residual Chlorine Analyzer","og_description":"Desktop Residual Chlorine Analyzer - The B1110 desktop residual chlorine analyzer can measure residual chlorine and total chlorine in water.","og_url":"http:\/\/www.waltec.com.cn\/es\/producto\/desktop-residual-chlorine-analyzer\/","og_site_name":"Jswaltec Testing machine","article_modified_time":"2025-01-23T01:19:52+00:00","og_image":[{"width":389,"height":376,"url":"http:\/\/www.waltec.com.cn\/wp-content\/uploads\/2024\/09\/Desktop-Residual-Chlorine-Analyzer.webp","type":"image\/webp"}],"twitter_card":"summary_large_image","twitter_misc":{"Tiempo de lectura":"2 minutos"},"schema":{"@context":"https:\/\/schema.org","@graph":[{"@type":"WebPage","@id":"http:\/\/www.waltec.com.cn\/product\/desktop-residual-chlorine-analyzer\/","url":"http:\/\/www.waltec.com.cn\/product\/desktop-residual-chlorine-analyzer\/","name":"Desktop Residual Chlorine Analyzer - Jswaltec Testing machine","isPartOf":{"@id":"http:\/\/www.waltec.com.cn\/#website"},"primaryImageOfPage":{"@id":"http:\/\/www.waltec.com.cn\/product\/desktop-residual-chlorine-analyzer\/#primaryimage"},"image":{"@id":"http:\/\/www.waltec.com.cn\/product\/desktop-residual-chlorine-analyzer\/#primaryimage"},"thumbnailUrl":"http:\/\/www.waltec.com.cn\/wp-content\/uploads\/2024\/09\/Desktop-Residual-Chlorine-Analyzer.webp","datePublished":"2024-09-02T01:02:37+00:00","dateModified":"2025-01-23T01:19:52+00:00","description":"Desktop Residual Chlorine Analyzer - The B1110 desktop residual chlorine analyzer can measure residual chlorine and total chlorine in water.","breadcrumb":{"@id":"http:\/\/www.waltec.com.cn\/product\/desktop-residual-chlorine-analyzer\/#breadcrumb"},"inLanguage":"es","potentialAction":[{"@type":"ReadAction","target":["http:\/\/www.waltec.com.cn\/product\/desktop-residual-chlorine-analyzer\/"]}]},{"@type":"ImageObject","inLanguage":"es","@id":"http:\/\/www.waltec.com.cn\/product\/desktop-residual-chlorine-analyzer\/#primaryimage","url":"http:\/\/www.waltec.com.cn\/wp-content\/uploads\/2024\/09\/Desktop-Residual-Chlorine-Analyzer.webp","contentUrl":"http:\/\/www.waltec.com.cn\/wp-content\/uploads\/2024\/09\/Desktop-Residual-Chlorine-Analyzer.webp","width":389,"height":376},{"@type":"BreadcrumbList","@id":"http:\/\/www.waltec.com.cn\/product\/desktop-residual-chlorine-analyzer\/#breadcrumb","itemListElement":[{"@type":"ListItem","position":1,"name":"Home","item":"http:\/\/www.waltec.com.cn\/"},{"@type":"ListItem","position":2,"name":"Products","item":"http:\/\/www.waltec.com.cn\/shop\/"},{"@type":"ListItem","position":3,"name":"Desktop Residual Chlorine Analyzer"}]},{"@type":"WebSite","@id":"http:\/\/www.waltec.com.cn\/#website","url":"http:\/\/www.waltec.com.cn\/","name":"Jswaltec Testing machine","description":"","publisher":{"@id":"http:\/\/www.waltec.com.cn\/#organization"},"potentialAction":[{"@type":"SearchAction","target":{"@type":"EntryPoint","urlTemplate":"http:\/\/www.waltec.com.cn\/?s={search_term_string}"},"query-input":{"@type":"PropertyValueSpecification","valueRequired":true,"valueName":"search_term_string"}}],"inLanguage":"es"},{"@type":"Organization","@id":"http:\/\/www.waltec.com.cn\/#organization","name":"JIANGSU WALLONG-HSIN MACHINERY ENGINEERING CORPORATION LTD.","url":"http:\/\/www.waltec.com.cn\/","logo":{"@type":"ImageObject","inLanguage":"es","@id":"http:\/\/www.waltec.com.cn\/#\/schema\/logo\/image\/","url":"http:\/\/www.waltec.com.cn\/wp-content\/uploads\/2024\/08\/01.jpg","contentUrl":"http:\/\/www.waltec.com.cn\/wp-content\/uploads\/2024\/08\/01.jpg","width":1217,"height":221,"caption":"JIANGSU WALLONG-HSIN MACHINERY ENGINEERING CORPORATION LTD."},"image":{"@id":"http:\/\/www.waltec.com.cn\/#\/schema\/logo\/image\/"}}]}},"uagb_featured_image_src":{"full":["http:\/\/www.waltec.com.cn\/wp-content\/uploads\/2024\/09\/Desktop-Residual-Chlorine-Analyzer.webp",389,376,false],"thumbnail":["http:\/\/www.waltec.com.cn\/wp-content\/uploads\/2024\/09\/Desktop-Residual-Chlorine-Analyzer.webp",150,145,false],"medium":["http:\/\/www.waltec.com.cn\/wp-content\/uploads\/2024\/09\/Desktop-Residual-Chlorine-Analyzer.webp",300,290,false],"medium_large":["http:\/\/www.waltec.com.cn\/wp-content\/uploads\/2024\/09\/Desktop-Residual-Chlorine-Analyzer.webp",389,376,false],"large":["http:\/\/www.waltec.com.cn\/wp-content\/uploads\/2024\/09\/Desktop-Residual-Chlorine-Analyzer.webp",389,376,false],"1536x1536":["http:\/\/www.waltec.com.cn\/wp-content\/uploads\/2024\/09\/Desktop-Residual-Chlorine-Analyzer.webp",389,376,false],"2048x2048":["http:\/\/www.waltec.com.cn\/wp-content\/uploads\/2024\/09\/Desktop-Residual-Chlorine-Analyzer.webp",389,376,false],"trp-custom-language-flag":["http:\/\/www.waltec.com.cn\/wp-content\/uploads\/2024\/09\/Desktop-Residual-Chlorine-Analyzer.webp",12,12,false],"woocommerce_thumbnail":["http:\/\/www.waltec.com.cn\/wp-content\/uploads\/2024\/09\/Desktop-Residual-Chlorine-Analyzer-300x300.webp",300,300,true],"woocommerce_single":["http:\/\/www.waltec.com.cn\/wp-content\/uploads\/2024\/09\/Desktop-Residual-Chlorine-Analyzer.webp",389,376,false],"woocommerce_gallery_thumbnail":["http:\/\/www.waltec.com.cn\/wp-content\/uploads\/2024\/09\/Desktop-Residual-Chlorine-Analyzer-100x100.webp",100,100,true]},"uagb_author_info":{"display_name":"Jswaltec","author_link":"http:\/\/www.waltec.com.cn\/es\/author\/"},"uagb_comment_info":0,"uagb_excerpt":"The B1110 desktop residual chlorine analyzer can measure residual chlorine and total chlorine in water. It has the characteristics of simple operation and high sensitivity. It is widely used in rapid on-site detection of water quality in urban water supply, food and beverage, environment, medical, chemical, pharmaceutical, thermoelectric, papermaking, breeding, bioengineering, water treatment and other&hellip;","_links":{"self":[{"href":"http:\/\/www.waltec.com.cn\/es\/wp-json\/wp\/v2\/product\/1743","targetHints":{"allow":["GET"]}}],"collection":[{"href":"http:\/\/www.waltec.com.cn\/es\/wp-json\/wp\/v2\/product"}],"about":[{"href":"http:\/\/www.waltec.com.cn\/es\/wp-json\/wp\/v2\/types\/product"}],"wp:featuredmedia":[{"embeddable":true,"href":"http:\/\/www.waltec.com.cn\/es\/wp-json\/wp\/v2\/media\/1841"}],"wp:attachment":[{"href":"http:\/\/www.waltec.com.cn\/es\/wp-json\/wp\/v2\/media?parent=1743"}],"wp:term":[{"taxonomy":"product_cat","embeddable":true,"href":"http:\/\/www.waltec.com.cn\/es\/wp-json\/wp\/v2\/product_cat?post=1743"},{"taxonomy":"product_tag","embeddable":true,"href":"http:\/\/www.waltec.com.cn\/es\/wp-json\/wp\/v2\/product_tag?post=1743"}],"curies":[{"name":"wp","href":"https:\/\/api.w.org\/{rel}","templated":true}]}}