{"id":1744,"date":"2024-09-02T09:06:03","date_gmt":"2024-09-02T01:06:03","guid":{"rendered":"http:\/\/www.waltec.com.cn\/?post_type=product&#038;p=1744"},"modified":"2025-01-23T09:22:31","modified_gmt":"2025-01-23T01:22:31","slug":"desktop-sodium-meter","status":"publish","type":"product","link":"http:\/\/www.waltec.com.cn\/es\/producto\/desktop-sodium-meter\/","title":{"rendered":"Medidor de sodio de escritorio"},"content":{"rendered":"<p>El medidor de sodio de escritorio B1030 es un instrumento inteligente con dise\u00f1o humanizado, men\u00fa gr\u00e1fico, operaci\u00f3n intuitiva y f\u00e1cil de entender, chino e ingl\u00e9s opcionales, evaluaci\u00f3n de estabilidad y otras funciones. Puede utilizarse en plantas de energ\u00eda, industria qu\u00edmica, metalurgia, protecci\u00f3n ambiental, industria farmac\u00e9utica, bioqu\u00edmica, alimentaria y de agua corriente.<\/p>\n<p><strong><b>Caracter\u00edsticas del instrumento:<\/b><\/strong><\/p>\n<ol>\n<li>Pantalla t\u00e1ctil de color real, hermosa visualizaci\u00f3n, control simple.<\/li>\n<li>Graphical menu is simple and easy to understand.<\/li>\n<li>Los idiomas chino e ingl\u00e9s son opcionales para adaptarse a diferentes usuarios.<\/li>\n<li>Funci\u00f3n de juicio autom\u00e1tico de estabilidad, conveniente para la lectura de los usuarios.<\/li>\n<li>Unidad opcional durante la calibraci\u00f3n, conveniente para que los usuarios calibren.<\/li>\n<li>El instrumento tiene funci\u00f3n de comunicaci\u00f3n y puede cargar datos.<\/li>\n<li>M\u00e9todo de compensaci\u00f3n de temperatura opcional, medici\u00f3n precisa.<\/li>\n<li>Producto de bajo consumo energ\u00e9tico.<\/li>\n<\/ol>\n<table>\n<tbody>\n<tr>\n<td colspan=\"2\" width=\"568\"><strong><b>Par\u00e1metros t\u00e9cnicos<\/b><\/strong><\/td>\n<\/tr>\n<tr>\n<td width=\"275\"><strong><b>Mostrar<\/b><\/strong><strong><b>:<\/b><\/strong>\u00a0320X240 color touch screen<\/td>\n<td width=\"293\"><strong><b>Temperatura de la muestra de agua<\/b><\/strong><strong><b>:<\/b><\/strong>\u00a05~60\u2103<\/td>\n<\/tr>\n<tr>\n<td width=\"275\"><strong><b>Rango de medici\u00f3n: <\/b><\/strong>0.01\u03bcg\/L\u00a0~\u00a023.0g\/L\u00a0(0.00~9.36) pNa<\/td>\n<td width=\"293\"><strong><b>Temperatura ambiente:<\/b><\/strong>\u00a05~45\u2103<\/td>\n<\/tr>\n<tr>\n<td width=\"275\"><strong><b>Error de indicaci\u00f3n:<\/b><\/strong>\u00a0\u00b15\u03bcg\/L or \u00b10.03pNa, whichever is greater<\/td>\n<td width=\"293\"><strong><b>Fuente de alimentaci\u00f3n:<\/b><\/strong>\u00a0AC220V 50Hz<\/td>\n<\/tr>\n<tr>\n<td width=\"275\"><strong><b>Resoluci\u00f3n: <\/b><\/strong>0.01\u03bcg\/L<\/td>\n<td width=\"293\"><strong><b>Fuerza:<\/b><\/strong>\u00a0&lt;1W<\/td>\n<\/tr>\n<tr>\n<td width=\"275\"><strong><b>Repetibilidad:<\/b><\/strong>\u00a0\u22641%<\/td>\n<td width=\"293\"><strong><b>Dimensiones:<\/b><\/strong>\u00a0160mmx130mmx60mm; (host)<\/td>\n<\/tr>\n<tr>\n<td width=\"275\"><strong><b>Rango de temperatura: <\/b><\/strong>0.0~100\u2103<\/td>\n<td width=\"293\"><strong><b>Peso:<\/b><\/strong>\u00a01kg<\/td>\n<\/tr>\n<\/tbody>\n<\/table>\n<p>&nbsp;<\/p>","protected":false},"excerpt":{"rendered":"<p>B1030 desktop sodium meter is an intelligent instrument with humanized design, graphic menu, intuitive and easy-to-understand operation, optional Chinese and English, stability judgment and other functions. It can be used in power plants, chemical industry, metallurgy, environmental protection, pharmaceutical, biochemical, food and tap water industries. Instrument features: True color touch screen, beautiful display, simple control. [&hellip;]<\/p>","protected":false},"featured_media":1842,"template":"","meta":{"_uag_custom_page_level_css":"","site-sidebar-layout":"default","site-content-layout":"","ast-site-content-layout":"default","site-content-style":"default","site-sidebar-style":"default","ast-global-header-display":"","ast-banner-title-visibility":"","ast-main-header-display":"","ast-hfb-above-header-display":"","ast-hfb-below-header-display":"","ast-hfb-mobile-header-display":"","site-post-title":"","ast-breadcrumbs-content":"","ast-featured-img":"","footer-sml-layout":"","theme-transparent-header-meta":"default","adv-header-id-meta":"","stick-header-meta":"","header-above-stick-meta":"","header-main-stick-meta":"","header-below-stick-meta":"","astra-migrate-meta-layouts":"set","ast-page-background-enabled":"default","ast-page-background-meta":{"desktop":{"background-color":"var(--ast-global-color-4)","background-image":"","background-repeat":"repeat","background-position":"center center","background-size":"auto","background-attachment":"scroll","background-type":"","background-media":"","overlay-type":"","overlay-color":"","overlay-opacity":"","overlay-gradient":""},"tablet":{"background-color":"","background-image":"","background-repeat":"repeat","background-position":"center center","background-size":"auto","background-attachment":"scroll","background-type":"","background-media":"","overlay-type":"","overlay-color":"","overlay-opacity":"","overlay-gradient":""},"mobile":{"background-color":"","background-image":"","background-repeat":"repeat","background-position":"center center","background-size":"auto","background-attachment":"scroll","background-type":"","background-media":"","overlay-type":"","overlay-color":"","overlay-opacity":"","overlay-gradient":""}},"ast-content-background-meta":{"desktop":{"background-color":"var(--ast-global-color-5)","background-image":"","background-repeat":"repeat","background-position":"center center","background-size":"auto","background-attachment":"scroll","background-type":"","background-media":"","overlay-type":"","overlay-color":"","overlay-opacity":"","overlay-gradient":""},"tablet":{"background-color":"var(--ast-global-color-5)","background-image":"","background-repeat":"repeat","background-position":"center center","background-size":"auto","background-attachment":"scroll","background-type":"","background-media":"","overlay-type":"","overlay-color":"","overlay-opacity":"","overlay-gradient":""},"mobile":{"background-color":"var(--ast-global-color-5)","background-image":"","background-repeat":"repeat","background-position":"center center","background-size":"auto","background-attachment":"scroll","background-type":"","background-media":"","overlay-type":"","overlay-color":"","overlay-opacity":"","overlay-gradient":""}}},"product_cat":[26],"product_tag":[],"class_list":{"0":"post-1744","1":"product","2":"type-product","3":"status-publish","4":"has-post-thumbnail","6":"product_cat-analyzer","7":"desktop-align-left","8":"tablet-align-left","9":"mobile-align-left","11":"first","12":"instock","13":"shipping-taxable","14":"product-type-simple"},"yoast_head":"<!-- This site is optimized with the Yoast SEO Premium plugin v22.5 (Yoast SEO v24.3) - https:\/\/yoast.com\/wordpress\/plugins\/seo\/ -->\r\n<title>Desktop Sodium Meter - Jswaltec Testing machine<\/title>\r\n<meta name=\"description\" content=\"Desktop Sodium Meter - B1030 desktop sodium meter is an intelligent instrument with humanized design, graphic menu, intuitive and easy-to-understand operation, optional Chinese and English, stability judgment and other functions.\" \/>\r\n<meta name=\"robots\" content=\"index, follow, max-snippet:-1, max-image-preview:large, max-video-preview:-1\" \/>\r\n<link rel=\"canonical\" href=\"http:\/\/www.waltec.com.cn\/es\/producto\/desktop-sodium-meter\/\" \/>\r\n<meta property=\"og:locale\" content=\"es_ES\" \/>\r\n<meta property=\"og:type\" content=\"article\" \/>\r\n<meta property=\"og:title\" content=\"Desktop Sodium Meter\" \/>\r\n<meta property=\"og:description\" content=\"Desktop Sodium Meter - B1030 desktop sodium meter is an intelligent instrument with humanized design, graphic menu, intuitive and easy-to-understand operation, optional Chinese and English, stability judgment and other functions.\" \/>\r\n<meta property=\"og:url\" content=\"http:\/\/www.waltec.com.cn\/es\/producto\/desktop-sodium-meter\/\" \/>\r\n<meta property=\"og:site_name\" content=\"Jswaltec Testing machine\" \/>\r\n<meta property=\"article:modified_time\" content=\"2025-01-23T01:22:31+00:00\" \/>\r\n<meta property=\"og:image\" content=\"http:\/\/www.waltec.com.cn\/wp-content\/uploads\/2024\/09\/Desktop-Sodium-Meter.webp\" \/>\r\n\t<meta property=\"og:image:width\" content=\"464\" \/>\r\n\t<meta property=\"og:image:height\" content=\"464\" \/>\r\n\t<meta property=\"og:image:type\" content=\"image\/webp\" \/>\r\n<meta name=\"twitter:card\" content=\"summary_large_image\" \/>\r\n<meta name=\"twitter:label1\" content=\"Tiempo de lectura\" \/>\n\t<meta name=\"twitter:data1\" content=\"1 minuto\" \/>\r\n<script type=\"application\/ld+json\" class=\"yoast-schema-graph\">{\"@context\":\"https:\/\/schema.org\",\"@graph\":[{\"@type\":\"WebPage\",\"@id\":\"http:\/\/www.waltec.com.cn\/product\/desktop-sodium-meter\/\",\"url\":\"http:\/\/www.waltec.com.cn\/product\/desktop-sodium-meter\/\",\"name\":\"Desktop Sodium Meter - Jswaltec Testing machine\",\"isPartOf\":{\"@id\":\"http:\/\/www.waltec.com.cn\/#website\"},\"primaryImageOfPage\":{\"@id\":\"http:\/\/www.waltec.com.cn\/product\/desktop-sodium-meter\/#primaryimage\"},\"image\":{\"@id\":\"http:\/\/www.waltec.com.cn\/product\/desktop-sodium-meter\/#primaryimage\"},\"thumbnailUrl\":\"http:\/\/www.waltec.com.cn\/wp-content\/uploads\/2024\/09\/Desktop-Sodium-Meter.webp\",\"datePublished\":\"2024-09-02T01:06:03+00:00\",\"dateModified\":\"2025-01-23T01:22:31+00:00\",\"description\":\"Desktop Sodium Meter - B1030 desktop sodium meter is an intelligent instrument with humanized design, graphic menu, intuitive and easy-to-understand operation, optional Chinese and English, stability judgment and other functions.\",\"breadcrumb\":{\"@id\":\"http:\/\/www.waltec.com.cn\/product\/desktop-sodium-meter\/#breadcrumb\"},\"inLanguage\":\"es\",\"potentialAction\":[{\"@type\":\"ReadAction\",\"target\":[\"http:\/\/www.waltec.com.cn\/product\/desktop-sodium-meter\/\"]}]},{\"@type\":\"ImageObject\",\"inLanguage\":\"es\",\"@id\":\"http:\/\/www.waltec.com.cn\/product\/desktop-sodium-meter\/#primaryimage\",\"url\":\"http:\/\/www.waltec.com.cn\/wp-content\/uploads\/2024\/09\/Desktop-Sodium-Meter.webp\",\"contentUrl\":\"http:\/\/www.waltec.com.cn\/wp-content\/uploads\/2024\/09\/Desktop-Sodium-Meter.webp\",\"width\":464,\"height\":464},{\"@type\":\"BreadcrumbList\",\"@id\":\"http:\/\/www.waltec.com.cn\/product\/desktop-sodium-meter\/#breadcrumb\",\"itemListElement\":[{\"@type\":\"ListItem\",\"position\":1,\"name\":\"Home\",\"item\":\"http:\/\/www.waltec.com.cn\/\"},{\"@type\":\"ListItem\",\"position\":2,\"name\":\"Products\",\"item\":\"http:\/\/www.waltec.com.cn\/shop\/\"},{\"@type\":\"ListItem\",\"position\":3,\"name\":\"Desktop Sodium Meter\"}]},{\"@type\":\"WebSite\",\"@id\":\"http:\/\/www.waltec.com.cn\/#website\",\"url\":\"http:\/\/www.waltec.com.cn\/\",\"name\":\"Jswaltec Testing machine\",\"description\":\"\",\"publisher\":{\"@id\":\"http:\/\/www.waltec.com.cn\/#organization\"},\"potentialAction\":[{\"@type\":\"SearchAction\",\"target\":{\"@type\":\"EntryPoint\",\"urlTemplate\":\"http:\/\/www.waltec.com.cn\/?s={search_term_string}\"},\"query-input\":{\"@type\":\"PropertyValueSpecification\",\"valueRequired\":true,\"valueName\":\"search_term_string\"}}],\"inLanguage\":\"es\"},{\"@type\":\"Organization\",\"@id\":\"http:\/\/www.waltec.com.cn\/#organization\",\"name\":\"JIANGSU WALLONG-HSIN MACHINERY ENGINEERING CORPORATION LTD.\",\"url\":\"http:\/\/www.waltec.com.cn\/\",\"logo\":{\"@type\":\"ImageObject\",\"inLanguage\":\"es\",\"@id\":\"http:\/\/www.waltec.com.cn\/#\/schema\/logo\/image\/\",\"url\":\"http:\/\/www.waltec.com.cn\/wp-content\/uploads\/2024\/08\/01.jpg\",\"contentUrl\":\"http:\/\/www.waltec.com.cn\/wp-content\/uploads\/2024\/08\/01.jpg\",\"width\":1217,\"height\":221,\"caption\":\"JIANGSU WALLONG-HSIN MACHINERY ENGINEERING CORPORATION LTD.\"},\"image\":{\"@id\":\"http:\/\/www.waltec.com.cn\/#\/schema\/logo\/image\/\"}}]}<\/script>\r\n<!-- \/ Yoast SEO Premium plugin. -->","yoast_head_json":{"title":"Desktop Sodium Meter - Jswaltec Testing machine","description":"Desktop Sodium Meter - B1030 desktop sodium meter is an intelligent instrument with humanized design, graphic menu, intuitive and easy-to-understand operation, optional Chinese and English, stability judgment and other functions.","robots":{"index":"index","follow":"follow","max-snippet":"max-snippet:-1","max-image-preview":"max-image-preview:large","max-video-preview":"max-video-preview:-1"},"canonical":"http:\/\/www.waltec.com.cn\/es\/producto\/desktop-sodium-meter\/","og_locale":"es_ES","og_type":"article","og_title":"Desktop Sodium Meter","og_description":"Desktop Sodium Meter - B1030 desktop sodium meter is an intelligent instrument with humanized design, graphic menu, intuitive and easy-to-understand operation, optional Chinese and English, stability judgment and other functions.","og_url":"http:\/\/www.waltec.com.cn\/es\/producto\/desktop-sodium-meter\/","og_site_name":"Jswaltec Testing machine","article_modified_time":"2025-01-23T01:22:31+00:00","og_image":[{"width":464,"height":464,"url":"http:\/\/www.waltec.com.cn\/wp-content\/uploads\/2024\/09\/Desktop-Sodium-Meter.webp","type":"image\/webp"}],"twitter_card":"summary_large_image","twitter_misc":{"Tiempo de lectura":"1 minuto"},"schema":{"@context":"https:\/\/schema.org","@graph":[{"@type":"WebPage","@id":"http:\/\/www.waltec.com.cn\/product\/desktop-sodium-meter\/","url":"http:\/\/www.waltec.com.cn\/product\/desktop-sodium-meter\/","name":"Desktop Sodium Meter - Jswaltec Testing machine","isPartOf":{"@id":"http:\/\/www.waltec.com.cn\/#website"},"primaryImageOfPage":{"@id":"http:\/\/www.waltec.com.cn\/product\/desktop-sodium-meter\/#primaryimage"},"image":{"@id":"http:\/\/www.waltec.com.cn\/product\/desktop-sodium-meter\/#primaryimage"},"thumbnailUrl":"http:\/\/www.waltec.com.cn\/wp-content\/uploads\/2024\/09\/Desktop-Sodium-Meter.webp","datePublished":"2024-09-02T01:06:03+00:00","dateModified":"2025-01-23T01:22:31+00:00","description":"Desktop Sodium Meter - B1030 desktop sodium meter is an intelligent instrument with humanized design, graphic menu, intuitive and easy-to-understand operation, optional Chinese and English, stability judgment and other functions.","breadcrumb":{"@id":"http:\/\/www.waltec.com.cn\/product\/desktop-sodium-meter\/#breadcrumb"},"inLanguage":"es","potentialAction":[{"@type":"ReadAction","target":["http:\/\/www.waltec.com.cn\/product\/desktop-sodium-meter\/"]}]},{"@type":"ImageObject","inLanguage":"es","@id":"http:\/\/www.waltec.com.cn\/product\/desktop-sodium-meter\/#primaryimage","url":"http:\/\/www.waltec.com.cn\/wp-content\/uploads\/2024\/09\/Desktop-Sodium-Meter.webp","contentUrl":"http:\/\/www.waltec.com.cn\/wp-content\/uploads\/2024\/09\/Desktop-Sodium-Meter.webp","width":464,"height":464},{"@type":"BreadcrumbList","@id":"http:\/\/www.waltec.com.cn\/product\/desktop-sodium-meter\/#breadcrumb","itemListElement":[{"@type":"ListItem","position":1,"name":"Home","item":"http:\/\/www.waltec.com.cn\/"},{"@type":"ListItem","position":2,"name":"Products","item":"http:\/\/www.waltec.com.cn\/shop\/"},{"@type":"ListItem","position":3,"name":"Desktop Sodium Meter"}]},{"@type":"WebSite","@id":"http:\/\/www.waltec.com.cn\/#website","url":"http:\/\/www.waltec.com.cn\/","name":"Jswaltec Testing machine","description":"","publisher":{"@id":"http:\/\/www.waltec.com.cn\/#organization"},"potentialAction":[{"@type":"SearchAction","target":{"@type":"EntryPoint","urlTemplate":"http:\/\/www.waltec.com.cn\/?s={search_term_string}"},"query-input":{"@type":"PropertyValueSpecification","valueRequired":true,"valueName":"search_term_string"}}],"inLanguage":"es"},{"@type":"Organization","@id":"http:\/\/www.waltec.com.cn\/#organization","name":"JIANGSU WALLONG-HSIN MACHINERY ENGINEERING CORPORATION LTD.","url":"http:\/\/www.waltec.com.cn\/","logo":{"@type":"ImageObject","inLanguage":"es","@id":"http:\/\/www.waltec.com.cn\/#\/schema\/logo\/image\/","url":"http:\/\/www.waltec.com.cn\/wp-content\/uploads\/2024\/08\/01.jpg","contentUrl":"http:\/\/www.waltec.com.cn\/wp-content\/uploads\/2024\/08\/01.jpg","width":1217,"height":221,"caption":"JIANGSU WALLONG-HSIN MACHINERY ENGINEERING CORPORATION LTD."},"image":{"@id":"http:\/\/www.waltec.com.cn\/#\/schema\/logo\/image\/"}}]}},"uagb_featured_image_src":{"full":["http:\/\/www.waltec.com.cn\/wp-content\/uploads\/2024\/09\/Desktop-Sodium-Meter.webp",464,464,false],"thumbnail":["http:\/\/www.waltec.com.cn\/wp-content\/uploads\/2024\/09\/Desktop-Sodium-Meter.webp",150,150,false],"medium":["http:\/\/www.waltec.com.cn\/wp-content\/uploads\/2024\/09\/Desktop-Sodium-Meter.webp",300,300,false],"medium_large":["http:\/\/www.waltec.com.cn\/wp-content\/uploads\/2024\/09\/Desktop-Sodium-Meter.webp",464,464,false],"large":["http:\/\/www.waltec.com.cn\/wp-content\/uploads\/2024\/09\/Desktop-Sodium-Meter.webp",464,464,false],"1536x1536":["http:\/\/www.waltec.com.cn\/wp-content\/uploads\/2024\/09\/Desktop-Sodium-Meter.webp",464,464,false],"2048x2048":["http:\/\/www.waltec.com.cn\/wp-content\/uploads\/2024\/09\/Desktop-Sodium-Meter.webp",464,464,false],"trp-custom-language-flag":["http:\/\/www.waltec.com.cn\/wp-content\/uploads\/2024\/09\/Desktop-Sodium-Meter.webp",12,12,false],"woocommerce_thumbnail":["http:\/\/www.waltec.com.cn\/wp-content\/uploads\/2024\/09\/Desktop-Sodium-Meter.webp",300,300,false],"woocommerce_single":["http:\/\/www.waltec.com.cn\/wp-content\/uploads\/2024\/09\/Desktop-Sodium-Meter.webp",464,464,false],"woocommerce_gallery_thumbnail":["http:\/\/www.waltec.com.cn\/wp-content\/uploads\/2024\/09\/Desktop-Sodium-Meter.webp",100,100,false]},"uagb_author_info":{"display_name":"Jswaltec","author_link":"http:\/\/www.waltec.com.cn\/es\/author\/"},"uagb_comment_info":0,"uagb_excerpt":"B1030 desktop sodium meter is an intelligent instrument with humanized design, graphic menu, intuitive and easy-to-understand operation, optional Chinese and English, stability judgment and other functions. It can be used in power plants, chemical industry, metallurgy, environmental protection, pharmaceutical, biochemical, food and tap water industries. Instrument features: True color touch screen, beautiful display, simple control.&hellip;","_links":{"self":[{"href":"http:\/\/www.waltec.com.cn\/es\/wp-json\/wp\/v2\/product\/1744","targetHints":{"allow":["GET"]}}],"collection":[{"href":"http:\/\/www.waltec.com.cn\/es\/wp-json\/wp\/v2\/product"}],"about":[{"href":"http:\/\/www.waltec.com.cn\/es\/wp-json\/wp\/v2\/types\/product"}],"wp:featuredmedia":[{"embeddable":true,"href":"http:\/\/www.waltec.com.cn\/es\/wp-json\/wp\/v2\/media\/1842"}],"wp:attachment":[{"href":"http:\/\/www.waltec.com.cn\/es\/wp-json\/wp\/v2\/media?parent=1744"}],"wp:term":[{"taxonomy":"product_cat","embeddable":true,"href":"http:\/\/www.waltec.com.cn\/es\/wp-json\/wp\/v2\/product_cat?post=1744"},{"taxonomy":"product_tag","embeddable":true,"href":"http:\/\/www.waltec.com.cn\/es\/wp-json\/wp\/v2\/product_tag?post=1744"}],"curies":[{"name":"wp","href":"https:\/\/api.w.org\/{rel}","templated":true}]}}