{"id":1746,"date":"2024-09-02T10:10:09","date_gmt":"2024-09-02T02:10:09","guid":{"rendered":"http:\/\/www.waltec.com.cn\/?post_type=product&#038;p=1746"},"modified":"2025-01-23T09:24:22","modified_gmt":"2025-01-23T01:24:22","slug":"digestive-instrument","status":"publish","type":"product","link":"http:\/\/www.waltec.com.cn\/es\/producto\/digestive-instrument\/","title":{"rendered":"Instrumento digestivo"},"content":{"rendered":"<p>El dispositivo de digesti\u00f3n B1260 (16 orificios) es un dispositivo de digesti\u00f3n econ\u00f3mico y r\u00e1pido con un dise\u00f1o funcional inteligente, que puede realizar un pretratamiento de DQO, nitr\u00f3geno total, f\u00f3sforo total y otras muestras de agua. Clasificaci\u00f3n de calidad del agua con m\u00faltiples par\u00e1metros para el uso de instrumentos de an\u00e1lisis de combinaci\u00f3n de productos.<\/p>\n<p><strong><b>Caracter\u00edsticas del instrumento:<\/b><\/strong><\/p>\n<ol>\n<li>El instrumento se utiliza com\u00fanmente para calentar y digerir elementos de detecci\u00f3n como DQO, f\u00f3sforo total, nitr\u00f3geno total y cromo total.<\/li>\n<li>Al adoptar la tecnolog\u00eda de control de temperatura PID inteligente, el calentamiento es uniforme y el tiempo de calentamiento es r\u00e1pido.<\/li>\n<li>Cada etapa del proceso de digesti\u00f3n est\u00e1 equipada con avisos de alarma para garantizar una digesti\u00f3n r\u00e1pida y segura.<\/li>\n<li>Equipado con una pantalla a color, muestra par\u00e1metros en tiempo real como la temperatura actual, la hora establecida y el tiempo restante.<\/li>\n<li>Admite configuraciones definidas por el usuario, la temperatura se puede configurar entre 35 y 200 \u00b0 C, el tiempo se puede configurar entre 1 y 999 minutos y la operaci\u00f3n es simple.<\/li>\n<\/ol>\n<table>\n<tbody>\n<tr>\n<td colspan=\"2\" width=\"560\"><strong><b>Par\u00e1metros t\u00e9cnicos<\/b><\/strong><\/td>\n<\/tr>\n<tr>\n<td width=\"265\"><strong><b>Cantidad de digesti\u00f3n: <\/b><\/strong>16<\/td>\n<td width=\"294\"><strong><b>Funci\u00f3n de sincronizaci\u00f3n: <\/b><\/strong>yes<\/td>\n<\/tr>\n<tr>\n<td width=\"265\"><strong><b>Velocidad de calentamiento:<\/b><\/strong>\u00a0Alcanza la temperatura establecida de 165 \u2103 en 5 minutos.<\/td>\n<td width=\"294\"><strong><b>Modo personalizado:<\/b><\/strong>\u00a0yes<\/td>\n<\/tr>\n<tr>\n<td width=\"265\"><strong><b>Capacidad de digesti\u00f3n:<\/b><\/strong>\u00a00-10mL<\/td>\n<td width=\"294\"><strong><b>Indicaci\u00f3n para completar la digesti\u00f3n: <\/b><\/strong>yes<\/td>\n<\/tr>\n<tr>\n<td width=\"265\"><strong><b>Precisi\u00f3n del control de temperatura:<\/b><\/strong>\u00a0\u00b1 1\u2103<\/td>\n<td width=\"294\"><strong><b>Potencia nominal:<\/b><\/strong>\u00a0900W<\/td>\n<\/tr>\n<tr>\n<td width=\"265\"><strong><b>Temperatura de digesti\u00f3n: <\/b><\/strong>35-200 \u2103 ajustable (temperatura objetivo, control de temperatura constante)<\/td>\n<td width=\"294\"><strong><b>Dimensiones exteriores: <\/b><\/strong>353 x 220 x 125 (mm)<\/td>\n<\/tr>\n<tr>\n<td width=\"265\"><strong><b>Configuraci\u00f3n de hora: <\/b><\/strong>0-999 min (aviso sonoro al final de la digesti\u00f3n)<\/td>\n<td width=\"294\"><strong><b>Peso del instrumento:<\/b><\/strong>\u00a06kg<\/td>\n<\/tr>\n<\/tbody>\n<\/table>\n<p>&nbsp;<\/p>","protected":false},"excerpt":{"rendered":"<p>The B1260 digestion device (16 holes) is an economical and fast digestion device with intelligent functional design, which can perform pre-treatment of COD, total nitrogen, total phosphorus and other water samples. Multi parameter water quality classification for product matching analysis instrument usage. Instrument features: The instrument is commonly used for heating and digestion in detection [&hellip;]<\/p>","protected":false},"featured_media":1843,"template":"","meta":{"_uag_custom_page_level_css":"","site-sidebar-layout":"default","site-content-layout":"","ast-site-content-layout":"default","site-content-style":"default","site-sidebar-style":"default","ast-global-header-display":"","ast-banner-title-visibility":"","ast-main-header-display":"","ast-hfb-above-header-display":"","ast-hfb-below-header-display":"","ast-hfb-mobile-header-display":"","site-post-title":"","ast-breadcrumbs-content":"","ast-featured-img":"","footer-sml-layout":"","theme-transparent-header-meta":"default","adv-header-id-meta":"","stick-header-meta":"","header-above-stick-meta":"","header-main-stick-meta":"","header-below-stick-meta":"","astra-migrate-meta-layouts":"set","ast-page-background-enabled":"default","ast-page-background-meta":{"desktop":{"background-color":"var(--ast-global-color-4)","background-image":"","background-repeat":"repeat","background-position":"center center","background-size":"auto","background-attachment":"scroll","background-type":"","background-media":"","overlay-type":"","overlay-color":"","overlay-opacity":"","overlay-gradient":""},"tablet":{"background-color":"","background-image":"","background-repeat":"repeat","background-position":"center center","background-size":"auto","background-attachment":"scroll","background-type":"","background-media":"","overlay-type":"","overlay-color":"","overlay-opacity":"","overlay-gradient":""},"mobile":{"background-color":"","background-image":"","background-repeat":"repeat","background-position":"center center","background-size":"auto","background-attachment":"scroll","background-type":"","background-media":"","overlay-type":"","overlay-color":"","overlay-opacity":"","overlay-gradient":""}},"ast-content-background-meta":{"desktop":{"background-color":"var(--ast-global-color-5)","background-image":"","background-repeat":"repeat","background-position":"center center","background-size":"auto","background-attachment":"scroll","background-type":"","background-media":"","overlay-type":"","overlay-color":"","overlay-opacity":"","overlay-gradient":""},"tablet":{"background-color":"var(--ast-global-color-5)","background-image":"","background-repeat":"repeat","background-position":"center center","background-size":"auto","background-attachment":"scroll","background-type":"","background-media":"","overlay-type":"","overlay-color":"","overlay-opacity":"","overlay-gradient":""},"mobile":{"background-color":"var(--ast-global-color-5)","background-image":"","background-repeat":"repeat","background-position":"center center","background-size":"auto","background-attachment":"scroll","background-type":"","background-media":"","overlay-type":"","overlay-color":"","overlay-opacity":"","overlay-gradient":""}}},"product_cat":[26],"product_tag":[],"class_list":{"0":"post-1746","1":"product","2":"type-product","3":"status-publish","4":"has-post-thumbnail","6":"product_cat-analyzer","7":"desktop-align-left","8":"tablet-align-left","9":"mobile-align-left","11":"first","12":"instock","13":"shipping-taxable","14":"product-type-simple"},"yoast_head":"<!-- This site is optimized with the Yoast SEO Premium plugin v22.5 (Yoast SEO v24.3) - https:\/\/yoast.com\/wordpress\/plugins\/seo\/ -->\r\n<title>Digestive Instrument - Jswaltec Testing machine<\/title>\r\n<meta name=\"description\" content=\"Digestive Instrument - The B1260 digestion device (16 holes) is an economical and fast digestion device with intelligent functional design, which can perform pre-treatment of COD, total nitrogen, total phosphorus and other water samples.\" \/>\r\n<meta name=\"robots\" content=\"index, follow, max-snippet:-1, max-image-preview:large, max-video-preview:-1\" \/>\r\n<link rel=\"canonical\" href=\"http:\/\/www.waltec.com.cn\/es\/producto\/digestive-instrument\/\" \/>\r\n<meta property=\"og:locale\" content=\"es_ES\" \/>\r\n<meta property=\"og:type\" content=\"article\" \/>\r\n<meta property=\"og:title\" content=\"Digestive Instrument\" \/>\r\n<meta property=\"og:description\" content=\"Digestive Instrument - The B1260 digestion device (16 holes) is an economical and fast digestion device with intelligent functional design, which can perform pre-treatment of COD, total nitrogen, total phosphorus and other water samples.\" \/>\r\n<meta property=\"og:url\" content=\"http:\/\/www.waltec.com.cn\/es\/producto\/digestive-instrument\/\" \/>\r\n<meta property=\"og:site_name\" content=\"Jswaltec Testing machine\" \/>\r\n<meta property=\"article:modified_time\" content=\"2025-01-23T01:24:22+00:00\" \/>\r\n<meta property=\"og:image\" content=\"http:\/\/www.waltec.com.cn\/wp-content\/uploads\/2024\/09\/Digestive-Instrument.webp\" \/>\r\n\t<meta property=\"og:image:width\" content=\"448\" \/>\r\n\t<meta property=\"og:image:height\" content=\"448\" \/>\r\n\t<meta property=\"og:image:type\" content=\"image\/webp\" \/>\r\n<meta name=\"twitter:card\" content=\"summary_large_image\" \/>\r\n<meta name=\"twitter:label1\" content=\"Tiempo de lectura\" \/>\n\t<meta name=\"twitter:data1\" content=\"2 minutos\" \/>\r\n<script type=\"application\/ld+json\" class=\"yoast-schema-graph\">{\"@context\":\"https:\/\/schema.org\",\"@graph\":[{\"@type\":\"WebPage\",\"@id\":\"http:\/\/www.waltec.com.cn\/product\/digestive-instrument\/\",\"url\":\"http:\/\/www.waltec.com.cn\/product\/digestive-instrument\/\",\"name\":\"Digestive Instrument - Jswaltec Testing machine\",\"isPartOf\":{\"@id\":\"http:\/\/www.waltec.com.cn\/#website\"},\"primaryImageOfPage\":{\"@id\":\"http:\/\/www.waltec.com.cn\/product\/digestive-instrument\/#primaryimage\"},\"image\":{\"@id\":\"http:\/\/www.waltec.com.cn\/product\/digestive-instrument\/#primaryimage\"},\"thumbnailUrl\":\"http:\/\/www.waltec.com.cn\/wp-content\/uploads\/2024\/09\/Digestive-Instrument.webp\",\"datePublished\":\"2024-09-02T02:10:09+00:00\",\"dateModified\":\"2025-01-23T01:24:22+00:00\",\"description\":\"Digestive Instrument - The B1260 digestion device (16 holes) is an economical and fast digestion device with intelligent functional design, which can perform pre-treatment of COD, total nitrogen, total phosphorus and other water samples.\",\"breadcrumb\":{\"@id\":\"http:\/\/www.waltec.com.cn\/product\/digestive-instrument\/#breadcrumb\"},\"inLanguage\":\"es\",\"potentialAction\":[{\"@type\":\"ReadAction\",\"target\":[\"http:\/\/www.waltec.com.cn\/product\/digestive-instrument\/\"]}]},{\"@type\":\"ImageObject\",\"inLanguage\":\"es\",\"@id\":\"http:\/\/www.waltec.com.cn\/product\/digestive-instrument\/#primaryimage\",\"url\":\"http:\/\/www.waltec.com.cn\/wp-content\/uploads\/2024\/09\/Digestive-Instrument.webp\",\"contentUrl\":\"http:\/\/www.waltec.com.cn\/wp-content\/uploads\/2024\/09\/Digestive-Instrument.webp\",\"width\":448,\"height\":448},{\"@type\":\"BreadcrumbList\",\"@id\":\"http:\/\/www.waltec.com.cn\/product\/digestive-instrument\/#breadcrumb\",\"itemListElement\":[{\"@type\":\"ListItem\",\"position\":1,\"name\":\"Home\",\"item\":\"http:\/\/www.waltec.com.cn\/\"},{\"@type\":\"ListItem\",\"position\":2,\"name\":\"Products\",\"item\":\"http:\/\/www.waltec.com.cn\/shop\/\"},{\"@type\":\"ListItem\",\"position\":3,\"name\":\"Digestive Instrument\"}]},{\"@type\":\"WebSite\",\"@id\":\"http:\/\/www.waltec.com.cn\/#website\",\"url\":\"http:\/\/www.waltec.com.cn\/\",\"name\":\"Jswaltec Testing machine\",\"description\":\"\",\"publisher\":{\"@id\":\"http:\/\/www.waltec.com.cn\/#organization\"},\"potentialAction\":[{\"@type\":\"SearchAction\",\"target\":{\"@type\":\"EntryPoint\",\"urlTemplate\":\"http:\/\/www.waltec.com.cn\/?s={search_term_string}\"},\"query-input\":{\"@type\":\"PropertyValueSpecification\",\"valueRequired\":true,\"valueName\":\"search_term_string\"}}],\"inLanguage\":\"es\"},{\"@type\":\"Organization\",\"@id\":\"http:\/\/www.waltec.com.cn\/#organization\",\"name\":\"JIANGSU WALLONG-HSIN MACHINERY ENGINEERING CORPORATION LTD.\",\"url\":\"http:\/\/www.waltec.com.cn\/\",\"logo\":{\"@type\":\"ImageObject\",\"inLanguage\":\"es\",\"@id\":\"http:\/\/www.waltec.com.cn\/#\/schema\/logo\/image\/\",\"url\":\"http:\/\/www.waltec.com.cn\/wp-content\/uploads\/2024\/08\/01.jpg\",\"contentUrl\":\"http:\/\/www.waltec.com.cn\/wp-content\/uploads\/2024\/08\/01.jpg\",\"width\":1217,\"height\":221,\"caption\":\"JIANGSU WALLONG-HSIN MACHINERY ENGINEERING CORPORATION LTD.\"},\"image\":{\"@id\":\"http:\/\/www.waltec.com.cn\/#\/schema\/logo\/image\/\"}}]}<\/script>\r\n<!-- \/ Yoast SEO Premium plugin. -->","yoast_head_json":{"title":"Digestive Instrument - Jswaltec Testing machine","description":"Digestive Instrument - The B1260 digestion device (16 holes) is an economical and fast digestion device with intelligent functional design, which can perform pre-treatment of COD, total nitrogen, total phosphorus and other water samples.","robots":{"index":"index","follow":"follow","max-snippet":"max-snippet:-1","max-image-preview":"max-image-preview:large","max-video-preview":"max-video-preview:-1"},"canonical":"http:\/\/www.waltec.com.cn\/es\/producto\/digestive-instrument\/","og_locale":"es_ES","og_type":"article","og_title":"Digestive Instrument","og_description":"Digestive Instrument - The B1260 digestion device (16 holes) is an economical and fast digestion device with intelligent functional design, which can perform pre-treatment of COD, total nitrogen, total phosphorus and other water samples.","og_url":"http:\/\/www.waltec.com.cn\/es\/producto\/digestive-instrument\/","og_site_name":"Jswaltec Testing machine","article_modified_time":"2025-01-23T01:24:22+00:00","og_image":[{"width":448,"height":448,"url":"http:\/\/www.waltec.com.cn\/wp-content\/uploads\/2024\/09\/Digestive-Instrument.webp","type":"image\/webp"}],"twitter_card":"summary_large_image","twitter_misc":{"Tiempo de lectura":"2 minutos"},"schema":{"@context":"https:\/\/schema.org","@graph":[{"@type":"WebPage","@id":"http:\/\/www.waltec.com.cn\/product\/digestive-instrument\/","url":"http:\/\/www.waltec.com.cn\/product\/digestive-instrument\/","name":"Digestive Instrument - Jswaltec Testing machine","isPartOf":{"@id":"http:\/\/www.waltec.com.cn\/#website"},"primaryImageOfPage":{"@id":"http:\/\/www.waltec.com.cn\/product\/digestive-instrument\/#primaryimage"},"image":{"@id":"http:\/\/www.waltec.com.cn\/product\/digestive-instrument\/#primaryimage"},"thumbnailUrl":"http:\/\/www.waltec.com.cn\/wp-content\/uploads\/2024\/09\/Digestive-Instrument.webp","datePublished":"2024-09-02T02:10:09+00:00","dateModified":"2025-01-23T01:24:22+00:00","description":"Digestive Instrument - The B1260 digestion device (16 holes) is an economical and fast digestion device with intelligent functional design, which can perform pre-treatment of COD, total nitrogen, total phosphorus and other water samples.","breadcrumb":{"@id":"http:\/\/www.waltec.com.cn\/product\/digestive-instrument\/#breadcrumb"},"inLanguage":"es","potentialAction":[{"@type":"ReadAction","target":["http:\/\/www.waltec.com.cn\/product\/digestive-instrument\/"]}]},{"@type":"ImageObject","inLanguage":"es","@id":"http:\/\/www.waltec.com.cn\/product\/digestive-instrument\/#primaryimage","url":"http:\/\/www.waltec.com.cn\/wp-content\/uploads\/2024\/09\/Digestive-Instrument.webp","contentUrl":"http:\/\/www.waltec.com.cn\/wp-content\/uploads\/2024\/09\/Digestive-Instrument.webp","width":448,"height":448},{"@type":"BreadcrumbList","@id":"http:\/\/www.waltec.com.cn\/product\/digestive-instrument\/#breadcrumb","itemListElement":[{"@type":"ListItem","position":1,"name":"Home","item":"http:\/\/www.waltec.com.cn\/"},{"@type":"ListItem","position":2,"name":"Products","item":"http:\/\/www.waltec.com.cn\/shop\/"},{"@type":"ListItem","position":3,"name":"Digestive Instrument"}]},{"@type":"WebSite","@id":"http:\/\/www.waltec.com.cn\/#website","url":"http:\/\/www.waltec.com.cn\/","name":"Jswaltec Testing machine","description":"","publisher":{"@id":"http:\/\/www.waltec.com.cn\/#organization"},"potentialAction":[{"@type":"SearchAction","target":{"@type":"EntryPoint","urlTemplate":"http:\/\/www.waltec.com.cn\/?s={search_term_string}"},"query-input":{"@type":"PropertyValueSpecification","valueRequired":true,"valueName":"search_term_string"}}],"inLanguage":"es"},{"@type":"Organization","@id":"http:\/\/www.waltec.com.cn\/#organization","name":"JIANGSU WALLONG-HSIN MACHINERY ENGINEERING CORPORATION LTD.","url":"http:\/\/www.waltec.com.cn\/","logo":{"@type":"ImageObject","inLanguage":"es","@id":"http:\/\/www.waltec.com.cn\/#\/schema\/logo\/image\/","url":"http:\/\/www.waltec.com.cn\/wp-content\/uploads\/2024\/08\/01.jpg","contentUrl":"http:\/\/www.waltec.com.cn\/wp-content\/uploads\/2024\/08\/01.jpg","width":1217,"height":221,"caption":"JIANGSU WALLONG-HSIN MACHINERY ENGINEERING CORPORATION LTD."},"image":{"@id":"http:\/\/www.waltec.com.cn\/#\/schema\/logo\/image\/"}}]}},"uagb_featured_image_src":{"full":["http:\/\/www.waltec.com.cn\/wp-content\/uploads\/2024\/09\/Digestive-Instrument.webp",448,448,false],"thumbnail":["http:\/\/www.waltec.com.cn\/wp-content\/uploads\/2024\/09\/Digestive-Instrument.webp",150,150,false],"medium":["http:\/\/www.waltec.com.cn\/wp-content\/uploads\/2024\/09\/Digestive-Instrument.webp",300,300,false],"medium_large":["http:\/\/www.waltec.com.cn\/wp-content\/uploads\/2024\/09\/Digestive-Instrument.webp",448,448,false],"large":["http:\/\/www.waltec.com.cn\/wp-content\/uploads\/2024\/09\/Digestive-Instrument.webp",448,448,false],"1536x1536":["http:\/\/www.waltec.com.cn\/wp-content\/uploads\/2024\/09\/Digestive-Instrument.webp",448,448,false],"2048x2048":["http:\/\/www.waltec.com.cn\/wp-content\/uploads\/2024\/09\/Digestive-Instrument.webp",448,448,false],"trp-custom-language-flag":["http:\/\/www.waltec.com.cn\/wp-content\/uploads\/2024\/09\/Digestive-Instrument.webp",12,12,false],"woocommerce_thumbnail":["http:\/\/www.waltec.com.cn\/wp-content\/uploads\/2024\/09\/Digestive-Instrument.webp",300,300,false],"woocommerce_single":["http:\/\/www.waltec.com.cn\/wp-content\/uploads\/2024\/09\/Digestive-Instrument.webp",448,448,false],"woocommerce_gallery_thumbnail":["http:\/\/www.waltec.com.cn\/wp-content\/uploads\/2024\/09\/Digestive-Instrument.webp",100,100,false]},"uagb_author_info":{"display_name":"Jswaltec","author_link":"http:\/\/www.waltec.com.cn\/es\/author\/"},"uagb_comment_info":0,"uagb_excerpt":"The B1260 digestion device (16 holes) is an economical and fast digestion device with intelligent functional design, which can perform pre-treatment of COD, total nitrogen, total phosphorus and other water samples. Multi parameter water quality classification for product matching analysis instrument usage. Instrument features: The instrument is commonly used for heating and digestion in detection&hellip;","_links":{"self":[{"href":"http:\/\/www.waltec.com.cn\/es\/wp-json\/wp\/v2\/product\/1746","targetHints":{"allow":["GET"]}}],"collection":[{"href":"http:\/\/www.waltec.com.cn\/es\/wp-json\/wp\/v2\/product"}],"about":[{"href":"http:\/\/www.waltec.com.cn\/es\/wp-json\/wp\/v2\/types\/product"}],"wp:featuredmedia":[{"embeddable":true,"href":"http:\/\/www.waltec.com.cn\/es\/wp-json\/wp\/v2\/media\/1843"}],"wp:attachment":[{"href":"http:\/\/www.waltec.com.cn\/es\/wp-json\/wp\/v2\/media?parent=1746"}],"wp:term":[{"taxonomy":"product_cat","embeddable":true,"href":"http:\/\/www.waltec.com.cn\/es\/wp-json\/wp\/v2\/product_cat?post=1746"},{"taxonomy":"product_tag","embeddable":true,"href":"http:\/\/www.waltec.com.cn\/es\/wp-json\/wp\/v2\/product_tag?post=1746"}],"curies":[{"name":"wp","href":"https:\/\/api.w.org\/{rel}","templated":true}]}}