{"id":1749,"date":"2024-09-02T10:39:51","date_gmt":"2024-09-02T02:39:51","guid":{"rendered":"http:\/\/www.waltec.com.cn\/?post_type=product&#038;p=1749"},"modified":"2025-01-23T09:38:00","modified_gmt":"2025-01-23T01:38:00","slug":"iron-analyzer","status":"publish","type":"product","link":"http:\/\/www.waltec.com.cn\/es\/producto\/iron-analyzer\/","title":{"rendered":"analizador de hierro"},"content":{"rendered":"<p>El analizador de hierro B1080 es un instrumento de precisi\u00f3n, el instrumento adopta un dise\u00f1o humanizado, una operaci\u00f3n simple y f\u00e1cil de entender, la fuente de luz utiliza una fuente de luz fr\u00eda monocrom\u00e1tica de alta calidad, que se puede utilizar en plantas de energ\u00eda, industria qu\u00edmica, metalurgia, protecci\u00f3n del medio ambiente, farmac\u00e9utica, bioqu\u00edmica, alimentos y agua del grifo y otras industrias.<\/p>\n<p><strong><b>Caracter\u00edsticas del instrumento:<\/b><\/strong><\/p>\n<ol>\n<li>Utilizando una pantalla LCD a color, hermosa visualizaci\u00f3n, datos claros.<\/li>\n<li>El men\u00fa gr\u00e1fico es sencillo de manipular y el idioma es chino.<\/li>\n<li>El interior utiliza una fuente de luz fr\u00eda monocrom\u00e1tica de alta calidad para garantizar la precisi\u00f3n de la medici\u00f3n.<\/li>\n<li>La operaci\u00f3n de calibraci\u00f3n del instrumento es sencilla y el valor de milivoltios el\u00e9ctricos es estable.<\/li>\n<li>La apariencia es moderna y hermosa, el material de la carcasa es bueno, s\u00f3lido y duradero.<strong style=\"font-size: 16px;\"><b>\u00a0<\/b><\/strong><\/li>\n<\/ol>\n<table>\n<tbody>\n<tr>\n<td colspan=\"2\" width=\"568\"><strong><b>Par\u00e1metros t\u00e9cnicos<\/b><\/strong><\/td>\n<\/tr>\n<tr>\n<td width=\"285\"><strong><b>Rango de medici\u00f3n: <\/b><\/strong>0-200 ug\/L<\/td>\n<td width=\"282\"><strong><b>Temperatura ambiente:<\/b><\/strong>\u00a0(5~45)\u00b0 C<\/td>\n<\/tr>\n<tr>\n<td width=\"285\"><strong><b>Error de indicaci\u00f3n:<\/b><\/strong>\u00a0\u00b12%F.S<\/td>\n<td width=\"282\"><strong><b>Fuente de alimentaci\u00f3n:<\/b><\/strong>\u00a0AC220V 50Hz<\/td>\n<\/tr>\n<tr>\n<td width=\"285\"><strong><b>Resoluci\u00f3n:<\/b><\/strong>\u00a00.01ug\/L<\/td>\n<td width=\"282\"><strong><b>Fuerza:<\/b><\/strong>\u00a0&lt;15w<\/td>\n<\/tr>\n<tr>\n<td width=\"285\"><strong><b>Repetibilidad:<\/b><\/strong>\u00a0\u22641%<\/td>\n<td width=\"282\"><strong><b>Tama\u00f1o:<\/b><\/strong>\u00a0320mm\u00d7270mm\u00d7290mm<\/td>\n<\/tr>\n<tr>\n<td width=\"285\"><strong><b>Temperatura de la muestra de agua: <\/b><\/strong>(5~ 60)\u00b0 C<\/td>\n<td width=\"282\"><strong><b>Peso: <\/b><\/strong>2kg<\/td>\n<\/tr>\n<\/tbody>\n<\/table>\n<p>&nbsp;<\/p>","protected":false},"excerpt":{"rendered":"<p>B1080 Iron analyzer is a precision instrument, the instrument adopts humanized design, simple operation and easy to understand, the light source uses monochrome high-quality cold light source, which can be used in power plant, chemical industry, metallurgy, environmental protection, pharmaceutical, biochemical, food and tap water and other industries. Instrument features: Using LCD color screen, beautiful [&hellip;]<\/p>","protected":false},"featured_media":1913,"template":"","meta":{"_uag_custom_page_level_css":"","site-sidebar-layout":"default","site-content-layout":"","ast-site-content-layout":"default","site-content-style":"default","site-sidebar-style":"default","ast-global-header-display":"","ast-banner-title-visibility":"","ast-main-header-display":"","ast-hfb-above-header-display":"","ast-hfb-below-header-display":"","ast-hfb-mobile-header-display":"","site-post-title":"","ast-breadcrumbs-content":"","ast-featured-img":"","footer-sml-layout":"","theme-transparent-header-meta":"default","adv-header-id-meta":"","stick-header-meta":"","header-above-stick-meta":"","header-main-stick-meta":"","header-below-stick-meta":"","astra-migrate-meta-layouts":"set","ast-page-background-enabled":"default","ast-page-background-meta":{"desktop":{"background-color":"var(--ast-global-color-4)","background-image":"","background-repeat":"repeat","background-position":"center center","background-size":"auto","background-attachment":"scroll","background-type":"","background-media":"","overlay-type":"","overlay-color":"","overlay-opacity":"","overlay-gradient":""},"tablet":{"background-color":"","background-image":"","background-repeat":"repeat","background-position":"center center","background-size":"auto","background-attachment":"scroll","background-type":"","background-media":"","overlay-type":"","overlay-color":"","overlay-opacity":"","overlay-gradient":""},"mobile":{"background-color":"","background-image":"","background-repeat":"repeat","background-position":"center center","background-size":"auto","background-attachment":"scroll","background-type":"","background-media":"","overlay-type":"","overlay-color":"","overlay-opacity":"","overlay-gradient":""}},"ast-content-background-meta":{"desktop":{"background-color":"var(--ast-global-color-5)","background-image":"","background-repeat":"repeat","background-position":"center center","background-size":"auto","background-attachment":"scroll","background-type":"","background-media":"","overlay-type":"","overlay-color":"","overlay-opacity":"","overlay-gradient":""},"tablet":{"background-color":"var(--ast-global-color-5)","background-image":"","background-repeat":"repeat","background-position":"center center","background-size":"auto","background-attachment":"scroll","background-type":"","background-media":"","overlay-type":"","overlay-color":"","overlay-opacity":"","overlay-gradient":""},"mobile":{"background-color":"var(--ast-global-color-5)","background-image":"","background-repeat":"repeat","background-position":"center center","background-size":"auto","background-attachment":"scroll","background-type":"","background-media":"","overlay-type":"","overlay-color":"","overlay-opacity":"","overlay-gradient":""}}},"product_cat":[26],"product_tag":[],"class_list":{"0":"post-1749","1":"product","2":"type-product","3":"status-publish","4":"has-post-thumbnail","6":"product_cat-analyzer","7":"desktop-align-left","8":"tablet-align-left","9":"mobile-align-left","11":"first","12":"instock","13":"shipping-taxable","14":"product-type-simple"},"yoast_head":"<!-- This site is optimized with the Yoast SEO Premium plugin v22.5 (Yoast SEO v24.3) - https:\/\/yoast.com\/wordpress\/plugins\/seo\/ -->\r\n<title>Iron analyzer - Jswaltec Testing machine<\/title>\r\n<meta name=\"description\" content=\"Iron analyzer - B1080 Iron analyzer is a precision instrument, the instrument adopts humanized design, simple operation and easy to understand.\" \/>\r\n<meta name=\"robots\" content=\"index, follow, max-snippet:-1, max-image-preview:large, max-video-preview:-1\" \/>\r\n<link rel=\"canonical\" href=\"http:\/\/www.waltec.com.cn\/es\/producto\/iron-analyzer\/\" \/>\r\n<meta property=\"og:locale\" content=\"es_ES\" \/>\r\n<meta property=\"og:type\" content=\"article\" \/>\r\n<meta property=\"og:title\" content=\"Iron analyzer\" \/>\r\n<meta property=\"og:description\" content=\"Iron analyzer - B1080 Iron analyzer is a precision instrument, the instrument adopts humanized design, simple operation and easy to understand.\" \/>\r\n<meta property=\"og:url\" content=\"http:\/\/www.waltec.com.cn\/es\/producto\/iron-analyzer\/\" \/>\r\n<meta property=\"og:site_name\" content=\"Jswaltec Testing machine\" \/>\r\n<meta property=\"article:modified_time\" content=\"2025-01-23T01:38:00+00:00\" \/>\r\n<meta property=\"og:image\" content=\"http:\/\/www.waltec.com.cn\/wp-content\/uploads\/2024\/10\/56239b43-8d3a-44a0-8607-4c4691b7787d.webp\" \/>\r\n\t<meta property=\"og:image:width\" content=\"554\" \/>\r\n\t<meta property=\"og:image:height\" content=\"554\" \/>\r\n\t<meta property=\"og:image:type\" content=\"image\/webp\" \/>\r\n<meta name=\"twitter:card\" content=\"summary_large_image\" \/>\r\n<meta name=\"twitter:label1\" content=\"Tiempo de lectura\" \/>\n\t<meta name=\"twitter:data1\" content=\"1 minuto\" \/>\r\n<script type=\"application\/ld+json\" class=\"yoast-schema-graph\">{\"@context\":\"https:\/\/schema.org\",\"@graph\":[{\"@type\":\"WebPage\",\"@id\":\"http:\/\/www.waltec.com.cn\/product\/iron-analyzer\/\",\"url\":\"http:\/\/www.waltec.com.cn\/product\/iron-analyzer\/\",\"name\":\"Iron analyzer - Jswaltec Testing machine\",\"isPartOf\":{\"@id\":\"http:\/\/www.waltec.com.cn\/#website\"},\"primaryImageOfPage\":{\"@id\":\"http:\/\/www.waltec.com.cn\/product\/iron-analyzer\/#primaryimage\"},\"image\":{\"@id\":\"http:\/\/www.waltec.com.cn\/product\/iron-analyzer\/#primaryimage\"},\"thumbnailUrl\":\"http:\/\/www.waltec.com.cn\/wp-content\/uploads\/2024\/10\/56239b43-8d3a-44a0-8607-4c4691b7787d.webp\",\"datePublished\":\"2024-09-02T02:39:51+00:00\",\"dateModified\":\"2025-01-23T01:38:00+00:00\",\"description\":\"Iron analyzer - B1080 Iron analyzer is a precision instrument, the instrument adopts humanized design, simple operation and easy to understand.\",\"breadcrumb\":{\"@id\":\"http:\/\/www.waltec.com.cn\/product\/iron-analyzer\/#breadcrumb\"},\"inLanguage\":\"es\",\"potentialAction\":[{\"@type\":\"ReadAction\",\"target\":[\"http:\/\/www.waltec.com.cn\/product\/iron-analyzer\/\"]}]},{\"@type\":\"ImageObject\",\"inLanguage\":\"es\",\"@id\":\"http:\/\/www.waltec.com.cn\/product\/iron-analyzer\/#primaryimage\",\"url\":\"http:\/\/www.waltec.com.cn\/wp-content\/uploads\/2024\/10\/56239b43-8d3a-44a0-8607-4c4691b7787d.webp\",\"contentUrl\":\"http:\/\/www.waltec.com.cn\/wp-content\/uploads\/2024\/10\/56239b43-8d3a-44a0-8607-4c4691b7787d.webp\",\"width\":554,\"height\":554},{\"@type\":\"BreadcrumbList\",\"@id\":\"http:\/\/www.waltec.com.cn\/product\/iron-analyzer\/#breadcrumb\",\"itemListElement\":[{\"@type\":\"ListItem\",\"position\":1,\"name\":\"Home\",\"item\":\"http:\/\/www.waltec.com.cn\/\"},{\"@type\":\"ListItem\",\"position\":2,\"name\":\"Products\",\"item\":\"http:\/\/www.waltec.com.cn\/shop\/\"},{\"@type\":\"ListItem\",\"position\":3,\"name\":\"Iron analyzer\"}]},{\"@type\":\"WebSite\",\"@id\":\"http:\/\/www.waltec.com.cn\/#website\",\"url\":\"http:\/\/www.waltec.com.cn\/\",\"name\":\"Jswaltec Testing machine\",\"description\":\"\",\"publisher\":{\"@id\":\"http:\/\/www.waltec.com.cn\/#organization\"},\"potentialAction\":[{\"@type\":\"SearchAction\",\"target\":{\"@type\":\"EntryPoint\",\"urlTemplate\":\"http:\/\/www.waltec.com.cn\/?s={search_term_string}\"},\"query-input\":{\"@type\":\"PropertyValueSpecification\",\"valueRequired\":true,\"valueName\":\"search_term_string\"}}],\"inLanguage\":\"es\"},{\"@type\":\"Organization\",\"@id\":\"http:\/\/www.waltec.com.cn\/#organization\",\"name\":\"JIANGSU WALLONG-HSIN MACHINERY ENGINEERING CORPORATION LTD.\",\"url\":\"http:\/\/www.waltec.com.cn\/\",\"logo\":{\"@type\":\"ImageObject\",\"inLanguage\":\"es\",\"@id\":\"http:\/\/www.waltec.com.cn\/#\/schema\/logo\/image\/\",\"url\":\"http:\/\/www.waltec.com.cn\/wp-content\/uploads\/2024\/08\/01.jpg\",\"contentUrl\":\"http:\/\/www.waltec.com.cn\/wp-content\/uploads\/2024\/08\/01.jpg\",\"width\":1217,\"height\":221,\"caption\":\"JIANGSU WALLONG-HSIN MACHINERY ENGINEERING CORPORATION LTD.\"},\"image\":{\"@id\":\"http:\/\/www.waltec.com.cn\/#\/schema\/logo\/image\/\"}}]}<\/script>\r\n<!-- \/ Yoast SEO Premium plugin. -->","yoast_head_json":{"title":"Iron analyzer - Jswaltec Testing machine","description":"Iron analyzer - B1080 Iron analyzer is a precision instrument, the instrument adopts humanized design, simple operation and easy to understand.","robots":{"index":"index","follow":"follow","max-snippet":"max-snippet:-1","max-image-preview":"max-image-preview:large","max-video-preview":"max-video-preview:-1"},"canonical":"http:\/\/www.waltec.com.cn\/es\/producto\/iron-analyzer\/","og_locale":"es_ES","og_type":"article","og_title":"Iron analyzer","og_description":"Iron analyzer - B1080 Iron analyzer is a precision instrument, the instrument adopts humanized design, simple operation and easy to understand.","og_url":"http:\/\/www.waltec.com.cn\/es\/producto\/iron-analyzer\/","og_site_name":"Jswaltec Testing machine","article_modified_time":"2025-01-23T01:38:00+00:00","og_image":[{"width":554,"height":554,"url":"http:\/\/www.waltec.com.cn\/wp-content\/uploads\/2024\/10\/56239b43-8d3a-44a0-8607-4c4691b7787d.webp","type":"image\/webp"}],"twitter_card":"summary_large_image","twitter_misc":{"Tiempo de lectura":"1 minuto"},"schema":{"@context":"https:\/\/schema.org","@graph":[{"@type":"WebPage","@id":"http:\/\/www.waltec.com.cn\/product\/iron-analyzer\/","url":"http:\/\/www.waltec.com.cn\/product\/iron-analyzer\/","name":"Iron analyzer - Jswaltec Testing machine","isPartOf":{"@id":"http:\/\/www.waltec.com.cn\/#website"},"primaryImageOfPage":{"@id":"http:\/\/www.waltec.com.cn\/product\/iron-analyzer\/#primaryimage"},"image":{"@id":"http:\/\/www.waltec.com.cn\/product\/iron-analyzer\/#primaryimage"},"thumbnailUrl":"http:\/\/www.waltec.com.cn\/wp-content\/uploads\/2024\/10\/56239b43-8d3a-44a0-8607-4c4691b7787d.webp","datePublished":"2024-09-02T02:39:51+00:00","dateModified":"2025-01-23T01:38:00+00:00","description":"Iron analyzer - B1080 Iron analyzer is a precision instrument, the instrument adopts humanized design, simple operation and easy to understand.","breadcrumb":{"@id":"http:\/\/www.waltec.com.cn\/product\/iron-analyzer\/#breadcrumb"},"inLanguage":"es","potentialAction":[{"@type":"ReadAction","target":["http:\/\/www.waltec.com.cn\/product\/iron-analyzer\/"]}]},{"@type":"ImageObject","inLanguage":"es","@id":"http:\/\/www.waltec.com.cn\/product\/iron-analyzer\/#primaryimage","url":"http:\/\/www.waltec.com.cn\/wp-content\/uploads\/2024\/10\/56239b43-8d3a-44a0-8607-4c4691b7787d.webp","contentUrl":"http:\/\/www.waltec.com.cn\/wp-content\/uploads\/2024\/10\/56239b43-8d3a-44a0-8607-4c4691b7787d.webp","width":554,"height":554},{"@type":"BreadcrumbList","@id":"http:\/\/www.waltec.com.cn\/product\/iron-analyzer\/#breadcrumb","itemListElement":[{"@type":"ListItem","position":1,"name":"Home","item":"http:\/\/www.waltec.com.cn\/"},{"@type":"ListItem","position":2,"name":"Products","item":"http:\/\/www.waltec.com.cn\/shop\/"},{"@type":"ListItem","position":3,"name":"Iron analyzer"}]},{"@type":"WebSite","@id":"http:\/\/www.waltec.com.cn\/#website","url":"http:\/\/www.waltec.com.cn\/","name":"Jswaltec Testing machine","description":"","publisher":{"@id":"http:\/\/www.waltec.com.cn\/#organization"},"potentialAction":[{"@type":"SearchAction","target":{"@type":"EntryPoint","urlTemplate":"http:\/\/www.waltec.com.cn\/?s={search_term_string}"},"query-input":{"@type":"PropertyValueSpecification","valueRequired":true,"valueName":"search_term_string"}}],"inLanguage":"es"},{"@type":"Organization","@id":"http:\/\/www.waltec.com.cn\/#organization","name":"JIANGSU WALLONG-HSIN MACHINERY ENGINEERING CORPORATION LTD.","url":"http:\/\/www.waltec.com.cn\/","logo":{"@type":"ImageObject","inLanguage":"es","@id":"http:\/\/www.waltec.com.cn\/#\/schema\/logo\/image\/","url":"http:\/\/www.waltec.com.cn\/wp-content\/uploads\/2024\/08\/01.jpg","contentUrl":"http:\/\/www.waltec.com.cn\/wp-content\/uploads\/2024\/08\/01.jpg","width":1217,"height":221,"caption":"JIANGSU WALLONG-HSIN MACHINERY ENGINEERING CORPORATION LTD."},"image":{"@id":"http:\/\/www.waltec.com.cn\/#\/schema\/logo\/image\/"}}]}},"uagb_featured_image_src":{"full":["http:\/\/www.waltec.com.cn\/wp-content\/uploads\/2024\/10\/56239b43-8d3a-44a0-8607-4c4691b7787d.webp",554,554,false],"thumbnail":["http:\/\/www.waltec.com.cn\/wp-content\/uploads\/2024\/10\/56239b43-8d3a-44a0-8607-4c4691b7787d.webp",150,150,false],"medium":["http:\/\/www.waltec.com.cn\/wp-content\/uploads\/2024\/10\/56239b43-8d3a-44a0-8607-4c4691b7787d.webp",300,300,false],"medium_large":["http:\/\/www.waltec.com.cn\/wp-content\/uploads\/2024\/10\/56239b43-8d3a-44a0-8607-4c4691b7787d.webp",554,554,false],"large":["http:\/\/www.waltec.com.cn\/wp-content\/uploads\/2024\/10\/56239b43-8d3a-44a0-8607-4c4691b7787d.webp",554,554,false],"1536x1536":["http:\/\/www.waltec.com.cn\/wp-content\/uploads\/2024\/10\/56239b43-8d3a-44a0-8607-4c4691b7787d.webp",554,554,false],"2048x2048":["http:\/\/www.waltec.com.cn\/wp-content\/uploads\/2024\/10\/56239b43-8d3a-44a0-8607-4c4691b7787d.webp",554,554,false],"trp-custom-language-flag":["http:\/\/www.waltec.com.cn\/wp-content\/uploads\/2024\/10\/56239b43-8d3a-44a0-8607-4c4691b7787d.webp",12,12,false],"woocommerce_thumbnail":["http:\/\/www.waltec.com.cn\/wp-content\/uploads\/2024\/10\/56239b43-8d3a-44a0-8607-4c4691b7787d.webp",300,300,false],"woocommerce_single":["http:\/\/www.waltec.com.cn\/wp-content\/uploads\/2024\/10\/56239b43-8d3a-44a0-8607-4c4691b7787d.webp",554,554,false],"woocommerce_gallery_thumbnail":["http:\/\/www.waltec.com.cn\/wp-content\/uploads\/2024\/10\/56239b43-8d3a-44a0-8607-4c4691b7787d.webp",100,100,false]},"uagb_author_info":{"display_name":"Jswaltec","author_link":"http:\/\/www.waltec.com.cn\/es\/author\/"},"uagb_comment_info":0,"uagb_excerpt":"B1080 Iron analyzer is a precision instrument, the instrument adopts humanized design, simple operation and easy to understand, the light source uses monochrome high-quality cold light source, which can be used in power plant, chemical industry, metallurgy, environmental protection, pharmaceutical, biochemical, food and tap water and other industries. Instrument features: Using LCD color screen, beautiful&hellip;","_links":{"self":[{"href":"http:\/\/www.waltec.com.cn\/es\/wp-json\/wp\/v2\/product\/1749","targetHints":{"allow":["GET"]}}],"collection":[{"href":"http:\/\/www.waltec.com.cn\/es\/wp-json\/wp\/v2\/product"}],"about":[{"href":"http:\/\/www.waltec.com.cn\/es\/wp-json\/wp\/v2\/types\/product"}],"wp:featuredmedia":[{"embeddable":true,"href":"http:\/\/www.waltec.com.cn\/es\/wp-json\/wp\/v2\/media\/1913"}],"wp:attachment":[{"href":"http:\/\/www.waltec.com.cn\/es\/wp-json\/wp\/v2\/media?parent=1749"}],"wp:term":[{"taxonomy":"product_cat","embeddable":true,"href":"http:\/\/www.waltec.com.cn\/es\/wp-json\/wp\/v2\/product_cat?post=1749"},{"taxonomy":"product_tag","embeddable":true,"href":"http:\/\/www.waltec.com.cn\/es\/wp-json\/wp\/v2\/product_tag?post=1749"}],"curies":[{"name":"wp","href":"https:\/\/api.w.org\/{rel}","templated":true}]}}