{"id":1751,"date":"2024-09-02T10:49:51","date_gmt":"2024-09-02T02:49:51","guid":{"rendered":"http:\/\/www.waltec.com.cn\/?post_type=product&#038;p=1751"},"modified":"2025-01-23T09:50:23","modified_gmt":"2025-01-23T01:50:23","slug":"online-conductivity-analyzer","status":"publish","type":"product","link":"http:\/\/www.waltec.com.cn\/es\/producto\/online-conductivity-analyzer\/","title":{"rendered":"Analizador de conductividad en l\u00ednea"},"content":{"rendered":"<p>El analizador de conductividad en l\u00ednea B2010 adopta un nuevo concepto de dise\u00f1o, que puede lograr la medici\u00f3n de la conductividad de la calidad del agua mediante monitoreo continuo en l\u00ednea, adecuado para monitorear la conductividad del agua industrial general y del agua pura.<\/p>\n<p><strong><b>Caracter\u00edsticas del instrumento:<\/b><\/strong><\/p>\n<ol>\n<li>LCD de matriz de puntos de 192 \u00d7 64, pantalla de m\u00faltiples par\u00e1metros, contenido enriquecido<\/li>\n<li>El uso de un dise\u00f1o avanzado de sistemas integrados y tecnolog\u00eda SMT ha mejorado el rendimiento y la confiabilidad del producto y el cumplimiento de los requisitos de dise\u00f1o EMC.<\/li>\n<li>Cambio programable entre biling\u00fces chino e ingl\u00e9s para satisfacer las diferentes necesidades de los usuarios.<\/li>\n<li>Modo de operaci\u00f3n guiada tanto en chino como en ingl\u00e9s, f\u00e1cil de usar y de entender.<\/li>\n<li>M\u00e9todo de compensaci\u00f3n de temperatura autom\u00e1tico o manual programable, flexible y c\u00f3modo de usar.<\/li>\n<\/ol>\n<table>\n<tbody>\n<tr>\n<td colspan=\"2\" width=\"560\"><strong><b>Par\u00e1metros t\u00e9cnicos<\/b><\/strong><\/td>\n<\/tr>\n<tr>\n<td width=\"265\"><strong><b>Mostrar:<\/b><\/strong>\u00a0Chinese and English display, 192&#215;64 dot matrix LCD<\/td>\n<td width=\"294\"><strong><b>Humedad ambiental:<\/b><\/strong>\u00a0No exceda el 90% de humedad relativa (sin condensaci\u00f3n)<\/td>\n<\/tr>\n<tr>\n<td rowspan=\"5\" width=\"265\"><strong><b>Rango de medici\u00f3n:<\/b><\/strong><\/p>\n<p>l\u00a0K=0.01: (0.000-2.000) \u03bc S\/cm, (0.000-20.00) \u03bcS\/cm; Automatic switching between two ranges<\/p>\n<p>l\u00a0K=0.1: (0.000-20.00) \u03bcS\/cm, (0.000-200.0) \u03bcS\/cm; Automatic switching between two ranges<\/p>\n<p>l\u00a0K=1: (0.000~20.0S\/cm, (0.000~2000) uS\/cm, automatic switching between two ranges<\/p>\n<p>l\u00a0K=10: (0.000-2000) \u03bc S\/cm, (0.000-20.00) mS\/cm; Automatic switching between two ranges<\/td>\n<td width=\"294\"><strong><b>Current output:<\/b><\/strong>\u00a0(4-20) mA (two isolated outputs)<\/p>\n<p>&nbsp;<\/td>\n<\/tr>\n<tr>\n<td width=\"294\"><strong><b>Alarm output:<\/b><\/strong>\u00a0Two way alarm output, DC 5A\/30V or AC 5A\/250V.<\/td>\n<\/tr>\n<tr>\n<td width=\"294\"><strong><b>Temperatura de almacenamiento y transporte:<\/b><\/strong>\u00a0(-20~55) \u2103<\/td>\n<\/tr>\n<tr>\n<td width=\"294\"><strong><b>Dimensiones exteriores:<\/b><\/strong>\u00a0144mm x 144mm x 115mm<\/td>\n<\/tr>\n<tr>\n<td width=\"294\"><strong><b>Tama\u00f1o de apertura: <\/b><\/strong>139mm x 139mm<\/td>\n<\/tr>\n<tr>\n<td width=\"265\"><strong><b>Minimum resolution:<\/b><\/strong>\u00a00.001 \u03bc S\/cm<\/td>\n<td width=\"294\"><strong><b>Fuente de alimentaci\u00f3n: <\/b><\/strong>AC (85-265)V, frequency (45-65)Hz<\/td>\n<\/tr>\n<tr>\n<td width=\"265\"><strong><b>Reference error:<\/b><\/strong>\u00a0\u00b1 1% FS<\/td>\n<td width=\"294\"><strong><b>Peso: <\/b><\/strong>about 1.2kg<\/td>\n<\/tr>\n<\/tbody>\n<\/table>\n<p>&nbsp;<\/p>","protected":false},"excerpt":{"rendered":"<p>The B2010 online conductivity analyzer adopts a new design concept, which can achieve the measurement of water quality conductivity online continuous monitoring, suitable for monitoring the conductivity of general industrial water and pure water. Instrument features: 192 \u00d7 64 dot matrix LCD, multi parameter display, rich content The use of advanced embedded system design and [&hellip;]<\/p>","protected":false},"featured_media":1857,"template":"","meta":{"_uag_custom_page_level_css":"","site-sidebar-layout":"default","site-content-layout":"","ast-site-content-layout":"default","site-content-style":"default","site-sidebar-style":"default","ast-global-header-display":"","ast-banner-title-visibility":"","ast-main-header-display":"","ast-hfb-above-header-display":"","ast-hfb-below-header-display":"","ast-hfb-mobile-header-display":"","site-post-title":"","ast-breadcrumbs-content":"","ast-featured-img":"","footer-sml-layout":"","theme-transparent-header-meta":"default","adv-header-id-meta":"","stick-header-meta":"","header-above-stick-meta":"","header-main-stick-meta":"","header-below-stick-meta":"","astra-migrate-meta-layouts":"set","ast-page-background-enabled":"default","ast-page-background-meta":{"desktop":{"background-color":"var(--ast-global-color-4)","background-image":"","background-repeat":"repeat","background-position":"center center","background-size":"auto","background-attachment":"scroll","background-type":"","background-media":"","overlay-type":"","overlay-color":"","overlay-opacity":"","overlay-gradient":""},"tablet":{"background-color":"","background-image":"","background-repeat":"repeat","background-position":"center center","background-size":"auto","background-attachment":"scroll","background-type":"","background-media":"","overlay-type":"","overlay-color":"","overlay-opacity":"","overlay-gradient":""},"mobile":{"background-color":"","background-image":"","background-repeat":"repeat","background-position":"center center","background-size":"auto","background-attachment":"scroll","background-type":"","background-media":"","overlay-type":"","overlay-color":"","overlay-opacity":"","overlay-gradient":""}},"ast-content-background-meta":{"desktop":{"background-color":"var(--ast-global-color-5)","background-image":"","background-repeat":"repeat","background-position":"center center","background-size":"auto","background-attachment":"scroll","background-type":"","background-media":"","overlay-type":"","overlay-color":"","overlay-opacity":"","overlay-gradient":""},"tablet":{"background-color":"var(--ast-global-color-5)","background-image":"","background-repeat":"repeat","background-position":"center center","background-size":"auto","background-attachment":"scroll","background-type":"","background-media":"","overlay-type":"","overlay-color":"","overlay-opacity":"","overlay-gradient":""},"mobile":{"background-color":"var(--ast-global-color-5)","background-image":"","background-repeat":"repeat","background-position":"center center","background-size":"auto","background-attachment":"scroll","background-type":"","background-media":"","overlay-type":"","overlay-color":"","overlay-opacity":"","overlay-gradient":""}}},"product_cat":[26],"product_tag":[],"class_list":{"0":"post-1751","1":"product","2":"type-product","3":"status-publish","4":"has-post-thumbnail","6":"product_cat-analyzer","7":"desktop-align-left","8":"tablet-align-left","9":"mobile-align-left","11":"first","12":"instock","13":"shipping-taxable","14":"product-type-simple"},"yoast_head":"<!-- This site is optimized with the Yoast SEO Premium plugin v22.5 (Yoast SEO v24.3) - https:\/\/yoast.com\/wordpress\/plugins\/seo\/ -->\r\n<title>Online Conductivity Analyzer - Jswaltec Testing machine<\/title>\r\n<meta name=\"description\" content=\"Online Conductivity Analyzer - The B2010 online conductivity analyzer adopts a new design concept, which can achieve the measurement of water quality conductivity online continuous monitoring.\" \/>\r\n<meta name=\"robots\" content=\"index, follow, max-snippet:-1, max-image-preview:large, max-video-preview:-1\" \/>\r\n<link rel=\"canonical\" href=\"http:\/\/www.waltec.com.cn\/es\/producto\/online-conductivity-analyzer\/\" \/>\r\n<meta property=\"og:locale\" content=\"es_ES\" \/>\r\n<meta property=\"og:type\" content=\"article\" \/>\r\n<meta property=\"og:title\" content=\"Online Conductivity Analyzer\" \/>\r\n<meta property=\"og:description\" content=\"Online Conductivity Analyzer - The B2010 online conductivity analyzer adopts a new design concept, which can achieve the measurement of water quality conductivity online continuous monitoring.\" \/>\r\n<meta property=\"og:url\" content=\"http:\/\/www.waltec.com.cn\/es\/producto\/online-conductivity-analyzer\/\" \/>\r\n<meta property=\"og:site_name\" content=\"Jswaltec Testing machine\" \/>\r\n<meta property=\"article:modified_time\" content=\"2025-01-23T01:50:23+00:00\" \/>\r\n<meta property=\"og:image\" content=\"http:\/\/www.waltec.com.cn\/wp-content\/uploads\/2024\/09\/Online-Conductivity-Analyzer.webp\" \/>\r\n\t<meta property=\"og:image:width\" content=\"504\" \/>\r\n\t<meta property=\"og:image:height\" content=\"322\" \/>\r\n\t<meta property=\"og:image:type\" content=\"image\/webp\" \/>\r\n<meta name=\"twitter:card\" content=\"summary_large_image\" \/>\r\n<meta name=\"twitter:label1\" content=\"Tiempo de lectura\" \/>\n\t<meta name=\"twitter:data1\" content=\"2 minutos\" \/>\r\n<script type=\"application\/ld+json\" class=\"yoast-schema-graph\">{\"@context\":\"https:\/\/schema.org\",\"@graph\":[{\"@type\":\"WebPage\",\"@id\":\"http:\/\/www.waltec.com.cn\/product\/online-conductivity-analyzer\/\",\"url\":\"http:\/\/www.waltec.com.cn\/product\/online-conductivity-analyzer\/\",\"name\":\"Online Conductivity Analyzer - Jswaltec Testing machine\",\"isPartOf\":{\"@id\":\"http:\/\/www.waltec.com.cn\/#website\"},\"primaryImageOfPage\":{\"@id\":\"http:\/\/www.waltec.com.cn\/product\/online-conductivity-analyzer\/#primaryimage\"},\"image\":{\"@id\":\"http:\/\/www.waltec.com.cn\/product\/online-conductivity-analyzer\/#primaryimage\"},\"thumbnailUrl\":\"http:\/\/www.waltec.com.cn\/wp-content\/uploads\/2024\/09\/Online-Conductivity-Analyzer.webp\",\"datePublished\":\"2024-09-02T02:49:51+00:00\",\"dateModified\":\"2025-01-23T01:50:23+00:00\",\"description\":\"Online Conductivity Analyzer - The B2010 online conductivity analyzer adopts a new design concept, which can achieve the measurement of water quality conductivity online continuous monitoring.\",\"breadcrumb\":{\"@id\":\"http:\/\/www.waltec.com.cn\/product\/online-conductivity-analyzer\/#breadcrumb\"},\"inLanguage\":\"es\",\"potentialAction\":[{\"@type\":\"ReadAction\",\"target\":[\"http:\/\/www.waltec.com.cn\/product\/online-conductivity-analyzer\/\"]}]},{\"@type\":\"ImageObject\",\"inLanguage\":\"es\",\"@id\":\"http:\/\/www.waltec.com.cn\/product\/online-conductivity-analyzer\/#primaryimage\",\"url\":\"http:\/\/www.waltec.com.cn\/wp-content\/uploads\/2024\/09\/Online-Conductivity-Analyzer.webp\",\"contentUrl\":\"http:\/\/www.waltec.com.cn\/wp-content\/uploads\/2024\/09\/Online-Conductivity-Analyzer.webp\",\"width\":504,\"height\":322},{\"@type\":\"BreadcrumbList\",\"@id\":\"http:\/\/www.waltec.com.cn\/product\/online-conductivity-analyzer\/#breadcrumb\",\"itemListElement\":[{\"@type\":\"ListItem\",\"position\":1,\"name\":\"Home\",\"item\":\"http:\/\/www.waltec.com.cn\/\"},{\"@type\":\"ListItem\",\"position\":2,\"name\":\"Products\",\"item\":\"http:\/\/www.waltec.com.cn\/shop\/\"},{\"@type\":\"ListItem\",\"position\":3,\"name\":\"Online Conductivity Analyzer\"}]},{\"@type\":\"WebSite\",\"@id\":\"http:\/\/www.waltec.com.cn\/#website\",\"url\":\"http:\/\/www.waltec.com.cn\/\",\"name\":\"Jswaltec Testing machine\",\"description\":\"\",\"publisher\":{\"@id\":\"http:\/\/www.waltec.com.cn\/#organization\"},\"potentialAction\":[{\"@type\":\"SearchAction\",\"target\":{\"@type\":\"EntryPoint\",\"urlTemplate\":\"http:\/\/www.waltec.com.cn\/?s={search_term_string}\"},\"query-input\":{\"@type\":\"PropertyValueSpecification\",\"valueRequired\":true,\"valueName\":\"search_term_string\"}}],\"inLanguage\":\"es\"},{\"@type\":\"Organization\",\"@id\":\"http:\/\/www.waltec.com.cn\/#organization\",\"name\":\"JIANGSU WALLONG-HSIN MACHINERY ENGINEERING CORPORATION LTD.\",\"url\":\"http:\/\/www.waltec.com.cn\/\",\"logo\":{\"@type\":\"ImageObject\",\"inLanguage\":\"es\",\"@id\":\"http:\/\/www.waltec.com.cn\/#\/schema\/logo\/image\/\",\"url\":\"http:\/\/www.waltec.com.cn\/wp-content\/uploads\/2024\/08\/01.jpg\",\"contentUrl\":\"http:\/\/www.waltec.com.cn\/wp-content\/uploads\/2024\/08\/01.jpg\",\"width\":1217,\"height\":221,\"caption\":\"JIANGSU WALLONG-HSIN MACHINERY ENGINEERING CORPORATION LTD.\"},\"image\":{\"@id\":\"http:\/\/www.waltec.com.cn\/#\/schema\/logo\/image\/\"}}]}<\/script>\r\n<!-- \/ Yoast SEO Premium plugin. -->","yoast_head_json":{"title":"Online Conductivity Analyzer - Jswaltec Testing machine","description":"Online Conductivity Analyzer - The B2010 online conductivity analyzer adopts a new design concept, which can achieve the measurement of water quality conductivity online continuous monitoring.","robots":{"index":"index","follow":"follow","max-snippet":"max-snippet:-1","max-image-preview":"max-image-preview:large","max-video-preview":"max-video-preview:-1"},"canonical":"http:\/\/www.waltec.com.cn\/es\/producto\/online-conductivity-analyzer\/","og_locale":"es_ES","og_type":"article","og_title":"Online Conductivity Analyzer","og_description":"Online Conductivity Analyzer - The B2010 online conductivity analyzer adopts a new design concept, which can achieve the measurement of water quality conductivity online continuous monitoring.","og_url":"http:\/\/www.waltec.com.cn\/es\/producto\/online-conductivity-analyzer\/","og_site_name":"Jswaltec Testing machine","article_modified_time":"2025-01-23T01:50:23+00:00","og_image":[{"width":504,"height":322,"url":"http:\/\/www.waltec.com.cn\/wp-content\/uploads\/2024\/09\/Online-Conductivity-Analyzer.webp","type":"image\/webp"}],"twitter_card":"summary_large_image","twitter_misc":{"Tiempo de lectura":"2 minutos"},"schema":{"@context":"https:\/\/schema.org","@graph":[{"@type":"WebPage","@id":"http:\/\/www.waltec.com.cn\/product\/online-conductivity-analyzer\/","url":"http:\/\/www.waltec.com.cn\/product\/online-conductivity-analyzer\/","name":"Online Conductivity Analyzer - Jswaltec Testing machine","isPartOf":{"@id":"http:\/\/www.waltec.com.cn\/#website"},"primaryImageOfPage":{"@id":"http:\/\/www.waltec.com.cn\/product\/online-conductivity-analyzer\/#primaryimage"},"image":{"@id":"http:\/\/www.waltec.com.cn\/product\/online-conductivity-analyzer\/#primaryimage"},"thumbnailUrl":"http:\/\/www.waltec.com.cn\/wp-content\/uploads\/2024\/09\/Online-Conductivity-Analyzer.webp","datePublished":"2024-09-02T02:49:51+00:00","dateModified":"2025-01-23T01:50:23+00:00","description":"Online Conductivity Analyzer - The B2010 online conductivity analyzer adopts a new design concept, which can achieve the measurement of water quality conductivity online continuous monitoring.","breadcrumb":{"@id":"http:\/\/www.waltec.com.cn\/product\/online-conductivity-analyzer\/#breadcrumb"},"inLanguage":"es","potentialAction":[{"@type":"ReadAction","target":["http:\/\/www.waltec.com.cn\/product\/online-conductivity-analyzer\/"]}]},{"@type":"ImageObject","inLanguage":"es","@id":"http:\/\/www.waltec.com.cn\/product\/online-conductivity-analyzer\/#primaryimage","url":"http:\/\/www.waltec.com.cn\/wp-content\/uploads\/2024\/09\/Online-Conductivity-Analyzer.webp","contentUrl":"http:\/\/www.waltec.com.cn\/wp-content\/uploads\/2024\/09\/Online-Conductivity-Analyzer.webp","width":504,"height":322},{"@type":"BreadcrumbList","@id":"http:\/\/www.waltec.com.cn\/product\/online-conductivity-analyzer\/#breadcrumb","itemListElement":[{"@type":"ListItem","position":1,"name":"Home","item":"http:\/\/www.waltec.com.cn\/"},{"@type":"ListItem","position":2,"name":"Products","item":"http:\/\/www.waltec.com.cn\/shop\/"},{"@type":"ListItem","position":3,"name":"Online Conductivity Analyzer"}]},{"@type":"WebSite","@id":"http:\/\/www.waltec.com.cn\/#website","url":"http:\/\/www.waltec.com.cn\/","name":"Jswaltec Testing machine","description":"","publisher":{"@id":"http:\/\/www.waltec.com.cn\/#organization"},"potentialAction":[{"@type":"SearchAction","target":{"@type":"EntryPoint","urlTemplate":"http:\/\/www.waltec.com.cn\/?s={search_term_string}"},"query-input":{"@type":"PropertyValueSpecification","valueRequired":true,"valueName":"search_term_string"}}],"inLanguage":"es"},{"@type":"Organization","@id":"http:\/\/www.waltec.com.cn\/#organization","name":"JIANGSU WALLONG-HSIN MACHINERY ENGINEERING CORPORATION LTD.","url":"http:\/\/www.waltec.com.cn\/","logo":{"@type":"ImageObject","inLanguage":"es","@id":"http:\/\/www.waltec.com.cn\/#\/schema\/logo\/image\/","url":"http:\/\/www.waltec.com.cn\/wp-content\/uploads\/2024\/08\/01.jpg","contentUrl":"http:\/\/www.waltec.com.cn\/wp-content\/uploads\/2024\/08\/01.jpg","width":1217,"height":221,"caption":"JIANGSU WALLONG-HSIN MACHINERY ENGINEERING CORPORATION LTD."},"image":{"@id":"http:\/\/www.waltec.com.cn\/#\/schema\/logo\/image\/"}}]}},"uagb_featured_image_src":{"full":["http:\/\/www.waltec.com.cn\/wp-content\/uploads\/2024\/09\/Online-Conductivity-Analyzer.webp",504,322,false],"thumbnail":["http:\/\/www.waltec.com.cn\/wp-content\/uploads\/2024\/09\/Online-Conductivity-Analyzer.webp",150,96,false],"medium":["http:\/\/www.waltec.com.cn\/wp-content\/uploads\/2024\/09\/Online-Conductivity-Analyzer.webp",300,192,false],"medium_large":["http:\/\/www.waltec.com.cn\/wp-content\/uploads\/2024\/09\/Online-Conductivity-Analyzer.webp",504,322,false],"large":["http:\/\/www.waltec.com.cn\/wp-content\/uploads\/2024\/09\/Online-Conductivity-Analyzer.webp",504,322,false],"1536x1536":["http:\/\/www.waltec.com.cn\/wp-content\/uploads\/2024\/09\/Online-Conductivity-Analyzer.webp",504,322,false],"2048x2048":["http:\/\/www.waltec.com.cn\/wp-content\/uploads\/2024\/09\/Online-Conductivity-Analyzer.webp",504,322,false],"trp-custom-language-flag":["http:\/\/www.waltec.com.cn\/wp-content\/uploads\/2024\/09\/Online-Conductivity-Analyzer.webp",18,12,false],"woocommerce_thumbnail":["http:\/\/www.waltec.com.cn\/wp-content\/uploads\/2024\/09\/Online-Conductivity-Analyzer-300x300.webp",300,300,true],"woocommerce_single":["http:\/\/www.waltec.com.cn\/wp-content\/uploads\/2024\/09\/Online-Conductivity-Analyzer.webp",504,322,false],"woocommerce_gallery_thumbnail":["http:\/\/www.waltec.com.cn\/wp-content\/uploads\/2024\/09\/Online-Conductivity-Analyzer-100x100.webp",100,100,true]},"uagb_author_info":{"display_name":"Jswaltec","author_link":"http:\/\/www.waltec.com.cn\/es\/author\/"},"uagb_comment_info":0,"uagb_excerpt":"The B2010 online conductivity analyzer adopts a new design concept, which can achieve the measurement of water quality conductivity online continuous monitoring, suitable for monitoring the conductivity of general industrial water and pure water. Instrument features: 192 \u00d7 64 dot matrix LCD, multi parameter display, rich content The use of advanced embedded system design and&hellip;","_links":{"self":[{"href":"http:\/\/www.waltec.com.cn\/es\/wp-json\/wp\/v2\/product\/1751","targetHints":{"allow":["GET"]}}],"collection":[{"href":"http:\/\/www.waltec.com.cn\/es\/wp-json\/wp\/v2\/product"}],"about":[{"href":"http:\/\/www.waltec.com.cn\/es\/wp-json\/wp\/v2\/types\/product"}],"wp:featuredmedia":[{"embeddable":true,"href":"http:\/\/www.waltec.com.cn\/es\/wp-json\/wp\/v2\/media\/1857"}],"wp:attachment":[{"href":"http:\/\/www.waltec.com.cn\/es\/wp-json\/wp\/v2\/media?parent=1751"}],"wp:term":[{"taxonomy":"product_cat","embeddable":true,"href":"http:\/\/www.waltec.com.cn\/es\/wp-json\/wp\/v2\/product_cat?post=1751"},{"taxonomy":"product_tag","embeddable":true,"href":"http:\/\/www.waltec.com.cn\/es\/wp-json\/wp\/v2\/product_tag?post=1751"}],"curies":[{"name":"wp","href":"https:\/\/api.w.org\/{rel}","templated":true}]}}