{"id":1760,"date":"2024-09-02T11:39:37","date_gmt":"2024-09-02T03:39:37","guid":{"rendered":"http:\/\/www.waltec.com.cn\/?post_type=product&#038;p=1760"},"modified":"2025-01-23T10:07:23","modified_gmt":"2025-01-23T02:07:23","slug":"portable-dissolved-oxygen-analyzer","status":"publish","type":"product","link":"http:\/\/www.waltec.com.cn\/es\/producto\/portable-dissolved-oxygen-analyzer\/","title":{"rendered":"Analizador port\u00e1til de ox\u00edgeno disuelto"},"content":{"rendered":"<p>El analizador de ox\u00edgeno disuelto port\u00e1til B3100 es ampliamente utilizado en energ\u00eda t\u00e9rmica, industria qu\u00edmica, metalurgia, farmac\u00e9utica, bioqu\u00edmica, electr\u00f3nica de men\u00fa principal, galvanoplastia, impresi\u00f3n y te\u00f1ido, monitoreo de ox\u00edgeno disuelto en alimentos y agua del grifo.<\/p>\n<p><strong><b>Caracter\u00edsticas del instrumento:<\/b><\/strong><\/p>\n<ol>\n<li>Configuraci\u00f3n m\u00faltiple. Configuraci\u00f3n general mediante un microordenador de un solo chip de 8 bits. Este instrumento adopta productos patentados: m\u00e1quina de 32 bits, sistema ARM, tecnolog\u00eda de reemplazo de bus CAN. Es un instrumento altamente inteligente y confiable.<\/li>\n<li>El electrodo de ox\u00edgeno tiene las ventajas de alta sensibilidad, tiempo de respuesta corto, resistencia a colisiones y sin deformaci\u00f3n, f\u00e1cil mantenimiento del molde.<\/li>\n<li>Pantalla LCD de matriz de puntos LED, datos, estado y consejos de operaci\u00f3n, pantalla totalmente china, luz de fondo ajustable.<\/li>\n<li>Compensaci\u00f3n autom\u00e1tica de temperatura.<\/li>\n<li>Registro autom\u00e1tico del estado del instrumento, hora de falla y ocurrencia y otros eventos hist\u00f3ricos, com\u00fanmente conocido como funci\u00f3n de bloc de notas.<\/li>\n<li>Transmisi\u00f3n de datos mediante puerto de comunicaci\u00f3n USB2.0.<\/li>\n<li>Bater\u00eda de litio de alta energ\u00eda incorporada, a trav\u00e9s del puerto USB de la computadora o el cargador para cargar, protecci\u00f3n autom\u00e1tica para evitar la sobrecarga.<\/li>\n<\/ol>\n<table>\n<tbody>\n<tr>\n<td colspan=\"2\" width=\"595\"><strong><b>Par\u00e1metros t\u00e9cnicos<\/b><\/strong><\/td>\n<\/tr>\n<tr>\n<td rowspan=\"2\" width=\"304\"><strong><b>Rango de medici\u00f3n: <\/b><\/strong><\/p>\n<p>(0~100.0)\u03bcg\/L;\u00a0(0~200.0)\u03bcg\/L;\u00a0(0~20.00)mg\/L\u00a0(automatic switching)<\/td>\n<td width=\"290\"><strong><b>Communication interface:<\/b><\/strong>\u00a0RS232<\/td>\n<\/tr>\n<tr>\n<td width=\"290\"><strong><b>Clock accuracy: <\/b><\/strong>\u00b11min<\/td>\n<\/tr>\n<tr>\n<td width=\"304\"><strong><b>Temperatura:<\/b><\/strong>\u00a0(0~60)\u2103<\/p>\n<p><strong><b>R<\/b><\/strong><strong><b>esolution: <\/b><\/strong>0.1\u2103<\/td>\n<td width=\"290\"><strong><b>S<\/b><\/strong><strong><b>ample flow rate:<\/b><\/strong>\u00a0(100~400)mL\/min<\/td>\n<\/tr>\n<tr>\n<td width=\"304\"><strong><b>Minimum detection limit:<\/b><\/strong>\u00a00.1\u03bcg\/L<\/td>\n<td width=\"290\"><strong><b>Number of data stores:<\/b><\/strong>\u00a0more than 500<\/td>\n<\/tr>\n<tr>\n<td rowspan=\"2\" width=\"304\"><strong><b>The indicating error of the machine:<\/b><\/strong><\/p>\n<p>\u00b11%FS, when temperature\u00b10.5\u2103;<\/p>\n<p>\u00b12%FS (in temperature overshoot condition)<\/td>\n<td width=\"290\"><strong><b>Data power failure retention period: <\/b><\/strong>10Y<\/td>\n<\/tr>\n<tr>\n<td width=\"290\"><strong><b>Continuous working time of the whole machine: <\/b><\/strong>36h (fully charged)<\/td>\n<\/tr>\n<tr>\n<td width=\"304\"><strong><b>Automatic temperature compensation range: <\/b><\/strong>(0~60)\u2103, 25\u2103 as the basis.<strong><b>\u00a0<\/b><\/strong><\/td>\n<td width=\"290\"><strong><b>Dimensions of the watch head: <\/b><\/strong>210mm\u00d7110mm\u00d746mm<\/td>\n<\/tr>\n<\/tbody>\n<\/table>\n<p>&nbsp;<\/p>","protected":false},"excerpt":{"rendered":"<p>B3100 Portable dissolved oxygen analyzer is widely used in thermal power, chemical industry, metallurgy, pharmaceutical, biochemistry, main menu electronics, electroplating, printing and dyeing, food and tap water dissolved oxygen monitoring. Instrument features: Multi-configuration. General configuration using 8-bit single-chip microcomputer, this instrument adopts patented products: 32-bit machine, ARM system, CAN bus replacement technology, is a highly [&hellip;]<\/p>","protected":false},"featured_media":1864,"template":"","meta":{"_uag_custom_page_level_css":"","site-sidebar-layout":"default","site-content-layout":"","ast-site-content-layout":"default","site-content-style":"default","site-sidebar-style":"default","ast-global-header-display":"","ast-banner-title-visibility":"","ast-main-header-display":"","ast-hfb-above-header-display":"","ast-hfb-below-header-display":"","ast-hfb-mobile-header-display":"","site-post-title":"","ast-breadcrumbs-content":"","ast-featured-img":"","footer-sml-layout":"","theme-transparent-header-meta":"default","adv-header-id-meta":"","stick-header-meta":"","header-above-stick-meta":"","header-main-stick-meta":"","header-below-stick-meta":"","astra-migrate-meta-layouts":"set","ast-page-background-enabled":"default","ast-page-background-meta":{"desktop":{"background-color":"var(--ast-global-color-4)","background-image":"","background-repeat":"repeat","background-position":"center center","background-size":"auto","background-attachment":"scroll","background-type":"","background-media":"","overlay-type":"","overlay-color":"","overlay-opacity":"","overlay-gradient":""},"tablet":{"background-color":"","background-image":"","background-repeat":"repeat","background-position":"center center","background-size":"auto","background-attachment":"scroll","background-type":"","background-media":"","overlay-type":"","overlay-color":"","overlay-opacity":"","overlay-gradient":""},"mobile":{"background-color":"","background-image":"","background-repeat":"repeat","background-position":"center center","background-size":"auto","background-attachment":"scroll","background-type":"","background-media":"","overlay-type":"","overlay-color":"","overlay-opacity":"","overlay-gradient":""}},"ast-content-background-meta":{"desktop":{"background-color":"var(--ast-global-color-5)","background-image":"","background-repeat":"repeat","background-position":"center center","background-size":"auto","background-attachment":"scroll","background-type":"","background-media":"","overlay-type":"","overlay-color":"","overlay-opacity":"","overlay-gradient":""},"tablet":{"background-color":"var(--ast-global-color-5)","background-image":"","background-repeat":"repeat","background-position":"center center","background-size":"auto","background-attachment":"scroll","background-type":"","background-media":"","overlay-type":"","overlay-color":"","overlay-opacity":"","overlay-gradient":""},"mobile":{"background-color":"var(--ast-global-color-5)","background-image":"","background-repeat":"repeat","background-position":"center center","background-size":"auto","background-attachment":"scroll","background-type":"","background-media":"","overlay-type":"","overlay-color":"","overlay-opacity":"","overlay-gradient":""}}},"product_cat":[26],"product_tag":[],"class_list":{"0":"post-1760","1":"product","2":"type-product","3":"status-publish","4":"has-post-thumbnail","6":"product_cat-analyzer","7":"desktop-align-left","8":"tablet-align-left","9":"mobile-align-left","11":"first","12":"instock","13":"shipping-taxable","14":"product-type-simple"},"yoast_head":"<!-- This site is optimized with the Yoast SEO Premium plugin v22.5 (Yoast SEO v24.3) - https:\/\/yoast.com\/wordpress\/plugins\/seo\/ -->\r\n<title>Portable dissolved oxygen analyzer - Jswaltec Testing machine<\/title>\r\n<meta name=\"description\" content=\"Portable dissolved oxygen analyzer - B3100 Portable dissolved oxygen analyzer is widely used in thermal power, chemical industry, metallurgy, pharmaceutical, biochemistry, main menu electronics, electroplating, printing and dyeing, food and tap water dissolved oxygen monitoring.\" \/>\r\n<meta name=\"robots\" content=\"index, follow, max-snippet:-1, max-image-preview:large, max-video-preview:-1\" \/>\r\n<link rel=\"canonical\" href=\"http:\/\/www.waltec.com.cn\/es\/producto\/portable-dissolved-oxygen-analyzer\/\" \/>\r\n<meta property=\"og:locale\" content=\"es_ES\" \/>\r\n<meta property=\"og:type\" content=\"article\" \/>\r\n<meta property=\"og:title\" content=\"Portable dissolved oxygen analyzer\" \/>\r\n<meta property=\"og:description\" content=\"Portable dissolved oxygen analyzer - B3100 Portable dissolved oxygen analyzer is widely used in thermal power, chemical industry, metallurgy, pharmaceutical, biochemistry, main menu electronics, electroplating, printing and dyeing, food and tap water dissolved oxygen monitoring.\" \/>\r\n<meta property=\"og:url\" content=\"http:\/\/www.waltec.com.cn\/es\/producto\/portable-dissolved-oxygen-analyzer\/\" \/>\r\n<meta property=\"og:site_name\" content=\"Jswaltec Testing machine\" \/>\r\n<meta property=\"article:modified_time\" content=\"2025-01-23T02:07:23+00:00\" \/>\r\n<meta property=\"og:image\" content=\"http:\/\/www.waltec.com.cn\/wp-content\/uploads\/2024\/09\/Portable-dissolved-oxygen-analyzer.webp\" \/>\r\n\t<meta property=\"og:image:width\" content=\"509\" \/>\r\n\t<meta property=\"og:image:height\" content=\"513\" \/>\r\n\t<meta property=\"og:image:type\" content=\"image\/webp\" \/>\r\n<meta name=\"twitter:card\" content=\"summary_large_image\" \/>\r\n<meta name=\"twitter:label1\" content=\"Tiempo de lectura\" \/>\n\t<meta name=\"twitter:data1\" content=\"2 minutos\" \/>\r\n<script type=\"application\/ld+json\" class=\"yoast-schema-graph\">{\"@context\":\"https:\/\/schema.org\",\"@graph\":[{\"@type\":\"WebPage\",\"@id\":\"http:\/\/www.waltec.com.cn\/product\/portable-dissolved-oxygen-analyzer\/\",\"url\":\"http:\/\/www.waltec.com.cn\/product\/portable-dissolved-oxygen-analyzer\/\",\"name\":\"Portable dissolved oxygen analyzer - Jswaltec Testing machine\",\"isPartOf\":{\"@id\":\"http:\/\/www.waltec.com.cn\/#website\"},\"primaryImageOfPage\":{\"@id\":\"http:\/\/www.waltec.com.cn\/product\/portable-dissolved-oxygen-analyzer\/#primaryimage\"},\"image\":{\"@id\":\"http:\/\/www.waltec.com.cn\/product\/portable-dissolved-oxygen-analyzer\/#primaryimage\"},\"thumbnailUrl\":\"http:\/\/www.waltec.com.cn\/wp-content\/uploads\/2024\/09\/Portable-dissolved-oxygen-analyzer.webp\",\"datePublished\":\"2024-09-02T03:39:37+00:00\",\"dateModified\":\"2025-01-23T02:07:23+00:00\",\"description\":\"Portable dissolved oxygen analyzer - B3100 Portable dissolved oxygen analyzer is widely used in thermal power, chemical industry, metallurgy, pharmaceutical, biochemistry, main menu electronics, electroplating, printing and dyeing, food and tap water dissolved oxygen monitoring.\",\"breadcrumb\":{\"@id\":\"http:\/\/www.waltec.com.cn\/product\/portable-dissolved-oxygen-analyzer\/#breadcrumb\"},\"inLanguage\":\"es\",\"potentialAction\":[{\"@type\":\"ReadAction\",\"target\":[\"http:\/\/www.waltec.com.cn\/product\/portable-dissolved-oxygen-analyzer\/\"]}]},{\"@type\":\"ImageObject\",\"inLanguage\":\"es\",\"@id\":\"http:\/\/www.waltec.com.cn\/product\/portable-dissolved-oxygen-analyzer\/#primaryimage\",\"url\":\"http:\/\/www.waltec.com.cn\/wp-content\/uploads\/2024\/09\/Portable-dissolved-oxygen-analyzer.webp\",\"contentUrl\":\"http:\/\/www.waltec.com.cn\/wp-content\/uploads\/2024\/09\/Portable-dissolved-oxygen-analyzer.webp\",\"width\":509,\"height\":513},{\"@type\":\"BreadcrumbList\",\"@id\":\"http:\/\/www.waltec.com.cn\/product\/portable-dissolved-oxygen-analyzer\/#breadcrumb\",\"itemListElement\":[{\"@type\":\"ListItem\",\"position\":1,\"name\":\"Home\",\"item\":\"http:\/\/www.waltec.com.cn\/\"},{\"@type\":\"ListItem\",\"position\":2,\"name\":\"Products\",\"item\":\"http:\/\/www.waltec.com.cn\/shop\/\"},{\"@type\":\"ListItem\",\"position\":3,\"name\":\"Portable dissolved oxygen analyzer\"}]},{\"@type\":\"WebSite\",\"@id\":\"http:\/\/www.waltec.com.cn\/#website\",\"url\":\"http:\/\/www.waltec.com.cn\/\",\"name\":\"Jswaltec Testing machine\",\"description\":\"\",\"publisher\":{\"@id\":\"http:\/\/www.waltec.com.cn\/#organization\"},\"potentialAction\":[{\"@type\":\"SearchAction\",\"target\":{\"@type\":\"EntryPoint\",\"urlTemplate\":\"http:\/\/www.waltec.com.cn\/?s={search_term_string}\"},\"query-input\":{\"@type\":\"PropertyValueSpecification\",\"valueRequired\":true,\"valueName\":\"search_term_string\"}}],\"inLanguage\":\"es\"},{\"@type\":\"Organization\",\"@id\":\"http:\/\/www.waltec.com.cn\/#organization\",\"name\":\"JIANGSU WALLONG-HSIN MACHINERY ENGINEERING CORPORATION LTD.\",\"url\":\"http:\/\/www.waltec.com.cn\/\",\"logo\":{\"@type\":\"ImageObject\",\"inLanguage\":\"es\",\"@id\":\"http:\/\/www.waltec.com.cn\/#\/schema\/logo\/image\/\",\"url\":\"http:\/\/www.waltec.com.cn\/wp-content\/uploads\/2024\/08\/01.jpg\",\"contentUrl\":\"http:\/\/www.waltec.com.cn\/wp-content\/uploads\/2024\/08\/01.jpg\",\"width\":1217,\"height\":221,\"caption\":\"JIANGSU WALLONG-HSIN MACHINERY ENGINEERING CORPORATION LTD.\"},\"image\":{\"@id\":\"http:\/\/www.waltec.com.cn\/#\/schema\/logo\/image\/\"}}]}<\/script>\r\n<!-- \/ Yoast SEO Premium plugin. -->","yoast_head_json":{"title":"Portable dissolved oxygen analyzer - Jswaltec Testing machine","description":"Portable dissolved oxygen analyzer - B3100 Portable dissolved oxygen analyzer is widely used in thermal power, chemical industry, metallurgy, pharmaceutical, biochemistry, main menu electronics, electroplating, printing and dyeing, food and tap water dissolved oxygen monitoring.","robots":{"index":"index","follow":"follow","max-snippet":"max-snippet:-1","max-image-preview":"max-image-preview:large","max-video-preview":"max-video-preview:-1"},"canonical":"http:\/\/www.waltec.com.cn\/es\/producto\/portable-dissolved-oxygen-analyzer\/","og_locale":"es_ES","og_type":"article","og_title":"Portable dissolved oxygen analyzer","og_description":"Portable dissolved oxygen analyzer - B3100 Portable dissolved oxygen analyzer is widely used in thermal power, chemical industry, metallurgy, pharmaceutical, biochemistry, main menu electronics, electroplating, printing and dyeing, food and tap water dissolved oxygen monitoring.","og_url":"http:\/\/www.waltec.com.cn\/es\/producto\/portable-dissolved-oxygen-analyzer\/","og_site_name":"Jswaltec Testing machine","article_modified_time":"2025-01-23T02:07:23+00:00","og_image":[{"width":509,"height":513,"url":"http:\/\/www.waltec.com.cn\/wp-content\/uploads\/2024\/09\/Portable-dissolved-oxygen-analyzer.webp","type":"image\/webp"}],"twitter_card":"summary_large_image","twitter_misc":{"Tiempo de lectura":"2 minutos"},"schema":{"@context":"https:\/\/schema.org","@graph":[{"@type":"WebPage","@id":"http:\/\/www.waltec.com.cn\/product\/portable-dissolved-oxygen-analyzer\/","url":"http:\/\/www.waltec.com.cn\/product\/portable-dissolved-oxygen-analyzer\/","name":"Portable dissolved oxygen analyzer - Jswaltec Testing machine","isPartOf":{"@id":"http:\/\/www.waltec.com.cn\/#website"},"primaryImageOfPage":{"@id":"http:\/\/www.waltec.com.cn\/product\/portable-dissolved-oxygen-analyzer\/#primaryimage"},"image":{"@id":"http:\/\/www.waltec.com.cn\/product\/portable-dissolved-oxygen-analyzer\/#primaryimage"},"thumbnailUrl":"http:\/\/www.waltec.com.cn\/wp-content\/uploads\/2024\/09\/Portable-dissolved-oxygen-analyzer.webp","datePublished":"2024-09-02T03:39:37+00:00","dateModified":"2025-01-23T02:07:23+00:00","description":"Portable dissolved oxygen analyzer - B3100 Portable dissolved oxygen analyzer is widely used in thermal power, chemical industry, metallurgy, pharmaceutical, biochemistry, main menu electronics, electroplating, printing and dyeing, food and tap water dissolved oxygen monitoring.","breadcrumb":{"@id":"http:\/\/www.waltec.com.cn\/product\/portable-dissolved-oxygen-analyzer\/#breadcrumb"},"inLanguage":"es","potentialAction":[{"@type":"ReadAction","target":["http:\/\/www.waltec.com.cn\/product\/portable-dissolved-oxygen-analyzer\/"]}]},{"@type":"ImageObject","inLanguage":"es","@id":"http:\/\/www.waltec.com.cn\/product\/portable-dissolved-oxygen-analyzer\/#primaryimage","url":"http:\/\/www.waltec.com.cn\/wp-content\/uploads\/2024\/09\/Portable-dissolved-oxygen-analyzer.webp","contentUrl":"http:\/\/www.waltec.com.cn\/wp-content\/uploads\/2024\/09\/Portable-dissolved-oxygen-analyzer.webp","width":509,"height":513},{"@type":"BreadcrumbList","@id":"http:\/\/www.waltec.com.cn\/product\/portable-dissolved-oxygen-analyzer\/#breadcrumb","itemListElement":[{"@type":"ListItem","position":1,"name":"Home","item":"http:\/\/www.waltec.com.cn\/"},{"@type":"ListItem","position":2,"name":"Products","item":"http:\/\/www.waltec.com.cn\/shop\/"},{"@type":"ListItem","position":3,"name":"Portable dissolved oxygen analyzer"}]},{"@type":"WebSite","@id":"http:\/\/www.waltec.com.cn\/#website","url":"http:\/\/www.waltec.com.cn\/","name":"Jswaltec Testing machine","description":"","publisher":{"@id":"http:\/\/www.waltec.com.cn\/#organization"},"potentialAction":[{"@type":"SearchAction","target":{"@type":"EntryPoint","urlTemplate":"http:\/\/www.waltec.com.cn\/?s={search_term_string}"},"query-input":{"@type":"PropertyValueSpecification","valueRequired":true,"valueName":"search_term_string"}}],"inLanguage":"es"},{"@type":"Organization","@id":"http:\/\/www.waltec.com.cn\/#organization","name":"JIANGSU WALLONG-HSIN MACHINERY ENGINEERING CORPORATION LTD.","url":"http:\/\/www.waltec.com.cn\/","logo":{"@type":"ImageObject","inLanguage":"es","@id":"http:\/\/www.waltec.com.cn\/#\/schema\/logo\/image\/","url":"http:\/\/www.waltec.com.cn\/wp-content\/uploads\/2024\/08\/01.jpg","contentUrl":"http:\/\/www.waltec.com.cn\/wp-content\/uploads\/2024\/08\/01.jpg","width":1217,"height":221,"caption":"JIANGSU WALLONG-HSIN MACHINERY ENGINEERING CORPORATION LTD."},"image":{"@id":"http:\/\/www.waltec.com.cn\/#\/schema\/logo\/image\/"}}]}},"uagb_featured_image_src":{"full":["http:\/\/www.waltec.com.cn\/wp-content\/uploads\/2024\/09\/Portable-dissolved-oxygen-analyzer.webp",509,513,false],"thumbnail":["http:\/\/www.waltec.com.cn\/wp-content\/uploads\/2024\/09\/Portable-dissolved-oxygen-analyzer.webp",150,150,false],"medium":["http:\/\/www.waltec.com.cn\/wp-content\/uploads\/2024\/09\/Portable-dissolved-oxygen-analyzer.webp",298,300,false],"medium_large":["http:\/\/www.waltec.com.cn\/wp-content\/uploads\/2024\/09\/Portable-dissolved-oxygen-analyzer.webp",509,513,false],"large":["http:\/\/www.waltec.com.cn\/wp-content\/uploads\/2024\/09\/Portable-dissolved-oxygen-analyzer.webp",509,513,false],"1536x1536":["http:\/\/www.waltec.com.cn\/wp-content\/uploads\/2024\/09\/Portable-dissolved-oxygen-analyzer.webp",509,513,false],"2048x2048":["http:\/\/www.waltec.com.cn\/wp-content\/uploads\/2024\/09\/Portable-dissolved-oxygen-analyzer.webp",509,513,false],"trp-custom-language-flag":["http:\/\/www.waltec.com.cn\/wp-content\/uploads\/2024\/09\/Portable-dissolved-oxygen-analyzer.webp",12,12,false],"woocommerce_thumbnail":["http:\/\/www.waltec.com.cn\/wp-content\/uploads\/2024\/09\/Portable-dissolved-oxygen-analyzer-300x300.webp",300,300,true],"woocommerce_single":["http:\/\/www.waltec.com.cn\/wp-content\/uploads\/2024\/09\/Portable-dissolved-oxygen-analyzer.webp",509,513,false],"woocommerce_gallery_thumbnail":["http:\/\/www.waltec.com.cn\/wp-content\/uploads\/2024\/09\/Portable-dissolved-oxygen-analyzer.webp",100,100,false]},"uagb_author_info":{"display_name":"Jswaltec","author_link":"http:\/\/www.waltec.com.cn\/es\/author\/"},"uagb_comment_info":0,"uagb_excerpt":"B3100 Portable dissolved oxygen analyzer is widely used in thermal power, chemical industry, metallurgy, pharmaceutical, biochemistry, main menu electronics, electroplating, printing and dyeing, food and tap water dissolved oxygen monitoring. Instrument features: Multi-configuration. General configuration using 8-bit single-chip microcomputer, this instrument adopts patented products: 32-bit machine, ARM system, CAN bus replacement technology, is a highly&hellip;","_links":{"self":[{"href":"http:\/\/www.waltec.com.cn\/es\/wp-json\/wp\/v2\/product\/1760","targetHints":{"allow":["GET"]}}],"collection":[{"href":"http:\/\/www.waltec.com.cn\/es\/wp-json\/wp\/v2\/product"}],"about":[{"href":"http:\/\/www.waltec.com.cn\/es\/wp-json\/wp\/v2\/types\/product"}],"wp:featuredmedia":[{"embeddable":true,"href":"http:\/\/www.waltec.com.cn\/es\/wp-json\/wp\/v2\/media\/1864"}],"wp:attachment":[{"href":"http:\/\/www.waltec.com.cn\/es\/wp-json\/wp\/v2\/media?parent=1760"}],"wp:term":[{"taxonomy":"product_cat","embeddable":true,"href":"http:\/\/www.waltec.com.cn\/es\/wp-json\/wp\/v2\/product_cat?post=1760"},{"taxonomy":"product_tag","embeddable":true,"href":"http:\/\/www.waltec.com.cn\/es\/wp-json\/wp\/v2\/product_tag?post=1760"}],"curies":[{"name":"wp","href":"https:\/\/api.w.org\/{rel}","templated":true}]}}