{"id":1761,"date":"2024-09-02T11:42:40","date_gmt":"2024-09-02T03:42:40","guid":{"rendered":"http:\/\/www.waltec.com.cn\/?post_type=product&#038;p=1761"},"modified":"2025-01-23T10:10:17","modified_gmt":"2025-01-23T02:10:17","slug":"portable-ph-analyzer","status":"publish","type":"product","link":"http:\/\/www.waltec.com.cn\/es\/producto\/portable-ph-analyzer\/","title":{"rendered":"Analizador de PH port\u00e1til"},"content":{"rendered":"<p>El analizador de pH port\u00e1til B3020 es un instrumento de medici\u00f3n port\u00e1til de alto rendimiento para la medici\u00f3n de soluciones acuosas, valor de pH, alta precisi\u00f3n de medici\u00f3n, f\u00e1cil de operar, adecuado para la medici\u00f3n de pH en soluciones acuosas de diversas industrias, en petroqu\u00edmica, energ\u00eda, bebidas, farmac\u00e9utica, las industrias de semiconductores son ampliamente utilizadas.<\/p>\n<p><strong><b>Caracter\u00edsticas del instrumento:<\/b><\/strong><\/p>\n<ol>\n<li>Sensor de temperatura y salinidad incorporado, compensaci\u00f3n autom\u00e1tica de temperatura y salinidad.<\/li>\n<li>Pantalla LCD de matriz de puntos de amplio rango de temperatura y alto brillo, gran \u00e1ngulo de visi\u00f3n, adecuada para uso en temperaturas grises bajas.<\/li>\n<li>Estructura simple, tama\u00f1o peque\u00f1o, peso ligero, f\u00e1cil de transportar, uso flexible.<\/li>\n<li>Interfaz de operaci\u00f3n de di\u00e1logo inteligente hombre-m\u00e1quina, f\u00e1cil de entender y usar. Almacenamiento de datos continuo o discontinuo, medici\u00f3n<\/li>\n<li>Los datos se pueden cargar a una computadora para su almacenamiento y procesamiento secundario.<\/li>\n<li>Con interfaz USB, con carga autom\u00e1tica, funci\u00f3n de exportaci\u00f3n de datos. Par\u00e1metros clave Protecci\u00f3n por contrase\u00f1a, en caso de que el operador opere incorrectamente la m\u00e1quina para garantizar el rendimiento b\u00e1sico del instrumento.<\/li>\n<li>Con datos de medici\u00f3n, operaci\u00f3n, almacenamiento de registros de calibraci\u00f3n y funci\u00f3n de consulta, puede almacenar 500 grupos de datos de medici\u00f3n.<\/li>\n<\/ol>\n<table>\n<tbody>\n<tr>\n<td colspan=\"2\" width=\"579\"><strong><b>Par\u00e1metros t\u00e9cnicos<\/b><\/strong><\/td>\n<\/tr>\n<tr>\n<td width=\"258\"><strong><b>Mostrar:<\/b><\/strong>\u00a0LCD screen<\/td>\n<td width=\"320\"><strong><b>Temperatura de la muestra de agua:<\/b><\/strong>\u00a0(5-50)\u2103<\/td>\n<\/tr>\n<tr>\n<td width=\"258\"><strong><b>Rango de medici\u00f3n: \u00a0<\/b><\/strong>(0.00~14.00)pH<\/td>\n<td width=\"320\"><strong><b>Humedad ambiente:<\/b><\/strong><strong><b>\u00a0<\/b><\/strong>\u226493%RH, Non-condensing<\/td>\n<\/tr>\n<tr>\n<td width=\"258\"><strong><b>Resoluci\u00f3n:<\/b><\/strong>\u00a00.01pH;<\/p>\n<p><strong><b>Error de indicaci\u00f3n:<\/b><\/strong>\u00a0\u00b10.02pH<\/td>\n<td width=\"320\"><strong><b>Temperatura de almacenamiento y transporte:<\/b><\/strong>\u00a0(-25~55)\u2103\u00a0(excluding electrodes, electrodes should be higher than 0\u2103)<\/td>\n<\/tr>\n<tr>\n<td width=\"258\"><strong><b>Impedancia de entrada: <\/b><\/strong>\u22651\u00d71012\u03a9;<\/p>\n<p><strong><b>Tiempo de respuesta (T90) : <\/b><\/strong>90s<\/td>\n<td width=\"320\"><strong><b>IP67 <\/b><\/strong><strong><b>d<\/b><\/strong><strong><b>A prueba de agua y de viento<\/b><\/strong><\/td>\n<\/tr>\n<tr>\n<td width=\"258\"><strong><b>Sensor de temperatura de la cancha: <\/b><\/strong>PT1000<\/p>\n<p><strong><b>Rango de temperatura:<\/b><\/strong>\u00a0(0.0~99.9)\u2103.<\/td>\n<td width=\"320\"><strong><b>Dimensiones:<\/b><\/strong>\u00a0170mm\u00d788mm\u00d733mm<\/td>\n<\/tr>\n<\/tbody>\n<\/table>\n<p>&nbsp;<\/p>","protected":false},"excerpt":{"rendered":"<p>The B3020 Portable pH analyzer is a high performance portable measuring instrument for the measurement of aqueous solutions, pH value, high measurement accuracy, easy to operate, suitable for pH measurement in aqueous solutions of various industries, in petrochemical,\u00a0power, beverage, pharmaceutical, semiconductor industries are widely used. Instrument features: Built-in temperature and salinity sensor, temperature, salinity automatic [&hellip;]<\/p>","protected":false},"featured_media":1865,"template":"","meta":{"_uag_custom_page_level_css":"","site-sidebar-layout":"default","site-content-layout":"","ast-site-content-layout":"default","site-content-style":"default","site-sidebar-style":"default","ast-global-header-display":"","ast-banner-title-visibility":"","ast-main-header-display":"","ast-hfb-above-header-display":"","ast-hfb-below-header-display":"","ast-hfb-mobile-header-display":"","site-post-title":"","ast-breadcrumbs-content":"","ast-featured-img":"","footer-sml-layout":"","theme-transparent-header-meta":"default","adv-header-id-meta":"","stick-header-meta":"","header-above-stick-meta":"","header-main-stick-meta":"","header-below-stick-meta":"","astra-migrate-meta-layouts":"set","ast-page-background-enabled":"default","ast-page-background-meta":{"desktop":{"background-color":"var(--ast-global-color-4)","background-image":"","background-repeat":"repeat","background-position":"center center","background-size":"auto","background-attachment":"scroll","background-type":"","background-media":"","overlay-type":"","overlay-color":"","overlay-opacity":"","overlay-gradient":""},"tablet":{"background-color":"","background-image":"","background-repeat":"repeat","background-position":"center center","background-size":"auto","background-attachment":"scroll","background-type":"","background-media":"","overlay-type":"","overlay-color":"","overlay-opacity":"","overlay-gradient":""},"mobile":{"background-color":"","background-image":"","background-repeat":"repeat","background-position":"center center","background-size":"auto","background-attachment":"scroll","background-type":"","background-media":"","overlay-type":"","overlay-color":"","overlay-opacity":"","overlay-gradient":""}},"ast-content-background-meta":{"desktop":{"background-color":"var(--ast-global-color-5)","background-image":"","background-repeat":"repeat","background-position":"center center","background-size":"auto","background-attachment":"scroll","background-type":"","background-media":"","overlay-type":"","overlay-color":"","overlay-opacity":"","overlay-gradient":""},"tablet":{"background-color":"var(--ast-global-color-5)","background-image":"","background-repeat":"repeat","background-position":"center center","background-size":"auto","background-attachment":"scroll","background-type":"","background-media":"","overlay-type":"","overlay-color":"","overlay-opacity":"","overlay-gradient":""},"mobile":{"background-color":"var(--ast-global-color-5)","background-image":"","background-repeat":"repeat","background-position":"center center","background-size":"auto","background-attachment":"scroll","background-type":"","background-media":"","overlay-type":"","overlay-color":"","overlay-opacity":"","overlay-gradient":""}}},"product_cat":[26],"product_tag":[],"class_list":{"0":"post-1761","1":"product","2":"type-product","3":"status-publish","4":"has-post-thumbnail","6":"product_cat-analyzer","7":"desktop-align-left","8":"tablet-align-left","9":"mobile-align-left","11":"first","12":"instock","13":"shipping-taxable","14":"product-type-simple"},"yoast_head":"<!-- This site is optimized with the Yoast SEO Premium plugin v22.5 (Yoast SEO v24.3) - https:\/\/yoast.com\/wordpress\/plugins\/seo\/ -->\r\n<title>Portable PH Analyzer - Jswaltec Testing machine<\/title>\r\n<meta name=\"description\" content=\"Portable PH Analyzer - The B3020 Portable pH analyzer is a high performance portable measuring instrument for the measurement of aqueous solutions, pH value, high measurement accuracy, easy to operate\" \/>\r\n<meta name=\"robots\" content=\"index, follow, max-snippet:-1, max-image-preview:large, max-video-preview:-1\" \/>\r\n<link rel=\"canonical\" href=\"http:\/\/www.waltec.com.cn\/es\/producto\/portable-ph-analyzer\/\" \/>\r\n<meta property=\"og:locale\" content=\"es_ES\" \/>\r\n<meta property=\"og:type\" content=\"article\" \/>\r\n<meta property=\"og:title\" content=\"Portable PH Analyzer\" \/>\r\n<meta property=\"og:description\" content=\"Portable PH Analyzer - The B3020 Portable pH analyzer is a high performance portable measuring instrument for the measurement of aqueous solutions, pH value, high measurement accuracy, easy to operate\" \/>\r\n<meta property=\"og:url\" content=\"http:\/\/www.waltec.com.cn\/es\/producto\/portable-ph-analyzer\/\" \/>\r\n<meta property=\"og:site_name\" content=\"Jswaltec Testing machine\" \/>\r\n<meta property=\"article:modified_time\" content=\"2025-01-23T02:10:17+00:00\" \/>\r\n<meta property=\"og:image\" content=\"http:\/\/www.waltec.com.cn\/wp-content\/uploads\/2024\/09\/Portable-PH-Analyzer.webp\" \/>\r\n\t<meta property=\"og:image:width\" content=\"304\" \/>\r\n\t<meta property=\"og:image:height\" content=\"570\" \/>\r\n\t<meta property=\"og:image:type\" content=\"image\/webp\" \/>\r\n<meta name=\"twitter:card\" content=\"summary_large_image\" \/>\r\n<meta name=\"twitter:label1\" content=\"Tiempo de lectura\" \/>\n\t<meta name=\"twitter:data1\" content=\"2 minutos\" \/>\r\n<script type=\"application\/ld+json\" class=\"yoast-schema-graph\">{\"@context\":\"https:\/\/schema.org\",\"@graph\":[{\"@type\":\"WebPage\",\"@id\":\"http:\/\/www.waltec.com.cn\/product\/portable-ph-analyzer\/\",\"url\":\"http:\/\/www.waltec.com.cn\/product\/portable-ph-analyzer\/\",\"name\":\"Portable PH Analyzer - Jswaltec Testing machine\",\"isPartOf\":{\"@id\":\"http:\/\/www.waltec.com.cn\/#website\"},\"primaryImageOfPage\":{\"@id\":\"http:\/\/www.waltec.com.cn\/product\/portable-ph-analyzer\/#primaryimage\"},\"image\":{\"@id\":\"http:\/\/www.waltec.com.cn\/product\/portable-ph-analyzer\/#primaryimage\"},\"thumbnailUrl\":\"http:\/\/www.waltec.com.cn\/wp-content\/uploads\/2024\/09\/Portable-PH-Analyzer.webp\",\"datePublished\":\"2024-09-02T03:42:40+00:00\",\"dateModified\":\"2025-01-23T02:10:17+00:00\",\"description\":\"Portable PH Analyzer - The B3020 Portable pH analyzer is a high performance portable measuring instrument for the measurement of aqueous solutions, pH value, high measurement accuracy, easy to operate\",\"breadcrumb\":{\"@id\":\"http:\/\/www.waltec.com.cn\/product\/portable-ph-analyzer\/#breadcrumb\"},\"inLanguage\":\"es\",\"potentialAction\":[{\"@type\":\"ReadAction\",\"target\":[\"http:\/\/www.waltec.com.cn\/product\/portable-ph-analyzer\/\"]}]},{\"@type\":\"ImageObject\",\"inLanguage\":\"es\",\"@id\":\"http:\/\/www.waltec.com.cn\/product\/portable-ph-analyzer\/#primaryimage\",\"url\":\"http:\/\/www.waltec.com.cn\/wp-content\/uploads\/2024\/09\/Portable-PH-Analyzer.webp\",\"contentUrl\":\"http:\/\/www.waltec.com.cn\/wp-content\/uploads\/2024\/09\/Portable-PH-Analyzer.webp\",\"width\":304,\"height\":570},{\"@type\":\"BreadcrumbList\",\"@id\":\"http:\/\/www.waltec.com.cn\/product\/portable-ph-analyzer\/#breadcrumb\",\"itemListElement\":[{\"@type\":\"ListItem\",\"position\":1,\"name\":\"Home\",\"item\":\"http:\/\/www.waltec.com.cn\/\"},{\"@type\":\"ListItem\",\"position\":2,\"name\":\"Products\",\"item\":\"http:\/\/www.waltec.com.cn\/shop\/\"},{\"@type\":\"ListItem\",\"position\":3,\"name\":\"Portable PH Analyzer\"}]},{\"@type\":\"WebSite\",\"@id\":\"http:\/\/www.waltec.com.cn\/#website\",\"url\":\"http:\/\/www.waltec.com.cn\/\",\"name\":\"Jswaltec Testing machine\",\"description\":\"\",\"publisher\":{\"@id\":\"http:\/\/www.waltec.com.cn\/#organization\"},\"potentialAction\":[{\"@type\":\"SearchAction\",\"target\":{\"@type\":\"EntryPoint\",\"urlTemplate\":\"http:\/\/www.waltec.com.cn\/?s={search_term_string}\"},\"query-input\":{\"@type\":\"PropertyValueSpecification\",\"valueRequired\":true,\"valueName\":\"search_term_string\"}}],\"inLanguage\":\"es\"},{\"@type\":\"Organization\",\"@id\":\"http:\/\/www.waltec.com.cn\/#organization\",\"name\":\"JIANGSU WALLONG-HSIN MACHINERY ENGINEERING CORPORATION LTD.\",\"url\":\"http:\/\/www.waltec.com.cn\/\",\"logo\":{\"@type\":\"ImageObject\",\"inLanguage\":\"es\",\"@id\":\"http:\/\/www.waltec.com.cn\/#\/schema\/logo\/image\/\",\"url\":\"http:\/\/www.waltec.com.cn\/wp-content\/uploads\/2024\/08\/01.jpg\",\"contentUrl\":\"http:\/\/www.waltec.com.cn\/wp-content\/uploads\/2024\/08\/01.jpg\",\"width\":1217,\"height\":221,\"caption\":\"JIANGSU WALLONG-HSIN MACHINERY ENGINEERING CORPORATION LTD.\"},\"image\":{\"@id\":\"http:\/\/www.waltec.com.cn\/#\/schema\/logo\/image\/\"}}]}<\/script>\r\n<!-- \/ Yoast SEO Premium plugin. -->","yoast_head_json":{"title":"Portable PH Analyzer - Jswaltec Testing machine","description":"Portable PH Analyzer - The B3020 Portable pH analyzer is a high performance portable measuring instrument for the measurement of aqueous solutions, pH value, high measurement accuracy, easy to operate","robots":{"index":"index","follow":"follow","max-snippet":"max-snippet:-1","max-image-preview":"max-image-preview:large","max-video-preview":"max-video-preview:-1"},"canonical":"http:\/\/www.waltec.com.cn\/es\/producto\/portable-ph-analyzer\/","og_locale":"es_ES","og_type":"article","og_title":"Portable PH Analyzer","og_description":"Portable PH Analyzer - The B3020 Portable pH analyzer is a high performance portable measuring instrument for the measurement of aqueous solutions, pH value, high measurement accuracy, easy to operate","og_url":"http:\/\/www.waltec.com.cn\/es\/producto\/portable-ph-analyzer\/","og_site_name":"Jswaltec Testing machine","article_modified_time":"2025-01-23T02:10:17+00:00","og_image":[{"width":304,"height":570,"url":"http:\/\/www.waltec.com.cn\/wp-content\/uploads\/2024\/09\/Portable-PH-Analyzer.webp","type":"image\/webp"}],"twitter_card":"summary_large_image","twitter_misc":{"Tiempo de lectura":"2 minutos"},"schema":{"@context":"https:\/\/schema.org","@graph":[{"@type":"WebPage","@id":"http:\/\/www.waltec.com.cn\/product\/portable-ph-analyzer\/","url":"http:\/\/www.waltec.com.cn\/product\/portable-ph-analyzer\/","name":"Portable PH Analyzer - Jswaltec Testing machine","isPartOf":{"@id":"http:\/\/www.waltec.com.cn\/#website"},"primaryImageOfPage":{"@id":"http:\/\/www.waltec.com.cn\/product\/portable-ph-analyzer\/#primaryimage"},"image":{"@id":"http:\/\/www.waltec.com.cn\/product\/portable-ph-analyzer\/#primaryimage"},"thumbnailUrl":"http:\/\/www.waltec.com.cn\/wp-content\/uploads\/2024\/09\/Portable-PH-Analyzer.webp","datePublished":"2024-09-02T03:42:40+00:00","dateModified":"2025-01-23T02:10:17+00:00","description":"Portable PH Analyzer - The B3020 Portable pH analyzer is a high performance portable measuring instrument for the measurement of aqueous solutions, pH value, high measurement accuracy, easy to operate","breadcrumb":{"@id":"http:\/\/www.waltec.com.cn\/product\/portable-ph-analyzer\/#breadcrumb"},"inLanguage":"es","potentialAction":[{"@type":"ReadAction","target":["http:\/\/www.waltec.com.cn\/product\/portable-ph-analyzer\/"]}]},{"@type":"ImageObject","inLanguage":"es","@id":"http:\/\/www.waltec.com.cn\/product\/portable-ph-analyzer\/#primaryimage","url":"http:\/\/www.waltec.com.cn\/wp-content\/uploads\/2024\/09\/Portable-PH-Analyzer.webp","contentUrl":"http:\/\/www.waltec.com.cn\/wp-content\/uploads\/2024\/09\/Portable-PH-Analyzer.webp","width":304,"height":570},{"@type":"BreadcrumbList","@id":"http:\/\/www.waltec.com.cn\/product\/portable-ph-analyzer\/#breadcrumb","itemListElement":[{"@type":"ListItem","position":1,"name":"Home","item":"http:\/\/www.waltec.com.cn\/"},{"@type":"ListItem","position":2,"name":"Products","item":"http:\/\/www.waltec.com.cn\/shop\/"},{"@type":"ListItem","position":3,"name":"Portable PH Analyzer"}]},{"@type":"WebSite","@id":"http:\/\/www.waltec.com.cn\/#website","url":"http:\/\/www.waltec.com.cn\/","name":"Jswaltec Testing machine","description":"","publisher":{"@id":"http:\/\/www.waltec.com.cn\/#organization"},"potentialAction":[{"@type":"SearchAction","target":{"@type":"EntryPoint","urlTemplate":"http:\/\/www.waltec.com.cn\/?s={search_term_string}"},"query-input":{"@type":"PropertyValueSpecification","valueRequired":true,"valueName":"search_term_string"}}],"inLanguage":"es"},{"@type":"Organization","@id":"http:\/\/www.waltec.com.cn\/#organization","name":"JIANGSU WALLONG-HSIN MACHINERY ENGINEERING CORPORATION LTD.","url":"http:\/\/www.waltec.com.cn\/","logo":{"@type":"ImageObject","inLanguage":"es","@id":"http:\/\/www.waltec.com.cn\/#\/schema\/logo\/image\/","url":"http:\/\/www.waltec.com.cn\/wp-content\/uploads\/2024\/08\/01.jpg","contentUrl":"http:\/\/www.waltec.com.cn\/wp-content\/uploads\/2024\/08\/01.jpg","width":1217,"height":221,"caption":"JIANGSU WALLONG-HSIN MACHINERY ENGINEERING CORPORATION LTD."},"image":{"@id":"http:\/\/www.waltec.com.cn\/#\/schema\/logo\/image\/"}}]}},"uagb_featured_image_src":{"full":["http:\/\/www.waltec.com.cn\/wp-content\/uploads\/2024\/09\/Portable-PH-Analyzer.webp",304,570,false],"thumbnail":["http:\/\/www.waltec.com.cn\/wp-content\/uploads\/2024\/09\/Portable-PH-Analyzer.webp",80,150,false],"medium":["http:\/\/www.waltec.com.cn\/wp-content\/uploads\/2024\/09\/Portable-PH-Analyzer.webp",160,300,false],"medium_large":["http:\/\/www.waltec.com.cn\/wp-content\/uploads\/2024\/09\/Portable-PH-Analyzer.webp",304,570,false],"large":["http:\/\/www.waltec.com.cn\/wp-content\/uploads\/2024\/09\/Portable-PH-Analyzer.webp",304,570,false],"1536x1536":["http:\/\/www.waltec.com.cn\/wp-content\/uploads\/2024\/09\/Portable-PH-Analyzer.webp",304,570,false],"2048x2048":["http:\/\/www.waltec.com.cn\/wp-content\/uploads\/2024\/09\/Portable-PH-Analyzer.webp",304,570,false],"trp-custom-language-flag":["http:\/\/www.waltec.com.cn\/wp-content\/uploads\/2024\/09\/Portable-PH-Analyzer.webp",6,12,false],"woocommerce_thumbnail":["http:\/\/www.waltec.com.cn\/wp-content\/uploads\/2024\/09\/Portable-PH-Analyzer-300x300.webp",300,300,true],"woocommerce_single":["http:\/\/www.waltec.com.cn\/wp-content\/uploads\/2024\/09\/Portable-PH-Analyzer.webp",304,570,false],"woocommerce_gallery_thumbnail":["http:\/\/www.waltec.com.cn\/wp-content\/uploads\/2024\/09\/Portable-PH-Analyzer-100x100.webp",100,100,true]},"uagb_author_info":{"display_name":"Jswaltec","author_link":"http:\/\/www.waltec.com.cn\/es\/author\/"},"uagb_comment_info":0,"uagb_excerpt":"The B3020 Portable pH analyzer is a high performance portable measuring instrument for the measurement of aqueous solutions, pH value, high measurement accuracy, easy to operate, suitable for pH measurement in aqueous solutions of various industries, in petrochemical,\u00a0power, beverage, pharmaceutical, semiconductor industries are widely used. Instrument features: Built-in temperature and salinity sensor, temperature, salinity automatic&hellip;","_links":{"self":[{"href":"http:\/\/www.waltec.com.cn\/es\/wp-json\/wp\/v2\/product\/1761","targetHints":{"allow":["GET"]}}],"collection":[{"href":"http:\/\/www.waltec.com.cn\/es\/wp-json\/wp\/v2\/product"}],"about":[{"href":"http:\/\/www.waltec.com.cn\/es\/wp-json\/wp\/v2\/types\/product"}],"wp:featuredmedia":[{"embeddable":true,"href":"http:\/\/www.waltec.com.cn\/es\/wp-json\/wp\/v2\/media\/1865"}],"wp:attachment":[{"href":"http:\/\/www.waltec.com.cn\/es\/wp-json\/wp\/v2\/media?parent=1761"}],"wp:term":[{"taxonomy":"product_cat","embeddable":true,"href":"http:\/\/www.waltec.com.cn\/es\/wp-json\/wp\/v2\/product_cat?post=1761"},{"taxonomy":"product_tag","embeddable":true,"href":"http:\/\/www.waltec.com.cn\/es\/wp-json\/wp\/v2\/product_tag?post=1761"}],"curies":[{"name":"wp","href":"https:\/\/api.w.org\/{rel}","templated":true}]}}