{"id":1762,"date":"2024-09-02T11:44:22","date_gmt":"2024-09-02T03:44:22","guid":{"rendered":"http:\/\/www.waltec.com.cn\/?post_type=product&#038;p=1762"},"modified":"2025-01-23T10:11:41","modified_gmt":"2025-01-23T02:11:41","slug":"portable-water-quality-analyzer","status":"publish","type":"product","link":"http:\/\/www.waltec.com.cn\/es\/producto\/portable-water-quality-analyzer\/","title":{"rendered":"Analizador port\u00e1til de calidad del agua"},"content":{"rendered":"<p>El analizador port\u00e1til de calidad del agua B3120 es un instrumento de medici\u00f3n port\u00e1til de alto rendimiento para medir el pH, ORP, conductividad, salinidad, TDS y otros par\u00e1metros de soluciones acuosas.<\/p>\n<p><strong><b>Caracter\u00edsticas del instrumento:<\/b><\/strong><\/p>\n<ol>\n<li>Pantalla LCD de matriz de puntos de amplio rango de temperatura y alto brillo, gran \u00e1ngulo de visi\u00f3n, se puede aplicar a temperaturas grises y bajas.<\/li>\n<li>Estructura simple, tama\u00f1o peque\u00f1o, peso ligero, f\u00e1cil de transportar, uso flexible.<\/li>\n<li>Interfaz de operaci\u00f3n de di\u00e1logo hombre-m\u00e1quina inteligente, f\u00e1cil de entender y usar.<\/li>\n<li>Almacenamiento de datos intermitente o continuo, los datos de medici\u00f3n se pueden cargar a la computadora para su almacenamiento y procesamiento secundario.<\/li>\n<li>Con interfaz USB, con autocarga, funci\u00f3n de exportaci\u00f3n de datos.<\/li>\n<\/ol>\n<table>\n<tbody>\n<tr>\n<td colspan=\"2\" width=\"592\"><strong><b>Par\u00e1metros t\u00e9cnicos<\/b><\/strong><\/td>\n<\/tr>\n<tr>\n<td width=\"304\"><strong><b>Tipo de medidor:<\/b><\/strong>\u00a0pH, ORP Conductivity, Dissolved Oxygen<\/td>\n<td width=\"287\"><strong><b>Resoluci\u00f3n:<\/b><\/strong>\u00a00.01pH, 0.1mV, 0.001\u03bcS\/cm 0.01\/0.1 mg\/L<\/td>\n<\/tr>\n<tr>\n<td width=\"304\"><strong><b>Rango: <\/b><\/strong>(0~14)pH (-1999~1999)mV<\/td>\n<td width=\"287\"><strong><b>Error de indicaci\u00f3n:<\/b><\/strong>\u00a0\u00b10.02 pH, \u00b10.1% FS, \u00b11% FS, \u00b10.3mg\/L<\/td>\n<\/tr>\n<tr>\n<td rowspan=\"3\" width=\"304\">K=0.10 (0~20)\u03bcS\/cm, (0~200)\u03bcS\/cm;<\/p>\n<p>(0~2000)\u03bcS\/cm, (0~20) mg\/L<\/td>\n<td width=\"287\"><strong><b>Impedancia de entrada:<\/b><\/strong>\u00a0\u22651 x 1012\u03a9<\/td>\n<\/tr>\n<tr>\n<td width=\"287\"><strong><b>R<\/b><\/strong><strong><b>esponse time (T90):<\/b><\/strong>\u00a090s\u226430s (25 \u2103)<\/td>\n<\/tr>\n<tr>\n<td rowspan=\"2\" width=\"287\"><strong><b>Temperature sensor: <\/b><\/strong>PT1000 \/ PT1000NTC<\/td>\n<\/tr>\n<tr>\n<td width=\"304\">K=1.00 (0~20)\u03bcS\/cm, (0~200)\u03bcS\/cm,<\/p>\n<p>(0~2000)\u03bcS\/cm<\/td>\n<\/tr>\n<\/tbody>\n<\/table>\n<p>&nbsp;<\/p>","protected":false},"excerpt":{"rendered":"<p>B3120 Portable Water Quality Analyzer is a high performance portable measuring instrument for\u00a0the pH, ORP, conductivity, salinity, TDS and other parameters of aqueous solution were measured. Instrument features: Wide temperature, high brightness dot matrix LCD display, large viewing Angle, can be applied to gray and low temperature. Simple structure, small size, light weight, easy to [&hellip;]<\/p>","protected":false},"featured_media":1866,"template":"","meta":{"_uag_custom_page_level_css":"","site-sidebar-layout":"default","site-content-layout":"","ast-site-content-layout":"default","site-content-style":"default","site-sidebar-style":"default","ast-global-header-display":"","ast-banner-title-visibility":"","ast-main-header-display":"","ast-hfb-above-header-display":"","ast-hfb-below-header-display":"","ast-hfb-mobile-header-display":"","site-post-title":"","ast-breadcrumbs-content":"","ast-featured-img":"","footer-sml-layout":"","theme-transparent-header-meta":"default","adv-header-id-meta":"","stick-header-meta":"","header-above-stick-meta":"","header-main-stick-meta":"","header-below-stick-meta":"","astra-migrate-meta-layouts":"set","ast-page-background-enabled":"default","ast-page-background-meta":{"desktop":{"background-color":"var(--ast-global-color-4)","background-image":"","background-repeat":"repeat","background-position":"center center","background-size":"auto","background-attachment":"scroll","background-type":"","background-media":"","overlay-type":"","overlay-color":"","overlay-opacity":"","overlay-gradient":""},"tablet":{"background-color":"","background-image":"","background-repeat":"repeat","background-position":"center center","background-size":"auto","background-attachment":"scroll","background-type":"","background-media":"","overlay-type":"","overlay-color":"","overlay-opacity":"","overlay-gradient":""},"mobile":{"background-color":"","background-image":"","background-repeat":"repeat","background-position":"center center","background-size":"auto","background-attachment":"scroll","background-type":"","background-media":"","overlay-type":"","overlay-color":"","overlay-opacity":"","overlay-gradient":""}},"ast-content-background-meta":{"desktop":{"background-color":"var(--ast-global-color-5)","background-image":"","background-repeat":"repeat","background-position":"center center","background-size":"auto","background-attachment":"scroll","background-type":"","background-media":"","overlay-type":"","overlay-color":"","overlay-opacity":"","overlay-gradient":""},"tablet":{"background-color":"var(--ast-global-color-5)","background-image":"","background-repeat":"repeat","background-position":"center center","background-size":"auto","background-attachment":"scroll","background-type":"","background-media":"","overlay-type":"","overlay-color":"","overlay-opacity":"","overlay-gradient":""},"mobile":{"background-color":"var(--ast-global-color-5)","background-image":"","background-repeat":"repeat","background-position":"center center","background-size":"auto","background-attachment":"scroll","background-type":"","background-media":"","overlay-type":"","overlay-color":"","overlay-opacity":"","overlay-gradient":""}}},"product_cat":[26],"product_tag":[],"class_list":{"0":"post-1762","1":"product","2":"type-product","3":"status-publish","4":"has-post-thumbnail","6":"product_cat-analyzer","7":"desktop-align-left","8":"tablet-align-left","9":"mobile-align-left","11":"first","12":"instock","13":"shipping-taxable","14":"product-type-simple"},"yoast_head":"<!-- This site is optimized with the Yoast SEO Premium plugin v22.5 (Yoast SEO v24.3) - https:\/\/yoast.com\/wordpress\/plugins\/seo\/ -->\r\n<title>Portable Water Quality Analyzer - Jswaltec Testing machine<\/title>\r\n<meta name=\"description\" content=\"Portable Water Quality Analyzer - B3120 Portable Water Quality Analyzer is a high performance portable measuring instrument for\u00a0the pH, ORP, conductivity, salinity, TDS and other parameters of aqueous solution were measured.\" \/>\r\n<meta name=\"robots\" content=\"index, follow, max-snippet:-1, max-image-preview:large, max-video-preview:-1\" \/>\r\n<link rel=\"canonical\" href=\"http:\/\/www.waltec.com.cn\/es\/producto\/portable-water-quality-analyzer\/\" \/>\r\n<meta property=\"og:locale\" content=\"es_ES\" \/>\r\n<meta property=\"og:type\" content=\"article\" \/>\r\n<meta property=\"og:title\" content=\"Portable Water Quality Analyzer\" \/>\r\n<meta property=\"og:description\" content=\"Portable Water Quality Analyzer - B3120 Portable Water Quality Analyzer is a high performance portable measuring instrument for\u00a0the pH, ORP, conductivity, salinity, TDS and other parameters of aqueous solution were measured.\" \/>\r\n<meta property=\"og:url\" content=\"http:\/\/www.waltec.com.cn\/es\/producto\/portable-water-quality-analyzer\/\" \/>\r\n<meta property=\"og:site_name\" content=\"Jswaltec Testing machine\" \/>\r\n<meta property=\"article:modified_time\" content=\"2025-01-23T02:11:41+00:00\" \/>\r\n<meta property=\"og:image\" content=\"http:\/\/www.waltec.com.cn\/wp-content\/uploads\/2024\/09\/Portable-Water-Quality-Analyzer.webp\" \/>\r\n\t<meta property=\"og:image:width\" content=\"557\" \/>\r\n\t<meta property=\"og:image:height\" content=\"346\" \/>\r\n\t<meta property=\"og:image:type\" content=\"image\/webp\" \/>\r\n<meta name=\"twitter:card\" content=\"summary_large_image\" \/>\r\n<meta name=\"twitter:label1\" content=\"Tiempo de lectura\" \/>\n\t<meta name=\"twitter:data1\" content=\"1 minuto\" \/>\r\n<script type=\"application\/ld+json\" class=\"yoast-schema-graph\">{\"@context\":\"https:\/\/schema.org\",\"@graph\":[{\"@type\":\"WebPage\",\"@id\":\"http:\/\/www.waltec.com.cn\/product\/portable-water-quality-analyzer\/\",\"url\":\"http:\/\/www.waltec.com.cn\/product\/portable-water-quality-analyzer\/\",\"name\":\"Portable Water Quality Analyzer - Jswaltec Testing machine\",\"isPartOf\":{\"@id\":\"http:\/\/www.waltec.com.cn\/#website\"},\"primaryImageOfPage\":{\"@id\":\"http:\/\/www.waltec.com.cn\/product\/portable-water-quality-analyzer\/#primaryimage\"},\"image\":{\"@id\":\"http:\/\/www.waltec.com.cn\/product\/portable-water-quality-analyzer\/#primaryimage\"},\"thumbnailUrl\":\"http:\/\/www.waltec.com.cn\/wp-content\/uploads\/2024\/09\/Portable-Water-Quality-Analyzer.webp\",\"datePublished\":\"2024-09-02T03:44:22+00:00\",\"dateModified\":\"2025-01-23T02:11:41+00:00\",\"description\":\"Portable Water Quality Analyzer - B3120 Portable Water Quality Analyzer is a high performance portable measuring instrument for\u00a0the pH, ORP, conductivity, salinity, TDS and other parameters of aqueous solution were measured.\",\"breadcrumb\":{\"@id\":\"http:\/\/www.waltec.com.cn\/product\/portable-water-quality-analyzer\/#breadcrumb\"},\"inLanguage\":\"es\",\"potentialAction\":[{\"@type\":\"ReadAction\",\"target\":[\"http:\/\/www.waltec.com.cn\/product\/portable-water-quality-analyzer\/\"]}]},{\"@type\":\"ImageObject\",\"inLanguage\":\"es\",\"@id\":\"http:\/\/www.waltec.com.cn\/product\/portable-water-quality-analyzer\/#primaryimage\",\"url\":\"http:\/\/www.waltec.com.cn\/wp-content\/uploads\/2024\/09\/Portable-Water-Quality-Analyzer.webp\",\"contentUrl\":\"http:\/\/www.waltec.com.cn\/wp-content\/uploads\/2024\/09\/Portable-Water-Quality-Analyzer.webp\",\"width\":557,\"height\":346},{\"@type\":\"BreadcrumbList\",\"@id\":\"http:\/\/www.waltec.com.cn\/product\/portable-water-quality-analyzer\/#breadcrumb\",\"itemListElement\":[{\"@type\":\"ListItem\",\"position\":1,\"name\":\"Home\",\"item\":\"http:\/\/www.waltec.com.cn\/\"},{\"@type\":\"ListItem\",\"position\":2,\"name\":\"Products\",\"item\":\"http:\/\/www.waltec.com.cn\/shop\/\"},{\"@type\":\"ListItem\",\"position\":3,\"name\":\"Portable Water Quality Analyzer\"}]},{\"@type\":\"WebSite\",\"@id\":\"http:\/\/www.waltec.com.cn\/#website\",\"url\":\"http:\/\/www.waltec.com.cn\/\",\"name\":\"Jswaltec Testing machine\",\"description\":\"\",\"publisher\":{\"@id\":\"http:\/\/www.waltec.com.cn\/#organization\"},\"potentialAction\":[{\"@type\":\"SearchAction\",\"target\":{\"@type\":\"EntryPoint\",\"urlTemplate\":\"http:\/\/www.waltec.com.cn\/?s={search_term_string}\"},\"query-input\":{\"@type\":\"PropertyValueSpecification\",\"valueRequired\":true,\"valueName\":\"search_term_string\"}}],\"inLanguage\":\"es\"},{\"@type\":\"Organization\",\"@id\":\"http:\/\/www.waltec.com.cn\/#organization\",\"name\":\"JIANGSU WALLONG-HSIN MACHINERY ENGINEERING CORPORATION LTD.\",\"url\":\"http:\/\/www.waltec.com.cn\/\",\"logo\":{\"@type\":\"ImageObject\",\"inLanguage\":\"es\",\"@id\":\"http:\/\/www.waltec.com.cn\/#\/schema\/logo\/image\/\",\"url\":\"http:\/\/www.waltec.com.cn\/wp-content\/uploads\/2024\/08\/01.jpg\",\"contentUrl\":\"http:\/\/www.waltec.com.cn\/wp-content\/uploads\/2024\/08\/01.jpg\",\"width\":1217,\"height\":221,\"caption\":\"JIANGSU WALLONG-HSIN MACHINERY ENGINEERING CORPORATION LTD.\"},\"image\":{\"@id\":\"http:\/\/www.waltec.com.cn\/#\/schema\/logo\/image\/\"}}]}<\/script>\r\n<!-- \/ Yoast SEO Premium plugin. -->","yoast_head_json":{"title":"Portable Water Quality Analyzer - Jswaltec Testing machine","description":"Portable Water Quality Analyzer - B3120 Portable Water Quality Analyzer is a high performance portable measuring instrument for\u00a0the pH, ORP, conductivity, salinity, TDS and other parameters of aqueous solution were measured.","robots":{"index":"index","follow":"follow","max-snippet":"max-snippet:-1","max-image-preview":"max-image-preview:large","max-video-preview":"max-video-preview:-1"},"canonical":"http:\/\/www.waltec.com.cn\/es\/producto\/portable-water-quality-analyzer\/","og_locale":"es_ES","og_type":"article","og_title":"Portable Water Quality Analyzer","og_description":"Portable Water Quality Analyzer - B3120 Portable Water Quality Analyzer is a high performance portable measuring instrument for\u00a0the pH, ORP, conductivity, salinity, TDS and other parameters of aqueous solution were measured.","og_url":"http:\/\/www.waltec.com.cn\/es\/producto\/portable-water-quality-analyzer\/","og_site_name":"Jswaltec Testing machine","article_modified_time":"2025-01-23T02:11:41+00:00","og_image":[{"width":557,"height":346,"url":"http:\/\/www.waltec.com.cn\/wp-content\/uploads\/2024\/09\/Portable-Water-Quality-Analyzer.webp","type":"image\/webp"}],"twitter_card":"summary_large_image","twitter_misc":{"Tiempo de lectura":"1 minuto"},"schema":{"@context":"https:\/\/schema.org","@graph":[{"@type":"WebPage","@id":"http:\/\/www.waltec.com.cn\/product\/portable-water-quality-analyzer\/","url":"http:\/\/www.waltec.com.cn\/product\/portable-water-quality-analyzer\/","name":"Portable Water Quality Analyzer - Jswaltec Testing machine","isPartOf":{"@id":"http:\/\/www.waltec.com.cn\/#website"},"primaryImageOfPage":{"@id":"http:\/\/www.waltec.com.cn\/product\/portable-water-quality-analyzer\/#primaryimage"},"image":{"@id":"http:\/\/www.waltec.com.cn\/product\/portable-water-quality-analyzer\/#primaryimage"},"thumbnailUrl":"http:\/\/www.waltec.com.cn\/wp-content\/uploads\/2024\/09\/Portable-Water-Quality-Analyzer.webp","datePublished":"2024-09-02T03:44:22+00:00","dateModified":"2025-01-23T02:11:41+00:00","description":"Portable Water Quality Analyzer - B3120 Portable Water Quality Analyzer is a high performance portable measuring instrument for\u00a0the pH, ORP, conductivity, salinity, TDS and other parameters of aqueous solution were measured.","breadcrumb":{"@id":"http:\/\/www.waltec.com.cn\/product\/portable-water-quality-analyzer\/#breadcrumb"},"inLanguage":"es","potentialAction":[{"@type":"ReadAction","target":["http:\/\/www.waltec.com.cn\/product\/portable-water-quality-analyzer\/"]}]},{"@type":"ImageObject","inLanguage":"es","@id":"http:\/\/www.waltec.com.cn\/product\/portable-water-quality-analyzer\/#primaryimage","url":"http:\/\/www.waltec.com.cn\/wp-content\/uploads\/2024\/09\/Portable-Water-Quality-Analyzer.webp","contentUrl":"http:\/\/www.waltec.com.cn\/wp-content\/uploads\/2024\/09\/Portable-Water-Quality-Analyzer.webp","width":557,"height":346},{"@type":"BreadcrumbList","@id":"http:\/\/www.waltec.com.cn\/product\/portable-water-quality-analyzer\/#breadcrumb","itemListElement":[{"@type":"ListItem","position":1,"name":"Home","item":"http:\/\/www.waltec.com.cn\/"},{"@type":"ListItem","position":2,"name":"Products","item":"http:\/\/www.waltec.com.cn\/shop\/"},{"@type":"ListItem","position":3,"name":"Portable Water Quality Analyzer"}]},{"@type":"WebSite","@id":"http:\/\/www.waltec.com.cn\/#website","url":"http:\/\/www.waltec.com.cn\/","name":"Jswaltec Testing machine","description":"","publisher":{"@id":"http:\/\/www.waltec.com.cn\/#organization"},"potentialAction":[{"@type":"SearchAction","target":{"@type":"EntryPoint","urlTemplate":"http:\/\/www.waltec.com.cn\/?s={search_term_string}"},"query-input":{"@type":"PropertyValueSpecification","valueRequired":true,"valueName":"search_term_string"}}],"inLanguage":"es"},{"@type":"Organization","@id":"http:\/\/www.waltec.com.cn\/#organization","name":"JIANGSU WALLONG-HSIN MACHINERY ENGINEERING CORPORATION LTD.","url":"http:\/\/www.waltec.com.cn\/","logo":{"@type":"ImageObject","inLanguage":"es","@id":"http:\/\/www.waltec.com.cn\/#\/schema\/logo\/image\/","url":"http:\/\/www.waltec.com.cn\/wp-content\/uploads\/2024\/08\/01.jpg","contentUrl":"http:\/\/www.waltec.com.cn\/wp-content\/uploads\/2024\/08\/01.jpg","width":1217,"height":221,"caption":"JIANGSU WALLONG-HSIN MACHINERY ENGINEERING CORPORATION LTD."},"image":{"@id":"http:\/\/www.waltec.com.cn\/#\/schema\/logo\/image\/"}}]}},"uagb_featured_image_src":{"full":["http:\/\/www.waltec.com.cn\/wp-content\/uploads\/2024\/09\/Portable-Water-Quality-Analyzer.webp",557,346,false],"thumbnail":["http:\/\/www.waltec.com.cn\/wp-content\/uploads\/2024\/09\/Portable-Water-Quality-Analyzer.webp",150,93,false],"medium":["http:\/\/www.waltec.com.cn\/wp-content\/uploads\/2024\/09\/Portable-Water-Quality-Analyzer.webp",300,186,false],"medium_large":["http:\/\/www.waltec.com.cn\/wp-content\/uploads\/2024\/09\/Portable-Water-Quality-Analyzer.webp",557,346,false],"large":["http:\/\/www.waltec.com.cn\/wp-content\/uploads\/2024\/09\/Portable-Water-Quality-Analyzer.webp",557,346,false],"1536x1536":["http:\/\/www.waltec.com.cn\/wp-content\/uploads\/2024\/09\/Portable-Water-Quality-Analyzer.webp",557,346,false],"2048x2048":["http:\/\/www.waltec.com.cn\/wp-content\/uploads\/2024\/09\/Portable-Water-Quality-Analyzer.webp",557,346,false],"trp-custom-language-flag":["http:\/\/www.waltec.com.cn\/wp-content\/uploads\/2024\/09\/Portable-Water-Quality-Analyzer.webp",18,12,false],"woocommerce_thumbnail":["http:\/\/www.waltec.com.cn\/wp-content\/uploads\/2024\/09\/Portable-Water-Quality-Analyzer-300x300.webp",300,300,true],"woocommerce_single":["http:\/\/www.waltec.com.cn\/wp-content\/uploads\/2024\/09\/Portable-Water-Quality-Analyzer.webp",557,346,false],"woocommerce_gallery_thumbnail":["http:\/\/www.waltec.com.cn\/wp-content\/uploads\/2024\/09\/Portable-Water-Quality-Analyzer-100x100.webp",100,100,true]},"uagb_author_info":{"display_name":"Jswaltec","author_link":"http:\/\/www.waltec.com.cn\/es\/author\/"},"uagb_comment_info":0,"uagb_excerpt":"B3120 Portable Water Quality Analyzer is a high performance portable measuring instrument for\u00a0the pH, ORP, conductivity, salinity, TDS and other parameters of aqueous solution were measured. Instrument features: Wide temperature, high brightness dot matrix LCD display, large viewing Angle, can be applied to gray and low temperature. Simple structure, small size, light weight, easy to&hellip;","_links":{"self":[{"href":"http:\/\/www.waltec.com.cn\/es\/wp-json\/wp\/v2\/product\/1762","targetHints":{"allow":["GET"]}}],"collection":[{"href":"http:\/\/www.waltec.com.cn\/es\/wp-json\/wp\/v2\/product"}],"about":[{"href":"http:\/\/www.waltec.com.cn\/es\/wp-json\/wp\/v2\/types\/product"}],"wp:featuredmedia":[{"embeddable":true,"href":"http:\/\/www.waltec.com.cn\/es\/wp-json\/wp\/v2\/media\/1866"}],"wp:attachment":[{"href":"http:\/\/www.waltec.com.cn\/es\/wp-json\/wp\/v2\/media?parent=1762"}],"wp:term":[{"taxonomy":"product_cat","embeddable":true,"href":"http:\/\/www.waltec.com.cn\/es\/wp-json\/wp\/v2\/product_cat?post=1762"},{"taxonomy":"product_tag","embeddable":true,"href":"http:\/\/www.waltec.com.cn\/es\/wp-json\/wp\/v2\/product_tag?post=1762"}],"curies":[{"name":"wp","href":"https:\/\/api.w.org\/{rel}","templated":true}]}}