{"id":1763,"date":"2024-09-02T11:47:42","date_gmt":"2024-09-02T03:47:42","guid":{"rendered":"http:\/\/www.waltec.com.cn\/?post_type=product&#038;p=1763"},"modified":"2025-01-23T10:14:49","modified_gmt":"2025-01-23T02:14:49","slug":"silver-phosphonate-analyzer","status":"publish","type":"product","link":"http:\/\/www.waltec.com.cn\/es\/producto\/silver-phosphonate-analyzer\/","title":{"rendered":"Analizador de fosfonato de plata"},"content":{"rendered":"<p>B1050 Silver phosphonate analyzer is an intelligent instrument, the instrument adopts humanized design, simple graph, easy control, with English and Chinese optional, and light source using monochrome cold light source, accurate and reliable measurement, can be used in power plant, chemical industry, metallurgy, environmental protection, pharmaceutical, biochemical, food and tap water and other industries.<\/p>\n<p><strong><b>Caracter\u00edsticas del instrumento: <\/b><\/strong><\/p>\n<ol>\n<li>Pantalla t\u00e1ctil a color de 0 pulgadas, hermosa pantalla, control simple.<\/li>\n<li>El men\u00fa gr\u00e1fico es f\u00e1cil de entender.<\/li>\n<li>El idioma ingl\u00e9s es opcional, se adapta a diferentes usuarios.<\/li>\n<li>El instrumento puede tener funci\u00f3n de autoprueba, para detectar fallas f\u00e1cilmente.<\/li>\n<li>El instrumento tiene funci\u00f3n de comunicaci\u00f3n, puede cargar los datos.<\/li>\n<\/ol>\n<table>\n<tbody>\n<tr>\n<td colspan=\"2\" width=\"568\"><strong><b>Par\u00e1metros t\u00e9cnicos<\/b><\/strong><\/td>\n<\/tr>\n<tr>\n<td width=\"291\"><strong><b>Mostrar:<\/b><\/strong>\u00a0480X272 color touch screen<\/td>\n<td width=\"276\"><strong><b>Temperatura ambiente:<\/b><\/strong>\u00a0(5~45)\u00b0 C<\/td>\n<\/tr>\n<tr>\n<td width=\"291\"><strong><b>Rango de medici\u00f3n: <\/b><\/strong>0-20 mg\/L<\/p>\n<p>(max.\u00a0range from 0-50mg\/L)<\/td>\n<td width=\"276\"><strong><b>Fuente de alimentaci\u00f3n:<\/b><\/strong>\u00a0AC220V 50Hz<\/td>\n<\/tr>\n<tr>\n<td width=\"291\"><strong><b>Error de indicaci\u00f3n:<\/b><\/strong>\u00a0\u00b12%F.S<\/td>\n<td width=\"276\"><strong><b>Fuerza:<\/b><\/strong>\u00a0&lt;15w<\/td>\n<\/tr>\n<tr>\n<td width=\"291\"><strong><b>Resoluci\u00f3n:<\/b><\/strong>\u00a00.1ug\/L; <strong><b>Repetibilidad:<\/b><\/strong>\u00a0\u22641%<\/td>\n<td width=\"276\"><strong><b>Tama\u00f1o:<\/b><\/strong>\u00a0320mm\u00d7270mm\u00d7290mm<\/td>\n<\/tr>\n<tr>\n<td width=\"291\"><strong><b>Temperatura de la muestra de agua: <\/b><\/strong>(5~ 60)\u00b0 C<\/td>\n<td width=\"276\"><strong><b>Peso: <\/b><\/strong>2kg<\/td>\n<\/tr>\n<\/tbody>\n<\/table>\n<p>&nbsp;<\/p>","protected":false},"excerpt":{"rendered":"<p>B1050 Silver phosphonate analyzer is an intelligent instrument, the instrument adopts humanized design, simple graph, easy control, with English and Chinese optional, and light source using monochrome cold light source, accurate and reliable measurement, can be used in power plant, chemical industry, metallurgy, environmental protection, pharmaceutical, biochemical, food and tap water and other industries. Instrument [&hellip;]<\/p>","protected":false},"featured_media":1867,"template":"","meta":{"_uag_custom_page_level_css":"","site-sidebar-layout":"default","site-content-layout":"","ast-site-content-layout":"default","site-content-style":"default","site-sidebar-style":"default","ast-global-header-display":"","ast-banner-title-visibility":"","ast-main-header-display":"","ast-hfb-above-header-display":"","ast-hfb-below-header-display":"","ast-hfb-mobile-header-display":"","site-post-title":"","ast-breadcrumbs-content":"","ast-featured-img":"","footer-sml-layout":"","theme-transparent-header-meta":"default","adv-header-id-meta":"","stick-header-meta":"","header-above-stick-meta":"","header-main-stick-meta":"","header-below-stick-meta":"","astra-migrate-meta-layouts":"set","ast-page-background-enabled":"default","ast-page-background-meta":{"desktop":{"background-color":"var(--ast-global-color-4)","background-image":"","background-repeat":"repeat","background-position":"center center","background-size":"auto","background-attachment":"scroll","background-type":"","background-media":"","overlay-type":"","overlay-color":"","overlay-opacity":"","overlay-gradient":""},"tablet":{"background-color":"","background-image":"","background-repeat":"repeat","background-position":"center center","background-size":"auto","background-attachment":"scroll","background-type":"","background-media":"","overlay-type":"","overlay-color":"","overlay-opacity":"","overlay-gradient":""},"mobile":{"background-color":"","background-image":"","background-repeat":"repeat","background-position":"center center","background-size":"auto","background-attachment":"scroll","background-type":"","background-media":"","overlay-type":"","overlay-color":"","overlay-opacity":"","overlay-gradient":""}},"ast-content-background-meta":{"desktop":{"background-color":"var(--ast-global-color-5)","background-image":"","background-repeat":"repeat","background-position":"center center","background-size":"auto","background-attachment":"scroll","background-type":"","background-media":"","overlay-type":"","overlay-color":"","overlay-opacity":"","overlay-gradient":""},"tablet":{"background-color":"var(--ast-global-color-5)","background-image":"","background-repeat":"repeat","background-position":"center center","background-size":"auto","background-attachment":"scroll","background-type":"","background-media":"","overlay-type":"","overlay-color":"","overlay-opacity":"","overlay-gradient":""},"mobile":{"background-color":"var(--ast-global-color-5)","background-image":"","background-repeat":"repeat","background-position":"center center","background-size":"auto","background-attachment":"scroll","background-type":"","background-media":"","overlay-type":"","overlay-color":"","overlay-opacity":"","overlay-gradient":""}}},"product_cat":[26],"product_tag":[],"class_list":{"0":"post-1763","1":"product","2":"type-product","3":"status-publish","4":"has-post-thumbnail","6":"product_cat-analyzer","7":"desktop-align-left","8":"tablet-align-left","9":"mobile-align-left","11":"first","12":"instock","13":"shipping-taxable","14":"product-type-simple"},"yoast_head":"<!-- This site is optimized with the Yoast SEO Premium plugin v22.5 (Yoast SEO v24.3) - https:\/\/yoast.com\/wordpress\/plugins\/seo\/ -->\r\n<title>Silver Phosphonate Analyzer - Jswaltec Testing machine<\/title>\r\n<meta name=\"description\" content=\"Silver Phosphonate Analyzer - B1050 Silver phosphonate analyzer is an intelligent instrument, the instrument adopts humanized design, simple graph, easy control, with English and Chinese optional.\" \/>\r\n<meta name=\"robots\" content=\"index, follow, max-snippet:-1, max-image-preview:large, max-video-preview:-1\" \/>\r\n<link rel=\"canonical\" href=\"http:\/\/www.waltec.com.cn\/es\/producto\/silver-phosphonate-analyzer\/\" \/>\r\n<meta property=\"og:locale\" content=\"es_ES\" \/>\r\n<meta property=\"og:type\" content=\"article\" \/>\r\n<meta property=\"og:title\" content=\"Silver Phosphonate Analyzer\" \/>\r\n<meta property=\"og:description\" content=\"Silver Phosphonate Analyzer - B1050 Silver phosphonate analyzer is an intelligent instrument, the instrument adopts humanized design, simple graph, easy control, with English and Chinese optional.\" \/>\r\n<meta property=\"og:url\" content=\"http:\/\/www.waltec.com.cn\/es\/producto\/silver-phosphonate-analyzer\/\" \/>\r\n<meta property=\"og:site_name\" content=\"Jswaltec Testing machine\" \/>\r\n<meta property=\"article:modified_time\" content=\"2025-01-23T02:14:49+00:00\" \/>\r\n<meta property=\"og:image\" content=\"http:\/\/www.waltec.com.cn\/wp-content\/uploads\/2024\/09\/Silver-Phosphonate-Analyzer.webp\" \/>\r\n\t<meta property=\"og:image:width\" content=\"829\" \/>\r\n\t<meta property=\"og:image:height\" content=\"717\" \/>\r\n\t<meta property=\"og:image:type\" content=\"image\/webp\" \/>\r\n<meta name=\"twitter:card\" content=\"summary_large_image\" \/>\r\n<meta name=\"twitter:label1\" content=\"Tiempo de lectura\" \/>\n\t<meta name=\"twitter:data1\" content=\"1 minuto\" \/>\r\n<script type=\"application\/ld+json\" class=\"yoast-schema-graph\">{\"@context\":\"https:\/\/schema.org\",\"@graph\":[{\"@type\":\"WebPage\",\"@id\":\"http:\/\/www.waltec.com.cn\/product\/silver-phosphonate-analyzer\/\",\"url\":\"http:\/\/www.waltec.com.cn\/product\/silver-phosphonate-analyzer\/\",\"name\":\"Silver Phosphonate Analyzer - Jswaltec Testing machine\",\"isPartOf\":{\"@id\":\"http:\/\/www.waltec.com.cn\/#website\"},\"primaryImageOfPage\":{\"@id\":\"http:\/\/www.waltec.com.cn\/product\/silver-phosphonate-analyzer\/#primaryimage\"},\"image\":{\"@id\":\"http:\/\/www.waltec.com.cn\/product\/silver-phosphonate-analyzer\/#primaryimage\"},\"thumbnailUrl\":\"http:\/\/www.waltec.com.cn\/wp-content\/uploads\/2024\/09\/Silver-Phosphonate-Analyzer.webp\",\"datePublished\":\"2024-09-02T03:47:42+00:00\",\"dateModified\":\"2025-01-23T02:14:49+00:00\",\"description\":\"Silver Phosphonate Analyzer - B1050 Silver phosphonate analyzer is an intelligent instrument, the instrument adopts humanized design, simple graph, easy control, with English and Chinese optional.\",\"breadcrumb\":{\"@id\":\"http:\/\/www.waltec.com.cn\/product\/silver-phosphonate-analyzer\/#breadcrumb\"},\"inLanguage\":\"es\",\"potentialAction\":[{\"@type\":\"ReadAction\",\"target\":[\"http:\/\/www.waltec.com.cn\/product\/silver-phosphonate-analyzer\/\"]}]},{\"@type\":\"ImageObject\",\"inLanguage\":\"es\",\"@id\":\"http:\/\/www.waltec.com.cn\/product\/silver-phosphonate-analyzer\/#primaryimage\",\"url\":\"http:\/\/www.waltec.com.cn\/wp-content\/uploads\/2024\/09\/Silver-Phosphonate-Analyzer.webp\",\"contentUrl\":\"http:\/\/www.waltec.com.cn\/wp-content\/uploads\/2024\/09\/Silver-Phosphonate-Analyzer.webp\",\"width\":829,\"height\":717},{\"@type\":\"BreadcrumbList\",\"@id\":\"http:\/\/www.waltec.com.cn\/product\/silver-phosphonate-analyzer\/#breadcrumb\",\"itemListElement\":[{\"@type\":\"ListItem\",\"position\":1,\"name\":\"Home\",\"item\":\"http:\/\/www.waltec.com.cn\/\"},{\"@type\":\"ListItem\",\"position\":2,\"name\":\"Products\",\"item\":\"http:\/\/www.waltec.com.cn\/shop\/\"},{\"@type\":\"ListItem\",\"position\":3,\"name\":\"Silver Phosphonate Analyzer\"}]},{\"@type\":\"WebSite\",\"@id\":\"http:\/\/www.waltec.com.cn\/#website\",\"url\":\"http:\/\/www.waltec.com.cn\/\",\"name\":\"Jswaltec Testing machine\",\"description\":\"\",\"publisher\":{\"@id\":\"http:\/\/www.waltec.com.cn\/#organization\"},\"potentialAction\":[{\"@type\":\"SearchAction\",\"target\":{\"@type\":\"EntryPoint\",\"urlTemplate\":\"http:\/\/www.waltec.com.cn\/?s={search_term_string}\"},\"query-input\":{\"@type\":\"PropertyValueSpecification\",\"valueRequired\":true,\"valueName\":\"search_term_string\"}}],\"inLanguage\":\"es\"},{\"@type\":\"Organization\",\"@id\":\"http:\/\/www.waltec.com.cn\/#organization\",\"name\":\"JIANGSU WALLONG-HSIN MACHINERY ENGINEERING CORPORATION LTD.\",\"url\":\"http:\/\/www.waltec.com.cn\/\",\"logo\":{\"@type\":\"ImageObject\",\"inLanguage\":\"es\",\"@id\":\"http:\/\/www.waltec.com.cn\/#\/schema\/logo\/image\/\",\"url\":\"http:\/\/www.waltec.com.cn\/wp-content\/uploads\/2024\/08\/01.jpg\",\"contentUrl\":\"http:\/\/www.waltec.com.cn\/wp-content\/uploads\/2024\/08\/01.jpg\",\"width\":1217,\"height\":221,\"caption\":\"JIANGSU WALLONG-HSIN MACHINERY ENGINEERING CORPORATION LTD.\"},\"image\":{\"@id\":\"http:\/\/www.waltec.com.cn\/#\/schema\/logo\/image\/\"}}]}<\/script>\r\n<!-- \/ Yoast SEO Premium plugin. -->","yoast_head_json":{"title":"Silver Phosphonate Analyzer - Jswaltec Testing machine","description":"Silver Phosphonate Analyzer - B1050 Silver phosphonate analyzer is an intelligent instrument, the instrument adopts humanized design, simple graph, easy control, with English and Chinese optional.","robots":{"index":"index","follow":"follow","max-snippet":"max-snippet:-1","max-image-preview":"max-image-preview:large","max-video-preview":"max-video-preview:-1"},"canonical":"http:\/\/www.waltec.com.cn\/es\/producto\/silver-phosphonate-analyzer\/","og_locale":"es_ES","og_type":"article","og_title":"Silver Phosphonate Analyzer","og_description":"Silver Phosphonate Analyzer - B1050 Silver phosphonate analyzer is an intelligent instrument, the instrument adopts humanized design, simple graph, easy control, with English and Chinese optional.","og_url":"http:\/\/www.waltec.com.cn\/es\/producto\/silver-phosphonate-analyzer\/","og_site_name":"Jswaltec Testing machine","article_modified_time":"2025-01-23T02:14:49+00:00","og_image":[{"width":829,"height":717,"url":"http:\/\/www.waltec.com.cn\/wp-content\/uploads\/2024\/09\/Silver-Phosphonate-Analyzer.webp","type":"image\/webp"}],"twitter_card":"summary_large_image","twitter_misc":{"Tiempo de lectura":"1 minuto"},"schema":{"@context":"https:\/\/schema.org","@graph":[{"@type":"WebPage","@id":"http:\/\/www.waltec.com.cn\/product\/silver-phosphonate-analyzer\/","url":"http:\/\/www.waltec.com.cn\/product\/silver-phosphonate-analyzer\/","name":"Silver Phosphonate Analyzer - Jswaltec Testing machine","isPartOf":{"@id":"http:\/\/www.waltec.com.cn\/#website"},"primaryImageOfPage":{"@id":"http:\/\/www.waltec.com.cn\/product\/silver-phosphonate-analyzer\/#primaryimage"},"image":{"@id":"http:\/\/www.waltec.com.cn\/product\/silver-phosphonate-analyzer\/#primaryimage"},"thumbnailUrl":"http:\/\/www.waltec.com.cn\/wp-content\/uploads\/2024\/09\/Silver-Phosphonate-Analyzer.webp","datePublished":"2024-09-02T03:47:42+00:00","dateModified":"2025-01-23T02:14:49+00:00","description":"Silver Phosphonate Analyzer - B1050 Silver phosphonate analyzer is an intelligent instrument, the instrument adopts humanized design, simple graph, easy control, with English and Chinese optional.","breadcrumb":{"@id":"http:\/\/www.waltec.com.cn\/product\/silver-phosphonate-analyzer\/#breadcrumb"},"inLanguage":"es","potentialAction":[{"@type":"ReadAction","target":["http:\/\/www.waltec.com.cn\/product\/silver-phosphonate-analyzer\/"]}]},{"@type":"ImageObject","inLanguage":"es","@id":"http:\/\/www.waltec.com.cn\/product\/silver-phosphonate-analyzer\/#primaryimage","url":"http:\/\/www.waltec.com.cn\/wp-content\/uploads\/2024\/09\/Silver-Phosphonate-Analyzer.webp","contentUrl":"http:\/\/www.waltec.com.cn\/wp-content\/uploads\/2024\/09\/Silver-Phosphonate-Analyzer.webp","width":829,"height":717},{"@type":"BreadcrumbList","@id":"http:\/\/www.waltec.com.cn\/product\/silver-phosphonate-analyzer\/#breadcrumb","itemListElement":[{"@type":"ListItem","position":1,"name":"Home","item":"http:\/\/www.waltec.com.cn\/"},{"@type":"ListItem","position":2,"name":"Products","item":"http:\/\/www.waltec.com.cn\/shop\/"},{"@type":"ListItem","position":3,"name":"Silver Phosphonate Analyzer"}]},{"@type":"WebSite","@id":"http:\/\/www.waltec.com.cn\/#website","url":"http:\/\/www.waltec.com.cn\/","name":"Jswaltec Testing machine","description":"","publisher":{"@id":"http:\/\/www.waltec.com.cn\/#organization"},"potentialAction":[{"@type":"SearchAction","target":{"@type":"EntryPoint","urlTemplate":"http:\/\/www.waltec.com.cn\/?s={search_term_string}"},"query-input":{"@type":"PropertyValueSpecification","valueRequired":true,"valueName":"search_term_string"}}],"inLanguage":"es"},{"@type":"Organization","@id":"http:\/\/www.waltec.com.cn\/#organization","name":"JIANGSU WALLONG-HSIN MACHINERY ENGINEERING CORPORATION LTD.","url":"http:\/\/www.waltec.com.cn\/","logo":{"@type":"ImageObject","inLanguage":"es","@id":"http:\/\/www.waltec.com.cn\/#\/schema\/logo\/image\/","url":"http:\/\/www.waltec.com.cn\/wp-content\/uploads\/2024\/08\/01.jpg","contentUrl":"http:\/\/www.waltec.com.cn\/wp-content\/uploads\/2024\/08\/01.jpg","width":1217,"height":221,"caption":"JIANGSU WALLONG-HSIN MACHINERY ENGINEERING CORPORATION LTD."},"image":{"@id":"http:\/\/www.waltec.com.cn\/#\/schema\/logo\/image\/"}}]}},"uagb_featured_image_src":{"full":["http:\/\/www.waltec.com.cn\/wp-content\/uploads\/2024\/09\/Silver-Phosphonate-Analyzer.webp",829,717,false],"thumbnail":["http:\/\/www.waltec.com.cn\/wp-content\/uploads\/2024\/09\/Silver-Phosphonate-Analyzer.webp",150,130,false],"medium":["http:\/\/www.waltec.com.cn\/wp-content\/uploads\/2024\/09\/Silver-Phosphonate-Analyzer.webp",300,259,false],"medium_large":["http:\/\/www.waltec.com.cn\/wp-content\/uploads\/2024\/09\/Silver-Phosphonate-Analyzer.webp",768,664,false],"large":["http:\/\/www.waltec.com.cn\/wp-content\/uploads\/2024\/09\/Silver-Phosphonate-Analyzer.webp",829,717,false],"1536x1536":["http:\/\/www.waltec.com.cn\/wp-content\/uploads\/2024\/09\/Silver-Phosphonate-Analyzer.webp",829,717,false],"2048x2048":["http:\/\/www.waltec.com.cn\/wp-content\/uploads\/2024\/09\/Silver-Phosphonate-Analyzer.webp",829,717,false],"trp-custom-language-flag":["http:\/\/www.waltec.com.cn\/wp-content\/uploads\/2024\/09\/Silver-Phosphonate-Analyzer.webp",14,12,false],"woocommerce_thumbnail":["http:\/\/www.waltec.com.cn\/wp-content\/uploads\/2024\/09\/Silver-Phosphonate-Analyzer-300x300.webp",300,300,true],"woocommerce_single":["http:\/\/www.waltec.com.cn\/wp-content\/uploads\/2024\/09\/Silver-Phosphonate-Analyzer.webp",600,519,false],"woocommerce_gallery_thumbnail":["http:\/\/www.waltec.com.cn\/wp-content\/uploads\/2024\/09\/Silver-Phosphonate-Analyzer-100x100.webp",100,100,true]},"uagb_author_info":{"display_name":"Jswaltec","author_link":"http:\/\/www.waltec.com.cn\/es\/author\/"},"uagb_comment_info":0,"uagb_excerpt":"B1050 Silver phosphonate analyzer is an intelligent instrument, the instrument adopts humanized design, simple graph, easy control, with English and Chinese optional, and light source using monochrome cold light source, accurate and reliable measurement, can be used in power plant, chemical industry, metallurgy, environmental protection, pharmaceutical, biochemical, food and tap water and other industries. Instrument&hellip;","_links":{"self":[{"href":"http:\/\/www.waltec.com.cn\/es\/wp-json\/wp\/v2\/product\/1763","targetHints":{"allow":["GET"]}}],"collection":[{"href":"http:\/\/www.waltec.com.cn\/es\/wp-json\/wp\/v2\/product"}],"about":[{"href":"http:\/\/www.waltec.com.cn\/es\/wp-json\/wp\/v2\/types\/product"}],"wp:featuredmedia":[{"embeddable":true,"href":"http:\/\/www.waltec.com.cn\/es\/wp-json\/wp\/v2\/media\/1867"}],"wp:attachment":[{"href":"http:\/\/www.waltec.com.cn\/es\/wp-json\/wp\/v2\/media?parent=1763"}],"wp:term":[{"taxonomy":"product_cat","embeddable":true,"href":"http:\/\/www.waltec.com.cn\/es\/wp-json\/wp\/v2\/product_cat?post=1763"},{"taxonomy":"product_tag","embeddable":true,"href":"http:\/\/www.waltec.com.cn\/es\/wp-json\/wp\/v2\/product_tag?post=1763"}],"curies":[{"name":"wp","href":"https:\/\/api.w.org\/{rel}","templated":true}]}}