{"id":1770,"date":"2024-09-02T13:35:19","date_gmt":"2024-09-02T05:35:19","guid":{"rendered":"http:\/\/www.waltec.com.cn\/?post_type=product&#038;p=1770"},"modified":"2025-01-23T10:39:43","modified_gmt":"2025-01-23T02:39:43","slug":"visible-light-spectrophotometer","status":"publish","type":"product","link":"http:\/\/www.waltec.com.cn\/es\/producto\/visible-light-spectrophotometer\/","title":{"rendered":"Espectrofot\u00f3metro de luz visible"},"content":{"rendered":"<p>El espectrofot\u00f3metro visible B1250 se puede utilizar ampliamente en diversos campos, como el petr\u00f3leo, la industria qu\u00edmica, la medicina, la protecci\u00f3n del medio ambiente, la ense\u00f1anza, la ciencia de los materiales, etc. Es un instrumento anal\u00edtico y de prueba indispensable para la investigaci\u00f3n cient\u00edfica, la producci\u00f3n y la ense\u00f1anza.<\/p>\n<p><strong><b>Caracter\u00edsticas del instrumento:<\/b><\/strong><\/p>\n<ol>\n<li>El espectrofot\u00f3metro visible adopta una estructura de trayectoria \u00f3ptica de haz \u00fanico con baja luz par\u00e1sita y alta resoluci\u00f3n.<\/li>\n<li>El instrumento tiene buena estabilidad y reproducibilidad.<\/li>\n<li>La aplicaci\u00f3n de la \u00faltima tecnolog\u00eda de procesamiento de microcomputadoras hace que la operaci\u00f3n sea m\u00e1s f\u00e1cil y la prueba se puede completar m\u00e1s r\u00e1pidamente.<\/li>\n<li>Tiene funciones de control como ajuste autom\u00e1tico de 0%T y 100%T.<\/li>\n<li>La pantalla digital LED puede mostrar par\u00e1metros como transmitancia, absorbancia y concentraci\u00f3n, lo que mejora la precisi\u00f3n de lectura del instrumento.<\/li>\n<\/ol>\n<table>\n<tbody>\n<tr>\n<td colspan=\"2\" width=\"574\"><strong><b>Par\u00e1metros t\u00e9cnicos<\/b><\/strong><\/td>\n<\/tr>\n<tr>\n<td width=\"258\"><strong><b>Sistema \u00f3ptico:<\/b><\/strong>\u00a0single beam, 1200 lines\/mm diffraction grating<\/td>\n<td width=\"315\"><strong><b>Rango fotom\u00e9trico:<\/b><\/strong>\u00a00-125%T, -0.097-1.999A, 0-1999C (0-1999F)<\/td>\n<\/tr>\n<tr>\n<td width=\"258\"><strong><b>Ancho de banda espectral:<\/b><\/strong>\u00a06nm<\/td>\n<td width=\"315\"><strong><b>Fuente de luz:<\/b><\/strong>\u00a0tungsten halogen lamp 12V\/20W<\/td>\n<\/tr>\n<tr>\n<td width=\"258\"><strong><b>Rango de longitud de onda:<\/b><\/strong>\u00a0360-1000nm<\/td>\n<td width=\"315\"><strong><b>Mostrar: <\/b><\/strong>4-digit LED digital tube<\/td>\n<\/tr>\n<tr>\n<td width=\"258\"><strong><b>Precisi\u00f3n de longitud de onda: <\/b><\/strong>\u00b13.0nm<\/td>\n<td width=\"315\"><strong><b>Detector:<\/b><\/strong>\u00a0Silicon photodiode<\/td>\n<\/tr>\n<tr>\n<td width=\"258\"><strong><b>Repetibilidad de longitud de onda:<\/b><\/strong>\u00a0\u00b11.5nm<\/td>\n<td width=\"315\"><strong><b>Portacubetas:<\/b><\/strong>\u00a050mm<\/td>\n<\/tr>\n<tr>\n<td width=\"258\"><strong><b>Precisi\u00f3n de transmitancia:<\/b><\/strong>\u00a0\u00b11.5%T<\/td>\n<td width=\"315\"><strong><b>Fuente de alimentaci\u00f3n:<\/b><\/strong>\u00a0AC 100V~240V 50Hz\/60Hz 50W<\/td>\n<\/tr>\n<tr>\n<td width=\"258\"><strong><b>Repetibilidad de transmitancia:<\/b><\/strong>\u00a0\u22640.7%T<\/td>\n<td width=\"315\"><strong><b>Dimensiones: <\/b><\/strong>430*310*200mm;<strong><b>\u00a0<\/b><\/strong><strong><b>Peso: <\/b><\/strong>6kg<\/td>\n<\/tr>\n<\/tbody>\n<\/table>\n<p>&nbsp;<\/p>","protected":false},"excerpt":{"rendered":"<p>B1250 visible spectrophotometer can be widely used in various fields such as petroleum, chemical industry, medicine, environmental protection, teaching, material science, etc. It is an indispensable analytical and testing instrument for scientific research, production and teaching. Instrument features: The visible spectrophotometer adopts a single-beam optical path structure with low stray light and high resolution. The [&hellip;]<\/p>","protected":false},"featured_media":1874,"template":"","meta":{"_uag_custom_page_level_css":"","site-sidebar-layout":"default","site-content-layout":"","ast-site-content-layout":"default","site-content-style":"default","site-sidebar-style":"default","ast-global-header-display":"","ast-banner-title-visibility":"","ast-main-header-display":"","ast-hfb-above-header-display":"","ast-hfb-below-header-display":"","ast-hfb-mobile-header-display":"","site-post-title":"","ast-breadcrumbs-content":"","ast-featured-img":"","footer-sml-layout":"","theme-transparent-header-meta":"default","adv-header-id-meta":"","stick-header-meta":"","header-above-stick-meta":"","header-main-stick-meta":"","header-below-stick-meta":"","astra-migrate-meta-layouts":"set","ast-page-background-enabled":"default","ast-page-background-meta":{"desktop":{"background-color":"var(--ast-global-color-4)","background-image":"","background-repeat":"repeat","background-position":"center center","background-size":"auto","background-attachment":"scroll","background-type":"","background-media":"","overlay-type":"","overlay-color":"","overlay-opacity":"","overlay-gradient":""},"tablet":{"background-color":"","background-image":"","background-repeat":"repeat","background-position":"center center","background-size":"auto","background-attachment":"scroll","background-type":"","background-media":"","overlay-type":"","overlay-color":"","overlay-opacity":"","overlay-gradient":""},"mobile":{"background-color":"","background-image":"","background-repeat":"repeat","background-position":"center center","background-size":"auto","background-attachment":"scroll","background-type":"","background-media":"","overlay-type":"","overlay-color":"","overlay-opacity":"","overlay-gradient":""}},"ast-content-background-meta":{"desktop":{"background-color":"var(--ast-global-color-5)","background-image":"","background-repeat":"repeat","background-position":"center center","background-size":"auto","background-attachment":"scroll","background-type":"","background-media":"","overlay-type":"","overlay-color":"","overlay-opacity":"","overlay-gradient":""},"tablet":{"background-color":"var(--ast-global-color-5)","background-image":"","background-repeat":"repeat","background-position":"center center","background-size":"auto","background-attachment":"scroll","background-type":"","background-media":"","overlay-type":"","overlay-color":"","overlay-opacity":"","overlay-gradient":""},"mobile":{"background-color":"var(--ast-global-color-5)","background-image":"","background-repeat":"repeat","background-position":"center center","background-size":"auto","background-attachment":"scroll","background-type":"","background-media":"","overlay-type":"","overlay-color":"","overlay-opacity":"","overlay-gradient":""}}},"product_cat":[26],"product_tag":[],"class_list":{"0":"post-1770","1":"product","2":"type-product","3":"status-publish","4":"has-post-thumbnail","6":"product_cat-analyzer","7":"desktop-align-left","8":"tablet-align-left","9":"mobile-align-left","11":"first","12":"instock","13":"shipping-taxable","14":"product-type-simple"},"yoast_head":"<!-- This site is optimized with the Yoast SEO Premium plugin v22.5 (Yoast SEO v24.3) - https:\/\/yoast.com\/wordpress\/plugins\/seo\/ -->\r\n<title>Visible Light Spectrophotometer - Jswaltec Testing machine<\/title>\r\n<meta name=\"description\" content=\"Visible Light Spectrophotometer - B1250 visible spectrophotometer can be widely used in various fields such as petroleum, chemical industry, medicine, environmental protection, teaching, material science, etc.\" \/>\r\n<meta name=\"robots\" content=\"index, follow, max-snippet:-1, max-image-preview:large, max-video-preview:-1\" \/>\r\n<link rel=\"canonical\" href=\"http:\/\/www.waltec.com.cn\/es\/producto\/visible-light-spectrophotometer\/\" \/>\r\n<meta property=\"og:locale\" content=\"es_ES\" \/>\r\n<meta property=\"og:type\" content=\"article\" \/>\r\n<meta property=\"og:title\" content=\"Visible Light Spectrophotometer\" \/>\r\n<meta property=\"og:description\" content=\"Visible Light Spectrophotometer - B1250 visible spectrophotometer can be widely used in various fields such as petroleum, chemical industry, medicine, environmental protection, teaching, material science, etc.\" \/>\r\n<meta property=\"og:url\" content=\"http:\/\/www.waltec.com.cn\/es\/producto\/visible-light-spectrophotometer\/\" \/>\r\n<meta property=\"og:site_name\" content=\"Jswaltec Testing machine\" \/>\r\n<meta property=\"article:modified_time\" content=\"2025-01-23T02:39:43+00:00\" \/>\r\n<meta property=\"og:image\" content=\"http:\/\/www.waltec.com.cn\/wp-content\/uploads\/2024\/09\/Visible-Light-Spectrophotometer.webp\" \/>\r\n\t<meta property=\"og:image:width\" content=\"337\" \/>\r\n\t<meta property=\"og:image:height\" content=\"337\" \/>\r\n\t<meta property=\"og:image:type\" content=\"image\/webp\" \/>\r\n<meta name=\"twitter:card\" content=\"summary_large_image\" \/>\r\n<meta name=\"twitter:label1\" content=\"Tiempo de lectura\" \/>\n\t<meta name=\"twitter:data1\" content=\"1 minuto\" \/>\r\n<script type=\"application\/ld+json\" class=\"yoast-schema-graph\">{\"@context\":\"https:\/\/schema.org\",\"@graph\":[{\"@type\":\"WebPage\",\"@id\":\"http:\/\/www.waltec.com.cn\/product\/visible-light-spectrophotometer\/\",\"url\":\"http:\/\/www.waltec.com.cn\/product\/visible-light-spectrophotometer\/\",\"name\":\"Visible Light Spectrophotometer - Jswaltec Testing machine\",\"isPartOf\":{\"@id\":\"http:\/\/www.waltec.com.cn\/#website\"},\"primaryImageOfPage\":{\"@id\":\"http:\/\/www.waltec.com.cn\/product\/visible-light-spectrophotometer\/#primaryimage\"},\"image\":{\"@id\":\"http:\/\/www.waltec.com.cn\/product\/visible-light-spectrophotometer\/#primaryimage\"},\"thumbnailUrl\":\"http:\/\/www.waltec.com.cn\/wp-content\/uploads\/2024\/09\/Visible-Light-Spectrophotometer.webp\",\"datePublished\":\"2024-09-02T05:35:19+00:00\",\"dateModified\":\"2025-01-23T02:39:43+00:00\",\"description\":\"Visible Light Spectrophotometer - B1250 visible spectrophotometer can be widely used in various fields such as petroleum, chemical industry, medicine, environmental protection, teaching, material science, etc.\",\"breadcrumb\":{\"@id\":\"http:\/\/www.waltec.com.cn\/product\/visible-light-spectrophotometer\/#breadcrumb\"},\"inLanguage\":\"es\",\"potentialAction\":[{\"@type\":\"ReadAction\",\"target\":[\"http:\/\/www.waltec.com.cn\/product\/visible-light-spectrophotometer\/\"]}]},{\"@type\":\"ImageObject\",\"inLanguage\":\"es\",\"@id\":\"http:\/\/www.waltec.com.cn\/product\/visible-light-spectrophotometer\/#primaryimage\",\"url\":\"http:\/\/www.waltec.com.cn\/wp-content\/uploads\/2024\/09\/Visible-Light-Spectrophotometer.webp\",\"contentUrl\":\"http:\/\/www.waltec.com.cn\/wp-content\/uploads\/2024\/09\/Visible-Light-Spectrophotometer.webp\",\"width\":337,\"height\":337},{\"@type\":\"BreadcrumbList\",\"@id\":\"http:\/\/www.waltec.com.cn\/product\/visible-light-spectrophotometer\/#breadcrumb\",\"itemListElement\":[{\"@type\":\"ListItem\",\"position\":1,\"name\":\"Home\",\"item\":\"http:\/\/www.waltec.com.cn\/\"},{\"@type\":\"ListItem\",\"position\":2,\"name\":\"Products\",\"item\":\"http:\/\/www.waltec.com.cn\/shop\/\"},{\"@type\":\"ListItem\",\"position\":3,\"name\":\"Visible Light Spectrophotometer\"}]},{\"@type\":\"WebSite\",\"@id\":\"http:\/\/www.waltec.com.cn\/#website\",\"url\":\"http:\/\/www.waltec.com.cn\/\",\"name\":\"Jswaltec Testing machine\",\"description\":\"\",\"publisher\":{\"@id\":\"http:\/\/www.waltec.com.cn\/#organization\"},\"potentialAction\":[{\"@type\":\"SearchAction\",\"target\":{\"@type\":\"EntryPoint\",\"urlTemplate\":\"http:\/\/www.waltec.com.cn\/?s={search_term_string}\"},\"query-input\":{\"@type\":\"PropertyValueSpecification\",\"valueRequired\":true,\"valueName\":\"search_term_string\"}}],\"inLanguage\":\"es\"},{\"@type\":\"Organization\",\"@id\":\"http:\/\/www.waltec.com.cn\/#organization\",\"name\":\"JIANGSU WALLONG-HSIN MACHINERY ENGINEERING CORPORATION LTD.\",\"url\":\"http:\/\/www.waltec.com.cn\/\",\"logo\":{\"@type\":\"ImageObject\",\"inLanguage\":\"es\",\"@id\":\"http:\/\/www.waltec.com.cn\/#\/schema\/logo\/image\/\",\"url\":\"http:\/\/www.waltec.com.cn\/wp-content\/uploads\/2024\/08\/01.jpg\",\"contentUrl\":\"http:\/\/www.waltec.com.cn\/wp-content\/uploads\/2024\/08\/01.jpg\",\"width\":1217,\"height\":221,\"caption\":\"JIANGSU WALLONG-HSIN MACHINERY ENGINEERING CORPORATION LTD.\"},\"image\":{\"@id\":\"http:\/\/www.waltec.com.cn\/#\/schema\/logo\/image\/\"}}]}<\/script>\r\n<!-- \/ Yoast SEO Premium plugin. -->","yoast_head_json":{"title":"Visible Light Spectrophotometer - Jswaltec Testing machine","description":"Visible Light Spectrophotometer - B1250 visible spectrophotometer can be widely used in various fields such as petroleum, chemical industry, medicine, environmental protection, teaching, material science, etc.","robots":{"index":"index","follow":"follow","max-snippet":"max-snippet:-1","max-image-preview":"max-image-preview:large","max-video-preview":"max-video-preview:-1"},"canonical":"http:\/\/www.waltec.com.cn\/es\/producto\/visible-light-spectrophotometer\/","og_locale":"es_ES","og_type":"article","og_title":"Visible Light Spectrophotometer","og_description":"Visible Light Spectrophotometer - B1250 visible spectrophotometer can be widely used in various fields such as petroleum, chemical industry, medicine, environmental protection, teaching, material science, etc.","og_url":"http:\/\/www.waltec.com.cn\/es\/producto\/visible-light-spectrophotometer\/","og_site_name":"Jswaltec Testing machine","article_modified_time":"2025-01-23T02:39:43+00:00","og_image":[{"width":337,"height":337,"url":"http:\/\/www.waltec.com.cn\/wp-content\/uploads\/2024\/09\/Visible-Light-Spectrophotometer.webp","type":"image\/webp"}],"twitter_card":"summary_large_image","twitter_misc":{"Tiempo de lectura":"1 minuto"},"schema":{"@context":"https:\/\/schema.org","@graph":[{"@type":"WebPage","@id":"http:\/\/www.waltec.com.cn\/product\/visible-light-spectrophotometer\/","url":"http:\/\/www.waltec.com.cn\/product\/visible-light-spectrophotometer\/","name":"Visible Light Spectrophotometer - Jswaltec Testing machine","isPartOf":{"@id":"http:\/\/www.waltec.com.cn\/#website"},"primaryImageOfPage":{"@id":"http:\/\/www.waltec.com.cn\/product\/visible-light-spectrophotometer\/#primaryimage"},"image":{"@id":"http:\/\/www.waltec.com.cn\/product\/visible-light-spectrophotometer\/#primaryimage"},"thumbnailUrl":"http:\/\/www.waltec.com.cn\/wp-content\/uploads\/2024\/09\/Visible-Light-Spectrophotometer.webp","datePublished":"2024-09-02T05:35:19+00:00","dateModified":"2025-01-23T02:39:43+00:00","description":"Visible Light Spectrophotometer - B1250 visible spectrophotometer can be widely used in various fields such as petroleum, chemical industry, medicine, environmental protection, teaching, material science, etc.","breadcrumb":{"@id":"http:\/\/www.waltec.com.cn\/product\/visible-light-spectrophotometer\/#breadcrumb"},"inLanguage":"es","potentialAction":[{"@type":"ReadAction","target":["http:\/\/www.waltec.com.cn\/product\/visible-light-spectrophotometer\/"]}]},{"@type":"ImageObject","inLanguage":"es","@id":"http:\/\/www.waltec.com.cn\/product\/visible-light-spectrophotometer\/#primaryimage","url":"http:\/\/www.waltec.com.cn\/wp-content\/uploads\/2024\/09\/Visible-Light-Spectrophotometer.webp","contentUrl":"http:\/\/www.waltec.com.cn\/wp-content\/uploads\/2024\/09\/Visible-Light-Spectrophotometer.webp","width":337,"height":337},{"@type":"BreadcrumbList","@id":"http:\/\/www.waltec.com.cn\/product\/visible-light-spectrophotometer\/#breadcrumb","itemListElement":[{"@type":"ListItem","position":1,"name":"Home","item":"http:\/\/www.waltec.com.cn\/"},{"@type":"ListItem","position":2,"name":"Products","item":"http:\/\/www.waltec.com.cn\/shop\/"},{"@type":"ListItem","position":3,"name":"Visible Light Spectrophotometer"}]},{"@type":"WebSite","@id":"http:\/\/www.waltec.com.cn\/#website","url":"http:\/\/www.waltec.com.cn\/","name":"Jswaltec Testing machine","description":"","publisher":{"@id":"http:\/\/www.waltec.com.cn\/#organization"},"potentialAction":[{"@type":"SearchAction","target":{"@type":"EntryPoint","urlTemplate":"http:\/\/www.waltec.com.cn\/?s={search_term_string}"},"query-input":{"@type":"PropertyValueSpecification","valueRequired":true,"valueName":"search_term_string"}}],"inLanguage":"es"},{"@type":"Organization","@id":"http:\/\/www.waltec.com.cn\/#organization","name":"JIANGSU WALLONG-HSIN MACHINERY ENGINEERING CORPORATION LTD.","url":"http:\/\/www.waltec.com.cn\/","logo":{"@type":"ImageObject","inLanguage":"es","@id":"http:\/\/www.waltec.com.cn\/#\/schema\/logo\/image\/","url":"http:\/\/www.waltec.com.cn\/wp-content\/uploads\/2024\/08\/01.jpg","contentUrl":"http:\/\/www.waltec.com.cn\/wp-content\/uploads\/2024\/08\/01.jpg","width":1217,"height":221,"caption":"JIANGSU WALLONG-HSIN MACHINERY ENGINEERING CORPORATION LTD."},"image":{"@id":"http:\/\/www.waltec.com.cn\/#\/schema\/logo\/image\/"}}]}},"uagb_featured_image_src":{"full":["http:\/\/www.waltec.com.cn\/wp-content\/uploads\/2024\/09\/Visible-Light-Spectrophotometer.webp",337,337,false],"thumbnail":["http:\/\/www.waltec.com.cn\/wp-content\/uploads\/2024\/09\/Visible-Light-Spectrophotometer.webp",150,150,false],"medium":["http:\/\/www.waltec.com.cn\/wp-content\/uploads\/2024\/09\/Visible-Light-Spectrophotometer.webp",300,300,false],"medium_large":["http:\/\/www.waltec.com.cn\/wp-content\/uploads\/2024\/09\/Visible-Light-Spectrophotometer.webp",337,337,false],"large":["http:\/\/www.waltec.com.cn\/wp-content\/uploads\/2024\/09\/Visible-Light-Spectrophotometer.webp",337,337,false],"1536x1536":["http:\/\/www.waltec.com.cn\/wp-content\/uploads\/2024\/09\/Visible-Light-Spectrophotometer.webp",337,337,false],"2048x2048":["http:\/\/www.waltec.com.cn\/wp-content\/uploads\/2024\/09\/Visible-Light-Spectrophotometer.webp",337,337,false],"trp-custom-language-flag":["http:\/\/www.waltec.com.cn\/wp-content\/uploads\/2024\/09\/Visible-Light-Spectrophotometer.webp",12,12,false],"woocommerce_thumbnail":["http:\/\/www.waltec.com.cn\/wp-content\/uploads\/2024\/09\/Visible-Light-Spectrophotometer.webp",300,300,false],"woocommerce_single":["http:\/\/www.waltec.com.cn\/wp-content\/uploads\/2024\/09\/Visible-Light-Spectrophotometer.webp",337,337,false],"woocommerce_gallery_thumbnail":["http:\/\/www.waltec.com.cn\/wp-content\/uploads\/2024\/09\/Visible-Light-Spectrophotometer.webp",100,100,false]},"uagb_author_info":{"display_name":"Jswaltec","author_link":"http:\/\/www.waltec.com.cn\/es\/author\/"},"uagb_comment_info":0,"uagb_excerpt":"B1250 visible spectrophotometer can be widely used in various fields such as petroleum, chemical industry, medicine, environmental protection, teaching, material science, etc. It is an indispensable analytical and testing instrument for scientific research, production and teaching. Instrument features: The visible spectrophotometer adopts a single-beam optical path structure with low stray light and high resolution. The&hellip;","_links":{"self":[{"href":"http:\/\/www.waltec.com.cn\/es\/wp-json\/wp\/v2\/product\/1770","targetHints":{"allow":["GET"]}}],"collection":[{"href":"http:\/\/www.waltec.com.cn\/es\/wp-json\/wp\/v2\/product"}],"about":[{"href":"http:\/\/www.waltec.com.cn\/es\/wp-json\/wp\/v2\/types\/product"}],"wp:featuredmedia":[{"embeddable":true,"href":"http:\/\/www.waltec.com.cn\/es\/wp-json\/wp\/v2\/media\/1874"}],"wp:attachment":[{"href":"http:\/\/www.waltec.com.cn\/es\/wp-json\/wp\/v2\/media?parent=1770"}],"wp:term":[{"taxonomy":"product_cat","embeddable":true,"href":"http:\/\/www.waltec.com.cn\/es\/wp-json\/wp\/v2\/product_cat?post=1770"},{"taxonomy":"product_tag","embeddable":true,"href":"http:\/\/www.waltec.com.cn\/es\/wp-json\/wp\/v2\/product_tag?post=1770"}],"curies":[{"name":"wp","href":"https:\/\/api.w.org\/{rel}","templated":true}]}}