{"id":1968,"date":"2024-12-03T15:26:03","date_gmt":"2024-12-03T07:26:03","guid":{"rendered":"http:\/\/www.waltec.com.cn\/?post_type=product&#038;p=1968"},"modified":"2025-01-23T13:40:36","modified_gmt":"2025-01-23T05:40:36","slug":"mp-2de-metallographic-sample-polishing-machine","status":"publish","type":"product","link":"http:\/\/www.waltec.com.cn\/es\/producto\/mp-2de-metallographic-sample-polishing-machine\/","title":{"rendered":"M\u00e1quina pulidora de muestras metalogr\u00e1ficas MP-2DE"},"content":{"rendered":"<p>Esta rectificadora y pulidora es una m\u00e1quina de escritorio de doble disco, ideal para el rectificado basto, el rectificado fino y el pulido de muestras metalogr\u00e1ficas. Incorpora un sistema de control por microprocesador que permite ajustar directamente la velocidad entre 50 y 600 RPM, lo que le otorga una amplia gama de aplicaciones. Su sistema de control dual permite que dos personas la operen simult\u00e1neamente. Est\u00e1 equipada con un dispositivo de refrigeraci\u00f3n que enfr\u00eda la muestra durante el rectificado y pulido para evitar da\u00f1os en la estructura metalogr\u00e1fica por sobrecalentamiento. Es f\u00e1cil de usar, segura y fiable, y es un equipo ideal para la fabricaci\u00f3n de muestras en f\u00e1bricas, centros de investigaci\u00f3n cient\u00edfica y laboratorios de universidades.<\/p>\n<table>\n<tbody>\n<tr>\n<td colspan=\"2\" width=\"100.0000%\"><strong>principales par\u00e1metros t\u00e9cnicos<\/strong><strong>\uff1a<\/strong><\/td>\n<\/tr>\n<tr>\n<td width=\"25.0800%\">Voltaje de trabajo:<\/td>\n<td width=\"74.9000%\">220V\u00a050HZ\uff0cDual disk dual control<\/td>\n<\/tr>\n<tr>\n<td width=\"25.0800%\">Di\u00e1metro del disco de amolar:<\/td>\n<td width=\"74.9000%\">\u03a6203mm\uff08\u53ef\u8ba2\u5236\u03a6250mm\uff09<\/td>\n<\/tr>\n<tr>\n<td width=\"25.0800%\">velocidad de rotaci\u00f3n:<\/td>\n<td width=\"74.9000%\">50-600\u8f6c\/\u5206\u949f\uff08infinitely variable speeds\uff09and\u00a0150\u8f6c\/\u5206\u949fand\u00a0300\u8f6c\/\u5206\u949f\uff08Two-stage speed control\uff09<\/td>\n<\/tr>\n<tr>\n<td width=\"25.0800%\">Di\u00e1metro del papel de lija:<\/td>\n<td width=\"74.9000%\">203mm\uff08customizable\u03a6250mm\uff09<\/td>\n<\/tr>\n<tr>\n<td width=\"25.0800%\">motor el\u00e9ctrico:<\/td>\n<td width=\"74.9000%\">YSS6324\u3001550W<\/td>\n<\/tr>\n<tr>\n<td width=\"25.0800%\">dimensi\u00f3n l\u00edmite:<\/td>\n<td width=\"74.9000%\">566\u00d7712\u00d7270mm<\/td>\n<\/tr>\n<tr>\n<td width=\"25.0800%\">Peso:<\/td>\n<td width=\"74.9000%\">55KG<\/td>\n<\/tr>\n<\/tbody>\n<\/table>","protected":false},"excerpt":{"rendered":"<p>This grinding and polishing machine is a double disk desktop machine, which is suitable for rough grinding, fine grinding and polishing of metallographic samples. The machine adopts a microprocessor control system, which can directly obtain the speed between 50-600 RPM, so that the machine has a wider application. The machine has a dual control system, [&hellip;]<\/p>","protected":false},"featured_media":1967,"template":"","meta":{"_uag_custom_page_level_css":"","site-sidebar-layout":"default","site-content-layout":"","ast-site-content-layout":"default","site-content-style":"default","site-sidebar-style":"default","ast-global-header-display":"","ast-banner-title-visibility":"","ast-main-header-display":"","ast-hfb-above-header-display":"","ast-hfb-below-header-display":"","ast-hfb-mobile-header-display":"","site-post-title":"","ast-breadcrumbs-content":"","ast-featured-img":"","footer-sml-layout":"","theme-transparent-header-meta":"default","adv-header-id-meta":"","stick-header-meta":"","header-above-stick-meta":"","header-main-stick-meta":"","header-below-stick-meta":"","astra-migrate-meta-layouts":"set","ast-page-background-enabled":"default","ast-page-background-meta":{"desktop":{"background-color":"var(--ast-global-color-4)","background-image":"","background-repeat":"repeat","background-position":"center center","background-size":"auto","background-attachment":"scroll","background-type":"","background-media":"","overlay-type":"","overlay-color":"","overlay-opacity":"","overlay-gradient":""},"tablet":{"background-color":"","background-image":"","background-repeat":"repeat","background-position":"center center","background-size":"auto","background-attachment":"scroll","background-type":"","background-media":"","overlay-type":"","overlay-color":"","overlay-opacity":"","overlay-gradient":""},"mobile":{"background-color":"","background-image":"","background-repeat":"repeat","background-position":"center center","background-size":"auto","background-attachment":"scroll","background-type":"","background-media":"","overlay-type":"","overlay-color":"","overlay-opacity":"","overlay-gradient":""}},"ast-content-background-meta":{"desktop":{"background-color":"var(--ast-global-color-5)","background-image":"","background-repeat":"repeat","background-position":"center center","background-size":"auto","background-attachment":"scroll","background-type":"","background-media":"","overlay-type":"","overlay-color":"","overlay-opacity":"","overlay-gradient":""},"tablet":{"background-color":"var(--ast-global-color-5)","background-image":"","background-repeat":"repeat","background-position":"center center","background-size":"auto","background-attachment":"scroll","background-type":"","background-media":"","overlay-type":"","overlay-color":"","overlay-opacity":"","overlay-gradient":""},"mobile":{"background-color":"var(--ast-global-color-5)","background-image":"","background-repeat":"repeat","background-position":"center center","background-size":"auto","background-attachment":"scroll","background-type":"","background-media":"","overlay-type":"","overlay-color":"","overlay-opacity":"","overlay-gradient":""}}},"product_cat":[35],"product_tag":[],"class_list":{"0":"post-1968","1":"product","2":"type-product","3":"status-publish","4":"has-post-thumbnail","6":"product_cat-metallography","7":"desktop-align-left","8":"tablet-align-left","9":"mobile-align-left","11":"first","12":"instock","13":"shipping-taxable","14":"product-type-simple"},"yoast_head":"<!-- This site is optimized with the Yoast SEO Premium plugin v22.5 (Yoast SEO v24.3) - https:\/\/yoast.com\/wordpress\/plugins\/seo\/ -->\r\n<title>MP-2DE metallographic sample polishing machine - Jswaltec Testing machine<\/title>\r\n<meta name=\"description\" content=\"MP-2DE metallographic sample polishing machine - This grinding and polishing machine is a double disk desktop machine, which is suitable for rough grinding, fine grinding and polishing of metallographic samples.\" \/>\r\n<meta name=\"robots\" content=\"index, follow, max-snippet:-1, max-image-preview:large, max-video-preview:-1\" \/>\r\n<link rel=\"canonical\" href=\"http:\/\/www.waltec.com.cn\/es\/producto\/mp-2de-metallographic-sample-polishing-machine\/\" \/>\r\n<meta property=\"og:locale\" content=\"es_ES\" \/>\r\n<meta property=\"og:type\" content=\"article\" \/>\r\n<meta property=\"og:title\" content=\"MP-2DE metallographic sample polishing machine\" \/>\r\n<meta property=\"og:description\" content=\"MP-2DE metallographic sample polishing machine - This grinding and polishing machine is a double disk desktop machine, which is suitable for rough grinding, fine grinding and polishing of metallographic samples.\" \/>\r\n<meta property=\"og:url\" content=\"http:\/\/www.waltec.com.cn\/es\/producto\/mp-2de-metallographic-sample-polishing-machine\/\" \/>\r\n<meta property=\"og:site_name\" content=\"Jswaltec Testing machine\" \/>\r\n<meta property=\"article:modified_time\" content=\"2025-01-23T05:40:36+00:00\" \/>\r\n<meta property=\"og:image\" content=\"http:\/\/www.waltec.com.cn\/wp-content\/uploads\/2024\/12\/9188e661eb91.webp\" \/>\r\n\t<meta property=\"og:image:width\" content=\"382\" \/>\r\n\t<meta property=\"og:image:height\" content=\"302\" \/>\r\n\t<meta property=\"og:image:type\" content=\"image\/webp\" \/>\r\n<meta name=\"twitter:card\" content=\"summary_large_image\" \/>\r\n<meta name=\"twitter:label1\" content=\"Tiempo de lectura\" \/>\n\t<meta name=\"twitter:data1\" content=\"1 minuto\" \/>\r\n<script type=\"application\/ld+json\" class=\"yoast-schema-graph\">{\"@context\":\"https:\/\/schema.org\",\"@graph\":[{\"@type\":\"WebPage\",\"@id\":\"http:\/\/www.waltec.com.cn\/product\/mp-2de-metallographic-sample-polishing-machine\/\",\"url\":\"http:\/\/www.waltec.com.cn\/product\/mp-2de-metallographic-sample-polishing-machine\/\",\"name\":\"MP-2DE metallographic sample polishing machine - Jswaltec Testing machine\",\"isPartOf\":{\"@id\":\"http:\/\/www.waltec.com.cn\/#website\"},\"primaryImageOfPage\":{\"@id\":\"http:\/\/www.waltec.com.cn\/product\/mp-2de-metallographic-sample-polishing-machine\/#primaryimage\"},\"image\":{\"@id\":\"http:\/\/www.waltec.com.cn\/product\/mp-2de-metallographic-sample-polishing-machine\/#primaryimage\"},\"thumbnailUrl\":\"http:\/\/www.waltec.com.cn\/wp-content\/uploads\/2024\/12\/9188e661eb91.webp\",\"datePublished\":\"2024-12-03T07:26:03+00:00\",\"dateModified\":\"2025-01-23T05:40:36+00:00\",\"description\":\"MP-2DE metallographic sample polishing machine - This grinding and polishing machine is a double disk desktop machine, which is suitable for rough grinding, fine grinding and polishing of metallographic samples.\",\"breadcrumb\":{\"@id\":\"http:\/\/www.waltec.com.cn\/product\/mp-2de-metallographic-sample-polishing-machine\/#breadcrumb\"},\"inLanguage\":\"es\",\"potentialAction\":[{\"@type\":\"ReadAction\",\"target\":[\"http:\/\/www.waltec.com.cn\/product\/mp-2de-metallographic-sample-polishing-machine\/\"]}]},{\"@type\":\"ImageObject\",\"inLanguage\":\"es\",\"@id\":\"http:\/\/www.waltec.com.cn\/product\/mp-2de-metallographic-sample-polishing-machine\/#primaryimage\",\"url\":\"http:\/\/www.waltec.com.cn\/wp-content\/uploads\/2024\/12\/9188e661eb91.webp\",\"contentUrl\":\"http:\/\/www.waltec.com.cn\/wp-content\/uploads\/2024\/12\/9188e661eb91.webp\",\"width\":382,\"height\":302},{\"@type\":\"BreadcrumbList\",\"@id\":\"http:\/\/www.waltec.com.cn\/product\/mp-2de-metallographic-sample-polishing-machine\/#breadcrumb\",\"itemListElement\":[{\"@type\":\"ListItem\",\"position\":1,\"name\":\"Home\",\"item\":\"http:\/\/www.waltec.com.cn\/\"},{\"@type\":\"ListItem\",\"position\":2,\"name\":\"Products\",\"item\":\"http:\/\/www.waltec.com.cn\/shop\/\"},{\"@type\":\"ListItem\",\"position\":3,\"name\":\"MP-2DE metallographic sample polishing machine\"}]},{\"@type\":\"WebSite\",\"@id\":\"http:\/\/www.waltec.com.cn\/#website\",\"url\":\"http:\/\/www.waltec.com.cn\/\",\"name\":\"Jswaltec Testing machine\",\"description\":\"\",\"publisher\":{\"@id\":\"http:\/\/www.waltec.com.cn\/#organization\"},\"potentialAction\":[{\"@type\":\"SearchAction\",\"target\":{\"@type\":\"EntryPoint\",\"urlTemplate\":\"http:\/\/www.waltec.com.cn\/?s={search_term_string}\"},\"query-input\":{\"@type\":\"PropertyValueSpecification\",\"valueRequired\":true,\"valueName\":\"search_term_string\"}}],\"inLanguage\":\"es\"},{\"@type\":\"Organization\",\"@id\":\"http:\/\/www.waltec.com.cn\/#organization\",\"name\":\"JIANGSU WALLONG-HSIN MACHINERY ENGINEERING CORPORATION LTD.\",\"url\":\"http:\/\/www.waltec.com.cn\/\",\"logo\":{\"@type\":\"ImageObject\",\"inLanguage\":\"es\",\"@id\":\"http:\/\/www.waltec.com.cn\/#\/schema\/logo\/image\/\",\"url\":\"http:\/\/www.waltec.com.cn\/wp-content\/uploads\/2024\/08\/01.jpg\",\"contentUrl\":\"http:\/\/www.waltec.com.cn\/wp-content\/uploads\/2024\/08\/01.jpg\",\"width\":1217,\"height\":221,\"caption\":\"JIANGSU WALLONG-HSIN MACHINERY ENGINEERING CORPORATION LTD.\"},\"image\":{\"@id\":\"http:\/\/www.waltec.com.cn\/#\/schema\/logo\/image\/\"}}]}<\/script>\r\n<!-- \/ Yoast SEO Premium plugin. -->","yoast_head_json":{"title":"MP-2DE metallographic sample polishing machine - Jswaltec Testing machine","description":"MP-2DE metallographic sample polishing machine - This grinding and polishing machine is a double disk desktop machine, which is suitable for rough grinding, fine grinding and polishing of metallographic samples.","robots":{"index":"index","follow":"follow","max-snippet":"max-snippet:-1","max-image-preview":"max-image-preview:large","max-video-preview":"max-video-preview:-1"},"canonical":"http:\/\/www.waltec.com.cn\/es\/producto\/mp-2de-metallographic-sample-polishing-machine\/","og_locale":"es_ES","og_type":"article","og_title":"MP-2DE metallographic sample polishing machine","og_description":"MP-2DE metallographic sample polishing machine - This grinding and polishing machine is a double disk desktop machine, which is suitable for rough grinding, fine grinding and polishing of metallographic samples.","og_url":"http:\/\/www.waltec.com.cn\/es\/producto\/mp-2de-metallographic-sample-polishing-machine\/","og_site_name":"Jswaltec Testing machine","article_modified_time":"2025-01-23T05:40:36+00:00","og_image":[{"width":382,"height":302,"url":"http:\/\/www.waltec.com.cn\/wp-content\/uploads\/2024\/12\/9188e661eb91.webp","type":"image\/webp"}],"twitter_card":"summary_large_image","twitter_misc":{"Tiempo de lectura":"1 minuto"},"schema":{"@context":"https:\/\/schema.org","@graph":[{"@type":"WebPage","@id":"http:\/\/www.waltec.com.cn\/product\/mp-2de-metallographic-sample-polishing-machine\/","url":"http:\/\/www.waltec.com.cn\/product\/mp-2de-metallographic-sample-polishing-machine\/","name":"MP-2DE metallographic sample polishing machine - Jswaltec Testing machine","isPartOf":{"@id":"http:\/\/www.waltec.com.cn\/#website"},"primaryImageOfPage":{"@id":"http:\/\/www.waltec.com.cn\/product\/mp-2de-metallographic-sample-polishing-machine\/#primaryimage"},"image":{"@id":"http:\/\/www.waltec.com.cn\/product\/mp-2de-metallographic-sample-polishing-machine\/#primaryimage"},"thumbnailUrl":"http:\/\/www.waltec.com.cn\/wp-content\/uploads\/2024\/12\/9188e661eb91.webp","datePublished":"2024-12-03T07:26:03+00:00","dateModified":"2025-01-23T05:40:36+00:00","description":"MP-2DE metallographic sample polishing machine - This grinding and polishing machine is a double disk desktop machine, which is suitable for rough grinding, fine grinding and polishing of metallographic samples.","breadcrumb":{"@id":"http:\/\/www.waltec.com.cn\/product\/mp-2de-metallographic-sample-polishing-machine\/#breadcrumb"},"inLanguage":"es","potentialAction":[{"@type":"ReadAction","target":["http:\/\/www.waltec.com.cn\/product\/mp-2de-metallographic-sample-polishing-machine\/"]}]},{"@type":"ImageObject","inLanguage":"es","@id":"http:\/\/www.waltec.com.cn\/product\/mp-2de-metallographic-sample-polishing-machine\/#primaryimage","url":"http:\/\/www.waltec.com.cn\/wp-content\/uploads\/2024\/12\/9188e661eb91.webp","contentUrl":"http:\/\/www.waltec.com.cn\/wp-content\/uploads\/2024\/12\/9188e661eb91.webp","width":382,"height":302},{"@type":"BreadcrumbList","@id":"http:\/\/www.waltec.com.cn\/product\/mp-2de-metallographic-sample-polishing-machine\/#breadcrumb","itemListElement":[{"@type":"ListItem","position":1,"name":"Home","item":"http:\/\/www.waltec.com.cn\/"},{"@type":"ListItem","position":2,"name":"Products","item":"http:\/\/www.waltec.com.cn\/shop\/"},{"@type":"ListItem","position":3,"name":"MP-2DE metallographic sample polishing machine"}]},{"@type":"WebSite","@id":"http:\/\/www.waltec.com.cn\/#website","url":"http:\/\/www.waltec.com.cn\/","name":"Jswaltec Testing machine","description":"","publisher":{"@id":"http:\/\/www.waltec.com.cn\/#organization"},"potentialAction":[{"@type":"SearchAction","target":{"@type":"EntryPoint","urlTemplate":"http:\/\/www.waltec.com.cn\/?s={search_term_string}"},"query-input":{"@type":"PropertyValueSpecification","valueRequired":true,"valueName":"search_term_string"}}],"inLanguage":"es"},{"@type":"Organization","@id":"http:\/\/www.waltec.com.cn\/#organization","name":"JIANGSU WALLONG-HSIN MACHINERY ENGINEERING CORPORATION LTD.","url":"http:\/\/www.waltec.com.cn\/","logo":{"@type":"ImageObject","inLanguage":"es","@id":"http:\/\/www.waltec.com.cn\/#\/schema\/logo\/image\/","url":"http:\/\/www.waltec.com.cn\/wp-content\/uploads\/2024\/08\/01.jpg","contentUrl":"http:\/\/www.waltec.com.cn\/wp-content\/uploads\/2024\/08\/01.jpg","width":1217,"height":221,"caption":"JIANGSU WALLONG-HSIN MACHINERY ENGINEERING CORPORATION LTD."},"image":{"@id":"http:\/\/www.waltec.com.cn\/#\/schema\/logo\/image\/"}}]}},"uagb_featured_image_src":{"full":["http:\/\/www.waltec.com.cn\/wp-content\/uploads\/2024\/12\/9188e661eb91.webp",382,302,false],"thumbnail":["http:\/\/www.waltec.com.cn\/wp-content\/uploads\/2024\/12\/9188e661eb91.webp",150,119,false],"medium":["http:\/\/www.waltec.com.cn\/wp-content\/uploads\/2024\/12\/9188e661eb91.webp",300,237,false],"medium_large":["http:\/\/www.waltec.com.cn\/wp-content\/uploads\/2024\/12\/9188e661eb91.webp",382,302,false],"large":["http:\/\/www.waltec.com.cn\/wp-content\/uploads\/2024\/12\/9188e661eb91.webp",382,302,false],"1536x1536":["http:\/\/www.waltec.com.cn\/wp-content\/uploads\/2024\/12\/9188e661eb91.webp",382,302,false],"2048x2048":["http:\/\/www.waltec.com.cn\/wp-content\/uploads\/2024\/12\/9188e661eb91.webp",382,302,false],"trp-custom-language-flag":["http:\/\/www.waltec.com.cn\/wp-content\/uploads\/2024\/12\/9188e661eb91.webp",15,12,false],"woocommerce_thumbnail":["http:\/\/www.waltec.com.cn\/wp-content\/uploads\/2024\/12\/9188e661eb91-300x300.webp",300,300,true],"woocommerce_single":["http:\/\/www.waltec.com.cn\/wp-content\/uploads\/2024\/12\/9188e661eb91.webp",382,302,false],"woocommerce_gallery_thumbnail":["http:\/\/www.waltec.com.cn\/wp-content\/uploads\/2024\/12\/9188e661eb91-100x100.webp",100,100,true]},"uagb_author_info":{"display_name":"Jswaltec","author_link":"http:\/\/www.waltec.com.cn\/es\/author\/"},"uagb_comment_info":0,"uagb_excerpt":"This grinding and polishing machine is a double disk desktop machine, which is suitable for rough grinding, fine grinding and polishing of metallographic samples. The machine adopts a microprocessor control system, which can directly obtain the speed between 50-600 RPM, so that the machine has a wider application. The machine has a dual control system,&hellip;","_links":{"self":[{"href":"http:\/\/www.waltec.com.cn\/es\/wp-json\/wp\/v2\/product\/1968","targetHints":{"allow":["GET"]}}],"collection":[{"href":"http:\/\/www.waltec.com.cn\/es\/wp-json\/wp\/v2\/product"}],"about":[{"href":"http:\/\/www.waltec.com.cn\/es\/wp-json\/wp\/v2\/types\/product"}],"wp:featuredmedia":[{"embeddable":true,"href":"http:\/\/www.waltec.com.cn\/es\/wp-json\/wp\/v2\/media\/1967"}],"wp:attachment":[{"href":"http:\/\/www.waltec.com.cn\/es\/wp-json\/wp\/v2\/media?parent=1968"}],"wp:term":[{"taxonomy":"product_cat","embeddable":true,"href":"http:\/\/www.waltec.com.cn\/es\/wp-json\/wp\/v2\/product_cat?post=1968"},{"taxonomy":"product_tag","embeddable":true,"href":"http:\/\/www.waltec.com.cn\/es\/wp-json\/wp\/v2\/product_tag?post=1968"}],"curies":[{"name":"wp","href":"https:\/\/api.w.org\/{rel}","templated":true}]}}