{"id":1970,"date":"2024-12-03T15:40:17","date_gmt":"2024-12-03T07:40:17","guid":{"rendered":"http:\/\/www.waltec.com.cn\/?post_type=product&#038;p=1970"},"modified":"2025-01-23T13:43:16","modified_gmt":"2025-01-23T05:43:16","slug":"mp2000-automatic-metallographic-grinding-and-polishing-machine","status":"publish","type":"product","link":"http:\/\/www.waltec.com.cn\/es\/producto\/mp2000-automatic-metallographic-grinding-and-polishing-machine\/","title":{"rendered":"Rectificadora y pulidora metalogr\u00e1fica autom\u00e1tica MP2000"},"content":{"rendered":"<p>En el proceso de preparaci\u00f3n de muestras metalogr\u00e1ficas, el pre-molido, pulido y molido son procedimientos importantes. La placa de recolecci\u00f3n y la cubierta de esta m\u00e1quina est\u00e1n hechas de material ABS, un producto de \u00faltima generaci\u00f3n con una apariencia novedosa y atractiva. Esta m\u00e1quina es una rectificadora de muestras metalogr\u00e1ficas controlada por microcontrolador, con regulaci\u00f3n continua de la velocidad del disco de molienda, un tubo digital que muestra la velocidad del disco de molienda, un motor de CC sin escobillas que no requiere reemplazo, larga vida \u00fatil, pintura no t\u00f3xica y un chasis de soporte s\u00f3lido y grande que garantiza un equilibrio preciso de rotaci\u00f3n. El potente par del motor proporciona una gran potencia y una experiencia de pulido y molido eficientes, el dise\u00f1o a prueba de fugas del husillo garantiza un rodamiento pr\u00e1cticamente sin da\u00f1os, un dise\u00f1o ultra silencioso que ofrece una buena experiencia de uso, compatibilidad completa con el sistema de cambio r\u00e1pido de discos, buena flexibilidad, con dispositivo de molienda autom\u00e1tico que puede reemplazar el pulido y molido manual en cada proceso, se puede temporizar. El ajuste de la velocidad de rotaci\u00f3n del cabezal de molienda puede mejorar la calidad del pulido y la eficiencia de producci\u00f3n de la muestra, siendo un equipo ideal para la preparaci\u00f3n de muestras metalogr\u00e1ficas. Esta m\u00e1quina puede adaptarse a la preparaci\u00f3n de muestras de varios materiales, operaci\u00f3n independiente de la velocidad del disco de pulido y esmerilado, bajo nivel de ruido, f\u00e1cil operaci\u00f3n, apariencia hermosa, uso seguro, es el mejor equipo para la preparaci\u00f3n de muestras metalogr\u00e1ficas.<\/p>\n<table>\n<tbody>\n<tr>\n<td colspan=\"2\" width=\"100.0000%\"><strong>principales par\u00e1metros t\u00e9cnicos<\/strong><strong>\uff1a<\/strong><\/td>\n<\/tr>\n<tr>\n<td width=\"25.0800%\">Di\u00e1metro del disco de amolar:<\/td>\n<td width=\"74.9000%\">\u03c6250mm\uff08customizable\u03c6230mm\u3001\u03c6300mm\uff09<\/td>\n<\/tr>\n<tr>\n<td width=\"25.0800%\">Velocidad del disco de amolado:<\/td>\n<td width=\"74.9000%\">50-1000r\/min\uff08stepless speed regulation\uff09\u4ee5\u53ca200 r\/min \u3001600 r\/min \u00a0\u3001800r\/min,1000 r\/min\u00a0\uff08Four-stage constant speed\uff09<\/td>\n<\/tr>\n<tr>\n<td width=\"25.0800%\">Direcci\u00f3n del disco de amolar:<\/td>\n<td width=\"74.9000%\">Opci\u00f3n de rotaci\u00f3n hacia adelante y hacia atr\u00e1s ajustable<\/td>\n<\/tr>\n<tr>\n<td width=\"25.0800%\">Velocidad de rotaci\u00f3n del cabezal de pulido:<\/td>\n<td width=\"74.9000%\">5-150r\/min\uff08stepless speed regulation\uff09<\/td>\n<\/tr>\n<tr>\n<td width=\"25.0800%\">N\u00famero de muestras preparadas:<\/td>\n<td width=\"74.9000%\">6 pcs<\/td>\n<\/tr>\n<tr>\n<td width=\"25.0800%\">Rango de carga:<\/td>\n<td width=\"74.9000%\">0-1Mpa\u00a0adjustable\uff0cThe factory parameter is set within 0.2Mpa<\/td>\n<\/tr>\n<tr>\n<td width=\"25.0800%\">Tiempo de preparaci\u00f3n de la muestra:<\/td>\n<td width=\"74.9000%\">0-3000seconds\uff08S\uff09<\/td>\n<\/tr>\n<tr>\n<td width=\"25.0800%\">cylinder pressure\uff1a<\/td>\n<td width=\"74.9000%\">adjustable\uff08\u5efa\u8bae0.2-0.3mpa\uff09<\/td>\n<\/tr>\n<tr>\n<td width=\"25.0800%\">Di\u00e1metro de la muestra:<\/td>\n<td width=\"74.9000%\">\u03c630mm\uff08\u53ef\u8ba2\u5236\u03c622mm\u6216\u03c645mm\uff09<\/td>\n<\/tr>\n<tr>\n<td width=\"25.0800%\">Voltaje de entrada:<\/td>\n<td width=\"74.9000%\">monof\u00e1sica CA 220 V 50 Hz<\/td>\n<\/tr>\n<tr>\n<td width=\"25.0800%\">Potencia de entrada:<\/td>\n<td width=\"74.9000%\">900W<\/td>\n<\/tr>\n<tr>\n<td width=\"25.0800%\">dimensi\u00f3n l\u00edmite:<\/td>\n<td width=\"74.9000%\">980*6920*470mm<\/td>\n<\/tr>\n<tr>\n<td width=\"25.0800%\">Peso:<\/td>\n<td width=\"74.9000%\">55KG<\/td>\n<\/tr>\n<\/tbody>\n<\/table>","protected":false},"excerpt":{"rendered":"<p>In the preparation process of metallographic sample, the sample pre-grinding, polishing and grinding are many important procedures. The collection plate and cover of this machine are formed by ABS material, which is the latest product with novel and beautiful appearance. This machine is a microcontroller controlled metallographic sample grinding machine, grinding disc stepless speed regulation, [&hellip;]<\/p>","protected":false},"featured_media":1969,"template":"","meta":{"_uag_custom_page_level_css":"","site-sidebar-layout":"default","site-content-layout":"","ast-site-content-layout":"default","site-content-style":"default","site-sidebar-style":"default","ast-global-header-display":"","ast-banner-title-visibility":"","ast-main-header-display":"","ast-hfb-above-header-display":"","ast-hfb-below-header-display":"","ast-hfb-mobile-header-display":"","site-post-title":"","ast-breadcrumbs-content":"","ast-featured-img":"","footer-sml-layout":"","theme-transparent-header-meta":"default","adv-header-id-meta":"","stick-header-meta":"","header-above-stick-meta":"","header-main-stick-meta":"","header-below-stick-meta":"","astra-migrate-meta-layouts":"set","ast-page-background-enabled":"default","ast-page-background-meta":{"desktop":{"background-color":"var(--ast-global-color-4)","background-image":"","background-repeat":"repeat","background-position":"center center","background-size":"auto","background-attachment":"scroll","background-type":"","background-media":"","overlay-type":"","overlay-color":"","overlay-opacity":"","overlay-gradient":""},"tablet":{"background-color":"","background-image":"","background-repeat":"repeat","background-position":"center center","background-size":"auto","background-attachment":"scroll","background-type":"","background-media":"","overlay-type":"","overlay-color":"","overlay-opacity":"","overlay-gradient":""},"mobile":{"background-color":"","background-image":"","background-repeat":"repeat","background-position":"center center","background-size":"auto","background-attachment":"scroll","background-type":"","background-media":"","overlay-type":"","overlay-color":"","overlay-opacity":"","overlay-gradient":""}},"ast-content-background-meta":{"desktop":{"background-color":"var(--ast-global-color-5)","background-image":"","background-repeat":"repeat","background-position":"center center","background-size":"auto","background-attachment":"scroll","background-type":"","background-media":"","overlay-type":"","overlay-color":"","overlay-opacity":"","overlay-gradient":""},"tablet":{"background-color":"var(--ast-global-color-5)","background-image":"","background-repeat":"repeat","background-position":"center center","background-size":"auto","background-attachment":"scroll","background-type":"","background-media":"","overlay-type":"","overlay-color":"","overlay-opacity":"","overlay-gradient":""},"mobile":{"background-color":"var(--ast-global-color-5)","background-image":"","background-repeat":"repeat","background-position":"center center","background-size":"auto","background-attachment":"scroll","background-type":"","background-media":"","overlay-type":"","overlay-color":"","overlay-opacity":"","overlay-gradient":""}}},"product_cat":[35],"product_tag":[],"class_list":{"0":"post-1970","1":"product","2":"type-product","3":"status-publish","4":"has-post-thumbnail","6":"product_cat-metallography","7":"desktop-align-left","8":"tablet-align-left","9":"mobile-align-left","11":"first","12":"instock","13":"shipping-taxable","14":"product-type-simple"},"yoast_head":"<!-- This site is optimized with the Yoast SEO Premium plugin v22.5 (Yoast SEO v24.3) - https:\/\/yoast.com\/wordpress\/plugins\/seo\/ -->\r\n<title>MP2000 automatic metallographic grinding and polishing machine - Jswaltec Testing machine<\/title>\r\n<meta name=\"description\" content=\"MP2000 automatic metallographic grinding and polishing machine - The collection plate and cover of this machine are formed by ABS material, which is the latest product with novel and beautiful appearance.\" \/>\r\n<meta name=\"robots\" content=\"index, follow, max-snippet:-1, max-image-preview:large, max-video-preview:-1\" \/>\r\n<link rel=\"canonical\" href=\"http:\/\/www.waltec.com.cn\/es\/producto\/mp2000-automatic-metallographic-grinding-and-polishing-machine\/\" \/>\r\n<meta property=\"og:locale\" content=\"es_ES\" \/>\r\n<meta property=\"og:type\" content=\"article\" \/>\r\n<meta property=\"og:title\" content=\"MP2000 automatic metallographic grinding and polishing machine\" \/>\r\n<meta property=\"og:description\" content=\"MP2000 automatic metallographic grinding and polishing machine - The collection plate and cover of this machine are formed by ABS material, which is the latest product with novel and beautiful appearance.\" \/>\r\n<meta property=\"og:url\" content=\"http:\/\/www.waltec.com.cn\/es\/producto\/mp2000-automatic-metallographic-grinding-and-polishing-machine\/\" \/>\r\n<meta property=\"og:site_name\" content=\"Jswaltec Testing machine\" \/>\r\n<meta property=\"article:modified_time\" content=\"2025-01-23T05:43:16+00:00\" \/>\r\n<meta property=\"og:image\" content=\"http:\/\/www.waltec.com.cn\/wp-content\/uploads\/2024\/12\/a9bafd4a719f.webp\" \/>\r\n\t<meta property=\"og:image:width\" content=\"460\" \/>\r\n\t<meta property=\"og:image:height\" content=\"416\" \/>\r\n\t<meta property=\"og:image:type\" content=\"image\/webp\" \/>\r\n<meta name=\"twitter:card\" content=\"summary_large_image\" \/>\r\n<meta name=\"twitter:label1\" content=\"Tiempo de lectura\" \/>\n\t<meta name=\"twitter:data1\" content=\"2 minutos\" \/>\r\n<script type=\"application\/ld+json\" class=\"yoast-schema-graph\">{\"@context\":\"https:\/\/schema.org\",\"@graph\":[{\"@type\":\"WebPage\",\"@id\":\"http:\/\/www.waltec.com.cn\/product\/mp2000-automatic-metallographic-grinding-and-polishing-machine\/\",\"url\":\"http:\/\/www.waltec.com.cn\/product\/mp2000-automatic-metallographic-grinding-and-polishing-machine\/\",\"name\":\"MP2000 automatic metallographic grinding and polishing machine - Jswaltec Testing machine\",\"isPartOf\":{\"@id\":\"http:\/\/www.waltec.com.cn\/#website\"},\"primaryImageOfPage\":{\"@id\":\"http:\/\/www.waltec.com.cn\/product\/mp2000-automatic-metallographic-grinding-and-polishing-machine\/#primaryimage\"},\"image\":{\"@id\":\"http:\/\/www.waltec.com.cn\/product\/mp2000-automatic-metallographic-grinding-and-polishing-machine\/#primaryimage\"},\"thumbnailUrl\":\"http:\/\/www.waltec.com.cn\/wp-content\/uploads\/2024\/12\/a9bafd4a719f.webp\",\"datePublished\":\"2024-12-03T07:40:17+00:00\",\"dateModified\":\"2025-01-23T05:43:16+00:00\",\"description\":\"MP2000 automatic metallographic grinding and polishing machine - The collection plate and cover of this machine are formed by ABS material, which is the latest product with novel and beautiful appearance.\",\"breadcrumb\":{\"@id\":\"http:\/\/www.waltec.com.cn\/product\/mp2000-automatic-metallographic-grinding-and-polishing-machine\/#breadcrumb\"},\"inLanguage\":\"es\",\"potentialAction\":[{\"@type\":\"ReadAction\",\"target\":[\"http:\/\/www.waltec.com.cn\/product\/mp2000-automatic-metallographic-grinding-and-polishing-machine\/\"]}]},{\"@type\":\"ImageObject\",\"inLanguage\":\"es\",\"@id\":\"http:\/\/www.waltec.com.cn\/product\/mp2000-automatic-metallographic-grinding-and-polishing-machine\/#primaryimage\",\"url\":\"http:\/\/www.waltec.com.cn\/wp-content\/uploads\/2024\/12\/a9bafd4a719f.webp\",\"contentUrl\":\"http:\/\/www.waltec.com.cn\/wp-content\/uploads\/2024\/12\/a9bafd4a719f.webp\",\"width\":460,\"height\":416},{\"@type\":\"BreadcrumbList\",\"@id\":\"http:\/\/www.waltec.com.cn\/product\/mp2000-automatic-metallographic-grinding-and-polishing-machine\/#breadcrumb\",\"itemListElement\":[{\"@type\":\"ListItem\",\"position\":1,\"name\":\"Home\",\"item\":\"http:\/\/www.waltec.com.cn\/\"},{\"@type\":\"ListItem\",\"position\":2,\"name\":\"Products\",\"item\":\"http:\/\/www.waltec.com.cn\/shop\/\"},{\"@type\":\"ListItem\",\"position\":3,\"name\":\"MP2000 automatic metallographic grinding and polishing machine\"}]},{\"@type\":\"WebSite\",\"@id\":\"http:\/\/www.waltec.com.cn\/#website\",\"url\":\"http:\/\/www.waltec.com.cn\/\",\"name\":\"Jswaltec Testing machine\",\"description\":\"\",\"publisher\":{\"@id\":\"http:\/\/www.waltec.com.cn\/#organization\"},\"potentialAction\":[{\"@type\":\"SearchAction\",\"target\":{\"@type\":\"EntryPoint\",\"urlTemplate\":\"http:\/\/www.waltec.com.cn\/?s={search_term_string}\"},\"query-input\":{\"@type\":\"PropertyValueSpecification\",\"valueRequired\":true,\"valueName\":\"search_term_string\"}}],\"inLanguage\":\"es\"},{\"@type\":\"Organization\",\"@id\":\"http:\/\/www.waltec.com.cn\/#organization\",\"name\":\"JIANGSU WALLONG-HSIN MACHINERY ENGINEERING CORPORATION LTD.\",\"url\":\"http:\/\/www.waltec.com.cn\/\",\"logo\":{\"@type\":\"ImageObject\",\"inLanguage\":\"es\",\"@id\":\"http:\/\/www.waltec.com.cn\/#\/schema\/logo\/image\/\",\"url\":\"http:\/\/www.waltec.com.cn\/wp-content\/uploads\/2024\/08\/01.jpg\",\"contentUrl\":\"http:\/\/www.waltec.com.cn\/wp-content\/uploads\/2024\/08\/01.jpg\",\"width\":1217,\"height\":221,\"caption\":\"JIANGSU WALLONG-HSIN MACHINERY ENGINEERING CORPORATION LTD.\"},\"image\":{\"@id\":\"http:\/\/www.waltec.com.cn\/#\/schema\/logo\/image\/\"}}]}<\/script>\r\n<!-- \/ Yoast SEO Premium plugin. -->","yoast_head_json":{"title":"MP2000 automatic metallographic grinding and polishing machine - Jswaltec Testing machine","description":"MP2000 automatic metallographic grinding and polishing machine - The collection plate and cover of this machine are formed by ABS material, which is the latest product with novel and beautiful appearance.","robots":{"index":"index","follow":"follow","max-snippet":"max-snippet:-1","max-image-preview":"max-image-preview:large","max-video-preview":"max-video-preview:-1"},"canonical":"http:\/\/www.waltec.com.cn\/es\/producto\/mp2000-automatic-metallographic-grinding-and-polishing-machine\/","og_locale":"es_ES","og_type":"article","og_title":"MP2000 automatic metallographic grinding and polishing machine","og_description":"MP2000 automatic metallographic grinding and polishing machine - The collection plate and cover of this machine are formed by ABS material, which is the latest product with novel and beautiful appearance.","og_url":"http:\/\/www.waltec.com.cn\/es\/producto\/mp2000-automatic-metallographic-grinding-and-polishing-machine\/","og_site_name":"Jswaltec Testing machine","article_modified_time":"2025-01-23T05:43:16+00:00","og_image":[{"width":460,"height":416,"url":"http:\/\/www.waltec.com.cn\/wp-content\/uploads\/2024\/12\/a9bafd4a719f.webp","type":"image\/webp"}],"twitter_card":"summary_large_image","twitter_misc":{"Tiempo de lectura":"2 minutos"},"schema":{"@context":"https:\/\/schema.org","@graph":[{"@type":"WebPage","@id":"http:\/\/www.waltec.com.cn\/product\/mp2000-automatic-metallographic-grinding-and-polishing-machine\/","url":"http:\/\/www.waltec.com.cn\/product\/mp2000-automatic-metallographic-grinding-and-polishing-machine\/","name":"MP2000 automatic metallographic grinding and polishing machine - Jswaltec Testing machine","isPartOf":{"@id":"http:\/\/www.waltec.com.cn\/#website"},"primaryImageOfPage":{"@id":"http:\/\/www.waltec.com.cn\/product\/mp2000-automatic-metallographic-grinding-and-polishing-machine\/#primaryimage"},"image":{"@id":"http:\/\/www.waltec.com.cn\/product\/mp2000-automatic-metallographic-grinding-and-polishing-machine\/#primaryimage"},"thumbnailUrl":"http:\/\/www.waltec.com.cn\/wp-content\/uploads\/2024\/12\/a9bafd4a719f.webp","datePublished":"2024-12-03T07:40:17+00:00","dateModified":"2025-01-23T05:43:16+00:00","description":"MP2000 automatic metallographic grinding and polishing machine - The collection plate and cover of this machine are formed by ABS material, which is the latest product with novel and beautiful appearance.","breadcrumb":{"@id":"http:\/\/www.waltec.com.cn\/product\/mp2000-automatic-metallographic-grinding-and-polishing-machine\/#breadcrumb"},"inLanguage":"es","potentialAction":[{"@type":"ReadAction","target":["http:\/\/www.waltec.com.cn\/product\/mp2000-automatic-metallographic-grinding-and-polishing-machine\/"]}]},{"@type":"ImageObject","inLanguage":"es","@id":"http:\/\/www.waltec.com.cn\/product\/mp2000-automatic-metallographic-grinding-and-polishing-machine\/#primaryimage","url":"http:\/\/www.waltec.com.cn\/wp-content\/uploads\/2024\/12\/a9bafd4a719f.webp","contentUrl":"http:\/\/www.waltec.com.cn\/wp-content\/uploads\/2024\/12\/a9bafd4a719f.webp","width":460,"height":416},{"@type":"BreadcrumbList","@id":"http:\/\/www.waltec.com.cn\/product\/mp2000-automatic-metallographic-grinding-and-polishing-machine\/#breadcrumb","itemListElement":[{"@type":"ListItem","position":1,"name":"Home","item":"http:\/\/www.waltec.com.cn\/"},{"@type":"ListItem","position":2,"name":"Products","item":"http:\/\/www.waltec.com.cn\/shop\/"},{"@type":"ListItem","position":3,"name":"MP2000 automatic metallographic grinding and polishing machine"}]},{"@type":"WebSite","@id":"http:\/\/www.waltec.com.cn\/#website","url":"http:\/\/www.waltec.com.cn\/","name":"Jswaltec Testing machine","description":"","publisher":{"@id":"http:\/\/www.waltec.com.cn\/#organization"},"potentialAction":[{"@type":"SearchAction","target":{"@type":"EntryPoint","urlTemplate":"http:\/\/www.waltec.com.cn\/?s={search_term_string}"},"query-input":{"@type":"PropertyValueSpecification","valueRequired":true,"valueName":"search_term_string"}}],"inLanguage":"es"},{"@type":"Organization","@id":"http:\/\/www.waltec.com.cn\/#organization","name":"JIANGSU WALLONG-HSIN MACHINERY ENGINEERING CORPORATION LTD.","url":"http:\/\/www.waltec.com.cn\/","logo":{"@type":"ImageObject","inLanguage":"es","@id":"http:\/\/www.waltec.com.cn\/#\/schema\/logo\/image\/","url":"http:\/\/www.waltec.com.cn\/wp-content\/uploads\/2024\/08\/01.jpg","contentUrl":"http:\/\/www.waltec.com.cn\/wp-content\/uploads\/2024\/08\/01.jpg","width":1217,"height":221,"caption":"JIANGSU WALLONG-HSIN MACHINERY ENGINEERING CORPORATION LTD."},"image":{"@id":"http:\/\/www.waltec.com.cn\/#\/schema\/logo\/image\/"}}]}},"uagb_featured_image_src":{"full":["http:\/\/www.waltec.com.cn\/wp-content\/uploads\/2024\/12\/a9bafd4a719f.webp",460,416,false],"thumbnail":["http:\/\/www.waltec.com.cn\/wp-content\/uploads\/2024\/12\/a9bafd4a719f.webp",150,136,false],"medium":["http:\/\/www.waltec.com.cn\/wp-content\/uploads\/2024\/12\/a9bafd4a719f.webp",300,271,false],"medium_large":["http:\/\/www.waltec.com.cn\/wp-content\/uploads\/2024\/12\/a9bafd4a719f.webp",460,416,false],"large":["http:\/\/www.waltec.com.cn\/wp-content\/uploads\/2024\/12\/a9bafd4a719f.webp",460,416,false],"1536x1536":["http:\/\/www.waltec.com.cn\/wp-content\/uploads\/2024\/12\/a9bafd4a719f.webp",460,416,false],"2048x2048":["http:\/\/www.waltec.com.cn\/wp-content\/uploads\/2024\/12\/a9bafd4a719f.webp",460,416,false],"trp-custom-language-flag":["http:\/\/www.waltec.com.cn\/wp-content\/uploads\/2024\/12\/a9bafd4a719f.webp",13,12,false],"woocommerce_thumbnail":["http:\/\/www.waltec.com.cn\/wp-content\/uploads\/2024\/12\/a9bafd4a719f-300x300.webp",300,300,true],"woocommerce_single":["http:\/\/www.waltec.com.cn\/wp-content\/uploads\/2024\/12\/a9bafd4a719f.webp",460,416,false],"woocommerce_gallery_thumbnail":["http:\/\/www.waltec.com.cn\/wp-content\/uploads\/2024\/12\/a9bafd4a719f-100x100.webp",100,100,true]},"uagb_author_info":{"display_name":"Jswaltec","author_link":"http:\/\/www.waltec.com.cn\/es\/author\/"},"uagb_comment_info":0,"uagb_excerpt":"In the preparation process of metallographic sample, the sample pre-grinding, polishing and grinding are many important procedures. The collection plate and cover of this machine are formed by ABS material, which is the latest product with novel and beautiful appearance. This machine is a microcontroller controlled metallographic sample grinding machine, grinding disc stepless speed regulation,&hellip;","_links":{"self":[{"href":"http:\/\/www.waltec.com.cn\/es\/wp-json\/wp\/v2\/product\/1970","targetHints":{"allow":["GET"]}}],"collection":[{"href":"http:\/\/www.waltec.com.cn\/es\/wp-json\/wp\/v2\/product"}],"about":[{"href":"http:\/\/www.waltec.com.cn\/es\/wp-json\/wp\/v2\/types\/product"}],"wp:featuredmedia":[{"embeddable":true,"href":"http:\/\/www.waltec.com.cn\/es\/wp-json\/wp\/v2\/media\/1969"}],"wp:attachment":[{"href":"http:\/\/www.waltec.com.cn\/es\/wp-json\/wp\/v2\/media?parent=1970"}],"wp:term":[{"taxonomy":"product_cat","embeddable":true,"href":"http:\/\/www.waltec.com.cn\/es\/wp-json\/wp\/v2\/product_cat?post=1970"},{"taxonomy":"product_tag","embeddable":true,"href":"http:\/\/www.waltec.com.cn\/es\/wp-json\/wp\/v2\/product_tag?post=1970"}],"curies":[{"name":"wp","href":"https:\/\/api.w.org\/{rel}","templated":true}]}}