{"id":1971,"date":"2024-12-03T15:43:37","date_gmt":"2024-12-03T07:43:37","guid":{"rendered":"http:\/\/www.waltec.com.cn\/?post_type=product&#038;p=1971"},"modified":"2025-01-23T13:46:01","modified_gmt":"2025-01-23T05:46:01","slug":"p-2g-metallographic-sample-polishing-machine","status":"publish","type":"product","link":"http:\/\/www.waltec.com.cn\/es\/producto\/p-2g-metallographic-sample-polishing-machine\/","title":{"rendered":"M\u00e1quina pulidora de muestras metalogr\u00e1ficas P-2G"},"content":{"rendered":"<p>En la preparaci\u00f3n de muestras metalogr\u00e1ficas, el pulido es un proceso fundamental. Tras el pulido, la pulidora puede obtener una superficie brillante como un espejo. La pulidora de muestras metalogr\u00e1ficas tipo P-2G fue dise\u00f1ada considerando las opiniones y necesidades de diversos usuarios. Es adecuada para diversos requisitos de pulido de materiales. Esta m\u00e1quina es ideal para laboratorios metalogr\u00e1ficos de f\u00e1bricas, empresas mineras, universidades e instituciones de investigaci\u00f3n cient\u00edfica, y es un excelente equipo para el pulido de muestras.<\/p>\n<table>\n<tbody>\n<tr>\n<td colspan=\"2\"><strong>principales par\u00e1metros t\u00e9cnicos<\/strong><strong>\uff1a<\/strong><\/td>\n<\/tr>\n<tr>\n<td>Di\u00e1metro del disco de molienda:<\/td>\n<td>\u222e200mm<\/td>\n<\/tr>\n<tr>\n<td width=\"210\">velocidad de rotaci\u00f3n:<\/td>\n<td>1400r\/min\u00a0or 900r\/min\uff08customization\uff09<\/td>\n<\/tr>\n<tr>\n<td>fuente de alimentaci\u00f3n:<\/td>\n<td>220v\u300150Hz\uff0c500W.or 380v\u300150Hz\u00a0\uff08customization\uff09<\/td>\n<\/tr>\n<tr>\n<td>dimensi\u00f3n l\u00edmite:<\/td>\n<td>775\u00d7475\u00d7952mm<\/td>\n<\/tr>\n<tr>\n<td>Peso:<\/td>\n<td>59Kg<\/td>\n<\/tr>\n<\/tbody>\n<\/table>\n<p>&nbsp;<\/p>","protected":false},"excerpt":{"rendered":"<p>In the process of metallographic sample preparation, the polishing of the sample is a main process. After polishing the polished sample, the polishing machine can obtain a bright surface like a mirror. P-2G type metallographic sample polishing machine is designed by collecting the opinions and requirements of various users. Can be suitable for more materials [&hellip;]<\/p>","protected":false},"featured_media":1972,"template":"","meta":{"_uag_custom_page_level_css":"","site-sidebar-layout":"default","site-content-layout":"","ast-site-content-layout":"default","site-content-style":"default","site-sidebar-style":"default","ast-global-header-display":"","ast-banner-title-visibility":"","ast-main-header-display":"","ast-hfb-above-header-display":"","ast-hfb-below-header-display":"","ast-hfb-mobile-header-display":"","site-post-title":"","ast-breadcrumbs-content":"","ast-featured-img":"","footer-sml-layout":"","theme-transparent-header-meta":"default","adv-header-id-meta":"","stick-header-meta":"","header-above-stick-meta":"","header-main-stick-meta":"","header-below-stick-meta":"","astra-migrate-meta-layouts":"set","ast-page-background-enabled":"default","ast-page-background-meta":{"desktop":{"background-color":"var(--ast-global-color-4)","background-image":"","background-repeat":"repeat","background-position":"center center","background-size":"auto","background-attachment":"scroll","background-type":"","background-media":"","overlay-type":"","overlay-color":"","overlay-opacity":"","overlay-gradient":""},"tablet":{"background-color":"","background-image":"","background-repeat":"repeat","background-position":"center center","background-size":"auto","background-attachment":"scroll","background-type":"","background-media":"","overlay-type":"","overlay-color":"","overlay-opacity":"","overlay-gradient":""},"mobile":{"background-color":"","background-image":"","background-repeat":"repeat","background-position":"center center","background-size":"auto","background-attachment":"scroll","background-type":"","background-media":"","overlay-type":"","overlay-color":"","overlay-opacity":"","overlay-gradient":""}},"ast-content-background-meta":{"desktop":{"background-color":"var(--ast-global-color-5)","background-image":"","background-repeat":"repeat","background-position":"center center","background-size":"auto","background-attachment":"scroll","background-type":"","background-media":"","overlay-type":"","overlay-color":"","overlay-opacity":"","overlay-gradient":""},"tablet":{"background-color":"var(--ast-global-color-5)","background-image":"","background-repeat":"repeat","background-position":"center center","background-size":"auto","background-attachment":"scroll","background-type":"","background-media":"","overlay-type":"","overlay-color":"","overlay-opacity":"","overlay-gradient":""},"mobile":{"background-color":"var(--ast-global-color-5)","background-image":"","background-repeat":"repeat","background-position":"center center","background-size":"auto","background-attachment":"scroll","background-type":"","background-media":"","overlay-type":"","overlay-color":"","overlay-opacity":"","overlay-gradient":""}}},"product_cat":[35],"product_tag":[],"class_list":{"0":"post-1971","1":"product","2":"type-product","3":"status-publish","4":"has-post-thumbnail","6":"product_cat-metallography","7":"desktop-align-left","8":"tablet-align-left","9":"mobile-align-left","11":"first","12":"instock","13":"shipping-taxable","14":"product-type-simple"},"yoast_head":"<!-- This site is optimized with the Yoast SEO Premium plugin v22.5 (Yoast SEO v24.3) - https:\/\/yoast.com\/wordpress\/plugins\/seo\/ -->\r\n<title>P-2G Metallographic sample polishing machine - Jswaltec Testing machine<\/title>\r\n<meta name=\"description\" content=\"P-2G Metallographic sample polishing machine - In the process of metallographic sample preparation, the polishing of the sample is a main process.\" \/>\r\n<meta name=\"robots\" content=\"index, follow, max-snippet:-1, max-image-preview:large, max-video-preview:-1\" \/>\r\n<link rel=\"canonical\" href=\"http:\/\/www.waltec.com.cn\/es\/producto\/p-2g-metallographic-sample-polishing-machine\/\" \/>\r\n<meta property=\"og:locale\" content=\"es_ES\" \/>\r\n<meta property=\"og:type\" content=\"article\" \/>\r\n<meta property=\"og:title\" content=\"P-2G Metallographic sample polishing machine\" \/>\r\n<meta property=\"og:description\" content=\"P-2G Metallographic sample polishing machine - In the process of metallographic sample preparation, the polishing of the sample is a main process.\" \/>\r\n<meta property=\"og:url\" content=\"http:\/\/www.waltec.com.cn\/es\/producto\/p-2g-metallographic-sample-polishing-machine\/\" \/>\r\n<meta property=\"og:site_name\" content=\"Jswaltec Testing machine\" \/>\r\n<meta property=\"article:modified_time\" content=\"2025-01-23T05:46:01+00:00\" \/>\r\n<meta property=\"og:image\" content=\"http:\/\/www.waltec.com.cn\/wp-content\/uploads\/2024\/12\/7562438a2a83.webp\" \/>\r\n\t<meta property=\"og:image:width\" content=\"451\" \/>\r\n\t<meta property=\"og:image:height\" content=\"403\" \/>\r\n\t<meta property=\"og:image:type\" content=\"image\/webp\" \/>\r\n<meta name=\"twitter:card\" content=\"summary_large_image\" \/>\r\n<meta name=\"twitter:label1\" content=\"Tiempo de lectura\" \/>\n\t<meta name=\"twitter:data1\" content=\"1 minuto\" \/>\r\n<script type=\"application\/ld+json\" class=\"yoast-schema-graph\">{\"@context\":\"https:\/\/schema.org\",\"@graph\":[{\"@type\":\"WebPage\",\"@id\":\"http:\/\/www.waltec.com.cn\/product\/p-2g-metallographic-sample-polishing-machine\/\",\"url\":\"http:\/\/www.waltec.com.cn\/product\/p-2g-metallographic-sample-polishing-machine\/\",\"name\":\"P-2G Metallographic sample polishing machine - Jswaltec Testing machine\",\"isPartOf\":{\"@id\":\"http:\/\/www.waltec.com.cn\/#website\"},\"primaryImageOfPage\":{\"@id\":\"http:\/\/www.waltec.com.cn\/product\/p-2g-metallographic-sample-polishing-machine\/#primaryimage\"},\"image\":{\"@id\":\"http:\/\/www.waltec.com.cn\/product\/p-2g-metallographic-sample-polishing-machine\/#primaryimage\"},\"thumbnailUrl\":\"http:\/\/www.waltec.com.cn\/wp-content\/uploads\/2024\/12\/7562438a2a83.webp\",\"datePublished\":\"2024-12-03T07:43:37+00:00\",\"dateModified\":\"2025-01-23T05:46:01+00:00\",\"description\":\"P-2G Metallographic sample polishing machine - In the process of metallographic sample preparation, the polishing of the sample is a main process.\",\"breadcrumb\":{\"@id\":\"http:\/\/www.waltec.com.cn\/product\/p-2g-metallographic-sample-polishing-machine\/#breadcrumb\"},\"inLanguage\":\"es\",\"potentialAction\":[{\"@type\":\"ReadAction\",\"target\":[\"http:\/\/www.waltec.com.cn\/product\/p-2g-metallographic-sample-polishing-machine\/\"]}]},{\"@type\":\"ImageObject\",\"inLanguage\":\"es\",\"@id\":\"http:\/\/www.waltec.com.cn\/product\/p-2g-metallographic-sample-polishing-machine\/#primaryimage\",\"url\":\"http:\/\/www.waltec.com.cn\/wp-content\/uploads\/2024\/12\/7562438a2a83.webp\",\"contentUrl\":\"http:\/\/www.waltec.com.cn\/wp-content\/uploads\/2024\/12\/7562438a2a83.webp\",\"width\":451,\"height\":403},{\"@type\":\"BreadcrumbList\",\"@id\":\"http:\/\/www.waltec.com.cn\/product\/p-2g-metallographic-sample-polishing-machine\/#breadcrumb\",\"itemListElement\":[{\"@type\":\"ListItem\",\"position\":1,\"name\":\"Home\",\"item\":\"http:\/\/www.waltec.com.cn\/\"},{\"@type\":\"ListItem\",\"position\":2,\"name\":\"Products\",\"item\":\"http:\/\/www.waltec.com.cn\/shop\/\"},{\"@type\":\"ListItem\",\"position\":3,\"name\":\"P-2G Metallographic sample polishing machine\"}]},{\"@type\":\"WebSite\",\"@id\":\"http:\/\/www.waltec.com.cn\/#website\",\"url\":\"http:\/\/www.waltec.com.cn\/\",\"name\":\"Jswaltec Testing machine\",\"description\":\"\",\"publisher\":{\"@id\":\"http:\/\/www.waltec.com.cn\/#organization\"},\"potentialAction\":[{\"@type\":\"SearchAction\",\"target\":{\"@type\":\"EntryPoint\",\"urlTemplate\":\"http:\/\/www.waltec.com.cn\/?s={search_term_string}\"},\"query-input\":{\"@type\":\"PropertyValueSpecification\",\"valueRequired\":true,\"valueName\":\"search_term_string\"}}],\"inLanguage\":\"es\"},{\"@type\":\"Organization\",\"@id\":\"http:\/\/www.waltec.com.cn\/#organization\",\"name\":\"JIANGSU WALLONG-HSIN MACHINERY ENGINEERING CORPORATION LTD.\",\"url\":\"http:\/\/www.waltec.com.cn\/\",\"logo\":{\"@type\":\"ImageObject\",\"inLanguage\":\"es\",\"@id\":\"http:\/\/www.waltec.com.cn\/#\/schema\/logo\/image\/\",\"url\":\"http:\/\/www.waltec.com.cn\/wp-content\/uploads\/2024\/08\/01.jpg\",\"contentUrl\":\"http:\/\/www.waltec.com.cn\/wp-content\/uploads\/2024\/08\/01.jpg\",\"width\":1217,\"height\":221,\"caption\":\"JIANGSU WALLONG-HSIN MACHINERY ENGINEERING CORPORATION LTD.\"},\"image\":{\"@id\":\"http:\/\/www.waltec.com.cn\/#\/schema\/logo\/image\/\"}}]}<\/script>\r\n<!-- \/ Yoast SEO Premium plugin. -->","yoast_head_json":{"title":"P-2G Metallographic sample polishing machine - Jswaltec Testing machine","description":"P-2G Metallographic sample polishing machine - In the process of metallographic sample preparation, the polishing of the sample is a main process.","robots":{"index":"index","follow":"follow","max-snippet":"max-snippet:-1","max-image-preview":"max-image-preview:large","max-video-preview":"max-video-preview:-1"},"canonical":"http:\/\/www.waltec.com.cn\/es\/producto\/p-2g-metallographic-sample-polishing-machine\/","og_locale":"es_ES","og_type":"article","og_title":"P-2G Metallographic sample polishing machine","og_description":"P-2G Metallographic sample polishing machine - In the process of metallographic sample preparation, the polishing of the sample is a main process.","og_url":"http:\/\/www.waltec.com.cn\/es\/producto\/p-2g-metallographic-sample-polishing-machine\/","og_site_name":"Jswaltec Testing machine","article_modified_time":"2025-01-23T05:46:01+00:00","og_image":[{"width":451,"height":403,"url":"http:\/\/www.waltec.com.cn\/wp-content\/uploads\/2024\/12\/7562438a2a83.webp","type":"image\/webp"}],"twitter_card":"summary_large_image","twitter_misc":{"Tiempo de lectura":"1 minuto"},"schema":{"@context":"https:\/\/schema.org","@graph":[{"@type":"WebPage","@id":"http:\/\/www.waltec.com.cn\/product\/p-2g-metallographic-sample-polishing-machine\/","url":"http:\/\/www.waltec.com.cn\/product\/p-2g-metallographic-sample-polishing-machine\/","name":"P-2G Metallographic sample polishing machine - Jswaltec Testing machine","isPartOf":{"@id":"http:\/\/www.waltec.com.cn\/#website"},"primaryImageOfPage":{"@id":"http:\/\/www.waltec.com.cn\/product\/p-2g-metallographic-sample-polishing-machine\/#primaryimage"},"image":{"@id":"http:\/\/www.waltec.com.cn\/product\/p-2g-metallographic-sample-polishing-machine\/#primaryimage"},"thumbnailUrl":"http:\/\/www.waltec.com.cn\/wp-content\/uploads\/2024\/12\/7562438a2a83.webp","datePublished":"2024-12-03T07:43:37+00:00","dateModified":"2025-01-23T05:46:01+00:00","description":"P-2G Metallographic sample polishing machine - In the process of metallographic sample preparation, the polishing of the sample is a main process.","breadcrumb":{"@id":"http:\/\/www.waltec.com.cn\/product\/p-2g-metallographic-sample-polishing-machine\/#breadcrumb"},"inLanguage":"es","potentialAction":[{"@type":"ReadAction","target":["http:\/\/www.waltec.com.cn\/product\/p-2g-metallographic-sample-polishing-machine\/"]}]},{"@type":"ImageObject","inLanguage":"es","@id":"http:\/\/www.waltec.com.cn\/product\/p-2g-metallographic-sample-polishing-machine\/#primaryimage","url":"http:\/\/www.waltec.com.cn\/wp-content\/uploads\/2024\/12\/7562438a2a83.webp","contentUrl":"http:\/\/www.waltec.com.cn\/wp-content\/uploads\/2024\/12\/7562438a2a83.webp","width":451,"height":403},{"@type":"BreadcrumbList","@id":"http:\/\/www.waltec.com.cn\/product\/p-2g-metallographic-sample-polishing-machine\/#breadcrumb","itemListElement":[{"@type":"ListItem","position":1,"name":"Home","item":"http:\/\/www.waltec.com.cn\/"},{"@type":"ListItem","position":2,"name":"Products","item":"http:\/\/www.waltec.com.cn\/shop\/"},{"@type":"ListItem","position":3,"name":"P-2G Metallographic sample polishing machine"}]},{"@type":"WebSite","@id":"http:\/\/www.waltec.com.cn\/#website","url":"http:\/\/www.waltec.com.cn\/","name":"Jswaltec Testing machine","description":"","publisher":{"@id":"http:\/\/www.waltec.com.cn\/#organization"},"potentialAction":[{"@type":"SearchAction","target":{"@type":"EntryPoint","urlTemplate":"http:\/\/www.waltec.com.cn\/?s={search_term_string}"},"query-input":{"@type":"PropertyValueSpecification","valueRequired":true,"valueName":"search_term_string"}}],"inLanguage":"es"},{"@type":"Organization","@id":"http:\/\/www.waltec.com.cn\/#organization","name":"JIANGSU WALLONG-HSIN MACHINERY ENGINEERING CORPORATION LTD.","url":"http:\/\/www.waltec.com.cn\/","logo":{"@type":"ImageObject","inLanguage":"es","@id":"http:\/\/www.waltec.com.cn\/#\/schema\/logo\/image\/","url":"http:\/\/www.waltec.com.cn\/wp-content\/uploads\/2024\/08\/01.jpg","contentUrl":"http:\/\/www.waltec.com.cn\/wp-content\/uploads\/2024\/08\/01.jpg","width":1217,"height":221,"caption":"JIANGSU WALLONG-HSIN MACHINERY ENGINEERING CORPORATION LTD."},"image":{"@id":"http:\/\/www.waltec.com.cn\/#\/schema\/logo\/image\/"}}]}},"uagb_featured_image_src":{"full":["http:\/\/www.waltec.com.cn\/wp-content\/uploads\/2024\/12\/7562438a2a83.webp",451,403,false],"thumbnail":["http:\/\/www.waltec.com.cn\/wp-content\/uploads\/2024\/12\/7562438a2a83.webp",150,134,false],"medium":["http:\/\/www.waltec.com.cn\/wp-content\/uploads\/2024\/12\/7562438a2a83.webp",300,268,false],"medium_large":["http:\/\/www.waltec.com.cn\/wp-content\/uploads\/2024\/12\/7562438a2a83.webp",451,403,false],"large":["http:\/\/www.waltec.com.cn\/wp-content\/uploads\/2024\/12\/7562438a2a83.webp",451,403,false],"1536x1536":["http:\/\/www.waltec.com.cn\/wp-content\/uploads\/2024\/12\/7562438a2a83.webp",451,403,false],"2048x2048":["http:\/\/www.waltec.com.cn\/wp-content\/uploads\/2024\/12\/7562438a2a83.webp",451,403,false],"trp-custom-language-flag":["http:\/\/www.waltec.com.cn\/wp-content\/uploads\/2024\/12\/7562438a2a83.webp",13,12,false],"woocommerce_thumbnail":["http:\/\/www.waltec.com.cn\/wp-content\/uploads\/2024\/12\/7562438a2a83-300x300.webp",300,300,true],"woocommerce_single":["http:\/\/www.waltec.com.cn\/wp-content\/uploads\/2024\/12\/7562438a2a83.webp",451,403,false],"woocommerce_gallery_thumbnail":["http:\/\/www.waltec.com.cn\/wp-content\/uploads\/2024\/12\/7562438a2a83-100x100.webp",100,100,true]},"uagb_author_info":{"display_name":"Jswaltec","author_link":"http:\/\/www.waltec.com.cn\/es\/author\/"},"uagb_comment_info":0,"uagb_excerpt":"In the process of metallographic sample preparation, the polishing of the sample is a main process. After polishing the polished sample, the polishing machine can obtain a bright surface like a mirror. P-2G type metallographic sample polishing machine is designed by collecting the opinions and requirements of various users. Can be suitable for more materials&hellip;","_links":{"self":[{"href":"http:\/\/www.waltec.com.cn\/es\/wp-json\/wp\/v2\/product\/1971","targetHints":{"allow":["GET"]}}],"collection":[{"href":"http:\/\/www.waltec.com.cn\/es\/wp-json\/wp\/v2\/product"}],"about":[{"href":"http:\/\/www.waltec.com.cn\/es\/wp-json\/wp\/v2\/types\/product"}],"wp:featuredmedia":[{"embeddable":true,"href":"http:\/\/www.waltec.com.cn\/es\/wp-json\/wp\/v2\/media\/1972"}],"wp:attachment":[{"href":"http:\/\/www.waltec.com.cn\/es\/wp-json\/wp\/v2\/media?parent=1971"}],"wp:term":[{"taxonomy":"product_cat","embeddable":true,"href":"http:\/\/www.waltec.com.cn\/es\/wp-json\/wp\/v2\/product_cat?post=1971"},{"taxonomy":"product_tag","embeddable":true,"href":"http:\/\/www.waltec.com.cn\/es\/wp-json\/wp\/v2\/product_tag?post=1971"}],"curies":[{"name":"wp","href":"https:\/\/api.w.org\/{rel}","templated":true}]}}