{"id":1974,"date":"2024-12-03T15:46:40","date_gmt":"2024-12-03T07:46:40","guid":{"rendered":"http:\/\/www.waltec.com.cn\/?post_type=product&#038;p=1974"},"modified":"2025-01-23T13:50:45","modified_gmt":"2025-01-23T05:50:45","slug":"gtq5000-high-speed-precision-cutting-machine","status":"publish","type":"product","link":"http:\/\/www.waltec.com.cn\/es\/producto\/gtq5000-high-speed-precision-cutting-machine\/","title":{"rendered":"M\u00e1quina de corte de precisi\u00f3n de alta velocidad GTQ5000"},"content":{"rendered":"<p>La cortadora de precisi\u00f3n de alta velocidad GTQ5000 es ideal para el corte preciso de metal, componentes electr\u00f3nicos, materiales cer\u00e1micos, cristales, carburo cementado, muestras de roca, muestras minerales, hormig\u00f3n, materiales org\u00e1nicos, materiales biol\u00f3gicos (dientes, huesos) y otros materiales. Ofrece una alta precisi\u00f3n de posicionamiento. Amplio rango de velocidad; Gran capacidad de corte; Potente sistema de refrigeraci\u00f3n por circulaci\u00f3n; Velocidad de alimentaci\u00f3n preajustable; Pantalla t\u00e1ctil de f\u00e1cil manejo; El corte autom\u00e1tico reduce la fatiga del operador y garantiza la consistencia de la muestra. Amplia y luminosa sala de corte con interruptor de seguridad. Es uno de los equipos ideales para la preparaci\u00f3n de muestras de alta calidad en empresas industriales y mineras, as\u00ed como en institutos de investigaci\u00f3n cient\u00edfica.<\/p>\n<table>\n<tbody>\n<tr>\n<td colspan=\"2\" width=\"100.0000%\"><strong>principales par\u00e1metros t\u00e9cnicos<\/strong><strong>\uff1a<\/strong><\/td>\n<\/tr>\n<tr>\n<td width=\"28.6600%\">Velocidad de alimentaci\u00f3n:<\/td>\n<td width=\"71.3200%\">0.01~3.00mm\/s\uff08The adjustment step size is\u00a00.01\uff09<\/td>\n<\/tr>\n<tr>\n<td width=\"28.6600%\">Velocidad de la muela abrasiva:<\/td>\n<td width=\"71.3200%\">500~5000rpm<\/td>\n<\/tr>\n<tr>\n<td width=\"28.6600%\">carrera m\u00e1xima \uff1a<\/td>\n<td width=\"71.3200%\">Y\u8f74200mm<\/td>\n<\/tr>\n<tr>\n<td width=\"28.6600%\">Tama\u00f1o de la rebanada:<\/td>\n<td width=\"71.3200%\">200\u00d732\u00d71mm<\/td>\n<\/tr>\n<tr>\n<td width=\"28.6600%\">potencia de corte:<\/td>\n<td width=\"71.3200%\">1000W<\/td>\n<\/tr>\n<tr>\n<td width=\"28.6600%\">fuerza :<\/td>\n<td width=\"71.3200%\">220V \u00a050Hz<\/td>\n<\/tr>\n<tr>\n<td width=\"28.6600%\">dimensi\u00f3n l\u00edmite:<\/td>\n<td width=\"71.3200%\">820mm\u00d7735mm\u00d7435mm\uff08Length \u00d7 width \u00d7 height\uff09<\/td>\n<\/tr>\n<\/tbody>\n<\/table>","protected":false},"excerpt":{"rendered":"<p>GTQ5000 high-speed precision cutting machine is suitable for precision cutting of metal, electronic components, ceramic materials, crystals, cemented carbide, rock samples, mineral samples, concrete, organic materials, biological materials (teeth, bone) and other materials. The positioning accuracy of the equipment is high. Wide speed range; Strong cutting ability; Strong circulation cooling system; Feed speed can be [&hellip;]<\/p>","protected":false},"featured_media":1973,"template":"","meta":{"_uag_custom_page_level_css":"","site-sidebar-layout":"default","site-content-layout":"","ast-site-content-layout":"default","site-content-style":"default","site-sidebar-style":"default","ast-global-header-display":"","ast-banner-title-visibility":"","ast-main-header-display":"","ast-hfb-above-header-display":"","ast-hfb-below-header-display":"","ast-hfb-mobile-header-display":"","site-post-title":"","ast-breadcrumbs-content":"","ast-featured-img":"","footer-sml-layout":"","theme-transparent-header-meta":"default","adv-header-id-meta":"","stick-header-meta":"","header-above-stick-meta":"","header-main-stick-meta":"","header-below-stick-meta":"","astra-migrate-meta-layouts":"set","ast-page-background-enabled":"default","ast-page-background-meta":{"desktop":{"background-color":"var(--ast-global-color-4)","background-image":"","background-repeat":"repeat","background-position":"center center","background-size":"auto","background-attachment":"scroll","background-type":"","background-media":"","overlay-type":"","overlay-color":"","overlay-opacity":"","overlay-gradient":""},"tablet":{"background-color":"","background-image":"","background-repeat":"repeat","background-position":"center center","background-size":"auto","background-attachment":"scroll","background-type":"","background-media":"","overlay-type":"","overlay-color":"","overlay-opacity":"","overlay-gradient":""},"mobile":{"background-color":"","background-image":"","background-repeat":"repeat","background-position":"center center","background-size":"auto","background-attachment":"scroll","background-type":"","background-media":"","overlay-type":"","overlay-color":"","overlay-opacity":"","overlay-gradient":""}},"ast-content-background-meta":{"desktop":{"background-color":"var(--ast-global-color-5)","background-image":"","background-repeat":"repeat","background-position":"center center","background-size":"auto","background-attachment":"scroll","background-type":"","background-media":"","overlay-type":"","overlay-color":"","overlay-opacity":"","overlay-gradient":""},"tablet":{"background-color":"var(--ast-global-color-5)","background-image":"","background-repeat":"repeat","background-position":"center center","background-size":"auto","background-attachment":"scroll","background-type":"","background-media":"","overlay-type":"","overlay-color":"","overlay-opacity":"","overlay-gradient":""},"mobile":{"background-color":"var(--ast-global-color-5)","background-image":"","background-repeat":"repeat","background-position":"center center","background-size":"auto","background-attachment":"scroll","background-type":"","background-media":"","overlay-type":"","overlay-color":"","overlay-opacity":"","overlay-gradient":""}}},"product_cat":[35],"product_tag":[],"class_list":{"0":"post-1974","1":"product","2":"type-product","3":"status-publish","4":"has-post-thumbnail","6":"product_cat-metallography","7":"desktop-align-left","8":"tablet-align-left","9":"mobile-align-left","11":"first","12":"instock","13":"shipping-taxable","14":"product-type-simple"},"yoast_head":"<!-- This site is optimized with the Yoast SEO Premium plugin v22.5 (Yoast SEO v24.3) - https:\/\/yoast.com\/wordpress\/plugins\/seo\/ -->\r\n<title>GTQ5000 high-speed precision cutting machine - Jswaltec Testing machine<\/title>\r\n<meta name=\"description\" content=\"GTQ5000 high-speed precision cutting machine - GTQ5000 high-speed precision cutting machine is suitable for precision cutting of metal, electronic components, ceramic materials, crystals, cemented carbide, rock samples, mineral samples, concrete, organic materials, biological materials (teeth, bone) and other materials.\" \/>\r\n<meta name=\"robots\" content=\"index, follow, max-snippet:-1, max-image-preview:large, max-video-preview:-1\" \/>\r\n<link rel=\"canonical\" href=\"http:\/\/www.waltec.com.cn\/es\/producto\/gtq5000-high-speed-precision-cutting-machine\/\" \/>\r\n<meta property=\"og:locale\" content=\"es_ES\" \/>\r\n<meta property=\"og:type\" content=\"article\" \/>\r\n<meta property=\"og:title\" content=\"GTQ5000 high-speed precision cutting machine\" \/>\r\n<meta property=\"og:description\" content=\"GTQ5000 high-speed precision cutting machine - GTQ5000 high-speed precision cutting machine is suitable for precision cutting of metal, electronic components, ceramic materials, crystals, cemented carbide, rock samples, mineral samples, concrete, organic materials, biological materials (teeth, bone) and other materials.\" \/>\r\n<meta property=\"og:url\" content=\"http:\/\/www.waltec.com.cn\/es\/producto\/gtq5000-high-speed-precision-cutting-machine\/\" \/>\r\n<meta property=\"og:site_name\" content=\"Jswaltec Testing machine\" \/>\r\n<meta property=\"article:modified_time\" content=\"2025-01-23T05:50:45+00:00\" \/>\r\n<meta property=\"og:image\" content=\"http:\/\/www.waltec.com.cn\/wp-content\/uploads\/2024\/12\/ec06a4ba8479.webp\" \/>\r\n\t<meta property=\"og:image:width\" content=\"453\" \/>\r\n\t<meta property=\"og:image:height\" content=\"407\" \/>\r\n\t<meta property=\"og:image:type\" content=\"image\/webp\" \/>\r\n<meta name=\"twitter:card\" content=\"summary_large_image\" \/>\r\n<meta name=\"twitter:label1\" content=\"Tiempo de lectura\" \/>\n\t<meta name=\"twitter:data1\" content=\"1 minuto\" \/>\r\n<script type=\"application\/ld+json\" class=\"yoast-schema-graph\">{\"@context\":\"https:\/\/schema.org\",\"@graph\":[{\"@type\":\"WebPage\",\"@id\":\"http:\/\/www.waltec.com.cn\/product\/gtq5000-high-speed-precision-cutting-machine\/\",\"url\":\"http:\/\/www.waltec.com.cn\/product\/gtq5000-high-speed-precision-cutting-machine\/\",\"name\":\"GTQ5000 high-speed precision cutting machine - Jswaltec Testing machine\",\"isPartOf\":{\"@id\":\"http:\/\/www.waltec.com.cn\/#website\"},\"primaryImageOfPage\":{\"@id\":\"http:\/\/www.waltec.com.cn\/product\/gtq5000-high-speed-precision-cutting-machine\/#primaryimage\"},\"image\":{\"@id\":\"http:\/\/www.waltec.com.cn\/product\/gtq5000-high-speed-precision-cutting-machine\/#primaryimage\"},\"thumbnailUrl\":\"http:\/\/www.waltec.com.cn\/wp-content\/uploads\/2024\/12\/ec06a4ba8479.webp\",\"datePublished\":\"2024-12-03T07:46:40+00:00\",\"dateModified\":\"2025-01-23T05:50:45+00:00\",\"description\":\"GTQ5000 high-speed precision cutting machine - GTQ5000 high-speed precision cutting machine is suitable for precision cutting of metal, electronic components, ceramic materials, crystals, cemented carbide, rock samples, mineral samples, concrete, organic materials, biological materials (teeth, bone) and other materials.\",\"breadcrumb\":{\"@id\":\"http:\/\/www.waltec.com.cn\/product\/gtq5000-high-speed-precision-cutting-machine\/#breadcrumb\"},\"inLanguage\":\"es\",\"potentialAction\":[{\"@type\":\"ReadAction\",\"target\":[\"http:\/\/www.waltec.com.cn\/product\/gtq5000-high-speed-precision-cutting-machine\/\"]}]},{\"@type\":\"ImageObject\",\"inLanguage\":\"es\",\"@id\":\"http:\/\/www.waltec.com.cn\/product\/gtq5000-high-speed-precision-cutting-machine\/#primaryimage\",\"url\":\"http:\/\/www.waltec.com.cn\/wp-content\/uploads\/2024\/12\/ec06a4ba8479.webp\",\"contentUrl\":\"http:\/\/www.waltec.com.cn\/wp-content\/uploads\/2024\/12\/ec06a4ba8479.webp\",\"width\":453,\"height\":407},{\"@type\":\"BreadcrumbList\",\"@id\":\"http:\/\/www.waltec.com.cn\/product\/gtq5000-high-speed-precision-cutting-machine\/#breadcrumb\",\"itemListElement\":[{\"@type\":\"ListItem\",\"position\":1,\"name\":\"Home\",\"item\":\"http:\/\/www.waltec.com.cn\/\"},{\"@type\":\"ListItem\",\"position\":2,\"name\":\"Products\",\"item\":\"http:\/\/www.waltec.com.cn\/shop\/\"},{\"@type\":\"ListItem\",\"position\":3,\"name\":\"GTQ5000 high-speed precision cutting machine\"}]},{\"@type\":\"WebSite\",\"@id\":\"http:\/\/www.waltec.com.cn\/#website\",\"url\":\"http:\/\/www.waltec.com.cn\/\",\"name\":\"Jswaltec Testing machine\",\"description\":\"\",\"publisher\":{\"@id\":\"http:\/\/www.waltec.com.cn\/#organization\"},\"potentialAction\":[{\"@type\":\"SearchAction\",\"target\":{\"@type\":\"EntryPoint\",\"urlTemplate\":\"http:\/\/www.waltec.com.cn\/?s={search_term_string}\"},\"query-input\":{\"@type\":\"PropertyValueSpecification\",\"valueRequired\":true,\"valueName\":\"search_term_string\"}}],\"inLanguage\":\"es\"},{\"@type\":\"Organization\",\"@id\":\"http:\/\/www.waltec.com.cn\/#organization\",\"name\":\"JIANGSU WALLONG-HSIN MACHINERY ENGINEERING CORPORATION LTD.\",\"url\":\"http:\/\/www.waltec.com.cn\/\",\"logo\":{\"@type\":\"ImageObject\",\"inLanguage\":\"es\",\"@id\":\"http:\/\/www.waltec.com.cn\/#\/schema\/logo\/image\/\",\"url\":\"http:\/\/www.waltec.com.cn\/wp-content\/uploads\/2024\/08\/01.jpg\",\"contentUrl\":\"http:\/\/www.waltec.com.cn\/wp-content\/uploads\/2024\/08\/01.jpg\",\"width\":1217,\"height\":221,\"caption\":\"JIANGSU WALLONG-HSIN MACHINERY ENGINEERING CORPORATION LTD.\"},\"image\":{\"@id\":\"http:\/\/www.waltec.com.cn\/#\/schema\/logo\/image\/\"}}]}<\/script>\r\n<!-- \/ Yoast SEO Premium plugin. -->","yoast_head_json":{"title":"GTQ5000 high-speed precision cutting machine - Jswaltec Testing machine","description":"GTQ5000 high-speed precision cutting machine - GTQ5000 high-speed precision cutting machine is suitable for precision cutting of metal, electronic components, ceramic materials, crystals, cemented carbide, rock samples, mineral samples, concrete, organic materials, biological materials (teeth, bone) and other materials.","robots":{"index":"index","follow":"follow","max-snippet":"max-snippet:-1","max-image-preview":"max-image-preview:large","max-video-preview":"max-video-preview:-1"},"canonical":"http:\/\/www.waltec.com.cn\/es\/producto\/gtq5000-high-speed-precision-cutting-machine\/","og_locale":"es_ES","og_type":"article","og_title":"GTQ5000 high-speed precision cutting machine","og_description":"GTQ5000 high-speed precision cutting machine - GTQ5000 high-speed precision cutting machine is suitable for precision cutting of metal, electronic components, ceramic materials, crystals, cemented carbide, rock samples, mineral samples, concrete, organic materials, biological materials (teeth, bone) and other materials.","og_url":"http:\/\/www.waltec.com.cn\/es\/producto\/gtq5000-high-speed-precision-cutting-machine\/","og_site_name":"Jswaltec Testing machine","article_modified_time":"2025-01-23T05:50:45+00:00","og_image":[{"width":453,"height":407,"url":"http:\/\/www.waltec.com.cn\/wp-content\/uploads\/2024\/12\/ec06a4ba8479.webp","type":"image\/webp"}],"twitter_card":"summary_large_image","twitter_misc":{"Tiempo de lectura":"1 minuto"},"schema":{"@context":"https:\/\/schema.org","@graph":[{"@type":"WebPage","@id":"http:\/\/www.waltec.com.cn\/product\/gtq5000-high-speed-precision-cutting-machine\/","url":"http:\/\/www.waltec.com.cn\/product\/gtq5000-high-speed-precision-cutting-machine\/","name":"GTQ5000 high-speed precision cutting machine - Jswaltec Testing machine","isPartOf":{"@id":"http:\/\/www.waltec.com.cn\/#website"},"primaryImageOfPage":{"@id":"http:\/\/www.waltec.com.cn\/product\/gtq5000-high-speed-precision-cutting-machine\/#primaryimage"},"image":{"@id":"http:\/\/www.waltec.com.cn\/product\/gtq5000-high-speed-precision-cutting-machine\/#primaryimage"},"thumbnailUrl":"http:\/\/www.waltec.com.cn\/wp-content\/uploads\/2024\/12\/ec06a4ba8479.webp","datePublished":"2024-12-03T07:46:40+00:00","dateModified":"2025-01-23T05:50:45+00:00","description":"GTQ5000 high-speed precision cutting machine - GTQ5000 high-speed precision cutting machine is suitable for precision cutting of metal, electronic components, ceramic materials, crystals, cemented carbide, rock samples, mineral samples, concrete, organic materials, biological materials (teeth, bone) and other materials.","breadcrumb":{"@id":"http:\/\/www.waltec.com.cn\/product\/gtq5000-high-speed-precision-cutting-machine\/#breadcrumb"},"inLanguage":"es","potentialAction":[{"@type":"ReadAction","target":["http:\/\/www.waltec.com.cn\/product\/gtq5000-high-speed-precision-cutting-machine\/"]}]},{"@type":"ImageObject","inLanguage":"es","@id":"http:\/\/www.waltec.com.cn\/product\/gtq5000-high-speed-precision-cutting-machine\/#primaryimage","url":"http:\/\/www.waltec.com.cn\/wp-content\/uploads\/2024\/12\/ec06a4ba8479.webp","contentUrl":"http:\/\/www.waltec.com.cn\/wp-content\/uploads\/2024\/12\/ec06a4ba8479.webp","width":453,"height":407},{"@type":"BreadcrumbList","@id":"http:\/\/www.waltec.com.cn\/product\/gtq5000-high-speed-precision-cutting-machine\/#breadcrumb","itemListElement":[{"@type":"ListItem","position":1,"name":"Home","item":"http:\/\/www.waltec.com.cn\/"},{"@type":"ListItem","position":2,"name":"Products","item":"http:\/\/www.waltec.com.cn\/shop\/"},{"@type":"ListItem","position":3,"name":"GTQ5000 high-speed precision cutting machine"}]},{"@type":"WebSite","@id":"http:\/\/www.waltec.com.cn\/#website","url":"http:\/\/www.waltec.com.cn\/","name":"Jswaltec Testing machine","description":"","publisher":{"@id":"http:\/\/www.waltec.com.cn\/#organization"},"potentialAction":[{"@type":"SearchAction","target":{"@type":"EntryPoint","urlTemplate":"http:\/\/www.waltec.com.cn\/?s={search_term_string}"},"query-input":{"@type":"PropertyValueSpecification","valueRequired":true,"valueName":"search_term_string"}}],"inLanguage":"es"},{"@type":"Organization","@id":"http:\/\/www.waltec.com.cn\/#organization","name":"JIANGSU WALLONG-HSIN MACHINERY ENGINEERING CORPORATION LTD.","url":"http:\/\/www.waltec.com.cn\/","logo":{"@type":"ImageObject","inLanguage":"es","@id":"http:\/\/www.waltec.com.cn\/#\/schema\/logo\/image\/","url":"http:\/\/www.waltec.com.cn\/wp-content\/uploads\/2024\/08\/01.jpg","contentUrl":"http:\/\/www.waltec.com.cn\/wp-content\/uploads\/2024\/08\/01.jpg","width":1217,"height":221,"caption":"JIANGSU WALLONG-HSIN MACHINERY ENGINEERING CORPORATION LTD."},"image":{"@id":"http:\/\/www.waltec.com.cn\/#\/schema\/logo\/image\/"}}]}},"uagb_featured_image_src":{"full":["http:\/\/www.waltec.com.cn\/wp-content\/uploads\/2024\/12\/ec06a4ba8479.webp",453,407,false],"thumbnail":["http:\/\/www.waltec.com.cn\/wp-content\/uploads\/2024\/12\/ec06a4ba8479.webp",150,135,false],"medium":["http:\/\/www.waltec.com.cn\/wp-content\/uploads\/2024\/12\/ec06a4ba8479.webp",300,270,false],"medium_large":["http:\/\/www.waltec.com.cn\/wp-content\/uploads\/2024\/12\/ec06a4ba8479.webp",453,407,false],"large":["http:\/\/www.waltec.com.cn\/wp-content\/uploads\/2024\/12\/ec06a4ba8479.webp",453,407,false],"1536x1536":["http:\/\/www.waltec.com.cn\/wp-content\/uploads\/2024\/12\/ec06a4ba8479.webp",453,407,false],"2048x2048":["http:\/\/www.waltec.com.cn\/wp-content\/uploads\/2024\/12\/ec06a4ba8479.webp",453,407,false],"trp-custom-language-flag":["http:\/\/www.waltec.com.cn\/wp-content\/uploads\/2024\/12\/ec06a4ba8479.webp",13,12,false],"woocommerce_thumbnail":["http:\/\/www.waltec.com.cn\/wp-content\/uploads\/2024\/12\/ec06a4ba8479-300x300.webp",300,300,true],"woocommerce_single":["http:\/\/www.waltec.com.cn\/wp-content\/uploads\/2024\/12\/ec06a4ba8479.webp",453,407,false],"woocommerce_gallery_thumbnail":["http:\/\/www.waltec.com.cn\/wp-content\/uploads\/2024\/12\/ec06a4ba8479-100x100.webp",100,100,true]},"uagb_author_info":{"display_name":"Jswaltec","author_link":"http:\/\/www.waltec.com.cn\/es\/author\/"},"uagb_comment_info":0,"uagb_excerpt":"GTQ5000 high-speed precision cutting machine is suitable for precision cutting of metal, electronic components, ceramic materials, crystals, cemented carbide, rock samples, mineral samples, concrete, organic materials, biological materials (teeth, bone) and other materials. The positioning accuracy of the equipment is high. Wide speed range; Strong cutting ability; Strong circulation cooling system; Feed speed can be&hellip;","_links":{"self":[{"href":"http:\/\/www.waltec.com.cn\/es\/wp-json\/wp\/v2\/product\/1974","targetHints":{"allow":["GET"]}}],"collection":[{"href":"http:\/\/www.waltec.com.cn\/es\/wp-json\/wp\/v2\/product"}],"about":[{"href":"http:\/\/www.waltec.com.cn\/es\/wp-json\/wp\/v2\/types\/product"}],"wp:featuredmedia":[{"embeddable":true,"href":"http:\/\/www.waltec.com.cn\/es\/wp-json\/wp\/v2\/media\/1973"}],"wp:attachment":[{"href":"http:\/\/www.waltec.com.cn\/es\/wp-json\/wp\/v2\/media?parent=1974"}],"wp:term":[{"taxonomy":"product_cat","embeddable":true,"href":"http:\/\/www.waltec.com.cn\/es\/wp-json\/wp\/v2\/product_cat?post=1974"},{"taxonomy":"product_tag","embeddable":true,"href":"http:\/\/www.waltec.com.cn\/es\/wp-json\/wp\/v2\/product_tag?post=1974"}],"curies":[{"name":"wp","href":"https:\/\/api.w.org\/{rel}","templated":true}]}}