{"id":1976,"date":"2024-12-03T15:54:56","date_gmt":"2024-12-03T07:54:56","guid":{"rendered":"http:\/\/www.waltec.com.cn\/?post_type=product&#038;p=1976"},"modified":"2025-01-23T13:55:23","modified_gmt":"2025-01-23T05:55:23","slug":"zdq-350-automatic-metallographic-cutting-machine","status":"publish","type":"product","link":"http:\/\/www.waltec.com.cn\/es\/producto\/zdq-350-automatic-metallographic-cutting-machine\/","title":{"rendered":"M\u00e1quina autom\u00e1tica de corte metalogr\u00e1fico ZDQ-350"},"content":{"rendered":"<p>La cortadora metalogr\u00e1fica autom\u00e1tica ZDQ-350 es una cortadora metalogr\u00e1fica vertical de gran tama\u00f1o, dise\u00f1ada y fabricada bajo los principios de seguridad y protecci\u00f3n ambiental. Es adecuada para cortar muestras de diversos materiales met\u00e1licos y no met\u00e1licos, con el fin de observar la estructura metalogr\u00e1fica y litogr\u00e1fica de los materiales. Esta m\u00e1quina es estable, silenciosa, f\u00e1cil de operar y segura, y es un equipo fundamental para la preparaci\u00f3n de muestras de materiales s\u00f3lidos en el laboratorio.<\/p>\n<p>Esta m\u00e1quina consta de un sistema de corte, un sistema de refrigeraci\u00f3n, un sistema de iluminaci\u00f3n, un sistema de limpieza, etc. La parte superior de la unidad est\u00e1 completamente cubierta por una cubierta protectora que se abre y se cierra. Delante de esta, se encuentra una amplia ventana de observaci\u00f3n, combinada con un sistema de iluminaci\u00f3n de alta intensidad, que permite al operador controlar el proceso de corte. La mesa de hierro fundido con ranura y abrazadera permite cortar piezas de diversas formas. El sistema de refrigeraci\u00f3n superior permite cortar la pieza sin quemarla. El dep\u00f3sito de agua de refrigeraci\u00f3n, ubicado en la base del equipo, cuenta con un separador magn\u00e9tico para facilitar la recogida de residuos. El interruptor de seguridad de la puerta y la cubierta antiexplosiones garantizan la seguridad del operador.<\/p>\n<table>\n<tbody>\n<tr>\n<td colspan=\"2\" width=\"100.0000%\"><strong>principales par\u00e1metros t\u00e9cnicos<\/strong><strong>\uff1a<\/strong><\/td>\n<\/tr>\n<tr>\n<td width=\"28.6600%\">modo de corte:<\/td>\n<td width=\"71.3200%\">Corte de troceo, corte de empuje plano<\/td>\n<\/tr>\n<tr>\n<td width=\"28.6600%\">Modo de alimentaci\u00f3n del eje de alimentaci\u00f3n:<\/td>\n<td width=\"71.3200%\">Recortar para avanzar, movimiento de avance continuo, cortar el movimiento de avance<\/td>\n<\/tr>\n<tr>\n<td width=\"28.6600%\">Di\u00e1metro m\u00e1ximo de corte:<\/td>\n<td width=\"71.3200%\">\u03a6110mm<\/td>\n<\/tr>\n<tr>\n<td width=\"28.6600%\">Carrera de corte m\u00e1xima del eje Y:<\/td>\n<td width=\"71.3200%\">200.000mm<\/td>\n<\/tr>\n<tr>\n<td width=\"28.6600%\">Carrera de corte m\u00e1xima del eje Z:<\/td>\n<td width=\"71.3200%\">150.000mm<\/td>\n<\/tr>\n<tr>\n<td width=\"28.6600%\">Rango de ajuste de velocidad de corte del eje Y:<\/td>\n<td width=\"71.3200%\">1.000mm\/s\u20140.001mm\/s<\/td>\n<\/tr>\n<tr>\n<td width=\"28.6600%\">Rango de ajuste de velocidad de corte del eje Z:<\/td>\n<td width=\"71.3200%\">1.000mm\/s\u20140.001mm\/s<\/td>\n<\/tr>\n<tr>\n<td width=\"28.6600%\">Rango de velocidad de ajuste de la herramienta del eje Y:<\/td>\n<td width=\"71.3200%\">5.000mm\/s\u20140.001mm\/s<\/td>\n<\/tr>\n<tr>\n<td width=\"28.6600%\">Rango de velocidad de ajuste de la herramienta del eje Z:<\/td>\n<td width=\"71.3200%\">5.000mm\/s\u20140.001mm\/s<\/td>\n<\/tr>\n<tr>\n<td width=\"28.6600%\">Especificaciones de la hoja de muela abrasiva:<\/td>\n<td width=\"71.3200%\">350\u00d72.5\u00d732mm<\/td>\n<\/tr>\n<tr>\n<td width=\"28.6600%\">Tipo de refrigeraci\u00f3n:<\/td>\n<td width=\"71.3200%\">Tipo de chorro de agua<\/td>\n<\/tr>\n<tr>\n<td width=\"28.6600%\">Tama\u00f1o total:<\/td>\n<td width=\"71.3200%\">1060\u00d71450\u00d71650\uff08Length \u00d7 width \u00d7 height\uff09<\/td>\n<\/tr>\n<tr>\n<td width=\"28.6600%\">Fuerza:<\/td>\n<td width=\"71.3200%\">380V\uff08\u4e09\u76f8\uff0950HZ<\/td>\n<\/tr>\n<tr>\n<td width=\"28.6600%\">Potencia del motor:<\/td>\n<td width=\"71.3200%\">4KW<\/td>\n<\/tr>\n<\/tbody>\n<\/table>","protected":false},"excerpt":{"rendered":"<p>ZDQ-350 automatic metallographic cutting machine is a kind of vertical large metallographic cutting machine designed and manufactured according to the principle of safety and environmental protection. It is suitable for cutting samples of various metal and non-metal materials in order to observe the metallographic and lithographic structure of materials. The machine is stable, low noise, [&hellip;]<\/p>","protected":false},"featured_media":1977,"template":"","meta":{"_uag_custom_page_level_css":"","site-sidebar-layout":"default","site-content-layout":"","ast-site-content-layout":"default","site-content-style":"default","site-sidebar-style":"default","ast-global-header-display":"","ast-banner-title-visibility":"","ast-main-header-display":"","ast-hfb-above-header-display":"","ast-hfb-below-header-display":"","ast-hfb-mobile-header-display":"","site-post-title":"","ast-breadcrumbs-content":"","ast-featured-img":"","footer-sml-layout":"","theme-transparent-header-meta":"default","adv-header-id-meta":"","stick-header-meta":"","header-above-stick-meta":"","header-main-stick-meta":"","header-below-stick-meta":"","astra-migrate-meta-layouts":"set","ast-page-background-enabled":"default","ast-page-background-meta":{"desktop":{"background-color":"var(--ast-global-color-4)","background-image":"","background-repeat":"repeat","background-position":"center center","background-size":"auto","background-attachment":"scroll","background-type":"","background-media":"","overlay-type":"","overlay-color":"","overlay-opacity":"","overlay-gradient":""},"tablet":{"background-color":"","background-image":"","background-repeat":"repeat","background-position":"center center","background-size":"auto","background-attachment":"scroll","background-type":"","background-media":"","overlay-type":"","overlay-color":"","overlay-opacity":"","overlay-gradient":""},"mobile":{"background-color":"","background-image":"","background-repeat":"repeat","background-position":"center center","background-size":"auto","background-attachment":"scroll","background-type":"","background-media":"","overlay-type":"","overlay-color":"","overlay-opacity":"","overlay-gradient":""}},"ast-content-background-meta":{"desktop":{"background-color":"var(--ast-global-color-5)","background-image":"","background-repeat":"repeat","background-position":"center center","background-size":"auto","background-attachment":"scroll","background-type":"","background-media":"","overlay-type":"","overlay-color":"","overlay-opacity":"","overlay-gradient":""},"tablet":{"background-color":"var(--ast-global-color-5)","background-image":"","background-repeat":"repeat","background-position":"center center","background-size":"auto","background-attachment":"scroll","background-type":"","background-media":"","overlay-type":"","overlay-color":"","overlay-opacity":"","overlay-gradient":""},"mobile":{"background-color":"var(--ast-global-color-5)","background-image":"","background-repeat":"repeat","background-position":"center center","background-size":"auto","background-attachment":"scroll","background-type":"","background-media":"","overlay-type":"","overlay-color":"","overlay-opacity":"","overlay-gradient":""}}},"product_cat":[35],"product_tag":[],"class_list":{"0":"post-1976","1":"product","2":"type-product","3":"status-publish","4":"has-post-thumbnail","6":"product_cat-metallography","7":"desktop-align-left","8":"tablet-align-left","9":"mobile-align-left","11":"first","12":"instock","13":"shipping-taxable","14":"product-type-simple"},"yoast_head":"<!-- This site is optimized with the Yoast SEO Premium plugin v22.5 (Yoast SEO v24.3) - https:\/\/yoast.com\/wordpress\/plugins\/seo\/ -->\r\n<title>ZDQ-350 automatic metallographic cutting machine - Jswaltec Testing machine<\/title>\r\n<meta name=\"description\" content=\"ZDQ-350 automatic metallographic cutting machine - ZDQ-350 automatic metallographic cutting machine is a kind of vertical large metallographic cutting machine designed and manufactured according to the principle of safety and environmental protection.\" \/>\r\n<meta name=\"robots\" content=\"index, follow, max-snippet:-1, max-image-preview:large, max-video-preview:-1\" \/>\r\n<link rel=\"canonical\" href=\"http:\/\/www.waltec.com.cn\/es\/producto\/zdq-350-automatic-metallographic-cutting-machine\/\" \/>\r\n<meta property=\"og:locale\" content=\"es_ES\" \/>\r\n<meta property=\"og:type\" content=\"article\" \/>\r\n<meta property=\"og:title\" content=\"ZDQ-350 automatic metallographic cutting machine\" \/>\r\n<meta property=\"og:description\" content=\"ZDQ-350 automatic metallographic cutting machine - ZDQ-350 automatic metallographic cutting machine is a kind of vertical large metallographic cutting machine designed and manufactured according to the principle of safety and environmental protection.\" \/>\r\n<meta property=\"og:url\" content=\"http:\/\/www.waltec.com.cn\/es\/producto\/zdq-350-automatic-metallographic-cutting-machine\/\" \/>\r\n<meta property=\"og:site_name\" content=\"Jswaltec Testing machine\" \/>\r\n<meta property=\"article:modified_time\" content=\"2025-01-23T05:55:23+00:00\" \/>\r\n<meta property=\"og:image\" content=\"http:\/\/www.waltec.com.cn\/wp-content\/uploads\/2024\/12\/7a873efb4e7fb5.webp\" \/>\r\n\t<meta property=\"og:image:width\" content=\"466\" \/>\r\n\t<meta property=\"og:image:height\" content=\"352\" \/>\r\n\t<meta property=\"og:image:type\" content=\"image\/webp\" \/>\r\n<meta name=\"twitter:card\" content=\"summary_large_image\" \/>\r\n<meta name=\"twitter:label1\" content=\"Tiempo de lectura\" \/>\n\t<meta name=\"twitter:data1\" content=\"2 minutos\" \/>\r\n<script type=\"application\/ld+json\" class=\"yoast-schema-graph\">{\"@context\":\"https:\/\/schema.org\",\"@graph\":[{\"@type\":\"WebPage\",\"@id\":\"http:\/\/www.waltec.com.cn\/product\/zdq-350-automatic-metallographic-cutting-machine\/\",\"url\":\"http:\/\/www.waltec.com.cn\/product\/zdq-350-automatic-metallographic-cutting-machine\/\",\"name\":\"ZDQ-350 automatic metallographic cutting machine - Jswaltec Testing machine\",\"isPartOf\":{\"@id\":\"http:\/\/www.waltec.com.cn\/#website\"},\"primaryImageOfPage\":{\"@id\":\"http:\/\/www.waltec.com.cn\/product\/zdq-350-automatic-metallographic-cutting-machine\/#primaryimage\"},\"image\":{\"@id\":\"http:\/\/www.waltec.com.cn\/product\/zdq-350-automatic-metallographic-cutting-machine\/#primaryimage\"},\"thumbnailUrl\":\"http:\/\/www.waltec.com.cn\/wp-content\/uploads\/2024\/12\/7a873efb4e7fb5.webp\",\"datePublished\":\"2024-12-03T07:54:56+00:00\",\"dateModified\":\"2025-01-23T05:55:23+00:00\",\"description\":\"ZDQ-350 automatic metallographic cutting machine - ZDQ-350 automatic metallographic cutting machine is a kind of vertical large metallographic cutting machine designed and manufactured according to the principle of safety and environmental protection.\",\"breadcrumb\":{\"@id\":\"http:\/\/www.waltec.com.cn\/product\/zdq-350-automatic-metallographic-cutting-machine\/#breadcrumb\"},\"inLanguage\":\"es\",\"potentialAction\":[{\"@type\":\"ReadAction\",\"target\":[\"http:\/\/www.waltec.com.cn\/product\/zdq-350-automatic-metallographic-cutting-machine\/\"]}]},{\"@type\":\"ImageObject\",\"inLanguage\":\"es\",\"@id\":\"http:\/\/www.waltec.com.cn\/product\/zdq-350-automatic-metallographic-cutting-machine\/#primaryimage\",\"url\":\"http:\/\/www.waltec.com.cn\/wp-content\/uploads\/2024\/12\/7a873efb4e7fb5.webp\",\"contentUrl\":\"http:\/\/www.waltec.com.cn\/wp-content\/uploads\/2024\/12\/7a873efb4e7fb5.webp\",\"width\":466,\"height\":352},{\"@type\":\"BreadcrumbList\",\"@id\":\"http:\/\/www.waltec.com.cn\/product\/zdq-350-automatic-metallographic-cutting-machine\/#breadcrumb\",\"itemListElement\":[{\"@type\":\"ListItem\",\"position\":1,\"name\":\"Home\",\"item\":\"http:\/\/www.waltec.com.cn\/\"},{\"@type\":\"ListItem\",\"position\":2,\"name\":\"Products\",\"item\":\"http:\/\/www.waltec.com.cn\/shop\/\"},{\"@type\":\"ListItem\",\"position\":3,\"name\":\"ZDQ-350 automatic metallographic cutting machine\"}]},{\"@type\":\"WebSite\",\"@id\":\"http:\/\/www.waltec.com.cn\/#website\",\"url\":\"http:\/\/www.waltec.com.cn\/\",\"name\":\"Jswaltec Testing machine\",\"description\":\"\",\"publisher\":{\"@id\":\"http:\/\/www.waltec.com.cn\/#organization\"},\"potentialAction\":[{\"@type\":\"SearchAction\",\"target\":{\"@type\":\"EntryPoint\",\"urlTemplate\":\"http:\/\/www.waltec.com.cn\/?s={search_term_string}\"},\"query-input\":{\"@type\":\"PropertyValueSpecification\",\"valueRequired\":true,\"valueName\":\"search_term_string\"}}],\"inLanguage\":\"es\"},{\"@type\":\"Organization\",\"@id\":\"http:\/\/www.waltec.com.cn\/#organization\",\"name\":\"JIANGSU WALLONG-HSIN MACHINERY ENGINEERING CORPORATION LTD.\",\"url\":\"http:\/\/www.waltec.com.cn\/\",\"logo\":{\"@type\":\"ImageObject\",\"inLanguage\":\"es\",\"@id\":\"http:\/\/www.waltec.com.cn\/#\/schema\/logo\/image\/\",\"url\":\"http:\/\/www.waltec.com.cn\/wp-content\/uploads\/2024\/08\/01.jpg\",\"contentUrl\":\"http:\/\/www.waltec.com.cn\/wp-content\/uploads\/2024\/08\/01.jpg\",\"width\":1217,\"height\":221,\"caption\":\"JIANGSU WALLONG-HSIN MACHINERY ENGINEERING CORPORATION LTD.\"},\"image\":{\"@id\":\"http:\/\/www.waltec.com.cn\/#\/schema\/logo\/image\/\"}}]}<\/script>\r\n<!-- \/ Yoast SEO Premium plugin. -->","yoast_head_json":{"title":"ZDQ-350 automatic metallographic cutting machine - Jswaltec Testing machine","description":"ZDQ-350 automatic metallographic cutting machine - ZDQ-350 automatic metallographic cutting machine is a kind of vertical large metallographic cutting machine designed and manufactured according to the principle of safety and environmental protection.","robots":{"index":"index","follow":"follow","max-snippet":"max-snippet:-1","max-image-preview":"max-image-preview:large","max-video-preview":"max-video-preview:-1"},"canonical":"http:\/\/www.waltec.com.cn\/es\/producto\/zdq-350-automatic-metallographic-cutting-machine\/","og_locale":"es_ES","og_type":"article","og_title":"ZDQ-350 automatic metallographic cutting machine","og_description":"ZDQ-350 automatic metallographic cutting machine - ZDQ-350 automatic metallographic cutting machine is a kind of vertical large metallographic cutting machine designed and manufactured according to the principle of safety and environmental protection.","og_url":"http:\/\/www.waltec.com.cn\/es\/producto\/zdq-350-automatic-metallographic-cutting-machine\/","og_site_name":"Jswaltec Testing machine","article_modified_time":"2025-01-23T05:55:23+00:00","og_image":[{"width":466,"height":352,"url":"http:\/\/www.waltec.com.cn\/wp-content\/uploads\/2024\/12\/7a873efb4e7fb5.webp","type":"image\/webp"}],"twitter_card":"summary_large_image","twitter_misc":{"Tiempo de lectura":"2 minutos"},"schema":{"@context":"https:\/\/schema.org","@graph":[{"@type":"WebPage","@id":"http:\/\/www.waltec.com.cn\/product\/zdq-350-automatic-metallographic-cutting-machine\/","url":"http:\/\/www.waltec.com.cn\/product\/zdq-350-automatic-metallographic-cutting-machine\/","name":"ZDQ-350 automatic metallographic cutting machine - Jswaltec Testing machine","isPartOf":{"@id":"http:\/\/www.waltec.com.cn\/#website"},"primaryImageOfPage":{"@id":"http:\/\/www.waltec.com.cn\/product\/zdq-350-automatic-metallographic-cutting-machine\/#primaryimage"},"image":{"@id":"http:\/\/www.waltec.com.cn\/product\/zdq-350-automatic-metallographic-cutting-machine\/#primaryimage"},"thumbnailUrl":"http:\/\/www.waltec.com.cn\/wp-content\/uploads\/2024\/12\/7a873efb4e7fb5.webp","datePublished":"2024-12-03T07:54:56+00:00","dateModified":"2025-01-23T05:55:23+00:00","description":"ZDQ-350 automatic metallographic cutting machine - ZDQ-350 automatic metallographic cutting machine is a kind of vertical large metallographic cutting machine designed and manufactured according to the principle of safety and environmental protection.","breadcrumb":{"@id":"http:\/\/www.waltec.com.cn\/product\/zdq-350-automatic-metallographic-cutting-machine\/#breadcrumb"},"inLanguage":"es","potentialAction":[{"@type":"ReadAction","target":["http:\/\/www.waltec.com.cn\/product\/zdq-350-automatic-metallographic-cutting-machine\/"]}]},{"@type":"ImageObject","inLanguage":"es","@id":"http:\/\/www.waltec.com.cn\/product\/zdq-350-automatic-metallographic-cutting-machine\/#primaryimage","url":"http:\/\/www.waltec.com.cn\/wp-content\/uploads\/2024\/12\/7a873efb4e7fb5.webp","contentUrl":"http:\/\/www.waltec.com.cn\/wp-content\/uploads\/2024\/12\/7a873efb4e7fb5.webp","width":466,"height":352},{"@type":"BreadcrumbList","@id":"http:\/\/www.waltec.com.cn\/product\/zdq-350-automatic-metallographic-cutting-machine\/#breadcrumb","itemListElement":[{"@type":"ListItem","position":1,"name":"Home","item":"http:\/\/www.waltec.com.cn\/"},{"@type":"ListItem","position":2,"name":"Products","item":"http:\/\/www.waltec.com.cn\/shop\/"},{"@type":"ListItem","position":3,"name":"ZDQ-350 automatic metallographic cutting machine"}]},{"@type":"WebSite","@id":"http:\/\/www.waltec.com.cn\/#website","url":"http:\/\/www.waltec.com.cn\/","name":"Jswaltec Testing machine","description":"","publisher":{"@id":"http:\/\/www.waltec.com.cn\/#organization"},"potentialAction":[{"@type":"SearchAction","target":{"@type":"EntryPoint","urlTemplate":"http:\/\/www.waltec.com.cn\/?s={search_term_string}"},"query-input":{"@type":"PropertyValueSpecification","valueRequired":true,"valueName":"search_term_string"}}],"inLanguage":"es"},{"@type":"Organization","@id":"http:\/\/www.waltec.com.cn\/#organization","name":"JIANGSU WALLONG-HSIN MACHINERY ENGINEERING CORPORATION LTD.","url":"http:\/\/www.waltec.com.cn\/","logo":{"@type":"ImageObject","inLanguage":"es","@id":"http:\/\/www.waltec.com.cn\/#\/schema\/logo\/image\/","url":"http:\/\/www.waltec.com.cn\/wp-content\/uploads\/2024\/08\/01.jpg","contentUrl":"http:\/\/www.waltec.com.cn\/wp-content\/uploads\/2024\/08\/01.jpg","width":1217,"height":221,"caption":"JIANGSU WALLONG-HSIN MACHINERY ENGINEERING CORPORATION LTD."},"image":{"@id":"http:\/\/www.waltec.com.cn\/#\/schema\/logo\/image\/"}}]}},"uagb_featured_image_src":{"full":["http:\/\/www.waltec.com.cn\/wp-content\/uploads\/2024\/12\/7a873efb4e7fb5.webp",466,352,false],"thumbnail":["http:\/\/www.waltec.com.cn\/wp-content\/uploads\/2024\/12\/7a873efb4e7fb5.webp",150,113,false],"medium":["http:\/\/www.waltec.com.cn\/wp-content\/uploads\/2024\/12\/7a873efb4e7fb5.webp",300,227,false],"medium_large":["http:\/\/www.waltec.com.cn\/wp-content\/uploads\/2024\/12\/7a873efb4e7fb5.webp",466,352,false],"large":["http:\/\/www.waltec.com.cn\/wp-content\/uploads\/2024\/12\/7a873efb4e7fb5.webp",466,352,false],"1536x1536":["http:\/\/www.waltec.com.cn\/wp-content\/uploads\/2024\/12\/7a873efb4e7fb5.webp",466,352,false],"2048x2048":["http:\/\/www.waltec.com.cn\/wp-content\/uploads\/2024\/12\/7a873efb4e7fb5.webp",466,352,false],"trp-custom-language-flag":["http:\/\/www.waltec.com.cn\/wp-content\/uploads\/2024\/12\/7a873efb4e7fb5.webp",16,12,false],"woocommerce_thumbnail":["http:\/\/www.waltec.com.cn\/wp-content\/uploads\/2024\/12\/7a873efb4e7fb5-300x300.webp",300,300,true],"woocommerce_single":["http:\/\/www.waltec.com.cn\/wp-content\/uploads\/2024\/12\/7a873efb4e7fb5.webp",466,352,false],"woocommerce_gallery_thumbnail":["http:\/\/www.waltec.com.cn\/wp-content\/uploads\/2024\/12\/7a873efb4e7fb5-100x100.webp",100,100,true]},"uagb_author_info":{"display_name":"Jswaltec","author_link":"http:\/\/www.waltec.com.cn\/es\/author\/"},"uagb_comment_info":0,"uagb_excerpt":"ZDQ-350 automatic metallographic cutting machine is a kind of vertical large metallographic cutting machine designed and manufactured according to the principle of safety and environmental protection. It is suitable for cutting samples of various metal and non-metal materials in order to observe the metallographic and lithographic structure of materials. The machine is stable, low noise,&hellip;","_links":{"self":[{"href":"http:\/\/www.waltec.com.cn\/es\/wp-json\/wp\/v2\/product\/1976","targetHints":{"allow":["GET"]}}],"collection":[{"href":"http:\/\/www.waltec.com.cn\/es\/wp-json\/wp\/v2\/product"}],"about":[{"href":"http:\/\/www.waltec.com.cn\/es\/wp-json\/wp\/v2\/types\/product"}],"wp:featuredmedia":[{"embeddable":true,"href":"http:\/\/www.waltec.com.cn\/es\/wp-json\/wp\/v2\/media\/1977"}],"wp:attachment":[{"href":"http:\/\/www.waltec.com.cn\/es\/wp-json\/wp\/v2\/media?parent=1976"}],"wp:term":[{"taxonomy":"product_cat","embeddable":true,"href":"http:\/\/www.waltec.com.cn\/es\/wp-json\/wp\/v2\/product_cat?post=1976"},{"taxonomy":"product_tag","embeddable":true,"href":"http:\/\/www.waltec.com.cn\/es\/wp-json\/wp\/v2\/product_tag?post=1976"}],"curies":[{"name":"wp","href":"https:\/\/api.w.org\/{rel}","templated":true}]}}