{"id":1980,"date":"2024-12-03T16:03:02","date_gmt":"2024-12-03T08:03:02","guid":{"rendered":"http:\/\/www.waltec.com.cn\/?post_type=product&#038;p=1980"},"modified":"2025-01-23T13:59:39","modified_gmt":"2025-01-23T05:59:39","slug":"ldq-150-low-speed-precision-cutting-machine","status":"publish","type":"product","link":"http:\/\/www.waltec.com.cn\/es\/producto\/ldq-150-low-speed-precision-cutting-machine\/","title":{"rendered":"M\u00e1quina de corte de precisi\u00f3n de baja velocidad LDQ-150"},"content":{"rendered":"<p>La m\u00e1quina de corte de precisi\u00f3n de baja velocidad LDQ-150 es adecuada para todo tipo de materiales no met\u00e1licos, placas de circuitos, semiconductores, materiales superduros y otros cortes de precisi\u00f3n, con una precisi\u00f3n de corte de 0,01 mm. El equipo, equipado con diversos accesorios, puede cortar piezas de forma irregular, lo que lo convierte en el equipo de corte de precisi\u00f3n ideal para empresas e instituciones de investigaci\u00f3n cient\u00edfica.<\/p>\n<table>\n<tbody>\n<tr>\n<td colspan=\"2\" width=\"100.0000%\"><strong>principales par\u00e1metros t\u00e9cnicos<\/strong><strong>\uff1a<\/strong><\/td>\n<\/tr>\n<tr>\n<td width=\"28.6600%\">rango de ajuste:<\/td>\n<td width=\"71.3200%\">200-1200rpm\u00a0\/min<\/td>\n<\/tr>\n<tr>\n<td width=\"28.6600%\">Disco de corte (12,7 mm):<\/td>\n<td width=\"71.3200%\">Standard 150mm ultra-thin cutting sheet<\/td>\n<\/tr>\n<tr>\n<td width=\"28.6600%\">Capacidad de corte:<\/td>\n<td width=\"71.3200%\">40mm<\/td>\n<\/tr>\n<tr>\n<td width=\"28.6600%\">Recorrido del marco m\u00f3vil:<\/td>\n<td width=\"71.3200%\">25 mm<\/td>\n<\/tr>\n<tr>\n<td width=\"28.6600%\">velocidad de rotaci\u00f3n:<\/td>\n<td width=\"71.3200%\">60-600RPM\/min<\/p>\n<p>can be customized<\/td>\n<\/tr>\n<tr>\n<td width=\"28.6600%\">precisi\u00f3n posicional:<\/td>\n<td width=\"71.3200%\">0.01mm<\/td>\n<\/tr>\n<tr>\n<td width=\"28.6600%\">Voltaje de entrada:<\/td>\n<td width=\"71.3200%\">single phase220V\uff0c50\/60Hz<\/td>\n<\/tr>\n<tr>\n<td width=\"28.6600%\">potencia del motor:<\/td>\n<td width=\"71.3200%\">125W<\/td>\n<\/tr>\n<tr>\n<td width=\"28.6600%\">dimensi\u00f3n l\u00edmite:<\/td>\n<td width=\"71.3200%\">350\u00d7305\u00d7205<\/td>\n<\/tr>\n<tr>\n<td width=\"28.6600%\">peso:<\/td>\n<td width=\"71.3200%\">30kg<\/td>\n<\/tr>\n<\/tbody>\n<\/table>","protected":false},"excerpt":{"rendered":"<p>LDQ-150 low speed precision cutting machine is suitable for all kinds of non-metallic materials, circuit boards and semiconductors, superhard materials and other precision cutting, cutting precision 0.01mm. The equipment is equipped with a variety of fixtures, can cut irregular shape of the workpiece, is the ideal precision cutting equipment for enterprises and scientific research institutions. [&hellip;]<\/p>","protected":false},"featured_media":1981,"template":"","meta":{"_uag_custom_page_level_css":"","site-sidebar-layout":"default","site-content-layout":"","ast-site-content-layout":"default","site-content-style":"default","site-sidebar-style":"default","ast-global-header-display":"","ast-banner-title-visibility":"","ast-main-header-display":"","ast-hfb-above-header-display":"","ast-hfb-below-header-display":"","ast-hfb-mobile-header-display":"","site-post-title":"","ast-breadcrumbs-content":"","ast-featured-img":"","footer-sml-layout":"","theme-transparent-header-meta":"default","adv-header-id-meta":"","stick-header-meta":"","header-above-stick-meta":"","header-main-stick-meta":"","header-below-stick-meta":"","astra-migrate-meta-layouts":"set","ast-page-background-enabled":"default","ast-page-background-meta":{"desktop":{"background-color":"var(--ast-global-color-4)","background-image":"","background-repeat":"repeat","background-position":"center center","background-size":"auto","background-attachment":"scroll","background-type":"","background-media":"","overlay-type":"","overlay-color":"","overlay-opacity":"","overlay-gradient":""},"tablet":{"background-color":"","background-image":"","background-repeat":"repeat","background-position":"center center","background-size":"auto","background-attachment":"scroll","background-type":"","background-media":"","overlay-type":"","overlay-color":"","overlay-opacity":"","overlay-gradient":""},"mobile":{"background-color":"","background-image":"","background-repeat":"repeat","background-position":"center center","background-size":"auto","background-attachment":"scroll","background-type":"","background-media":"","overlay-type":"","overlay-color":"","overlay-opacity":"","overlay-gradient":""}},"ast-content-background-meta":{"desktop":{"background-color":"var(--ast-global-color-5)","background-image":"","background-repeat":"repeat","background-position":"center center","background-size":"auto","background-attachment":"scroll","background-type":"","background-media":"","overlay-type":"","overlay-color":"","overlay-opacity":"","overlay-gradient":""},"tablet":{"background-color":"var(--ast-global-color-5)","background-image":"","background-repeat":"repeat","background-position":"center center","background-size":"auto","background-attachment":"scroll","background-type":"","background-media":"","overlay-type":"","overlay-color":"","overlay-opacity":"","overlay-gradient":""},"mobile":{"background-color":"var(--ast-global-color-5)","background-image":"","background-repeat":"repeat","background-position":"center center","background-size":"auto","background-attachment":"scroll","background-type":"","background-media":"","overlay-type":"","overlay-color":"","overlay-opacity":"","overlay-gradient":""}}},"product_cat":[35],"product_tag":[],"class_list":{"0":"post-1980","1":"product","2":"type-product","3":"status-publish","4":"has-post-thumbnail","6":"product_cat-metallography","7":"desktop-align-left","8":"tablet-align-left","9":"mobile-align-left","11":"first","12":"instock","13":"shipping-taxable","14":"product-type-simple"},"yoast_head":"<!-- This site is optimized with the Yoast SEO Premium plugin v22.5 (Yoast SEO v24.3) - https:\/\/yoast.com\/wordpress\/plugins\/seo\/ -->\r\n<title>LDQ-150 low speed precision cutting machine - Jswaltec Testing machine<\/title>\r\n<meta name=\"description\" content=\"LDQ-150 low speed precision cutting machine - LDQ-150 low speed precision cutting machine is suitable for all kinds of non-metallic materials, circuit boards and semiconductors, superhard materials and other precision cutting, cutting precision 0.01mm\" \/>\r\n<meta name=\"robots\" content=\"index, follow, max-snippet:-1, max-image-preview:large, max-video-preview:-1\" \/>\r\n<link rel=\"canonical\" href=\"http:\/\/www.waltec.com.cn\/es\/producto\/ldq-150-low-speed-precision-cutting-machine\/\" \/>\r\n<meta property=\"og:locale\" content=\"es_ES\" \/>\r\n<meta property=\"og:type\" content=\"article\" \/>\r\n<meta property=\"og:title\" content=\"LDQ-150 low speed precision cutting machine\" \/>\r\n<meta property=\"og:description\" content=\"LDQ-150 low speed precision cutting machine - LDQ-150 low speed precision cutting machine is suitable for all kinds of non-metallic materials, circuit boards and semiconductors, superhard materials and other precision cutting, cutting precision 0.01mm\" \/>\r\n<meta property=\"og:url\" content=\"http:\/\/www.waltec.com.cn\/es\/producto\/ldq-150-low-speed-precision-cutting-machine\/\" \/>\r\n<meta property=\"og:site_name\" content=\"Jswaltec Testing machine\" \/>\r\n<meta property=\"article:modified_time\" content=\"2025-01-23T05:59:39+00:00\" \/>\r\n<meta property=\"og:image\" content=\"http:\/\/www.waltec.com.cn\/wp-content\/uploads\/2024\/12\/6897e5fd721e54.webp\" \/>\r\n\t<meta property=\"og:image:width\" content=\"451\" \/>\r\n\t<meta property=\"og:image:height\" content=\"406\" \/>\r\n\t<meta property=\"og:image:type\" content=\"image\/webp\" \/>\r\n<meta name=\"twitter:card\" content=\"summary_large_image\" \/>\r\n<meta name=\"twitter:label1\" content=\"Tiempo de lectura\" \/>\n\t<meta name=\"twitter:data1\" content=\"1 minuto\" \/>\r\n<script type=\"application\/ld+json\" class=\"yoast-schema-graph\">{\"@context\":\"https:\/\/schema.org\",\"@graph\":[{\"@type\":\"WebPage\",\"@id\":\"http:\/\/www.waltec.com.cn\/product\/ldq-150-low-speed-precision-cutting-machine\/\",\"url\":\"http:\/\/www.waltec.com.cn\/product\/ldq-150-low-speed-precision-cutting-machine\/\",\"name\":\"LDQ-150 low speed precision cutting machine - Jswaltec Testing machine\",\"isPartOf\":{\"@id\":\"http:\/\/www.waltec.com.cn\/#website\"},\"primaryImageOfPage\":{\"@id\":\"http:\/\/www.waltec.com.cn\/product\/ldq-150-low-speed-precision-cutting-machine\/#primaryimage\"},\"image\":{\"@id\":\"http:\/\/www.waltec.com.cn\/product\/ldq-150-low-speed-precision-cutting-machine\/#primaryimage\"},\"thumbnailUrl\":\"http:\/\/www.waltec.com.cn\/wp-content\/uploads\/2024\/12\/6897e5fd721e54.webp\",\"datePublished\":\"2024-12-03T08:03:02+00:00\",\"dateModified\":\"2025-01-23T05:59:39+00:00\",\"description\":\"LDQ-150 low speed precision cutting machine - LDQ-150 low speed precision cutting machine is suitable for all kinds of non-metallic materials, circuit boards and semiconductors, superhard materials and other precision cutting, cutting precision 0.01mm\",\"breadcrumb\":{\"@id\":\"http:\/\/www.waltec.com.cn\/product\/ldq-150-low-speed-precision-cutting-machine\/#breadcrumb\"},\"inLanguage\":\"es\",\"potentialAction\":[{\"@type\":\"ReadAction\",\"target\":[\"http:\/\/www.waltec.com.cn\/product\/ldq-150-low-speed-precision-cutting-machine\/\"]}]},{\"@type\":\"ImageObject\",\"inLanguage\":\"es\",\"@id\":\"http:\/\/www.waltec.com.cn\/product\/ldq-150-low-speed-precision-cutting-machine\/#primaryimage\",\"url\":\"http:\/\/www.waltec.com.cn\/wp-content\/uploads\/2024\/12\/6897e5fd721e54.webp\",\"contentUrl\":\"http:\/\/www.waltec.com.cn\/wp-content\/uploads\/2024\/12\/6897e5fd721e54.webp\",\"width\":451,\"height\":406},{\"@type\":\"BreadcrumbList\",\"@id\":\"http:\/\/www.waltec.com.cn\/product\/ldq-150-low-speed-precision-cutting-machine\/#breadcrumb\",\"itemListElement\":[{\"@type\":\"ListItem\",\"position\":1,\"name\":\"Home\",\"item\":\"http:\/\/www.waltec.com.cn\/\"},{\"@type\":\"ListItem\",\"position\":2,\"name\":\"Products\",\"item\":\"http:\/\/www.waltec.com.cn\/shop\/\"},{\"@type\":\"ListItem\",\"position\":3,\"name\":\"LDQ-150 low speed precision cutting machine\"}]},{\"@type\":\"WebSite\",\"@id\":\"http:\/\/www.waltec.com.cn\/#website\",\"url\":\"http:\/\/www.waltec.com.cn\/\",\"name\":\"Jswaltec Testing machine\",\"description\":\"\",\"publisher\":{\"@id\":\"http:\/\/www.waltec.com.cn\/#organization\"},\"potentialAction\":[{\"@type\":\"SearchAction\",\"target\":{\"@type\":\"EntryPoint\",\"urlTemplate\":\"http:\/\/www.waltec.com.cn\/?s={search_term_string}\"},\"query-input\":{\"@type\":\"PropertyValueSpecification\",\"valueRequired\":true,\"valueName\":\"search_term_string\"}}],\"inLanguage\":\"es\"},{\"@type\":\"Organization\",\"@id\":\"http:\/\/www.waltec.com.cn\/#organization\",\"name\":\"JIANGSU WALLONG-HSIN MACHINERY ENGINEERING CORPORATION LTD.\",\"url\":\"http:\/\/www.waltec.com.cn\/\",\"logo\":{\"@type\":\"ImageObject\",\"inLanguage\":\"es\",\"@id\":\"http:\/\/www.waltec.com.cn\/#\/schema\/logo\/image\/\",\"url\":\"http:\/\/www.waltec.com.cn\/wp-content\/uploads\/2024\/08\/01.jpg\",\"contentUrl\":\"http:\/\/www.waltec.com.cn\/wp-content\/uploads\/2024\/08\/01.jpg\",\"width\":1217,\"height\":221,\"caption\":\"JIANGSU WALLONG-HSIN MACHINERY ENGINEERING CORPORATION LTD.\"},\"image\":{\"@id\":\"http:\/\/www.waltec.com.cn\/#\/schema\/logo\/image\/\"}}]}<\/script>\r\n<!-- \/ Yoast SEO Premium plugin. -->","yoast_head_json":{"title":"LDQ-150 low speed precision cutting machine - Jswaltec Testing machine","description":"LDQ-150 low speed precision cutting machine - LDQ-150 low speed precision cutting machine is suitable for all kinds of non-metallic materials, circuit boards and semiconductors, superhard materials and other precision cutting, cutting precision 0.01mm","robots":{"index":"index","follow":"follow","max-snippet":"max-snippet:-1","max-image-preview":"max-image-preview:large","max-video-preview":"max-video-preview:-1"},"canonical":"http:\/\/www.waltec.com.cn\/es\/producto\/ldq-150-low-speed-precision-cutting-machine\/","og_locale":"es_ES","og_type":"article","og_title":"LDQ-150 low speed precision cutting machine","og_description":"LDQ-150 low speed precision cutting machine - LDQ-150 low speed precision cutting machine is suitable for all kinds of non-metallic materials, circuit boards and semiconductors, superhard materials and other precision cutting, cutting precision 0.01mm","og_url":"http:\/\/www.waltec.com.cn\/es\/producto\/ldq-150-low-speed-precision-cutting-machine\/","og_site_name":"Jswaltec Testing machine","article_modified_time":"2025-01-23T05:59:39+00:00","og_image":[{"width":451,"height":406,"url":"http:\/\/www.waltec.com.cn\/wp-content\/uploads\/2024\/12\/6897e5fd721e54.webp","type":"image\/webp"}],"twitter_card":"summary_large_image","twitter_misc":{"Tiempo de lectura":"1 minuto"},"schema":{"@context":"https:\/\/schema.org","@graph":[{"@type":"WebPage","@id":"http:\/\/www.waltec.com.cn\/product\/ldq-150-low-speed-precision-cutting-machine\/","url":"http:\/\/www.waltec.com.cn\/product\/ldq-150-low-speed-precision-cutting-machine\/","name":"LDQ-150 low speed precision cutting machine - Jswaltec Testing machine","isPartOf":{"@id":"http:\/\/www.waltec.com.cn\/#website"},"primaryImageOfPage":{"@id":"http:\/\/www.waltec.com.cn\/product\/ldq-150-low-speed-precision-cutting-machine\/#primaryimage"},"image":{"@id":"http:\/\/www.waltec.com.cn\/product\/ldq-150-low-speed-precision-cutting-machine\/#primaryimage"},"thumbnailUrl":"http:\/\/www.waltec.com.cn\/wp-content\/uploads\/2024\/12\/6897e5fd721e54.webp","datePublished":"2024-12-03T08:03:02+00:00","dateModified":"2025-01-23T05:59:39+00:00","description":"LDQ-150 low speed precision cutting machine - LDQ-150 low speed precision cutting machine is suitable for all kinds of non-metallic materials, circuit boards and semiconductors, superhard materials and other precision cutting, cutting precision 0.01mm","breadcrumb":{"@id":"http:\/\/www.waltec.com.cn\/product\/ldq-150-low-speed-precision-cutting-machine\/#breadcrumb"},"inLanguage":"es","potentialAction":[{"@type":"ReadAction","target":["http:\/\/www.waltec.com.cn\/product\/ldq-150-low-speed-precision-cutting-machine\/"]}]},{"@type":"ImageObject","inLanguage":"es","@id":"http:\/\/www.waltec.com.cn\/product\/ldq-150-low-speed-precision-cutting-machine\/#primaryimage","url":"http:\/\/www.waltec.com.cn\/wp-content\/uploads\/2024\/12\/6897e5fd721e54.webp","contentUrl":"http:\/\/www.waltec.com.cn\/wp-content\/uploads\/2024\/12\/6897e5fd721e54.webp","width":451,"height":406},{"@type":"BreadcrumbList","@id":"http:\/\/www.waltec.com.cn\/product\/ldq-150-low-speed-precision-cutting-machine\/#breadcrumb","itemListElement":[{"@type":"ListItem","position":1,"name":"Home","item":"http:\/\/www.waltec.com.cn\/"},{"@type":"ListItem","position":2,"name":"Products","item":"http:\/\/www.waltec.com.cn\/shop\/"},{"@type":"ListItem","position":3,"name":"LDQ-150 low speed precision cutting machine"}]},{"@type":"WebSite","@id":"http:\/\/www.waltec.com.cn\/#website","url":"http:\/\/www.waltec.com.cn\/","name":"Jswaltec Testing machine","description":"","publisher":{"@id":"http:\/\/www.waltec.com.cn\/#organization"},"potentialAction":[{"@type":"SearchAction","target":{"@type":"EntryPoint","urlTemplate":"http:\/\/www.waltec.com.cn\/?s={search_term_string}"},"query-input":{"@type":"PropertyValueSpecification","valueRequired":true,"valueName":"search_term_string"}}],"inLanguage":"es"},{"@type":"Organization","@id":"http:\/\/www.waltec.com.cn\/#organization","name":"JIANGSU WALLONG-HSIN MACHINERY ENGINEERING CORPORATION LTD.","url":"http:\/\/www.waltec.com.cn\/","logo":{"@type":"ImageObject","inLanguage":"es","@id":"http:\/\/www.waltec.com.cn\/#\/schema\/logo\/image\/","url":"http:\/\/www.waltec.com.cn\/wp-content\/uploads\/2024\/08\/01.jpg","contentUrl":"http:\/\/www.waltec.com.cn\/wp-content\/uploads\/2024\/08\/01.jpg","width":1217,"height":221,"caption":"JIANGSU WALLONG-HSIN MACHINERY ENGINEERING CORPORATION LTD."},"image":{"@id":"http:\/\/www.waltec.com.cn\/#\/schema\/logo\/image\/"}}]}},"uagb_featured_image_src":{"full":["http:\/\/www.waltec.com.cn\/wp-content\/uploads\/2024\/12\/6897e5fd721e54.webp",451,406,false],"thumbnail":["http:\/\/www.waltec.com.cn\/wp-content\/uploads\/2024\/12\/6897e5fd721e54.webp",150,135,false],"medium":["http:\/\/www.waltec.com.cn\/wp-content\/uploads\/2024\/12\/6897e5fd721e54.webp",300,270,false],"medium_large":["http:\/\/www.waltec.com.cn\/wp-content\/uploads\/2024\/12\/6897e5fd721e54.webp",451,406,false],"large":["http:\/\/www.waltec.com.cn\/wp-content\/uploads\/2024\/12\/6897e5fd721e54.webp",451,406,false],"1536x1536":["http:\/\/www.waltec.com.cn\/wp-content\/uploads\/2024\/12\/6897e5fd721e54.webp",451,406,false],"2048x2048":["http:\/\/www.waltec.com.cn\/wp-content\/uploads\/2024\/12\/6897e5fd721e54.webp",451,406,false],"trp-custom-language-flag":["http:\/\/www.waltec.com.cn\/wp-content\/uploads\/2024\/12\/6897e5fd721e54.webp",13,12,false],"woocommerce_thumbnail":["http:\/\/www.waltec.com.cn\/wp-content\/uploads\/2024\/12\/6897e5fd721e54-300x300.webp",300,300,true],"woocommerce_single":["http:\/\/www.waltec.com.cn\/wp-content\/uploads\/2024\/12\/6897e5fd721e54.webp",451,406,false],"woocommerce_gallery_thumbnail":["http:\/\/www.waltec.com.cn\/wp-content\/uploads\/2024\/12\/6897e5fd721e54-100x100.webp",100,100,true]},"uagb_author_info":{"display_name":"Jswaltec","author_link":"http:\/\/www.waltec.com.cn\/es\/author\/"},"uagb_comment_info":0,"uagb_excerpt":"LDQ-150 low speed precision cutting machine is suitable for all kinds of non-metallic materials, circuit boards and semiconductors, superhard materials and other precision cutting, cutting precision 0.01mm. The equipment is equipped with a variety of fixtures, can cut irregular shape of the workpiece, is the ideal precision cutting equipment for enterprises and scientific research institutions.&hellip;","_links":{"self":[{"href":"http:\/\/www.waltec.com.cn\/es\/wp-json\/wp\/v2\/product\/1980","targetHints":{"allow":["GET"]}}],"collection":[{"href":"http:\/\/www.waltec.com.cn\/es\/wp-json\/wp\/v2\/product"}],"about":[{"href":"http:\/\/www.waltec.com.cn\/es\/wp-json\/wp\/v2\/types\/product"}],"wp:featuredmedia":[{"embeddable":true,"href":"http:\/\/www.waltec.com.cn\/es\/wp-json\/wp\/v2\/media\/1981"}],"wp:attachment":[{"href":"http:\/\/www.waltec.com.cn\/es\/wp-json\/wp\/v2\/media?parent=1980"}],"wp:term":[{"taxonomy":"product_cat","embeddable":true,"href":"http:\/\/www.waltec.com.cn\/es\/wp-json\/wp\/v2\/product_cat?post=1980"},{"taxonomy":"product_tag","embeddable":true,"href":"http:\/\/www.waltec.com.cn\/es\/wp-json\/wp\/v2\/product_tag?post=1980"}],"curies":[{"name":"wp","href":"https:\/\/api.w.org\/{rel}","templated":true}]}}