{"id":1982,"date":"2024-12-03T16:43:09","date_gmt":"2024-12-03T08:43:09","guid":{"rendered":"http:\/\/www.waltec.com.cn\/?post_type=product&#038;p=1982"},"modified":"2025-01-23T14:00:38","modified_gmt":"2025-01-23T06:00:38","slug":"4xb-series-small-metallographic-microscope","status":"publish","type":"product","link":"http:\/\/www.waltec.com.cn\/es\/producto\/4xb-series-small-metallographic-microscope\/","title":{"rendered":"Microscopio metalogr\u00e1fico peque\u00f1o de la serie 4XB"},"content":{"rendered":"<p>El microscopio metalogr\u00e1fico peque\u00f1o de la serie 4XB es compacto, f\u00e1cil de usar, transportar y de usar en campo. Se utiliza ampliamente en f\u00e1bricas y laboratorios escolares para identificar y analizar la estructura de diversos metales y aleaciones.<\/p>\n<table>\n<tbody>\n<tr>\n<td colspan=\"2\" width=\"100.0000%\"><strong>principales par\u00e1metros t\u00e9cnicos<\/strong><\/td>\n<\/tr>\n<tr>\n<td width=\"25.0800%\">plano ocular:<\/td>\n<td width=\"74.9000%\">5X\/20 mm, 10X\/18 mm, 12,5X\/14 mm, ocular de campo plano dividido, 10X\/18 mm, precisi\u00f3n 0,1 mm<\/td>\n<\/tr>\n<tr>\n<td width=\"25.0800%\">objetivo de campo plano:<\/td>\n<td width=\"74.9000%\">10X\/0,25, 40X\/0,65 (resorte), 100X\/1,25 (sello de aceite con resorte)<\/td>\n<\/tr>\n<tr>\n<td width=\"25.0800%\"><\/td>\n<td width=\"74.9000%\">Etapa mec\u00e1nica de tres capas.<\/td>\n<\/tr>\n<tr>\n<td width=\"25.0800%\">dimensi\u00f3n externa:<\/td>\n<td width=\"74.9000%\">180mmX155mm<\/td>\n<\/tr>\n<tr>\n<td width=\"25.0800%\">movimiento de cambio:<\/td>\n<td width=\"74.9000%\">30mmX30mm<\/td>\n<\/tr>\n<tr>\n<td width=\"25.0800%\">Orificio interior del grupo de pel\u00edculas:<\/td>\n<td width=\"74.9000%\">\u00d810mm\u3001\u00d815mm\u3001\u00d820mm\u3001\u5404\u4e00<\/td>\n<\/tr>\n<tr>\n<td width=\"25.0800%\">rev\u00f3lver giratorio:<\/td>\n<td width=\"74.9000%\">Rodamiento de posicionamiento interno de bolas de 4 orificios, altura igual en la cara del extremo de 5 orificios, error inferior a 0,005 mm, error de coaxialidad inferior a 0,03 mm<\/td>\n<\/tr>\n<tr>\n<td width=\"25.0800%\">Lente de colecci\u00f3n:<\/td>\n<td width=\"74.9000%\">Condensador brillante NA1.25, con barra de luz de apertura ajustable, filtro azul, verde, amarillo y gris<\/td>\n<\/tr>\n<tr>\n<td width=\"25.0800%\">mecanismo de enfoque<\/p>\n<p>\uff1a<\/td>\n<td width=\"74.9000%\">Sistema operativo coaxial de ajuste fino grueso, recorrido de ajuste grueso de 30 mm, ajuste fino de 0,2 mm por revoluci\u00f3n, precisi\u00f3n de ajuste fino de 0,002 mm, con dispositivo de l\u00edmite de enfoque y mecanismo de tensi\u00f3n de enfoque de la platina no se desliza.<\/td>\n<\/tr>\n<tr>\n<td width=\"25.0800%\">Grupo de fuentes de luz:<\/td>\n<td width=\"74.9000%\">Sistema de iluminaci\u00f3n Cora, entrada 220V, salida l\u00e1mpara hal\u00f3gena de tungsteno 6V15W<\/td>\n<\/tr>\n<\/tbody>\n<\/table>","protected":false},"excerpt":{"rendered":"<p>4XB series small metallographic microscope structure is small, easy to use, easy to carry and field observation use. It can be widely used in factories and school laboratories to identify and analyze the structure of various metals and alloys. main technical parameters plane cocular\uff1a 5X\/20mm\u300110X\/18mm\u300112.5X\/14mm\u3001Flat field split eyepiece10X\/18mmprecision0.1mm flat-field objective\uff1a 10X\/0.25\u300140X\/0.65\uff08spring\uff09\u3001100X\/1.25\uff08spring-loaded oil seal \uff09 Three [&hellip;]<\/p>","protected":false},"featured_media":1983,"template":"","meta":{"_uag_custom_page_level_css":"","site-sidebar-layout":"default","site-content-layout":"","ast-site-content-layout":"default","site-content-style":"default","site-sidebar-style":"default","ast-global-header-display":"","ast-banner-title-visibility":"","ast-main-header-display":"","ast-hfb-above-header-display":"","ast-hfb-below-header-display":"","ast-hfb-mobile-header-display":"","site-post-title":"","ast-breadcrumbs-content":"","ast-featured-img":"","footer-sml-layout":"","theme-transparent-header-meta":"default","adv-header-id-meta":"","stick-header-meta":"","header-above-stick-meta":"","header-main-stick-meta":"","header-below-stick-meta":"","astra-migrate-meta-layouts":"set","ast-page-background-enabled":"default","ast-page-background-meta":{"desktop":{"background-color":"var(--ast-global-color-4)","background-image":"","background-repeat":"repeat","background-position":"center center","background-size":"auto","background-attachment":"scroll","background-type":"","background-media":"","overlay-type":"","overlay-color":"","overlay-opacity":"","overlay-gradient":""},"tablet":{"background-color":"","background-image":"","background-repeat":"repeat","background-position":"center center","background-size":"auto","background-attachment":"scroll","background-type":"","background-media":"","overlay-type":"","overlay-color":"","overlay-opacity":"","overlay-gradient":""},"mobile":{"background-color":"","background-image":"","background-repeat":"repeat","background-position":"center center","background-size":"auto","background-attachment":"scroll","background-type":"","background-media":"","overlay-type":"","overlay-color":"","overlay-opacity":"","overlay-gradient":""}},"ast-content-background-meta":{"desktop":{"background-color":"var(--ast-global-color-5)","background-image":"","background-repeat":"repeat","background-position":"center center","background-size":"auto","background-attachment":"scroll","background-type":"","background-media":"","overlay-type":"","overlay-color":"","overlay-opacity":"","overlay-gradient":""},"tablet":{"background-color":"var(--ast-global-color-5)","background-image":"","background-repeat":"repeat","background-position":"center center","background-size":"auto","background-attachment":"scroll","background-type":"","background-media":"","overlay-type":"","overlay-color":"","overlay-opacity":"","overlay-gradient":""},"mobile":{"background-color":"var(--ast-global-color-5)","background-image":"","background-repeat":"repeat","background-position":"center center","background-size":"auto","background-attachment":"scroll","background-type":"","background-media":"","overlay-type":"","overlay-color":"","overlay-opacity":"","overlay-gradient":""}}},"product_cat":[35],"product_tag":[],"class_list":{"0":"post-1982","1":"product","2":"type-product","3":"status-publish","4":"has-post-thumbnail","6":"product_cat-metallography","7":"desktop-align-left","8":"tablet-align-left","9":"mobile-align-left","11":"first","12":"instock","13":"shipping-taxable","14":"product-type-simple"},"yoast_head":"<!-- This site is optimized with the Yoast SEO Premium plugin v22.5 (Yoast SEO v24.3) - https:\/\/yoast.com\/wordpress\/plugins\/seo\/ -->\r\n<title>4XB series small metallographic microscope - Jswaltec Testing machine<\/title>\r\n<meta name=\"description\" content=\"4XB series small metallographic microscope - 4XB series small metallographic microscope structure is small, easy to use, easy to carry and field observation use.\" \/>\r\n<meta name=\"robots\" content=\"index, follow, max-snippet:-1, max-image-preview:large, max-video-preview:-1\" \/>\r\n<link rel=\"canonical\" href=\"http:\/\/www.waltec.com.cn\/es\/producto\/4xb-series-small-metallographic-microscope\/\" \/>\r\n<meta property=\"og:locale\" content=\"es_ES\" \/>\r\n<meta property=\"og:type\" content=\"article\" \/>\r\n<meta property=\"og:title\" content=\"4XB series small metallographic microscope\" \/>\r\n<meta property=\"og:description\" content=\"4XB series small metallographic microscope - 4XB series small metallographic microscope structure is small, easy to use, easy to carry and field observation use.\" \/>\r\n<meta property=\"og:url\" content=\"http:\/\/www.waltec.com.cn\/es\/producto\/4xb-series-small-metallographic-microscope\/\" \/>\r\n<meta property=\"og:site_name\" content=\"Jswaltec Testing machine\" \/>\r\n<meta property=\"article:modified_time\" content=\"2025-01-23T06:00:38+00:00\" \/>\r\n<meta property=\"og:image\" content=\"http:\/\/www.waltec.com.cn\/wp-content\/uploads\/2024\/12\/a4990b47ff2dac.webp\" \/>\r\n\t<meta property=\"og:image:width\" content=\"448\" \/>\r\n\t<meta property=\"og:image:height\" content=\"344\" \/>\r\n\t<meta property=\"og:image:type\" content=\"image\/webp\" \/>\r\n<meta name=\"twitter:card\" content=\"summary_large_image\" \/>\r\n<meta name=\"twitter:label1\" content=\"Tiempo de lectura\" \/>\n\t<meta name=\"twitter:data1\" content=\"1 minuto\" \/>\r\n<script type=\"application\/ld+json\" class=\"yoast-schema-graph\">{\"@context\":\"https:\/\/schema.org\",\"@graph\":[{\"@type\":\"WebPage\",\"@id\":\"http:\/\/www.waltec.com.cn\/product\/4xb-series-small-metallographic-microscope\/\",\"url\":\"http:\/\/www.waltec.com.cn\/product\/4xb-series-small-metallographic-microscope\/\",\"name\":\"4XB series small metallographic microscope - Jswaltec Testing machine\",\"isPartOf\":{\"@id\":\"http:\/\/www.waltec.com.cn\/#website\"},\"primaryImageOfPage\":{\"@id\":\"http:\/\/www.waltec.com.cn\/product\/4xb-series-small-metallographic-microscope\/#primaryimage\"},\"image\":{\"@id\":\"http:\/\/www.waltec.com.cn\/product\/4xb-series-small-metallographic-microscope\/#primaryimage\"},\"thumbnailUrl\":\"http:\/\/www.waltec.com.cn\/wp-content\/uploads\/2024\/12\/a4990b47ff2dac.webp\",\"datePublished\":\"2024-12-03T08:43:09+00:00\",\"dateModified\":\"2025-01-23T06:00:38+00:00\",\"description\":\"4XB series small metallographic microscope - 4XB series small metallographic microscope structure is small, easy to use, easy to carry and field observation use.\",\"breadcrumb\":{\"@id\":\"http:\/\/www.waltec.com.cn\/product\/4xb-series-small-metallographic-microscope\/#breadcrumb\"},\"inLanguage\":\"es\",\"potentialAction\":[{\"@type\":\"ReadAction\",\"target\":[\"http:\/\/www.waltec.com.cn\/product\/4xb-series-small-metallographic-microscope\/\"]}]},{\"@type\":\"ImageObject\",\"inLanguage\":\"es\",\"@id\":\"http:\/\/www.waltec.com.cn\/product\/4xb-series-small-metallographic-microscope\/#primaryimage\",\"url\":\"http:\/\/www.waltec.com.cn\/wp-content\/uploads\/2024\/12\/a4990b47ff2dac.webp\",\"contentUrl\":\"http:\/\/www.waltec.com.cn\/wp-content\/uploads\/2024\/12\/a4990b47ff2dac.webp\",\"width\":448,\"height\":344},{\"@type\":\"BreadcrumbList\",\"@id\":\"http:\/\/www.waltec.com.cn\/product\/4xb-series-small-metallographic-microscope\/#breadcrumb\",\"itemListElement\":[{\"@type\":\"ListItem\",\"position\":1,\"name\":\"Home\",\"item\":\"http:\/\/www.waltec.com.cn\/\"},{\"@type\":\"ListItem\",\"position\":2,\"name\":\"Products\",\"item\":\"http:\/\/www.waltec.com.cn\/shop\/\"},{\"@type\":\"ListItem\",\"position\":3,\"name\":\"4XB series small metallographic microscope\"}]},{\"@type\":\"WebSite\",\"@id\":\"http:\/\/www.waltec.com.cn\/#website\",\"url\":\"http:\/\/www.waltec.com.cn\/\",\"name\":\"Jswaltec Testing machine\",\"description\":\"\",\"publisher\":{\"@id\":\"http:\/\/www.waltec.com.cn\/#organization\"},\"potentialAction\":[{\"@type\":\"SearchAction\",\"target\":{\"@type\":\"EntryPoint\",\"urlTemplate\":\"http:\/\/www.waltec.com.cn\/?s={search_term_string}\"},\"query-input\":{\"@type\":\"PropertyValueSpecification\",\"valueRequired\":true,\"valueName\":\"search_term_string\"}}],\"inLanguage\":\"es\"},{\"@type\":\"Organization\",\"@id\":\"http:\/\/www.waltec.com.cn\/#organization\",\"name\":\"JIANGSU WALLONG-HSIN MACHINERY ENGINEERING CORPORATION LTD.\",\"url\":\"http:\/\/www.waltec.com.cn\/\",\"logo\":{\"@type\":\"ImageObject\",\"inLanguage\":\"es\",\"@id\":\"http:\/\/www.waltec.com.cn\/#\/schema\/logo\/image\/\",\"url\":\"http:\/\/www.waltec.com.cn\/wp-content\/uploads\/2024\/08\/01.jpg\",\"contentUrl\":\"http:\/\/www.waltec.com.cn\/wp-content\/uploads\/2024\/08\/01.jpg\",\"width\":1217,\"height\":221,\"caption\":\"JIANGSU WALLONG-HSIN MACHINERY ENGINEERING CORPORATION LTD.\"},\"image\":{\"@id\":\"http:\/\/www.waltec.com.cn\/#\/schema\/logo\/image\/\"}}]}<\/script>\r\n<!-- \/ Yoast SEO Premium plugin. -->","yoast_head_json":{"title":"4XB series small metallographic microscope - Jswaltec Testing machine","description":"4XB series small metallographic microscope - 4XB series small metallographic microscope structure is small, easy to use, easy to carry and field observation use.","robots":{"index":"index","follow":"follow","max-snippet":"max-snippet:-1","max-image-preview":"max-image-preview:large","max-video-preview":"max-video-preview:-1"},"canonical":"http:\/\/www.waltec.com.cn\/es\/producto\/4xb-series-small-metallographic-microscope\/","og_locale":"es_ES","og_type":"article","og_title":"4XB series small metallographic microscope","og_description":"4XB series small metallographic microscope - 4XB series small metallographic microscope structure is small, easy to use, easy to carry and field observation use.","og_url":"http:\/\/www.waltec.com.cn\/es\/producto\/4xb-series-small-metallographic-microscope\/","og_site_name":"Jswaltec Testing machine","article_modified_time":"2025-01-23T06:00:38+00:00","og_image":[{"width":448,"height":344,"url":"http:\/\/www.waltec.com.cn\/wp-content\/uploads\/2024\/12\/a4990b47ff2dac.webp","type":"image\/webp"}],"twitter_card":"summary_large_image","twitter_misc":{"Tiempo de lectura":"1 minuto"},"schema":{"@context":"https:\/\/schema.org","@graph":[{"@type":"WebPage","@id":"http:\/\/www.waltec.com.cn\/product\/4xb-series-small-metallographic-microscope\/","url":"http:\/\/www.waltec.com.cn\/product\/4xb-series-small-metallographic-microscope\/","name":"4XB series small metallographic microscope - Jswaltec Testing machine","isPartOf":{"@id":"http:\/\/www.waltec.com.cn\/#website"},"primaryImageOfPage":{"@id":"http:\/\/www.waltec.com.cn\/product\/4xb-series-small-metallographic-microscope\/#primaryimage"},"image":{"@id":"http:\/\/www.waltec.com.cn\/product\/4xb-series-small-metallographic-microscope\/#primaryimage"},"thumbnailUrl":"http:\/\/www.waltec.com.cn\/wp-content\/uploads\/2024\/12\/a4990b47ff2dac.webp","datePublished":"2024-12-03T08:43:09+00:00","dateModified":"2025-01-23T06:00:38+00:00","description":"4XB series small metallographic microscope - 4XB series small metallographic microscope structure is small, easy to use, easy to carry and field observation use.","breadcrumb":{"@id":"http:\/\/www.waltec.com.cn\/product\/4xb-series-small-metallographic-microscope\/#breadcrumb"},"inLanguage":"es","potentialAction":[{"@type":"ReadAction","target":["http:\/\/www.waltec.com.cn\/product\/4xb-series-small-metallographic-microscope\/"]}]},{"@type":"ImageObject","inLanguage":"es","@id":"http:\/\/www.waltec.com.cn\/product\/4xb-series-small-metallographic-microscope\/#primaryimage","url":"http:\/\/www.waltec.com.cn\/wp-content\/uploads\/2024\/12\/a4990b47ff2dac.webp","contentUrl":"http:\/\/www.waltec.com.cn\/wp-content\/uploads\/2024\/12\/a4990b47ff2dac.webp","width":448,"height":344},{"@type":"BreadcrumbList","@id":"http:\/\/www.waltec.com.cn\/product\/4xb-series-small-metallographic-microscope\/#breadcrumb","itemListElement":[{"@type":"ListItem","position":1,"name":"Home","item":"http:\/\/www.waltec.com.cn\/"},{"@type":"ListItem","position":2,"name":"Products","item":"http:\/\/www.waltec.com.cn\/shop\/"},{"@type":"ListItem","position":3,"name":"4XB series small metallographic microscope"}]},{"@type":"WebSite","@id":"http:\/\/www.waltec.com.cn\/#website","url":"http:\/\/www.waltec.com.cn\/","name":"Jswaltec Testing machine","description":"","publisher":{"@id":"http:\/\/www.waltec.com.cn\/#organization"},"potentialAction":[{"@type":"SearchAction","target":{"@type":"EntryPoint","urlTemplate":"http:\/\/www.waltec.com.cn\/?s={search_term_string}"},"query-input":{"@type":"PropertyValueSpecification","valueRequired":true,"valueName":"search_term_string"}}],"inLanguage":"es"},{"@type":"Organization","@id":"http:\/\/www.waltec.com.cn\/#organization","name":"JIANGSU WALLONG-HSIN MACHINERY ENGINEERING CORPORATION LTD.","url":"http:\/\/www.waltec.com.cn\/","logo":{"@type":"ImageObject","inLanguage":"es","@id":"http:\/\/www.waltec.com.cn\/#\/schema\/logo\/image\/","url":"http:\/\/www.waltec.com.cn\/wp-content\/uploads\/2024\/08\/01.jpg","contentUrl":"http:\/\/www.waltec.com.cn\/wp-content\/uploads\/2024\/08\/01.jpg","width":1217,"height":221,"caption":"JIANGSU WALLONG-HSIN MACHINERY ENGINEERING CORPORATION LTD."},"image":{"@id":"http:\/\/www.waltec.com.cn\/#\/schema\/logo\/image\/"}}]}},"uagb_featured_image_src":{"full":["http:\/\/www.waltec.com.cn\/wp-content\/uploads\/2024\/12\/a4990b47ff2dac.webp",448,344,false],"thumbnail":["http:\/\/www.waltec.com.cn\/wp-content\/uploads\/2024\/12\/a4990b47ff2dac.webp",150,115,false],"medium":["http:\/\/www.waltec.com.cn\/wp-content\/uploads\/2024\/12\/a4990b47ff2dac.webp",300,230,false],"medium_large":["http:\/\/www.waltec.com.cn\/wp-content\/uploads\/2024\/12\/a4990b47ff2dac.webp",448,344,false],"large":["http:\/\/www.waltec.com.cn\/wp-content\/uploads\/2024\/12\/a4990b47ff2dac.webp",448,344,false],"1536x1536":["http:\/\/www.waltec.com.cn\/wp-content\/uploads\/2024\/12\/a4990b47ff2dac.webp",448,344,false],"2048x2048":["http:\/\/www.waltec.com.cn\/wp-content\/uploads\/2024\/12\/a4990b47ff2dac.webp",448,344,false],"trp-custom-language-flag":["http:\/\/www.waltec.com.cn\/wp-content\/uploads\/2024\/12\/a4990b47ff2dac.webp",16,12,false],"woocommerce_thumbnail":["http:\/\/www.waltec.com.cn\/wp-content\/uploads\/2024\/12\/a4990b47ff2dac-300x300.webp",300,300,true],"woocommerce_single":["http:\/\/www.waltec.com.cn\/wp-content\/uploads\/2024\/12\/a4990b47ff2dac.webp",448,344,false],"woocommerce_gallery_thumbnail":["http:\/\/www.waltec.com.cn\/wp-content\/uploads\/2024\/12\/a4990b47ff2dac-100x100.webp",100,100,true]},"uagb_author_info":{"display_name":"Jswaltec","author_link":"http:\/\/www.waltec.com.cn\/es\/author\/"},"uagb_comment_info":0,"uagb_excerpt":"4XB series small metallographic microscope structure is small, easy to use, easy to carry and field observation use. It can be widely used in factories and school laboratories to identify and analyze the structure of various metals and alloys. main technical parameters plane cocular\uff1a 5X\/20mm\u300110X\/18mm\u300112.5X\/14mm\u3001Flat field split eyepiece10X\/18mmprecision0.1mm flat-field objective\uff1a 10X\/0.25\u300140X\/0.65\uff08spring\uff09\u3001100X\/1.25\uff08spring-loaded oil seal \uff09 Three&hellip;","_links":{"self":[{"href":"http:\/\/www.waltec.com.cn\/es\/wp-json\/wp\/v2\/product\/1982","targetHints":{"allow":["GET"]}}],"collection":[{"href":"http:\/\/www.waltec.com.cn\/es\/wp-json\/wp\/v2\/product"}],"about":[{"href":"http:\/\/www.waltec.com.cn\/es\/wp-json\/wp\/v2\/types\/product"}],"wp:featuredmedia":[{"embeddable":true,"href":"http:\/\/www.waltec.com.cn\/es\/wp-json\/wp\/v2\/media\/1983"}],"wp:attachment":[{"href":"http:\/\/www.waltec.com.cn\/es\/wp-json\/wp\/v2\/media?parent=1982"}],"wp:term":[{"taxonomy":"product_cat","embeddable":true,"href":"http:\/\/www.waltec.com.cn\/es\/wp-json\/wp\/v2\/product_cat?post=1982"},{"taxonomy":"product_tag","embeddable":true,"href":"http:\/\/www.waltec.com.cn\/es\/wp-json\/wp\/v2\/product_tag?post=1982"}],"curies":[{"name":"wp","href":"https:\/\/api.w.org\/{rel}","templated":true}]}}