{"id":1984,"date":"2024-12-03T16:45:11","date_gmt":"2024-12-03T08:45:11","guid":{"rendered":"http:\/\/www.waltec.com.cn\/?post_type=product&#038;p=1984"},"modified":"2025-01-23T14:02:31","modified_gmt":"2025-01-23T06:02:31","slug":"4xc-tv-series-small-metallographic-microscope","status":"publish","type":"product","link":"http:\/\/www.waltec.com.cn\/es\/producto\/4xc-tv-series-small-metallographic-microscope\/","title":{"rendered":"Microscopio metalogr\u00e1fico peque\u00f1o de la serie 4XC-TV"},"content":{"rendered":"<p>El microscopio metalogr\u00e1fico 4XC-TV se utiliza principalmente para identificar y analizar la estructura interna de la organizaci\u00f3n met\u00e1lica. Es un instrumento importante para la investigaci\u00f3n metalogr\u00e1fica y el equipo ideal en el sector industrial para identificar la calidad de los productos. Se utiliza principalmente para identificar y analizar la estructura organizativa de diversos metales y aleaciones. Se utiliza en f\u00e1bricas o laboratorios para la identificaci\u00f3n de la calidad de las fundiciones. Tambi\u00e9n se utiliza para la inspecci\u00f3n de materias primas o el estudio y an\u00e1lisis de la estructura metalogr\u00e1fica tras el tratamiento de materiales.<\/p>\n<table>\n<tbody>\n<tr>\n<td colspan=\"2\" width=\"100.0000%\"><strong>principales par\u00e1metros t\u00e9cnicos<\/strong>\uff1a<\/td>\n<\/tr>\n<tr>\n<td width=\"20.7000%\">aumento total:<\/td>\n<td width=\"79.2800%\">100X-1000X<\/p>\n<p>&nbsp;<\/td>\n<\/tr>\n<tr>\n<td width=\"20.7000%\">Ampliaci\u00f3n del sistema:<\/td>\n<td width=\"79.2800%\">100X-2600X<\/td>\n<\/tr>\n<tr>\n<td width=\"20.7000%\">tabla de objetivos:<\/td>\n<td width=\"79.2800%\">Mesa cuadrada de 152\u00d700 mm<\/td>\n<\/tr>\n<tr>\n<td width=\"20.7000%\">sistema de enfoque:<\/td>\n<td width=\"79.2800%\">Fretting grueso coaxial con dispositivo limitador y de ajuste de tensi\u00f3n, valor de celda de fretting 0,002 mm<\/td>\n<\/tr>\n<tr>\n<td width=\"20.7000%\">Rango de ajuste de la distancia entre pupilas:<\/td>\n<td width=\"79.2800%\">53-75mm<\/td>\n<\/tr>\n<tr>\n<td width=\"20.7000%\">filtro de color:<\/td>\n<td width=\"79.2800%\">Yellow, green, blue<\/td>\n<\/tr>\n<tr>\n<td width=\"20.7000%\">sistema de iluminaci\u00f3n:<\/td>\n<td width=\"79.2800%\">Linterna de haluro de 6 V\/20 W, brillo ajustable, comunicaci\u00f3n 220 V (50 Hz)<\/td>\n<\/tr>\n<tr>\n<td width=\"20.7000%\">Sistema de protecci\u00f3n contra el moho:<\/td>\n<td width=\"79.2800%\">Funci\u00f3n \u00fanica antimoho<\/td>\n<\/tr>\n<tr>\n<td width=\"20.7000%\">system composition\uff1a<\/td>\n<td width=\"79.2800%\">Microscopio metalogr\u00e1fico tipo computadora (4XC-TV): 1, microscopio metalogr\u00e1fico 2, espejo adaptativo 3, c\u00e1mara (CCD) 4, A\/D (adquisici\u00f3n de im\u00e1genes) 5, computadora (configurable)<\/td>\n<\/tr>\n<\/tbody>\n<\/table>\n<p>&nbsp;<\/p>","protected":false},"excerpt":{"rendered":"<p>4XC-TV metallographic microscope is mainly used to identify and analyze the internal structure of metal organization, it is an important instrument for metallography research, is the ideal equipment for industrial sector to identify product quality, mainly used to identify and analyze the organizational structure of various metals and alloys, used in factories or laboratories for [&hellip;]<\/p>","protected":false},"featured_media":1985,"template":"","meta":{"_uag_custom_page_level_css":"","site-sidebar-layout":"default","site-content-layout":"","ast-site-content-layout":"default","site-content-style":"default","site-sidebar-style":"default","ast-global-header-display":"","ast-banner-title-visibility":"","ast-main-header-display":"","ast-hfb-above-header-display":"","ast-hfb-below-header-display":"","ast-hfb-mobile-header-display":"","site-post-title":"","ast-breadcrumbs-content":"","ast-featured-img":"","footer-sml-layout":"","theme-transparent-header-meta":"default","adv-header-id-meta":"","stick-header-meta":"","header-above-stick-meta":"","header-main-stick-meta":"","header-below-stick-meta":"","astra-migrate-meta-layouts":"set","ast-page-background-enabled":"default","ast-page-background-meta":{"desktop":{"background-color":"var(--ast-global-color-4)","background-image":"","background-repeat":"repeat","background-position":"center center","background-size":"auto","background-attachment":"scroll","background-type":"","background-media":"","overlay-type":"","overlay-color":"","overlay-opacity":"","overlay-gradient":""},"tablet":{"background-color":"","background-image":"","background-repeat":"repeat","background-position":"center center","background-size":"auto","background-attachment":"scroll","background-type":"","background-media":"","overlay-type":"","overlay-color":"","overlay-opacity":"","overlay-gradient":""},"mobile":{"background-color":"","background-image":"","background-repeat":"repeat","background-position":"center center","background-size":"auto","background-attachment":"scroll","background-type":"","background-media":"","overlay-type":"","overlay-color":"","overlay-opacity":"","overlay-gradient":""}},"ast-content-background-meta":{"desktop":{"background-color":"var(--ast-global-color-5)","background-image":"","background-repeat":"repeat","background-position":"center center","background-size":"auto","background-attachment":"scroll","background-type":"","background-media":"","overlay-type":"","overlay-color":"","overlay-opacity":"","overlay-gradient":""},"tablet":{"background-color":"var(--ast-global-color-5)","background-image":"","background-repeat":"repeat","background-position":"center center","background-size":"auto","background-attachment":"scroll","background-type":"","background-media":"","overlay-type":"","overlay-color":"","overlay-opacity":"","overlay-gradient":""},"mobile":{"background-color":"var(--ast-global-color-5)","background-image":"","background-repeat":"repeat","background-position":"center center","background-size":"auto","background-attachment":"scroll","background-type":"","background-media":"","overlay-type":"","overlay-color":"","overlay-opacity":"","overlay-gradient":""}}},"product_cat":[35],"product_tag":[],"class_list":{"0":"post-1984","1":"product","2":"type-product","3":"status-publish","4":"has-post-thumbnail","6":"product_cat-metallography","7":"desktop-align-left","8":"tablet-align-left","9":"mobile-align-left","11":"first","12":"instock","13":"shipping-taxable","14":"product-type-simple"},"yoast_head":"<!-- This site is optimized with the Yoast SEO Premium plugin v22.5 (Yoast SEO v24.3) - https:\/\/yoast.com\/wordpress\/plugins\/seo\/ -->\r\n<title>4XC-TV series small metallographic microscope - Jswaltec Testing machine<\/title>\r\n<meta name=\"description\" content=\"4XC-TV series small metallographic microscope - 4XC-TV metallographic microscope is mainly used to identify and analyze the internal structure of metal organization, it is an important instrument for metallography research, is the ideal equipment for industrial sector to identify product quality, mainly used to identify and analyze the organizational structure of various metals and alloys, used in factories or laboratories for casting quality identification.\" \/>\r\n<meta name=\"robots\" content=\"index, follow, max-snippet:-1, max-image-preview:large, max-video-preview:-1\" \/>\r\n<link rel=\"canonical\" href=\"http:\/\/www.waltec.com.cn\/es\/producto\/4xc-tv-series-small-metallographic-microscope\/\" \/>\r\n<meta property=\"og:locale\" content=\"es_ES\" \/>\r\n<meta property=\"og:type\" content=\"article\" \/>\r\n<meta property=\"og:title\" content=\"4XC-TV series small metallographic microscope\" \/>\r\n<meta property=\"og:description\" content=\"4XC-TV series small metallographic microscope - 4XC-TV metallographic microscope is mainly used to identify and analyze the internal structure of metal organization, it is an important instrument for metallography research, is the ideal equipment for industrial sector to identify product quality, mainly used to identify and analyze the organizational structure of various metals and alloys, used in factories or laboratories for casting quality identification.\" \/>\r\n<meta property=\"og:url\" content=\"http:\/\/www.waltec.com.cn\/es\/producto\/4xc-tv-series-small-metallographic-microscope\/\" \/>\r\n<meta property=\"og:site_name\" content=\"Jswaltec Testing machine\" \/>\r\n<meta property=\"article:modified_time\" content=\"2025-01-23T06:02:31+00:00\" \/>\r\n<meta property=\"og:image\" content=\"http:\/\/www.waltec.com.cn\/wp-content\/uploads\/2024\/12\/ae00727f94ef18.webp\" \/>\r\n\t<meta property=\"og:image:width\" content=\"448\" \/>\r\n\t<meta property=\"og:image:height\" content=\"356\" \/>\r\n\t<meta property=\"og:image:type\" content=\"image\/webp\" \/>\r\n<meta name=\"twitter:card\" content=\"summary_large_image\" \/>\r\n<meta name=\"twitter:label1\" content=\"Tiempo de lectura\" \/>\n\t<meta name=\"twitter:data1\" content=\"1 minuto\" \/>\r\n<script type=\"application\/ld+json\" class=\"yoast-schema-graph\">{\"@context\":\"https:\/\/schema.org\",\"@graph\":[{\"@type\":\"WebPage\",\"@id\":\"http:\/\/www.waltec.com.cn\/product\/4xc-tv-series-small-metallographic-microscope\/\",\"url\":\"http:\/\/www.waltec.com.cn\/product\/4xc-tv-series-small-metallographic-microscope\/\",\"name\":\"4XC-TV series small metallographic microscope - Jswaltec Testing machine\",\"isPartOf\":{\"@id\":\"http:\/\/www.waltec.com.cn\/#website\"},\"primaryImageOfPage\":{\"@id\":\"http:\/\/www.waltec.com.cn\/product\/4xc-tv-series-small-metallographic-microscope\/#primaryimage\"},\"image\":{\"@id\":\"http:\/\/www.waltec.com.cn\/product\/4xc-tv-series-small-metallographic-microscope\/#primaryimage\"},\"thumbnailUrl\":\"http:\/\/www.waltec.com.cn\/wp-content\/uploads\/2024\/12\/ae00727f94ef18.webp\",\"datePublished\":\"2024-12-03T08:45:11+00:00\",\"dateModified\":\"2025-01-23T06:02:31+00:00\",\"description\":\"4XC-TV series small metallographic microscope - 4XC-TV metallographic microscope is mainly used to identify and analyze the internal structure of metal organization, it is an important instrument for metallography research, is the ideal equipment for industrial sector to identify product quality, mainly used to identify and analyze the organizational structure of various metals and alloys, used in factories or laboratories for casting quality identification.\",\"breadcrumb\":{\"@id\":\"http:\/\/www.waltec.com.cn\/product\/4xc-tv-series-small-metallographic-microscope\/#breadcrumb\"},\"inLanguage\":\"es\",\"potentialAction\":[{\"@type\":\"ReadAction\",\"target\":[\"http:\/\/www.waltec.com.cn\/product\/4xc-tv-series-small-metallographic-microscope\/\"]}]},{\"@type\":\"ImageObject\",\"inLanguage\":\"es\",\"@id\":\"http:\/\/www.waltec.com.cn\/product\/4xc-tv-series-small-metallographic-microscope\/#primaryimage\",\"url\":\"http:\/\/www.waltec.com.cn\/wp-content\/uploads\/2024\/12\/ae00727f94ef18.webp\",\"contentUrl\":\"http:\/\/www.waltec.com.cn\/wp-content\/uploads\/2024\/12\/ae00727f94ef18.webp\",\"width\":448,\"height\":356},{\"@type\":\"BreadcrumbList\",\"@id\":\"http:\/\/www.waltec.com.cn\/product\/4xc-tv-series-small-metallographic-microscope\/#breadcrumb\",\"itemListElement\":[{\"@type\":\"ListItem\",\"position\":1,\"name\":\"Home\",\"item\":\"http:\/\/www.waltec.com.cn\/\"},{\"@type\":\"ListItem\",\"position\":2,\"name\":\"Products\",\"item\":\"http:\/\/www.waltec.com.cn\/shop\/\"},{\"@type\":\"ListItem\",\"position\":3,\"name\":\"4XC-TV series small metallographic microscope\"}]},{\"@type\":\"WebSite\",\"@id\":\"http:\/\/www.waltec.com.cn\/#website\",\"url\":\"http:\/\/www.waltec.com.cn\/\",\"name\":\"Jswaltec Testing machine\",\"description\":\"\",\"publisher\":{\"@id\":\"http:\/\/www.waltec.com.cn\/#organization\"},\"potentialAction\":[{\"@type\":\"SearchAction\",\"target\":{\"@type\":\"EntryPoint\",\"urlTemplate\":\"http:\/\/www.waltec.com.cn\/?s={search_term_string}\"},\"query-input\":{\"@type\":\"PropertyValueSpecification\",\"valueRequired\":true,\"valueName\":\"search_term_string\"}}],\"inLanguage\":\"es\"},{\"@type\":\"Organization\",\"@id\":\"http:\/\/www.waltec.com.cn\/#organization\",\"name\":\"JIANGSU WALLONG-HSIN MACHINERY ENGINEERING CORPORATION LTD.\",\"url\":\"http:\/\/www.waltec.com.cn\/\",\"logo\":{\"@type\":\"ImageObject\",\"inLanguage\":\"es\",\"@id\":\"http:\/\/www.waltec.com.cn\/#\/schema\/logo\/image\/\",\"url\":\"http:\/\/www.waltec.com.cn\/wp-content\/uploads\/2024\/08\/01.jpg\",\"contentUrl\":\"http:\/\/www.waltec.com.cn\/wp-content\/uploads\/2024\/08\/01.jpg\",\"width\":1217,\"height\":221,\"caption\":\"JIANGSU WALLONG-HSIN MACHINERY ENGINEERING CORPORATION LTD.\"},\"image\":{\"@id\":\"http:\/\/www.waltec.com.cn\/#\/schema\/logo\/image\/\"}}]}<\/script>\r\n<!-- \/ Yoast SEO Premium plugin. -->","yoast_head_json":{"title":"4XC-TV series small metallographic microscope - Jswaltec Testing machine","description":"4XC-TV series small metallographic microscope - 4XC-TV metallographic microscope is mainly used to identify and analyze the internal structure of metal organization, it is an important instrument for metallography research, is the ideal equipment for industrial sector to identify product quality, mainly used to identify and analyze the organizational structure of various metals and alloys, used in factories or laboratories for casting quality identification.","robots":{"index":"index","follow":"follow","max-snippet":"max-snippet:-1","max-image-preview":"max-image-preview:large","max-video-preview":"max-video-preview:-1"},"canonical":"http:\/\/www.waltec.com.cn\/es\/producto\/4xc-tv-series-small-metallographic-microscope\/","og_locale":"es_ES","og_type":"article","og_title":"4XC-TV series small metallographic microscope","og_description":"4XC-TV series small metallographic microscope - 4XC-TV metallographic microscope is mainly used to identify and analyze the internal structure of metal organization, it is an important instrument for metallography research, is the ideal equipment for industrial sector to identify product quality, mainly used to identify and analyze the organizational structure of various metals and alloys, used in factories or laboratories for casting quality identification.","og_url":"http:\/\/www.waltec.com.cn\/es\/producto\/4xc-tv-series-small-metallographic-microscope\/","og_site_name":"Jswaltec Testing machine","article_modified_time":"2025-01-23T06:02:31+00:00","og_image":[{"width":448,"height":356,"url":"http:\/\/www.waltec.com.cn\/wp-content\/uploads\/2024\/12\/ae00727f94ef18.webp","type":"image\/webp"}],"twitter_card":"summary_large_image","twitter_misc":{"Tiempo de lectura":"1 minuto"},"schema":{"@context":"https:\/\/schema.org","@graph":[{"@type":"WebPage","@id":"http:\/\/www.waltec.com.cn\/product\/4xc-tv-series-small-metallographic-microscope\/","url":"http:\/\/www.waltec.com.cn\/product\/4xc-tv-series-small-metallographic-microscope\/","name":"4XC-TV series small metallographic microscope - Jswaltec Testing machine","isPartOf":{"@id":"http:\/\/www.waltec.com.cn\/#website"},"primaryImageOfPage":{"@id":"http:\/\/www.waltec.com.cn\/product\/4xc-tv-series-small-metallographic-microscope\/#primaryimage"},"image":{"@id":"http:\/\/www.waltec.com.cn\/product\/4xc-tv-series-small-metallographic-microscope\/#primaryimage"},"thumbnailUrl":"http:\/\/www.waltec.com.cn\/wp-content\/uploads\/2024\/12\/ae00727f94ef18.webp","datePublished":"2024-12-03T08:45:11+00:00","dateModified":"2025-01-23T06:02:31+00:00","description":"4XC-TV series small metallographic microscope - 4XC-TV metallographic microscope is mainly used to identify and analyze the internal structure of metal organization, it is an important instrument for metallography research, is the ideal equipment for industrial sector to identify product quality, mainly used to identify and analyze the organizational structure of various metals and alloys, used in factories or laboratories for casting quality identification.","breadcrumb":{"@id":"http:\/\/www.waltec.com.cn\/product\/4xc-tv-series-small-metallographic-microscope\/#breadcrumb"},"inLanguage":"es","potentialAction":[{"@type":"ReadAction","target":["http:\/\/www.waltec.com.cn\/product\/4xc-tv-series-small-metallographic-microscope\/"]}]},{"@type":"ImageObject","inLanguage":"es","@id":"http:\/\/www.waltec.com.cn\/product\/4xc-tv-series-small-metallographic-microscope\/#primaryimage","url":"http:\/\/www.waltec.com.cn\/wp-content\/uploads\/2024\/12\/ae00727f94ef18.webp","contentUrl":"http:\/\/www.waltec.com.cn\/wp-content\/uploads\/2024\/12\/ae00727f94ef18.webp","width":448,"height":356},{"@type":"BreadcrumbList","@id":"http:\/\/www.waltec.com.cn\/product\/4xc-tv-series-small-metallographic-microscope\/#breadcrumb","itemListElement":[{"@type":"ListItem","position":1,"name":"Home","item":"http:\/\/www.waltec.com.cn\/"},{"@type":"ListItem","position":2,"name":"Products","item":"http:\/\/www.waltec.com.cn\/shop\/"},{"@type":"ListItem","position":3,"name":"4XC-TV series small metallographic microscope"}]},{"@type":"WebSite","@id":"http:\/\/www.waltec.com.cn\/#website","url":"http:\/\/www.waltec.com.cn\/","name":"Jswaltec Testing machine","description":"","publisher":{"@id":"http:\/\/www.waltec.com.cn\/#organization"},"potentialAction":[{"@type":"SearchAction","target":{"@type":"EntryPoint","urlTemplate":"http:\/\/www.waltec.com.cn\/?s={search_term_string}"},"query-input":{"@type":"PropertyValueSpecification","valueRequired":true,"valueName":"search_term_string"}}],"inLanguage":"es"},{"@type":"Organization","@id":"http:\/\/www.waltec.com.cn\/#organization","name":"JIANGSU WALLONG-HSIN MACHINERY ENGINEERING CORPORATION LTD.","url":"http:\/\/www.waltec.com.cn\/","logo":{"@type":"ImageObject","inLanguage":"es","@id":"http:\/\/www.waltec.com.cn\/#\/schema\/logo\/image\/","url":"http:\/\/www.waltec.com.cn\/wp-content\/uploads\/2024\/08\/01.jpg","contentUrl":"http:\/\/www.waltec.com.cn\/wp-content\/uploads\/2024\/08\/01.jpg","width":1217,"height":221,"caption":"JIANGSU WALLONG-HSIN MACHINERY ENGINEERING CORPORATION LTD."},"image":{"@id":"http:\/\/www.waltec.com.cn\/#\/schema\/logo\/image\/"}}]}},"uagb_featured_image_src":{"full":["http:\/\/www.waltec.com.cn\/wp-content\/uploads\/2024\/12\/ae00727f94ef18.webp",448,356,false],"thumbnail":["http:\/\/www.waltec.com.cn\/wp-content\/uploads\/2024\/12\/ae00727f94ef18.webp",150,119,false],"medium":["http:\/\/www.waltec.com.cn\/wp-content\/uploads\/2024\/12\/ae00727f94ef18.webp",300,238,false],"medium_large":["http:\/\/www.waltec.com.cn\/wp-content\/uploads\/2024\/12\/ae00727f94ef18.webp",448,356,false],"large":["http:\/\/www.waltec.com.cn\/wp-content\/uploads\/2024\/12\/ae00727f94ef18.webp",448,356,false],"1536x1536":["http:\/\/www.waltec.com.cn\/wp-content\/uploads\/2024\/12\/ae00727f94ef18.webp",448,356,false],"2048x2048":["http:\/\/www.waltec.com.cn\/wp-content\/uploads\/2024\/12\/ae00727f94ef18.webp",448,356,false],"trp-custom-language-flag":["http:\/\/www.waltec.com.cn\/wp-content\/uploads\/2024\/12\/ae00727f94ef18.webp",15,12,false],"woocommerce_thumbnail":["http:\/\/www.waltec.com.cn\/wp-content\/uploads\/2024\/12\/ae00727f94ef18-300x300.webp",300,300,true],"woocommerce_single":["http:\/\/www.waltec.com.cn\/wp-content\/uploads\/2024\/12\/ae00727f94ef18.webp",448,356,false],"woocommerce_gallery_thumbnail":["http:\/\/www.waltec.com.cn\/wp-content\/uploads\/2024\/12\/ae00727f94ef18-100x100.webp",100,100,true]},"uagb_author_info":{"display_name":"Jswaltec","author_link":"http:\/\/www.waltec.com.cn\/es\/author\/"},"uagb_comment_info":0,"uagb_excerpt":"4XC-TV metallographic microscope is mainly used to identify and analyze the internal structure of metal organization, it is an important instrument for metallography research, is the ideal equipment for industrial sector to identify product quality, mainly used to identify and analyze the organizational structure of various metals and alloys, used in factories or laboratories for&hellip;","_links":{"self":[{"href":"http:\/\/www.waltec.com.cn\/es\/wp-json\/wp\/v2\/product\/1984","targetHints":{"allow":["GET"]}}],"collection":[{"href":"http:\/\/www.waltec.com.cn\/es\/wp-json\/wp\/v2\/product"}],"about":[{"href":"http:\/\/www.waltec.com.cn\/es\/wp-json\/wp\/v2\/types\/product"}],"wp:featuredmedia":[{"embeddable":true,"href":"http:\/\/www.waltec.com.cn\/es\/wp-json\/wp\/v2\/media\/1985"}],"wp:attachment":[{"href":"http:\/\/www.waltec.com.cn\/es\/wp-json\/wp\/v2\/media?parent=1984"}],"wp:term":[{"taxonomy":"product_cat","embeddable":true,"href":"http:\/\/www.waltec.com.cn\/es\/wp-json\/wp\/v2\/product_cat?post=1984"},{"taxonomy":"product_tag","embeddable":true,"href":"http:\/\/www.waltec.com.cn\/es\/wp-json\/wp\/v2\/product_tag?post=1984"}],"curies":[{"name":"wp","href":"https:\/\/api.w.org\/{rel}","templated":true}]}}