{"id":1987,"date":"2024-12-06T10:02:54","date_gmt":"2024-12-06T02:02:54","guid":{"rendered":"http:\/\/www.waltec.com.cn\/?post_type=product&#038;p=1987"},"modified":"2025-01-23T14:03:58","modified_gmt":"2025-01-23T06:03:58","slug":"4xc-metallographic-microscope","status":"publish","type":"product","link":"http:\/\/www.waltec.com.cn\/es\/producto\/4xc-metallographic-microscope\/","title":{"rendered":"Microscopio metalogr\u00e1fico 4XC"},"content":{"rendered":"<p>Breve descripci\u00f3n: El microscopio metalogr\u00e1fico 4XC se utiliza principalmente para identificar y analizar la estructura interna y la organizaci\u00f3n de los metales. Es un instrumento importante para la investigaci\u00f3n metalogr\u00e1fica y un equipo clave para la identificaci\u00f3n de la calidad de los productos en el sector industrial. Se utiliza principalmente para identificar y analizar la estructura organizativa de diversos metales y aleaciones. Se aplica en f\u00e1bricas o laboratorios para la identificaci\u00f3n de la calidad de las fundiciones. Tambi\u00e9n se utiliza para la inspecci\u00f3n de materias primas o la investigaci\u00f3n y el an\u00e1lisis de estructuras metalogr\u00e1ficas tras el tratamiento de materiales.<\/p>\n<table>\n<tbody>\n<tr>\n<td width=\"36.5600%\">aumento total:<\/td>\n<td width=\"63.4200%\">100X-1000X<\/td>\n<\/tr>\n<tr>\n<td width=\"36.5600%\">Ampliaci\u00f3n del sistema:<\/td>\n<td width=\"63.4200%\">100X-2600X<\/td>\n<\/tr>\n<tr>\n<td width=\"36.5600%\">tabla de objetivos:<\/td>\n<td width=\"63.4200%\">Mesa cuadrada de 152\u00d700 mm<\/td>\n<\/tr>\n<tr>\n<td width=\"36.5600%\">sistema de enfoque:<\/td>\n<td width=\"63.4200%\">Fretting grueso coaxial con dispositivo limitador y ajustador de tensi\u00f3n, valor de celda de fretting 0,002 mm<\/td>\n<\/tr>\n<tr>\n<td width=\"36.5600%\">Rango de ajuste de la distancia entre pupilas:<\/td>\n<td width=\"63.4200%\">53-75mm<\/td>\n<\/tr>\n<tr>\n<td width=\"36.5600%\">filtro de color:<\/td>\n<td width=\"63.4200%\">Yellow, green, blue<\/td>\n<\/tr>\n<tr>\n<td width=\"36.5600%\">sistema de iluminaci\u00f3n:<\/td>\n<td width=\"63.4200%\">Linterna de haluro de 6 V\/20 W, brillo ajustable, conmutaci\u00f3n 220 V (50 Hz)<\/td>\n<\/tr>\n<tr>\n<td width=\"36.5600%\">Sistema de protecci\u00f3n contra el moho:<\/td>\n<td width=\"63.4200%\">Funci\u00f3n \u00fanica antimoho<\/td>\n<\/tr>\n<\/tbody>\n<\/table>\n<p>&nbsp;<\/p>","protected":false},"excerpt":{"rendered":"<p>Brief description: 4XC metallographic microscope is mainly used to identify and analyze the internal structure and organization of metals, it is an important instrument for metallography research, is a key equipment for the identification of product quality in the industrial sector, mainly used to identify and analyze the organizational structure of various metals and alloys, [&hellip;]<\/p>","protected":false},"featured_media":1988,"template":"","meta":{"_uag_custom_page_level_css":"","site-sidebar-layout":"default","site-content-layout":"","ast-site-content-layout":"default","site-content-style":"default","site-sidebar-style":"default","ast-global-header-display":"","ast-banner-title-visibility":"","ast-main-header-display":"","ast-hfb-above-header-display":"","ast-hfb-below-header-display":"","ast-hfb-mobile-header-display":"","site-post-title":"","ast-breadcrumbs-content":"","ast-featured-img":"","footer-sml-layout":"","theme-transparent-header-meta":"default","adv-header-id-meta":"","stick-header-meta":"","header-above-stick-meta":"","header-main-stick-meta":"","header-below-stick-meta":"","astra-migrate-meta-layouts":"set","ast-page-background-enabled":"default","ast-page-background-meta":{"desktop":{"background-color":"var(--ast-global-color-4)","background-image":"","background-repeat":"repeat","background-position":"center center","background-size":"auto","background-attachment":"scroll","background-type":"","background-media":"","overlay-type":"","overlay-color":"","overlay-opacity":"","overlay-gradient":""},"tablet":{"background-color":"","background-image":"","background-repeat":"repeat","background-position":"center center","background-size":"auto","background-attachment":"scroll","background-type":"","background-media":"","overlay-type":"","overlay-color":"","overlay-opacity":"","overlay-gradient":""},"mobile":{"background-color":"","background-image":"","background-repeat":"repeat","background-position":"center center","background-size":"auto","background-attachment":"scroll","background-type":"","background-media":"","overlay-type":"","overlay-color":"","overlay-opacity":"","overlay-gradient":""}},"ast-content-background-meta":{"desktop":{"background-color":"var(--ast-global-color-5)","background-image":"","background-repeat":"repeat","background-position":"center center","background-size":"auto","background-attachment":"scroll","background-type":"","background-media":"","overlay-type":"","overlay-color":"","overlay-opacity":"","overlay-gradient":""},"tablet":{"background-color":"var(--ast-global-color-5)","background-image":"","background-repeat":"repeat","background-position":"center center","background-size":"auto","background-attachment":"scroll","background-type":"","background-media":"","overlay-type":"","overlay-color":"","overlay-opacity":"","overlay-gradient":""},"mobile":{"background-color":"var(--ast-global-color-5)","background-image":"","background-repeat":"repeat","background-position":"center center","background-size":"auto","background-attachment":"scroll","background-type":"","background-media":"","overlay-type":"","overlay-color":"","overlay-opacity":"","overlay-gradient":""}}},"product_cat":[35],"product_tag":[],"class_list":{"0":"post-1987","1":"product","2":"type-product","3":"status-publish","4":"has-post-thumbnail","6":"product_cat-metallography","7":"desktop-align-left","8":"tablet-align-left","9":"mobile-align-left","11":"first","12":"instock","13":"shipping-taxable","14":"product-type-simple"},"yoast_head":"<!-- This site is optimized with the Yoast SEO Premium plugin v22.5 (Yoast SEO v24.3) - https:\/\/yoast.com\/wordpress\/plugins\/seo\/ -->\r\n<title>4XC metallographic microscope - Jswaltec Testing machine<\/title>\r\n<meta name=\"description\" content=\"4XC metallographic microscope - 4XC metallographic microscope is mainly used to identify and analyze the internal structure and organization of metals, it is an important instrument for metallography research, is a key equipment for the identification of product quality in the industrial sector, mainly used to identify and analyze the organizational structure of various metals and alloys, applied in factories or laboratories for casting quality identification.\" \/>\r\n<meta name=\"robots\" content=\"index, follow, max-snippet:-1, max-image-preview:large, max-video-preview:-1\" \/>\r\n<link rel=\"canonical\" href=\"http:\/\/www.waltec.com.cn\/es\/producto\/4xc-metallographic-microscope\/\" \/>\r\n<meta property=\"og:locale\" content=\"es_ES\" \/>\r\n<meta property=\"og:type\" content=\"article\" \/>\r\n<meta property=\"og:title\" content=\"4XC metallographic microscope\" \/>\r\n<meta property=\"og:description\" content=\"4XC metallographic microscope - 4XC metallographic microscope is mainly used to identify and analyze the internal structure and organization of metals, it is an important instrument for metallography research, is a key equipment for the identification of product quality in the industrial sector, mainly used to identify and analyze the organizational structure of various metals and alloys, applied in factories or laboratories for casting quality identification.\" \/>\r\n<meta property=\"og:url\" content=\"http:\/\/www.waltec.com.cn\/es\/producto\/4xc-metallographic-microscope\/\" \/>\r\n<meta property=\"og:site_name\" content=\"Jswaltec Testing machine\" \/>\r\n<meta property=\"article:modified_time\" content=\"2025-01-23T06:03:58+00:00\" \/>\r\n<meta property=\"og:image\" content=\"http:\/\/www.waltec.com.cn\/wp-content\/uploads\/2024\/12\/6b4499545e172a67.webp\" \/>\r\n\t<meta property=\"og:image:width\" content=\"452\" \/>\r\n\t<meta property=\"og:image:height\" content=\"415\" \/>\r\n\t<meta property=\"og:image:type\" content=\"image\/webp\" \/>\r\n<meta name=\"twitter:card\" content=\"summary_large_image\" \/>\r\n<meta name=\"twitter:label1\" content=\"Tiempo de lectura\" \/>\n\t<meta name=\"twitter:data1\" content=\"1 minuto\" \/>\r\n<script type=\"application\/ld+json\" class=\"yoast-schema-graph\">{\"@context\":\"https:\/\/schema.org\",\"@graph\":[{\"@type\":\"WebPage\",\"@id\":\"http:\/\/www.waltec.com.cn\/product\/4xc-metallographic-microscope\/\",\"url\":\"http:\/\/www.waltec.com.cn\/product\/4xc-metallographic-microscope\/\",\"name\":\"4XC metallographic microscope - Jswaltec Testing machine\",\"isPartOf\":{\"@id\":\"http:\/\/www.waltec.com.cn\/#website\"},\"primaryImageOfPage\":{\"@id\":\"http:\/\/www.waltec.com.cn\/product\/4xc-metallographic-microscope\/#primaryimage\"},\"image\":{\"@id\":\"http:\/\/www.waltec.com.cn\/product\/4xc-metallographic-microscope\/#primaryimage\"},\"thumbnailUrl\":\"http:\/\/www.waltec.com.cn\/wp-content\/uploads\/2024\/12\/6b4499545e172a67.webp\",\"datePublished\":\"2024-12-06T02:02:54+00:00\",\"dateModified\":\"2025-01-23T06:03:58+00:00\",\"description\":\"4XC metallographic microscope - 4XC metallographic microscope is mainly used to identify and analyze the internal structure and organization of metals, it is an important instrument for metallography research, is a key equipment for the identification of product quality in the industrial sector, mainly used to identify and analyze the organizational structure of various metals and alloys, applied in factories or laboratories for casting quality identification.\",\"breadcrumb\":{\"@id\":\"http:\/\/www.waltec.com.cn\/product\/4xc-metallographic-microscope\/#breadcrumb\"},\"inLanguage\":\"es\",\"potentialAction\":[{\"@type\":\"ReadAction\",\"target\":[\"http:\/\/www.waltec.com.cn\/product\/4xc-metallographic-microscope\/\"]}]},{\"@type\":\"ImageObject\",\"inLanguage\":\"es\",\"@id\":\"http:\/\/www.waltec.com.cn\/product\/4xc-metallographic-microscope\/#primaryimage\",\"url\":\"http:\/\/www.waltec.com.cn\/wp-content\/uploads\/2024\/12\/6b4499545e172a67.webp\",\"contentUrl\":\"http:\/\/www.waltec.com.cn\/wp-content\/uploads\/2024\/12\/6b4499545e172a67.webp\",\"width\":452,\"height\":415},{\"@type\":\"BreadcrumbList\",\"@id\":\"http:\/\/www.waltec.com.cn\/product\/4xc-metallographic-microscope\/#breadcrumb\",\"itemListElement\":[{\"@type\":\"ListItem\",\"position\":1,\"name\":\"Home\",\"item\":\"http:\/\/www.waltec.com.cn\/\"},{\"@type\":\"ListItem\",\"position\":2,\"name\":\"Products\",\"item\":\"http:\/\/www.waltec.com.cn\/shop\/\"},{\"@type\":\"ListItem\",\"position\":3,\"name\":\"4XC metallographic microscope\"}]},{\"@type\":\"WebSite\",\"@id\":\"http:\/\/www.waltec.com.cn\/#website\",\"url\":\"http:\/\/www.waltec.com.cn\/\",\"name\":\"Jswaltec Testing machine\",\"description\":\"\",\"publisher\":{\"@id\":\"http:\/\/www.waltec.com.cn\/#organization\"},\"potentialAction\":[{\"@type\":\"SearchAction\",\"target\":{\"@type\":\"EntryPoint\",\"urlTemplate\":\"http:\/\/www.waltec.com.cn\/?s={search_term_string}\"},\"query-input\":{\"@type\":\"PropertyValueSpecification\",\"valueRequired\":true,\"valueName\":\"search_term_string\"}}],\"inLanguage\":\"es\"},{\"@type\":\"Organization\",\"@id\":\"http:\/\/www.waltec.com.cn\/#organization\",\"name\":\"JIANGSU WALLONG-HSIN MACHINERY ENGINEERING CORPORATION LTD.\",\"url\":\"http:\/\/www.waltec.com.cn\/\",\"logo\":{\"@type\":\"ImageObject\",\"inLanguage\":\"es\",\"@id\":\"http:\/\/www.waltec.com.cn\/#\/schema\/logo\/image\/\",\"url\":\"http:\/\/www.waltec.com.cn\/wp-content\/uploads\/2024\/08\/01.jpg\",\"contentUrl\":\"http:\/\/www.waltec.com.cn\/wp-content\/uploads\/2024\/08\/01.jpg\",\"width\":1217,\"height\":221,\"caption\":\"JIANGSU WALLONG-HSIN MACHINERY ENGINEERING CORPORATION LTD.\"},\"image\":{\"@id\":\"http:\/\/www.waltec.com.cn\/#\/schema\/logo\/image\/\"}}]}<\/script>\r\n<!-- \/ Yoast SEO Premium plugin. -->","yoast_head_json":{"title":"4XC metallographic microscope - Jswaltec Testing machine","description":"4XC metallographic microscope - 4XC metallographic microscope is mainly used to identify and analyze the internal structure and organization of metals, it is an important instrument for metallography research, is a key equipment for the identification of product quality in the industrial sector, mainly used to identify and analyze the organizational structure of various metals and alloys, applied in factories or laboratories for casting quality identification.","robots":{"index":"index","follow":"follow","max-snippet":"max-snippet:-1","max-image-preview":"max-image-preview:large","max-video-preview":"max-video-preview:-1"},"canonical":"http:\/\/www.waltec.com.cn\/es\/producto\/4xc-metallographic-microscope\/","og_locale":"es_ES","og_type":"article","og_title":"4XC metallographic microscope","og_description":"4XC metallographic microscope - 4XC metallographic microscope is mainly used to identify and analyze the internal structure and organization of metals, it is an important instrument for metallography research, is a key equipment for the identification of product quality in the industrial sector, mainly used to identify and analyze the organizational structure of various metals and alloys, applied in factories or laboratories for casting quality identification.","og_url":"http:\/\/www.waltec.com.cn\/es\/producto\/4xc-metallographic-microscope\/","og_site_name":"Jswaltec Testing machine","article_modified_time":"2025-01-23T06:03:58+00:00","og_image":[{"width":452,"height":415,"url":"http:\/\/www.waltec.com.cn\/wp-content\/uploads\/2024\/12\/6b4499545e172a67.webp","type":"image\/webp"}],"twitter_card":"summary_large_image","twitter_misc":{"Tiempo de lectura":"1 minuto"},"schema":{"@context":"https:\/\/schema.org","@graph":[{"@type":"WebPage","@id":"http:\/\/www.waltec.com.cn\/product\/4xc-metallographic-microscope\/","url":"http:\/\/www.waltec.com.cn\/product\/4xc-metallographic-microscope\/","name":"4XC metallographic microscope - Jswaltec Testing machine","isPartOf":{"@id":"http:\/\/www.waltec.com.cn\/#website"},"primaryImageOfPage":{"@id":"http:\/\/www.waltec.com.cn\/product\/4xc-metallographic-microscope\/#primaryimage"},"image":{"@id":"http:\/\/www.waltec.com.cn\/product\/4xc-metallographic-microscope\/#primaryimage"},"thumbnailUrl":"http:\/\/www.waltec.com.cn\/wp-content\/uploads\/2024\/12\/6b4499545e172a67.webp","datePublished":"2024-12-06T02:02:54+00:00","dateModified":"2025-01-23T06:03:58+00:00","description":"4XC metallographic microscope - 4XC metallographic microscope is mainly used to identify and analyze the internal structure and organization of metals, it is an important instrument for metallography research, is a key equipment for the identification of product quality in the industrial sector, mainly used to identify and analyze the organizational structure of various metals and alloys, applied in factories or laboratories for casting quality identification.","breadcrumb":{"@id":"http:\/\/www.waltec.com.cn\/product\/4xc-metallographic-microscope\/#breadcrumb"},"inLanguage":"es","potentialAction":[{"@type":"ReadAction","target":["http:\/\/www.waltec.com.cn\/product\/4xc-metallographic-microscope\/"]}]},{"@type":"ImageObject","inLanguage":"es","@id":"http:\/\/www.waltec.com.cn\/product\/4xc-metallographic-microscope\/#primaryimage","url":"http:\/\/www.waltec.com.cn\/wp-content\/uploads\/2024\/12\/6b4499545e172a67.webp","contentUrl":"http:\/\/www.waltec.com.cn\/wp-content\/uploads\/2024\/12\/6b4499545e172a67.webp","width":452,"height":415},{"@type":"BreadcrumbList","@id":"http:\/\/www.waltec.com.cn\/product\/4xc-metallographic-microscope\/#breadcrumb","itemListElement":[{"@type":"ListItem","position":1,"name":"Home","item":"http:\/\/www.waltec.com.cn\/"},{"@type":"ListItem","position":2,"name":"Products","item":"http:\/\/www.waltec.com.cn\/shop\/"},{"@type":"ListItem","position":3,"name":"4XC metallographic microscope"}]},{"@type":"WebSite","@id":"http:\/\/www.waltec.com.cn\/#website","url":"http:\/\/www.waltec.com.cn\/","name":"Jswaltec Testing machine","description":"","publisher":{"@id":"http:\/\/www.waltec.com.cn\/#organization"},"potentialAction":[{"@type":"SearchAction","target":{"@type":"EntryPoint","urlTemplate":"http:\/\/www.waltec.com.cn\/?s={search_term_string}"},"query-input":{"@type":"PropertyValueSpecification","valueRequired":true,"valueName":"search_term_string"}}],"inLanguage":"es"},{"@type":"Organization","@id":"http:\/\/www.waltec.com.cn\/#organization","name":"JIANGSU WALLONG-HSIN MACHINERY ENGINEERING CORPORATION LTD.","url":"http:\/\/www.waltec.com.cn\/","logo":{"@type":"ImageObject","inLanguage":"es","@id":"http:\/\/www.waltec.com.cn\/#\/schema\/logo\/image\/","url":"http:\/\/www.waltec.com.cn\/wp-content\/uploads\/2024\/08\/01.jpg","contentUrl":"http:\/\/www.waltec.com.cn\/wp-content\/uploads\/2024\/08\/01.jpg","width":1217,"height":221,"caption":"JIANGSU WALLONG-HSIN MACHINERY ENGINEERING CORPORATION LTD."},"image":{"@id":"http:\/\/www.waltec.com.cn\/#\/schema\/logo\/image\/"}}]}},"uagb_featured_image_src":{"full":["http:\/\/www.waltec.com.cn\/wp-content\/uploads\/2024\/12\/6b4499545e172a67.webp",452,415,false],"thumbnail":["http:\/\/www.waltec.com.cn\/wp-content\/uploads\/2024\/12\/6b4499545e172a67.webp",150,138,false],"medium":["http:\/\/www.waltec.com.cn\/wp-content\/uploads\/2024\/12\/6b4499545e172a67.webp",300,275,false],"medium_large":["http:\/\/www.waltec.com.cn\/wp-content\/uploads\/2024\/12\/6b4499545e172a67.webp",452,415,false],"large":["http:\/\/www.waltec.com.cn\/wp-content\/uploads\/2024\/12\/6b4499545e172a67.webp",452,415,false],"1536x1536":["http:\/\/www.waltec.com.cn\/wp-content\/uploads\/2024\/12\/6b4499545e172a67.webp",452,415,false],"2048x2048":["http:\/\/www.waltec.com.cn\/wp-content\/uploads\/2024\/12\/6b4499545e172a67.webp",452,415,false],"trp-custom-language-flag":["http:\/\/www.waltec.com.cn\/wp-content\/uploads\/2024\/12\/6b4499545e172a67.webp",13,12,false],"woocommerce_thumbnail":["http:\/\/www.waltec.com.cn\/wp-content\/uploads\/2024\/12\/6b4499545e172a67-300x300.webp",300,300,true],"woocommerce_single":["http:\/\/www.waltec.com.cn\/wp-content\/uploads\/2024\/12\/6b4499545e172a67.webp",452,415,false],"woocommerce_gallery_thumbnail":["http:\/\/www.waltec.com.cn\/wp-content\/uploads\/2024\/12\/6b4499545e172a67-100x100.webp",100,100,true]},"uagb_author_info":{"display_name":"Jswaltec","author_link":"http:\/\/www.waltec.com.cn\/es\/author\/"},"uagb_comment_info":0,"uagb_excerpt":"Brief description: 4XC metallographic microscope is mainly used to identify and analyze the internal structure and organization of metals, it is an important instrument for metallography research, is a key equipment for the identification of product quality in the industrial sector, mainly used to identify and analyze the organizational structure of various metals and alloys,&hellip;","_links":{"self":[{"href":"http:\/\/www.waltec.com.cn\/es\/wp-json\/wp\/v2\/product\/1987","targetHints":{"allow":["GET"]}}],"collection":[{"href":"http:\/\/www.waltec.com.cn\/es\/wp-json\/wp\/v2\/product"}],"about":[{"href":"http:\/\/www.waltec.com.cn\/es\/wp-json\/wp\/v2\/types\/product"}],"wp:featuredmedia":[{"embeddable":true,"href":"http:\/\/www.waltec.com.cn\/es\/wp-json\/wp\/v2\/media\/1988"}],"wp:attachment":[{"href":"http:\/\/www.waltec.com.cn\/es\/wp-json\/wp\/v2\/media?parent=1987"}],"wp:term":[{"taxonomy":"product_cat","embeddable":true,"href":"http:\/\/www.waltec.com.cn\/es\/wp-json\/wp\/v2\/product_cat?post=1987"},{"taxonomy":"product_tag","embeddable":true,"href":"http:\/\/www.waltec.com.cn\/es\/wp-json\/wp\/v2\/product_tag?post=1987"}],"curies":[{"name":"wp","href":"https:\/\/api.w.org\/{rel}","templated":true}]}}