{"id":1989,"date":"2024-12-06T10:20:22","date_gmt":"2024-12-06T02:20:22","guid":{"rendered":"http:\/\/www.waltec.com.cn\/?post_type=product&#038;p=1989"},"modified":"2025-01-23T15:31:26","modified_gmt":"2025-01-23T07:31:26","slug":"zxq-3-automatic-metallographic-specimen-mosaic-machine","status":"publish","type":"product","link":"http:\/\/www.waltec.com.cn\/es\/producto\/zxq-3-automatic-metallographic-specimen-mosaic-machine\/","title":{"rendered":"M\u00e1quina autom\u00e1tica para mosaico de muestras metalogr\u00e1ficas ZXQ-3"},"content":{"rendered":"<p>M\u00e1quina autom\u00e1tica para incrustar muestras metalogr\u00e1ficas y petrogr\u00e1ficas. Es un proceso previo al mosaico y pulido de muestras, y se utiliza para incrustar muestras metalogr\u00e1ficas y petrogr\u00e1ficas peque\u00f1as e irregulares que no cambian de manos.<\/p>\n<p>Es conveniente para moler y pulir la muestra despu\u00e9s del mosaico, y tambi\u00e9n favorece la observaci\u00f3n normal de la microestructura del material bajo el microscopio metalogr\u00e1fico.<\/p>\n<p>La funci\u00f3n de calentamiento autom\u00e1tico, presi\u00f3n, para presionar la formaci\u00f3n despu\u00e9s de detener autom\u00e1ticamente el alivio de presi\u00f3n y luego presionar el bot\u00f3n autom\u00e1ticamente, presion\u00f3 la muestra autom\u00e1ticamente hacia arriba, puede enviarla.<\/p>\n<p>Nota: Se utiliza para materiales termoendurecibles (como polvo de jade el\u00e9ctrico, polvo de baquelita, etc.), la temperatura se ha ajustado y es autom\u00e1tica.<\/p>\n<table>\n<tbody>\n<tr>\n<td colspan=\"2\" width=\"100.0000%\"><strong>Par\u00e1metros t\u00e9cnicos principales:<\/strong><\/td>\n<\/tr>\n<tr>\n<td width=\"28.6600%\">Especificaciones de prensado de muestras:<\/td>\n<td width=\"71.3200%\">\u03c625mm\uff0c\u03c630mm\uff0c\u03c640mm\uff0c\u03c650mm\uff08Optional two\uff09<\/td>\n<\/tr>\n<tr>\n<td width=\"28.6600%\">calentador:<\/td>\n<td width=\"71.3200%\">220V 1500W<\/td>\n<\/tr>\n<tr>\n<td width=\"28.6600%\">Potencia total de suministro:<\/td>\n<td width=\"71.3200%\">3100W<\/td>\n<\/tr>\n<tr>\n<td width=\"28.6600%\">Tipo de refrigeraci\u00f3n:<\/td>\n<td width=\"71.3200%\">Automatic water cooling machine<\/td>\n<\/tr>\n<\/tbody>\n<\/table>","protected":false},"excerpt":{"rendered":"<p>Automatic metallographic specimen Mosaic machine\u00a0It is a process before sample Mosai and polishing, and it is used to inlay small and irregular metallographic and petrographic samples that do not change hands. It is convenient for grinding and polishing the sample after Mosaic, and it is also conducive to normal observation of the microstructure of the [&hellip;]<\/p>","protected":false},"featured_media":1990,"template":"","meta":{"_uag_custom_page_level_css":"","site-sidebar-layout":"default","site-content-layout":"","ast-site-content-layout":"default","site-content-style":"default","site-sidebar-style":"default","ast-global-header-display":"","ast-banner-title-visibility":"","ast-main-header-display":"","ast-hfb-above-header-display":"","ast-hfb-below-header-display":"","ast-hfb-mobile-header-display":"","site-post-title":"","ast-breadcrumbs-content":"","ast-featured-img":"","footer-sml-layout":"","theme-transparent-header-meta":"default","adv-header-id-meta":"","stick-header-meta":"","header-above-stick-meta":"","header-main-stick-meta":"","header-below-stick-meta":"","astra-migrate-meta-layouts":"set","ast-page-background-enabled":"default","ast-page-background-meta":{"desktop":{"background-color":"var(--ast-global-color-4)","background-image":"","background-repeat":"repeat","background-position":"center center","background-size":"auto","background-attachment":"scroll","background-type":"","background-media":"","overlay-type":"","overlay-color":"","overlay-opacity":"","overlay-gradient":""},"tablet":{"background-color":"","background-image":"","background-repeat":"repeat","background-position":"center center","background-size":"auto","background-attachment":"scroll","background-type":"","background-media":"","overlay-type":"","overlay-color":"","overlay-opacity":"","overlay-gradient":""},"mobile":{"background-color":"","background-image":"","background-repeat":"repeat","background-position":"center center","background-size":"auto","background-attachment":"scroll","background-type":"","background-media":"","overlay-type":"","overlay-color":"","overlay-opacity":"","overlay-gradient":""}},"ast-content-background-meta":{"desktop":{"background-color":"var(--ast-global-color-5)","background-image":"","background-repeat":"repeat","background-position":"center center","background-size":"auto","background-attachment":"scroll","background-type":"","background-media":"","overlay-type":"","overlay-color":"","overlay-opacity":"","overlay-gradient":""},"tablet":{"background-color":"var(--ast-global-color-5)","background-image":"","background-repeat":"repeat","background-position":"center center","background-size":"auto","background-attachment":"scroll","background-type":"","background-media":"","overlay-type":"","overlay-color":"","overlay-opacity":"","overlay-gradient":""},"mobile":{"background-color":"var(--ast-global-color-5)","background-image":"","background-repeat":"repeat","background-position":"center center","background-size":"auto","background-attachment":"scroll","background-type":"","background-media":"","overlay-type":"","overlay-color":"","overlay-opacity":"","overlay-gradient":""}}},"product_cat":[35],"product_tag":[],"class_list":{"0":"post-1989","1":"product","2":"type-product","3":"status-publish","4":"has-post-thumbnail","6":"product_cat-metallography","7":"desktop-align-left","8":"tablet-align-left","9":"mobile-align-left","11":"first","12":"instock","13":"shipping-taxable","14":"product-type-simple"},"yoast_head":"<!-- This site is optimized with the Yoast SEO Premium plugin v22.5 (Yoast SEO v24.3) - https:\/\/yoast.com\/wordpress\/plugins\/seo\/ -->\r\n<title>ZXQ-3 Automatic metallographic specimen Mosaic machine - Jswaltec Testing machine<\/title>\r\n<meta name=\"description\" content=\"ZXQ-3 Automatic metallographic specimen Mosaic machine - Automatic metallographic specimen Mosaic machine\u00a0It is a process before sample Mosai and polishing, and it is used to inlay small and irregular metallographic and petrographic samples that do not change hands.\" \/>\r\n<meta name=\"robots\" content=\"index, follow, max-snippet:-1, max-image-preview:large, max-video-preview:-1\" \/>\r\n<link rel=\"canonical\" href=\"http:\/\/www.waltec.com.cn\/es\/producto\/zxq-3-automatic-metallographic-specimen-mosaic-machine\/\" \/>\r\n<meta property=\"og:locale\" content=\"es_ES\" \/>\r\n<meta property=\"og:type\" content=\"article\" \/>\r\n<meta property=\"og:title\" content=\"ZXQ-3 Automatic metallographic specimen Mosaic machine\" \/>\r\n<meta property=\"og:description\" content=\"ZXQ-3 Automatic metallographic specimen Mosaic machine - Automatic metallographic specimen Mosaic machine\u00a0It is a process before sample Mosai and polishing, and it is used to inlay small and irregular metallographic and petrographic samples that do not change hands.\" \/>\r\n<meta property=\"og:url\" content=\"http:\/\/www.waltec.com.cn\/es\/producto\/zxq-3-automatic-metallographic-specimen-mosaic-machine\/\" \/>\r\n<meta property=\"og:site_name\" content=\"Jswaltec Testing machine\" \/>\r\n<meta property=\"article:modified_time\" content=\"2025-01-23T07:31:26+00:00\" \/>\r\n<meta property=\"og:image\" content=\"http:\/\/www.waltec.com.cn\/wp-content\/uploads\/2024\/12\/024654a72d8b223fe2.webp\" \/>\r\n\t<meta property=\"og:image:width\" content=\"445\" \/>\r\n\t<meta property=\"og:image:height\" content=\"404\" \/>\r\n\t<meta property=\"og:image:type\" content=\"image\/webp\" \/>\r\n<meta name=\"twitter:card\" content=\"summary_large_image\" \/>\r\n<meta name=\"twitter:label1\" content=\"Tiempo de lectura\" \/>\n\t<meta name=\"twitter:data1\" content=\"1 minuto\" \/>\r\n<script type=\"application\/ld+json\" class=\"yoast-schema-graph\">{\"@context\":\"https:\/\/schema.org\",\"@graph\":[{\"@type\":\"WebPage\",\"@id\":\"http:\/\/www.waltec.com.cn\/product\/zxq-3-automatic-metallographic-specimen-mosaic-machine\/\",\"url\":\"http:\/\/www.waltec.com.cn\/product\/zxq-3-automatic-metallographic-specimen-mosaic-machine\/\",\"name\":\"ZXQ-3 Automatic metallographic specimen Mosaic machine - Jswaltec Testing machine\",\"isPartOf\":{\"@id\":\"http:\/\/www.waltec.com.cn\/#website\"},\"primaryImageOfPage\":{\"@id\":\"http:\/\/www.waltec.com.cn\/product\/zxq-3-automatic-metallographic-specimen-mosaic-machine\/#primaryimage\"},\"image\":{\"@id\":\"http:\/\/www.waltec.com.cn\/product\/zxq-3-automatic-metallographic-specimen-mosaic-machine\/#primaryimage\"},\"thumbnailUrl\":\"http:\/\/www.waltec.com.cn\/wp-content\/uploads\/2024\/12\/024654a72d8b223fe2.webp\",\"datePublished\":\"2024-12-06T02:20:22+00:00\",\"dateModified\":\"2025-01-23T07:31:26+00:00\",\"description\":\"ZXQ-3 Automatic metallographic specimen Mosaic machine - Automatic metallographic specimen Mosaic machine\u00a0It is a process before sample Mosai and polishing, and it is used to inlay small and irregular metallographic and petrographic samples that do not change hands.\",\"breadcrumb\":{\"@id\":\"http:\/\/www.waltec.com.cn\/product\/zxq-3-automatic-metallographic-specimen-mosaic-machine\/#breadcrumb\"},\"inLanguage\":\"es\",\"potentialAction\":[{\"@type\":\"ReadAction\",\"target\":[\"http:\/\/www.waltec.com.cn\/product\/zxq-3-automatic-metallographic-specimen-mosaic-machine\/\"]}]},{\"@type\":\"ImageObject\",\"inLanguage\":\"es\",\"@id\":\"http:\/\/www.waltec.com.cn\/product\/zxq-3-automatic-metallographic-specimen-mosaic-machine\/#primaryimage\",\"url\":\"http:\/\/www.waltec.com.cn\/wp-content\/uploads\/2024\/12\/024654a72d8b223fe2.webp\",\"contentUrl\":\"http:\/\/www.waltec.com.cn\/wp-content\/uploads\/2024\/12\/024654a72d8b223fe2.webp\",\"width\":445,\"height\":404},{\"@type\":\"BreadcrumbList\",\"@id\":\"http:\/\/www.waltec.com.cn\/product\/zxq-3-automatic-metallographic-specimen-mosaic-machine\/#breadcrumb\",\"itemListElement\":[{\"@type\":\"ListItem\",\"position\":1,\"name\":\"Home\",\"item\":\"http:\/\/www.waltec.com.cn\/\"},{\"@type\":\"ListItem\",\"position\":2,\"name\":\"Products\",\"item\":\"http:\/\/www.waltec.com.cn\/shop\/\"},{\"@type\":\"ListItem\",\"position\":3,\"name\":\"ZXQ-3 Automatic metallographic specimen Mosaic machine\"}]},{\"@type\":\"WebSite\",\"@id\":\"http:\/\/www.waltec.com.cn\/#website\",\"url\":\"http:\/\/www.waltec.com.cn\/\",\"name\":\"Jswaltec Testing machine\",\"description\":\"\",\"publisher\":{\"@id\":\"http:\/\/www.waltec.com.cn\/#organization\"},\"potentialAction\":[{\"@type\":\"SearchAction\",\"target\":{\"@type\":\"EntryPoint\",\"urlTemplate\":\"http:\/\/www.waltec.com.cn\/?s={search_term_string}\"},\"query-input\":{\"@type\":\"PropertyValueSpecification\",\"valueRequired\":true,\"valueName\":\"search_term_string\"}}],\"inLanguage\":\"es\"},{\"@type\":\"Organization\",\"@id\":\"http:\/\/www.waltec.com.cn\/#organization\",\"name\":\"JIANGSU WALLONG-HSIN MACHINERY ENGINEERING CORPORATION LTD.\",\"url\":\"http:\/\/www.waltec.com.cn\/\",\"logo\":{\"@type\":\"ImageObject\",\"inLanguage\":\"es\",\"@id\":\"http:\/\/www.waltec.com.cn\/#\/schema\/logo\/image\/\",\"url\":\"http:\/\/www.waltec.com.cn\/wp-content\/uploads\/2024\/08\/01.jpg\",\"contentUrl\":\"http:\/\/www.waltec.com.cn\/wp-content\/uploads\/2024\/08\/01.jpg\",\"width\":1217,\"height\":221,\"caption\":\"JIANGSU WALLONG-HSIN MACHINERY ENGINEERING CORPORATION LTD.\"},\"image\":{\"@id\":\"http:\/\/www.waltec.com.cn\/#\/schema\/logo\/image\/\"}}]}<\/script>\r\n<!-- \/ Yoast SEO Premium plugin. -->","yoast_head_json":{"title":"ZXQ-3 Automatic metallographic specimen Mosaic machine - Jswaltec Testing machine","description":"ZXQ-3 Automatic metallographic specimen Mosaic machine - Automatic metallographic specimen Mosaic machine\u00a0It is a process before sample Mosai and polishing, and it is used to inlay small and irregular metallographic and petrographic samples that do not change hands.","robots":{"index":"index","follow":"follow","max-snippet":"max-snippet:-1","max-image-preview":"max-image-preview:large","max-video-preview":"max-video-preview:-1"},"canonical":"http:\/\/www.waltec.com.cn\/es\/producto\/zxq-3-automatic-metallographic-specimen-mosaic-machine\/","og_locale":"es_ES","og_type":"article","og_title":"ZXQ-3 Automatic metallographic specimen Mosaic machine","og_description":"ZXQ-3 Automatic metallographic specimen Mosaic machine - Automatic metallographic specimen Mosaic machine\u00a0It is a process before sample Mosai and polishing, and it is used to inlay small and irregular metallographic and petrographic samples that do not change hands.","og_url":"http:\/\/www.waltec.com.cn\/es\/producto\/zxq-3-automatic-metallographic-specimen-mosaic-machine\/","og_site_name":"Jswaltec Testing machine","article_modified_time":"2025-01-23T07:31:26+00:00","og_image":[{"width":445,"height":404,"url":"http:\/\/www.waltec.com.cn\/wp-content\/uploads\/2024\/12\/024654a72d8b223fe2.webp","type":"image\/webp"}],"twitter_card":"summary_large_image","twitter_misc":{"Tiempo de lectura":"1 minuto"},"schema":{"@context":"https:\/\/schema.org","@graph":[{"@type":"WebPage","@id":"http:\/\/www.waltec.com.cn\/product\/zxq-3-automatic-metallographic-specimen-mosaic-machine\/","url":"http:\/\/www.waltec.com.cn\/product\/zxq-3-automatic-metallographic-specimen-mosaic-machine\/","name":"ZXQ-3 Automatic metallographic specimen Mosaic machine - Jswaltec Testing machine","isPartOf":{"@id":"http:\/\/www.waltec.com.cn\/#website"},"primaryImageOfPage":{"@id":"http:\/\/www.waltec.com.cn\/product\/zxq-3-automatic-metallographic-specimen-mosaic-machine\/#primaryimage"},"image":{"@id":"http:\/\/www.waltec.com.cn\/product\/zxq-3-automatic-metallographic-specimen-mosaic-machine\/#primaryimage"},"thumbnailUrl":"http:\/\/www.waltec.com.cn\/wp-content\/uploads\/2024\/12\/024654a72d8b223fe2.webp","datePublished":"2024-12-06T02:20:22+00:00","dateModified":"2025-01-23T07:31:26+00:00","description":"ZXQ-3 Automatic metallographic specimen Mosaic machine - Automatic metallographic specimen Mosaic machine\u00a0It is a process before sample Mosai and polishing, and it is used to inlay small and irregular metallographic and petrographic samples that do not change hands.","breadcrumb":{"@id":"http:\/\/www.waltec.com.cn\/product\/zxq-3-automatic-metallographic-specimen-mosaic-machine\/#breadcrumb"},"inLanguage":"es","potentialAction":[{"@type":"ReadAction","target":["http:\/\/www.waltec.com.cn\/product\/zxq-3-automatic-metallographic-specimen-mosaic-machine\/"]}]},{"@type":"ImageObject","inLanguage":"es","@id":"http:\/\/www.waltec.com.cn\/product\/zxq-3-automatic-metallographic-specimen-mosaic-machine\/#primaryimage","url":"http:\/\/www.waltec.com.cn\/wp-content\/uploads\/2024\/12\/024654a72d8b223fe2.webp","contentUrl":"http:\/\/www.waltec.com.cn\/wp-content\/uploads\/2024\/12\/024654a72d8b223fe2.webp","width":445,"height":404},{"@type":"BreadcrumbList","@id":"http:\/\/www.waltec.com.cn\/product\/zxq-3-automatic-metallographic-specimen-mosaic-machine\/#breadcrumb","itemListElement":[{"@type":"ListItem","position":1,"name":"Home","item":"http:\/\/www.waltec.com.cn\/"},{"@type":"ListItem","position":2,"name":"Products","item":"http:\/\/www.waltec.com.cn\/shop\/"},{"@type":"ListItem","position":3,"name":"ZXQ-3 Automatic metallographic specimen Mosaic machine"}]},{"@type":"WebSite","@id":"http:\/\/www.waltec.com.cn\/#website","url":"http:\/\/www.waltec.com.cn\/","name":"Jswaltec Testing machine","description":"","publisher":{"@id":"http:\/\/www.waltec.com.cn\/#organization"},"potentialAction":[{"@type":"SearchAction","target":{"@type":"EntryPoint","urlTemplate":"http:\/\/www.waltec.com.cn\/?s={search_term_string}"},"query-input":{"@type":"PropertyValueSpecification","valueRequired":true,"valueName":"search_term_string"}}],"inLanguage":"es"},{"@type":"Organization","@id":"http:\/\/www.waltec.com.cn\/#organization","name":"JIANGSU WALLONG-HSIN MACHINERY ENGINEERING CORPORATION LTD.","url":"http:\/\/www.waltec.com.cn\/","logo":{"@type":"ImageObject","inLanguage":"es","@id":"http:\/\/www.waltec.com.cn\/#\/schema\/logo\/image\/","url":"http:\/\/www.waltec.com.cn\/wp-content\/uploads\/2024\/08\/01.jpg","contentUrl":"http:\/\/www.waltec.com.cn\/wp-content\/uploads\/2024\/08\/01.jpg","width":1217,"height":221,"caption":"JIANGSU WALLONG-HSIN MACHINERY ENGINEERING CORPORATION LTD."},"image":{"@id":"http:\/\/www.waltec.com.cn\/#\/schema\/logo\/image\/"}}]}},"uagb_featured_image_src":{"full":["http:\/\/www.waltec.com.cn\/wp-content\/uploads\/2024\/12\/024654a72d8b223fe2.webp",445,404,false],"thumbnail":["http:\/\/www.waltec.com.cn\/wp-content\/uploads\/2024\/12\/024654a72d8b223fe2.webp",150,136,false],"medium":["http:\/\/www.waltec.com.cn\/wp-content\/uploads\/2024\/12\/024654a72d8b223fe2.webp",300,272,false],"medium_large":["http:\/\/www.waltec.com.cn\/wp-content\/uploads\/2024\/12\/024654a72d8b223fe2.webp",445,404,false],"large":["http:\/\/www.waltec.com.cn\/wp-content\/uploads\/2024\/12\/024654a72d8b223fe2.webp",445,404,false],"1536x1536":["http:\/\/www.waltec.com.cn\/wp-content\/uploads\/2024\/12\/024654a72d8b223fe2.webp",445,404,false],"2048x2048":["http:\/\/www.waltec.com.cn\/wp-content\/uploads\/2024\/12\/024654a72d8b223fe2.webp",445,404,false],"trp-custom-language-flag":["http:\/\/www.waltec.com.cn\/wp-content\/uploads\/2024\/12\/024654a72d8b223fe2.webp",13,12,false],"woocommerce_thumbnail":["http:\/\/www.waltec.com.cn\/wp-content\/uploads\/2024\/12\/024654a72d8b223fe2-300x300.webp",300,300,true],"woocommerce_single":["http:\/\/www.waltec.com.cn\/wp-content\/uploads\/2024\/12\/024654a72d8b223fe2.webp",445,404,false],"woocommerce_gallery_thumbnail":["http:\/\/www.waltec.com.cn\/wp-content\/uploads\/2024\/12\/024654a72d8b223fe2-100x100.webp",100,100,true]},"uagb_author_info":{"display_name":"Jswaltec","author_link":"http:\/\/www.waltec.com.cn\/es\/author\/"},"uagb_comment_info":0,"uagb_excerpt":"Automatic metallographic specimen Mosaic machine\u00a0It is a process before sample Mosai and polishing, and it is used to inlay small and irregular metallographic and petrographic samples that do not change hands. It is convenient for grinding and polishing the sample after Mosaic, and it is also conducive to normal observation of the microstructure of the&hellip;","_links":{"self":[{"href":"http:\/\/www.waltec.com.cn\/es\/wp-json\/wp\/v2\/product\/1989","targetHints":{"allow":["GET"]}}],"collection":[{"href":"http:\/\/www.waltec.com.cn\/es\/wp-json\/wp\/v2\/product"}],"about":[{"href":"http:\/\/www.waltec.com.cn\/es\/wp-json\/wp\/v2\/types\/product"}],"wp:featuredmedia":[{"embeddable":true,"href":"http:\/\/www.waltec.com.cn\/es\/wp-json\/wp\/v2\/media\/1990"}],"wp:attachment":[{"href":"http:\/\/www.waltec.com.cn\/es\/wp-json\/wp\/v2\/media?parent=1989"}],"wp:term":[{"taxonomy":"product_cat","embeddable":true,"href":"http:\/\/www.waltec.com.cn\/es\/wp-json\/wp\/v2\/product_cat?post=1989"},{"taxonomy":"product_tag","embeddable":true,"href":"http:\/\/www.waltec.com.cn\/es\/wp-json\/wp\/v2\/product_tag?post=1989"}],"curies":[{"name":"wp","href":"https:\/\/api.w.org\/{rel}","templated":true}]}}