{"id":1991,"date":"2024-12-06T10:25:06","date_gmt":"2024-12-06T02:25:06","guid":{"rendered":"http:\/\/www.waltec.com.cn\/?post_type=product&#038;p=1991"},"modified":"2025-01-23T15:33:40","modified_gmt":"2025-01-23T07:33:40","slug":"zxq-5-sample-mosaic-machine","status":"publish","type":"product","link":"http:\/\/www.waltec.com.cn\/es\/producto\/zxq-5-sample-mosaic-machine\/","title":{"rendered":"M\u00e1quina de mosaico de muestras ZXQ-5"},"content":{"rendered":"<p>La m\u00e1quina de mosaico de muestras ZXQ-5 est\u00e1 dise\u00f1ada para permitir que aquellas muestras cuya forma o tama\u00f1o no sean adecuados para cumplir con los pasos de preparaci\u00f3n de muestras posteriores obtengan el plano de prueba requerido;<\/p>\n<p>O para proteger los bordes o evitar defectos superficiales causados \u200b\u200bpor el proceso de preparaci\u00f3n.<\/p>\n<p>En el laboratorio metalogr\u00e1fico moderno, la m\u00e1quina pulidora\/esmeriladora semiautom\u00e1tica o autom\u00e1tica ampliamente utilizada tiene especificaciones para el tama\u00f1o de la muestra, para cumplir con este requisito, la muestra debe ser incrustada, por lo que la m\u00e1quina de incrustaciones se ha convertido en uno de los equipos importantes en el laboratorio metalogr\u00e1fico.<\/p>\n<p>Esta m\u00e1quina pertenece a la m\u00e1quina autom\u00e1tica de mosaico de muestras metalogr\u00e1ficas, con la funci\u00f3n de enfriamiento de agua dentro y fuera, adecuada para el fraguado en caliente de todos los materiales (termoestables y termopl\u00e1sticos), despu\u00e9s de configurar la temperatura de calentamiento, el tiempo de retenci\u00f3n, la fuerza y \u200b\u200botros par\u00e1metros de configuraci\u00f3n, coloque la muestra y el material de mosaico, cubra la gl\u00e1ndula, presione el bot\u00f3n de trabajo, puede completar autom\u00e1ticamente el trabajo de configuraci\u00f3n, sin el operador de servicio al lado de la m\u00e1quina.<\/p>\n<p>De acuerdo con los diferentes requisitos de la muestra, se pueden seleccionar arbitrariamente para reemplazar 4 especificaciones del molde, tambi\u00e9n se pueden prensar dos muestras al mismo tiempo, la capacidad de preparaci\u00f3n se duplica.<\/p>\n<table>\n<tbody>\n<tr>\n<td colspan=\"2\" width=\"100.0000%\"><strong>Especificaciones t\u00e9cnicas principales:<\/strong><\/td>\n<\/tr>\n<tr>\n<td width=\"25.0800%\">Especificaciones de la matriz:<\/td>\n<td width=\"74.9000%\">\u03c6 25mm\u03c6 30mm\u03c6 40mm\u03c6 50mm<\/td>\n<\/tr>\n<tr>\n<td width=\"25.0800%\">Fuerza:<\/td>\n<td width=\"74.9000%\">220V 50HZ<\/td>\n<\/tr>\n<tr>\n<td width=\"25.0800%\">Consumo m\u00e1ximo de energ\u00eda:<\/td>\n<td width=\"74.9000%\">1600W<\/td>\n<\/tr>\n<tr>\n<td width=\"25.0800%\">Rango de ajuste de presi\u00f3n del sistema:<\/td>\n<td width=\"74.9000%\">0~2 MPa (rango de presi\u00f3n relativa de la muestra: 0~72 MPa)<\/td>\n<\/tr>\n<tr>\n<td width=\"25.0800%\">Rango de ajuste de temperatura:<\/td>\n<td width=\"74.9000%\">0~300\u2103<\/td>\n<\/tr>\n<tr>\n<td width=\"25.0800%\">Rango de ajuste del tiempo de retenci\u00f3n:<\/td>\n<td width=\"74.9000%\">0~99min\u00a099\u00a0sec<\/td>\n<\/tr>\n<tr>\n<td width=\"25.0800%\">dimensi\u00f3n l\u00edmite:<\/td>\n<td width=\"74.9000%\">625\u00d7583\u00d7565mm<\/td>\n<\/tr>\n<tr>\n<td width=\"25.0800%\">Peso:<\/td>\n<td width=\"74.9000%\">95KG<\/td>\n<\/tr>\n<tr>\n<td width=\"25.0800%\">Tipo de refrigeraci\u00f3n:<\/td>\n<td width=\"74.9000%\">refrigeraci\u00f3n por agua<\/td>\n<\/tr>\n<\/tbody>\n<\/table>","protected":false},"excerpt":{"rendered":"<p>The ZXQ-5 sample mosaic machine is designed to enable those samples whose shape or size is not suitable to meet the subsequent sample preparation steps to obtain the required test plane; Or to protect edges or prevent surface defects caused by the preparation process. In the modern metallographic laboratory, the widely used semi-automatic or automatic [&hellip;]<\/p>","protected":false},"featured_media":1992,"template":"","meta":{"_uag_custom_page_level_css":"","site-sidebar-layout":"default","site-content-layout":"","ast-site-content-layout":"default","site-content-style":"default","site-sidebar-style":"default","ast-global-header-display":"","ast-banner-title-visibility":"","ast-main-header-display":"","ast-hfb-above-header-display":"","ast-hfb-below-header-display":"","ast-hfb-mobile-header-display":"","site-post-title":"","ast-breadcrumbs-content":"","ast-featured-img":"","footer-sml-layout":"","theme-transparent-header-meta":"default","adv-header-id-meta":"","stick-header-meta":"","header-above-stick-meta":"","header-main-stick-meta":"","header-below-stick-meta":"","astra-migrate-meta-layouts":"set","ast-page-background-enabled":"default","ast-page-background-meta":{"desktop":{"background-color":"var(--ast-global-color-4)","background-image":"","background-repeat":"repeat","background-position":"center center","background-size":"auto","background-attachment":"scroll","background-type":"","background-media":"","overlay-type":"","overlay-color":"","overlay-opacity":"","overlay-gradient":""},"tablet":{"background-color":"","background-image":"","background-repeat":"repeat","background-position":"center center","background-size":"auto","background-attachment":"scroll","background-type":"","background-media":"","overlay-type":"","overlay-color":"","overlay-opacity":"","overlay-gradient":""},"mobile":{"background-color":"","background-image":"","background-repeat":"repeat","background-position":"center center","background-size":"auto","background-attachment":"scroll","background-type":"","background-media":"","overlay-type":"","overlay-color":"","overlay-opacity":"","overlay-gradient":""}},"ast-content-background-meta":{"desktop":{"background-color":"var(--ast-global-color-5)","background-image":"","background-repeat":"repeat","background-position":"center center","background-size":"auto","background-attachment":"scroll","background-type":"","background-media":"","overlay-type":"","overlay-color":"","overlay-opacity":"","overlay-gradient":""},"tablet":{"background-color":"var(--ast-global-color-5)","background-image":"","background-repeat":"repeat","background-position":"center center","background-size":"auto","background-attachment":"scroll","background-type":"","background-media":"","overlay-type":"","overlay-color":"","overlay-opacity":"","overlay-gradient":""},"mobile":{"background-color":"var(--ast-global-color-5)","background-image":"","background-repeat":"repeat","background-position":"center center","background-size":"auto","background-attachment":"scroll","background-type":"","background-media":"","overlay-type":"","overlay-color":"","overlay-opacity":"","overlay-gradient":""}}},"product_cat":[35],"product_tag":[],"class_list":{"0":"post-1991","1":"product","2":"type-product","3":"status-publish","4":"has-post-thumbnail","6":"product_cat-metallography","7":"desktop-align-left","8":"tablet-align-left","9":"mobile-align-left","11":"first","12":"instock","13":"shipping-taxable","14":"product-type-simple"},"yoast_head":"<!-- This site is optimized with the Yoast SEO Premium plugin v22.5 (Yoast SEO v24.3) - https:\/\/yoast.com\/wordpress\/plugins\/seo\/ -->\r\n<title>ZXQ-5 sample mosaic machine - Jswaltec Testing machine<\/title>\r\n<meta name=\"description\" content=\"ZXQ-5 sample mosaic machine -\" \/>\r\n<meta name=\"robots\" content=\"index, follow, max-snippet:-1, max-image-preview:large, max-video-preview:-1\" \/>\r\n<link rel=\"canonical\" href=\"http:\/\/www.waltec.com.cn\/es\/producto\/zxq-5-sample-mosaic-machine\/\" \/>\r\n<meta property=\"og:locale\" content=\"es_ES\" \/>\r\n<meta property=\"og:type\" content=\"article\" \/>\r\n<meta property=\"og:title\" content=\"ZXQ-5 sample mosaic machine\" \/>\r\n<meta property=\"og:description\" content=\"ZXQ-5 sample mosaic machine -\" \/>\r\n<meta property=\"og:url\" content=\"http:\/\/www.waltec.com.cn\/es\/producto\/zxq-5-sample-mosaic-machine\/\" \/>\r\n<meta property=\"og:site_name\" content=\"Jswaltec Testing machine\" \/>\r\n<meta property=\"article:modified_time\" content=\"2025-01-23T07:33:40+00:00\" \/>\r\n<meta property=\"og:image\" content=\"http:\/\/www.waltec.com.cn\/wp-content\/uploads\/2024\/12\/f9e10c1a2c9b8389.webp\" \/>\r\n\t<meta property=\"og:image:width\" content=\"466\" \/>\r\n\t<meta property=\"og:image:height\" content=\"371\" \/>\r\n\t<meta property=\"og:image:type\" content=\"image\/webp\" \/>\r\n<meta name=\"twitter:card\" content=\"summary_large_image\" \/>\r\n<meta name=\"twitter:label1\" content=\"Tiempo de lectura\" \/>\n\t<meta name=\"twitter:data1\" content=\"2 minutos\" \/>\r\n<script type=\"application\/ld+json\" class=\"yoast-schema-graph\">{\"@context\":\"https:\/\/schema.org\",\"@graph\":[{\"@type\":\"WebPage\",\"@id\":\"http:\/\/www.waltec.com.cn\/product\/zxq-5-sample-mosaic-machine\/\",\"url\":\"http:\/\/www.waltec.com.cn\/product\/zxq-5-sample-mosaic-machine\/\",\"name\":\"ZXQ-5 sample mosaic machine - Jswaltec Testing machine\",\"isPartOf\":{\"@id\":\"http:\/\/www.waltec.com.cn\/#website\"},\"primaryImageOfPage\":{\"@id\":\"http:\/\/www.waltec.com.cn\/product\/zxq-5-sample-mosaic-machine\/#primaryimage\"},\"image\":{\"@id\":\"http:\/\/www.waltec.com.cn\/product\/zxq-5-sample-mosaic-machine\/#primaryimage\"},\"thumbnailUrl\":\"http:\/\/www.waltec.com.cn\/wp-content\/uploads\/2024\/12\/f9e10c1a2c9b8389.webp\",\"datePublished\":\"2024-12-06T02:25:06+00:00\",\"dateModified\":\"2025-01-23T07:33:40+00:00\",\"description\":\"ZXQ-5 sample mosaic machine -\",\"breadcrumb\":{\"@id\":\"http:\/\/www.waltec.com.cn\/product\/zxq-5-sample-mosaic-machine\/#breadcrumb\"},\"inLanguage\":\"es\",\"potentialAction\":[{\"@type\":\"ReadAction\",\"target\":[\"http:\/\/www.waltec.com.cn\/product\/zxq-5-sample-mosaic-machine\/\"]}]},{\"@type\":\"ImageObject\",\"inLanguage\":\"es\",\"@id\":\"http:\/\/www.waltec.com.cn\/product\/zxq-5-sample-mosaic-machine\/#primaryimage\",\"url\":\"http:\/\/www.waltec.com.cn\/wp-content\/uploads\/2024\/12\/f9e10c1a2c9b8389.webp\",\"contentUrl\":\"http:\/\/www.waltec.com.cn\/wp-content\/uploads\/2024\/12\/f9e10c1a2c9b8389.webp\",\"width\":466,\"height\":371},{\"@type\":\"BreadcrumbList\",\"@id\":\"http:\/\/www.waltec.com.cn\/product\/zxq-5-sample-mosaic-machine\/#breadcrumb\",\"itemListElement\":[{\"@type\":\"ListItem\",\"position\":1,\"name\":\"Home\",\"item\":\"http:\/\/www.waltec.com.cn\/\"},{\"@type\":\"ListItem\",\"position\":2,\"name\":\"Products\",\"item\":\"http:\/\/www.waltec.com.cn\/shop\/\"},{\"@type\":\"ListItem\",\"position\":3,\"name\":\"ZXQ-5 sample mosaic machine\"}]},{\"@type\":\"WebSite\",\"@id\":\"http:\/\/www.waltec.com.cn\/#website\",\"url\":\"http:\/\/www.waltec.com.cn\/\",\"name\":\"Jswaltec Testing machine\",\"description\":\"\",\"publisher\":{\"@id\":\"http:\/\/www.waltec.com.cn\/#organization\"},\"potentialAction\":[{\"@type\":\"SearchAction\",\"target\":{\"@type\":\"EntryPoint\",\"urlTemplate\":\"http:\/\/www.waltec.com.cn\/?s={search_term_string}\"},\"query-input\":{\"@type\":\"PropertyValueSpecification\",\"valueRequired\":true,\"valueName\":\"search_term_string\"}}],\"inLanguage\":\"es\"},{\"@type\":\"Organization\",\"@id\":\"http:\/\/www.waltec.com.cn\/#organization\",\"name\":\"JIANGSU WALLONG-HSIN MACHINERY ENGINEERING CORPORATION LTD.\",\"url\":\"http:\/\/www.waltec.com.cn\/\",\"logo\":{\"@type\":\"ImageObject\",\"inLanguage\":\"es\",\"@id\":\"http:\/\/www.waltec.com.cn\/#\/schema\/logo\/image\/\",\"url\":\"http:\/\/www.waltec.com.cn\/wp-content\/uploads\/2024\/08\/01.jpg\",\"contentUrl\":\"http:\/\/www.waltec.com.cn\/wp-content\/uploads\/2024\/08\/01.jpg\",\"width\":1217,\"height\":221,\"caption\":\"JIANGSU WALLONG-HSIN MACHINERY ENGINEERING CORPORATION LTD.\"},\"image\":{\"@id\":\"http:\/\/www.waltec.com.cn\/#\/schema\/logo\/image\/\"}}]}<\/script>\r\n<!-- \/ Yoast SEO Premium plugin. -->","yoast_head_json":{"title":"ZXQ-5 sample mosaic machine - Jswaltec Testing machine","description":"ZXQ-5 sample mosaic machine -","robots":{"index":"index","follow":"follow","max-snippet":"max-snippet:-1","max-image-preview":"max-image-preview:large","max-video-preview":"max-video-preview:-1"},"canonical":"http:\/\/www.waltec.com.cn\/es\/producto\/zxq-5-sample-mosaic-machine\/","og_locale":"es_ES","og_type":"article","og_title":"ZXQ-5 sample mosaic machine","og_description":"ZXQ-5 sample mosaic machine -","og_url":"http:\/\/www.waltec.com.cn\/es\/producto\/zxq-5-sample-mosaic-machine\/","og_site_name":"Jswaltec Testing machine","article_modified_time":"2025-01-23T07:33:40+00:00","og_image":[{"width":466,"height":371,"url":"http:\/\/www.waltec.com.cn\/wp-content\/uploads\/2024\/12\/f9e10c1a2c9b8389.webp","type":"image\/webp"}],"twitter_card":"summary_large_image","twitter_misc":{"Tiempo de lectura":"2 minutos"},"schema":{"@context":"https:\/\/schema.org","@graph":[{"@type":"WebPage","@id":"http:\/\/www.waltec.com.cn\/product\/zxq-5-sample-mosaic-machine\/","url":"http:\/\/www.waltec.com.cn\/product\/zxq-5-sample-mosaic-machine\/","name":"ZXQ-5 sample mosaic machine - Jswaltec Testing machine","isPartOf":{"@id":"http:\/\/www.waltec.com.cn\/#website"},"primaryImageOfPage":{"@id":"http:\/\/www.waltec.com.cn\/product\/zxq-5-sample-mosaic-machine\/#primaryimage"},"image":{"@id":"http:\/\/www.waltec.com.cn\/product\/zxq-5-sample-mosaic-machine\/#primaryimage"},"thumbnailUrl":"http:\/\/www.waltec.com.cn\/wp-content\/uploads\/2024\/12\/f9e10c1a2c9b8389.webp","datePublished":"2024-12-06T02:25:06+00:00","dateModified":"2025-01-23T07:33:40+00:00","description":"ZXQ-5 sample mosaic machine -","breadcrumb":{"@id":"http:\/\/www.waltec.com.cn\/product\/zxq-5-sample-mosaic-machine\/#breadcrumb"},"inLanguage":"es","potentialAction":[{"@type":"ReadAction","target":["http:\/\/www.waltec.com.cn\/product\/zxq-5-sample-mosaic-machine\/"]}]},{"@type":"ImageObject","inLanguage":"es","@id":"http:\/\/www.waltec.com.cn\/product\/zxq-5-sample-mosaic-machine\/#primaryimage","url":"http:\/\/www.waltec.com.cn\/wp-content\/uploads\/2024\/12\/f9e10c1a2c9b8389.webp","contentUrl":"http:\/\/www.waltec.com.cn\/wp-content\/uploads\/2024\/12\/f9e10c1a2c9b8389.webp","width":466,"height":371},{"@type":"BreadcrumbList","@id":"http:\/\/www.waltec.com.cn\/product\/zxq-5-sample-mosaic-machine\/#breadcrumb","itemListElement":[{"@type":"ListItem","position":1,"name":"Home","item":"http:\/\/www.waltec.com.cn\/"},{"@type":"ListItem","position":2,"name":"Products","item":"http:\/\/www.waltec.com.cn\/shop\/"},{"@type":"ListItem","position":3,"name":"ZXQ-5 sample mosaic machine"}]},{"@type":"WebSite","@id":"http:\/\/www.waltec.com.cn\/#website","url":"http:\/\/www.waltec.com.cn\/","name":"Jswaltec Testing machine","description":"","publisher":{"@id":"http:\/\/www.waltec.com.cn\/#organization"},"potentialAction":[{"@type":"SearchAction","target":{"@type":"EntryPoint","urlTemplate":"http:\/\/www.waltec.com.cn\/?s={search_term_string}"},"query-input":{"@type":"PropertyValueSpecification","valueRequired":true,"valueName":"search_term_string"}}],"inLanguage":"es"},{"@type":"Organization","@id":"http:\/\/www.waltec.com.cn\/#organization","name":"JIANGSU WALLONG-HSIN MACHINERY ENGINEERING CORPORATION LTD.","url":"http:\/\/www.waltec.com.cn\/","logo":{"@type":"ImageObject","inLanguage":"es","@id":"http:\/\/www.waltec.com.cn\/#\/schema\/logo\/image\/","url":"http:\/\/www.waltec.com.cn\/wp-content\/uploads\/2024\/08\/01.jpg","contentUrl":"http:\/\/www.waltec.com.cn\/wp-content\/uploads\/2024\/08\/01.jpg","width":1217,"height":221,"caption":"JIANGSU WALLONG-HSIN MACHINERY ENGINEERING CORPORATION LTD."},"image":{"@id":"http:\/\/www.waltec.com.cn\/#\/schema\/logo\/image\/"}}]}},"uagb_featured_image_src":{"full":["http:\/\/www.waltec.com.cn\/wp-content\/uploads\/2024\/12\/f9e10c1a2c9b8389.webp",466,371,false],"thumbnail":["http:\/\/www.waltec.com.cn\/wp-content\/uploads\/2024\/12\/f9e10c1a2c9b8389.webp",150,119,false],"medium":["http:\/\/www.waltec.com.cn\/wp-content\/uploads\/2024\/12\/f9e10c1a2c9b8389.webp",300,239,false],"medium_large":["http:\/\/www.waltec.com.cn\/wp-content\/uploads\/2024\/12\/f9e10c1a2c9b8389.webp",466,371,false],"large":["http:\/\/www.waltec.com.cn\/wp-content\/uploads\/2024\/12\/f9e10c1a2c9b8389.webp",466,371,false],"1536x1536":["http:\/\/www.waltec.com.cn\/wp-content\/uploads\/2024\/12\/f9e10c1a2c9b8389.webp",466,371,false],"2048x2048":["http:\/\/www.waltec.com.cn\/wp-content\/uploads\/2024\/12\/f9e10c1a2c9b8389.webp",466,371,false],"trp-custom-language-flag":["http:\/\/www.waltec.com.cn\/wp-content\/uploads\/2024\/12\/f9e10c1a2c9b8389.webp",15,12,false],"woocommerce_thumbnail":["http:\/\/www.waltec.com.cn\/wp-content\/uploads\/2024\/12\/f9e10c1a2c9b8389-300x300.webp",300,300,true],"woocommerce_single":["http:\/\/www.waltec.com.cn\/wp-content\/uploads\/2024\/12\/f9e10c1a2c9b8389.webp",466,371,false],"woocommerce_gallery_thumbnail":["http:\/\/www.waltec.com.cn\/wp-content\/uploads\/2024\/12\/f9e10c1a2c9b8389-100x100.webp",100,100,true]},"uagb_author_info":{"display_name":"Jswaltec","author_link":"http:\/\/www.waltec.com.cn\/es\/author\/"},"uagb_comment_info":0,"uagb_excerpt":"The ZXQ-5 sample mosaic machine is designed to enable those samples whose shape or size is not suitable to meet the subsequent sample preparation steps to obtain the required test plane; Or to protect edges or prevent surface defects caused by the preparation process. In the modern metallographic laboratory, the widely used semi-automatic or automatic&hellip;","_links":{"self":[{"href":"http:\/\/www.waltec.com.cn\/es\/wp-json\/wp\/v2\/product\/1991","targetHints":{"allow":["GET"]}}],"collection":[{"href":"http:\/\/www.waltec.com.cn\/es\/wp-json\/wp\/v2\/product"}],"about":[{"href":"http:\/\/www.waltec.com.cn\/es\/wp-json\/wp\/v2\/types\/product"}],"wp:featuredmedia":[{"embeddable":true,"href":"http:\/\/www.waltec.com.cn\/es\/wp-json\/wp\/v2\/media\/1992"}],"wp:attachment":[{"href":"http:\/\/www.waltec.com.cn\/es\/wp-json\/wp\/v2\/media?parent=1991"}],"wp:term":[{"taxonomy":"product_cat","embeddable":true,"href":"http:\/\/www.waltec.com.cn\/es\/wp-json\/wp\/v2\/product_cat?post=1991"},{"taxonomy":"product_tag","embeddable":true,"href":"http:\/\/www.waltec.com.cn\/es\/wp-json\/wp\/v2\/product_tag?post=1991"}],"curies":[{"name":"wp","href":"https:\/\/api.w.org\/{rel}","templated":true}]}}