{"id":1994,"date":"2024-12-06T10:30:49","date_gmt":"2024-12-06T02:30:49","guid":{"rendered":"http:\/\/www.waltec.com.cn\/?post_type=product&#038;p=1994"},"modified":"2025-03-17T09:50:50","modified_gmt":"2025-03-17T01:50:50","slug":"zxq-2-automatic-metallographic-sample-mosaic-machine","status":"publish","type":"product","link":"http:\/\/www.waltec.com.cn\/es\/producto\/zxq-2-automatic-metallographic-sample-mosaic-machine\/","title":{"rendered":"M\u00e1quina autom\u00e1tica para mosaicos metalogr\u00e1ficos de muestras ZXQ-2"},"content":{"rendered":"<p>Para el an\u00e1lisis de muestras metalogr\u00e1ficas y petrogr\u00e1ficas, la incrustaci\u00f3n es el primer proceso de preparaci\u00f3n de la muestra, especialmente para algunas muestras peque\u00f1as que no son f\u00e1ciles de manipular, muestras con forma irregular o muestras que necesitan ser molidas y pulidas autom\u00e1ticamente, la incrustaci\u00f3n es un proceso importante antes de la preparaci\u00f3n de la muestra.<\/p>\n<p>Espa\u00f1ol La m\u00e1quina autom\u00e1tica de mosaico de muestras metalogr\u00e1ficas ZXQ-2 es un equipo avanzado de configuraci\u00f3n autom\u00e1tica de muestras.   Todo el proceso de mosaico se puede programar para controlar.   Se realiza la operaci\u00f3n con un solo clic de calentamiento, presi\u00f3n, sujeci\u00f3n de carga, enfriamiento y descarga.   La m\u00e1quina autom\u00e1tica de mosaico de muestras litogr\u00e1ficas metalogr\u00e1ficas ZXQ-2 se ha solidificado, especialmente para materiales termoendurecibles, como polvo de jade el\u00e9ctrico, polvo de baquelita y otros materiales.   La m\u00e1quina autom\u00e1tica de mosaico de muestras metalogr\u00e1ficas ZXQ-2 tiene las caracter\u00edsticas de una m\u00e1quina m\u00faltiple, puede cambiar f\u00e1cilmente la manga de matriz de acero, libre elecci\u00f3n de \u03c622, \u03c630, \u03c645 y otros tama\u00f1os de incrustaci\u00f3n.   Por lo tanto, tiene una amplia gama de aplicabilidad.   El uso de la m\u00e1quina autom\u00e1tica de mosaico de muestras metalogr\u00e1ficas ZXQ-2, para que su trabajo de preparaci\u00f3n de muestras sea m\u00e1s f\u00e1cil y menos laborioso, mejor y m\u00e1s estable.<\/p>\n<table>\n<tbody>\n<tr>\n<td colspan=\"2\" width=\"100.0000%\"><strong>Especificaciones t\u00e9cnicas principales:<\/strong><\/td>\n<\/tr>\n<tr>\n<td width=\"25.0800%\">Especificaciones de prensado de muestras:<\/td>\n<td width=\"74.9000%\">\u044422mm\u3001\u044430mm\u3001\u044445mm<\/td>\n<\/tr>\n<tr>\n<td width=\"25.0800%\">calentador:<\/td>\n<td width=\"74.9000%\">220V\u00a0650W<\/td>\n<\/tr>\n<tr>\n<td width=\"25.0800%\">Potencia total de suministro:<\/td>\n<td width=\"74.9000%\">1000W<\/td>\n<\/tr>\n<tr>\n<td width=\"25.0800%\">transductor:<\/td>\n<td width=\"74.9000%\">300W<\/td>\n<\/tr>\n<tr>\n<td width=\"25.0800%\">Tipo de enfriamiento:<\/td>\n<td width=\"74.9000%\">refrigeraci\u00f3n por agua<\/td>\n<\/tr>\n<tr>\n<td width=\"25.0800%\">dimensi\u00f3n l\u00edmite:<\/td>\n<td width=\"74.9000%\">485\u00d7457\u00d7435mm<\/td>\n<\/tr>\n<tr>\n<td width=\"25.0800%\">Peso:<\/td>\n<td width=\"74.9000%\">50Kg<\/td>\n<\/tr>\n<\/tbody>\n<\/table>\n<p>&nbsp;<\/p>","protected":false},"excerpt":{"rendered":"<p>For the analysis of metallographic and petrographic samples, inlay is the first process of sample preparation, especially for some small samples that are not easy to handle, samples with irregular shape or samples that need to be automatically ground and polished, inlay is an important process before sample preparation. ZXQ-2 automatic metallographic sample mosaic\u00a0machine is [&hellip;]<\/p>","protected":false},"featured_media":1993,"template":"","meta":{"_uag_custom_page_level_css":"","site-sidebar-layout":"default","site-content-layout":"","ast-site-content-layout":"default","site-content-style":"default","site-sidebar-style":"default","ast-global-header-display":"","ast-banner-title-visibility":"","ast-main-header-display":"","ast-hfb-above-header-display":"","ast-hfb-below-header-display":"","ast-hfb-mobile-header-display":"","site-post-title":"","ast-breadcrumbs-content":"","ast-featured-img":"","footer-sml-layout":"","theme-transparent-header-meta":"default","adv-header-id-meta":"","stick-header-meta":"","header-above-stick-meta":"","header-main-stick-meta":"","header-below-stick-meta":"","astra-migrate-meta-layouts":"set","ast-page-background-enabled":"default","ast-page-background-meta":{"desktop":{"background-color":"var(--ast-global-color-4)","background-image":"","background-repeat":"repeat","background-position":"center center","background-size":"auto","background-attachment":"scroll","background-type":"","background-media":"","overlay-type":"","overlay-color":"","overlay-opacity":"","overlay-gradient":""},"tablet":{"background-color":"","background-image":"","background-repeat":"repeat","background-position":"center center","background-size":"auto","background-attachment":"scroll","background-type":"","background-media":"","overlay-type":"","overlay-color":"","overlay-opacity":"","overlay-gradient":""},"mobile":{"background-color":"","background-image":"","background-repeat":"repeat","background-position":"center center","background-size":"auto","background-attachment":"scroll","background-type":"","background-media":"","overlay-type":"","overlay-color":"","overlay-opacity":"","overlay-gradient":""}},"ast-content-background-meta":{"desktop":{"background-color":"var(--ast-global-color-5)","background-image":"","background-repeat":"repeat","background-position":"center center","background-size":"auto","background-attachment":"scroll","background-type":"","background-media":"","overlay-type":"","overlay-color":"","overlay-opacity":"","overlay-gradient":""},"tablet":{"background-color":"var(--ast-global-color-5)","background-image":"","background-repeat":"repeat","background-position":"center center","background-size":"auto","background-attachment":"scroll","background-type":"","background-media":"","overlay-type":"","overlay-color":"","overlay-opacity":"","overlay-gradient":""},"mobile":{"background-color":"var(--ast-global-color-5)","background-image":"","background-repeat":"repeat","background-position":"center center","background-size":"auto","background-attachment":"scroll","background-type":"","background-media":"","overlay-type":"","overlay-color":"","overlay-opacity":"","overlay-gradient":""}}},"product_cat":[35],"product_tag":[],"class_list":{"0":"post-1994","1":"product","2":"type-product","3":"status-publish","4":"has-post-thumbnail","6":"product_cat-metallography","7":"desktop-align-left","8":"tablet-align-left","9":"mobile-align-left","11":"first","12":"instock","13":"shipping-taxable","14":"product-type-simple"},"yoast_head":"<!-- This site is optimized with the Yoast SEO Premium plugin v22.5 (Yoast SEO v24.3) - https:\/\/yoast.com\/wordpress\/plugins\/seo\/ -->\r\n<title>ZXQ-2 automatic metallographic sample mosaic machine - Jswaltec Testing machine<\/title>\r\n<meta name=\"description\" content=\"ZXQ-2 automatic metallographic sample mosaic machine -\" \/>\r\n<meta name=\"robots\" content=\"index, follow, max-snippet:-1, max-image-preview:large, max-video-preview:-1\" \/>\r\n<link rel=\"canonical\" href=\"http:\/\/www.waltec.com.cn\/es\/producto\/zxq-2-automatic-metallographic-sample-mosaic-machine\/\" \/>\r\n<meta property=\"og:locale\" content=\"es_ES\" \/>\r\n<meta property=\"og:type\" content=\"article\" \/>\r\n<meta property=\"og:title\" content=\"ZXQ-2 automatic metallographic sample mosaic machine\" \/>\r\n<meta property=\"og:description\" content=\"ZXQ-2 automatic metallographic sample mosaic machine -\" \/>\r\n<meta property=\"og:url\" content=\"http:\/\/www.waltec.com.cn\/es\/producto\/zxq-2-automatic-metallographic-sample-mosaic-machine\/\" \/>\r\n<meta property=\"og:site_name\" content=\"Jswaltec Testing machine\" \/>\r\n<meta property=\"article:modified_time\" content=\"2025-03-17T01:50:50+00:00\" \/>\r\n<meta property=\"og:image\" content=\"http:\/\/www.waltec.com.cn\/wp-content\/uploads\/2024\/12\/fecf4585fe81e0.webp\" \/>\r\n\t<meta property=\"og:image:width\" content=\"454\" \/>\r\n\t<meta property=\"og:image:height\" content=\"421\" \/>\r\n\t<meta property=\"og:image:type\" content=\"image\/webp\" \/>\r\n<meta name=\"twitter:card\" content=\"summary_large_image\" \/>\r\n<meta name=\"twitter:label1\" content=\"Tiempo de lectura\" \/>\n\t<meta name=\"twitter:data1\" content=\"2 minutos\" \/>\r\n<script type=\"application\/ld+json\" class=\"yoast-schema-graph\">{\"@context\":\"https:\/\/schema.org\",\"@graph\":[{\"@type\":\"WebPage\",\"@id\":\"http:\/\/www.waltec.com.cn\/product\/zxq-2-automatic-metallographic-sample-mosaic-machine\/\",\"url\":\"http:\/\/www.waltec.com.cn\/product\/zxq-2-automatic-metallographic-sample-mosaic-machine\/\",\"name\":\"ZXQ-2 automatic metallographic sample mosaic machine - Jswaltec Testing machine\",\"isPartOf\":{\"@id\":\"http:\/\/www.waltec.com.cn\/#website\"},\"primaryImageOfPage\":{\"@id\":\"http:\/\/www.waltec.com.cn\/product\/zxq-2-automatic-metallographic-sample-mosaic-machine\/#primaryimage\"},\"image\":{\"@id\":\"http:\/\/www.waltec.com.cn\/product\/zxq-2-automatic-metallographic-sample-mosaic-machine\/#primaryimage\"},\"thumbnailUrl\":\"http:\/\/www.waltec.com.cn\/wp-content\/uploads\/2024\/12\/fecf4585fe81e0.webp\",\"datePublished\":\"2024-12-06T02:30:49+00:00\",\"dateModified\":\"2025-03-17T01:50:50+00:00\",\"description\":\"ZXQ-2 automatic metallographic sample mosaic machine -\",\"breadcrumb\":{\"@id\":\"http:\/\/www.waltec.com.cn\/product\/zxq-2-automatic-metallographic-sample-mosaic-machine\/#breadcrumb\"},\"inLanguage\":\"es\",\"potentialAction\":[{\"@type\":\"ReadAction\",\"target\":[\"http:\/\/www.waltec.com.cn\/product\/zxq-2-automatic-metallographic-sample-mosaic-machine\/\"]}]},{\"@type\":\"ImageObject\",\"inLanguage\":\"es\",\"@id\":\"http:\/\/www.waltec.com.cn\/product\/zxq-2-automatic-metallographic-sample-mosaic-machine\/#primaryimage\",\"url\":\"http:\/\/www.waltec.com.cn\/wp-content\/uploads\/2024\/12\/fecf4585fe81e0.webp\",\"contentUrl\":\"http:\/\/www.waltec.com.cn\/wp-content\/uploads\/2024\/12\/fecf4585fe81e0.webp\",\"width\":454,\"height\":421},{\"@type\":\"BreadcrumbList\",\"@id\":\"http:\/\/www.waltec.com.cn\/product\/zxq-2-automatic-metallographic-sample-mosaic-machine\/#breadcrumb\",\"itemListElement\":[{\"@type\":\"ListItem\",\"position\":1,\"name\":\"Home\",\"item\":\"http:\/\/www.waltec.com.cn\/\"},{\"@type\":\"ListItem\",\"position\":2,\"name\":\"Products\",\"item\":\"http:\/\/www.waltec.com.cn\/shop\/\"},{\"@type\":\"ListItem\",\"position\":3,\"name\":\"ZXQ-2 automatic metallographic sample mosaic machine\"}]},{\"@type\":\"WebSite\",\"@id\":\"http:\/\/www.waltec.com.cn\/#website\",\"url\":\"http:\/\/www.waltec.com.cn\/\",\"name\":\"Jswaltec Testing machine\",\"description\":\"\",\"publisher\":{\"@id\":\"http:\/\/www.waltec.com.cn\/#organization\"},\"potentialAction\":[{\"@type\":\"SearchAction\",\"target\":{\"@type\":\"EntryPoint\",\"urlTemplate\":\"http:\/\/www.waltec.com.cn\/?s={search_term_string}\"},\"query-input\":{\"@type\":\"PropertyValueSpecification\",\"valueRequired\":true,\"valueName\":\"search_term_string\"}}],\"inLanguage\":\"es\"},{\"@type\":\"Organization\",\"@id\":\"http:\/\/www.waltec.com.cn\/#organization\",\"name\":\"JIANGSU WALLONG-HSIN MACHINERY ENGINEERING CORPORATION LTD.\",\"url\":\"http:\/\/www.waltec.com.cn\/\",\"logo\":{\"@type\":\"ImageObject\",\"inLanguage\":\"es\",\"@id\":\"http:\/\/www.waltec.com.cn\/#\/schema\/logo\/image\/\",\"url\":\"http:\/\/www.waltec.com.cn\/wp-content\/uploads\/2024\/08\/01.jpg\",\"contentUrl\":\"http:\/\/www.waltec.com.cn\/wp-content\/uploads\/2024\/08\/01.jpg\",\"width\":1217,\"height\":221,\"caption\":\"JIANGSU WALLONG-HSIN MACHINERY ENGINEERING CORPORATION LTD.\"},\"image\":{\"@id\":\"http:\/\/www.waltec.com.cn\/#\/schema\/logo\/image\/\"}}]}<\/script>\r\n<!-- \/ Yoast SEO Premium plugin. -->","yoast_head_json":{"title":"ZXQ-2 automatic metallographic sample mosaic machine - Jswaltec Testing machine","description":"ZXQ-2 automatic metallographic sample mosaic machine -","robots":{"index":"index","follow":"follow","max-snippet":"max-snippet:-1","max-image-preview":"max-image-preview:large","max-video-preview":"max-video-preview:-1"},"canonical":"http:\/\/www.waltec.com.cn\/es\/producto\/zxq-2-automatic-metallographic-sample-mosaic-machine\/","og_locale":"es_ES","og_type":"article","og_title":"ZXQ-2 automatic metallographic sample mosaic machine","og_description":"ZXQ-2 automatic metallographic sample mosaic machine -","og_url":"http:\/\/www.waltec.com.cn\/es\/producto\/zxq-2-automatic-metallographic-sample-mosaic-machine\/","og_site_name":"Jswaltec Testing machine","article_modified_time":"2025-03-17T01:50:50+00:00","og_image":[{"width":454,"height":421,"url":"http:\/\/www.waltec.com.cn\/wp-content\/uploads\/2024\/12\/fecf4585fe81e0.webp","type":"image\/webp"}],"twitter_card":"summary_large_image","twitter_misc":{"Tiempo de lectura":"2 minutos"},"schema":{"@context":"https:\/\/schema.org","@graph":[{"@type":"WebPage","@id":"http:\/\/www.waltec.com.cn\/product\/zxq-2-automatic-metallographic-sample-mosaic-machine\/","url":"http:\/\/www.waltec.com.cn\/product\/zxq-2-automatic-metallographic-sample-mosaic-machine\/","name":"ZXQ-2 automatic metallographic sample mosaic machine - Jswaltec Testing machine","isPartOf":{"@id":"http:\/\/www.waltec.com.cn\/#website"},"primaryImageOfPage":{"@id":"http:\/\/www.waltec.com.cn\/product\/zxq-2-automatic-metallographic-sample-mosaic-machine\/#primaryimage"},"image":{"@id":"http:\/\/www.waltec.com.cn\/product\/zxq-2-automatic-metallographic-sample-mosaic-machine\/#primaryimage"},"thumbnailUrl":"http:\/\/www.waltec.com.cn\/wp-content\/uploads\/2024\/12\/fecf4585fe81e0.webp","datePublished":"2024-12-06T02:30:49+00:00","dateModified":"2025-03-17T01:50:50+00:00","description":"ZXQ-2 automatic metallographic sample mosaic machine -","breadcrumb":{"@id":"http:\/\/www.waltec.com.cn\/product\/zxq-2-automatic-metallographic-sample-mosaic-machine\/#breadcrumb"},"inLanguage":"es","potentialAction":[{"@type":"ReadAction","target":["http:\/\/www.waltec.com.cn\/product\/zxq-2-automatic-metallographic-sample-mosaic-machine\/"]}]},{"@type":"ImageObject","inLanguage":"es","@id":"http:\/\/www.waltec.com.cn\/product\/zxq-2-automatic-metallographic-sample-mosaic-machine\/#primaryimage","url":"http:\/\/www.waltec.com.cn\/wp-content\/uploads\/2024\/12\/fecf4585fe81e0.webp","contentUrl":"http:\/\/www.waltec.com.cn\/wp-content\/uploads\/2024\/12\/fecf4585fe81e0.webp","width":454,"height":421},{"@type":"BreadcrumbList","@id":"http:\/\/www.waltec.com.cn\/product\/zxq-2-automatic-metallographic-sample-mosaic-machine\/#breadcrumb","itemListElement":[{"@type":"ListItem","position":1,"name":"Home","item":"http:\/\/www.waltec.com.cn\/"},{"@type":"ListItem","position":2,"name":"Products","item":"http:\/\/www.waltec.com.cn\/shop\/"},{"@type":"ListItem","position":3,"name":"ZXQ-2 automatic metallographic sample mosaic machine"}]},{"@type":"WebSite","@id":"http:\/\/www.waltec.com.cn\/#website","url":"http:\/\/www.waltec.com.cn\/","name":"Jswaltec Testing machine","description":"","publisher":{"@id":"http:\/\/www.waltec.com.cn\/#organization"},"potentialAction":[{"@type":"SearchAction","target":{"@type":"EntryPoint","urlTemplate":"http:\/\/www.waltec.com.cn\/?s={search_term_string}"},"query-input":{"@type":"PropertyValueSpecification","valueRequired":true,"valueName":"search_term_string"}}],"inLanguage":"es"},{"@type":"Organization","@id":"http:\/\/www.waltec.com.cn\/#organization","name":"JIANGSU WALLONG-HSIN MACHINERY ENGINEERING CORPORATION LTD.","url":"http:\/\/www.waltec.com.cn\/","logo":{"@type":"ImageObject","inLanguage":"es","@id":"http:\/\/www.waltec.com.cn\/#\/schema\/logo\/image\/","url":"http:\/\/www.waltec.com.cn\/wp-content\/uploads\/2024\/08\/01.jpg","contentUrl":"http:\/\/www.waltec.com.cn\/wp-content\/uploads\/2024\/08\/01.jpg","width":1217,"height":221,"caption":"JIANGSU WALLONG-HSIN MACHINERY ENGINEERING CORPORATION LTD."},"image":{"@id":"http:\/\/www.waltec.com.cn\/#\/schema\/logo\/image\/"}}]}},"uagb_featured_image_src":{"full":["http:\/\/www.waltec.com.cn\/wp-content\/uploads\/2024\/12\/fecf4585fe81e0.webp",454,421,false],"thumbnail":["http:\/\/www.waltec.com.cn\/wp-content\/uploads\/2024\/12\/fecf4585fe81e0.webp",150,139,false],"medium":["http:\/\/www.waltec.com.cn\/wp-content\/uploads\/2024\/12\/fecf4585fe81e0.webp",300,278,false],"medium_large":["http:\/\/www.waltec.com.cn\/wp-content\/uploads\/2024\/12\/fecf4585fe81e0.webp",454,421,false],"large":["http:\/\/www.waltec.com.cn\/wp-content\/uploads\/2024\/12\/fecf4585fe81e0.webp",454,421,false],"1536x1536":["http:\/\/www.waltec.com.cn\/wp-content\/uploads\/2024\/12\/fecf4585fe81e0.webp",454,421,false],"2048x2048":["http:\/\/www.waltec.com.cn\/wp-content\/uploads\/2024\/12\/fecf4585fe81e0.webp",454,421,false],"trp-custom-language-flag":["http:\/\/www.waltec.com.cn\/wp-content\/uploads\/2024\/12\/fecf4585fe81e0.webp",13,12,false],"woocommerce_thumbnail":["http:\/\/www.waltec.com.cn\/wp-content\/uploads\/2024\/12\/fecf4585fe81e0-300x300.webp",300,300,true],"woocommerce_single":["http:\/\/www.waltec.com.cn\/wp-content\/uploads\/2024\/12\/fecf4585fe81e0.webp",454,421,false],"woocommerce_gallery_thumbnail":["http:\/\/www.waltec.com.cn\/wp-content\/uploads\/2024\/12\/fecf4585fe81e0-100x100.webp",100,100,true]},"uagb_author_info":{"display_name":"Jswaltec","author_link":"http:\/\/www.waltec.com.cn\/es\/author\/"},"uagb_comment_info":0,"uagb_excerpt":"For the analysis of metallographic and petrographic samples, inlay is the first process of sample preparation, especially for some small samples that are not easy to handle, samples with irregular shape or samples that need to be automatically ground and polished, inlay is an important process before sample preparation. ZXQ-2 automatic metallographic sample mosaic\u00a0machine is&hellip;","_links":{"self":[{"href":"http:\/\/www.waltec.com.cn\/es\/wp-json\/wp\/v2\/product\/1994","targetHints":{"allow":["GET"]}}],"collection":[{"href":"http:\/\/www.waltec.com.cn\/es\/wp-json\/wp\/v2\/product"}],"about":[{"href":"http:\/\/www.waltec.com.cn\/es\/wp-json\/wp\/v2\/types\/product"}],"wp:featuredmedia":[{"embeddable":true,"href":"http:\/\/www.waltec.com.cn\/es\/wp-json\/wp\/v2\/media\/1993"}],"wp:attachment":[{"href":"http:\/\/www.waltec.com.cn\/es\/wp-json\/wp\/v2\/media?parent=1994"}],"wp:term":[{"taxonomy":"product_cat","embeddable":true,"href":"http:\/\/www.waltec.com.cn\/es\/wp-json\/wp\/v2\/product_cat?post=1994"},{"taxonomy":"product_tag","embeddable":true,"href":"http:\/\/www.waltec.com.cn\/es\/wp-json\/wp\/v2\/product_tag?post=1994"}],"curies":[{"name":"wp","href":"https:\/\/api.w.org\/{rel}","templated":true}]}}