{"id":2008,"date":"2024-12-06T13:56:51","date_gmt":"2024-12-06T05:56:51","guid":{"rendered":"http:\/\/www.waltec.com.cn\/?post_type=product&#038;p=2008"},"modified":"2024-12-06T13:59:22","modified_gmt":"2024-12-06T05:59:22","slug":"2008","status":"publish","type":"product","link":"http:\/\/www.waltec.com.cn\/es\/producto\/2008\/","title":{"rendered":"DF56.302 M\u00e1quina autom\u00e1tica de prueba de impacto por ca\u00edda de peso"},"content":{"rendered":"<p>Adopting fully automated control, such as automatic prevention of secondary impact, automatic zeroing of the hammer body, automatic zeroing of the sample, automatic hanging of the hammer, automatic lifting of the hammer to the set height, automatic detection of whether the door is closed, etc. The dedicated control panel and display screen equipped with this machine can meet user testing requirements, displaying real-time experimental information such as impact height, operating speed, and other parameter settings. At the same time, this system has a power failure protection function to ensure the data integrity of the impact height set in the test after power failure. This machine is a testing equipment for impact resistance testing of various non-metallic pipes and plates (including non-metallic materials such as plastics, ceramics, nylon, building materials, etc.). It is an indispensable testing instrument for pipe and sheet manufacturers, product quality inspection institutes, universities, and research institutions.<\/p>\n<p><strong><b>Standards<\/b><\/strong><\/p>\n<ol>\n<li>GB\/T 14152-2001 &#8220;Test Method for External Impact Resistance ofThermoplastic Pipes: Clockwise Rotation Method&#8221;<\/li>\n<li>GB\/T 10002.1-2006 &#8220;PVC-U pipes for water supply&#8221;: Drop hammer part<\/li>\n<li>GB\/T 5836.1-2006 &#8220;PVC-U pipes for building drainage&#8221;<\/li>\n<li>GB\/T 16800-1997 Core layer foamed rigid polyvinyl chloride (PVC-U) pipes for drainage<\/li>\n<\/ol>\n<p><strong><b>Principales par\u00e1metros t\u00e9cnicos.<\/b><\/strong><\/p>\n<ol>\n<li>Maximum impact energy: 300J<\/li>\n<li>Maximum impact height: 2m<\/li>\n<li>Maximum sample diameter: \u03a6 400mm<\/li>\n<li>Hammer radius: D25 (SR50), D90 (SR50)<\/li>\n<li>Host power supply: AC single-phase, 220V \u00b1 10%, 50Hz, 1.5kW<\/li>\n<li>Host dimensions (L * W * H): About 600mm \u00d7 500mm \u00d7 3200mm<\/li>\n<li>Host weight: About 500kg<\/li>\n<\/ol>\n<p>&nbsp;<\/p>","protected":false},"excerpt":{"rendered":"<p>Adopting fully automated control, such as automatic prevention of secondary impact, automatic zeroing of the hammer body, automatic zeroing of the sample, automatic hanging of the hammer, automatic lifting of the hammer to the set height, automatic detection of whether the door is closed, etc. The dedicated control panel and display screen equipped with this [&hellip;]<\/p>","protected":false},"featured_media":2009,"template":"","meta":{"_uag_custom_page_level_css":"","site-sidebar-layout":"default","site-content-layout":"","ast-site-content-layout":"default","site-content-style":"default","site-sidebar-style":"default","ast-global-header-display":"","ast-banner-title-visibility":"","ast-main-header-display":"","ast-hfb-above-header-display":"","ast-hfb-below-header-display":"","ast-hfb-mobile-header-display":"","site-post-title":"","ast-breadcrumbs-content":"","ast-featured-img":"","footer-sml-layout":"","theme-transparent-header-meta":"default","adv-header-id-meta":"","stick-header-meta":"","header-above-stick-meta":"","header-main-stick-meta":"","header-below-stick-meta":"","astra-migrate-meta-layouts":"set","ast-page-background-enabled":"default","ast-page-background-meta":{"desktop":{"background-color":"var(--ast-global-color-4)","background-image":"","background-repeat":"repeat","background-position":"center center","background-size":"auto","background-attachment":"scroll","background-type":"","background-media":"","overlay-type":"","overlay-color":"","overlay-opacity":"","overlay-gradient":""},"tablet":{"background-color":"","background-image":"","background-repeat":"repeat","background-position":"center center","background-size":"auto","background-attachment":"scroll","background-type":"","background-media":"","overlay-type":"","overlay-color":"","overlay-opacity":"","overlay-gradient":""},"mobile":{"background-color":"","background-image":"","background-repeat":"repeat","background-position":"center center","background-size":"auto","background-attachment":"scroll","background-type":"","background-media":"","overlay-type":"","overlay-color":"","overlay-opacity":"","overlay-gradient":""}},"ast-content-background-meta":{"desktop":{"background-color":"var(--ast-global-color-5)","background-image":"","background-repeat":"repeat","background-position":"center center","background-size":"auto","background-attachment":"scroll","background-type":"","background-media":"","overlay-type":"","overlay-color":"","overlay-opacity":"","overlay-gradient":""},"tablet":{"background-color":"var(--ast-global-color-5)","background-image":"","background-repeat":"repeat","background-position":"center center","background-size":"auto","background-attachment":"scroll","background-type":"","background-media":"","overlay-type":"","overlay-color":"","overlay-opacity":"","overlay-gradient":""},"mobile":{"background-color":"var(--ast-global-color-5)","background-image":"","background-repeat":"repeat","background-position":"center center","background-size":"auto","background-attachment":"scroll","background-type":"","background-media":"","overlay-type":"","overlay-color":"","overlay-opacity":"","overlay-gradient":""}}},"product_cat":[25],"product_tag":[],"class_list":{"0":"post-2008","1":"product","2":"type-product","3":"status-publish","4":"has-post-thumbnail","6":"product_cat-testing-machines","7":"desktop-align-left","8":"tablet-align-left","9":"mobile-align-left","11":"first","12":"instock","13":"shipping-taxable","14":"product-type-simple"},"yoast_head":"<!-- This site is optimized with the Yoast SEO Premium plugin v22.5 (Yoast SEO v24.3) - https:\/\/yoast.com\/wordpress\/plugins\/seo\/ -->\r\n<title>DF56.302 Automatic drop weight impact testing machine - Jswaltec Testing machine<\/title>\r\n<meta name=\"robots\" content=\"index, follow, max-snippet:-1, max-image-preview:large, max-video-preview:-1\" \/>\r\n<link rel=\"canonical\" href=\"http:\/\/www.waltec.com.cn\/es\/producto\/2008\/\" \/>\r\n<meta property=\"og:locale\" content=\"es_ES\" \/>\r\n<meta property=\"og:type\" content=\"article\" \/>\r\n<meta property=\"og:title\" content=\"DF56.302 Automatic drop weight impact testing machine\" \/>\r\n<meta property=\"og:description\" content=\"Adopting fully automated control, such as automatic prevention of secondary impact, automatic zeroing of the hammer body, automatic zeroing of the sample, automatic hanging of the hammer, automatic lifting of the hammer to the set height, automatic detection of whether the door is closed, etc. The dedicated control panel and display screen equipped with this [&hellip;]\" \/>\r\n<meta property=\"og:url\" content=\"http:\/\/www.waltec.com.cn\/es\/producto\/2008\/\" \/>\r\n<meta property=\"og:site_name\" content=\"Jswaltec Testing machine\" \/>\r\n<meta property=\"article:modified_time\" content=\"2024-12-06T05:59:22+00:00\" \/>\r\n<meta property=\"og:image\" content=\"http:\/\/www.waltec.com.cn\/wp-content\/uploads\/2024\/12\/9575a37a1d0163541f049ccb03051475.webp\" \/>\r\n\t<meta property=\"og:image:width\" content=\"453\" \/>\r\n\t<meta property=\"og:image:height\" content=\"413\" \/>\r\n\t<meta property=\"og:image:type\" content=\"image\/webp\" \/>\r\n<meta name=\"twitter:card\" content=\"summary_large_image\" \/>\r\n<meta name=\"twitter:label1\" content=\"Tiempo de lectura\" \/>\n\t<meta name=\"twitter:data1\" content=\"1 minuto\" \/>\r\n<script type=\"application\/ld+json\" class=\"yoast-schema-graph\">{\"@context\":\"https:\/\/schema.org\",\"@graph\":[{\"@type\":\"WebPage\",\"@id\":\"http:\/\/www.waltec.com.cn\/product\/2008\/\",\"url\":\"http:\/\/www.waltec.com.cn\/product\/2008\/\",\"name\":\"DF56.302 Automatic drop weight impact testing machine - Jswaltec Testing machine\",\"isPartOf\":{\"@id\":\"http:\/\/www.waltec.com.cn\/#website\"},\"primaryImageOfPage\":{\"@id\":\"http:\/\/www.waltec.com.cn\/product\/2008\/#primaryimage\"},\"image\":{\"@id\":\"http:\/\/www.waltec.com.cn\/product\/2008\/#primaryimage\"},\"thumbnailUrl\":\"http:\/\/www.waltec.com.cn\/wp-content\/uploads\/2024\/12\/9575a37a1d0163541f049ccb03051475.webp\",\"datePublished\":\"2024-12-06T05:56:51+00:00\",\"dateModified\":\"2024-12-06T05:59:22+00:00\",\"breadcrumb\":{\"@id\":\"http:\/\/www.waltec.com.cn\/product\/2008\/#breadcrumb\"},\"inLanguage\":\"es\",\"potentialAction\":[{\"@type\":\"ReadAction\",\"target\":[\"http:\/\/www.waltec.com.cn\/product\/2008\/\"]}]},{\"@type\":\"ImageObject\",\"inLanguage\":\"es\",\"@id\":\"http:\/\/www.waltec.com.cn\/product\/2008\/#primaryimage\",\"url\":\"http:\/\/www.waltec.com.cn\/wp-content\/uploads\/2024\/12\/9575a37a1d0163541f049ccb03051475.webp\",\"contentUrl\":\"http:\/\/www.waltec.com.cn\/wp-content\/uploads\/2024\/12\/9575a37a1d0163541f049ccb03051475.webp\",\"width\":453,\"height\":413},{\"@type\":\"BreadcrumbList\",\"@id\":\"http:\/\/www.waltec.com.cn\/product\/2008\/#breadcrumb\",\"itemListElement\":[{\"@type\":\"ListItem\",\"position\":1,\"name\":\"Home\",\"item\":\"http:\/\/www.waltec.com.cn\/\"},{\"@type\":\"ListItem\",\"position\":2,\"name\":\"Products\",\"item\":\"http:\/\/www.waltec.com.cn\/shop\/\"},{\"@type\":\"ListItem\",\"position\":3,\"name\":\"DF56.302 Automatic drop weight impact testing machine\"}]},{\"@type\":\"WebSite\",\"@id\":\"http:\/\/www.waltec.com.cn\/#website\",\"url\":\"http:\/\/www.waltec.com.cn\/\",\"name\":\"Jswaltec Testing machine\",\"description\":\"\",\"publisher\":{\"@id\":\"http:\/\/www.waltec.com.cn\/#organization\"},\"potentialAction\":[{\"@type\":\"SearchAction\",\"target\":{\"@type\":\"EntryPoint\",\"urlTemplate\":\"http:\/\/www.waltec.com.cn\/?s={search_term_string}\"},\"query-input\":{\"@type\":\"PropertyValueSpecification\",\"valueRequired\":true,\"valueName\":\"search_term_string\"}}],\"inLanguage\":\"es\"},{\"@type\":\"Organization\",\"@id\":\"http:\/\/www.waltec.com.cn\/#organization\",\"name\":\"JIANGSU WALLONG-HSIN MACHINERY ENGINEERING CORPORATION LTD.\",\"url\":\"http:\/\/www.waltec.com.cn\/\",\"logo\":{\"@type\":\"ImageObject\",\"inLanguage\":\"es\",\"@id\":\"http:\/\/www.waltec.com.cn\/#\/schema\/logo\/image\/\",\"url\":\"http:\/\/www.waltec.com.cn\/wp-content\/uploads\/2024\/08\/01.jpg\",\"contentUrl\":\"http:\/\/www.waltec.com.cn\/wp-content\/uploads\/2024\/08\/01.jpg\",\"width\":1217,\"height\":221,\"caption\":\"JIANGSU WALLONG-HSIN MACHINERY ENGINEERING CORPORATION LTD.\"},\"image\":{\"@id\":\"http:\/\/www.waltec.com.cn\/#\/schema\/logo\/image\/\"}}]}<\/script>\r\n<!-- \/ Yoast SEO Premium plugin. -->","yoast_head_json":{"title":"DF56.302 Automatic drop weight impact testing machine - Jswaltec Testing machine","robots":{"index":"index","follow":"follow","max-snippet":"max-snippet:-1","max-image-preview":"max-image-preview:large","max-video-preview":"max-video-preview:-1"},"canonical":"http:\/\/www.waltec.com.cn\/es\/producto\/2008\/","og_locale":"es_ES","og_type":"article","og_title":"DF56.302 Automatic drop weight impact testing machine","og_description":"Adopting fully automated control, such as automatic prevention of secondary impact, automatic zeroing of the hammer body, automatic zeroing of the sample, automatic hanging of the hammer, automatic lifting of the hammer to the set height, automatic detection of whether the door is closed, etc. The dedicated control panel and display screen equipped with this [&hellip;]","og_url":"http:\/\/www.waltec.com.cn\/es\/producto\/2008\/","og_site_name":"Jswaltec Testing machine","article_modified_time":"2024-12-06T05:59:22+00:00","og_image":[{"width":453,"height":413,"url":"http:\/\/www.waltec.com.cn\/wp-content\/uploads\/2024\/12\/9575a37a1d0163541f049ccb03051475.webp","type":"image\/webp"}],"twitter_card":"summary_large_image","twitter_misc":{"Tiempo de lectura":"1 minuto"},"schema":{"@context":"https:\/\/schema.org","@graph":[{"@type":"WebPage","@id":"http:\/\/www.waltec.com.cn\/product\/2008\/","url":"http:\/\/www.waltec.com.cn\/product\/2008\/","name":"DF56.302 Automatic drop weight impact testing machine - Jswaltec Testing machine","isPartOf":{"@id":"http:\/\/www.waltec.com.cn\/#website"},"primaryImageOfPage":{"@id":"http:\/\/www.waltec.com.cn\/product\/2008\/#primaryimage"},"image":{"@id":"http:\/\/www.waltec.com.cn\/product\/2008\/#primaryimage"},"thumbnailUrl":"http:\/\/www.waltec.com.cn\/wp-content\/uploads\/2024\/12\/9575a37a1d0163541f049ccb03051475.webp","datePublished":"2024-12-06T05:56:51+00:00","dateModified":"2024-12-06T05:59:22+00:00","breadcrumb":{"@id":"http:\/\/www.waltec.com.cn\/product\/2008\/#breadcrumb"},"inLanguage":"es","potentialAction":[{"@type":"ReadAction","target":["http:\/\/www.waltec.com.cn\/product\/2008\/"]}]},{"@type":"ImageObject","inLanguage":"es","@id":"http:\/\/www.waltec.com.cn\/product\/2008\/#primaryimage","url":"http:\/\/www.waltec.com.cn\/wp-content\/uploads\/2024\/12\/9575a37a1d0163541f049ccb03051475.webp","contentUrl":"http:\/\/www.waltec.com.cn\/wp-content\/uploads\/2024\/12\/9575a37a1d0163541f049ccb03051475.webp","width":453,"height":413},{"@type":"BreadcrumbList","@id":"http:\/\/www.waltec.com.cn\/product\/2008\/#breadcrumb","itemListElement":[{"@type":"ListItem","position":1,"name":"Home","item":"http:\/\/www.waltec.com.cn\/"},{"@type":"ListItem","position":2,"name":"Products","item":"http:\/\/www.waltec.com.cn\/shop\/"},{"@type":"ListItem","position":3,"name":"DF56.302 Automatic drop weight impact testing machine"}]},{"@type":"WebSite","@id":"http:\/\/www.waltec.com.cn\/#website","url":"http:\/\/www.waltec.com.cn\/","name":"Jswaltec Testing machine","description":"","publisher":{"@id":"http:\/\/www.waltec.com.cn\/#organization"},"potentialAction":[{"@type":"SearchAction","target":{"@type":"EntryPoint","urlTemplate":"http:\/\/www.waltec.com.cn\/?s={search_term_string}"},"query-input":{"@type":"PropertyValueSpecification","valueRequired":true,"valueName":"search_term_string"}}],"inLanguage":"es"},{"@type":"Organization","@id":"http:\/\/www.waltec.com.cn\/#organization","name":"JIANGSU WALLONG-HSIN MACHINERY ENGINEERING CORPORATION LTD.","url":"http:\/\/www.waltec.com.cn\/","logo":{"@type":"ImageObject","inLanguage":"es","@id":"http:\/\/www.waltec.com.cn\/#\/schema\/logo\/image\/","url":"http:\/\/www.waltec.com.cn\/wp-content\/uploads\/2024\/08\/01.jpg","contentUrl":"http:\/\/www.waltec.com.cn\/wp-content\/uploads\/2024\/08\/01.jpg","width":1217,"height":221,"caption":"JIANGSU WALLONG-HSIN MACHINERY ENGINEERING CORPORATION LTD."},"image":{"@id":"http:\/\/www.waltec.com.cn\/#\/schema\/logo\/image\/"}}]}},"uagb_featured_image_src":{"full":["http:\/\/www.waltec.com.cn\/wp-content\/uploads\/2024\/12\/9575a37a1d0163541f049ccb03051475.webp",453,413,false],"thumbnail":["http:\/\/www.waltec.com.cn\/wp-content\/uploads\/2024\/12\/9575a37a1d0163541f049ccb03051475.webp",150,137,false],"medium":["http:\/\/www.waltec.com.cn\/wp-content\/uploads\/2024\/12\/9575a37a1d0163541f049ccb03051475.webp",300,274,false],"medium_large":["http:\/\/www.waltec.com.cn\/wp-content\/uploads\/2024\/12\/9575a37a1d0163541f049ccb03051475.webp",453,413,false],"large":["http:\/\/www.waltec.com.cn\/wp-content\/uploads\/2024\/12\/9575a37a1d0163541f049ccb03051475.webp",453,413,false],"1536x1536":["http:\/\/www.waltec.com.cn\/wp-content\/uploads\/2024\/12\/9575a37a1d0163541f049ccb03051475.webp",453,413,false],"2048x2048":["http:\/\/www.waltec.com.cn\/wp-content\/uploads\/2024\/12\/9575a37a1d0163541f049ccb03051475.webp",453,413,false],"trp-custom-language-flag":["http:\/\/www.waltec.com.cn\/wp-content\/uploads\/2024\/12\/9575a37a1d0163541f049ccb03051475.webp",13,12,false],"woocommerce_thumbnail":["http:\/\/www.waltec.com.cn\/wp-content\/uploads\/2024\/12\/9575a37a1d0163541f049ccb03051475-300x300.webp",300,300,true],"woocommerce_single":["http:\/\/www.waltec.com.cn\/wp-content\/uploads\/2024\/12\/9575a37a1d0163541f049ccb03051475.webp",453,413,false],"woocommerce_gallery_thumbnail":["http:\/\/www.waltec.com.cn\/wp-content\/uploads\/2024\/12\/9575a37a1d0163541f049ccb03051475-100x100.webp",100,100,true]},"uagb_author_info":{"display_name":"Jswaltec","author_link":"http:\/\/www.waltec.com.cn\/es\/author\/"},"uagb_comment_info":0,"uagb_excerpt":"Adopting fully automated control, such as automatic prevention of secondary impact, automatic zeroing of the hammer body, automatic zeroing of the sample, automatic hanging of the hammer, automatic lifting of the hammer to the set height, automatic detection of whether the door is closed, etc. The dedicated control panel and display screen equipped with this&hellip;","_links":{"self":[{"href":"http:\/\/www.waltec.com.cn\/es\/wp-json\/wp\/v2\/product\/2008","targetHints":{"allow":["GET"]}}],"collection":[{"href":"http:\/\/www.waltec.com.cn\/es\/wp-json\/wp\/v2\/product"}],"about":[{"href":"http:\/\/www.waltec.com.cn\/es\/wp-json\/wp\/v2\/types\/product"}],"wp:featuredmedia":[{"embeddable":true,"href":"http:\/\/www.waltec.com.cn\/es\/wp-json\/wp\/v2\/media\/2009"}],"wp:attachment":[{"href":"http:\/\/www.waltec.com.cn\/es\/wp-json\/wp\/v2\/media?parent=2008"}],"wp:term":[{"taxonomy":"product_cat","embeddable":true,"href":"http:\/\/www.waltec.com.cn\/es\/wp-json\/wp\/v2\/product_cat?post=2008"},{"taxonomy":"product_tag","embeddable":true,"href":"http:\/\/www.waltec.com.cn\/es\/wp-json\/wp\/v2\/product_tag?post=2008"}],"curies":[{"name":"wp","href":"https:\/\/api.w.org\/{rel}","templated":true}]}}