{"id":2026,"date":"2024-12-13T15:46:17","date_gmt":"2024-12-13T07:46:17","guid":{"rendered":"http:\/\/www.waltec.com.cn\/?post_type=product&#038;p=2026"},"modified":"2025-02-19T13:52:19","modified_gmt":"2025-02-19T05:52:19","slug":"df82-200-mfr-testing-machine","status":"publish","type":"product","link":"http:\/\/www.waltec.com.cn\/es\/producto\/df82-200-mfr-testing-machine\/","title":{"rendered":"M\u00e1quina de pruebas DF82.200 MFR"},"content":{"rendered":"<h2><strong><b>Overview<\/b><\/strong><\/h2>\n<p>Melt flow rate testing machine: a specialized equipment for measuring the melt flow rate of thermoplastic under certain conditions, and can indirectly determine the molecular weight of high polymers. The melt flow rate (melt index) of thermoplastic refers to the mass or volume of molten plastic passing through a standard specimen outlet\u00a0every 10 minutes at a certain temperature and load, expressed as MFR (MI) or MVR value, which can distinguish the viscous flow characteristics of thermoplastic in the molten state. Suitable for testing engineering plastics such as polycarbonate, polyarylsulfone, fluoroplastics, nylon, etc. with high melting temperatures, as well as for testing plastics such as polyethylene (PE), polystyrene (PS), polypropylene (PP), ABS resin, polyoxymethylene (POM), polycarbonate (PC) resin, etc. with low melting temperatures. It is of great significance for ensuring the quality of raw materials and products of thermoplastic plastics and chemical fibers.<\/p>\n<h2><strong><b>Application field<\/b><\/strong><\/h2>\n<p>Widely used in factories, product quality inspection institutes, research institutions and other units for the production, inspection, development, research and other fields of plastics.<\/p>\n<h2><strong><b>Standards<\/b><\/strong><\/h2>\n<ul>\n<li>GB\/T3682-2018 &#8220;Determination of Melt Flow Rate and Melt Volume Flow Rate of Thermoplastic Plastics&#8221;<\/li>\n<li>ISO 1133:1997 &#8220;Determination of Mass Flow Rate (MFR) and Volume Flow Rate (MVR) of Thermoplastic Melts&#8221;<\/li>\n<li>ASTM D1238 &#8220;Standard Test Method for Determining the Melt Flow Rate of Thermoplastic Materials by Extrusion Plastimeter&#8221;<\/li>\n<\/ul>\n<h2><strong><b>Testing method intro<\/b><\/strong><\/h2>\n<p>Mass\u00a0method and volume method: one machine for two purposes, Displayed through a 7-inch touchscreen controller<\/p>\n<p>Mass\u00a0method\u00a0interface<\/p>\n<p>Volume method\u00a0interface<\/p>\n<h2><strong><b>Principales par\u00e1metros t\u00e9cnicos.<\/b><\/strong><\/h2>\n<p>Temperature control<\/p>\n<p>\uff081\uff09Range: 100~450\u2103<\/p>\n<p>The following commonly used temperature points have been set and calibrated at the factory: 125, 150, 190, 200, 220, 230, 250, 265, 275, 280, 300 \u2103<\/p>\n<p>\uff082\uff09Fluctuations:\u00b10.2<\/p>\n<p>\uff083\uff094-hour drift:\u00a0\u22640.5\u2103<\/p>\n<p>\uff084\uff09Distribution:\u00a0\u22640.5\u2103<\/p>\n<p>\uff085\uff09Resolution: 0.1\u2103<\/p>\n<p>\uff086\uff09Error correction<\/p>\n<p>Recovery time of specimen barrel temperature after feeding: \u22644min<\/p>\n<p>Pacer clock<\/p>\n<p>\uff081\uff09Range: 0~6000s\uff1b<\/p>\n<p>\uff082\uff09Resolution: 0.1s<\/p>\n<p>Cut-off unit<\/p>\n<p>\uff081\uff09Automatic timed cutting<\/p>\n<p>\uff082\uff09Jogging cutting<\/p>\n<p>\uff083\uff09Manual cutting<\/p>\n<p>Inner diameter of specimen outlet: \u03a62.095\u00b10.005mm\uff1b<\/p>\n<p>Length of specimen outlet: 8.000\u00b10.025mm<\/p>\n<p>Inner diameter of specimen barrel: \u03a69.550\u00b10.020mm<\/p>\n<p>Load:<\/p>\n<p>\uff081\uff09Accuracy: \u2264\u00b10.5%<\/p>\n<p>\uff082\uff09Standard configuration load:\u00a0875g\/960g\/1200g\/1640g<\/p>\n<p>\uff083\uff09Weight accuracy:\u00a0\u00b10.5%<\/p>\n<p>Data output method: Print output through a micro printer<\/p>\n<p>Measurement range: 50-3000cm\u00b3\/10min<\/p>\n<p>Power supply: AC220V\u00b110%\u00a0 50HZ<\/p>\n<p>Overall dimension: L\u00d7B\u00d7H=550\u00d7430\u00d7700mm<sup>3<\/sup><\/p>\n<p>Total Weight: about 80kg for the entire machine<\/p>\n<h2><b><\/b><strong><b>Configuration<\/b><\/strong><\/h2>\n<table>\n<tbody>\n<tr>\n<td width=\"38\">No.<\/td>\n<td width=\"246\">Item<\/td>\n<td width=\"55\">Qty<\/td>\n<td width=\"53\">Units<\/td>\n<td width=\"174\">Marks<\/td>\n<\/tr>\n<tr>\n<td width=\"38\">1<\/td>\n<td width=\"246\">Machine host DF82.200<\/td>\n<td width=\"55\">1<\/td>\n<td width=\"53\">pc<\/td>\n<td width=\"174\">Including micro printer<\/td>\n<\/tr>\n<tr>\n<td width=\"38\">2<\/td>\n<td width=\"246\">Specimen rod component<\/td>\n<td width=\"55\">1<\/td>\n<td width=\"53\">set<\/td>\n<td width=\"174\"><\/td>\n<\/tr>\n<tr>\n<td width=\"38\">3<\/td>\n<td width=\"246\">Peso<\/td>\n<td width=\"55\">1<\/td>\n<td width=\"53\">set<\/td>\n<td width=\"174\">5kg, Within load level 1<\/td>\n<\/tr>\n<tr>\n<td width=\"38\">4<\/td>\n<td width=\"246\">Accessories<\/td>\n<td width=\"55\">1<\/td>\n<td width=\"53\">set<\/td>\n<td width=\"174\"><\/td>\n<\/tr>\n<tr>\n<td width=\"38\">5<\/td>\n<td width=\"246\">Square Platen<\/td>\n<td width=\"55\">1<\/td>\n<td width=\"53\">pc<\/td>\n<td width=\"174\">Stainless steel<\/td>\n<\/tr>\n<tr>\n<td width=\"38\">6<\/td>\n<td width=\"246\">Piston rod<\/td>\n<td width=\"55\">1<\/td>\n<td width=\"53\">pc<\/td>\n<td width=\"174\"><\/td>\n<\/tr>\n<tr>\n<td width=\"38\">7<\/td>\n<td width=\"246\">Specimen outlet unit<\/td>\n<td width=\"55\">1<\/td>\n<td width=\"53\">pc<\/td>\n<td width=\"174\">Tungsten steel (\u03c6 2.095)<\/td>\n<\/tr>\n<tr>\n<td width=\"38\">8<\/td>\n<td width=\"246\">Feeding unit<\/td>\n<td width=\"55\">1<\/td>\n<td width=\"53\">pc<\/td>\n<td width=\"174\"><\/td>\n<\/tr>\n<tr>\n<td width=\"38\">9<\/td>\n<td width=\"246\">Pressing rod<\/td>\n<td width=\"55\">1<\/td>\n<td width=\"53\">pc<\/td>\n<td width=\"174\"><\/td>\n<\/tr>\n<tr>\n<td width=\"38\">10<\/td>\n<td width=\"246\">Specimen\u00a0barrel\u00a0cleaning rod<\/td>\n<td width=\"55\">1<\/td>\n<td width=\"53\">pc<\/td>\n<td width=\"174\"><\/td>\n<\/tr>\n<tr>\n<td width=\"38\">11<\/td>\n<td width=\"246\">Specimen outlet unit cleaning rod<\/td>\n<td width=\"55\">1<\/td>\n<td width=\"53\">pc<\/td>\n<td width=\"174\">\u03a62<\/td>\n<\/tr>\n<tr>\n<td width=\"38\">12<\/td>\n<td width=\"246\">Specimen hopper<\/td>\n<td width=\"55\">1<\/td>\n<td width=\"53\">pc<\/td>\n<td width=\"174\"><\/td>\n<\/tr>\n<tr>\n<td width=\"38\">13<\/td>\n<td width=\"246\">Wooden handle cutting blade<\/td>\n<td width=\"55\">1<\/td>\n<td width=\"53\">pc<\/td>\n<td width=\"174\"><\/td>\n<\/tr>\n<tr>\n<td width=\"38\">14<\/td>\n<td width=\"246\">Blade (spare parts)<\/td>\n<td width=\"55\">1<\/td>\n<td width=\"53\">pc<\/td>\n<td width=\"174\"><\/td>\n<\/tr>\n<tr>\n<td width=\"38\">15<\/td>\n<td width=\"246\">Gauze<\/td>\n<td width=\"55\">2<\/td>\n<td width=\"53\">roll<\/td>\n<td width=\"174\"><\/td>\n<\/tr>\n<tr>\n<td width=\"38\">16<\/td>\n<td width=\"246\">Insulation sleeve and insulation sheet<\/td>\n<td width=\"55\">1 each<\/td>\n<td width=\"53\">pc<\/td>\n<td width=\"174\"><\/td>\n<\/tr>\n<tr>\n<td width=\"38\">17<\/td>\n<td width=\"246\">Power cable<\/td>\n<td width=\"55\">1<\/td>\n<td width=\"53\">pc<\/td>\n<td width=\"174\"><\/td>\n<\/tr>\n<tr>\n<td width=\"38\">18<\/td>\n<td width=\"246\">Others<\/td>\n<td colspan=\"3\" width=\"283\">1 copy each of the Document, certificate, warranty card, and packing list<\/td>\n<\/tr>\n<\/tbody>\n<\/table>\n<h2><\/h2>","protected":false},"excerpt":{"rendered":"<p>Overview Melt flow rate testing machine: a specialized equipment for measuring the melt flow rate of thermoplastic under certain conditions, and can indirectly determine the molecular weight of high polymers. The melt flow rate (melt index) of thermoplastic refers to the mass or volume of molten plastic passing through a standard specimen outlet\u00a0every 10 minutes [&hellip;]<\/p>","protected":false},"featured_media":2229,"template":"","meta":{"_uag_custom_page_level_css":"","site-sidebar-layout":"default","site-content-layout":"","ast-site-content-layout":"default","site-content-style":"default","site-sidebar-style":"default","ast-global-header-display":"","ast-banner-title-visibility":"","ast-main-header-display":"","ast-hfb-above-header-display":"","ast-hfb-below-header-display":"","ast-hfb-mobile-header-display":"","site-post-title":"","ast-breadcrumbs-content":"","ast-featured-img":"","footer-sml-layout":"","theme-transparent-header-meta":"default","adv-header-id-meta":"","stick-header-meta":"","header-above-stick-meta":"","header-main-stick-meta":"","header-below-stick-meta":"","astra-migrate-meta-layouts":"set","ast-page-background-enabled":"default","ast-page-background-meta":{"desktop":{"background-color":"var(--ast-global-color-4)","background-image":"","background-repeat":"repeat","background-position":"center center","background-size":"auto","background-attachment":"scroll","background-type":"","background-media":"","overlay-type":"","overlay-color":"","overlay-opacity":"","overlay-gradient":""},"tablet":{"background-color":"","background-image":"","background-repeat":"repeat","background-position":"center center","background-size":"auto","background-attachment":"scroll","background-type":"","background-media":"","overlay-type":"","overlay-color":"","overlay-opacity":"","overlay-gradient":""},"mobile":{"background-color":"","background-image":"","background-repeat":"repeat","background-position":"center center","background-size":"auto","background-attachment":"scroll","background-type":"","background-media":"","overlay-type":"","overlay-color":"","overlay-opacity":"","overlay-gradient":""}},"ast-content-background-meta":{"desktop":{"background-color":"var(--ast-global-color-5)","background-image":"","background-repeat":"repeat","background-position":"center center","background-size":"auto","background-attachment":"scroll","background-type":"","background-media":"","overlay-type":"","overlay-color":"","overlay-opacity":"","overlay-gradient":""},"tablet":{"background-color":"var(--ast-global-color-5)","background-image":"","background-repeat":"repeat","background-position":"center center","background-size":"auto","background-attachment":"scroll","background-type":"","background-media":"","overlay-type":"","overlay-color":"","overlay-opacity":"","overlay-gradient":""},"mobile":{"background-color":"var(--ast-global-color-5)","background-image":"","background-repeat":"repeat","background-position":"center center","background-size":"auto","background-attachment":"scroll","background-type":"","background-media":"","overlay-type":"","overlay-color":"","overlay-opacity":"","overlay-gradient":""}}},"product_cat":[25],"product_tag":[],"class_list":{"0":"post-2026","1":"product","2":"type-product","3":"status-publish","4":"has-post-thumbnail","6":"product_cat-testing-machines","7":"desktop-align-left","8":"tablet-align-left","9":"mobile-align-left","11":"first","12":"instock","13":"shipping-taxable","14":"product-type-simple"},"yoast_head":"<!-- This site is optimized with the Yoast SEO Premium plugin v22.5 (Yoast SEO v24.3) - https:\/\/yoast.com\/wordpress\/plugins\/seo\/ -->\r\n<title>DF82.200 MFR testing machine - Jswaltec Testing machine<\/title>\r\n<meta name=\"robots\" content=\"index, follow, max-snippet:-1, max-image-preview:large, max-video-preview:-1\" \/>\r\n<link rel=\"canonical\" href=\"http:\/\/www.waltec.com.cn\/es\/producto\/df82-200-mfr-testing-machine\/\" \/>\r\n<meta property=\"og:locale\" content=\"es_ES\" \/>\r\n<meta property=\"og:type\" content=\"article\" \/>\r\n<meta property=\"og:title\" content=\"DF82.200 MFR testing machine\" \/>\r\n<meta property=\"og:description\" content=\"Overview Melt flow rate testing machine: a specialized equipment for measuring the melt flow rate of thermoplastic under certain conditions, and can indirectly determine the molecular weight of high polymers. The melt flow rate (melt index) of thermoplastic refers to the mass or volume of molten plastic passing through a standard specimen outlet\u00a0every 10 minutes [&hellip;]\" \/>\r\n<meta property=\"og:url\" content=\"http:\/\/www.waltec.com.cn\/es\/producto\/df82-200-mfr-testing-machine\/\" \/>\r\n<meta property=\"og:site_name\" content=\"Jswaltec Testing machine\" \/>\r\n<meta property=\"article:modified_time\" content=\"2025-02-19T05:52:19+00:00\" \/>\r\n<meta property=\"og:image\" content=\"http:\/\/www.waltec.com.cn\/wp-content\/uploads\/2024\/12\/AC4A6BDE-DE96-4894-BD52-CF360232ADBF-1.webp\" \/>\r\n\t<meta property=\"og:image:width\" content=\"451\" \/>\r\n\t<meta property=\"og:image:height\" content=\"404\" \/>\r\n\t<meta property=\"og:image:type\" content=\"image\/webp\" \/>\r\n<meta name=\"twitter:card\" content=\"summary_large_image\" \/>\r\n<meta name=\"twitter:label1\" content=\"Tiempo de lectura\" \/>\n\t<meta name=\"twitter:data1\" content=\"3 minutos\" \/>\r\n<script type=\"application\/ld+json\" class=\"yoast-schema-graph\">{\"@context\":\"https:\/\/schema.org\",\"@graph\":[{\"@type\":\"WebPage\",\"@id\":\"http:\/\/www.waltec.com.cn\/product\/df82-200-mfr-testing-machine\/\",\"url\":\"http:\/\/www.waltec.com.cn\/product\/df82-200-mfr-testing-machine\/\",\"name\":\"DF82.200 MFR testing machine - Jswaltec Testing machine\",\"isPartOf\":{\"@id\":\"http:\/\/www.waltec.com.cn\/#website\"},\"primaryImageOfPage\":{\"@id\":\"http:\/\/www.waltec.com.cn\/product\/df82-200-mfr-testing-machine\/#primaryimage\"},\"image\":{\"@id\":\"http:\/\/www.waltec.com.cn\/product\/df82-200-mfr-testing-machine\/#primaryimage\"},\"thumbnailUrl\":\"http:\/\/www.waltec.com.cn\/wp-content\/uploads\/2024\/12\/AC4A6BDE-DE96-4894-BD52-CF360232ADBF-1.webp\",\"datePublished\":\"2024-12-13T07:46:17+00:00\",\"dateModified\":\"2025-02-19T05:52:19+00:00\",\"breadcrumb\":{\"@id\":\"http:\/\/www.waltec.com.cn\/product\/df82-200-mfr-testing-machine\/#breadcrumb\"},\"inLanguage\":\"es\",\"potentialAction\":[{\"@type\":\"ReadAction\",\"target\":[\"http:\/\/www.waltec.com.cn\/product\/df82-200-mfr-testing-machine\/\"]}]},{\"@type\":\"ImageObject\",\"inLanguage\":\"es\",\"@id\":\"http:\/\/www.waltec.com.cn\/product\/df82-200-mfr-testing-machine\/#primaryimage\",\"url\":\"http:\/\/www.waltec.com.cn\/wp-content\/uploads\/2024\/12\/AC4A6BDE-DE96-4894-BD52-CF360232ADBF-1.webp\",\"contentUrl\":\"http:\/\/www.waltec.com.cn\/wp-content\/uploads\/2024\/12\/AC4A6BDE-DE96-4894-BD52-CF360232ADBF-1.webp\",\"width\":451,\"height\":404},{\"@type\":\"BreadcrumbList\",\"@id\":\"http:\/\/www.waltec.com.cn\/product\/df82-200-mfr-testing-machine\/#breadcrumb\",\"itemListElement\":[{\"@type\":\"ListItem\",\"position\":1,\"name\":\"Home\",\"item\":\"http:\/\/www.waltec.com.cn\/\"},{\"@type\":\"ListItem\",\"position\":2,\"name\":\"Products\",\"item\":\"http:\/\/www.waltec.com.cn\/shop\/\"},{\"@type\":\"ListItem\",\"position\":3,\"name\":\"DF82.200 MFR testing machine\"}]},{\"@type\":\"WebSite\",\"@id\":\"http:\/\/www.waltec.com.cn\/#website\",\"url\":\"http:\/\/www.waltec.com.cn\/\",\"name\":\"Jswaltec Testing machine\",\"description\":\"\",\"publisher\":{\"@id\":\"http:\/\/www.waltec.com.cn\/#organization\"},\"potentialAction\":[{\"@type\":\"SearchAction\",\"target\":{\"@type\":\"EntryPoint\",\"urlTemplate\":\"http:\/\/www.waltec.com.cn\/?s={search_term_string}\"},\"query-input\":{\"@type\":\"PropertyValueSpecification\",\"valueRequired\":true,\"valueName\":\"search_term_string\"}}],\"inLanguage\":\"es\"},{\"@type\":\"Organization\",\"@id\":\"http:\/\/www.waltec.com.cn\/#organization\",\"name\":\"JIANGSU WALLONG-HSIN MACHINERY ENGINEERING CORPORATION LTD.\",\"url\":\"http:\/\/www.waltec.com.cn\/\",\"logo\":{\"@type\":\"ImageObject\",\"inLanguage\":\"es\",\"@id\":\"http:\/\/www.waltec.com.cn\/#\/schema\/logo\/image\/\",\"url\":\"http:\/\/www.waltec.com.cn\/wp-content\/uploads\/2024\/08\/01.jpg\",\"contentUrl\":\"http:\/\/www.waltec.com.cn\/wp-content\/uploads\/2024\/08\/01.jpg\",\"width\":1217,\"height\":221,\"caption\":\"JIANGSU WALLONG-HSIN MACHINERY ENGINEERING CORPORATION LTD.\"},\"image\":{\"@id\":\"http:\/\/www.waltec.com.cn\/#\/schema\/logo\/image\/\"}}]}<\/script>\r\n<!-- \/ Yoast SEO Premium plugin. -->","yoast_head_json":{"title":"DF82.200 MFR testing machine - Jswaltec Testing machine","robots":{"index":"index","follow":"follow","max-snippet":"max-snippet:-1","max-image-preview":"max-image-preview:large","max-video-preview":"max-video-preview:-1"},"canonical":"http:\/\/www.waltec.com.cn\/es\/producto\/df82-200-mfr-testing-machine\/","og_locale":"es_ES","og_type":"article","og_title":"DF82.200 MFR testing machine","og_description":"Overview Melt flow rate testing machine: a specialized equipment for measuring the melt flow rate of thermoplastic under certain conditions, and can indirectly determine the molecular weight of high polymers. The melt flow rate (melt index) of thermoplastic refers to the mass or volume of molten plastic passing through a standard specimen outlet\u00a0every 10 minutes [&hellip;]","og_url":"http:\/\/www.waltec.com.cn\/es\/producto\/df82-200-mfr-testing-machine\/","og_site_name":"Jswaltec Testing machine","article_modified_time":"2025-02-19T05:52:19+00:00","og_image":[{"width":451,"height":404,"url":"http:\/\/www.waltec.com.cn\/wp-content\/uploads\/2024\/12\/AC4A6BDE-DE96-4894-BD52-CF360232ADBF-1.webp","type":"image\/webp"}],"twitter_card":"summary_large_image","twitter_misc":{"Tiempo de lectura":"3 minutos"},"schema":{"@context":"https:\/\/schema.org","@graph":[{"@type":"WebPage","@id":"http:\/\/www.waltec.com.cn\/product\/df82-200-mfr-testing-machine\/","url":"http:\/\/www.waltec.com.cn\/product\/df82-200-mfr-testing-machine\/","name":"DF82.200 MFR testing machine - Jswaltec Testing machine","isPartOf":{"@id":"http:\/\/www.waltec.com.cn\/#website"},"primaryImageOfPage":{"@id":"http:\/\/www.waltec.com.cn\/product\/df82-200-mfr-testing-machine\/#primaryimage"},"image":{"@id":"http:\/\/www.waltec.com.cn\/product\/df82-200-mfr-testing-machine\/#primaryimage"},"thumbnailUrl":"http:\/\/www.waltec.com.cn\/wp-content\/uploads\/2024\/12\/AC4A6BDE-DE96-4894-BD52-CF360232ADBF-1.webp","datePublished":"2024-12-13T07:46:17+00:00","dateModified":"2025-02-19T05:52:19+00:00","breadcrumb":{"@id":"http:\/\/www.waltec.com.cn\/product\/df82-200-mfr-testing-machine\/#breadcrumb"},"inLanguage":"es","potentialAction":[{"@type":"ReadAction","target":["http:\/\/www.waltec.com.cn\/product\/df82-200-mfr-testing-machine\/"]}]},{"@type":"ImageObject","inLanguage":"es","@id":"http:\/\/www.waltec.com.cn\/product\/df82-200-mfr-testing-machine\/#primaryimage","url":"http:\/\/www.waltec.com.cn\/wp-content\/uploads\/2024\/12\/AC4A6BDE-DE96-4894-BD52-CF360232ADBF-1.webp","contentUrl":"http:\/\/www.waltec.com.cn\/wp-content\/uploads\/2024\/12\/AC4A6BDE-DE96-4894-BD52-CF360232ADBF-1.webp","width":451,"height":404},{"@type":"BreadcrumbList","@id":"http:\/\/www.waltec.com.cn\/product\/df82-200-mfr-testing-machine\/#breadcrumb","itemListElement":[{"@type":"ListItem","position":1,"name":"Home","item":"http:\/\/www.waltec.com.cn\/"},{"@type":"ListItem","position":2,"name":"Products","item":"http:\/\/www.waltec.com.cn\/shop\/"},{"@type":"ListItem","position":3,"name":"DF82.200 MFR testing machine"}]},{"@type":"WebSite","@id":"http:\/\/www.waltec.com.cn\/#website","url":"http:\/\/www.waltec.com.cn\/","name":"Jswaltec Testing machine","description":"","publisher":{"@id":"http:\/\/www.waltec.com.cn\/#organization"},"potentialAction":[{"@type":"SearchAction","target":{"@type":"EntryPoint","urlTemplate":"http:\/\/www.waltec.com.cn\/?s={search_term_string}"},"query-input":{"@type":"PropertyValueSpecification","valueRequired":true,"valueName":"search_term_string"}}],"inLanguage":"es"},{"@type":"Organization","@id":"http:\/\/www.waltec.com.cn\/#organization","name":"JIANGSU WALLONG-HSIN MACHINERY ENGINEERING CORPORATION LTD.","url":"http:\/\/www.waltec.com.cn\/","logo":{"@type":"ImageObject","inLanguage":"es","@id":"http:\/\/www.waltec.com.cn\/#\/schema\/logo\/image\/","url":"http:\/\/www.waltec.com.cn\/wp-content\/uploads\/2024\/08\/01.jpg","contentUrl":"http:\/\/www.waltec.com.cn\/wp-content\/uploads\/2024\/08\/01.jpg","width":1217,"height":221,"caption":"JIANGSU WALLONG-HSIN MACHINERY ENGINEERING CORPORATION LTD."},"image":{"@id":"http:\/\/www.waltec.com.cn\/#\/schema\/logo\/image\/"}}]}},"uagb_featured_image_src":{"full":["http:\/\/www.waltec.com.cn\/wp-content\/uploads\/2024\/12\/AC4A6BDE-DE96-4894-BD52-CF360232ADBF-1.webp",451,404,false],"thumbnail":["http:\/\/www.waltec.com.cn\/wp-content\/uploads\/2024\/12\/AC4A6BDE-DE96-4894-BD52-CF360232ADBF-1.webp",150,134,false],"medium":["http:\/\/www.waltec.com.cn\/wp-content\/uploads\/2024\/12\/AC4A6BDE-DE96-4894-BD52-CF360232ADBF-1.webp",300,269,false],"medium_large":["http:\/\/www.waltec.com.cn\/wp-content\/uploads\/2024\/12\/AC4A6BDE-DE96-4894-BD52-CF360232ADBF-1.webp",451,404,false],"large":["http:\/\/www.waltec.com.cn\/wp-content\/uploads\/2024\/12\/AC4A6BDE-DE96-4894-BD52-CF360232ADBF-1.webp",451,404,false],"1536x1536":["http:\/\/www.waltec.com.cn\/wp-content\/uploads\/2024\/12\/AC4A6BDE-DE96-4894-BD52-CF360232ADBF-1.webp",451,404,false],"2048x2048":["http:\/\/www.waltec.com.cn\/wp-content\/uploads\/2024\/12\/AC4A6BDE-DE96-4894-BD52-CF360232ADBF-1.webp",451,404,false],"trp-custom-language-flag":["http:\/\/www.waltec.com.cn\/wp-content\/uploads\/2024\/12\/AC4A6BDE-DE96-4894-BD52-CF360232ADBF-1.webp",13,12,false],"woocommerce_thumbnail":["http:\/\/www.waltec.com.cn\/wp-content\/uploads\/2024\/12\/AC4A6BDE-DE96-4894-BD52-CF360232ADBF-1-300x300.webp",300,300,true],"woocommerce_single":["http:\/\/www.waltec.com.cn\/wp-content\/uploads\/2024\/12\/AC4A6BDE-DE96-4894-BD52-CF360232ADBF-1.webp",451,404,false],"woocommerce_gallery_thumbnail":["http:\/\/www.waltec.com.cn\/wp-content\/uploads\/2024\/12\/AC4A6BDE-DE96-4894-BD52-CF360232ADBF-1-100x100.webp",100,100,true]},"uagb_author_info":{"display_name":"Jswaltec","author_link":"http:\/\/www.waltec.com.cn\/es\/author\/"},"uagb_comment_info":0,"uagb_excerpt":"Overview Melt flow rate testing machine: a specialized equipment for measuring the melt flow rate of thermoplastic under certain conditions, and can indirectly determine the molecular weight of high polymers. The melt flow rate (melt index) of thermoplastic refers to the mass or volume of molten plastic passing through a standard specimen outlet\u00a0every 10 minutes&hellip;","_links":{"self":[{"href":"http:\/\/www.waltec.com.cn\/es\/wp-json\/wp\/v2\/product\/2026","targetHints":{"allow":["GET"]}}],"collection":[{"href":"http:\/\/www.waltec.com.cn\/es\/wp-json\/wp\/v2\/product"}],"about":[{"href":"http:\/\/www.waltec.com.cn\/es\/wp-json\/wp\/v2\/types\/product"}],"wp:featuredmedia":[{"embeddable":true,"href":"http:\/\/www.waltec.com.cn\/es\/wp-json\/wp\/v2\/media\/2229"}],"wp:attachment":[{"href":"http:\/\/www.waltec.com.cn\/es\/wp-json\/wp\/v2\/media?parent=2026"}],"wp:term":[{"taxonomy":"product_cat","embeddable":true,"href":"http:\/\/www.waltec.com.cn\/es\/wp-json\/wp\/v2\/product_cat?post=2026"},{"taxonomy":"product_tag","embeddable":true,"href":"http:\/\/www.waltec.com.cn\/es\/wp-json\/wp\/v2\/product_tag?post=2026"}],"curies":[{"name":"wp","href":"https:\/\/api.w.org\/{rel}","templated":true}]}}