{"id":2057,"date":"2024-12-18T15:01:31","date_gmt":"2024-12-18T07:01:31","guid":{"rendered":"http:\/\/www.waltec.com.cn\/?post_type=product&#038;p=2057"},"modified":"2025-01-23T15:14:25","modified_gmt":"2025-01-23T07:14:25","slug":"air-cooled-electromagnetic-vibration-system","status":"publish","type":"product","link":"http:\/\/www.waltec.com.cn\/es\/producto\/air-cooled-electromagnetic-vibration-system\/","title":{"rendered":"Sistema de vibraci\u00f3n electromagn\u00e9tica refrigerado por aire"},"content":{"rendered":"<p>Las m\u00e1quinas de ensayo de vibraci\u00f3n electromagn\u00e9tica simulan el entorno de vibraci\u00f3n en condiciones de laboratorio para probar la resistencia al impacto y la fiabilidad en diversas aplicaciones de ensayo de vibraci\u00f3n. Los modos de simulaci\u00f3n sinusoidal, estoc\u00e1stica, de b\u00fasqueda y permanencia resonante, de choque t\u00edpico y de carretera se pueden simular y reproducir en el laboratorio con la ayuda del sistema de ensayo de vibraci\u00f3n. Para garantizar la calidad del producto, la investigaci\u00f3n y el desarrollo de nuevos productos son esenciales para la mesa de vibraci\u00f3n, el amplificador de potencia y el sistema de control de medici\u00f3n de vibraciones compuesto por un conjunto completo de sistemas de ensayo de vibraci\u00f3n, de acuerdo con las normas nacionales e internacionales pertinentes (como: MIL-STD, DIN, ISO, ASTM, IEC, ISTA, GB, GJB, JIS, BS, etc.) que proporcionan soporte t\u00e9cnico a los usuarios para establecer la inspecci\u00f3n de calidad del producto. El rango de fuerza de excitaci\u00f3n es de 3-400 KN, el rango de frecuencia de 1-4000 Hz, el rango de amplitud (desplazamiento): 38-100 mmp-p, se puede personalizar bajo condiciones especiales.<\/p>","protected":false},"excerpt":{"rendered":"<p>Electromagnetic vibration testing machines simulate the vibration environment under laboratory conditions to test impact strength and reliability in a variety of vibration test applications. Sinusoidal, stochastic, resonant search and stay, typical shock and road simulation modes can be simulated and reproduced in the laboratory with the help of vibration testing system. For product quality assurance, [&hellip;]<\/p>","protected":false},"featured_media":2059,"template":"","meta":{"_uag_custom_page_level_css":"","site-sidebar-layout":"default","site-content-layout":"","ast-site-content-layout":"default","site-content-style":"default","site-sidebar-style":"default","ast-global-header-display":"","ast-banner-title-visibility":"","ast-main-header-display":"","ast-hfb-above-header-display":"","ast-hfb-below-header-display":"","ast-hfb-mobile-header-display":"","site-post-title":"","ast-breadcrumbs-content":"","ast-featured-img":"","footer-sml-layout":"","theme-transparent-header-meta":"default","adv-header-id-meta":"","stick-header-meta":"","header-above-stick-meta":"","header-main-stick-meta":"","header-below-stick-meta":"","astra-migrate-meta-layouts":"set","ast-page-background-enabled":"default","ast-page-background-meta":{"desktop":{"background-color":"var(--ast-global-color-4)","background-image":"","background-repeat":"repeat","background-position":"center center","background-size":"auto","background-attachment":"scroll","background-type":"","background-media":"","overlay-type":"","overlay-color":"","overlay-opacity":"","overlay-gradient":""},"tablet":{"background-color":"","background-image":"","background-repeat":"repeat","background-position":"center center","background-size":"auto","background-attachment":"scroll","background-type":"","background-media":"","overlay-type":"","overlay-color":"","overlay-opacity":"","overlay-gradient":""},"mobile":{"background-color":"","background-image":"","background-repeat":"repeat","background-position":"center center","background-size":"auto","background-attachment":"scroll","background-type":"","background-media":"","overlay-type":"","overlay-color":"","overlay-opacity":"","overlay-gradient":""}},"ast-content-background-meta":{"desktop":{"background-color":"var(--ast-global-color-5)","background-image":"","background-repeat":"repeat","background-position":"center center","background-size":"auto","background-attachment":"scroll","background-type":"","background-media":"","overlay-type":"","overlay-color":"","overlay-opacity":"","overlay-gradient":""},"tablet":{"background-color":"var(--ast-global-color-5)","background-image":"","background-repeat":"repeat","background-position":"center center","background-size":"auto","background-attachment":"scroll","background-type":"","background-media":"","overlay-type":"","overlay-color":"","overlay-opacity":"","overlay-gradient":""},"mobile":{"background-color":"var(--ast-global-color-5)","background-image":"","background-repeat":"repeat","background-position":"center center","background-size":"auto","background-attachment":"scroll","background-type":"","background-media":"","overlay-type":"","overlay-color":"","overlay-opacity":"","overlay-gradient":""}}},"product_cat":[36],"product_tag":[],"class_list":{"0":"post-2057","1":"product","2":"type-product","3":"status-publish","4":"has-post-thumbnail","6":"product_cat-vibration-testing-machine","7":"desktop-align-left","8":"tablet-align-left","9":"mobile-align-left","11":"first","12":"instock","13":"shipping-taxable","14":"product-type-simple"},"yoast_head":"<!-- This site is optimized with the Yoast SEO Premium plugin v22.5 (Yoast SEO v24.3) - https:\/\/yoast.com\/wordpress\/plugins\/seo\/ -->\r\n<title>Air-cooled electromagnetic vibration system - Jswaltec Testing machine<\/title>\r\n<meta name=\"description\" content=\"Air-cooled electromagnetic vibration system - Electromagnetic vibration testing machines simulate the vibration environment under laboratory conditions to test impact strength and reliability in a variety of vibration test applications.\" \/>\r\n<meta name=\"robots\" content=\"index, follow, max-snippet:-1, max-image-preview:large, max-video-preview:-1\" \/>\r\n<link rel=\"canonical\" href=\"http:\/\/www.waltec.com.cn\/es\/producto\/air-cooled-electromagnetic-vibration-system\/\" \/>\r\n<meta property=\"og:locale\" content=\"es_ES\" \/>\r\n<meta property=\"og:type\" content=\"article\" \/>\r\n<meta property=\"og:title\" content=\"Air-cooled electromagnetic vibration system\" \/>\r\n<meta property=\"og:description\" content=\"Air-cooled electromagnetic vibration system - Electromagnetic vibration testing machines simulate the vibration environment under laboratory conditions to test impact strength and reliability in a variety of vibration test applications.\" \/>\r\n<meta property=\"og:url\" content=\"http:\/\/www.waltec.com.cn\/es\/producto\/air-cooled-electromagnetic-vibration-system\/\" \/>\r\n<meta property=\"og:site_name\" content=\"Jswaltec Testing machine\" \/>\r\n<meta property=\"article:modified_time\" content=\"2025-01-23T07:14:25+00:00\" \/>\r\n<meta property=\"og:image\" content=\"http:\/\/www.waltec.com.cn\/wp-content\/uploads\/2024\/12\/b7adc8ee-623b-44bd-9894-3fabf5813ffa.webp\" \/>\r\n\t<meta property=\"og:image:width\" content=\"422\" \/>\r\n\t<meta property=\"og:image:height\" content=\"375\" \/>\r\n\t<meta property=\"og:image:type\" content=\"image\/webp\" \/>\r\n<meta name=\"twitter:card\" content=\"summary_large_image\" \/>\r\n<meta name=\"twitter:label1\" content=\"Tiempo de lectura\" \/>\n\t<meta name=\"twitter:data1\" content=\"1 minuto\" \/>\r\n<script type=\"application\/ld+json\" class=\"yoast-schema-graph\">{\"@context\":\"https:\/\/schema.org\",\"@graph\":[{\"@type\":\"WebPage\",\"@id\":\"http:\/\/www.waltec.com.cn\/product\/air-cooled-electromagnetic-vibration-system\/\",\"url\":\"http:\/\/www.waltec.com.cn\/product\/air-cooled-electromagnetic-vibration-system\/\",\"name\":\"Air-cooled electromagnetic vibration system - Jswaltec Testing machine\",\"isPartOf\":{\"@id\":\"http:\/\/www.waltec.com.cn\/#website\"},\"primaryImageOfPage\":{\"@id\":\"http:\/\/www.waltec.com.cn\/product\/air-cooled-electromagnetic-vibration-system\/#primaryimage\"},\"image\":{\"@id\":\"http:\/\/www.waltec.com.cn\/product\/air-cooled-electromagnetic-vibration-system\/#primaryimage\"},\"thumbnailUrl\":\"http:\/\/www.waltec.com.cn\/wp-content\/uploads\/2024\/12\/b7adc8ee-623b-44bd-9894-3fabf5813ffa.webp\",\"datePublished\":\"2024-12-18T07:01:31+00:00\",\"dateModified\":\"2025-01-23T07:14:25+00:00\",\"description\":\"Air-cooled electromagnetic vibration system - Electromagnetic vibration testing machines simulate the vibration environment under laboratory conditions to test impact strength and reliability in a variety of vibration test applications.\",\"breadcrumb\":{\"@id\":\"http:\/\/www.waltec.com.cn\/product\/air-cooled-electromagnetic-vibration-system\/#breadcrumb\"},\"inLanguage\":\"es\",\"potentialAction\":[{\"@type\":\"ReadAction\",\"target\":[\"http:\/\/www.waltec.com.cn\/product\/air-cooled-electromagnetic-vibration-system\/\"]}]},{\"@type\":\"ImageObject\",\"inLanguage\":\"es\",\"@id\":\"http:\/\/www.waltec.com.cn\/product\/air-cooled-electromagnetic-vibration-system\/#primaryimage\",\"url\":\"http:\/\/www.waltec.com.cn\/wp-content\/uploads\/2024\/12\/b7adc8ee-623b-44bd-9894-3fabf5813ffa.webp\",\"contentUrl\":\"http:\/\/www.waltec.com.cn\/wp-content\/uploads\/2024\/12\/b7adc8ee-623b-44bd-9894-3fabf5813ffa.webp\",\"width\":422,\"height\":375},{\"@type\":\"BreadcrumbList\",\"@id\":\"http:\/\/www.waltec.com.cn\/product\/air-cooled-electromagnetic-vibration-system\/#breadcrumb\",\"itemListElement\":[{\"@type\":\"ListItem\",\"position\":1,\"name\":\"Home\",\"item\":\"http:\/\/www.waltec.com.cn\/\"},{\"@type\":\"ListItem\",\"position\":2,\"name\":\"Products\",\"item\":\"http:\/\/www.waltec.com.cn\/shop\/\"},{\"@type\":\"ListItem\",\"position\":3,\"name\":\"Air-cooled electromagnetic vibration system\"}]},{\"@type\":\"WebSite\",\"@id\":\"http:\/\/www.waltec.com.cn\/#website\",\"url\":\"http:\/\/www.waltec.com.cn\/\",\"name\":\"Jswaltec Testing machine\",\"description\":\"\",\"publisher\":{\"@id\":\"http:\/\/www.waltec.com.cn\/#organization\"},\"potentialAction\":[{\"@type\":\"SearchAction\",\"target\":{\"@type\":\"EntryPoint\",\"urlTemplate\":\"http:\/\/www.waltec.com.cn\/?s={search_term_string}\"},\"query-input\":{\"@type\":\"PropertyValueSpecification\",\"valueRequired\":true,\"valueName\":\"search_term_string\"}}],\"inLanguage\":\"es\"},{\"@type\":\"Organization\",\"@id\":\"http:\/\/www.waltec.com.cn\/#organization\",\"name\":\"JIANGSU WALLONG-HSIN MACHINERY ENGINEERING CORPORATION LTD.\",\"url\":\"http:\/\/www.waltec.com.cn\/\",\"logo\":{\"@type\":\"ImageObject\",\"inLanguage\":\"es\",\"@id\":\"http:\/\/www.waltec.com.cn\/#\/schema\/logo\/image\/\",\"url\":\"http:\/\/www.waltec.com.cn\/wp-content\/uploads\/2024\/08\/01.jpg\",\"contentUrl\":\"http:\/\/www.waltec.com.cn\/wp-content\/uploads\/2024\/08\/01.jpg\",\"width\":1217,\"height\":221,\"caption\":\"JIANGSU WALLONG-HSIN MACHINERY ENGINEERING CORPORATION LTD.\"},\"image\":{\"@id\":\"http:\/\/www.waltec.com.cn\/#\/schema\/logo\/image\/\"}}]}<\/script>\r\n<!-- \/ Yoast SEO Premium plugin. -->","yoast_head_json":{"title":"Air-cooled electromagnetic vibration system - Jswaltec Testing machine","description":"Air-cooled electromagnetic vibration system - Electromagnetic vibration testing machines simulate the vibration environment under laboratory conditions to test impact strength and reliability in a variety of vibration test applications.","robots":{"index":"index","follow":"follow","max-snippet":"max-snippet:-1","max-image-preview":"max-image-preview:large","max-video-preview":"max-video-preview:-1"},"canonical":"http:\/\/www.waltec.com.cn\/es\/producto\/air-cooled-electromagnetic-vibration-system\/","og_locale":"es_ES","og_type":"article","og_title":"Air-cooled electromagnetic vibration system","og_description":"Air-cooled electromagnetic vibration system - Electromagnetic vibration testing machines simulate the vibration environment under laboratory conditions to test impact strength and reliability in a variety of vibration test applications.","og_url":"http:\/\/www.waltec.com.cn\/es\/producto\/air-cooled-electromagnetic-vibration-system\/","og_site_name":"Jswaltec Testing machine","article_modified_time":"2025-01-23T07:14:25+00:00","og_image":[{"width":422,"height":375,"url":"http:\/\/www.waltec.com.cn\/wp-content\/uploads\/2024\/12\/b7adc8ee-623b-44bd-9894-3fabf5813ffa.webp","type":"image\/webp"}],"twitter_card":"summary_large_image","twitter_misc":{"Tiempo de lectura":"1 minuto"},"schema":{"@context":"https:\/\/schema.org","@graph":[{"@type":"WebPage","@id":"http:\/\/www.waltec.com.cn\/product\/air-cooled-electromagnetic-vibration-system\/","url":"http:\/\/www.waltec.com.cn\/product\/air-cooled-electromagnetic-vibration-system\/","name":"Air-cooled electromagnetic vibration system - Jswaltec Testing machine","isPartOf":{"@id":"http:\/\/www.waltec.com.cn\/#website"},"primaryImageOfPage":{"@id":"http:\/\/www.waltec.com.cn\/product\/air-cooled-electromagnetic-vibration-system\/#primaryimage"},"image":{"@id":"http:\/\/www.waltec.com.cn\/product\/air-cooled-electromagnetic-vibration-system\/#primaryimage"},"thumbnailUrl":"http:\/\/www.waltec.com.cn\/wp-content\/uploads\/2024\/12\/b7adc8ee-623b-44bd-9894-3fabf5813ffa.webp","datePublished":"2024-12-18T07:01:31+00:00","dateModified":"2025-01-23T07:14:25+00:00","description":"Air-cooled electromagnetic vibration system - Electromagnetic vibration testing machines simulate the vibration environment under laboratory conditions to test impact strength and reliability in a variety of vibration test applications.","breadcrumb":{"@id":"http:\/\/www.waltec.com.cn\/product\/air-cooled-electromagnetic-vibration-system\/#breadcrumb"},"inLanguage":"es","potentialAction":[{"@type":"ReadAction","target":["http:\/\/www.waltec.com.cn\/product\/air-cooled-electromagnetic-vibration-system\/"]}]},{"@type":"ImageObject","inLanguage":"es","@id":"http:\/\/www.waltec.com.cn\/product\/air-cooled-electromagnetic-vibration-system\/#primaryimage","url":"http:\/\/www.waltec.com.cn\/wp-content\/uploads\/2024\/12\/b7adc8ee-623b-44bd-9894-3fabf5813ffa.webp","contentUrl":"http:\/\/www.waltec.com.cn\/wp-content\/uploads\/2024\/12\/b7adc8ee-623b-44bd-9894-3fabf5813ffa.webp","width":422,"height":375},{"@type":"BreadcrumbList","@id":"http:\/\/www.waltec.com.cn\/product\/air-cooled-electromagnetic-vibration-system\/#breadcrumb","itemListElement":[{"@type":"ListItem","position":1,"name":"Home","item":"http:\/\/www.waltec.com.cn\/"},{"@type":"ListItem","position":2,"name":"Products","item":"http:\/\/www.waltec.com.cn\/shop\/"},{"@type":"ListItem","position":3,"name":"Air-cooled electromagnetic vibration system"}]},{"@type":"WebSite","@id":"http:\/\/www.waltec.com.cn\/#website","url":"http:\/\/www.waltec.com.cn\/","name":"Jswaltec Testing machine","description":"","publisher":{"@id":"http:\/\/www.waltec.com.cn\/#organization"},"potentialAction":[{"@type":"SearchAction","target":{"@type":"EntryPoint","urlTemplate":"http:\/\/www.waltec.com.cn\/?s={search_term_string}"},"query-input":{"@type":"PropertyValueSpecification","valueRequired":true,"valueName":"search_term_string"}}],"inLanguage":"es"},{"@type":"Organization","@id":"http:\/\/www.waltec.com.cn\/#organization","name":"JIANGSU WALLONG-HSIN MACHINERY ENGINEERING CORPORATION LTD.","url":"http:\/\/www.waltec.com.cn\/","logo":{"@type":"ImageObject","inLanguage":"es","@id":"http:\/\/www.waltec.com.cn\/#\/schema\/logo\/image\/","url":"http:\/\/www.waltec.com.cn\/wp-content\/uploads\/2024\/08\/01.jpg","contentUrl":"http:\/\/www.waltec.com.cn\/wp-content\/uploads\/2024\/08\/01.jpg","width":1217,"height":221,"caption":"JIANGSU WALLONG-HSIN MACHINERY ENGINEERING CORPORATION LTD."},"image":{"@id":"http:\/\/www.waltec.com.cn\/#\/schema\/logo\/image\/"}}]}},"uagb_featured_image_src":{"full":["http:\/\/www.waltec.com.cn\/wp-content\/uploads\/2024\/12\/b7adc8ee-623b-44bd-9894-3fabf5813ffa.webp",422,375,false],"thumbnail":["http:\/\/www.waltec.com.cn\/wp-content\/uploads\/2024\/12\/b7adc8ee-623b-44bd-9894-3fabf5813ffa.webp",150,133,false],"medium":["http:\/\/www.waltec.com.cn\/wp-content\/uploads\/2024\/12\/b7adc8ee-623b-44bd-9894-3fabf5813ffa.webp",300,267,false],"medium_large":["http:\/\/www.waltec.com.cn\/wp-content\/uploads\/2024\/12\/b7adc8ee-623b-44bd-9894-3fabf5813ffa.webp",422,375,false],"large":["http:\/\/www.waltec.com.cn\/wp-content\/uploads\/2024\/12\/b7adc8ee-623b-44bd-9894-3fabf5813ffa.webp",422,375,false],"1536x1536":["http:\/\/www.waltec.com.cn\/wp-content\/uploads\/2024\/12\/b7adc8ee-623b-44bd-9894-3fabf5813ffa.webp",422,375,false],"2048x2048":["http:\/\/www.waltec.com.cn\/wp-content\/uploads\/2024\/12\/b7adc8ee-623b-44bd-9894-3fabf5813ffa.webp",422,375,false],"trp-custom-language-flag":["http:\/\/www.waltec.com.cn\/wp-content\/uploads\/2024\/12\/b7adc8ee-623b-44bd-9894-3fabf5813ffa.webp",14,12,false],"woocommerce_thumbnail":["http:\/\/www.waltec.com.cn\/wp-content\/uploads\/2024\/12\/b7adc8ee-623b-44bd-9894-3fabf5813ffa-300x300.webp",300,300,true],"woocommerce_single":["http:\/\/www.waltec.com.cn\/wp-content\/uploads\/2024\/12\/b7adc8ee-623b-44bd-9894-3fabf5813ffa.webp",422,375,false],"woocommerce_gallery_thumbnail":["http:\/\/www.waltec.com.cn\/wp-content\/uploads\/2024\/12\/b7adc8ee-623b-44bd-9894-3fabf5813ffa-100x100.webp",100,100,true]},"uagb_author_info":{"display_name":"Jswaltec","author_link":"http:\/\/www.waltec.com.cn\/es\/author\/"},"uagb_comment_info":0,"uagb_excerpt":"Electromagnetic vibration testing machines simulate the vibration environment under laboratory conditions to test impact strength and reliability in a variety of vibration test applications. Sinusoidal, stochastic, resonant search and stay, typical shock and road simulation modes can be simulated and reproduced in the laboratory with the help of vibration testing system. For product quality assurance,&hellip;","_links":{"self":[{"href":"http:\/\/www.waltec.com.cn\/es\/wp-json\/wp\/v2\/product\/2057","targetHints":{"allow":["GET"]}}],"collection":[{"href":"http:\/\/www.waltec.com.cn\/es\/wp-json\/wp\/v2\/product"}],"about":[{"href":"http:\/\/www.waltec.com.cn\/es\/wp-json\/wp\/v2\/types\/product"}],"wp:featuredmedia":[{"embeddable":true,"href":"http:\/\/www.waltec.com.cn\/es\/wp-json\/wp\/v2\/media\/2059"}],"wp:attachment":[{"href":"http:\/\/www.waltec.com.cn\/es\/wp-json\/wp\/v2\/media?parent=2057"}],"wp:term":[{"taxonomy":"product_cat","embeddable":true,"href":"http:\/\/www.waltec.com.cn\/es\/wp-json\/wp\/v2\/product_cat?post=2057"},{"taxonomy":"product_tag","embeddable":true,"href":"http:\/\/www.waltec.com.cn\/es\/wp-json\/wp\/v2\/product_tag?post=2057"}],"curies":[{"name":"wp","href":"https:\/\/api.w.org\/{rel}","templated":true}]}}