{"id":2065,"date":"2024-12-20T09:15:07","date_gmt":"2024-12-20T01:15:07","guid":{"rendered":"http:\/\/www.waltec.com.cn\/?post_type=product&#038;p=2065"},"modified":"2025-01-23T15:12:07","modified_gmt":"2025-01-23T07:12:07","slug":"mechanical-vibration-testing-machine","status":"publish","type":"product","link":"http:\/\/www.waltec.com.cn\/es\/producto\/mechanical-vibration-testing-machine\/","title":{"rendered":"M\u00e1quina de prueba de vibraci\u00f3n mec\u00e1nica"},"content":{"rendered":"<p>Modo de excitaci\u00f3n centr\u00edfuga, bajo ruido mec\u00e1nico.<\/p>\n<p>Sincronizaci\u00f3n inversa de cuatro puntos, la uniformidad de la mesa es buena<\/p>\n<p>La amplitud se ajusta sin orden para cumplir con los requisitos de prueba de diferentes productos.<\/p>\n<p>Interfaz de control est\u00e1ndar de Windows en chino e ingl\u00e9s, puede imprimir informes, operaci\u00f3n simple<\/p>\n<p>Los airbags con absorci\u00f3n de impactos (ruedas) no requieren una fijaci\u00f3n especial de la base<\/p>\n<table>\n<tbody>\n<tr>\n<td colspan=\"3\" width=\"200\">M\u00e1quina de prueba de vibraci\u00f3n mec\u00e1nica<\/td>\n<\/tr>\n<tr>\n<td width=\"200\">Nombre del producto del sistema<\/td>\n<td width=\"200\">RV3000<\/td>\n<td width=\"200\">RV8000<\/td>\n<\/tr>\n<tr>\n<td width=\"200\">plataforma de trabajo (mm)<\/td>\n<td width=\"200\">500&#215;600<\/td>\n<td width=\"200\">1000&#215;800<\/td>\n<\/tr>\n<tr>\n<td width=\"200\">dominio de frecuencia (Hz)<\/td>\n<td width=\"200\">5-100<\/td>\n<td width=\"200\">10-60<\/td>\n<\/tr>\n<tr>\n<td width=\"200\">rango de amplitud<\/p>\n<p>\uff08mmp-p)<\/td>\n<td width=\"200\">0-3<\/td>\n<td width=\"200\">0-2.6<\/td>\n<\/tr>\n<tr>\n<td width=\"200\">Rango de aceleraci\u00f3n (G)<\/td>\n<td width=\"200\">0-11<\/td>\n<td width=\"200\">0-11<\/td>\n<\/tr>\n<tr>\n<td width=\"200\">carga m\u00e1xima<\/p>\n<p>\uff08Kg)<\/td>\n<td width=\"200\">100<\/td>\n<td width=\"200\">300<\/td>\n<\/tr>\n<tr>\n<td width=\"200\">interfaz de control<\/td>\n<td colspan=\"2\" width=\"200\">carga estos dispositivos IBM PC Serial post Rs232 9P\/USB pot<\/td>\n<\/tr>\n<tr>\n<td width=\"200\">patr\u00f3n de prueba<\/td>\n<td colspan=\"2\" width=\"200\">Frecuencia fija, frecuencia de barrido (n\u00famero de l\u00ednea\/logaritmo), aleatorio de orden m\u00faltiple<\/td>\n<\/tr>\n<tr>\n<td width=\"200\">forma de onda<\/td>\n<td colspan=\"2\" width=\"200\">onda sinusoidal<\/td>\n<\/tr>\n<tr>\n<td width=\"200\">direcci\u00f3n de vibraci\u00f3n<\/td>\n<td colspan=\"2\" width=\"200\">vertical<\/td>\n<\/tr>\n<tr>\n<td width=\"200\">Fuerza<\/td>\n<td width=\"200\">AC220V\/50Hz<\/td>\n<td width=\"200\"><\/td>\n<\/tr>\n<tr>\n<td width=\"200\">tama\u00f1o de la m\u00e1quina (mm)<\/td>\n<td width=\"200\">750x550x690<\/td>\n<td width=\"200\">1000x800x655<\/td>\n<\/tr>\n<tr>\n<td width=\"200\">Peso (kg)<\/td>\n<td width=\"200\">250<\/td>\n<td width=\"200\">500<\/td>\n<\/tr>\n<\/tbody>\n<\/table>","protected":false},"excerpt":{"rendered":"<p>Centrifugal excitation mode, low mechanical noise Four-point synchronous reverse, table uniformity is good The amplitude is adjusted without order to meet the test requirements of different products Chinese and English Windows standard control interface, can print reports, simple operation Air bags with shock absorption (casters) do not require special foundation fixation Mechanical vibration testing machine [&hellip;]<\/p>","protected":false},"featured_media":2066,"template":"","meta":{"_uag_custom_page_level_css":"","site-sidebar-layout":"default","site-content-layout":"","ast-site-content-layout":"default","site-content-style":"default","site-sidebar-style":"default","ast-global-header-display":"","ast-banner-title-visibility":"","ast-main-header-display":"","ast-hfb-above-header-display":"","ast-hfb-below-header-display":"","ast-hfb-mobile-header-display":"","site-post-title":"","ast-breadcrumbs-content":"","ast-featured-img":"","footer-sml-layout":"","theme-transparent-header-meta":"default","adv-header-id-meta":"","stick-header-meta":"","header-above-stick-meta":"","header-main-stick-meta":"","header-below-stick-meta":"","astra-migrate-meta-layouts":"set","ast-page-background-enabled":"default","ast-page-background-meta":{"desktop":{"background-color":"var(--ast-global-color-4)","background-image":"","background-repeat":"repeat","background-position":"center center","background-size":"auto","background-attachment":"scroll","background-type":"","background-media":"","overlay-type":"","overlay-color":"","overlay-opacity":"","overlay-gradient":""},"tablet":{"background-color":"","background-image":"","background-repeat":"repeat","background-position":"center center","background-size":"auto","background-attachment":"scroll","background-type":"","background-media":"","overlay-type":"","overlay-color":"","overlay-opacity":"","overlay-gradient":""},"mobile":{"background-color":"","background-image":"","background-repeat":"repeat","background-position":"center center","background-size":"auto","background-attachment":"scroll","background-type":"","background-media":"","overlay-type":"","overlay-color":"","overlay-opacity":"","overlay-gradient":""}},"ast-content-background-meta":{"desktop":{"background-color":"var(--ast-global-color-5)","background-image":"","background-repeat":"repeat","background-position":"center center","background-size":"auto","background-attachment":"scroll","background-type":"","background-media":"","overlay-type":"","overlay-color":"","overlay-opacity":"","overlay-gradient":""},"tablet":{"background-color":"var(--ast-global-color-5)","background-image":"","background-repeat":"repeat","background-position":"center center","background-size":"auto","background-attachment":"scroll","background-type":"","background-media":"","overlay-type":"","overlay-color":"","overlay-opacity":"","overlay-gradient":""},"mobile":{"background-color":"var(--ast-global-color-5)","background-image":"","background-repeat":"repeat","background-position":"center center","background-size":"auto","background-attachment":"scroll","background-type":"","background-media":"","overlay-type":"","overlay-color":"","overlay-opacity":"","overlay-gradient":""}}},"product_cat":[36],"product_tag":[],"class_list":{"0":"post-2065","1":"product","2":"type-product","3":"status-publish","4":"has-post-thumbnail","6":"product_cat-vibration-testing-machine","7":"desktop-align-left","8":"tablet-align-left","9":"mobile-align-left","11":"first","12":"instock","13":"shipping-taxable","14":"product-type-simple"},"yoast_head":"<!-- This site is optimized with the Yoast SEO Premium plugin v22.5 (Yoast SEO v24.3) - https:\/\/yoast.com\/wordpress\/plugins\/seo\/ -->\r\n<title>Mechanical vibration testing machine - Jswaltec Testing machine<\/title>\r\n<meta name=\"description\" content=\"Mechanical vibration testing machine -\" \/>\r\n<meta name=\"robots\" content=\"index, follow, max-snippet:-1, max-image-preview:large, max-video-preview:-1\" \/>\r\n<link rel=\"canonical\" href=\"http:\/\/www.waltec.com.cn\/es\/producto\/mechanical-vibration-testing-machine\/\" \/>\r\n<meta property=\"og:locale\" content=\"es_ES\" \/>\r\n<meta property=\"og:type\" content=\"article\" \/>\r\n<meta property=\"og:title\" content=\"Mechanical vibration testing machine\" \/>\r\n<meta property=\"og:description\" content=\"Mechanical vibration testing machine -\" \/>\r\n<meta property=\"og:url\" content=\"http:\/\/www.waltec.com.cn\/es\/producto\/mechanical-vibration-testing-machine\/\" \/>\r\n<meta property=\"og:site_name\" content=\"Jswaltec Testing machine\" \/>\r\n<meta property=\"article:modified_time\" content=\"2025-01-23T07:12:07+00:00\" \/>\r\n<meta property=\"og:image\" content=\"http:\/\/www.waltec.com.cn\/wp-content\/uploads\/2024\/12\/4d1e230a-189f-4281-bd17-ddbc540d314c.webp\" \/>\r\n\t<meta property=\"og:image:width\" content=\"459\" \/>\r\n\t<meta property=\"og:image:height\" content=\"422\" \/>\r\n\t<meta property=\"og:image:type\" content=\"image\/webp\" \/>\r\n<meta name=\"twitter:card\" content=\"summary_large_image\" \/>\r\n<meta name=\"twitter:label1\" content=\"Tiempo de lectura\" \/>\n\t<meta name=\"twitter:data1\" content=\"1 minuto\" \/>\r\n<script type=\"application\/ld+json\" class=\"yoast-schema-graph\">{\"@context\":\"https:\/\/schema.org\",\"@graph\":[{\"@type\":\"WebPage\",\"@id\":\"http:\/\/www.waltec.com.cn\/product\/mechanical-vibration-testing-machine\/\",\"url\":\"http:\/\/www.waltec.com.cn\/product\/mechanical-vibration-testing-machine\/\",\"name\":\"Mechanical vibration testing machine - Jswaltec Testing machine\",\"isPartOf\":{\"@id\":\"http:\/\/www.waltec.com.cn\/#website\"},\"primaryImageOfPage\":{\"@id\":\"http:\/\/www.waltec.com.cn\/product\/mechanical-vibration-testing-machine\/#primaryimage\"},\"image\":{\"@id\":\"http:\/\/www.waltec.com.cn\/product\/mechanical-vibration-testing-machine\/#primaryimage\"},\"thumbnailUrl\":\"http:\/\/www.waltec.com.cn\/wp-content\/uploads\/2024\/12\/4d1e230a-189f-4281-bd17-ddbc540d314c.webp\",\"datePublished\":\"2024-12-20T01:15:07+00:00\",\"dateModified\":\"2025-01-23T07:12:07+00:00\",\"description\":\"Mechanical vibration testing machine -\",\"breadcrumb\":{\"@id\":\"http:\/\/www.waltec.com.cn\/product\/mechanical-vibration-testing-machine\/#breadcrumb\"},\"inLanguage\":\"es\",\"potentialAction\":[{\"@type\":\"ReadAction\",\"target\":[\"http:\/\/www.waltec.com.cn\/product\/mechanical-vibration-testing-machine\/\"]}]},{\"@type\":\"ImageObject\",\"inLanguage\":\"es\",\"@id\":\"http:\/\/www.waltec.com.cn\/product\/mechanical-vibration-testing-machine\/#primaryimage\",\"url\":\"http:\/\/www.waltec.com.cn\/wp-content\/uploads\/2024\/12\/4d1e230a-189f-4281-bd17-ddbc540d314c.webp\",\"contentUrl\":\"http:\/\/www.waltec.com.cn\/wp-content\/uploads\/2024\/12\/4d1e230a-189f-4281-bd17-ddbc540d314c.webp\",\"width\":459,\"height\":422},{\"@type\":\"BreadcrumbList\",\"@id\":\"http:\/\/www.waltec.com.cn\/product\/mechanical-vibration-testing-machine\/#breadcrumb\",\"itemListElement\":[{\"@type\":\"ListItem\",\"position\":1,\"name\":\"Home\",\"item\":\"http:\/\/www.waltec.com.cn\/\"},{\"@type\":\"ListItem\",\"position\":2,\"name\":\"Products\",\"item\":\"http:\/\/www.waltec.com.cn\/shop\/\"},{\"@type\":\"ListItem\",\"position\":3,\"name\":\"Mechanical vibration testing machine\"}]},{\"@type\":\"WebSite\",\"@id\":\"http:\/\/www.waltec.com.cn\/#website\",\"url\":\"http:\/\/www.waltec.com.cn\/\",\"name\":\"Jswaltec Testing machine\",\"description\":\"\",\"publisher\":{\"@id\":\"http:\/\/www.waltec.com.cn\/#organization\"},\"potentialAction\":[{\"@type\":\"SearchAction\",\"target\":{\"@type\":\"EntryPoint\",\"urlTemplate\":\"http:\/\/www.waltec.com.cn\/?s={search_term_string}\"},\"query-input\":{\"@type\":\"PropertyValueSpecification\",\"valueRequired\":true,\"valueName\":\"search_term_string\"}}],\"inLanguage\":\"es\"},{\"@type\":\"Organization\",\"@id\":\"http:\/\/www.waltec.com.cn\/#organization\",\"name\":\"JIANGSU WALLONG-HSIN MACHINERY ENGINEERING CORPORATION LTD.\",\"url\":\"http:\/\/www.waltec.com.cn\/\",\"logo\":{\"@type\":\"ImageObject\",\"inLanguage\":\"es\",\"@id\":\"http:\/\/www.waltec.com.cn\/#\/schema\/logo\/image\/\",\"url\":\"http:\/\/www.waltec.com.cn\/wp-content\/uploads\/2024\/08\/01.jpg\",\"contentUrl\":\"http:\/\/www.waltec.com.cn\/wp-content\/uploads\/2024\/08\/01.jpg\",\"width\":1217,\"height\":221,\"caption\":\"JIANGSU WALLONG-HSIN MACHINERY ENGINEERING CORPORATION LTD.\"},\"image\":{\"@id\":\"http:\/\/www.waltec.com.cn\/#\/schema\/logo\/image\/\"}}]}<\/script>\r\n<!-- \/ Yoast SEO Premium plugin. -->","yoast_head_json":{"title":"Mechanical vibration testing machine - Jswaltec Testing machine","description":"Mechanical vibration testing machine -","robots":{"index":"index","follow":"follow","max-snippet":"max-snippet:-1","max-image-preview":"max-image-preview:large","max-video-preview":"max-video-preview:-1"},"canonical":"http:\/\/www.waltec.com.cn\/es\/producto\/mechanical-vibration-testing-machine\/","og_locale":"es_ES","og_type":"article","og_title":"Mechanical vibration testing machine","og_description":"Mechanical vibration testing machine -","og_url":"http:\/\/www.waltec.com.cn\/es\/producto\/mechanical-vibration-testing-machine\/","og_site_name":"Jswaltec Testing machine","article_modified_time":"2025-01-23T07:12:07+00:00","og_image":[{"width":459,"height":422,"url":"http:\/\/www.waltec.com.cn\/wp-content\/uploads\/2024\/12\/4d1e230a-189f-4281-bd17-ddbc540d314c.webp","type":"image\/webp"}],"twitter_card":"summary_large_image","twitter_misc":{"Tiempo de lectura":"1 minuto"},"schema":{"@context":"https:\/\/schema.org","@graph":[{"@type":"WebPage","@id":"http:\/\/www.waltec.com.cn\/product\/mechanical-vibration-testing-machine\/","url":"http:\/\/www.waltec.com.cn\/product\/mechanical-vibration-testing-machine\/","name":"Mechanical vibration testing machine - Jswaltec Testing machine","isPartOf":{"@id":"http:\/\/www.waltec.com.cn\/#website"},"primaryImageOfPage":{"@id":"http:\/\/www.waltec.com.cn\/product\/mechanical-vibration-testing-machine\/#primaryimage"},"image":{"@id":"http:\/\/www.waltec.com.cn\/product\/mechanical-vibration-testing-machine\/#primaryimage"},"thumbnailUrl":"http:\/\/www.waltec.com.cn\/wp-content\/uploads\/2024\/12\/4d1e230a-189f-4281-bd17-ddbc540d314c.webp","datePublished":"2024-12-20T01:15:07+00:00","dateModified":"2025-01-23T07:12:07+00:00","description":"Mechanical vibration testing machine -","breadcrumb":{"@id":"http:\/\/www.waltec.com.cn\/product\/mechanical-vibration-testing-machine\/#breadcrumb"},"inLanguage":"es","potentialAction":[{"@type":"ReadAction","target":["http:\/\/www.waltec.com.cn\/product\/mechanical-vibration-testing-machine\/"]}]},{"@type":"ImageObject","inLanguage":"es","@id":"http:\/\/www.waltec.com.cn\/product\/mechanical-vibration-testing-machine\/#primaryimage","url":"http:\/\/www.waltec.com.cn\/wp-content\/uploads\/2024\/12\/4d1e230a-189f-4281-bd17-ddbc540d314c.webp","contentUrl":"http:\/\/www.waltec.com.cn\/wp-content\/uploads\/2024\/12\/4d1e230a-189f-4281-bd17-ddbc540d314c.webp","width":459,"height":422},{"@type":"BreadcrumbList","@id":"http:\/\/www.waltec.com.cn\/product\/mechanical-vibration-testing-machine\/#breadcrumb","itemListElement":[{"@type":"ListItem","position":1,"name":"Home","item":"http:\/\/www.waltec.com.cn\/"},{"@type":"ListItem","position":2,"name":"Products","item":"http:\/\/www.waltec.com.cn\/shop\/"},{"@type":"ListItem","position":3,"name":"Mechanical vibration testing machine"}]},{"@type":"WebSite","@id":"http:\/\/www.waltec.com.cn\/#website","url":"http:\/\/www.waltec.com.cn\/","name":"Jswaltec Testing machine","description":"","publisher":{"@id":"http:\/\/www.waltec.com.cn\/#organization"},"potentialAction":[{"@type":"SearchAction","target":{"@type":"EntryPoint","urlTemplate":"http:\/\/www.waltec.com.cn\/?s={search_term_string}"},"query-input":{"@type":"PropertyValueSpecification","valueRequired":true,"valueName":"search_term_string"}}],"inLanguage":"es"},{"@type":"Organization","@id":"http:\/\/www.waltec.com.cn\/#organization","name":"JIANGSU WALLONG-HSIN MACHINERY ENGINEERING CORPORATION LTD.","url":"http:\/\/www.waltec.com.cn\/","logo":{"@type":"ImageObject","inLanguage":"es","@id":"http:\/\/www.waltec.com.cn\/#\/schema\/logo\/image\/","url":"http:\/\/www.waltec.com.cn\/wp-content\/uploads\/2024\/08\/01.jpg","contentUrl":"http:\/\/www.waltec.com.cn\/wp-content\/uploads\/2024\/08\/01.jpg","width":1217,"height":221,"caption":"JIANGSU WALLONG-HSIN MACHINERY ENGINEERING CORPORATION LTD."},"image":{"@id":"http:\/\/www.waltec.com.cn\/#\/schema\/logo\/image\/"}}]}},"uagb_featured_image_src":{"full":["http:\/\/www.waltec.com.cn\/wp-content\/uploads\/2024\/12\/4d1e230a-189f-4281-bd17-ddbc540d314c.webp",459,422,false],"thumbnail":["http:\/\/www.waltec.com.cn\/wp-content\/uploads\/2024\/12\/4d1e230a-189f-4281-bd17-ddbc540d314c.webp",150,138,false],"medium":["http:\/\/www.waltec.com.cn\/wp-content\/uploads\/2024\/12\/4d1e230a-189f-4281-bd17-ddbc540d314c.webp",300,276,false],"medium_large":["http:\/\/www.waltec.com.cn\/wp-content\/uploads\/2024\/12\/4d1e230a-189f-4281-bd17-ddbc540d314c.webp",459,422,false],"large":["http:\/\/www.waltec.com.cn\/wp-content\/uploads\/2024\/12\/4d1e230a-189f-4281-bd17-ddbc540d314c.webp",459,422,false],"1536x1536":["http:\/\/www.waltec.com.cn\/wp-content\/uploads\/2024\/12\/4d1e230a-189f-4281-bd17-ddbc540d314c.webp",459,422,false],"2048x2048":["http:\/\/www.waltec.com.cn\/wp-content\/uploads\/2024\/12\/4d1e230a-189f-4281-bd17-ddbc540d314c.webp",459,422,false],"trp-custom-language-flag":["http:\/\/www.waltec.com.cn\/wp-content\/uploads\/2024\/12\/4d1e230a-189f-4281-bd17-ddbc540d314c.webp",13,12,false],"woocommerce_thumbnail":["http:\/\/www.waltec.com.cn\/wp-content\/uploads\/2024\/12\/4d1e230a-189f-4281-bd17-ddbc540d314c-300x300.webp",300,300,true],"woocommerce_single":["http:\/\/www.waltec.com.cn\/wp-content\/uploads\/2024\/12\/4d1e230a-189f-4281-bd17-ddbc540d314c.webp",459,422,false],"woocommerce_gallery_thumbnail":["http:\/\/www.waltec.com.cn\/wp-content\/uploads\/2024\/12\/4d1e230a-189f-4281-bd17-ddbc540d314c-100x100.webp",100,100,true]},"uagb_author_info":{"display_name":"Jswaltec","author_link":"http:\/\/www.waltec.com.cn\/es\/author\/"},"uagb_comment_info":0,"uagb_excerpt":"Centrifugal excitation mode, low mechanical noise Four-point synchronous reverse, table uniformity is good The amplitude is adjusted without order to meet the test requirements of different products Chinese and English Windows standard control interface, can print reports, simple operation Air bags with shock absorption (casters) do not require special foundation fixation Mechanical vibration testing machine&hellip;","_links":{"self":[{"href":"http:\/\/www.waltec.com.cn\/es\/wp-json\/wp\/v2\/product\/2065","targetHints":{"allow":["GET"]}}],"collection":[{"href":"http:\/\/www.waltec.com.cn\/es\/wp-json\/wp\/v2\/product"}],"about":[{"href":"http:\/\/www.waltec.com.cn\/es\/wp-json\/wp\/v2\/types\/product"}],"wp:featuredmedia":[{"embeddable":true,"href":"http:\/\/www.waltec.com.cn\/es\/wp-json\/wp\/v2\/media\/2066"}],"wp:attachment":[{"href":"http:\/\/www.waltec.com.cn\/es\/wp-json\/wp\/v2\/media?parent=2065"}],"wp:term":[{"taxonomy":"product_cat","embeddable":true,"href":"http:\/\/www.waltec.com.cn\/es\/wp-json\/wp\/v2\/product_cat?post=2065"},{"taxonomy":"product_tag","embeddable":true,"href":"http:\/\/www.waltec.com.cn\/es\/wp-json\/wp\/v2\/product_tag?post=2065"}],"curies":[{"name":"wp","href":"https:\/\/api.w.org\/{rel}","templated":true}]}}