{"id":2068,"date":"2024-12-20T09:20:20","date_gmt":"2024-12-20T01:20:20","guid":{"rendered":"http:\/\/www.waltec.com.cn\/?post_type=product&#038;p=2068"},"modified":"2025-01-23T15:11:20","modified_gmt":"2025-01-23T07:11:20","slug":"simulated-transportation-vibration-testing-machine-2","status":"publish","type":"product","link":"http:\/\/www.waltec.com.cn\/es\/producto\/simulated-transportation-vibration-testing-machine-2\/","title":{"rendered":"M\u00e1quina de prueba de vibraci\u00f3n de transporte simulado"},"content":{"rendered":"<p>Se utiliza principalmente en ISTA, ASTM, TAPPI, ISO MIL-STD, FED-STD, ONU, DOT y otras normas industriales y gubernamentales para pruebas de impacto repetido, carga suelta o salto. Rango de frecuencia: 2-5 Hz, desplazamiento fijo: 25,4 mm (1 pulgada); aceleraci\u00f3n m\u00e1xima: 1,25 G.<\/p>\n<p>La mesa vibratoria de la serie YST adopta el principio CAM exc\u00e9ntrico, puede realizar tres modos de vibraci\u00f3n: rotaci\u00f3n (tipo caballo), vertical y no sincr\u00f3nica (vibraci\u00f3n desequilibrada de 30\u00b0).<\/p>\n<table>\n<tbody>\n<tr>\n<td width=\"16.6600%\">Nombre del producto del sistema<\/td>\n<td width=\"16.6600%\">YST-100<\/td>\n<td width=\"16.6600%\">YST-200<\/td>\n<td width=\"16.6600%\">YST-500<\/td>\n<td width=\"16.6600%\">YST-1000<\/td>\n<td width=\"16.6800%\">YST-2000<\/td>\n<\/tr>\n<tr>\n<td width=\"16.6600%\">carga m\u00e1xima (kg)<\/td>\n<td width=\"16.6600%\">100<\/td>\n<td width=\"16.6600%\">200<\/td>\n<td width=\"16.6600%\">500<\/td>\n<td width=\"16.6600%\">1000<\/td>\n<td width=\"16.6800%\">2000<\/td>\n<\/tr>\n<tr>\n<td width=\"16.6600%\">plataforma de trabajo (mm)<\/td>\n<td width=\"16.6600%\">1000&#215;1200<\/td>\n<td width=\"16.6600%\">1200&#215;1200<\/td>\n<td width=\"16.6600%\">1200&#215;1500<\/td>\n<td width=\"16.6600%\">1500&#215;1500<\/td>\n<td width=\"16.6800%\">1500&#215;1500<\/td>\n<\/tr>\n<tr>\n<td width=\"16.6600%\">dominio de frecuencia (Hz)<\/td>\n<td colspan=\"5\" width=\"83.3200%\">2~5Hz\u00a0(120~300) RPM<\/td>\n<\/tr>\n<tr>\n<td width=\"16.6600%\">rango de amplitud (mmp-p)<\/td>\n<td colspan=\"5\" width=\"83.3200%\">1 inch (25.4mm) fixed\/1lnch Fixed<\/td>\n<\/tr>\n<tr>\n<td width=\"16.6600%\">modo de vibraci\u00f3n<\/td>\n<td colspan=\"5\" width=\"83.3200%\">spin\uff08galloping\uff09<\/td>\n<\/tr>\n<tr>\n<td width=\"16.6600%\">fuente de alimentaci\u00f3n<\/td>\n<td width=\"16.6600%\">AC220V\/50Hz<\/td>\n<td colspan=\"4\" width=\"66.6600%\">3-phase 380V\/50Hz<\/td>\n<\/tr>\n<\/tbody>\n<\/table>","protected":false},"excerpt":{"rendered":"<p>Mainly used in ISTA, ASTM, TAPPI, ISO MIL-STD,FED-STD,UN,DOT and other industrial and government standards for &#8220;repeated shock, loose load, or jump&#8221; tests. Frequency range 2-5Hz, fixed displacement 1 inch (25.4mm); Maximum acceleration 1.25G; YST series vibration table adopts eccentric CAM principle, can realize rotation (horse type), vertical, non-synchronous (30\u00b0 unbalanced vibration) three vibration modes. System [&hellip;]<\/p>","protected":false},"featured_media":2067,"template":"","meta":{"_uag_custom_page_level_css":"","site-sidebar-layout":"default","site-content-layout":"","ast-site-content-layout":"default","site-content-style":"default","site-sidebar-style":"default","ast-global-header-display":"","ast-banner-title-visibility":"","ast-main-header-display":"","ast-hfb-above-header-display":"","ast-hfb-below-header-display":"","ast-hfb-mobile-header-display":"","site-post-title":"","ast-breadcrumbs-content":"","ast-featured-img":"","footer-sml-layout":"","theme-transparent-header-meta":"default","adv-header-id-meta":"","stick-header-meta":"","header-above-stick-meta":"","header-main-stick-meta":"","header-below-stick-meta":"","astra-migrate-meta-layouts":"set","ast-page-background-enabled":"default","ast-page-background-meta":{"desktop":{"background-color":"var(--ast-global-color-4)","background-image":"","background-repeat":"repeat","background-position":"center center","background-size":"auto","background-attachment":"scroll","background-type":"","background-media":"","overlay-type":"","overlay-color":"","overlay-opacity":"","overlay-gradient":""},"tablet":{"background-color":"","background-image":"","background-repeat":"repeat","background-position":"center center","background-size":"auto","background-attachment":"scroll","background-type":"","background-media":"","overlay-type":"","overlay-color":"","overlay-opacity":"","overlay-gradient":""},"mobile":{"background-color":"","background-image":"","background-repeat":"repeat","background-position":"center center","background-size":"auto","background-attachment":"scroll","background-type":"","background-media":"","overlay-type":"","overlay-color":"","overlay-opacity":"","overlay-gradient":""}},"ast-content-background-meta":{"desktop":{"background-color":"var(--ast-global-color-5)","background-image":"","background-repeat":"repeat","background-position":"center center","background-size":"auto","background-attachment":"scroll","background-type":"","background-media":"","overlay-type":"","overlay-color":"","overlay-opacity":"","overlay-gradient":""},"tablet":{"background-color":"var(--ast-global-color-5)","background-image":"","background-repeat":"repeat","background-position":"center center","background-size":"auto","background-attachment":"scroll","background-type":"","background-media":"","overlay-type":"","overlay-color":"","overlay-opacity":"","overlay-gradient":""},"mobile":{"background-color":"var(--ast-global-color-5)","background-image":"","background-repeat":"repeat","background-position":"center center","background-size":"auto","background-attachment":"scroll","background-type":"","background-media":"","overlay-type":"","overlay-color":"","overlay-opacity":"","overlay-gradient":""}}},"product_cat":[36],"product_tag":[],"class_list":{"0":"post-2068","1":"product","2":"type-product","3":"status-publish","4":"has-post-thumbnail","6":"product_cat-vibration-testing-machine","7":"desktop-align-left","8":"tablet-align-left","9":"mobile-align-left","11":"first","12":"instock","13":"shipping-taxable","14":"product-type-simple"},"yoast_head":"<!-- This site is optimized with the Yoast SEO Premium plugin v22.5 (Yoast SEO v24.3) - https:\/\/yoast.com\/wordpress\/plugins\/seo\/ -->\r\n<title>Simulated transportation vibration testing machine - Jswaltec Testing machine<\/title>\r\n<meta name=\"description\" content=\"Simulated transportation vibration testing machine -\" \/>\r\n<meta name=\"robots\" content=\"index, follow, max-snippet:-1, max-image-preview:large, max-video-preview:-1\" \/>\r\n<link rel=\"canonical\" href=\"http:\/\/www.waltec.com.cn\/es\/producto\/simulated-transportation-vibration-testing-machine-2\/\" \/>\r\n<meta property=\"og:locale\" content=\"es_ES\" \/>\r\n<meta property=\"og:type\" content=\"article\" \/>\r\n<meta property=\"og:title\" content=\"Simulated transportation vibration testing machine\" \/>\r\n<meta property=\"og:description\" content=\"Simulated transportation vibration testing machine -\" \/>\r\n<meta property=\"og:url\" content=\"http:\/\/www.waltec.com.cn\/es\/producto\/simulated-transportation-vibration-testing-machine-2\/\" \/>\r\n<meta property=\"og:site_name\" content=\"Jswaltec Testing machine\" \/>\r\n<meta property=\"article:modified_time\" content=\"2025-01-23T07:11:20+00:00\" \/>\r\n<meta property=\"og:image\" content=\"http:\/\/www.waltec.com.cn\/wp-content\/uploads\/2024\/12\/184d4f19-64b6-4681-b536-dd876fcb6cf5.webp\" \/>\r\n\t<meta property=\"og:image:width\" content=\"451\" \/>\r\n\t<meta property=\"og:image:height\" content=\"397\" \/>\r\n\t<meta property=\"og:image:type\" content=\"image\/webp\" \/>\r\n<meta name=\"twitter:card\" content=\"summary_large_image\" \/>\r\n<meta name=\"twitter:label1\" content=\"Tiempo de lectura\" \/>\n\t<meta name=\"twitter:data1\" content=\"1 minuto\" \/>\r\n<script type=\"application\/ld+json\" class=\"yoast-schema-graph\">{\"@context\":\"https:\/\/schema.org\",\"@graph\":[{\"@type\":\"WebPage\",\"@id\":\"http:\/\/www.waltec.com.cn\/product\/simulated-transportation-vibration-testing-machine-2\/\",\"url\":\"http:\/\/www.waltec.com.cn\/product\/simulated-transportation-vibration-testing-machine-2\/\",\"name\":\"Simulated transportation vibration testing machine - Jswaltec Testing machine\",\"isPartOf\":{\"@id\":\"http:\/\/www.waltec.com.cn\/#website\"},\"primaryImageOfPage\":{\"@id\":\"http:\/\/www.waltec.com.cn\/product\/simulated-transportation-vibration-testing-machine-2\/#primaryimage\"},\"image\":{\"@id\":\"http:\/\/www.waltec.com.cn\/product\/simulated-transportation-vibration-testing-machine-2\/#primaryimage\"},\"thumbnailUrl\":\"http:\/\/www.waltec.com.cn\/wp-content\/uploads\/2024\/12\/184d4f19-64b6-4681-b536-dd876fcb6cf5.webp\",\"datePublished\":\"2024-12-20T01:20:20+00:00\",\"dateModified\":\"2025-01-23T07:11:20+00:00\",\"description\":\"Simulated transportation vibration testing machine -\",\"breadcrumb\":{\"@id\":\"http:\/\/www.waltec.com.cn\/product\/simulated-transportation-vibration-testing-machine-2\/#breadcrumb\"},\"inLanguage\":\"es\",\"potentialAction\":[{\"@type\":\"ReadAction\",\"target\":[\"http:\/\/www.waltec.com.cn\/product\/simulated-transportation-vibration-testing-machine-2\/\"]}]},{\"@type\":\"ImageObject\",\"inLanguage\":\"es\",\"@id\":\"http:\/\/www.waltec.com.cn\/product\/simulated-transportation-vibration-testing-machine-2\/#primaryimage\",\"url\":\"http:\/\/www.waltec.com.cn\/wp-content\/uploads\/2024\/12\/184d4f19-64b6-4681-b536-dd876fcb6cf5.webp\",\"contentUrl\":\"http:\/\/www.waltec.com.cn\/wp-content\/uploads\/2024\/12\/184d4f19-64b6-4681-b536-dd876fcb6cf5.webp\",\"width\":451,\"height\":397},{\"@type\":\"BreadcrumbList\",\"@id\":\"http:\/\/www.waltec.com.cn\/product\/simulated-transportation-vibration-testing-machine-2\/#breadcrumb\",\"itemListElement\":[{\"@type\":\"ListItem\",\"position\":1,\"name\":\"Home\",\"item\":\"http:\/\/www.waltec.com.cn\/\"},{\"@type\":\"ListItem\",\"position\":2,\"name\":\"Products\",\"item\":\"http:\/\/www.waltec.com.cn\/shop\/\"},{\"@type\":\"ListItem\",\"position\":3,\"name\":\"Simulated transportation vibration testing machine\"}]},{\"@type\":\"WebSite\",\"@id\":\"http:\/\/www.waltec.com.cn\/#website\",\"url\":\"http:\/\/www.waltec.com.cn\/\",\"name\":\"Jswaltec Testing machine\",\"description\":\"\",\"publisher\":{\"@id\":\"http:\/\/www.waltec.com.cn\/#organization\"},\"potentialAction\":[{\"@type\":\"SearchAction\",\"target\":{\"@type\":\"EntryPoint\",\"urlTemplate\":\"http:\/\/www.waltec.com.cn\/?s={search_term_string}\"},\"query-input\":{\"@type\":\"PropertyValueSpecification\",\"valueRequired\":true,\"valueName\":\"search_term_string\"}}],\"inLanguage\":\"es\"},{\"@type\":\"Organization\",\"@id\":\"http:\/\/www.waltec.com.cn\/#organization\",\"name\":\"JIANGSU WALLONG-HSIN MACHINERY ENGINEERING CORPORATION LTD.\",\"url\":\"http:\/\/www.waltec.com.cn\/\",\"logo\":{\"@type\":\"ImageObject\",\"inLanguage\":\"es\",\"@id\":\"http:\/\/www.waltec.com.cn\/#\/schema\/logo\/image\/\",\"url\":\"http:\/\/www.waltec.com.cn\/wp-content\/uploads\/2024\/08\/01.jpg\",\"contentUrl\":\"http:\/\/www.waltec.com.cn\/wp-content\/uploads\/2024\/08\/01.jpg\",\"width\":1217,\"height\":221,\"caption\":\"JIANGSU WALLONG-HSIN MACHINERY ENGINEERING CORPORATION LTD.\"},\"image\":{\"@id\":\"http:\/\/www.waltec.com.cn\/#\/schema\/logo\/image\/\"}}]}<\/script>\r\n<!-- \/ Yoast SEO Premium plugin. -->","yoast_head_json":{"title":"Simulated transportation vibration testing machine - Jswaltec Testing machine","description":"Simulated transportation vibration testing machine -","robots":{"index":"index","follow":"follow","max-snippet":"max-snippet:-1","max-image-preview":"max-image-preview:large","max-video-preview":"max-video-preview:-1"},"canonical":"http:\/\/www.waltec.com.cn\/es\/producto\/simulated-transportation-vibration-testing-machine-2\/","og_locale":"es_ES","og_type":"article","og_title":"Simulated transportation vibration testing machine","og_description":"Simulated transportation vibration testing machine -","og_url":"http:\/\/www.waltec.com.cn\/es\/producto\/simulated-transportation-vibration-testing-machine-2\/","og_site_name":"Jswaltec Testing machine","article_modified_time":"2025-01-23T07:11:20+00:00","og_image":[{"width":451,"height":397,"url":"http:\/\/www.waltec.com.cn\/wp-content\/uploads\/2024\/12\/184d4f19-64b6-4681-b536-dd876fcb6cf5.webp","type":"image\/webp"}],"twitter_card":"summary_large_image","twitter_misc":{"Tiempo de lectura":"1 minuto"},"schema":{"@context":"https:\/\/schema.org","@graph":[{"@type":"WebPage","@id":"http:\/\/www.waltec.com.cn\/product\/simulated-transportation-vibration-testing-machine-2\/","url":"http:\/\/www.waltec.com.cn\/product\/simulated-transportation-vibration-testing-machine-2\/","name":"Simulated transportation vibration testing machine - Jswaltec Testing machine","isPartOf":{"@id":"http:\/\/www.waltec.com.cn\/#website"},"primaryImageOfPage":{"@id":"http:\/\/www.waltec.com.cn\/product\/simulated-transportation-vibration-testing-machine-2\/#primaryimage"},"image":{"@id":"http:\/\/www.waltec.com.cn\/product\/simulated-transportation-vibration-testing-machine-2\/#primaryimage"},"thumbnailUrl":"http:\/\/www.waltec.com.cn\/wp-content\/uploads\/2024\/12\/184d4f19-64b6-4681-b536-dd876fcb6cf5.webp","datePublished":"2024-12-20T01:20:20+00:00","dateModified":"2025-01-23T07:11:20+00:00","description":"Simulated transportation vibration testing machine -","breadcrumb":{"@id":"http:\/\/www.waltec.com.cn\/product\/simulated-transportation-vibration-testing-machine-2\/#breadcrumb"},"inLanguage":"es","potentialAction":[{"@type":"ReadAction","target":["http:\/\/www.waltec.com.cn\/product\/simulated-transportation-vibration-testing-machine-2\/"]}]},{"@type":"ImageObject","inLanguage":"es","@id":"http:\/\/www.waltec.com.cn\/product\/simulated-transportation-vibration-testing-machine-2\/#primaryimage","url":"http:\/\/www.waltec.com.cn\/wp-content\/uploads\/2024\/12\/184d4f19-64b6-4681-b536-dd876fcb6cf5.webp","contentUrl":"http:\/\/www.waltec.com.cn\/wp-content\/uploads\/2024\/12\/184d4f19-64b6-4681-b536-dd876fcb6cf5.webp","width":451,"height":397},{"@type":"BreadcrumbList","@id":"http:\/\/www.waltec.com.cn\/product\/simulated-transportation-vibration-testing-machine-2\/#breadcrumb","itemListElement":[{"@type":"ListItem","position":1,"name":"Home","item":"http:\/\/www.waltec.com.cn\/"},{"@type":"ListItem","position":2,"name":"Products","item":"http:\/\/www.waltec.com.cn\/shop\/"},{"@type":"ListItem","position":3,"name":"Simulated transportation vibration testing machine"}]},{"@type":"WebSite","@id":"http:\/\/www.waltec.com.cn\/#website","url":"http:\/\/www.waltec.com.cn\/","name":"Jswaltec Testing machine","description":"","publisher":{"@id":"http:\/\/www.waltec.com.cn\/#organization"},"potentialAction":[{"@type":"SearchAction","target":{"@type":"EntryPoint","urlTemplate":"http:\/\/www.waltec.com.cn\/?s={search_term_string}"},"query-input":{"@type":"PropertyValueSpecification","valueRequired":true,"valueName":"search_term_string"}}],"inLanguage":"es"},{"@type":"Organization","@id":"http:\/\/www.waltec.com.cn\/#organization","name":"JIANGSU WALLONG-HSIN MACHINERY ENGINEERING CORPORATION LTD.","url":"http:\/\/www.waltec.com.cn\/","logo":{"@type":"ImageObject","inLanguage":"es","@id":"http:\/\/www.waltec.com.cn\/#\/schema\/logo\/image\/","url":"http:\/\/www.waltec.com.cn\/wp-content\/uploads\/2024\/08\/01.jpg","contentUrl":"http:\/\/www.waltec.com.cn\/wp-content\/uploads\/2024\/08\/01.jpg","width":1217,"height":221,"caption":"JIANGSU WALLONG-HSIN MACHINERY ENGINEERING CORPORATION LTD."},"image":{"@id":"http:\/\/www.waltec.com.cn\/#\/schema\/logo\/image\/"}}]}},"uagb_featured_image_src":{"full":["http:\/\/www.waltec.com.cn\/wp-content\/uploads\/2024\/12\/184d4f19-64b6-4681-b536-dd876fcb6cf5.webp",451,397,false],"thumbnail":["http:\/\/www.waltec.com.cn\/wp-content\/uploads\/2024\/12\/184d4f19-64b6-4681-b536-dd876fcb6cf5.webp",150,132,false],"medium":["http:\/\/www.waltec.com.cn\/wp-content\/uploads\/2024\/12\/184d4f19-64b6-4681-b536-dd876fcb6cf5.webp",300,264,false],"medium_large":["http:\/\/www.waltec.com.cn\/wp-content\/uploads\/2024\/12\/184d4f19-64b6-4681-b536-dd876fcb6cf5.webp",451,397,false],"large":["http:\/\/www.waltec.com.cn\/wp-content\/uploads\/2024\/12\/184d4f19-64b6-4681-b536-dd876fcb6cf5.webp",451,397,false],"1536x1536":["http:\/\/www.waltec.com.cn\/wp-content\/uploads\/2024\/12\/184d4f19-64b6-4681-b536-dd876fcb6cf5.webp",451,397,false],"2048x2048":["http:\/\/www.waltec.com.cn\/wp-content\/uploads\/2024\/12\/184d4f19-64b6-4681-b536-dd876fcb6cf5.webp",451,397,false],"trp-custom-language-flag":["http:\/\/www.waltec.com.cn\/wp-content\/uploads\/2024\/12\/184d4f19-64b6-4681-b536-dd876fcb6cf5.webp",14,12,false],"woocommerce_thumbnail":["http:\/\/www.waltec.com.cn\/wp-content\/uploads\/2024\/12\/184d4f19-64b6-4681-b536-dd876fcb6cf5-300x300.webp",300,300,true],"woocommerce_single":["http:\/\/www.waltec.com.cn\/wp-content\/uploads\/2024\/12\/184d4f19-64b6-4681-b536-dd876fcb6cf5.webp",451,397,false],"woocommerce_gallery_thumbnail":["http:\/\/www.waltec.com.cn\/wp-content\/uploads\/2024\/12\/184d4f19-64b6-4681-b536-dd876fcb6cf5-100x100.webp",100,100,true]},"uagb_author_info":{"display_name":"Jswaltec","author_link":"http:\/\/www.waltec.com.cn\/es\/author\/"},"uagb_comment_info":0,"uagb_excerpt":"Mainly used in ISTA, ASTM, TAPPI, ISO MIL-STD,FED-STD,UN,DOT and other industrial and government standards for &#8220;repeated shock, loose load, or jump&#8221; tests. Frequency range 2-5Hz, fixed displacement 1 inch (25.4mm); Maximum acceleration 1.25G; YST series vibration table adopts eccentric CAM principle, can realize rotation (horse type), vertical, non-synchronous (30\u00b0 unbalanced vibration) three vibration modes. System&hellip;","_links":{"self":[{"href":"http:\/\/www.waltec.com.cn\/es\/wp-json\/wp\/v2\/product\/2068","targetHints":{"allow":["GET"]}}],"collection":[{"href":"http:\/\/www.waltec.com.cn\/es\/wp-json\/wp\/v2\/product"}],"about":[{"href":"http:\/\/www.waltec.com.cn\/es\/wp-json\/wp\/v2\/types\/product"}],"wp:featuredmedia":[{"embeddable":true,"href":"http:\/\/www.waltec.com.cn\/es\/wp-json\/wp\/v2\/media\/2067"}],"wp:attachment":[{"href":"http:\/\/www.waltec.com.cn\/es\/wp-json\/wp\/v2\/media?parent=2068"}],"wp:term":[{"taxonomy":"product_cat","embeddable":true,"href":"http:\/\/www.waltec.com.cn\/es\/wp-json\/wp\/v2\/product_cat?post=2068"},{"taxonomy":"product_tag","embeddable":true,"href":"http:\/\/www.waltec.com.cn\/es\/wp-json\/wp\/v2\/product_tag?post=2068"}],"curies":[{"name":"wp","href":"https:\/\/api.w.org\/{rel}","templated":true}]}}