{"id":2074,"date":"2024-12-20T09:40:27","date_gmt":"2024-12-20T01:40:27","guid":{"rendered":"http:\/\/www.waltec.com.cn\/?post_type=product&#038;p=2074"},"modified":"2025-01-23T15:08:59","modified_gmt":"2025-01-23T07:08:59","slug":"sy70h-horizontal-hydraulic-vibration-series","status":"publish","type":"product","link":"http:\/\/www.waltec.com.cn\/es\/producto\/sy70h-horizontal-hydraulic-vibration-series\/","title":{"rendered":"Serie de vibradores hidr\u00e1ulicos horizontales SY70H"},"content":{"rendered":"<p>El banco de pruebas de vibraci\u00f3n hidr\u00e1ulica horizontal convierte la energ\u00eda de un l\u00edquido a alta presi\u00f3n en energ\u00eda cin\u00e9tica del movimiento alternativo del actuador mediante el amplificador de conversi\u00f3n de energ\u00eda de la servov\u00e1lvula electrohidr\u00e1ulica. Este sistema permite simular la vibraci\u00f3n horizontal sufrida por terremotos, autom\u00f3viles y sus componentes, diversos edificios y estructuras de acero, y productos mec\u00e1nicos y el\u00e9ctricos aeroespaciales en entornos reales, optimizando as\u00ed la estructura del producto. Ahorro de costes.<\/p>\n<table>\n<tbody>\n<tr>\n<td width=\"133\"><strong><b>modelo<\/b><\/strong><\/p>\n<p><strong><b>par\u00e1metro<\/b><\/strong><\/td>\n<td><strong><b>SY70H-2.5<\/b><\/strong><\/td>\n<td><strong><b>SY70H-5<\/b><\/strong><\/td>\n<td><strong><b>SY70H-10<\/b><\/strong><\/td>\n<td><strong><b>SY70H-20<\/b><\/strong><\/td>\n<td><strong><b>SY70H-40<\/b><\/strong><\/td>\n<td><strong><b>SY70H-500<\/b><\/strong><\/td>\n<\/tr>\n<tr>\n<td>salida m\u00e1xima<\/p>\n<p>(kN)<\/td>\n<td>25<\/td>\n<td>50<\/td>\n<td>100<\/td>\n<td>200<\/td>\n<td>400<\/td>\n<td>500<\/td>\n<\/tr>\n<tr>\n<td>carga m\u00e1xima (kg)<\/td>\n<td>250<\/td>\n<td>600<\/td>\n<td>1200<\/td>\n<td>3000<\/td>\n<td>8000<\/td>\n<td>12000<\/td>\n<\/tr>\n<tr>\n<td>dominio de frecuencia (kN)<\/td>\n<td>0.1~100<\/td>\n<td>0.1~80<\/td>\n<td>0.1~60<\/td>\n<td>0.1~60<\/td>\n<td>0.1~40<\/td>\n<td>0.1~40<\/td>\n<\/tr>\n<tr>\n<td>desplazamiento m\u00e1ximo (mm)<\/td>\n<td>300<\/td>\n<td>200<\/td>\n<td>200<\/td>\n<td>150<\/td>\n<td>100<\/td>\n<td>100<\/td>\n<\/tr>\n<tr>\n<td>velocidad m\u00e1xima (m\/s)<\/td>\n<td>0.4<\/td>\n<td>0.4<\/td>\n<td>0.35<\/td>\n<td>0.3<\/td>\n<td>0.2<\/td>\n<td>0.18<\/td>\n<\/tr>\n<tr>\n<td>aceleraci\u00f3n m\u00e1xima (m\/s\u00b2)<\/td>\n<td>50<\/td>\n<td>50<\/td>\n<td>50<\/td>\n<td>50<\/td>\n<td>40<\/td>\n<td>35<\/td>\n<\/tr>\n<tr>\n<td>tama\u00f1o de la mesa (mm)<\/td>\n<td>1200\u00d71000<\/td>\n<td>1200\u00d71000<\/td>\n<td>1200\u00d71000<\/td>\n<td>1500\u00d71200<\/td>\n<td>1800\u00d71500<\/td>\n<td>2000\u00d71800<\/td>\n<\/tr>\n<tr>\n<td>potencia consumida (kW)<\/td>\n<td>18.5<\/td>\n<td>37<\/td>\n<td>55<\/td>\n<td>74<\/td>\n<td>110<\/td>\n<td>110<\/td>\n<\/tr>\n<tr>\n<td>fuerza<\/td>\n<td colspan=\"6\">three phase380V,50\/60Hz<\/td>\n<\/tr>\n<tr>\n<td>est\u00e1ndar<\/td>\n<td colspan=\"6\">GB\/T2423 GJB150A<\/td>\n<\/tr>\n<tr>\n<td>ambiente de trabajo<\/td>\n<td colspan=\"6\">Temperatura: 0~40\u2103, humedad: \u226480% (sin condensaci\u00f3n)<\/p>\n<p>&nbsp;<\/p>\n<p>&nbsp;<\/td>\n<\/tr>\n<tr>\n<td>observaci\u00f3n<\/td>\n<td colspan=\"6\">Las dimensiones de la direcci\u00f3n de vibraci\u00f3n horizontal de la mesa en carga frontal, el tama\u00f1o de la mesa, el rango de frecuencia, el desplazamiento m\u00e1ximo, la velocidad m\u00e1xima, la aceleraci\u00f3n m\u00e1xima y otros indicadores se pueden personalizar seg\u00fan los requisitos del cliente.<\/td>\n<\/tr>\n<\/tbody>\n<\/table>","protected":false},"excerpt":{"rendered":"<p>The horizontal hydraulic vibration test bench is a kind of test bench that converts the energy of high-pressure liquid into the kinetic energy of the reciprocating motion of the actuator through the energy conversion amplifier of the electro-hydraulic servo valve, which can be used to simulate the horizontal vibration suffered by earthquakes, automobiles and parts, [&hellip;]<\/p>","protected":false},"featured_media":2075,"template":"","meta":{"_uag_custom_page_level_css":"","site-sidebar-layout":"default","site-content-layout":"","ast-site-content-layout":"default","site-content-style":"default","site-sidebar-style":"default","ast-global-header-display":"","ast-banner-title-visibility":"","ast-main-header-display":"","ast-hfb-above-header-display":"","ast-hfb-below-header-display":"","ast-hfb-mobile-header-display":"","site-post-title":"","ast-breadcrumbs-content":"","ast-featured-img":"","footer-sml-layout":"","theme-transparent-header-meta":"default","adv-header-id-meta":"","stick-header-meta":"","header-above-stick-meta":"","header-main-stick-meta":"","header-below-stick-meta":"","astra-migrate-meta-layouts":"set","ast-page-background-enabled":"default","ast-page-background-meta":{"desktop":{"background-color":"var(--ast-global-color-4)","background-image":"","background-repeat":"repeat","background-position":"center center","background-size":"auto","background-attachment":"scroll","background-type":"","background-media":"","overlay-type":"","overlay-color":"","overlay-opacity":"","overlay-gradient":""},"tablet":{"background-color":"","background-image":"","background-repeat":"repeat","background-position":"center center","background-size":"auto","background-attachment":"scroll","background-type":"","background-media":"","overlay-type":"","overlay-color":"","overlay-opacity":"","overlay-gradient":""},"mobile":{"background-color":"","background-image":"","background-repeat":"repeat","background-position":"center center","background-size":"auto","background-attachment":"scroll","background-type":"","background-media":"","overlay-type":"","overlay-color":"","overlay-opacity":"","overlay-gradient":""}},"ast-content-background-meta":{"desktop":{"background-color":"var(--ast-global-color-5)","background-image":"","background-repeat":"repeat","background-position":"center center","background-size":"auto","background-attachment":"scroll","background-type":"","background-media":"","overlay-type":"","overlay-color":"","overlay-opacity":"","overlay-gradient":""},"tablet":{"background-color":"var(--ast-global-color-5)","background-image":"","background-repeat":"repeat","background-position":"center center","background-size":"auto","background-attachment":"scroll","background-type":"","background-media":"","overlay-type":"","overlay-color":"","overlay-opacity":"","overlay-gradient":""},"mobile":{"background-color":"var(--ast-global-color-5)","background-image":"","background-repeat":"repeat","background-position":"center center","background-size":"auto","background-attachment":"scroll","background-type":"","background-media":"","overlay-type":"","overlay-color":"","overlay-opacity":"","overlay-gradient":""}}},"product_cat":[36],"product_tag":[],"class_list":{"0":"post-2074","1":"product","2":"type-product","3":"status-publish","4":"has-post-thumbnail","6":"product_cat-vibration-testing-machine","7":"desktop-align-left","8":"tablet-align-left","9":"mobile-align-left","11":"first","12":"instock","13":"shipping-taxable","14":"product-type-simple"},"yoast_head":"<!-- This site is optimized with the Yoast SEO Premium plugin v22.5 (Yoast SEO v24.3) - https:\/\/yoast.com\/wordpress\/plugins\/seo\/ -->\r\n<title>SY70H horizontal hydraulic vibration series - Jswaltec Testing machine<\/title>\r\n<meta name=\"description\" content=\"SY70H horizontal hydraulic vibration series - The horizontal hydraulic vibration test bench is a kind of test bench that converts the energy of high-pressure liquid into the kinetic energy of the reciprocating motion of the actuator through the energy conversion amplifier of the electro-hydraulic servo valve.\" \/>\r\n<meta name=\"robots\" content=\"index, follow, max-snippet:-1, max-image-preview:large, max-video-preview:-1\" \/>\r\n<link rel=\"canonical\" href=\"http:\/\/www.waltec.com.cn\/es\/producto\/sy70h-horizontal-hydraulic-vibration-series\/\" \/>\r\n<meta property=\"og:locale\" content=\"es_ES\" \/>\r\n<meta property=\"og:type\" content=\"article\" \/>\r\n<meta property=\"og:title\" content=\"SY70H horizontal hydraulic vibration series\" \/>\r\n<meta property=\"og:description\" content=\"SY70H horizontal hydraulic vibration series - The horizontal hydraulic vibration test bench is a kind of test bench that converts the energy of high-pressure liquid into the kinetic energy of the reciprocating motion of the actuator through the energy conversion amplifier of the electro-hydraulic servo valve.\" \/>\r\n<meta property=\"og:url\" content=\"http:\/\/www.waltec.com.cn\/es\/producto\/sy70h-horizontal-hydraulic-vibration-series\/\" \/>\r\n<meta property=\"og:site_name\" content=\"Jswaltec Testing machine\" \/>\r\n<meta property=\"article:modified_time\" content=\"2025-01-23T07:08:59+00:00\" \/>\r\n<meta property=\"og:image\" content=\"http:\/\/www.waltec.com.cn\/wp-content\/uploads\/2024\/12\/de005948-fa87-4286-a4c8-e96909893c91.webp\" \/>\r\n\t<meta property=\"og:image:width\" content=\"412\" \/>\r\n\t<meta property=\"og:image:height\" content=\"291\" \/>\r\n\t<meta property=\"og:image:type\" content=\"image\/webp\" \/>\r\n<meta name=\"twitter:card\" content=\"summary_large_image\" \/>\r\n<meta name=\"twitter:label1\" content=\"Tiempo de lectura\" \/>\n\t<meta name=\"twitter:data1\" content=\"2 minutos\" \/>\r\n<script type=\"application\/ld+json\" class=\"yoast-schema-graph\">{\"@context\":\"https:\/\/schema.org\",\"@graph\":[{\"@type\":\"WebPage\",\"@id\":\"http:\/\/www.waltec.com.cn\/product\/sy70h-horizontal-hydraulic-vibration-series\/\",\"url\":\"http:\/\/www.waltec.com.cn\/product\/sy70h-horizontal-hydraulic-vibration-series\/\",\"name\":\"SY70H horizontal hydraulic vibration series - Jswaltec Testing machine\",\"isPartOf\":{\"@id\":\"http:\/\/www.waltec.com.cn\/#website\"},\"primaryImageOfPage\":{\"@id\":\"http:\/\/www.waltec.com.cn\/product\/sy70h-horizontal-hydraulic-vibration-series\/#primaryimage\"},\"image\":{\"@id\":\"http:\/\/www.waltec.com.cn\/product\/sy70h-horizontal-hydraulic-vibration-series\/#primaryimage\"},\"thumbnailUrl\":\"http:\/\/www.waltec.com.cn\/wp-content\/uploads\/2024\/12\/de005948-fa87-4286-a4c8-e96909893c91.webp\",\"datePublished\":\"2024-12-20T01:40:27+00:00\",\"dateModified\":\"2025-01-23T07:08:59+00:00\",\"description\":\"SY70H horizontal hydraulic vibration series - The horizontal hydraulic vibration test bench is a kind of test bench that converts the energy of high-pressure liquid into the kinetic energy of the reciprocating motion of the actuator through the energy conversion amplifier of the electro-hydraulic servo valve.\",\"breadcrumb\":{\"@id\":\"http:\/\/www.waltec.com.cn\/product\/sy70h-horizontal-hydraulic-vibration-series\/#breadcrumb\"},\"inLanguage\":\"es\",\"potentialAction\":[{\"@type\":\"ReadAction\",\"target\":[\"http:\/\/www.waltec.com.cn\/product\/sy70h-horizontal-hydraulic-vibration-series\/\"]}]},{\"@type\":\"ImageObject\",\"inLanguage\":\"es\",\"@id\":\"http:\/\/www.waltec.com.cn\/product\/sy70h-horizontal-hydraulic-vibration-series\/#primaryimage\",\"url\":\"http:\/\/www.waltec.com.cn\/wp-content\/uploads\/2024\/12\/de005948-fa87-4286-a4c8-e96909893c91.webp\",\"contentUrl\":\"http:\/\/www.waltec.com.cn\/wp-content\/uploads\/2024\/12\/de005948-fa87-4286-a4c8-e96909893c91.webp\",\"width\":412,\"height\":291},{\"@type\":\"BreadcrumbList\",\"@id\":\"http:\/\/www.waltec.com.cn\/product\/sy70h-horizontal-hydraulic-vibration-series\/#breadcrumb\",\"itemListElement\":[{\"@type\":\"ListItem\",\"position\":1,\"name\":\"Home\",\"item\":\"http:\/\/www.waltec.com.cn\/\"},{\"@type\":\"ListItem\",\"position\":2,\"name\":\"Products\",\"item\":\"http:\/\/www.waltec.com.cn\/shop\/\"},{\"@type\":\"ListItem\",\"position\":3,\"name\":\"SY70H horizontal hydraulic vibration series\"}]},{\"@type\":\"WebSite\",\"@id\":\"http:\/\/www.waltec.com.cn\/#website\",\"url\":\"http:\/\/www.waltec.com.cn\/\",\"name\":\"Jswaltec Testing machine\",\"description\":\"\",\"publisher\":{\"@id\":\"http:\/\/www.waltec.com.cn\/#organization\"},\"potentialAction\":[{\"@type\":\"SearchAction\",\"target\":{\"@type\":\"EntryPoint\",\"urlTemplate\":\"http:\/\/www.waltec.com.cn\/?s={search_term_string}\"},\"query-input\":{\"@type\":\"PropertyValueSpecification\",\"valueRequired\":true,\"valueName\":\"search_term_string\"}}],\"inLanguage\":\"es\"},{\"@type\":\"Organization\",\"@id\":\"http:\/\/www.waltec.com.cn\/#organization\",\"name\":\"JIANGSU WALLONG-HSIN MACHINERY ENGINEERING CORPORATION LTD.\",\"url\":\"http:\/\/www.waltec.com.cn\/\",\"logo\":{\"@type\":\"ImageObject\",\"inLanguage\":\"es\",\"@id\":\"http:\/\/www.waltec.com.cn\/#\/schema\/logo\/image\/\",\"url\":\"http:\/\/www.waltec.com.cn\/wp-content\/uploads\/2024\/08\/01.jpg\",\"contentUrl\":\"http:\/\/www.waltec.com.cn\/wp-content\/uploads\/2024\/08\/01.jpg\",\"width\":1217,\"height\":221,\"caption\":\"JIANGSU WALLONG-HSIN MACHINERY ENGINEERING CORPORATION LTD.\"},\"image\":{\"@id\":\"http:\/\/www.waltec.com.cn\/#\/schema\/logo\/image\/\"}}]}<\/script>\r\n<!-- \/ Yoast SEO Premium plugin. -->","yoast_head_json":{"title":"SY70H horizontal hydraulic vibration series - Jswaltec Testing machine","description":"SY70H horizontal hydraulic vibration series - The horizontal hydraulic vibration test bench is a kind of test bench that converts the energy of high-pressure liquid into the kinetic energy of the reciprocating motion of the actuator through the energy conversion amplifier of the electro-hydraulic servo valve.","robots":{"index":"index","follow":"follow","max-snippet":"max-snippet:-1","max-image-preview":"max-image-preview:large","max-video-preview":"max-video-preview:-1"},"canonical":"http:\/\/www.waltec.com.cn\/es\/producto\/sy70h-horizontal-hydraulic-vibration-series\/","og_locale":"es_ES","og_type":"article","og_title":"SY70H horizontal hydraulic vibration series","og_description":"SY70H horizontal hydraulic vibration series - The horizontal hydraulic vibration test bench is a kind of test bench that converts the energy of high-pressure liquid into the kinetic energy of the reciprocating motion of the actuator through the energy conversion amplifier of the electro-hydraulic servo valve.","og_url":"http:\/\/www.waltec.com.cn\/es\/producto\/sy70h-horizontal-hydraulic-vibration-series\/","og_site_name":"Jswaltec Testing machine","article_modified_time":"2025-01-23T07:08:59+00:00","og_image":[{"width":412,"height":291,"url":"http:\/\/www.waltec.com.cn\/wp-content\/uploads\/2024\/12\/de005948-fa87-4286-a4c8-e96909893c91.webp","type":"image\/webp"}],"twitter_card":"summary_large_image","twitter_misc":{"Tiempo de lectura":"2 minutos"},"schema":{"@context":"https:\/\/schema.org","@graph":[{"@type":"WebPage","@id":"http:\/\/www.waltec.com.cn\/product\/sy70h-horizontal-hydraulic-vibration-series\/","url":"http:\/\/www.waltec.com.cn\/product\/sy70h-horizontal-hydraulic-vibration-series\/","name":"SY70H horizontal hydraulic vibration series - Jswaltec Testing machine","isPartOf":{"@id":"http:\/\/www.waltec.com.cn\/#website"},"primaryImageOfPage":{"@id":"http:\/\/www.waltec.com.cn\/product\/sy70h-horizontal-hydraulic-vibration-series\/#primaryimage"},"image":{"@id":"http:\/\/www.waltec.com.cn\/product\/sy70h-horizontal-hydraulic-vibration-series\/#primaryimage"},"thumbnailUrl":"http:\/\/www.waltec.com.cn\/wp-content\/uploads\/2024\/12\/de005948-fa87-4286-a4c8-e96909893c91.webp","datePublished":"2024-12-20T01:40:27+00:00","dateModified":"2025-01-23T07:08:59+00:00","description":"SY70H horizontal hydraulic vibration series - The horizontal hydraulic vibration test bench is a kind of test bench that converts the energy of high-pressure liquid into the kinetic energy of the reciprocating motion of the actuator through the energy conversion amplifier of the electro-hydraulic servo valve.","breadcrumb":{"@id":"http:\/\/www.waltec.com.cn\/product\/sy70h-horizontal-hydraulic-vibration-series\/#breadcrumb"},"inLanguage":"es","potentialAction":[{"@type":"ReadAction","target":["http:\/\/www.waltec.com.cn\/product\/sy70h-horizontal-hydraulic-vibration-series\/"]}]},{"@type":"ImageObject","inLanguage":"es","@id":"http:\/\/www.waltec.com.cn\/product\/sy70h-horizontal-hydraulic-vibration-series\/#primaryimage","url":"http:\/\/www.waltec.com.cn\/wp-content\/uploads\/2024\/12\/de005948-fa87-4286-a4c8-e96909893c91.webp","contentUrl":"http:\/\/www.waltec.com.cn\/wp-content\/uploads\/2024\/12\/de005948-fa87-4286-a4c8-e96909893c91.webp","width":412,"height":291},{"@type":"BreadcrumbList","@id":"http:\/\/www.waltec.com.cn\/product\/sy70h-horizontal-hydraulic-vibration-series\/#breadcrumb","itemListElement":[{"@type":"ListItem","position":1,"name":"Home","item":"http:\/\/www.waltec.com.cn\/"},{"@type":"ListItem","position":2,"name":"Products","item":"http:\/\/www.waltec.com.cn\/shop\/"},{"@type":"ListItem","position":3,"name":"SY70H horizontal hydraulic vibration series"}]},{"@type":"WebSite","@id":"http:\/\/www.waltec.com.cn\/#website","url":"http:\/\/www.waltec.com.cn\/","name":"Jswaltec Testing machine","description":"","publisher":{"@id":"http:\/\/www.waltec.com.cn\/#organization"},"potentialAction":[{"@type":"SearchAction","target":{"@type":"EntryPoint","urlTemplate":"http:\/\/www.waltec.com.cn\/?s={search_term_string}"},"query-input":{"@type":"PropertyValueSpecification","valueRequired":true,"valueName":"search_term_string"}}],"inLanguage":"es"},{"@type":"Organization","@id":"http:\/\/www.waltec.com.cn\/#organization","name":"JIANGSU WALLONG-HSIN MACHINERY ENGINEERING CORPORATION LTD.","url":"http:\/\/www.waltec.com.cn\/","logo":{"@type":"ImageObject","inLanguage":"es","@id":"http:\/\/www.waltec.com.cn\/#\/schema\/logo\/image\/","url":"http:\/\/www.waltec.com.cn\/wp-content\/uploads\/2024\/08\/01.jpg","contentUrl":"http:\/\/www.waltec.com.cn\/wp-content\/uploads\/2024\/08\/01.jpg","width":1217,"height":221,"caption":"JIANGSU WALLONG-HSIN MACHINERY ENGINEERING CORPORATION LTD."},"image":{"@id":"http:\/\/www.waltec.com.cn\/#\/schema\/logo\/image\/"}}]}},"uagb_featured_image_src":{"full":["http:\/\/www.waltec.com.cn\/wp-content\/uploads\/2024\/12\/de005948-fa87-4286-a4c8-e96909893c91.webp",412,291,false],"thumbnail":["http:\/\/www.waltec.com.cn\/wp-content\/uploads\/2024\/12\/de005948-fa87-4286-a4c8-e96909893c91.webp",150,106,false],"medium":["http:\/\/www.waltec.com.cn\/wp-content\/uploads\/2024\/12\/de005948-fa87-4286-a4c8-e96909893c91.webp",300,212,false],"medium_large":["http:\/\/www.waltec.com.cn\/wp-content\/uploads\/2024\/12\/de005948-fa87-4286-a4c8-e96909893c91.webp",412,291,false],"large":["http:\/\/www.waltec.com.cn\/wp-content\/uploads\/2024\/12\/de005948-fa87-4286-a4c8-e96909893c91.webp",412,291,false],"1536x1536":["http:\/\/www.waltec.com.cn\/wp-content\/uploads\/2024\/12\/de005948-fa87-4286-a4c8-e96909893c91.webp",412,291,false],"2048x2048":["http:\/\/www.waltec.com.cn\/wp-content\/uploads\/2024\/12\/de005948-fa87-4286-a4c8-e96909893c91.webp",412,291,false],"trp-custom-language-flag":["http:\/\/www.waltec.com.cn\/wp-content\/uploads\/2024\/12\/de005948-fa87-4286-a4c8-e96909893c91.webp",18,12,false],"woocommerce_thumbnail":["http:\/\/www.waltec.com.cn\/wp-content\/uploads\/2024\/12\/de005948-fa87-4286-a4c8-e96909893c91.webp",300,212,false],"woocommerce_single":["http:\/\/www.waltec.com.cn\/wp-content\/uploads\/2024\/12\/de005948-fa87-4286-a4c8-e96909893c91.webp",412,291,false],"woocommerce_gallery_thumbnail":["http:\/\/www.waltec.com.cn\/wp-content\/uploads\/2024\/12\/de005948-fa87-4286-a4c8-e96909893c91-100x100.webp",100,100,true]},"uagb_author_info":{"display_name":"Jswaltec","author_link":"http:\/\/www.waltec.com.cn\/es\/author\/"},"uagb_comment_info":0,"uagb_excerpt":"The horizontal hydraulic vibration test bench is a kind of test bench that converts the energy of high-pressure liquid into the kinetic energy of the reciprocating motion of the actuator through the energy conversion amplifier of the electro-hydraulic servo valve, which can be used to simulate the horizontal vibration suffered by earthquakes, automobiles and parts,&hellip;","_links":{"self":[{"href":"http:\/\/www.waltec.com.cn\/es\/wp-json\/wp\/v2\/product\/2074","targetHints":{"allow":["GET"]}}],"collection":[{"href":"http:\/\/www.waltec.com.cn\/es\/wp-json\/wp\/v2\/product"}],"about":[{"href":"http:\/\/www.waltec.com.cn\/es\/wp-json\/wp\/v2\/types\/product"}],"wp:featuredmedia":[{"embeddable":true,"href":"http:\/\/www.waltec.com.cn\/es\/wp-json\/wp\/v2\/media\/2075"}],"wp:attachment":[{"href":"http:\/\/www.waltec.com.cn\/es\/wp-json\/wp\/v2\/media?parent=2074"}],"wp:term":[{"taxonomy":"product_cat","embeddable":true,"href":"http:\/\/www.waltec.com.cn\/es\/wp-json\/wp\/v2\/product_cat?post=2074"},{"taxonomy":"product_tag","embeddable":true,"href":"http:\/\/www.waltec.com.cn\/es\/wp-json\/wp\/v2\/product_tag?post=2074"}],"curies":[{"name":"wp","href":"https:\/\/api.w.org\/{rel}","templated":true}]}}