{"id":2076,"date":"2024-12-20T09:44:38","date_gmt":"2024-12-20T01:44:38","guid":{"rendered":"http:\/\/www.waltec.com.cn\/?post_type=product&#038;p=2076"},"modified":"2025-01-23T15:08:01","modified_gmt":"2025-01-23T07:08:01","slug":"sy70-vertical-hydraulic-vibration-series","status":"publish","type":"product","link":"http:\/\/www.waltec.com.cn\/es\/producto\/sy70-vertical-hydraulic-vibration-series\/","title":{"rendered":"Serie de vibraci\u00f3n hidr\u00e1ulica vertical SY70"},"content":{"rendered":"<p>El banco de pruebas de vibraci\u00f3n hidr\u00e1ulica vertical es un tipo de banco de pruebas que convierte la energ\u00eda del l\u00edquido a alta presi\u00f3n en la energ\u00eda cin\u00e9tica del movimiento alternativo del actuador a trav\u00e9s del dispositivo de conversi\u00f3n y amplificaci\u00f3n de energ\u00eda de la servov\u00e1lvula electrohidr\u00e1ulica, que puede usarse para simular la vibraci\u00f3n que sufren autom\u00f3viles y piezas, diversos edificios y estructuras de acero, productos mec\u00e1nicos y el\u00e9ctricos aeroespaciales en el entorno real, a fin de optimizar la estructura del producto y ahorrar costos.<\/p>\n<table>\n<tbody>\n<tr>\n<td width=\"59\"><strong><b>modelo<\/b><\/strong><\/p>\n<p><strong><b>par\u00e1metro<\/b><\/strong><\/td>\n<td width=\"55\"><strong><b>SY70-1<\/b><\/strong><\/td>\n<td width=\"59\"><strong><b>SY70-2.5<\/b><\/strong><\/td>\n<td width=\"59\"><strong><b>SY70-5<\/b><\/strong><\/td>\n<td width=\"70\"><strong><b>SY70-10<\/b><\/strong><\/td>\n<td width=\"70\"><strong><b>SY70-15<\/b><\/strong><\/td>\n<td width=\"70\"><strong><b>SY70-20<\/b><\/strong><\/td>\n<td width=\"70\"><strong><b>SY70-40<\/b><\/strong><\/td>\n<td width=\"70\"><strong><b>SY70-50<\/b><\/strong><\/td>\n<\/tr>\n<tr>\n<td width=\"59\">empuje m\u00e1ximo (kN)<\/td>\n<td width=\"55\">10<\/td>\n<td width=\"59\">25<\/td>\n<td width=\"59\">50<\/td>\n<td width=\"70\">100<\/td>\n<td width=\"70\">150<\/td>\n<td width=\"70\">200<\/td>\n<td width=\"70\">400<\/td>\n<td width=\"70\">500<\/td>\n<\/tr>\n<tr>\n<td width=\"59\">carga m\u00e1xima (kg)<\/td>\n<td width=\"55\">200<\/td>\n<td width=\"59\">250<\/td>\n<td width=\"59\">600<\/td>\n<td width=\"70\">1200<\/td>\n<td width=\"70\">1800<\/td>\n<td width=\"70\">3000<\/td>\n<td width=\"70\">8000<\/td>\n<td width=\"70\">12000<\/td>\n<\/tr>\n<tr>\n<td width=\"59\">rango de frecuencia (kN)<\/td>\n<td width=\"55\">1~120<\/td>\n<td width=\"59\">1~120<\/td>\n<td width=\"59\">1~120<\/td>\n<td width=\"70\">1~100<\/td>\n<td width=\"70\">1~80<\/td>\n<td width=\"70\">1~80<\/td>\n<td width=\"70\">1~60<\/td>\n<td width=\"70\">1~60<\/td>\n<\/tr>\n<tr>\n<td width=\"59\">desplazamiento m\u00e1ximo (mm)<\/td>\n<td width=\"55\">50<\/td>\n<td width=\"59\">50<\/td>\n<td width=\"59\">50<\/td>\n<td width=\"70\">50<\/td>\n<td width=\"70\">50<\/td>\n<td width=\"70\">50<\/td>\n<td width=\"70\">40<\/td>\n<td width=\"70\">30<\/td>\n<\/tr>\n<tr>\n<td width=\"59\">velocidad m\u00e1xima (m\/s)<\/td>\n<td width=\"55\">0.4<\/td>\n<td width=\"59\">0.4<\/td>\n<td width=\"59\">0.4<\/td>\n<td width=\"70\">0.35<\/td>\n<td width=\"70\">0.35<\/td>\n<td width=\"70\">0.3<\/td>\n<td width=\"70\">0.2<\/td>\n<td width=\"70\">0.17<\/td>\n<\/tr>\n<tr>\n<td width=\"59\">aceleraci\u00f3n m\u00e1xima (m\/s\u00b2)<\/td>\n<td width=\"55\">30<\/td>\n<td width=\"59\">50<\/td>\n<td width=\"59\">50<\/td>\n<td width=\"70\">50<\/td>\n<td width=\"70\">50<\/td>\n<td width=\"70\">40<\/td>\n<td width=\"70\">30<\/td>\n<td width=\"70\">25<\/td>\n<\/tr>\n<tr>\n<td width=\"59\">tama\u00f1o de la mesa (mm)<\/td>\n<td width=\"55\">500\u00d7500<\/td>\n<td width=\"59\">600\u00d7600<\/td>\n<td width=\"59\">800\u00d7800<\/td>\n<td width=\"70\">1000\u00d71000<\/td>\n<td width=\"70\">1200\u00d71200<\/td>\n<td width=\"70\">1500\u00d71500<\/td>\n<td width=\"70\">1800\u00d71800<\/td>\n<td width=\"70\">2000\u00d72000<\/td>\n<\/tr>\n<tr>\n<td width=\"59\">potencia consumida (kW)<\/td>\n<td width=\"55\">11<\/td>\n<td width=\"59\">18.5<\/td>\n<td width=\"59\">37<\/td>\n<td width=\"70\">55<\/td>\n<td width=\"70\">74<\/td>\n<td width=\"70\">74<\/td>\n<td width=\"70\">110<\/td>\n<td width=\"70\">110<\/td>\n<\/tr>\n<tr>\n<td width=\"59\">dimensi\u00f3n del l\u00edmite (L\u00d7An\u00d7Al:mm)<\/td>\n<td width=\"55\">500\u00d7500\u00d7800<\/td>\n<td width=\"59\">600\u00d7600\u00d7800<\/td>\n<td width=\"59\">800\u00d7800\u00d7800<\/td>\n<td width=\"70\">1000\u00d71000\u00d71200<\/td>\n<td width=\"70\">1200\u00d71200\u00d71200<\/td>\n<td width=\"70\">1500\u00d71500\u00d71200<\/td>\n<td width=\"70\">1800\u00d71800\u00d71500<\/td>\n<td width=\"70\">2000\u00d72000\u00d71500<\/td>\n<\/tr>\n<tr>\n<td width=\"59\">Fuerza<\/td>\n<td colspan=\"8\" width=\"529\">Three-phase 380V, 50\/60Hz<\/td>\n<\/tr>\n<tr>\n<td width=\"59\">est\u00e1ndar<\/p>\n<p>&nbsp;<\/td>\n<td colspan=\"8\" width=\"529\">GB\/T2423 GJB150A<\/td>\n<\/tr>\n<tr>\n<td width=\"59\">ambiente de trabajo<\/td>\n<td colspan=\"8\" width=\"529\">Temperatura: 0~40\u2103, humedad: \u226480% (sin condensaci\u00f3n)<\/td>\n<\/tr>\n<tr>\n<td width=\"59\">observaci\u00f3n<\/td>\n<td colspan=\"8\" width=\"529\">Nota: Se puede personalizar seg\u00fan los requisitos de \u00edndice especiales del cliente.<\/td>\n<\/tr>\n<\/tbody>\n<\/table>","protected":false},"excerpt":{"rendered":"<p>The vertical hydraulic vibration test bench is a kind of test bench that converts the energy of high-pressure liquid into the kinetic energy of the reciprocating motion of the actuator through the energy conversion and amplification device of the electro-hydraulic servo valve, which can be used to simulate the vibration suffered by automobiles and parts, [&hellip;]<\/p>","protected":false},"featured_media":2077,"template":"","meta":{"_uag_custom_page_level_css":"","site-sidebar-layout":"default","site-content-layout":"","ast-site-content-layout":"default","site-content-style":"default","site-sidebar-style":"default","ast-global-header-display":"","ast-banner-title-visibility":"","ast-main-header-display":"","ast-hfb-above-header-display":"","ast-hfb-below-header-display":"","ast-hfb-mobile-header-display":"","site-post-title":"","ast-breadcrumbs-content":"","ast-featured-img":"","footer-sml-layout":"","theme-transparent-header-meta":"default","adv-header-id-meta":"","stick-header-meta":"","header-above-stick-meta":"","header-main-stick-meta":"","header-below-stick-meta":"","astra-migrate-meta-layouts":"set","ast-page-background-enabled":"default","ast-page-background-meta":{"desktop":{"background-color":"var(--ast-global-color-4)","background-image":"","background-repeat":"repeat","background-position":"center center","background-size":"auto","background-attachment":"scroll","background-type":"","background-media":"","overlay-type":"","overlay-color":"","overlay-opacity":"","overlay-gradient":""},"tablet":{"background-color":"","background-image":"","background-repeat":"repeat","background-position":"center center","background-size":"auto","background-attachment":"scroll","background-type":"","background-media":"","overlay-type":"","overlay-color":"","overlay-opacity":"","overlay-gradient":""},"mobile":{"background-color":"","background-image":"","background-repeat":"repeat","background-position":"center center","background-size":"auto","background-attachment":"scroll","background-type":"","background-media":"","overlay-type":"","overlay-color":"","overlay-opacity":"","overlay-gradient":""}},"ast-content-background-meta":{"desktop":{"background-color":"var(--ast-global-color-5)","background-image":"","background-repeat":"repeat","background-position":"center center","background-size":"auto","background-attachment":"scroll","background-type":"","background-media":"","overlay-type":"","overlay-color":"","overlay-opacity":"","overlay-gradient":""},"tablet":{"background-color":"var(--ast-global-color-5)","background-image":"","background-repeat":"repeat","background-position":"center center","background-size":"auto","background-attachment":"scroll","background-type":"","background-media":"","overlay-type":"","overlay-color":"","overlay-opacity":"","overlay-gradient":""},"mobile":{"background-color":"var(--ast-global-color-5)","background-image":"","background-repeat":"repeat","background-position":"center center","background-size":"auto","background-attachment":"scroll","background-type":"","background-media":"","overlay-type":"","overlay-color":"","overlay-opacity":"","overlay-gradient":""}}},"product_cat":[36],"product_tag":[],"class_list":{"0":"post-2076","1":"product","2":"type-product","3":"status-publish","4":"has-post-thumbnail","6":"product_cat-vibration-testing-machine","7":"desktop-align-left","8":"tablet-align-left","9":"mobile-align-left","11":"first","12":"instock","13":"shipping-taxable","14":"product-type-simple"},"yoast_head":"<!-- This site is optimized with the Yoast SEO Premium plugin v22.5 (Yoast SEO v24.3) - https:\/\/yoast.com\/wordpress\/plugins\/seo\/ -->\r\n<title>SY70 vertical hydraulic vibration series - Jswaltec Testing machine<\/title>\r\n<meta name=\"description\" content=\"SY70 vertical hydraulic vibration series - The vertical hydraulic vibration test bench is a kind of test bench that converts the energy of high-pressure liquid into the kinetic energy of the reciprocating motion of the actuator through the energy conversion and amplification device of the electro-hydraulic servo valve\" \/>\r\n<meta name=\"robots\" content=\"index, follow, max-snippet:-1, max-image-preview:large, max-video-preview:-1\" \/>\r\n<link rel=\"canonical\" href=\"http:\/\/www.waltec.com.cn\/es\/producto\/sy70-vertical-hydraulic-vibration-series\/\" \/>\r\n<meta property=\"og:locale\" content=\"es_ES\" \/>\r\n<meta property=\"og:type\" content=\"article\" \/>\r\n<meta property=\"og:title\" content=\"SY70 vertical hydraulic vibration series\" \/>\r\n<meta property=\"og:description\" content=\"SY70 vertical hydraulic vibration series - The vertical hydraulic vibration test bench is a kind of test bench that converts the energy of high-pressure liquid into the kinetic energy of the reciprocating motion of the actuator through the energy conversion and amplification device of the electro-hydraulic servo valve\" \/>\r\n<meta property=\"og:url\" content=\"http:\/\/www.waltec.com.cn\/es\/producto\/sy70-vertical-hydraulic-vibration-series\/\" \/>\r\n<meta property=\"og:site_name\" content=\"Jswaltec Testing machine\" \/>\r\n<meta property=\"article:modified_time\" content=\"2025-01-23T07:08:01+00:00\" \/>\r\n<meta property=\"og:image\" content=\"http:\/\/www.waltec.com.cn\/wp-content\/uploads\/2024\/12\/d2a8caa1-e43a-4306-8d2c-60f9b55807e6.webp\" \/>\r\n\t<meta property=\"og:image:width\" content=\"460\" \/>\r\n\t<meta property=\"og:image:height\" content=\"418\" \/>\r\n\t<meta property=\"og:image:type\" content=\"image\/webp\" \/>\r\n<meta name=\"twitter:card\" content=\"summary_large_image\" \/>\r\n<meta name=\"twitter:label1\" content=\"Tiempo de lectura\" \/>\n\t<meta name=\"twitter:data1\" content=\"2 minutos\" \/>\r\n<script type=\"application\/ld+json\" class=\"yoast-schema-graph\">{\"@context\":\"https:\/\/schema.org\",\"@graph\":[{\"@type\":\"WebPage\",\"@id\":\"http:\/\/www.waltec.com.cn\/product\/sy70-vertical-hydraulic-vibration-series\/\",\"url\":\"http:\/\/www.waltec.com.cn\/product\/sy70-vertical-hydraulic-vibration-series\/\",\"name\":\"SY70 vertical hydraulic vibration series - Jswaltec Testing machine\",\"isPartOf\":{\"@id\":\"http:\/\/www.waltec.com.cn\/#website\"},\"primaryImageOfPage\":{\"@id\":\"http:\/\/www.waltec.com.cn\/product\/sy70-vertical-hydraulic-vibration-series\/#primaryimage\"},\"image\":{\"@id\":\"http:\/\/www.waltec.com.cn\/product\/sy70-vertical-hydraulic-vibration-series\/#primaryimage\"},\"thumbnailUrl\":\"http:\/\/www.waltec.com.cn\/wp-content\/uploads\/2024\/12\/d2a8caa1-e43a-4306-8d2c-60f9b55807e6.webp\",\"datePublished\":\"2024-12-20T01:44:38+00:00\",\"dateModified\":\"2025-01-23T07:08:01+00:00\",\"description\":\"SY70 vertical hydraulic vibration series - The vertical hydraulic vibration test bench is a kind of test bench that converts the energy of high-pressure liquid into the kinetic energy of the reciprocating motion of the actuator through the energy conversion and amplification device of the electro-hydraulic servo valve\",\"breadcrumb\":{\"@id\":\"http:\/\/www.waltec.com.cn\/product\/sy70-vertical-hydraulic-vibration-series\/#breadcrumb\"},\"inLanguage\":\"es\",\"potentialAction\":[{\"@type\":\"ReadAction\",\"target\":[\"http:\/\/www.waltec.com.cn\/product\/sy70-vertical-hydraulic-vibration-series\/\"]}]},{\"@type\":\"ImageObject\",\"inLanguage\":\"es\",\"@id\":\"http:\/\/www.waltec.com.cn\/product\/sy70-vertical-hydraulic-vibration-series\/#primaryimage\",\"url\":\"http:\/\/www.waltec.com.cn\/wp-content\/uploads\/2024\/12\/d2a8caa1-e43a-4306-8d2c-60f9b55807e6.webp\",\"contentUrl\":\"http:\/\/www.waltec.com.cn\/wp-content\/uploads\/2024\/12\/d2a8caa1-e43a-4306-8d2c-60f9b55807e6.webp\",\"width\":460,\"height\":418},{\"@type\":\"BreadcrumbList\",\"@id\":\"http:\/\/www.waltec.com.cn\/product\/sy70-vertical-hydraulic-vibration-series\/#breadcrumb\",\"itemListElement\":[{\"@type\":\"ListItem\",\"position\":1,\"name\":\"Home\",\"item\":\"http:\/\/www.waltec.com.cn\/\"},{\"@type\":\"ListItem\",\"position\":2,\"name\":\"Products\",\"item\":\"http:\/\/www.waltec.com.cn\/shop\/\"},{\"@type\":\"ListItem\",\"position\":3,\"name\":\"SY70 vertical hydraulic vibration series\"}]},{\"@type\":\"WebSite\",\"@id\":\"http:\/\/www.waltec.com.cn\/#website\",\"url\":\"http:\/\/www.waltec.com.cn\/\",\"name\":\"Jswaltec Testing machine\",\"description\":\"\",\"publisher\":{\"@id\":\"http:\/\/www.waltec.com.cn\/#organization\"},\"potentialAction\":[{\"@type\":\"SearchAction\",\"target\":{\"@type\":\"EntryPoint\",\"urlTemplate\":\"http:\/\/www.waltec.com.cn\/?s={search_term_string}\"},\"query-input\":{\"@type\":\"PropertyValueSpecification\",\"valueRequired\":true,\"valueName\":\"search_term_string\"}}],\"inLanguage\":\"es\"},{\"@type\":\"Organization\",\"@id\":\"http:\/\/www.waltec.com.cn\/#organization\",\"name\":\"JIANGSU WALLONG-HSIN MACHINERY ENGINEERING CORPORATION LTD.\",\"url\":\"http:\/\/www.waltec.com.cn\/\",\"logo\":{\"@type\":\"ImageObject\",\"inLanguage\":\"es\",\"@id\":\"http:\/\/www.waltec.com.cn\/#\/schema\/logo\/image\/\",\"url\":\"http:\/\/www.waltec.com.cn\/wp-content\/uploads\/2024\/08\/01.jpg\",\"contentUrl\":\"http:\/\/www.waltec.com.cn\/wp-content\/uploads\/2024\/08\/01.jpg\",\"width\":1217,\"height\":221,\"caption\":\"JIANGSU WALLONG-HSIN MACHINERY ENGINEERING CORPORATION LTD.\"},\"image\":{\"@id\":\"http:\/\/www.waltec.com.cn\/#\/schema\/logo\/image\/\"}}]}<\/script>\r\n<!-- \/ Yoast SEO Premium plugin. -->","yoast_head_json":{"title":"SY70 vertical hydraulic vibration series - Jswaltec Testing machine","description":"SY70 vertical hydraulic vibration series - The vertical hydraulic vibration test bench is a kind of test bench that converts the energy of high-pressure liquid into the kinetic energy of the reciprocating motion of the actuator through the energy conversion and amplification device of the electro-hydraulic servo valve","robots":{"index":"index","follow":"follow","max-snippet":"max-snippet:-1","max-image-preview":"max-image-preview:large","max-video-preview":"max-video-preview:-1"},"canonical":"http:\/\/www.waltec.com.cn\/es\/producto\/sy70-vertical-hydraulic-vibration-series\/","og_locale":"es_ES","og_type":"article","og_title":"SY70 vertical hydraulic vibration series","og_description":"SY70 vertical hydraulic vibration series - The vertical hydraulic vibration test bench is a kind of test bench that converts the energy of high-pressure liquid into the kinetic energy of the reciprocating motion of the actuator through the energy conversion and amplification device of the electro-hydraulic servo valve","og_url":"http:\/\/www.waltec.com.cn\/es\/producto\/sy70-vertical-hydraulic-vibration-series\/","og_site_name":"Jswaltec Testing machine","article_modified_time":"2025-01-23T07:08:01+00:00","og_image":[{"width":460,"height":418,"url":"http:\/\/www.waltec.com.cn\/wp-content\/uploads\/2024\/12\/d2a8caa1-e43a-4306-8d2c-60f9b55807e6.webp","type":"image\/webp"}],"twitter_card":"summary_large_image","twitter_misc":{"Tiempo de lectura":"2 minutos"},"schema":{"@context":"https:\/\/schema.org","@graph":[{"@type":"WebPage","@id":"http:\/\/www.waltec.com.cn\/product\/sy70-vertical-hydraulic-vibration-series\/","url":"http:\/\/www.waltec.com.cn\/product\/sy70-vertical-hydraulic-vibration-series\/","name":"SY70 vertical hydraulic vibration series - Jswaltec Testing machine","isPartOf":{"@id":"http:\/\/www.waltec.com.cn\/#website"},"primaryImageOfPage":{"@id":"http:\/\/www.waltec.com.cn\/product\/sy70-vertical-hydraulic-vibration-series\/#primaryimage"},"image":{"@id":"http:\/\/www.waltec.com.cn\/product\/sy70-vertical-hydraulic-vibration-series\/#primaryimage"},"thumbnailUrl":"http:\/\/www.waltec.com.cn\/wp-content\/uploads\/2024\/12\/d2a8caa1-e43a-4306-8d2c-60f9b55807e6.webp","datePublished":"2024-12-20T01:44:38+00:00","dateModified":"2025-01-23T07:08:01+00:00","description":"SY70 vertical hydraulic vibration series - The vertical hydraulic vibration test bench is a kind of test bench that converts the energy of high-pressure liquid into the kinetic energy of the reciprocating motion of the actuator through the energy conversion and amplification device of the electro-hydraulic servo valve","breadcrumb":{"@id":"http:\/\/www.waltec.com.cn\/product\/sy70-vertical-hydraulic-vibration-series\/#breadcrumb"},"inLanguage":"es","potentialAction":[{"@type":"ReadAction","target":["http:\/\/www.waltec.com.cn\/product\/sy70-vertical-hydraulic-vibration-series\/"]}]},{"@type":"ImageObject","inLanguage":"es","@id":"http:\/\/www.waltec.com.cn\/product\/sy70-vertical-hydraulic-vibration-series\/#primaryimage","url":"http:\/\/www.waltec.com.cn\/wp-content\/uploads\/2024\/12\/d2a8caa1-e43a-4306-8d2c-60f9b55807e6.webp","contentUrl":"http:\/\/www.waltec.com.cn\/wp-content\/uploads\/2024\/12\/d2a8caa1-e43a-4306-8d2c-60f9b55807e6.webp","width":460,"height":418},{"@type":"BreadcrumbList","@id":"http:\/\/www.waltec.com.cn\/product\/sy70-vertical-hydraulic-vibration-series\/#breadcrumb","itemListElement":[{"@type":"ListItem","position":1,"name":"Home","item":"http:\/\/www.waltec.com.cn\/"},{"@type":"ListItem","position":2,"name":"Products","item":"http:\/\/www.waltec.com.cn\/shop\/"},{"@type":"ListItem","position":3,"name":"SY70 vertical hydraulic vibration series"}]},{"@type":"WebSite","@id":"http:\/\/www.waltec.com.cn\/#website","url":"http:\/\/www.waltec.com.cn\/","name":"Jswaltec Testing machine","description":"","publisher":{"@id":"http:\/\/www.waltec.com.cn\/#organization"},"potentialAction":[{"@type":"SearchAction","target":{"@type":"EntryPoint","urlTemplate":"http:\/\/www.waltec.com.cn\/?s={search_term_string}"},"query-input":{"@type":"PropertyValueSpecification","valueRequired":true,"valueName":"search_term_string"}}],"inLanguage":"es"},{"@type":"Organization","@id":"http:\/\/www.waltec.com.cn\/#organization","name":"JIANGSU WALLONG-HSIN MACHINERY ENGINEERING CORPORATION LTD.","url":"http:\/\/www.waltec.com.cn\/","logo":{"@type":"ImageObject","inLanguage":"es","@id":"http:\/\/www.waltec.com.cn\/#\/schema\/logo\/image\/","url":"http:\/\/www.waltec.com.cn\/wp-content\/uploads\/2024\/08\/01.jpg","contentUrl":"http:\/\/www.waltec.com.cn\/wp-content\/uploads\/2024\/08\/01.jpg","width":1217,"height":221,"caption":"JIANGSU WALLONG-HSIN MACHINERY ENGINEERING CORPORATION LTD."},"image":{"@id":"http:\/\/www.waltec.com.cn\/#\/schema\/logo\/image\/"}}]}},"uagb_featured_image_src":{"full":["http:\/\/www.waltec.com.cn\/wp-content\/uploads\/2024\/12\/d2a8caa1-e43a-4306-8d2c-60f9b55807e6.webp",460,418,false],"thumbnail":["http:\/\/www.waltec.com.cn\/wp-content\/uploads\/2024\/12\/d2a8caa1-e43a-4306-8d2c-60f9b55807e6.webp",150,136,false],"medium":["http:\/\/www.waltec.com.cn\/wp-content\/uploads\/2024\/12\/d2a8caa1-e43a-4306-8d2c-60f9b55807e6.webp",300,273,false],"medium_large":["http:\/\/www.waltec.com.cn\/wp-content\/uploads\/2024\/12\/d2a8caa1-e43a-4306-8d2c-60f9b55807e6.webp",460,418,false],"large":["http:\/\/www.waltec.com.cn\/wp-content\/uploads\/2024\/12\/d2a8caa1-e43a-4306-8d2c-60f9b55807e6.webp",460,418,false],"1536x1536":["http:\/\/www.waltec.com.cn\/wp-content\/uploads\/2024\/12\/d2a8caa1-e43a-4306-8d2c-60f9b55807e6.webp",460,418,false],"2048x2048":["http:\/\/www.waltec.com.cn\/wp-content\/uploads\/2024\/12\/d2a8caa1-e43a-4306-8d2c-60f9b55807e6.webp",460,418,false],"trp-custom-language-flag":["http:\/\/www.waltec.com.cn\/wp-content\/uploads\/2024\/12\/d2a8caa1-e43a-4306-8d2c-60f9b55807e6.webp",13,12,false],"woocommerce_thumbnail":["http:\/\/www.waltec.com.cn\/wp-content\/uploads\/2024\/12\/d2a8caa1-e43a-4306-8d2c-60f9b55807e6-300x300.webp",300,300,true],"woocommerce_single":["http:\/\/www.waltec.com.cn\/wp-content\/uploads\/2024\/12\/d2a8caa1-e43a-4306-8d2c-60f9b55807e6.webp",460,418,false],"woocommerce_gallery_thumbnail":["http:\/\/www.waltec.com.cn\/wp-content\/uploads\/2024\/12\/d2a8caa1-e43a-4306-8d2c-60f9b55807e6-100x100.webp",100,100,true]},"uagb_author_info":{"display_name":"Jswaltec","author_link":"http:\/\/www.waltec.com.cn\/es\/author\/"},"uagb_comment_info":0,"uagb_excerpt":"The vertical hydraulic vibration test bench is a kind of test bench that converts the energy of high-pressure liquid into the kinetic energy of the reciprocating motion of the actuator through the energy conversion and amplification device of the electro-hydraulic servo valve, which can be used to simulate the vibration suffered by automobiles and parts,&hellip;","_links":{"self":[{"href":"http:\/\/www.waltec.com.cn\/es\/wp-json\/wp\/v2\/product\/2076","targetHints":{"allow":["GET"]}}],"collection":[{"href":"http:\/\/www.waltec.com.cn\/es\/wp-json\/wp\/v2\/product"}],"about":[{"href":"http:\/\/www.waltec.com.cn\/es\/wp-json\/wp\/v2\/types\/product"}],"wp:featuredmedia":[{"embeddable":true,"href":"http:\/\/www.waltec.com.cn\/es\/wp-json\/wp\/v2\/media\/2077"}],"wp:attachment":[{"href":"http:\/\/www.waltec.com.cn\/es\/wp-json\/wp\/v2\/media?parent=2076"}],"wp:term":[{"taxonomy":"product_cat","embeddable":true,"href":"http:\/\/www.waltec.com.cn\/es\/wp-json\/wp\/v2\/product_cat?post=2076"},{"taxonomy":"product_tag","embeddable":true,"href":"http:\/\/www.waltec.com.cn\/es\/wp-json\/wp\/v2\/product_tag?post=2076"}],"curies":[{"name":"wp","href":"https:\/\/api.w.org\/{rel}","templated":true}]}}