{"id":2078,"date":"2024-12-20T09:53:51","date_gmt":"2024-12-20T01:53:51","guid":{"rendered":"http:\/\/www.waltec.com.cn\/?post_type=product&#038;p=2078"},"modified":"2025-01-23T15:02:21","modified_gmt":"2025-01-23T07:02:21","slug":"integrated-environmental-test-system","status":"publish","type":"product","link":"http:\/\/www.waltec.com.cn\/es\/producto\/integrated-environmental-test-system\/","title":{"rendered":"Sistema de prueba ambiental integrado"},"content":{"rendered":"<p>Es principalmente la integraci\u00f3n de la c\u00e1mara de prueba y el sistema de prueba de vibraci\u00f3n. Durante la prueba, la temperatura, la humedad, la vibraci\u00f3n (alta o baja temperatura), (vibraci\u00f3n sinusoidal o vibraci\u00f3n aleatoria) y la tensi\u00f3n el\u00e9ctrica se aplican exhaustivamente a la muestra en la misma c\u00e1mara de prueba clim\u00e1tica de acuerdo con el per\u00edodo especificado para la prueba de \"simulaci\u00f3n ambiental\" de temperatura, humedad y vibraci\u00f3n. En comparaci\u00f3n con un solo factor ambiental, es m\u00e1s realista simular el entorno del producto en transporte y uso real. Es un medio de prueba importante para todo el proceso de desarrollo de nuevos productos, identificaci\u00f3n y producci\u00f3n en masa. Podemos proporcionar una amplia gama de sistemas integrales de prueba ambiental de acuerdo con las diferentes necesidades de prueba de los clientes. Tales como esquema de equipo de prueba de tres y cuatro integrales (sistema de prueba de vibraci\u00f3n refrigerado por aire con c\u00e1mara de prueba de baja presi\u00f3n), sistema de prueba de vibraci\u00f3n multieje y la \u00faltima tecnolog\u00eda de prueba.<\/p>","protected":false},"excerpt":{"rendered":"<p>It is mainly the integration of test chamber and vibration test system. During the test, temperature, humidity, vibration (high temperature or low temperature), (sinusoidal vibration or random vibration) and electrical stress are comprehensively applied to the sample in the same climate test chamber according to the specified period for &#8220;environmental simulation&#8221; test of temperature, humidity [&hellip;]<\/p>","protected":false},"featured_media":2079,"template":"","meta":{"_uag_custom_page_level_css":"","site-sidebar-layout":"default","site-content-layout":"","ast-site-content-layout":"default","site-content-style":"default","site-sidebar-style":"default","ast-global-header-display":"","ast-banner-title-visibility":"","ast-main-header-display":"","ast-hfb-above-header-display":"","ast-hfb-below-header-display":"","ast-hfb-mobile-header-display":"","site-post-title":"","ast-breadcrumbs-content":"","ast-featured-img":"","footer-sml-layout":"","theme-transparent-header-meta":"default","adv-header-id-meta":"","stick-header-meta":"","header-above-stick-meta":"","header-main-stick-meta":"","header-below-stick-meta":"","astra-migrate-meta-layouts":"set","ast-page-background-enabled":"default","ast-page-background-meta":{"desktop":{"background-color":"var(--ast-global-color-4)","background-image":"","background-repeat":"repeat","background-position":"center center","background-size":"auto","background-attachment":"scroll","background-type":"","background-media":"","overlay-type":"","overlay-color":"","overlay-opacity":"","overlay-gradient":""},"tablet":{"background-color":"","background-image":"","background-repeat":"repeat","background-position":"center center","background-size":"auto","background-attachment":"scroll","background-type":"","background-media":"","overlay-type":"","overlay-color":"","overlay-opacity":"","overlay-gradient":""},"mobile":{"background-color":"","background-image":"","background-repeat":"repeat","background-position":"center center","background-size":"auto","background-attachment":"scroll","background-type":"","background-media":"","overlay-type":"","overlay-color":"","overlay-opacity":"","overlay-gradient":""}},"ast-content-background-meta":{"desktop":{"background-color":"var(--ast-global-color-5)","background-image":"","background-repeat":"repeat","background-position":"center center","background-size":"auto","background-attachment":"scroll","background-type":"","background-media":"","overlay-type":"","overlay-color":"","overlay-opacity":"","overlay-gradient":""},"tablet":{"background-color":"var(--ast-global-color-5)","background-image":"","background-repeat":"repeat","background-position":"center center","background-size":"auto","background-attachment":"scroll","background-type":"","background-media":"","overlay-type":"","overlay-color":"","overlay-opacity":"","overlay-gradient":""},"mobile":{"background-color":"var(--ast-global-color-5)","background-image":"","background-repeat":"repeat","background-position":"center center","background-size":"auto","background-attachment":"scroll","background-type":"","background-media":"","overlay-type":"","overlay-color":"","overlay-opacity":"","overlay-gradient":""}}},"product_cat":[36],"product_tag":[],"class_list":{"0":"post-2078","1":"product","2":"type-product","3":"status-publish","4":"has-post-thumbnail","6":"product_cat-vibration-testing-machine","7":"desktop-align-left","8":"tablet-align-left","9":"mobile-align-left","11":"first","12":"instock","13":"shipping-taxable","14":"product-type-simple"},"yoast_head":"<!-- This site is optimized with the Yoast SEO Premium plugin v22.5 (Yoast SEO v24.3) - https:\/\/yoast.com\/wordpress\/plugins\/seo\/ -->\r\n<title>Integrated environmental test system - Jswaltec Testing machine<\/title>\r\n<meta name=\"description\" content=\"Integrated environmental test system -\" \/>\r\n<meta name=\"robots\" content=\"index, follow, max-snippet:-1, max-image-preview:large, max-video-preview:-1\" \/>\r\n<link rel=\"canonical\" href=\"http:\/\/www.waltec.com.cn\/es\/producto\/integrated-environmental-test-system\/\" \/>\r\n<meta property=\"og:locale\" content=\"es_ES\" \/>\r\n<meta property=\"og:type\" content=\"article\" \/>\r\n<meta property=\"og:title\" content=\"Integrated environmental test system\" \/>\r\n<meta property=\"og:description\" content=\"Integrated environmental test system -\" \/>\r\n<meta property=\"og:url\" content=\"http:\/\/www.waltec.com.cn\/es\/producto\/integrated-environmental-test-system\/\" \/>\r\n<meta property=\"og:site_name\" content=\"Jswaltec Testing machine\" \/>\r\n<meta property=\"article:modified_time\" content=\"2025-01-23T07:02:21+00:00\" \/>\r\n<meta property=\"og:image\" content=\"http:\/\/www.waltec.com.cn\/wp-content\/uploads\/2024\/12\/9119E165-650B-42fd-AD83-F1D14A7F5DFE.webp\" \/>\r\n\t<meta property=\"og:image:width\" content=\"464\" \/>\r\n\t<meta property=\"og:image:height\" content=\"417\" \/>\r\n\t<meta property=\"og:image:type\" content=\"image\/webp\" \/>\r\n<meta name=\"twitter:card\" content=\"summary_large_image\" \/>\r\n<meta name=\"twitter:label1\" content=\"Tiempo de lectura\" \/>\n\t<meta name=\"twitter:data1\" content=\"1 minuto\" \/>\r\n<script type=\"application\/ld+json\" class=\"yoast-schema-graph\">{\"@context\":\"https:\/\/schema.org\",\"@graph\":[{\"@type\":\"WebPage\",\"@id\":\"http:\/\/www.waltec.com.cn\/product\/integrated-environmental-test-system\/\",\"url\":\"http:\/\/www.waltec.com.cn\/product\/integrated-environmental-test-system\/\",\"name\":\"Integrated environmental test system - Jswaltec Testing machine\",\"isPartOf\":{\"@id\":\"http:\/\/www.waltec.com.cn\/#website\"},\"primaryImageOfPage\":{\"@id\":\"http:\/\/www.waltec.com.cn\/product\/integrated-environmental-test-system\/#primaryimage\"},\"image\":{\"@id\":\"http:\/\/www.waltec.com.cn\/product\/integrated-environmental-test-system\/#primaryimage\"},\"thumbnailUrl\":\"http:\/\/www.waltec.com.cn\/wp-content\/uploads\/2024\/12\/9119E165-650B-42fd-AD83-F1D14A7F5DFE.webp\",\"datePublished\":\"2024-12-20T01:53:51+00:00\",\"dateModified\":\"2025-01-23T07:02:21+00:00\",\"description\":\"Integrated environmental test system -\",\"breadcrumb\":{\"@id\":\"http:\/\/www.waltec.com.cn\/product\/integrated-environmental-test-system\/#breadcrumb\"},\"inLanguage\":\"es\",\"potentialAction\":[{\"@type\":\"ReadAction\",\"target\":[\"http:\/\/www.waltec.com.cn\/product\/integrated-environmental-test-system\/\"]}]},{\"@type\":\"ImageObject\",\"inLanguage\":\"es\",\"@id\":\"http:\/\/www.waltec.com.cn\/product\/integrated-environmental-test-system\/#primaryimage\",\"url\":\"http:\/\/www.waltec.com.cn\/wp-content\/uploads\/2024\/12\/9119E165-650B-42fd-AD83-F1D14A7F5DFE.webp\",\"contentUrl\":\"http:\/\/www.waltec.com.cn\/wp-content\/uploads\/2024\/12\/9119E165-650B-42fd-AD83-F1D14A7F5DFE.webp\",\"width\":464,\"height\":417},{\"@type\":\"BreadcrumbList\",\"@id\":\"http:\/\/www.waltec.com.cn\/product\/integrated-environmental-test-system\/#breadcrumb\",\"itemListElement\":[{\"@type\":\"ListItem\",\"position\":1,\"name\":\"Home\",\"item\":\"http:\/\/www.waltec.com.cn\/\"},{\"@type\":\"ListItem\",\"position\":2,\"name\":\"Products\",\"item\":\"http:\/\/www.waltec.com.cn\/shop\/\"},{\"@type\":\"ListItem\",\"position\":3,\"name\":\"Integrated environmental test system\"}]},{\"@type\":\"WebSite\",\"@id\":\"http:\/\/www.waltec.com.cn\/#website\",\"url\":\"http:\/\/www.waltec.com.cn\/\",\"name\":\"Jswaltec Testing machine\",\"description\":\"\",\"publisher\":{\"@id\":\"http:\/\/www.waltec.com.cn\/#organization\"},\"potentialAction\":[{\"@type\":\"SearchAction\",\"target\":{\"@type\":\"EntryPoint\",\"urlTemplate\":\"http:\/\/www.waltec.com.cn\/?s={search_term_string}\"},\"query-input\":{\"@type\":\"PropertyValueSpecification\",\"valueRequired\":true,\"valueName\":\"search_term_string\"}}],\"inLanguage\":\"es\"},{\"@type\":\"Organization\",\"@id\":\"http:\/\/www.waltec.com.cn\/#organization\",\"name\":\"JIANGSU WALLONG-HSIN MACHINERY ENGINEERING CORPORATION LTD.\",\"url\":\"http:\/\/www.waltec.com.cn\/\",\"logo\":{\"@type\":\"ImageObject\",\"inLanguage\":\"es\",\"@id\":\"http:\/\/www.waltec.com.cn\/#\/schema\/logo\/image\/\",\"url\":\"http:\/\/www.waltec.com.cn\/wp-content\/uploads\/2024\/08\/01.jpg\",\"contentUrl\":\"http:\/\/www.waltec.com.cn\/wp-content\/uploads\/2024\/08\/01.jpg\",\"width\":1217,\"height\":221,\"caption\":\"JIANGSU WALLONG-HSIN MACHINERY ENGINEERING CORPORATION LTD.\"},\"image\":{\"@id\":\"http:\/\/www.waltec.com.cn\/#\/schema\/logo\/image\/\"}}]}<\/script>\r\n<!-- \/ Yoast SEO Premium plugin. -->","yoast_head_json":{"title":"Integrated environmental test system - Jswaltec Testing machine","description":"Integrated environmental test system -","robots":{"index":"index","follow":"follow","max-snippet":"max-snippet:-1","max-image-preview":"max-image-preview:large","max-video-preview":"max-video-preview:-1"},"canonical":"http:\/\/www.waltec.com.cn\/es\/producto\/integrated-environmental-test-system\/","og_locale":"es_ES","og_type":"article","og_title":"Integrated environmental test system","og_description":"Integrated environmental test system -","og_url":"http:\/\/www.waltec.com.cn\/es\/producto\/integrated-environmental-test-system\/","og_site_name":"Jswaltec Testing machine","article_modified_time":"2025-01-23T07:02:21+00:00","og_image":[{"width":464,"height":417,"url":"http:\/\/www.waltec.com.cn\/wp-content\/uploads\/2024\/12\/9119E165-650B-42fd-AD83-F1D14A7F5DFE.webp","type":"image\/webp"}],"twitter_card":"summary_large_image","twitter_misc":{"Tiempo de lectura":"1 minuto"},"schema":{"@context":"https:\/\/schema.org","@graph":[{"@type":"WebPage","@id":"http:\/\/www.waltec.com.cn\/product\/integrated-environmental-test-system\/","url":"http:\/\/www.waltec.com.cn\/product\/integrated-environmental-test-system\/","name":"Integrated environmental test system - Jswaltec Testing machine","isPartOf":{"@id":"http:\/\/www.waltec.com.cn\/#website"},"primaryImageOfPage":{"@id":"http:\/\/www.waltec.com.cn\/product\/integrated-environmental-test-system\/#primaryimage"},"image":{"@id":"http:\/\/www.waltec.com.cn\/product\/integrated-environmental-test-system\/#primaryimage"},"thumbnailUrl":"http:\/\/www.waltec.com.cn\/wp-content\/uploads\/2024\/12\/9119E165-650B-42fd-AD83-F1D14A7F5DFE.webp","datePublished":"2024-12-20T01:53:51+00:00","dateModified":"2025-01-23T07:02:21+00:00","description":"Integrated environmental test system -","breadcrumb":{"@id":"http:\/\/www.waltec.com.cn\/product\/integrated-environmental-test-system\/#breadcrumb"},"inLanguage":"es","potentialAction":[{"@type":"ReadAction","target":["http:\/\/www.waltec.com.cn\/product\/integrated-environmental-test-system\/"]}]},{"@type":"ImageObject","inLanguage":"es","@id":"http:\/\/www.waltec.com.cn\/product\/integrated-environmental-test-system\/#primaryimage","url":"http:\/\/www.waltec.com.cn\/wp-content\/uploads\/2024\/12\/9119E165-650B-42fd-AD83-F1D14A7F5DFE.webp","contentUrl":"http:\/\/www.waltec.com.cn\/wp-content\/uploads\/2024\/12\/9119E165-650B-42fd-AD83-F1D14A7F5DFE.webp","width":464,"height":417},{"@type":"BreadcrumbList","@id":"http:\/\/www.waltec.com.cn\/product\/integrated-environmental-test-system\/#breadcrumb","itemListElement":[{"@type":"ListItem","position":1,"name":"Home","item":"http:\/\/www.waltec.com.cn\/"},{"@type":"ListItem","position":2,"name":"Products","item":"http:\/\/www.waltec.com.cn\/shop\/"},{"@type":"ListItem","position":3,"name":"Integrated environmental test system"}]},{"@type":"WebSite","@id":"http:\/\/www.waltec.com.cn\/#website","url":"http:\/\/www.waltec.com.cn\/","name":"Jswaltec Testing machine","description":"","publisher":{"@id":"http:\/\/www.waltec.com.cn\/#organization"},"potentialAction":[{"@type":"SearchAction","target":{"@type":"EntryPoint","urlTemplate":"http:\/\/www.waltec.com.cn\/?s={search_term_string}"},"query-input":{"@type":"PropertyValueSpecification","valueRequired":true,"valueName":"search_term_string"}}],"inLanguage":"es"},{"@type":"Organization","@id":"http:\/\/www.waltec.com.cn\/#organization","name":"JIANGSU WALLONG-HSIN MACHINERY ENGINEERING CORPORATION LTD.","url":"http:\/\/www.waltec.com.cn\/","logo":{"@type":"ImageObject","inLanguage":"es","@id":"http:\/\/www.waltec.com.cn\/#\/schema\/logo\/image\/","url":"http:\/\/www.waltec.com.cn\/wp-content\/uploads\/2024\/08\/01.jpg","contentUrl":"http:\/\/www.waltec.com.cn\/wp-content\/uploads\/2024\/08\/01.jpg","width":1217,"height":221,"caption":"JIANGSU WALLONG-HSIN MACHINERY ENGINEERING CORPORATION LTD."},"image":{"@id":"http:\/\/www.waltec.com.cn\/#\/schema\/logo\/image\/"}}]}},"uagb_featured_image_src":{"full":["http:\/\/www.waltec.com.cn\/wp-content\/uploads\/2024\/12\/9119E165-650B-42fd-AD83-F1D14A7F5DFE.webp",464,417,false],"thumbnail":["http:\/\/www.waltec.com.cn\/wp-content\/uploads\/2024\/12\/9119E165-650B-42fd-AD83-F1D14A7F5DFE.webp",150,135,false],"medium":["http:\/\/www.waltec.com.cn\/wp-content\/uploads\/2024\/12\/9119E165-650B-42fd-AD83-F1D14A7F5DFE.webp",300,270,false],"medium_large":["http:\/\/www.waltec.com.cn\/wp-content\/uploads\/2024\/12\/9119E165-650B-42fd-AD83-F1D14A7F5DFE.webp",464,417,false],"large":["http:\/\/www.waltec.com.cn\/wp-content\/uploads\/2024\/12\/9119E165-650B-42fd-AD83-F1D14A7F5DFE.webp",464,417,false],"1536x1536":["http:\/\/www.waltec.com.cn\/wp-content\/uploads\/2024\/12\/9119E165-650B-42fd-AD83-F1D14A7F5DFE.webp",464,417,false],"2048x2048":["http:\/\/www.waltec.com.cn\/wp-content\/uploads\/2024\/12\/9119E165-650B-42fd-AD83-F1D14A7F5DFE.webp",464,417,false],"trp-custom-language-flag":["http:\/\/www.waltec.com.cn\/wp-content\/uploads\/2024\/12\/9119E165-650B-42fd-AD83-F1D14A7F5DFE.webp",13,12,false],"woocommerce_thumbnail":["http:\/\/www.waltec.com.cn\/wp-content\/uploads\/2024\/12\/9119E165-650B-42fd-AD83-F1D14A7F5DFE-300x300.webp",300,300,true],"woocommerce_single":["http:\/\/www.waltec.com.cn\/wp-content\/uploads\/2024\/12\/9119E165-650B-42fd-AD83-F1D14A7F5DFE.webp",464,417,false],"woocommerce_gallery_thumbnail":["http:\/\/www.waltec.com.cn\/wp-content\/uploads\/2024\/12\/9119E165-650B-42fd-AD83-F1D14A7F5DFE-100x100.webp",100,100,true]},"uagb_author_info":{"display_name":"Jswaltec","author_link":"http:\/\/www.waltec.com.cn\/es\/author\/"},"uagb_comment_info":0,"uagb_excerpt":"It is mainly the integration of test chamber and vibration test system. During the test, temperature, humidity, vibration (high temperature or low temperature), (sinusoidal vibration or random vibration) and electrical stress are comprehensively applied to the sample in the same climate test chamber according to the specified period for &#8220;environmental simulation&#8221; test of temperature, humidity&hellip;","_links":{"self":[{"href":"http:\/\/www.waltec.com.cn\/es\/wp-json\/wp\/v2\/product\/2078","targetHints":{"allow":["GET"]}}],"collection":[{"href":"http:\/\/www.waltec.com.cn\/es\/wp-json\/wp\/v2\/product"}],"about":[{"href":"http:\/\/www.waltec.com.cn\/es\/wp-json\/wp\/v2\/types\/product"}],"wp:featuredmedia":[{"embeddable":true,"href":"http:\/\/www.waltec.com.cn\/es\/wp-json\/wp\/v2\/media\/2079"}],"wp:attachment":[{"href":"http:\/\/www.waltec.com.cn\/es\/wp-json\/wp\/v2\/media?parent=2078"}],"wp:term":[{"taxonomy":"product_cat","embeddable":true,"href":"http:\/\/www.waltec.com.cn\/es\/wp-json\/wp\/v2\/product_cat?post=2078"},{"taxonomy":"product_tag","embeddable":true,"href":"http:\/\/www.waltec.com.cn\/es\/wp-json\/wp\/v2\/product_tag?post=2078"}],"curies":[{"name":"wp","href":"https:\/\/api.w.org\/{rel}","templated":true}]}}