{"id":2093,"date":"2024-12-26T13:42:17","date_gmt":"2024-12-26T05:42:17","guid":{"rendered":"http:\/\/www.waltec.com.cn\/?post_type=product&#038;p=2093"},"modified":"2025-01-23T14:59:51","modified_gmt":"2025-01-23T06:59:51","slug":"2d-high-temperature-video-extensometer","status":"publish","type":"product","link":"http:\/\/www.waltec.com.cn\/es\/producto\/2d-high-temperature-video-extensometer\/","title":{"rendered":"Extens\u00f3metro de v\u00eddeo de alta temperatura 2D"},"content":{"rendered":"<p>Dise\u00f1ado para pruebas de materiales en entornos de alta temperatura, es plug-and-play y no requiere calibraci\u00f3n. A trav\u00e9s de la tecnolog\u00eda avanzada de moteado \u00f3ptico y l\u00e1ser, puede capturar con precisi\u00f3n datos de deformaci\u00f3n del material incluso a temperaturas extremas, y es adecuado para pruebas de tracci\u00f3n, compresi\u00f3n y fluencia de aleaciones de alta temperatura y materiales compuestos. Su exclusivo sistema de trayectoria \u00f3ptica de alta temperatura y tecnolog\u00eda de tratamiento de superficies garantizan la precisi\u00f3n y estabilidad de la medici\u00f3n, mejorando en gran medida la eficiencia y confiabilidad de la prueba.<\/p>\n<p><strong><b>Caracter\u00edsticas del producto<\/b><\/strong><\/p>\n<p>1 Medici\u00f3n sin contacto<\/p>\n<p>2 Medici\u00f3n de campo completo<\/p>\n<p>3 Medici\u00f3n bidimensional<\/p>\n<p>4 No limitado por la temperatura: puede medir en condiciones de temperatura alta y baja, y puede medir el rango de temperatura -190 \u2103 - 2300 \u2103<\/p>\n<p>5 Equipado con un sistema de trayectoria \u00f3ptica de prueba de alta temperatura y un filtro de alta temperatura para eliminar la interferencia de radiaci\u00f3n de alta temperatura.<\/p>\n<p>6 Equipado con un m\u00f3dulo de software de procesamiento de im\u00e1genes de alta temperatura<\/p>\n<p>7 No limitado por la forma de la muestra: placa, varilla, l\u00e1mina, alambre, pel\u00edcula, hormig\u00f3n, material blando, biomaterial, etc.<\/p>\n<p>8 No est\u00e1 limitado por el rango de tensi\u00f3n, puede medir el rango de tensi\u00f3n: 0-1000%<\/p>\n<p>9 No est\u00e1 limitado por la direcci\u00f3n de la deformaci\u00f3n: puede medir simult\u00e1neamente el alargamiento axial y lateral<\/p>\n<p>10 Software integrado, f\u00e1cil de operar<\/p>\n<p>11 Cumplir con los requisitos de precisi\u00f3n de nivel 0,5 existentes de JJG762-2007<\/p>","protected":false},"excerpt":{"rendered":"<p>Designed for material testing in high temperature environments, it is plug-and-play and does not require calibration. Through advanced optical and laser speckle technology, it can accurately capture material deformation data even at extreme temperatures, and is suitable for tensile, compression and creep testing of high temperature alloys and composite materials. Its unique high temperature optical [&hellip;]<\/p>","protected":false},"featured_media":2090,"template":"","meta":{"_uag_custom_page_level_css":"","site-sidebar-layout":"default","site-content-layout":"","ast-site-content-layout":"default","site-content-style":"default","site-sidebar-style":"default","ast-global-header-display":"","ast-banner-title-visibility":"","ast-main-header-display":"","ast-hfb-above-header-display":"","ast-hfb-below-header-display":"","ast-hfb-mobile-header-display":"","site-post-title":"","ast-breadcrumbs-content":"","ast-featured-img":"","footer-sml-layout":"","theme-transparent-header-meta":"default","adv-header-id-meta":"","stick-header-meta":"","header-above-stick-meta":"","header-main-stick-meta":"","header-below-stick-meta":"","astra-migrate-meta-layouts":"set","ast-page-background-enabled":"default","ast-page-background-meta":{"desktop":{"background-color":"var(--ast-global-color-4)","background-image":"","background-repeat":"repeat","background-position":"center center","background-size":"auto","background-attachment":"scroll","background-type":"","background-media":"","overlay-type":"","overlay-color":"","overlay-opacity":"","overlay-gradient":""},"tablet":{"background-color":"","background-image":"","background-repeat":"repeat","background-position":"center center","background-size":"auto","background-attachment":"scroll","background-type":"","background-media":"","overlay-type":"","overlay-color":"","overlay-opacity":"","overlay-gradient":""},"mobile":{"background-color":"","background-image":"","background-repeat":"repeat","background-position":"center center","background-size":"auto","background-attachment":"scroll","background-type":"","background-media":"","overlay-type":"","overlay-color":"","overlay-opacity":"","overlay-gradient":""}},"ast-content-background-meta":{"desktop":{"background-color":"var(--ast-global-color-5)","background-image":"","background-repeat":"repeat","background-position":"center center","background-size":"auto","background-attachment":"scroll","background-type":"","background-media":"","overlay-type":"","overlay-color":"","overlay-opacity":"","overlay-gradient":""},"tablet":{"background-color":"var(--ast-global-color-5)","background-image":"","background-repeat":"repeat","background-position":"center center","background-size":"auto","background-attachment":"scroll","background-type":"","background-media":"","overlay-type":"","overlay-color":"","overlay-opacity":"","overlay-gradient":""},"mobile":{"background-color":"var(--ast-global-color-5)","background-image":"","background-repeat":"repeat","background-position":"center center","background-size":"auto","background-attachment":"scroll","background-type":"","background-media":"","overlay-type":"","overlay-color":"","overlay-opacity":"","overlay-gradient":""}}},"product_cat":[24],"product_tag":[],"class_list":{"0":"post-2093","1":"product","2":"type-product","3":"status-publish","4":"has-post-thumbnail","6":"product_cat-accessory","7":"desktop-align-left","8":"tablet-align-left","9":"mobile-align-left","11":"first","12":"instock","13":"shipping-taxable","14":"product-type-simple"},"yoast_head":"<!-- This site is optimized with the Yoast SEO Premium plugin v22.5 (Yoast SEO v24.3) - https:\/\/yoast.com\/wordpress\/plugins\/seo\/ -->\r\n<title>2D High Temperature Video Extensometer - Jswaltec Testing machine<\/title>\r\n<meta name=\"description\" content=\"2D High Temperature Video Extensometer - Designed for material testing in high temperature environments, it is plug-and-play and does not require calibration\" \/>\r\n<meta name=\"robots\" content=\"index, follow, max-snippet:-1, max-image-preview:large, max-video-preview:-1\" \/>\r\n<link rel=\"canonical\" href=\"http:\/\/www.waltec.com.cn\/es\/producto\/2d-high-temperature-video-extensometer\/\" \/>\r\n<meta property=\"og:locale\" content=\"es_ES\" \/>\r\n<meta property=\"og:type\" content=\"article\" \/>\r\n<meta property=\"og:title\" content=\"2D High Temperature Video Extensometer\" \/>\r\n<meta property=\"og:description\" content=\"2D High Temperature Video Extensometer - Designed for material testing in high temperature environments, it is plug-and-play and does not require calibration\" \/>\r\n<meta property=\"og:url\" content=\"http:\/\/www.waltec.com.cn\/es\/producto\/2d-high-temperature-video-extensometer\/\" \/>\r\n<meta property=\"og:site_name\" content=\"Jswaltec Testing machine\" \/>\r\n<meta property=\"article:modified_time\" content=\"2025-01-23T06:59:51+00:00\" \/>\r\n<meta property=\"og:image\" content=\"http:\/\/www.waltec.com.cn\/wp-content\/uploads\/2024\/12\/sp3.webp\" \/>\r\n\t<meta property=\"og:image:width\" content=\"440\" \/>\r\n\t<meta property=\"og:image:height\" content=\"330\" \/>\r\n\t<meta property=\"og:image:type\" content=\"image\/webp\" \/>\r\n<meta name=\"twitter:card\" content=\"summary_large_image\" \/>\r\n<meta name=\"twitter:label1\" content=\"Tiempo de lectura\" \/>\n\t<meta name=\"twitter:data1\" content=\"2 minutos\" \/>\r\n<script type=\"application\/ld+json\" class=\"yoast-schema-graph\">{\"@context\":\"https:\/\/schema.org\",\"@graph\":[{\"@type\":\"WebPage\",\"@id\":\"http:\/\/www.waltec.com.cn\/product\/2d-high-temperature-video-extensometer\/\",\"url\":\"http:\/\/www.waltec.com.cn\/product\/2d-high-temperature-video-extensometer\/\",\"name\":\"2D High Temperature Video Extensometer - Jswaltec Testing machine\",\"isPartOf\":{\"@id\":\"http:\/\/www.waltec.com.cn\/#website\"},\"primaryImageOfPage\":{\"@id\":\"http:\/\/www.waltec.com.cn\/product\/2d-high-temperature-video-extensometer\/#primaryimage\"},\"image\":{\"@id\":\"http:\/\/www.waltec.com.cn\/product\/2d-high-temperature-video-extensometer\/#primaryimage\"},\"thumbnailUrl\":\"http:\/\/www.waltec.com.cn\/wp-content\/uploads\/2024\/12\/sp3.webp\",\"datePublished\":\"2024-12-26T05:42:17+00:00\",\"dateModified\":\"2025-01-23T06:59:51+00:00\",\"description\":\"2D High Temperature Video Extensometer - Designed for material testing in high temperature environments, it is plug-and-play and does not require calibration\",\"breadcrumb\":{\"@id\":\"http:\/\/www.waltec.com.cn\/product\/2d-high-temperature-video-extensometer\/#breadcrumb\"},\"inLanguage\":\"es\",\"potentialAction\":[{\"@type\":\"ReadAction\",\"target\":[\"http:\/\/www.waltec.com.cn\/product\/2d-high-temperature-video-extensometer\/\"]}]},{\"@type\":\"ImageObject\",\"inLanguage\":\"es\",\"@id\":\"http:\/\/www.waltec.com.cn\/product\/2d-high-temperature-video-extensometer\/#primaryimage\",\"url\":\"http:\/\/www.waltec.com.cn\/wp-content\/uploads\/2024\/12\/sp3.webp\",\"contentUrl\":\"http:\/\/www.waltec.com.cn\/wp-content\/uploads\/2024\/12\/sp3.webp\",\"width\":440,\"height\":330},{\"@type\":\"BreadcrumbList\",\"@id\":\"http:\/\/www.waltec.com.cn\/product\/2d-high-temperature-video-extensometer\/#breadcrumb\",\"itemListElement\":[{\"@type\":\"ListItem\",\"position\":1,\"name\":\"Home\",\"item\":\"http:\/\/www.waltec.com.cn\/\"},{\"@type\":\"ListItem\",\"position\":2,\"name\":\"Products\",\"item\":\"http:\/\/www.waltec.com.cn\/shop\/\"},{\"@type\":\"ListItem\",\"position\":3,\"name\":\"2D High Temperature Video Extensometer\"}]},{\"@type\":\"WebSite\",\"@id\":\"http:\/\/www.waltec.com.cn\/#website\",\"url\":\"http:\/\/www.waltec.com.cn\/\",\"name\":\"Jswaltec Testing machine\",\"description\":\"\",\"publisher\":{\"@id\":\"http:\/\/www.waltec.com.cn\/#organization\"},\"potentialAction\":[{\"@type\":\"SearchAction\",\"target\":{\"@type\":\"EntryPoint\",\"urlTemplate\":\"http:\/\/www.waltec.com.cn\/?s={search_term_string}\"},\"query-input\":{\"@type\":\"PropertyValueSpecification\",\"valueRequired\":true,\"valueName\":\"search_term_string\"}}],\"inLanguage\":\"es\"},{\"@type\":\"Organization\",\"@id\":\"http:\/\/www.waltec.com.cn\/#organization\",\"name\":\"JIANGSU WALLONG-HSIN MACHINERY ENGINEERING CORPORATION LTD.\",\"url\":\"http:\/\/www.waltec.com.cn\/\",\"logo\":{\"@type\":\"ImageObject\",\"inLanguage\":\"es\",\"@id\":\"http:\/\/www.waltec.com.cn\/#\/schema\/logo\/image\/\",\"url\":\"http:\/\/www.waltec.com.cn\/wp-content\/uploads\/2024\/08\/01.jpg\",\"contentUrl\":\"http:\/\/www.waltec.com.cn\/wp-content\/uploads\/2024\/08\/01.jpg\",\"width\":1217,\"height\":221,\"caption\":\"JIANGSU WALLONG-HSIN MACHINERY ENGINEERING CORPORATION LTD.\"},\"image\":{\"@id\":\"http:\/\/www.waltec.com.cn\/#\/schema\/logo\/image\/\"}}]}<\/script>\r\n<!-- \/ Yoast SEO Premium plugin. -->","yoast_head_json":{"title":"2D High Temperature Video Extensometer - Jswaltec Testing machine","description":"2D High Temperature Video Extensometer - Designed for material testing in high temperature environments, it is plug-and-play and does not require calibration","robots":{"index":"index","follow":"follow","max-snippet":"max-snippet:-1","max-image-preview":"max-image-preview:large","max-video-preview":"max-video-preview:-1"},"canonical":"http:\/\/www.waltec.com.cn\/es\/producto\/2d-high-temperature-video-extensometer\/","og_locale":"es_ES","og_type":"article","og_title":"2D High Temperature Video Extensometer","og_description":"2D High Temperature Video Extensometer - Designed for material testing in high temperature environments, it is plug-and-play and does not require calibration","og_url":"http:\/\/www.waltec.com.cn\/es\/producto\/2d-high-temperature-video-extensometer\/","og_site_name":"Jswaltec Testing machine","article_modified_time":"2025-01-23T06:59:51+00:00","og_image":[{"width":440,"height":330,"url":"http:\/\/www.waltec.com.cn\/wp-content\/uploads\/2024\/12\/sp3.webp","type":"image\/webp"}],"twitter_card":"summary_large_image","twitter_misc":{"Tiempo de lectura":"2 minutos"},"schema":{"@context":"https:\/\/schema.org","@graph":[{"@type":"WebPage","@id":"http:\/\/www.waltec.com.cn\/product\/2d-high-temperature-video-extensometer\/","url":"http:\/\/www.waltec.com.cn\/product\/2d-high-temperature-video-extensometer\/","name":"2D High Temperature Video Extensometer - Jswaltec Testing machine","isPartOf":{"@id":"http:\/\/www.waltec.com.cn\/#website"},"primaryImageOfPage":{"@id":"http:\/\/www.waltec.com.cn\/product\/2d-high-temperature-video-extensometer\/#primaryimage"},"image":{"@id":"http:\/\/www.waltec.com.cn\/product\/2d-high-temperature-video-extensometer\/#primaryimage"},"thumbnailUrl":"http:\/\/www.waltec.com.cn\/wp-content\/uploads\/2024\/12\/sp3.webp","datePublished":"2024-12-26T05:42:17+00:00","dateModified":"2025-01-23T06:59:51+00:00","description":"2D High Temperature Video Extensometer - Designed for material testing in high temperature environments, it is plug-and-play and does not require calibration","breadcrumb":{"@id":"http:\/\/www.waltec.com.cn\/product\/2d-high-temperature-video-extensometer\/#breadcrumb"},"inLanguage":"es","potentialAction":[{"@type":"ReadAction","target":["http:\/\/www.waltec.com.cn\/product\/2d-high-temperature-video-extensometer\/"]}]},{"@type":"ImageObject","inLanguage":"es","@id":"http:\/\/www.waltec.com.cn\/product\/2d-high-temperature-video-extensometer\/#primaryimage","url":"http:\/\/www.waltec.com.cn\/wp-content\/uploads\/2024\/12\/sp3.webp","contentUrl":"http:\/\/www.waltec.com.cn\/wp-content\/uploads\/2024\/12\/sp3.webp","width":440,"height":330},{"@type":"BreadcrumbList","@id":"http:\/\/www.waltec.com.cn\/product\/2d-high-temperature-video-extensometer\/#breadcrumb","itemListElement":[{"@type":"ListItem","position":1,"name":"Home","item":"http:\/\/www.waltec.com.cn\/"},{"@type":"ListItem","position":2,"name":"Products","item":"http:\/\/www.waltec.com.cn\/shop\/"},{"@type":"ListItem","position":3,"name":"2D High Temperature Video Extensometer"}]},{"@type":"WebSite","@id":"http:\/\/www.waltec.com.cn\/#website","url":"http:\/\/www.waltec.com.cn\/","name":"Jswaltec Testing machine","description":"","publisher":{"@id":"http:\/\/www.waltec.com.cn\/#organization"},"potentialAction":[{"@type":"SearchAction","target":{"@type":"EntryPoint","urlTemplate":"http:\/\/www.waltec.com.cn\/?s={search_term_string}"},"query-input":{"@type":"PropertyValueSpecification","valueRequired":true,"valueName":"search_term_string"}}],"inLanguage":"es"},{"@type":"Organization","@id":"http:\/\/www.waltec.com.cn\/#organization","name":"JIANGSU WALLONG-HSIN MACHINERY ENGINEERING CORPORATION LTD.","url":"http:\/\/www.waltec.com.cn\/","logo":{"@type":"ImageObject","inLanguage":"es","@id":"http:\/\/www.waltec.com.cn\/#\/schema\/logo\/image\/","url":"http:\/\/www.waltec.com.cn\/wp-content\/uploads\/2024\/08\/01.jpg","contentUrl":"http:\/\/www.waltec.com.cn\/wp-content\/uploads\/2024\/08\/01.jpg","width":1217,"height":221,"caption":"JIANGSU WALLONG-HSIN MACHINERY ENGINEERING CORPORATION LTD."},"image":{"@id":"http:\/\/www.waltec.com.cn\/#\/schema\/logo\/image\/"}}]}},"uagb_featured_image_src":{"full":["http:\/\/www.waltec.com.cn\/wp-content\/uploads\/2024\/12\/sp3.webp",440,330,false],"thumbnail":["http:\/\/www.waltec.com.cn\/wp-content\/uploads\/2024\/12\/sp3.webp",150,113,false],"medium":["http:\/\/www.waltec.com.cn\/wp-content\/uploads\/2024\/12\/sp3.webp",300,225,false],"medium_large":["http:\/\/www.waltec.com.cn\/wp-content\/uploads\/2024\/12\/sp3.webp",440,330,false],"large":["http:\/\/www.waltec.com.cn\/wp-content\/uploads\/2024\/12\/sp3.webp",440,330,false],"1536x1536":["http:\/\/www.waltec.com.cn\/wp-content\/uploads\/2024\/12\/sp3.webp",440,330,false],"2048x2048":["http:\/\/www.waltec.com.cn\/wp-content\/uploads\/2024\/12\/sp3.webp",440,330,false],"trp-custom-language-flag":["http:\/\/www.waltec.com.cn\/wp-content\/uploads\/2024\/12\/sp3.webp",16,12,false],"woocommerce_thumbnail":["http:\/\/www.waltec.com.cn\/wp-content\/uploads\/2024\/12\/sp3-300x300.webp",300,300,true],"woocommerce_single":["http:\/\/www.waltec.com.cn\/wp-content\/uploads\/2024\/12\/sp3.webp",440,330,false],"woocommerce_gallery_thumbnail":["http:\/\/www.waltec.com.cn\/wp-content\/uploads\/2024\/12\/sp3-100x100.webp",100,100,true]},"uagb_author_info":{"display_name":"Jswaltec","author_link":"http:\/\/www.waltec.com.cn\/es\/author\/"},"uagb_comment_info":0,"uagb_excerpt":"Designed for material testing in high temperature environments, it is plug-and-play and does not require calibration. Through advanced optical and laser speckle technology, it can accurately capture material deformation data even at extreme temperatures, and is suitable for tensile, compression and creep testing of high temperature alloys and composite materials. Its unique high temperature optical&hellip;","_links":{"self":[{"href":"http:\/\/www.waltec.com.cn\/es\/wp-json\/wp\/v2\/product\/2093","targetHints":{"allow":["GET"]}}],"collection":[{"href":"http:\/\/www.waltec.com.cn\/es\/wp-json\/wp\/v2\/product"}],"about":[{"href":"http:\/\/www.waltec.com.cn\/es\/wp-json\/wp\/v2\/types\/product"}],"wp:featuredmedia":[{"embeddable":true,"href":"http:\/\/www.waltec.com.cn\/es\/wp-json\/wp\/v2\/media\/2090"}],"wp:attachment":[{"href":"http:\/\/www.waltec.com.cn\/es\/wp-json\/wp\/v2\/media?parent=2093"}],"wp:term":[{"taxonomy":"product_cat","embeddable":true,"href":"http:\/\/www.waltec.com.cn\/es\/wp-json\/wp\/v2\/product_cat?post=2093"},{"taxonomy":"product_tag","embeddable":true,"href":"http:\/\/www.waltec.com.cn\/es\/wp-json\/wp\/v2\/product_tag?post=2093"}],"curies":[{"name":"wp","href":"https:\/\/api.w.org\/{rel}","templated":true}]}}