{"id":2094,"date":"2024-12-26T13:43:37","date_gmt":"2024-12-26T05:43:37","guid":{"rendered":"http:\/\/www.waltec.com.cn\/?post_type=product&#038;p=2094"},"modified":"2025-01-23T14:58:22","modified_gmt":"2025-01-23T06:58:22","slug":"3d-high-temperature-video-extensometer","status":"publish","type":"product","link":"http:\/\/www.waltec.com.cn\/es\/producto\/3d-high-temperature-video-extensometer\/","title":{"rendered":"Extens\u00f3metro de v\u00eddeo 3D de alta temperatura"},"content":{"rendered":"<p>Un extens\u00f3metro sin contacto basado en la tecnolog\u00eda DIC 3D monocular. El extens\u00f3metro est\u00e1 dispuesto fuera de la caja del entorno de alta y baja temperatura. El cabezal de medici\u00f3n puede realizar la adquisici\u00f3n de im\u00e1genes del proceso de carga de la muestra a trav\u00e9s de la ventana de la caja del entorno. El software del extens\u00f3metro completa el c\u00e1lculo de la imagen y genera los resultados de la deformaci\u00f3n medida en tiempo real. Una vez seleccionado el m\u00f3dulo de medici\u00f3n de campo completo, se puede realizar la medici\u00f3n de desplazamiento y deformaci\u00f3n de campo completo.<\/p>\n<p><strong><b>Caracter\u00edsticas del producto<\/b><\/strong><\/p>\n<p>1 Medici\u00f3n de deformaci\u00f3n tridimensional de campo completo sin contacto<\/p>\n<p>2 Puede realizar mediciones en condiciones de temperatura alta y baja, y el rango de temperatura medible es de -190 \u2103 a 2300 \u2103.<\/p>\n<p>3 Rango de tensi\u00f3n medible: 0-1000%<\/p>\n<p>4 Equipado con un sistema de trayectoria \u00f3ptica de prueba de alta temperatura y un filtro de alta temperatura, que puede eliminar la interferencia de radiaci\u00f3n de alta temperatura.<\/p>\n<p>5 Equipado con m\u00f3dulo de software de procesamiento de im\u00e1genes de alta temperatura.<\/p>\n<p>6 No limitado por la forma de la muestra: placa, varilla, l\u00e1mina, alambre, pel\u00edcula, hormig\u00f3n, material blando, biomaterial, etc.<\/p>\n<p>7 Puede realizar mediciones de elongaci\u00f3n axial y lateral al mismo tiempo.<\/p>\n<p>8 Software integrado, f\u00e1cil de operar<\/p>\n<p>9 Cumplir con los requisitos de precisi\u00f3n de nivel 0,5 existentes de JJG762-2007<\/p>","protected":false},"excerpt":{"rendered":"<p>A non-contact extensometer based on monocular 3D DIC technology. The extensometer is arranged outside the high and low temperature environment box. The measuring head can realize image acquisition of the sample loading process through the environment box window. The extensometer software completes the calculation of the image and outputs the measured deformation results in real [&hellip;]<\/p>","protected":false},"featured_media":2089,"template":"","meta":{"_uag_custom_page_level_css":"","site-sidebar-layout":"default","site-content-layout":"","ast-site-content-layout":"default","site-content-style":"default","site-sidebar-style":"default","ast-global-header-display":"","ast-banner-title-visibility":"","ast-main-header-display":"","ast-hfb-above-header-display":"","ast-hfb-below-header-display":"","ast-hfb-mobile-header-display":"","site-post-title":"","ast-breadcrumbs-content":"","ast-featured-img":"","footer-sml-layout":"","theme-transparent-header-meta":"default","adv-header-id-meta":"","stick-header-meta":"","header-above-stick-meta":"","header-main-stick-meta":"","header-below-stick-meta":"","astra-migrate-meta-layouts":"set","ast-page-background-enabled":"default","ast-page-background-meta":{"desktop":{"background-color":"var(--ast-global-color-4)","background-image":"","background-repeat":"repeat","background-position":"center center","background-size":"auto","background-attachment":"scroll","background-type":"","background-media":"","overlay-type":"","overlay-color":"","overlay-opacity":"","overlay-gradient":""},"tablet":{"background-color":"","background-image":"","background-repeat":"repeat","background-position":"center center","background-size":"auto","background-attachment":"scroll","background-type":"","background-media":"","overlay-type":"","overlay-color":"","overlay-opacity":"","overlay-gradient":""},"mobile":{"background-color":"","background-image":"","background-repeat":"repeat","background-position":"center center","background-size":"auto","background-attachment":"scroll","background-type":"","background-media":"","overlay-type":"","overlay-color":"","overlay-opacity":"","overlay-gradient":""}},"ast-content-background-meta":{"desktop":{"background-color":"var(--ast-global-color-5)","background-image":"","background-repeat":"repeat","background-position":"center center","background-size":"auto","background-attachment":"scroll","background-type":"","background-media":"","overlay-type":"","overlay-color":"","overlay-opacity":"","overlay-gradient":""},"tablet":{"background-color":"var(--ast-global-color-5)","background-image":"","background-repeat":"repeat","background-position":"center center","background-size":"auto","background-attachment":"scroll","background-type":"","background-media":"","overlay-type":"","overlay-color":"","overlay-opacity":"","overlay-gradient":""},"mobile":{"background-color":"var(--ast-global-color-5)","background-image":"","background-repeat":"repeat","background-position":"center center","background-size":"auto","background-attachment":"scroll","background-type":"","background-media":"","overlay-type":"","overlay-color":"","overlay-opacity":"","overlay-gradient":""}}},"product_cat":[24],"product_tag":[],"class_list":{"0":"post-2094","1":"product","2":"type-product","3":"status-publish","4":"has-post-thumbnail","6":"product_cat-accessory","7":"desktop-align-left","8":"tablet-align-left","9":"mobile-align-left","11":"first","12":"instock","13":"shipping-taxable","14":"product-type-simple"},"yoast_head":"<!-- This site is optimized with the Yoast SEO Premium plugin v22.5 (Yoast SEO v24.3) - https:\/\/yoast.com\/wordpress\/plugins\/seo\/ -->\r\n<title>3D high temperature video extensometer - Jswaltec Testing machine<\/title>\r\n<meta name=\"description\" content=\"3D high temperature video extensometer - A non-contact extensometer based on monocular 3D DIC technology.\" \/>\r\n<meta name=\"robots\" content=\"index, follow, max-snippet:-1, max-image-preview:large, max-video-preview:-1\" \/>\r\n<link rel=\"canonical\" href=\"http:\/\/www.waltec.com.cn\/es\/producto\/3d-high-temperature-video-extensometer\/\" \/>\r\n<meta property=\"og:locale\" content=\"es_ES\" \/>\r\n<meta property=\"og:type\" content=\"article\" \/>\r\n<meta property=\"og:title\" content=\"3D high temperature video extensometer\" \/>\r\n<meta property=\"og:description\" content=\"3D high temperature video extensometer - A non-contact extensometer based on monocular 3D DIC technology.\" \/>\r\n<meta property=\"og:url\" content=\"http:\/\/www.waltec.com.cn\/es\/producto\/3d-high-temperature-video-extensometer\/\" \/>\r\n<meta property=\"og:site_name\" content=\"Jswaltec Testing machine\" \/>\r\n<meta property=\"article:modified_time\" content=\"2025-01-23T06:58:22+00:00\" \/>\r\n<meta property=\"og:image\" content=\"http:\/\/www.waltec.com.cn\/wp-content\/uploads\/2024\/12\/sp2.webp\" \/>\r\n\t<meta property=\"og:image:width\" content=\"454\" \/>\r\n\t<meta property=\"og:image:height\" content=\"340\" \/>\r\n\t<meta property=\"og:image:type\" content=\"image\/webp\" \/>\r\n<meta name=\"twitter:card\" content=\"summary_large_image\" \/>\r\n<meta name=\"twitter:label1\" content=\"Tiempo de lectura\" \/>\n\t<meta name=\"twitter:data1\" content=\"1 minuto\" \/>\r\n<script type=\"application\/ld+json\" class=\"yoast-schema-graph\">{\"@context\":\"https:\/\/schema.org\",\"@graph\":[{\"@type\":\"WebPage\",\"@id\":\"http:\/\/www.waltec.com.cn\/product\/3d-high-temperature-video-extensometer\/\",\"url\":\"http:\/\/www.waltec.com.cn\/product\/3d-high-temperature-video-extensometer\/\",\"name\":\"3D high temperature video extensometer - Jswaltec Testing machine\",\"isPartOf\":{\"@id\":\"http:\/\/www.waltec.com.cn\/#website\"},\"primaryImageOfPage\":{\"@id\":\"http:\/\/www.waltec.com.cn\/product\/3d-high-temperature-video-extensometer\/#primaryimage\"},\"image\":{\"@id\":\"http:\/\/www.waltec.com.cn\/product\/3d-high-temperature-video-extensometer\/#primaryimage\"},\"thumbnailUrl\":\"http:\/\/www.waltec.com.cn\/wp-content\/uploads\/2024\/12\/sp2.webp\",\"datePublished\":\"2024-12-26T05:43:37+00:00\",\"dateModified\":\"2025-01-23T06:58:22+00:00\",\"description\":\"3D high temperature video extensometer - A non-contact extensometer based on monocular 3D DIC technology.\",\"breadcrumb\":{\"@id\":\"http:\/\/www.waltec.com.cn\/product\/3d-high-temperature-video-extensometer\/#breadcrumb\"},\"inLanguage\":\"es\",\"potentialAction\":[{\"@type\":\"ReadAction\",\"target\":[\"http:\/\/www.waltec.com.cn\/product\/3d-high-temperature-video-extensometer\/\"]}]},{\"@type\":\"ImageObject\",\"inLanguage\":\"es\",\"@id\":\"http:\/\/www.waltec.com.cn\/product\/3d-high-temperature-video-extensometer\/#primaryimage\",\"url\":\"http:\/\/www.waltec.com.cn\/wp-content\/uploads\/2024\/12\/sp2.webp\",\"contentUrl\":\"http:\/\/www.waltec.com.cn\/wp-content\/uploads\/2024\/12\/sp2.webp\",\"width\":454,\"height\":340},{\"@type\":\"BreadcrumbList\",\"@id\":\"http:\/\/www.waltec.com.cn\/product\/3d-high-temperature-video-extensometer\/#breadcrumb\",\"itemListElement\":[{\"@type\":\"ListItem\",\"position\":1,\"name\":\"Home\",\"item\":\"http:\/\/www.waltec.com.cn\/\"},{\"@type\":\"ListItem\",\"position\":2,\"name\":\"Products\",\"item\":\"http:\/\/www.waltec.com.cn\/shop\/\"},{\"@type\":\"ListItem\",\"position\":3,\"name\":\"3D high temperature video extensometer\"}]},{\"@type\":\"WebSite\",\"@id\":\"http:\/\/www.waltec.com.cn\/#website\",\"url\":\"http:\/\/www.waltec.com.cn\/\",\"name\":\"Jswaltec Testing machine\",\"description\":\"\",\"publisher\":{\"@id\":\"http:\/\/www.waltec.com.cn\/#organization\"},\"potentialAction\":[{\"@type\":\"SearchAction\",\"target\":{\"@type\":\"EntryPoint\",\"urlTemplate\":\"http:\/\/www.waltec.com.cn\/?s={search_term_string}\"},\"query-input\":{\"@type\":\"PropertyValueSpecification\",\"valueRequired\":true,\"valueName\":\"search_term_string\"}}],\"inLanguage\":\"es\"},{\"@type\":\"Organization\",\"@id\":\"http:\/\/www.waltec.com.cn\/#organization\",\"name\":\"JIANGSU WALLONG-HSIN MACHINERY ENGINEERING CORPORATION LTD.\",\"url\":\"http:\/\/www.waltec.com.cn\/\",\"logo\":{\"@type\":\"ImageObject\",\"inLanguage\":\"es\",\"@id\":\"http:\/\/www.waltec.com.cn\/#\/schema\/logo\/image\/\",\"url\":\"http:\/\/www.waltec.com.cn\/wp-content\/uploads\/2024\/08\/01.jpg\",\"contentUrl\":\"http:\/\/www.waltec.com.cn\/wp-content\/uploads\/2024\/08\/01.jpg\",\"width\":1217,\"height\":221,\"caption\":\"JIANGSU WALLONG-HSIN MACHINERY ENGINEERING CORPORATION LTD.\"},\"image\":{\"@id\":\"http:\/\/www.waltec.com.cn\/#\/schema\/logo\/image\/\"}}]}<\/script>\r\n<!-- \/ Yoast SEO Premium plugin. -->","yoast_head_json":{"title":"3D high temperature video extensometer - Jswaltec Testing machine","description":"3D high temperature video extensometer - A non-contact extensometer based on monocular 3D DIC technology.","robots":{"index":"index","follow":"follow","max-snippet":"max-snippet:-1","max-image-preview":"max-image-preview:large","max-video-preview":"max-video-preview:-1"},"canonical":"http:\/\/www.waltec.com.cn\/es\/producto\/3d-high-temperature-video-extensometer\/","og_locale":"es_ES","og_type":"article","og_title":"3D high temperature video extensometer","og_description":"3D high temperature video extensometer - A non-contact extensometer based on monocular 3D DIC technology.","og_url":"http:\/\/www.waltec.com.cn\/es\/producto\/3d-high-temperature-video-extensometer\/","og_site_name":"Jswaltec Testing machine","article_modified_time":"2025-01-23T06:58:22+00:00","og_image":[{"width":454,"height":340,"url":"http:\/\/www.waltec.com.cn\/wp-content\/uploads\/2024\/12\/sp2.webp","type":"image\/webp"}],"twitter_card":"summary_large_image","twitter_misc":{"Tiempo de lectura":"1 minuto"},"schema":{"@context":"https:\/\/schema.org","@graph":[{"@type":"WebPage","@id":"http:\/\/www.waltec.com.cn\/product\/3d-high-temperature-video-extensometer\/","url":"http:\/\/www.waltec.com.cn\/product\/3d-high-temperature-video-extensometer\/","name":"3D high temperature video extensometer - Jswaltec Testing machine","isPartOf":{"@id":"http:\/\/www.waltec.com.cn\/#website"},"primaryImageOfPage":{"@id":"http:\/\/www.waltec.com.cn\/product\/3d-high-temperature-video-extensometer\/#primaryimage"},"image":{"@id":"http:\/\/www.waltec.com.cn\/product\/3d-high-temperature-video-extensometer\/#primaryimage"},"thumbnailUrl":"http:\/\/www.waltec.com.cn\/wp-content\/uploads\/2024\/12\/sp2.webp","datePublished":"2024-12-26T05:43:37+00:00","dateModified":"2025-01-23T06:58:22+00:00","description":"3D high temperature video extensometer - A non-contact extensometer based on monocular 3D DIC technology.","breadcrumb":{"@id":"http:\/\/www.waltec.com.cn\/product\/3d-high-temperature-video-extensometer\/#breadcrumb"},"inLanguage":"es","potentialAction":[{"@type":"ReadAction","target":["http:\/\/www.waltec.com.cn\/product\/3d-high-temperature-video-extensometer\/"]}]},{"@type":"ImageObject","inLanguage":"es","@id":"http:\/\/www.waltec.com.cn\/product\/3d-high-temperature-video-extensometer\/#primaryimage","url":"http:\/\/www.waltec.com.cn\/wp-content\/uploads\/2024\/12\/sp2.webp","contentUrl":"http:\/\/www.waltec.com.cn\/wp-content\/uploads\/2024\/12\/sp2.webp","width":454,"height":340},{"@type":"BreadcrumbList","@id":"http:\/\/www.waltec.com.cn\/product\/3d-high-temperature-video-extensometer\/#breadcrumb","itemListElement":[{"@type":"ListItem","position":1,"name":"Home","item":"http:\/\/www.waltec.com.cn\/"},{"@type":"ListItem","position":2,"name":"Products","item":"http:\/\/www.waltec.com.cn\/shop\/"},{"@type":"ListItem","position":3,"name":"3D high temperature video extensometer"}]},{"@type":"WebSite","@id":"http:\/\/www.waltec.com.cn\/#website","url":"http:\/\/www.waltec.com.cn\/","name":"Jswaltec Testing machine","description":"","publisher":{"@id":"http:\/\/www.waltec.com.cn\/#organization"},"potentialAction":[{"@type":"SearchAction","target":{"@type":"EntryPoint","urlTemplate":"http:\/\/www.waltec.com.cn\/?s={search_term_string}"},"query-input":{"@type":"PropertyValueSpecification","valueRequired":true,"valueName":"search_term_string"}}],"inLanguage":"es"},{"@type":"Organization","@id":"http:\/\/www.waltec.com.cn\/#organization","name":"JIANGSU WALLONG-HSIN MACHINERY ENGINEERING CORPORATION LTD.","url":"http:\/\/www.waltec.com.cn\/","logo":{"@type":"ImageObject","inLanguage":"es","@id":"http:\/\/www.waltec.com.cn\/#\/schema\/logo\/image\/","url":"http:\/\/www.waltec.com.cn\/wp-content\/uploads\/2024\/08\/01.jpg","contentUrl":"http:\/\/www.waltec.com.cn\/wp-content\/uploads\/2024\/08\/01.jpg","width":1217,"height":221,"caption":"JIANGSU WALLONG-HSIN MACHINERY ENGINEERING CORPORATION LTD."},"image":{"@id":"http:\/\/www.waltec.com.cn\/#\/schema\/logo\/image\/"}}]}},"uagb_featured_image_src":{"full":["http:\/\/www.waltec.com.cn\/wp-content\/uploads\/2024\/12\/sp2.webp",454,340,false],"thumbnail":["http:\/\/www.waltec.com.cn\/wp-content\/uploads\/2024\/12\/sp2.webp",150,112,false],"medium":["http:\/\/www.waltec.com.cn\/wp-content\/uploads\/2024\/12\/sp2.webp",300,225,false],"medium_large":["http:\/\/www.waltec.com.cn\/wp-content\/uploads\/2024\/12\/sp2.webp",454,340,false],"large":["http:\/\/www.waltec.com.cn\/wp-content\/uploads\/2024\/12\/sp2.webp",454,340,false],"1536x1536":["http:\/\/www.waltec.com.cn\/wp-content\/uploads\/2024\/12\/sp2.webp",454,340,false],"2048x2048":["http:\/\/www.waltec.com.cn\/wp-content\/uploads\/2024\/12\/sp2.webp",454,340,false],"trp-custom-language-flag":["http:\/\/www.waltec.com.cn\/wp-content\/uploads\/2024\/12\/sp2.webp",16,12,false],"woocommerce_thumbnail":["http:\/\/www.waltec.com.cn\/wp-content\/uploads\/2024\/12\/sp2-300x300.webp",300,300,true],"woocommerce_single":["http:\/\/www.waltec.com.cn\/wp-content\/uploads\/2024\/12\/sp2.webp",454,340,false],"woocommerce_gallery_thumbnail":["http:\/\/www.waltec.com.cn\/wp-content\/uploads\/2024\/12\/sp2-100x100.webp",100,100,true]},"uagb_author_info":{"display_name":"Jswaltec","author_link":"http:\/\/www.waltec.com.cn\/es\/author\/"},"uagb_comment_info":0,"uagb_excerpt":"A non-contact extensometer based on monocular 3D DIC technology. The extensometer is arranged outside the high and low temperature environment box. The measuring head can realize image acquisition of the sample loading process through the environment box window. The extensometer software completes the calculation of the image and outputs the measured deformation results in real&hellip;","_links":{"self":[{"href":"http:\/\/www.waltec.com.cn\/es\/wp-json\/wp\/v2\/product\/2094","targetHints":{"allow":["GET"]}}],"collection":[{"href":"http:\/\/www.waltec.com.cn\/es\/wp-json\/wp\/v2\/product"}],"about":[{"href":"http:\/\/www.waltec.com.cn\/es\/wp-json\/wp\/v2\/types\/product"}],"wp:featuredmedia":[{"embeddable":true,"href":"http:\/\/www.waltec.com.cn\/es\/wp-json\/wp\/v2\/media\/2089"}],"wp:attachment":[{"href":"http:\/\/www.waltec.com.cn\/es\/wp-json\/wp\/v2\/media?parent=2094"}],"wp:term":[{"taxonomy":"product_cat","embeddable":true,"href":"http:\/\/www.waltec.com.cn\/es\/wp-json\/wp\/v2\/product_cat?post=2094"},{"taxonomy":"product_tag","embeddable":true,"href":"http:\/\/www.waltec.com.cn\/es\/wp-json\/wp\/v2\/product_tag?post=2094"}],"curies":[{"name":"wp","href":"https:\/\/api.w.org\/{rel}","templated":true}]}}