{"id":2095,"date":"2024-12-26T13:59:47","date_gmt":"2024-12-26T05:59:47","guid":{"rendered":"http:\/\/www.waltec.com.cn\/?post_type=product&#038;p=2095"},"modified":"2025-01-23T14:57:39","modified_gmt":"2025-01-23T06:57:39","slug":"binocular-3d-visual-strain-gauge","status":"publish","type":"product","link":"http:\/\/www.waltec.com.cn\/es\/producto\/binocular-3d-visual-strain-gauge\/","title":{"rendered":"Medidor de tensi\u00f3n visual binocular 3D"},"content":{"rendered":"<p>El sistema de prueba de deformaci\u00f3n basado en tecnolog\u00eda DIC 3D binocular se utiliza para el desplazamiento de campo completo en 3D, la medici\u00f3n de deformaci\u00f3n, la velocidad, el c\u00e1lculo de aceleraci\u00f3n, el seguimiento de movimiento y el an\u00e1lisis de trayectoria en pruebas estructurales a gran escala o a gran escala.<\/p>\n<p><strong><b>Ventajas del producto<\/b><\/strong><\/p>\n<p>1 Puede realizar la verificaci\u00f3n del an\u00e1lisis de elementos finitos;<\/p>\n<p>2 Puede realizar an\u00e1lisis modales como frecuencia natural, relaci\u00f3n de amortiguamiento, amplitud, etc.;<\/p>\n<p>3 Puede utilizar una c\u00e1mara de alta velocidad para la adquisici\u00f3n de im\u00e1genes de alta frecuencia;<\/p>\n<p>4 Tiene funci\u00f3n de disparo de se\u00f1al externa;<\/p>\n<p>5 No est\u00e1 limitado por el rango de tensi\u00f3n y puede medir el rango de tensi\u00f3n: 0,005%-2000%;<\/p>\n<p>6 No est\u00e1 limitado por la direcci\u00f3n de la tensi\u00f3n y puede realizar mediciones de deformaci\u00f3n y tensi\u00f3n en m\u00faltiples direcciones al mismo tiempo.<\/p>","protected":false},"excerpt":{"rendered":"<p>The deformation test system based on binocular 3D DIC technology is used for 3D full-field displacement, strain measurement, velocity, acceleration calculation, motion tracking and trajectory analysis in large-scale or large-scale structural testing. Product advantages 1 It can realize finite element analysis verification; 2 It can perform modal analysis such as natural frequency, damping ratio, amplitude, [&hellip;]<\/p>","protected":false},"featured_media":2096,"template":"","meta":{"_uag_custom_page_level_css":"","site-sidebar-layout":"default","site-content-layout":"","ast-site-content-layout":"default","site-content-style":"default","site-sidebar-style":"default","ast-global-header-display":"","ast-banner-title-visibility":"","ast-main-header-display":"","ast-hfb-above-header-display":"","ast-hfb-below-header-display":"","ast-hfb-mobile-header-display":"","site-post-title":"","ast-breadcrumbs-content":"","ast-featured-img":"","footer-sml-layout":"","theme-transparent-header-meta":"default","adv-header-id-meta":"","stick-header-meta":"","header-above-stick-meta":"","header-main-stick-meta":"","header-below-stick-meta":"","astra-migrate-meta-layouts":"set","ast-page-background-enabled":"default","ast-page-background-meta":{"desktop":{"background-color":"var(--ast-global-color-4)","background-image":"","background-repeat":"repeat","background-position":"center center","background-size":"auto","background-attachment":"scroll","background-type":"","background-media":"","overlay-type":"","overlay-color":"","overlay-opacity":"","overlay-gradient":""},"tablet":{"background-color":"","background-image":"","background-repeat":"repeat","background-position":"center center","background-size":"auto","background-attachment":"scroll","background-type":"","background-media":"","overlay-type":"","overlay-color":"","overlay-opacity":"","overlay-gradient":""},"mobile":{"background-color":"","background-image":"","background-repeat":"repeat","background-position":"center center","background-size":"auto","background-attachment":"scroll","background-type":"","background-media":"","overlay-type":"","overlay-color":"","overlay-opacity":"","overlay-gradient":""}},"ast-content-background-meta":{"desktop":{"background-color":"var(--ast-global-color-5)","background-image":"","background-repeat":"repeat","background-position":"center center","background-size":"auto","background-attachment":"scroll","background-type":"","background-media":"","overlay-type":"","overlay-color":"","overlay-opacity":"","overlay-gradient":""},"tablet":{"background-color":"var(--ast-global-color-5)","background-image":"","background-repeat":"repeat","background-position":"center center","background-size":"auto","background-attachment":"scroll","background-type":"","background-media":"","overlay-type":"","overlay-color":"","overlay-opacity":"","overlay-gradient":""},"mobile":{"background-color":"var(--ast-global-color-5)","background-image":"","background-repeat":"repeat","background-position":"center center","background-size":"auto","background-attachment":"scroll","background-type":"","background-media":"","overlay-type":"","overlay-color":"","overlay-opacity":"","overlay-gradient":""}}},"product_cat":[24],"product_tag":[],"class_list":{"0":"post-2095","1":"product","2":"type-product","3":"status-publish","4":"has-post-thumbnail","6":"product_cat-accessory","7":"desktop-align-left","8":"tablet-align-left","9":"mobile-align-left","11":"first","12":"instock","13":"shipping-taxable","14":"product-type-simple"},"yoast_head":"<!-- This site is optimized with the Yoast SEO Premium plugin v22.5 (Yoast SEO v24.3) - https:\/\/yoast.com\/wordpress\/plugins\/seo\/ -->\r\n<title>Binocular 3D visual strain gauge - Jswaltec Testing machine<\/title>\r\n<meta name=\"description\" content=\"Binocular 3D visual strain gauge - The deformation test system based on binocular 3D DIC technology is used for 3D full-field displacement, strain measurement, velocity, acceleration calculation, motion tracking and trajectory analysis in large-scale or large-scale structural testing.\" \/>\r\n<meta name=\"robots\" content=\"index, follow, max-snippet:-1, max-image-preview:large, max-video-preview:-1\" \/>\r\n<link rel=\"canonical\" href=\"http:\/\/www.waltec.com.cn\/es\/producto\/binocular-3d-visual-strain-gauge\/\" \/>\r\n<meta property=\"og:locale\" content=\"es_ES\" \/>\r\n<meta property=\"og:type\" content=\"article\" \/>\r\n<meta property=\"og:title\" content=\"Binocular 3D visual strain gauge\" \/>\r\n<meta property=\"og:description\" content=\"Binocular 3D visual strain gauge - The deformation test system based on binocular 3D DIC technology is used for 3D full-field displacement, strain measurement, velocity, acceleration calculation, motion tracking and trajectory analysis in large-scale or large-scale structural testing.\" \/>\r\n<meta property=\"og:url\" content=\"http:\/\/www.waltec.com.cn\/es\/producto\/binocular-3d-visual-strain-gauge\/\" \/>\r\n<meta property=\"og:site_name\" content=\"Jswaltec Testing machine\" \/>\r\n<meta property=\"article:modified_time\" content=\"2025-01-23T06:57:39+00:00\" \/>\r\n<meta property=\"og:image\" content=\"http:\/\/www.waltec.com.cn\/wp-content\/uploads\/2024\/12\/360\u622a\u56fe20241226101837925.webp\" \/>\r\n\t<meta property=\"og:image:width\" content=\"463\" \/>\r\n\t<meta property=\"og:image:height\" content=\"420\" \/>\r\n\t<meta property=\"og:image:type\" content=\"image\/webp\" \/>\r\n<meta name=\"twitter:card\" content=\"summary_large_image\" \/>\r\n<meta name=\"twitter:label1\" content=\"Tiempo de lectura\" \/>\n\t<meta name=\"twitter:data1\" content=\"1 minuto\" \/>\r\n<script type=\"application\/ld+json\" class=\"yoast-schema-graph\">{\"@context\":\"https:\/\/schema.org\",\"@graph\":[{\"@type\":\"WebPage\",\"@id\":\"http:\/\/www.waltec.com.cn\/product\/binocular-3d-visual-strain-gauge\/\",\"url\":\"http:\/\/www.waltec.com.cn\/product\/binocular-3d-visual-strain-gauge\/\",\"name\":\"Binocular 3D visual strain gauge - Jswaltec Testing machine\",\"isPartOf\":{\"@id\":\"http:\/\/www.waltec.com.cn\/#website\"},\"primaryImageOfPage\":{\"@id\":\"http:\/\/www.waltec.com.cn\/product\/binocular-3d-visual-strain-gauge\/#primaryimage\"},\"image\":{\"@id\":\"http:\/\/www.waltec.com.cn\/product\/binocular-3d-visual-strain-gauge\/#primaryimage\"},\"thumbnailUrl\":\"http:\/\/www.waltec.com.cn\/wp-content\/uploads\/2024\/12\/360\u622a\u56fe20241226101837925.webp\",\"datePublished\":\"2024-12-26T05:59:47+00:00\",\"dateModified\":\"2025-01-23T06:57:39+00:00\",\"description\":\"Binocular 3D visual strain gauge - The deformation test system based on binocular 3D DIC technology is used for 3D full-field displacement, strain measurement, velocity, acceleration calculation, motion tracking and trajectory analysis in large-scale or large-scale structural testing.\",\"breadcrumb\":{\"@id\":\"http:\/\/www.waltec.com.cn\/product\/binocular-3d-visual-strain-gauge\/#breadcrumb\"},\"inLanguage\":\"es\",\"potentialAction\":[{\"@type\":\"ReadAction\",\"target\":[\"http:\/\/www.waltec.com.cn\/product\/binocular-3d-visual-strain-gauge\/\"]}]},{\"@type\":\"ImageObject\",\"inLanguage\":\"es\",\"@id\":\"http:\/\/www.waltec.com.cn\/product\/binocular-3d-visual-strain-gauge\/#primaryimage\",\"url\":\"http:\/\/www.waltec.com.cn\/wp-content\/uploads\/2024\/12\/360\u622a\u56fe20241226101837925.webp\",\"contentUrl\":\"http:\/\/www.waltec.com.cn\/wp-content\/uploads\/2024\/12\/360\u622a\u56fe20241226101837925.webp\",\"width\":463,\"height\":420},{\"@type\":\"BreadcrumbList\",\"@id\":\"http:\/\/www.waltec.com.cn\/product\/binocular-3d-visual-strain-gauge\/#breadcrumb\",\"itemListElement\":[{\"@type\":\"ListItem\",\"position\":1,\"name\":\"Home\",\"item\":\"http:\/\/www.waltec.com.cn\/\"},{\"@type\":\"ListItem\",\"position\":2,\"name\":\"Products\",\"item\":\"http:\/\/www.waltec.com.cn\/shop\/\"},{\"@type\":\"ListItem\",\"position\":3,\"name\":\"Binocular 3D visual strain gauge\"}]},{\"@type\":\"WebSite\",\"@id\":\"http:\/\/www.waltec.com.cn\/#website\",\"url\":\"http:\/\/www.waltec.com.cn\/\",\"name\":\"Jswaltec Testing machine\",\"description\":\"\",\"publisher\":{\"@id\":\"http:\/\/www.waltec.com.cn\/#organization\"},\"potentialAction\":[{\"@type\":\"SearchAction\",\"target\":{\"@type\":\"EntryPoint\",\"urlTemplate\":\"http:\/\/www.waltec.com.cn\/?s={search_term_string}\"},\"query-input\":{\"@type\":\"PropertyValueSpecification\",\"valueRequired\":true,\"valueName\":\"search_term_string\"}}],\"inLanguage\":\"es\"},{\"@type\":\"Organization\",\"@id\":\"http:\/\/www.waltec.com.cn\/#organization\",\"name\":\"JIANGSU WALLONG-HSIN MACHINERY ENGINEERING CORPORATION LTD.\",\"url\":\"http:\/\/www.waltec.com.cn\/\",\"logo\":{\"@type\":\"ImageObject\",\"inLanguage\":\"es\",\"@id\":\"http:\/\/www.waltec.com.cn\/#\/schema\/logo\/image\/\",\"url\":\"http:\/\/www.waltec.com.cn\/wp-content\/uploads\/2024\/08\/01.jpg\",\"contentUrl\":\"http:\/\/www.waltec.com.cn\/wp-content\/uploads\/2024\/08\/01.jpg\",\"width\":1217,\"height\":221,\"caption\":\"JIANGSU WALLONG-HSIN MACHINERY ENGINEERING CORPORATION LTD.\"},\"image\":{\"@id\":\"http:\/\/www.waltec.com.cn\/#\/schema\/logo\/image\/\"}}]}<\/script>\r\n<!-- \/ Yoast SEO Premium plugin. -->","yoast_head_json":{"title":"Binocular 3D visual strain gauge - Jswaltec Testing machine","description":"Binocular 3D visual strain gauge - The deformation test system based on binocular 3D DIC technology is used for 3D full-field displacement, strain measurement, velocity, acceleration calculation, motion tracking and trajectory analysis in large-scale or large-scale structural testing.","robots":{"index":"index","follow":"follow","max-snippet":"max-snippet:-1","max-image-preview":"max-image-preview:large","max-video-preview":"max-video-preview:-1"},"canonical":"http:\/\/www.waltec.com.cn\/es\/producto\/binocular-3d-visual-strain-gauge\/","og_locale":"es_ES","og_type":"article","og_title":"Binocular 3D visual strain gauge","og_description":"Binocular 3D visual strain gauge - The deformation test system based on binocular 3D DIC technology is used for 3D full-field displacement, strain measurement, velocity, acceleration calculation, motion tracking and trajectory analysis in large-scale or large-scale structural testing.","og_url":"http:\/\/www.waltec.com.cn\/es\/producto\/binocular-3d-visual-strain-gauge\/","og_site_name":"Jswaltec Testing machine","article_modified_time":"2025-01-23T06:57:39+00:00","og_image":[{"width":463,"height":420,"url":"http:\/\/www.waltec.com.cn\/wp-content\/uploads\/2024\/12\/360\u622a\u56fe20241226101837925.webp","type":"image\/webp"}],"twitter_card":"summary_large_image","twitter_misc":{"Tiempo de lectura":"1 minuto"},"schema":{"@context":"https:\/\/schema.org","@graph":[{"@type":"WebPage","@id":"http:\/\/www.waltec.com.cn\/product\/binocular-3d-visual-strain-gauge\/","url":"http:\/\/www.waltec.com.cn\/product\/binocular-3d-visual-strain-gauge\/","name":"Binocular 3D visual strain gauge - Jswaltec Testing machine","isPartOf":{"@id":"http:\/\/www.waltec.com.cn\/#website"},"primaryImageOfPage":{"@id":"http:\/\/www.waltec.com.cn\/product\/binocular-3d-visual-strain-gauge\/#primaryimage"},"image":{"@id":"http:\/\/www.waltec.com.cn\/product\/binocular-3d-visual-strain-gauge\/#primaryimage"},"thumbnailUrl":"http:\/\/www.waltec.com.cn\/wp-content\/uploads\/2024\/12\/360\u622a\u56fe20241226101837925.webp","datePublished":"2024-12-26T05:59:47+00:00","dateModified":"2025-01-23T06:57:39+00:00","description":"Binocular 3D visual strain gauge - The deformation test system based on binocular 3D DIC technology is used for 3D full-field displacement, strain measurement, velocity, acceleration calculation, motion tracking and trajectory analysis in large-scale or large-scale structural testing.","breadcrumb":{"@id":"http:\/\/www.waltec.com.cn\/product\/binocular-3d-visual-strain-gauge\/#breadcrumb"},"inLanguage":"es","potentialAction":[{"@type":"ReadAction","target":["http:\/\/www.waltec.com.cn\/product\/binocular-3d-visual-strain-gauge\/"]}]},{"@type":"ImageObject","inLanguage":"es","@id":"http:\/\/www.waltec.com.cn\/product\/binocular-3d-visual-strain-gauge\/#primaryimage","url":"http:\/\/www.waltec.com.cn\/wp-content\/uploads\/2024\/12\/360\u622a\u56fe20241226101837925.webp","contentUrl":"http:\/\/www.waltec.com.cn\/wp-content\/uploads\/2024\/12\/360\u622a\u56fe20241226101837925.webp","width":463,"height":420},{"@type":"BreadcrumbList","@id":"http:\/\/www.waltec.com.cn\/product\/binocular-3d-visual-strain-gauge\/#breadcrumb","itemListElement":[{"@type":"ListItem","position":1,"name":"Home","item":"http:\/\/www.waltec.com.cn\/"},{"@type":"ListItem","position":2,"name":"Products","item":"http:\/\/www.waltec.com.cn\/shop\/"},{"@type":"ListItem","position":3,"name":"Binocular 3D visual strain gauge"}]},{"@type":"WebSite","@id":"http:\/\/www.waltec.com.cn\/#website","url":"http:\/\/www.waltec.com.cn\/","name":"Jswaltec Testing machine","description":"","publisher":{"@id":"http:\/\/www.waltec.com.cn\/#organization"},"potentialAction":[{"@type":"SearchAction","target":{"@type":"EntryPoint","urlTemplate":"http:\/\/www.waltec.com.cn\/?s={search_term_string}"},"query-input":{"@type":"PropertyValueSpecification","valueRequired":true,"valueName":"search_term_string"}}],"inLanguage":"es"},{"@type":"Organization","@id":"http:\/\/www.waltec.com.cn\/#organization","name":"JIANGSU WALLONG-HSIN MACHINERY ENGINEERING CORPORATION LTD.","url":"http:\/\/www.waltec.com.cn\/","logo":{"@type":"ImageObject","inLanguage":"es","@id":"http:\/\/www.waltec.com.cn\/#\/schema\/logo\/image\/","url":"http:\/\/www.waltec.com.cn\/wp-content\/uploads\/2024\/08\/01.jpg","contentUrl":"http:\/\/www.waltec.com.cn\/wp-content\/uploads\/2024\/08\/01.jpg","width":1217,"height":221,"caption":"JIANGSU WALLONG-HSIN MACHINERY ENGINEERING CORPORATION LTD."},"image":{"@id":"http:\/\/www.waltec.com.cn\/#\/schema\/logo\/image\/"}}]}},"uagb_featured_image_src":{"full":["http:\/\/www.waltec.com.cn\/wp-content\/uploads\/2024\/12\/360\u622a\u56fe20241226101837925.webp",463,420,false],"thumbnail":["http:\/\/www.waltec.com.cn\/wp-content\/uploads\/2024\/12\/360\u622a\u56fe20241226101837925.webp",150,136,false],"medium":["http:\/\/www.waltec.com.cn\/wp-content\/uploads\/2024\/12\/360\u622a\u56fe20241226101837925.webp",300,272,false],"medium_large":["http:\/\/www.waltec.com.cn\/wp-content\/uploads\/2024\/12\/360\u622a\u56fe20241226101837925.webp",463,420,false],"large":["http:\/\/www.waltec.com.cn\/wp-content\/uploads\/2024\/12\/360\u622a\u56fe20241226101837925.webp",463,420,false],"1536x1536":["http:\/\/www.waltec.com.cn\/wp-content\/uploads\/2024\/12\/360\u622a\u56fe20241226101837925.webp",463,420,false],"2048x2048":["http:\/\/www.waltec.com.cn\/wp-content\/uploads\/2024\/12\/360\u622a\u56fe20241226101837925.webp",463,420,false],"trp-custom-language-flag":["http:\/\/www.waltec.com.cn\/wp-content\/uploads\/2024\/12\/360\u622a\u56fe20241226101837925.webp",13,12,false],"woocommerce_thumbnail":["http:\/\/www.waltec.com.cn\/wp-content\/uploads\/2024\/12\/360\u622a\u56fe20241226101837925-300x300.webp",300,300,true],"woocommerce_single":["http:\/\/www.waltec.com.cn\/wp-content\/uploads\/2024\/12\/360\u622a\u56fe20241226101837925.webp",463,420,false],"woocommerce_gallery_thumbnail":["http:\/\/www.waltec.com.cn\/wp-content\/uploads\/2024\/12\/360\u622a\u56fe20241226101837925-100x100.webp",100,100,true]},"uagb_author_info":{"display_name":"Jswaltec","author_link":"http:\/\/www.waltec.com.cn\/es\/author\/"},"uagb_comment_info":0,"uagb_excerpt":"The deformation test system based on binocular 3D DIC technology is used for 3D full-field displacement, strain measurement, velocity, acceleration calculation, motion tracking and trajectory analysis in large-scale or large-scale structural testing. Product advantages 1 It can realize finite element analysis verification; 2 It can perform modal analysis such as natural frequency, damping ratio, amplitude,&hellip;","_links":{"self":[{"href":"http:\/\/www.waltec.com.cn\/es\/wp-json\/wp\/v2\/product\/2095","targetHints":{"allow":["GET"]}}],"collection":[{"href":"http:\/\/www.waltec.com.cn\/es\/wp-json\/wp\/v2\/product"}],"about":[{"href":"http:\/\/www.waltec.com.cn\/es\/wp-json\/wp\/v2\/types\/product"}],"wp:featuredmedia":[{"embeddable":true,"href":"http:\/\/www.waltec.com.cn\/es\/wp-json\/wp\/v2\/media\/2096"}],"wp:attachment":[{"href":"http:\/\/www.waltec.com.cn\/es\/wp-json\/wp\/v2\/media?parent=2095"}],"wp:term":[{"taxonomy":"product_cat","embeddable":true,"href":"http:\/\/www.waltec.com.cn\/es\/wp-json\/wp\/v2\/product_cat?post=2095"},{"taxonomy":"product_tag","embeddable":true,"href":"http:\/\/www.waltec.com.cn\/es\/wp-json\/wp\/v2\/product_tag?post=2095"}],"curies":[{"name":"wp","href":"https:\/\/api.w.org\/{rel}","templated":true}]}}