{"id":2100,"date":"2024-12-26T14:01:25","date_gmt":"2024-12-26T06:01:25","guid":{"rendered":"http:\/\/www.waltec.com.cn\/?post_type=product&#038;p=2100"},"modified":"2025-01-23T14:11:49","modified_gmt":"2025-01-23T06:11:49","slug":"monocular-2d-visual-strain-gauge","status":"publish","type":"product","link":"http:\/\/www.waltec.com.cn\/es\/producto\/monocular-2d-visual-strain-gauge\/","title":{"rendered":"Medidor de tensi\u00f3n visual monocular 2D"},"content":{"rendered":"<p>El extens\u00f3metro visual monocular 2D es un dispositivo de medici\u00f3n de deformaci\u00f3n de alta precisi\u00f3n basado en tecnolog\u00eda de visi\u00f3n monocular. Utiliza una sola c\u00e1mara para capturar y analizar la deformaci\u00f3n bidimensional del objeto que se mide en tiempo real y puede medir con precisi\u00f3n la distribuci\u00f3n de la deformaci\u00f3n en la superficie del objeto en condiciones de carga.<\/p>\n<p><strong><b>Ventajas del producto<\/b><\/strong><\/p>\n<p>1 Se puede realizar el acoplamiento del campo de temperatura;<\/p>\n<p>2 Es posible unir la nube de puntos de varias c\u00e1maras del objeto que se est\u00e1 midiendo;<\/p>\n<p>3 Los datos de la nube de puntos se pueden exportar e importar a datos CAD para realizar an\u00e1lisis comparativos;<\/p>\n<p>4 El tel\u00e9metro l\u00e1ser integrado puede confirmar de forma r\u00e1pida y precisa la distancia medida;<\/p>\n<p>5 El sensor de temperatura integrado y el sistema de control de temperatura pueden eliminar la influencia del cambio de temperatura del equipo en la precisi\u00f3n de la medici\u00f3n;<\/p>\n<p>6 Puede respaldar el an\u00e1lisis comparativo de los resultados Odb del software Abaqus y los resultados del c\u00e1lculo DIC;<\/p>\n<p>7 No limitado por el rango de deformaci\u00f3n, rango de deformaci\u00f3n medible: 0,005%-2000%;<\/p>\n<p>8. No limitado por la temperatura, puede lograr mediciones en condiciones de temperatura alta y baja, rango de temperatura medible: -190 \u2103 a 2300 \u2103;<\/p>\n<p>9 Fuente de luz integrada, con tecnolog\u00eda de plasticidad de campo de luz, formando una medici\u00f3n de luz rectangular uniforme;<\/p>\n<p>10 El sensor de actitud integrado puede obtener la actitud del cabezal de medici\u00f3n en tiempo real y corregir el error de precisi\u00f3n causado por el cambio de la propia actitud del equipo a trav\u00e9s de algoritmos.<\/p>","protected":false},"excerpt":{"rendered":"<p>The monocular 2D visual strain gauge is a high-precision strain measurement device based on monocular vision technology. It uses a single camera to capture and analyze the two-dimensional deformation of the object being measured in real time, and can accurately measure the strain distribution on the surface of the object under loading conditions. Product advantages [&hellip;]<\/p>","protected":false},"featured_media":2097,"template":"","meta":{"_uag_custom_page_level_css":"","site-sidebar-layout":"default","site-content-layout":"","ast-site-content-layout":"default","site-content-style":"default","site-sidebar-style":"default","ast-global-header-display":"","ast-banner-title-visibility":"","ast-main-header-display":"","ast-hfb-above-header-display":"","ast-hfb-below-header-display":"","ast-hfb-mobile-header-display":"","site-post-title":"","ast-breadcrumbs-content":"","ast-featured-img":"","footer-sml-layout":"","theme-transparent-header-meta":"default","adv-header-id-meta":"","stick-header-meta":"","header-above-stick-meta":"","header-main-stick-meta":"","header-below-stick-meta":"","astra-migrate-meta-layouts":"set","ast-page-background-enabled":"default","ast-page-background-meta":{"desktop":{"background-color":"var(--ast-global-color-4)","background-image":"","background-repeat":"repeat","background-position":"center center","background-size":"auto","background-attachment":"scroll","background-type":"","background-media":"","overlay-type":"","overlay-color":"","overlay-opacity":"","overlay-gradient":""},"tablet":{"background-color":"","background-image":"","background-repeat":"repeat","background-position":"center center","background-size":"auto","background-attachment":"scroll","background-type":"","background-media":"","overlay-type":"","overlay-color":"","overlay-opacity":"","overlay-gradient":""},"mobile":{"background-color":"","background-image":"","background-repeat":"repeat","background-position":"center center","background-size":"auto","background-attachment":"scroll","background-type":"","background-media":"","overlay-type":"","overlay-color":"","overlay-opacity":"","overlay-gradient":""}},"ast-content-background-meta":{"desktop":{"background-color":"var(--ast-global-color-5)","background-image":"","background-repeat":"repeat","background-position":"center center","background-size":"auto","background-attachment":"scroll","background-type":"","background-media":"","overlay-type":"","overlay-color":"","overlay-opacity":"","overlay-gradient":""},"tablet":{"background-color":"var(--ast-global-color-5)","background-image":"","background-repeat":"repeat","background-position":"center center","background-size":"auto","background-attachment":"scroll","background-type":"","background-media":"","overlay-type":"","overlay-color":"","overlay-opacity":"","overlay-gradient":""},"mobile":{"background-color":"var(--ast-global-color-5)","background-image":"","background-repeat":"repeat","background-position":"center center","background-size":"auto","background-attachment":"scroll","background-type":"","background-media":"","overlay-type":"","overlay-color":"","overlay-opacity":"","overlay-gradient":""}}},"product_cat":[24],"product_tag":[],"class_list":{"0":"post-2100","1":"product","2":"type-product","3":"status-publish","4":"has-post-thumbnail","6":"product_cat-accessory","7":"desktop-align-left","8":"tablet-align-left","9":"mobile-align-left","11":"first","12":"instock","13":"shipping-taxable","14":"product-type-simple"},"yoast_head":"<!-- This site is optimized with the Yoast SEO Premium plugin v22.5 (Yoast SEO v24.3) - https:\/\/yoast.com\/wordpress\/plugins\/seo\/ -->\r\n<title>Monocular 2D visual strain gauge - Jswaltec Testing machine<\/title>\r\n<meta name=\"description\" content=\"Monocular 2D visual strain gauge - The monocular 2D visual strain gauge is a high-precision strain measurement device based on monocular vision technology.\" \/>\r\n<meta name=\"robots\" content=\"index, follow, max-snippet:-1, max-image-preview:large, max-video-preview:-1\" \/>\r\n<link rel=\"canonical\" href=\"http:\/\/www.waltec.com.cn\/es\/producto\/monocular-2d-visual-strain-gauge\/\" \/>\r\n<meta property=\"og:locale\" content=\"es_ES\" \/>\r\n<meta property=\"og:type\" content=\"article\" \/>\r\n<meta property=\"og:title\" content=\"Monocular 2D visual strain gauge\" \/>\r\n<meta property=\"og:description\" content=\"Monocular 2D visual strain gauge - The monocular 2D visual strain gauge is a high-precision strain measurement device based on monocular vision technology.\" \/>\r\n<meta property=\"og:url\" content=\"http:\/\/www.waltec.com.cn\/es\/producto\/monocular-2d-visual-strain-gauge\/\" \/>\r\n<meta property=\"og:site_name\" content=\"Jswaltec Testing machine\" \/>\r\n<meta property=\"article:modified_time\" content=\"2025-01-23T06:11:49+00:00\" \/>\r\n<meta property=\"og:image\" content=\"http:\/\/www.waltec.com.cn\/wp-content\/uploads\/2024\/12\/sp4.webp\" \/>\r\n\t<meta property=\"og:image:width\" content=\"454\" \/>\r\n\t<meta property=\"og:image:height\" content=\"340\" \/>\r\n\t<meta property=\"og:image:type\" content=\"image\/webp\" \/>\r\n<meta name=\"twitter:card\" content=\"summary_large_image\" \/>\r\n<meta name=\"twitter:label1\" content=\"Tiempo de lectura\" \/>\n\t<meta name=\"twitter:data1\" content=\"2 minutos\" \/>\r\n<script type=\"application\/ld+json\" class=\"yoast-schema-graph\">{\"@context\":\"https:\/\/schema.org\",\"@graph\":[{\"@type\":\"WebPage\",\"@id\":\"http:\/\/www.waltec.com.cn\/product\/monocular-2d-visual-strain-gauge\/\",\"url\":\"http:\/\/www.waltec.com.cn\/product\/monocular-2d-visual-strain-gauge\/\",\"name\":\"Monocular 2D visual strain gauge - Jswaltec Testing machine\",\"isPartOf\":{\"@id\":\"http:\/\/www.waltec.com.cn\/#website\"},\"primaryImageOfPage\":{\"@id\":\"http:\/\/www.waltec.com.cn\/product\/monocular-2d-visual-strain-gauge\/#primaryimage\"},\"image\":{\"@id\":\"http:\/\/www.waltec.com.cn\/product\/monocular-2d-visual-strain-gauge\/#primaryimage\"},\"thumbnailUrl\":\"http:\/\/www.waltec.com.cn\/wp-content\/uploads\/2024\/12\/sp4.webp\",\"datePublished\":\"2024-12-26T06:01:25+00:00\",\"dateModified\":\"2025-01-23T06:11:49+00:00\",\"description\":\"Monocular 2D visual strain gauge - The monocular 2D visual strain gauge is a high-precision strain measurement device based on monocular vision technology.\",\"breadcrumb\":{\"@id\":\"http:\/\/www.waltec.com.cn\/product\/monocular-2d-visual-strain-gauge\/#breadcrumb\"},\"inLanguage\":\"es\",\"potentialAction\":[{\"@type\":\"ReadAction\",\"target\":[\"http:\/\/www.waltec.com.cn\/product\/monocular-2d-visual-strain-gauge\/\"]}]},{\"@type\":\"ImageObject\",\"inLanguage\":\"es\",\"@id\":\"http:\/\/www.waltec.com.cn\/product\/monocular-2d-visual-strain-gauge\/#primaryimage\",\"url\":\"http:\/\/www.waltec.com.cn\/wp-content\/uploads\/2024\/12\/sp4.webp\",\"contentUrl\":\"http:\/\/www.waltec.com.cn\/wp-content\/uploads\/2024\/12\/sp4.webp\",\"width\":454,\"height\":340},{\"@type\":\"BreadcrumbList\",\"@id\":\"http:\/\/www.waltec.com.cn\/product\/monocular-2d-visual-strain-gauge\/#breadcrumb\",\"itemListElement\":[{\"@type\":\"ListItem\",\"position\":1,\"name\":\"Home\",\"item\":\"http:\/\/www.waltec.com.cn\/\"},{\"@type\":\"ListItem\",\"position\":2,\"name\":\"Products\",\"item\":\"http:\/\/www.waltec.com.cn\/shop\/\"},{\"@type\":\"ListItem\",\"position\":3,\"name\":\"Monocular 2D visual strain gauge\"}]},{\"@type\":\"WebSite\",\"@id\":\"http:\/\/www.waltec.com.cn\/#website\",\"url\":\"http:\/\/www.waltec.com.cn\/\",\"name\":\"Jswaltec Testing machine\",\"description\":\"\",\"publisher\":{\"@id\":\"http:\/\/www.waltec.com.cn\/#organization\"},\"potentialAction\":[{\"@type\":\"SearchAction\",\"target\":{\"@type\":\"EntryPoint\",\"urlTemplate\":\"http:\/\/www.waltec.com.cn\/?s={search_term_string}\"},\"query-input\":{\"@type\":\"PropertyValueSpecification\",\"valueRequired\":true,\"valueName\":\"search_term_string\"}}],\"inLanguage\":\"es\"},{\"@type\":\"Organization\",\"@id\":\"http:\/\/www.waltec.com.cn\/#organization\",\"name\":\"JIANGSU WALLONG-HSIN MACHINERY ENGINEERING CORPORATION LTD.\",\"url\":\"http:\/\/www.waltec.com.cn\/\",\"logo\":{\"@type\":\"ImageObject\",\"inLanguage\":\"es\",\"@id\":\"http:\/\/www.waltec.com.cn\/#\/schema\/logo\/image\/\",\"url\":\"http:\/\/www.waltec.com.cn\/wp-content\/uploads\/2024\/08\/01.jpg\",\"contentUrl\":\"http:\/\/www.waltec.com.cn\/wp-content\/uploads\/2024\/08\/01.jpg\",\"width\":1217,\"height\":221,\"caption\":\"JIANGSU WALLONG-HSIN MACHINERY ENGINEERING CORPORATION LTD.\"},\"image\":{\"@id\":\"http:\/\/www.waltec.com.cn\/#\/schema\/logo\/image\/\"}}]}<\/script>\r\n<!-- \/ Yoast SEO Premium plugin. -->","yoast_head_json":{"title":"Monocular 2D visual strain gauge - Jswaltec Testing machine","description":"Monocular 2D visual strain gauge - The monocular 2D visual strain gauge is a high-precision strain measurement device based on monocular vision technology.","robots":{"index":"index","follow":"follow","max-snippet":"max-snippet:-1","max-image-preview":"max-image-preview:large","max-video-preview":"max-video-preview:-1"},"canonical":"http:\/\/www.waltec.com.cn\/es\/producto\/monocular-2d-visual-strain-gauge\/","og_locale":"es_ES","og_type":"article","og_title":"Monocular 2D visual strain gauge","og_description":"Monocular 2D visual strain gauge - The monocular 2D visual strain gauge is a high-precision strain measurement device based on monocular vision technology.","og_url":"http:\/\/www.waltec.com.cn\/es\/producto\/monocular-2d-visual-strain-gauge\/","og_site_name":"Jswaltec Testing machine","article_modified_time":"2025-01-23T06:11:49+00:00","og_image":[{"width":454,"height":340,"url":"http:\/\/www.waltec.com.cn\/wp-content\/uploads\/2024\/12\/sp4.webp","type":"image\/webp"}],"twitter_card":"summary_large_image","twitter_misc":{"Tiempo de lectura":"2 minutos"},"schema":{"@context":"https:\/\/schema.org","@graph":[{"@type":"WebPage","@id":"http:\/\/www.waltec.com.cn\/product\/monocular-2d-visual-strain-gauge\/","url":"http:\/\/www.waltec.com.cn\/product\/monocular-2d-visual-strain-gauge\/","name":"Monocular 2D visual strain gauge - Jswaltec Testing machine","isPartOf":{"@id":"http:\/\/www.waltec.com.cn\/#website"},"primaryImageOfPage":{"@id":"http:\/\/www.waltec.com.cn\/product\/monocular-2d-visual-strain-gauge\/#primaryimage"},"image":{"@id":"http:\/\/www.waltec.com.cn\/product\/monocular-2d-visual-strain-gauge\/#primaryimage"},"thumbnailUrl":"http:\/\/www.waltec.com.cn\/wp-content\/uploads\/2024\/12\/sp4.webp","datePublished":"2024-12-26T06:01:25+00:00","dateModified":"2025-01-23T06:11:49+00:00","description":"Monocular 2D visual strain gauge - The monocular 2D visual strain gauge is a high-precision strain measurement device based on monocular vision technology.","breadcrumb":{"@id":"http:\/\/www.waltec.com.cn\/product\/monocular-2d-visual-strain-gauge\/#breadcrumb"},"inLanguage":"es","potentialAction":[{"@type":"ReadAction","target":["http:\/\/www.waltec.com.cn\/product\/monocular-2d-visual-strain-gauge\/"]}]},{"@type":"ImageObject","inLanguage":"es","@id":"http:\/\/www.waltec.com.cn\/product\/monocular-2d-visual-strain-gauge\/#primaryimage","url":"http:\/\/www.waltec.com.cn\/wp-content\/uploads\/2024\/12\/sp4.webp","contentUrl":"http:\/\/www.waltec.com.cn\/wp-content\/uploads\/2024\/12\/sp4.webp","width":454,"height":340},{"@type":"BreadcrumbList","@id":"http:\/\/www.waltec.com.cn\/product\/monocular-2d-visual-strain-gauge\/#breadcrumb","itemListElement":[{"@type":"ListItem","position":1,"name":"Home","item":"http:\/\/www.waltec.com.cn\/"},{"@type":"ListItem","position":2,"name":"Products","item":"http:\/\/www.waltec.com.cn\/shop\/"},{"@type":"ListItem","position":3,"name":"Monocular 2D visual strain gauge"}]},{"@type":"WebSite","@id":"http:\/\/www.waltec.com.cn\/#website","url":"http:\/\/www.waltec.com.cn\/","name":"Jswaltec Testing machine","description":"","publisher":{"@id":"http:\/\/www.waltec.com.cn\/#organization"},"potentialAction":[{"@type":"SearchAction","target":{"@type":"EntryPoint","urlTemplate":"http:\/\/www.waltec.com.cn\/?s={search_term_string}"},"query-input":{"@type":"PropertyValueSpecification","valueRequired":true,"valueName":"search_term_string"}}],"inLanguage":"es"},{"@type":"Organization","@id":"http:\/\/www.waltec.com.cn\/#organization","name":"JIANGSU WALLONG-HSIN MACHINERY ENGINEERING CORPORATION LTD.","url":"http:\/\/www.waltec.com.cn\/","logo":{"@type":"ImageObject","inLanguage":"es","@id":"http:\/\/www.waltec.com.cn\/#\/schema\/logo\/image\/","url":"http:\/\/www.waltec.com.cn\/wp-content\/uploads\/2024\/08\/01.jpg","contentUrl":"http:\/\/www.waltec.com.cn\/wp-content\/uploads\/2024\/08\/01.jpg","width":1217,"height":221,"caption":"JIANGSU WALLONG-HSIN MACHINERY ENGINEERING CORPORATION LTD."},"image":{"@id":"http:\/\/www.waltec.com.cn\/#\/schema\/logo\/image\/"}}]}},"uagb_featured_image_src":{"full":["http:\/\/www.waltec.com.cn\/wp-content\/uploads\/2024\/12\/sp4.webp",454,340,false],"thumbnail":["http:\/\/www.waltec.com.cn\/wp-content\/uploads\/2024\/12\/sp4.webp",150,112,false],"medium":["http:\/\/www.waltec.com.cn\/wp-content\/uploads\/2024\/12\/sp4.webp",300,225,false],"medium_large":["http:\/\/www.waltec.com.cn\/wp-content\/uploads\/2024\/12\/sp4.webp",454,340,false],"large":["http:\/\/www.waltec.com.cn\/wp-content\/uploads\/2024\/12\/sp4.webp",454,340,false],"1536x1536":["http:\/\/www.waltec.com.cn\/wp-content\/uploads\/2024\/12\/sp4.webp",454,340,false],"2048x2048":["http:\/\/www.waltec.com.cn\/wp-content\/uploads\/2024\/12\/sp4.webp",454,340,false],"trp-custom-language-flag":["http:\/\/www.waltec.com.cn\/wp-content\/uploads\/2024\/12\/sp4.webp",16,12,false],"woocommerce_thumbnail":["http:\/\/www.waltec.com.cn\/wp-content\/uploads\/2024\/12\/sp4-300x300.webp",300,300,true],"woocommerce_single":["http:\/\/www.waltec.com.cn\/wp-content\/uploads\/2024\/12\/sp4.webp",454,340,false],"woocommerce_gallery_thumbnail":["http:\/\/www.waltec.com.cn\/wp-content\/uploads\/2024\/12\/sp4-100x100.webp",100,100,true]},"uagb_author_info":{"display_name":"Jswaltec","author_link":"http:\/\/www.waltec.com.cn\/es\/author\/"},"uagb_comment_info":0,"uagb_excerpt":"The monocular 2D visual strain gauge is a high-precision strain measurement device based on monocular vision technology. It uses a single camera to capture and analyze the two-dimensional deformation of the object being measured in real time, and can accurately measure the strain distribution on the surface of the object under loading conditions. Product advantages&hellip;","_links":{"self":[{"href":"http:\/\/www.waltec.com.cn\/es\/wp-json\/wp\/v2\/product\/2100","targetHints":{"allow":["GET"]}}],"collection":[{"href":"http:\/\/www.waltec.com.cn\/es\/wp-json\/wp\/v2\/product"}],"about":[{"href":"http:\/\/www.waltec.com.cn\/es\/wp-json\/wp\/v2\/types\/product"}],"wp:featuredmedia":[{"embeddable":true,"href":"http:\/\/www.waltec.com.cn\/es\/wp-json\/wp\/v2\/media\/2097"}],"wp:attachment":[{"href":"http:\/\/www.waltec.com.cn\/es\/wp-json\/wp\/v2\/media?parent=2100"}],"wp:term":[{"taxonomy":"product_cat","embeddable":true,"href":"http:\/\/www.waltec.com.cn\/es\/wp-json\/wp\/v2\/product_cat?post=2100"},{"taxonomy":"product_tag","embeddable":true,"href":"http:\/\/www.waltec.com.cn\/es\/wp-json\/wp\/v2\/product_tag?post=2100"}],"curies":[{"name":"wp","href":"https:\/\/api.w.org\/{rel}","templated":true}]}}