{"id":2102,"date":"2024-12-26T14:04:09","date_gmt":"2024-12-26T06:04:09","guid":{"rendered":"http:\/\/www.waltec.com.cn\/?post_type=product&#038;p=2102"},"modified":"2025-01-23T14:13:44","modified_gmt":"2025-01-23T06:13:44","slug":"monocular-3d-high-speed-visual-strain-gauge","status":"publish","type":"product","link":"http:\/\/www.waltec.com.cn\/es\/producto\/monocular-3d-high-speed-visual-strain-gauge\/","title":{"rendered":"Medidor de tensi\u00f3n visual monocular 3D de alta velocidad"},"content":{"rendered":"<p>El extens\u00f3metro visual monocular 3D de alta velocidad de Haisem solo necesita un conjunto de c\u00e1mara y lente de alta velocidad para completar pruebas DIC de alta velocidad, lo que simplifica enormemente la configuraci\u00f3n del sistema y reduce el costo general. El dispositivo tiene un dise\u00f1o compacto y una amplia gama de adaptabilidad de trayectoria \u00f3ptica. Es compatible con las c\u00e1maras y lentes de alta velocidad comunes en el mercado y es adecuado para pruebas de impacto Hopkinson, vibraci\u00f3n de alta velocidad y otras.<\/p>\n<p><strong><b>Ventajas del producto<\/b><\/strong><\/p>\n<p>1 Solo se requiere un juego de c\u00e1mara y lente de alta velocidad;<\/p>\n<p>2 Medici\u00f3n de alta velocidad, la frecuencia de muestreo de megap\u00edxeles puede alcanzar los 100.000 Hz;<\/p>\n<p>3 Instalaci\u00f3n y depuraci\u00f3n sencilla;<\/p>\n<p>4 No est\u00e1 limitado por la temperatura, puede medir en condiciones de temperatura alta y baja, y el rango de temperatura medible es de -190 \u2103 a 2300 \u2103;<\/p>\n<p>5 No est\u00e1 limitado por el rango de deformaci\u00f3n, el rango de deformaci\u00f3n medible es 0,005%-2000%;<\/p>\n<p>6. Sin estar limitado por la inversi\u00f3n de la deformaci\u00f3n, se puede lograr simult\u00e1neamente la medici\u00f3n de la deformaci\u00f3n y la deformaci\u00f3n en m\u00faltiples direcciones.<\/p>","protected":false},"excerpt":{"rendered":"<p>The Haisem monocular 3D high-speed visual strain gauge only needs one set of high-speed camera and lens to complete high-speed DIC testing, which greatly simplifies the system configuration and reduces the overall cost. The device is compact in design and has a wide range of optical path adaptability. It is compatible with common high-speed cameras [&hellip;]<\/p>","protected":false},"featured_media":2099,"template":"","meta":{"_uag_custom_page_level_css":"","site-sidebar-layout":"default","site-content-layout":"","ast-site-content-layout":"default","site-content-style":"default","site-sidebar-style":"default","ast-global-header-display":"","ast-banner-title-visibility":"","ast-main-header-display":"","ast-hfb-above-header-display":"","ast-hfb-below-header-display":"","ast-hfb-mobile-header-display":"","site-post-title":"","ast-breadcrumbs-content":"","ast-featured-img":"","footer-sml-layout":"","theme-transparent-header-meta":"default","adv-header-id-meta":"","stick-header-meta":"","header-above-stick-meta":"","header-main-stick-meta":"","header-below-stick-meta":"","astra-migrate-meta-layouts":"set","ast-page-background-enabled":"default","ast-page-background-meta":{"desktop":{"background-color":"var(--ast-global-color-4)","background-image":"","background-repeat":"repeat","background-position":"center center","background-size":"auto","background-attachment":"scroll","background-type":"","background-media":"","overlay-type":"","overlay-color":"","overlay-opacity":"","overlay-gradient":""},"tablet":{"background-color":"","background-image":"","background-repeat":"repeat","background-position":"center center","background-size":"auto","background-attachment":"scroll","background-type":"","background-media":"","overlay-type":"","overlay-color":"","overlay-opacity":"","overlay-gradient":""},"mobile":{"background-color":"","background-image":"","background-repeat":"repeat","background-position":"center center","background-size":"auto","background-attachment":"scroll","background-type":"","background-media":"","overlay-type":"","overlay-color":"","overlay-opacity":"","overlay-gradient":""}},"ast-content-background-meta":{"desktop":{"background-color":"var(--ast-global-color-5)","background-image":"","background-repeat":"repeat","background-position":"center center","background-size":"auto","background-attachment":"scroll","background-type":"","background-media":"","overlay-type":"","overlay-color":"","overlay-opacity":"","overlay-gradient":""},"tablet":{"background-color":"var(--ast-global-color-5)","background-image":"","background-repeat":"repeat","background-position":"center center","background-size":"auto","background-attachment":"scroll","background-type":"","background-media":"","overlay-type":"","overlay-color":"","overlay-opacity":"","overlay-gradient":""},"mobile":{"background-color":"var(--ast-global-color-5)","background-image":"","background-repeat":"repeat","background-position":"center center","background-size":"auto","background-attachment":"scroll","background-type":"","background-media":"","overlay-type":"","overlay-color":"","overlay-opacity":"","overlay-gradient":""}}},"product_cat":[24],"product_tag":[],"class_list":{"0":"post-2102","1":"product","2":"type-product","3":"status-publish","4":"has-post-thumbnail","6":"product_cat-accessory","7":"desktop-align-left","8":"tablet-align-left","9":"mobile-align-left","11":"first","12":"instock","13":"shipping-taxable","14":"product-type-simple"},"yoast_head":"<!-- This site is optimized with the Yoast SEO Premium plugin v22.5 (Yoast SEO v24.3) - https:\/\/yoast.com\/wordpress\/plugins\/seo\/ -->\r\n<title>Monocular 3D high-speed visual strain gauge - Jswaltec Testing machine<\/title>\r\n<meta name=\"description\" content=\"Monocular 3D high-speed visual strain gauge - The Haisem monocular 3D high-speed visual strain gauge only needs one set of high-speed camera and lens to complete high-speed DIC testing, which greatly simplifies the system configuration and reduces the overall cost.\" \/>\r\n<meta name=\"robots\" content=\"index, follow, max-snippet:-1, max-image-preview:large, max-video-preview:-1\" \/>\r\n<link rel=\"canonical\" href=\"http:\/\/www.waltec.com.cn\/es\/producto\/monocular-3d-high-speed-visual-strain-gauge\/\" \/>\r\n<meta property=\"og:locale\" content=\"es_ES\" \/>\r\n<meta property=\"og:type\" content=\"article\" \/>\r\n<meta property=\"og:title\" content=\"Monocular 3D high-speed visual strain gauge\" \/>\r\n<meta property=\"og:description\" content=\"Monocular 3D high-speed visual strain gauge - The Haisem monocular 3D high-speed visual strain gauge only needs one set of high-speed camera and lens to complete high-speed DIC testing, which greatly simplifies the system configuration and reduces the overall cost.\" \/>\r\n<meta property=\"og:url\" content=\"http:\/\/www.waltec.com.cn\/es\/producto\/monocular-3d-high-speed-visual-strain-gauge\/\" \/>\r\n<meta property=\"og:site_name\" content=\"Jswaltec Testing machine\" \/>\r\n<meta property=\"article:modified_time\" content=\"2025-01-23T06:13:44+00:00\" \/>\r\n<meta property=\"og:image\" content=\"http:\/\/www.waltec.com.cn\/wp-content\/uploads\/2024\/12\/sp6.webp\" \/>\r\n\t<meta property=\"og:image:width\" content=\"454\" \/>\r\n\t<meta property=\"og:image:height\" content=\"340\" \/>\r\n\t<meta property=\"og:image:type\" content=\"image\/webp\" \/>\r\n<meta name=\"twitter:card\" content=\"summary_large_image\" \/>\r\n<meta name=\"twitter:label1\" content=\"Tiempo de lectura\" \/>\n\t<meta name=\"twitter:data1\" content=\"1 minuto\" \/>\r\n<script type=\"application\/ld+json\" class=\"yoast-schema-graph\">{\"@context\":\"https:\/\/schema.org\",\"@graph\":[{\"@type\":\"WebPage\",\"@id\":\"http:\/\/www.waltec.com.cn\/product\/monocular-3d-high-speed-visual-strain-gauge\/\",\"url\":\"http:\/\/www.waltec.com.cn\/product\/monocular-3d-high-speed-visual-strain-gauge\/\",\"name\":\"Monocular 3D high-speed visual strain gauge - Jswaltec Testing machine\",\"isPartOf\":{\"@id\":\"http:\/\/www.waltec.com.cn\/#website\"},\"primaryImageOfPage\":{\"@id\":\"http:\/\/www.waltec.com.cn\/product\/monocular-3d-high-speed-visual-strain-gauge\/#primaryimage\"},\"image\":{\"@id\":\"http:\/\/www.waltec.com.cn\/product\/monocular-3d-high-speed-visual-strain-gauge\/#primaryimage\"},\"thumbnailUrl\":\"http:\/\/www.waltec.com.cn\/wp-content\/uploads\/2024\/12\/sp6.webp\",\"datePublished\":\"2024-12-26T06:04:09+00:00\",\"dateModified\":\"2025-01-23T06:13:44+00:00\",\"description\":\"Monocular 3D high-speed visual strain gauge - The Haisem monocular 3D high-speed visual strain gauge only needs one set of high-speed camera and lens to complete high-speed DIC testing, which greatly simplifies the system configuration and reduces the overall cost.\",\"breadcrumb\":{\"@id\":\"http:\/\/www.waltec.com.cn\/product\/monocular-3d-high-speed-visual-strain-gauge\/#breadcrumb\"},\"inLanguage\":\"es\",\"potentialAction\":[{\"@type\":\"ReadAction\",\"target\":[\"http:\/\/www.waltec.com.cn\/product\/monocular-3d-high-speed-visual-strain-gauge\/\"]}]},{\"@type\":\"ImageObject\",\"inLanguage\":\"es\",\"@id\":\"http:\/\/www.waltec.com.cn\/product\/monocular-3d-high-speed-visual-strain-gauge\/#primaryimage\",\"url\":\"http:\/\/www.waltec.com.cn\/wp-content\/uploads\/2024\/12\/sp6.webp\",\"contentUrl\":\"http:\/\/www.waltec.com.cn\/wp-content\/uploads\/2024\/12\/sp6.webp\",\"width\":454,\"height\":340},{\"@type\":\"BreadcrumbList\",\"@id\":\"http:\/\/www.waltec.com.cn\/product\/monocular-3d-high-speed-visual-strain-gauge\/#breadcrumb\",\"itemListElement\":[{\"@type\":\"ListItem\",\"position\":1,\"name\":\"Home\",\"item\":\"http:\/\/www.waltec.com.cn\/\"},{\"@type\":\"ListItem\",\"position\":2,\"name\":\"Products\",\"item\":\"http:\/\/www.waltec.com.cn\/shop\/\"},{\"@type\":\"ListItem\",\"position\":3,\"name\":\"Monocular 3D high-speed visual strain gauge\"}]},{\"@type\":\"WebSite\",\"@id\":\"http:\/\/www.waltec.com.cn\/#website\",\"url\":\"http:\/\/www.waltec.com.cn\/\",\"name\":\"Jswaltec Testing machine\",\"description\":\"\",\"publisher\":{\"@id\":\"http:\/\/www.waltec.com.cn\/#organization\"},\"potentialAction\":[{\"@type\":\"SearchAction\",\"target\":{\"@type\":\"EntryPoint\",\"urlTemplate\":\"http:\/\/www.waltec.com.cn\/?s={search_term_string}\"},\"query-input\":{\"@type\":\"PropertyValueSpecification\",\"valueRequired\":true,\"valueName\":\"search_term_string\"}}],\"inLanguage\":\"es\"},{\"@type\":\"Organization\",\"@id\":\"http:\/\/www.waltec.com.cn\/#organization\",\"name\":\"JIANGSU WALLONG-HSIN MACHINERY ENGINEERING CORPORATION LTD.\",\"url\":\"http:\/\/www.waltec.com.cn\/\",\"logo\":{\"@type\":\"ImageObject\",\"inLanguage\":\"es\",\"@id\":\"http:\/\/www.waltec.com.cn\/#\/schema\/logo\/image\/\",\"url\":\"http:\/\/www.waltec.com.cn\/wp-content\/uploads\/2024\/08\/01.jpg\",\"contentUrl\":\"http:\/\/www.waltec.com.cn\/wp-content\/uploads\/2024\/08\/01.jpg\",\"width\":1217,\"height\":221,\"caption\":\"JIANGSU WALLONG-HSIN MACHINERY ENGINEERING CORPORATION LTD.\"},\"image\":{\"@id\":\"http:\/\/www.waltec.com.cn\/#\/schema\/logo\/image\/\"}}]}<\/script>\r\n<!-- \/ Yoast SEO Premium plugin. -->","yoast_head_json":{"title":"Monocular 3D high-speed visual strain gauge - Jswaltec Testing machine","description":"Monocular 3D high-speed visual strain gauge - The Haisem monocular 3D high-speed visual strain gauge only needs one set of high-speed camera and lens to complete high-speed DIC testing, which greatly simplifies the system configuration and reduces the overall cost.","robots":{"index":"index","follow":"follow","max-snippet":"max-snippet:-1","max-image-preview":"max-image-preview:large","max-video-preview":"max-video-preview:-1"},"canonical":"http:\/\/www.waltec.com.cn\/es\/producto\/monocular-3d-high-speed-visual-strain-gauge\/","og_locale":"es_ES","og_type":"article","og_title":"Monocular 3D high-speed visual strain gauge","og_description":"Monocular 3D high-speed visual strain gauge - The Haisem monocular 3D high-speed visual strain gauge only needs one set of high-speed camera and lens to complete high-speed DIC testing, which greatly simplifies the system configuration and reduces the overall cost.","og_url":"http:\/\/www.waltec.com.cn\/es\/producto\/monocular-3d-high-speed-visual-strain-gauge\/","og_site_name":"Jswaltec Testing machine","article_modified_time":"2025-01-23T06:13:44+00:00","og_image":[{"width":454,"height":340,"url":"http:\/\/www.waltec.com.cn\/wp-content\/uploads\/2024\/12\/sp6.webp","type":"image\/webp"}],"twitter_card":"summary_large_image","twitter_misc":{"Tiempo de lectura":"1 minuto"},"schema":{"@context":"https:\/\/schema.org","@graph":[{"@type":"WebPage","@id":"http:\/\/www.waltec.com.cn\/product\/monocular-3d-high-speed-visual-strain-gauge\/","url":"http:\/\/www.waltec.com.cn\/product\/monocular-3d-high-speed-visual-strain-gauge\/","name":"Monocular 3D high-speed visual strain gauge - Jswaltec Testing machine","isPartOf":{"@id":"http:\/\/www.waltec.com.cn\/#website"},"primaryImageOfPage":{"@id":"http:\/\/www.waltec.com.cn\/product\/monocular-3d-high-speed-visual-strain-gauge\/#primaryimage"},"image":{"@id":"http:\/\/www.waltec.com.cn\/product\/monocular-3d-high-speed-visual-strain-gauge\/#primaryimage"},"thumbnailUrl":"http:\/\/www.waltec.com.cn\/wp-content\/uploads\/2024\/12\/sp6.webp","datePublished":"2024-12-26T06:04:09+00:00","dateModified":"2025-01-23T06:13:44+00:00","description":"Monocular 3D high-speed visual strain gauge - The Haisem monocular 3D high-speed visual strain gauge only needs one set of high-speed camera and lens to complete high-speed DIC testing, which greatly simplifies the system configuration and reduces the overall cost.","breadcrumb":{"@id":"http:\/\/www.waltec.com.cn\/product\/monocular-3d-high-speed-visual-strain-gauge\/#breadcrumb"},"inLanguage":"es","potentialAction":[{"@type":"ReadAction","target":["http:\/\/www.waltec.com.cn\/product\/monocular-3d-high-speed-visual-strain-gauge\/"]}]},{"@type":"ImageObject","inLanguage":"es","@id":"http:\/\/www.waltec.com.cn\/product\/monocular-3d-high-speed-visual-strain-gauge\/#primaryimage","url":"http:\/\/www.waltec.com.cn\/wp-content\/uploads\/2024\/12\/sp6.webp","contentUrl":"http:\/\/www.waltec.com.cn\/wp-content\/uploads\/2024\/12\/sp6.webp","width":454,"height":340},{"@type":"BreadcrumbList","@id":"http:\/\/www.waltec.com.cn\/product\/monocular-3d-high-speed-visual-strain-gauge\/#breadcrumb","itemListElement":[{"@type":"ListItem","position":1,"name":"Home","item":"http:\/\/www.waltec.com.cn\/"},{"@type":"ListItem","position":2,"name":"Products","item":"http:\/\/www.waltec.com.cn\/shop\/"},{"@type":"ListItem","position":3,"name":"Monocular 3D high-speed visual strain gauge"}]},{"@type":"WebSite","@id":"http:\/\/www.waltec.com.cn\/#website","url":"http:\/\/www.waltec.com.cn\/","name":"Jswaltec Testing machine","description":"","publisher":{"@id":"http:\/\/www.waltec.com.cn\/#organization"},"potentialAction":[{"@type":"SearchAction","target":{"@type":"EntryPoint","urlTemplate":"http:\/\/www.waltec.com.cn\/?s={search_term_string}"},"query-input":{"@type":"PropertyValueSpecification","valueRequired":true,"valueName":"search_term_string"}}],"inLanguage":"es"},{"@type":"Organization","@id":"http:\/\/www.waltec.com.cn\/#organization","name":"JIANGSU WALLONG-HSIN MACHINERY ENGINEERING CORPORATION LTD.","url":"http:\/\/www.waltec.com.cn\/","logo":{"@type":"ImageObject","inLanguage":"es","@id":"http:\/\/www.waltec.com.cn\/#\/schema\/logo\/image\/","url":"http:\/\/www.waltec.com.cn\/wp-content\/uploads\/2024\/08\/01.jpg","contentUrl":"http:\/\/www.waltec.com.cn\/wp-content\/uploads\/2024\/08\/01.jpg","width":1217,"height":221,"caption":"JIANGSU WALLONG-HSIN MACHINERY ENGINEERING CORPORATION LTD."},"image":{"@id":"http:\/\/www.waltec.com.cn\/#\/schema\/logo\/image\/"}}]}},"uagb_featured_image_src":{"full":["http:\/\/www.waltec.com.cn\/wp-content\/uploads\/2024\/12\/sp6.webp",454,340,false],"thumbnail":["http:\/\/www.waltec.com.cn\/wp-content\/uploads\/2024\/12\/sp6.webp",150,112,false],"medium":["http:\/\/www.waltec.com.cn\/wp-content\/uploads\/2024\/12\/sp6.webp",300,225,false],"medium_large":["http:\/\/www.waltec.com.cn\/wp-content\/uploads\/2024\/12\/sp6.webp",454,340,false],"large":["http:\/\/www.waltec.com.cn\/wp-content\/uploads\/2024\/12\/sp6.webp",454,340,false],"1536x1536":["http:\/\/www.waltec.com.cn\/wp-content\/uploads\/2024\/12\/sp6.webp",454,340,false],"2048x2048":["http:\/\/www.waltec.com.cn\/wp-content\/uploads\/2024\/12\/sp6.webp",454,340,false],"trp-custom-language-flag":["http:\/\/www.waltec.com.cn\/wp-content\/uploads\/2024\/12\/sp6.webp",16,12,false],"woocommerce_thumbnail":["http:\/\/www.waltec.com.cn\/wp-content\/uploads\/2024\/12\/sp6-300x300.webp",300,300,true],"woocommerce_single":["http:\/\/www.waltec.com.cn\/wp-content\/uploads\/2024\/12\/sp6.webp",454,340,false],"woocommerce_gallery_thumbnail":["http:\/\/www.waltec.com.cn\/wp-content\/uploads\/2024\/12\/sp6-100x100.webp",100,100,true]},"uagb_author_info":{"display_name":"Jswaltec","author_link":"http:\/\/www.waltec.com.cn\/es\/author\/"},"uagb_comment_info":0,"uagb_excerpt":"The Haisem monocular 3D high-speed visual strain gauge only needs one set of high-speed camera and lens to complete high-speed DIC testing, which greatly simplifies the system configuration and reduces the overall cost. The device is compact in design and has a wide range of optical path adaptability. It is compatible with common high-speed cameras&hellip;","_links":{"self":[{"href":"http:\/\/www.waltec.com.cn\/es\/wp-json\/wp\/v2\/product\/2102","targetHints":{"allow":["GET"]}}],"collection":[{"href":"http:\/\/www.waltec.com.cn\/es\/wp-json\/wp\/v2\/product"}],"about":[{"href":"http:\/\/www.waltec.com.cn\/es\/wp-json\/wp\/v2\/types\/product"}],"wp:featuredmedia":[{"embeddable":true,"href":"http:\/\/www.waltec.com.cn\/es\/wp-json\/wp\/v2\/media\/2099"}],"wp:attachment":[{"href":"http:\/\/www.waltec.com.cn\/es\/wp-json\/wp\/v2\/media?parent=2102"}],"wp:term":[{"taxonomy":"product_cat","embeddable":true,"href":"http:\/\/www.waltec.com.cn\/es\/wp-json\/wp\/v2\/product_cat?post=2102"},{"taxonomy":"product_tag","embeddable":true,"href":"http:\/\/www.waltec.com.cn\/es\/wp-json\/wp\/v2\/product_tag?post=2102"}],"curies":[{"name":"wp","href":"https:\/\/api.w.org\/{rel}","templated":true}]}}