{"id":2111,"date":"2024-12-26T14:26:09","date_gmt":"2024-12-26T06:26:09","guid":{"rendered":"http:\/\/www.waltec.com.cn\/?post_type=product&#038;p=2111"},"modified":"2025-01-23T14:21:54","modified_gmt":"2025-01-23T06:21:54","slug":"flexible-visual-tracker-large-span-space-safety-monitoring","status":"publish","type":"product","link":"http:\/\/www.waltec.com.cn\/es\/producto\/flexible-visual-tracker-large-span-space-safety-monitoring\/","title":{"rendered":"Rastreador visual flexible (monitoreo de seguridad de espacios de gran tama\u00f1o)"},"content":{"rendered":"<p>El rastreador visual flexible utiliza tecnolog\u00eda de Internet de las cosas y un algoritmo inteligente de reconocimiento de desastres para convertir datos de im\u00e1genes en tiempo real en datos de desplazamiento y deformaci\u00f3n en tiempo real, logrando una medici\u00f3n din\u00e1mica en tiempo real sin contacto de ultra alta precisi\u00f3n de varias estructuras grandes, as\u00ed como un monitoreo en todo clima del estado de salud de las estructuras.<\/p>\n<p><strong><b>Ventajas del producto<\/b><\/strong><\/p>\n<p><strong><b>Gran alcance, alta precisi\u00f3n.<\/b><\/strong><\/p>\n<p>El alcance de medici\u00f3n supera 1 km y la precisi\u00f3n alcanza el nivel submilim\u00e9trico.<\/p>\n<p><strong><b>24 horas sin tripulaci\u00f3n<\/b><\/strong><\/p>\n<p>Sin intervenci\u00f3n humana, monitorizaci\u00f3n autom\u00e1tica las 24 horas<\/p>\n<p><strong><b>Computaci\u00f3n de borde<\/b><\/strong><\/p>\n<p>Potentes capacidades inform\u00e1ticas de borde que reducen el volumen de transmisi\u00f3n de datos<\/p>\n<p><strong><b>Medici\u00f3n simult\u00e1nea din\u00e1mica y est\u00e1tica<\/b><\/strong><\/p>\n<p>Medici\u00f3n sincr\u00f3nica multipunto, para obtener datos de desplazamiento din\u00e1mico y datos de desplazamiento est\u00e1tico de la estructura.<\/p>\n<p><strong><b>Fuerte adaptabilidad de la construcci\u00f3n.<\/b><\/strong><\/p>\n<p>Medici\u00f3n sin contacto, sin necesidad de construir pilares de referencia, errores de calibraci\u00f3n autom\u00e1ticos<\/p>\n<p><strong><b>Ciclo de vida completo<\/b><\/strong><\/p>\n<p>Alerta temprana de construcci\u00f3n, evaluaci\u00f3n de aceptaci\u00f3n, operaci\u00f3n y mantenimiento, monitoreo de salud, investigaci\u00f3n acad\u00e9mica, etc.<\/p>","protected":false},"excerpt":{"rendered":"<p>The flexible visual tracker uses Internet of Things technology and intelligent disaster recognition algorithm to convert real-time image data into real-time displacement and deformation data, realizing ultra-high-precision non-contact real-time dynamic measurement of various large structures, as well as all-weather monitoring of the health status of structures. Product advantages Large span, high precision The measurement span [&hellip;]<\/p>","protected":false},"featured_media":2109,"template":"","meta":{"_uag_custom_page_level_css":"","site-sidebar-layout":"default","site-content-layout":"","ast-site-content-layout":"default","site-content-style":"default","site-sidebar-style":"default","ast-global-header-display":"","ast-banner-title-visibility":"","ast-main-header-display":"","ast-hfb-above-header-display":"","ast-hfb-below-header-display":"","ast-hfb-mobile-header-display":"","site-post-title":"","ast-breadcrumbs-content":"","ast-featured-img":"","footer-sml-layout":"","theme-transparent-header-meta":"default","adv-header-id-meta":"","stick-header-meta":"","header-above-stick-meta":"","header-main-stick-meta":"","header-below-stick-meta":"","astra-migrate-meta-layouts":"set","ast-page-background-enabled":"default","ast-page-background-meta":{"desktop":{"background-color":"var(--ast-global-color-4)","background-image":"","background-repeat":"repeat","background-position":"center center","background-size":"auto","background-attachment":"scroll","background-type":"","background-media":"","overlay-type":"","overlay-color":"","overlay-opacity":"","overlay-gradient":""},"tablet":{"background-color":"","background-image":"","background-repeat":"repeat","background-position":"center center","background-size":"auto","background-attachment":"scroll","background-type":"","background-media":"","overlay-type":"","overlay-color":"","overlay-opacity":"","overlay-gradient":""},"mobile":{"background-color":"","background-image":"","background-repeat":"repeat","background-position":"center center","background-size":"auto","background-attachment":"scroll","background-type":"","background-media":"","overlay-type":"","overlay-color":"","overlay-opacity":"","overlay-gradient":""}},"ast-content-background-meta":{"desktop":{"background-color":"var(--ast-global-color-5)","background-image":"","background-repeat":"repeat","background-position":"center center","background-size":"auto","background-attachment":"scroll","background-type":"","background-media":"","overlay-type":"","overlay-color":"","overlay-opacity":"","overlay-gradient":""},"tablet":{"background-color":"var(--ast-global-color-5)","background-image":"","background-repeat":"repeat","background-position":"center center","background-size":"auto","background-attachment":"scroll","background-type":"","background-media":"","overlay-type":"","overlay-color":"","overlay-opacity":"","overlay-gradient":""},"mobile":{"background-color":"var(--ast-global-color-5)","background-image":"","background-repeat":"repeat","background-position":"center center","background-size":"auto","background-attachment":"scroll","background-type":"","background-media":"","overlay-type":"","overlay-color":"","overlay-opacity":"","overlay-gradient":""}}},"product_cat":[24],"product_tag":[],"class_list":{"0":"post-2111","1":"product","2":"type-product","3":"status-publish","4":"has-post-thumbnail","6":"product_cat-accessory","7":"desktop-align-left","8":"tablet-align-left","9":"mobile-align-left","11":"first","12":"instock","13":"shipping-taxable","14":"product-type-simple"},"yoast_head":"<!-- This site is optimized with the Yoast SEO Premium plugin v22.5 (Yoast SEO v24.3) - https:\/\/yoast.com\/wordpress\/plugins\/seo\/ -->\r\n<title>Flexible visual tracker (Large-span space safety monitoring) - Jswaltec Testing machine<\/title>\r\n<meta name=\"description\" content=\"Flexible visual tracker (Large-span space safety monitoring) - The flexible visual tracker uses Internet of Things technology and intelligent disaster recognition algorithm to convert real-time image data into real-time displacement and deformation data.\" \/>\r\n<meta name=\"robots\" content=\"index, follow, max-snippet:-1, max-image-preview:large, max-video-preview:-1\" \/>\r\n<link rel=\"canonical\" href=\"http:\/\/www.waltec.com.cn\/es\/producto\/flexible-visual-tracker-large-span-space-safety-monitoring\/\" \/>\r\n<meta property=\"og:locale\" content=\"es_ES\" \/>\r\n<meta property=\"og:type\" content=\"article\" \/>\r\n<meta property=\"og:title\" content=\"Flexible visual tracker (Large-span space safety monitoring)\" \/>\r\n<meta property=\"og:description\" content=\"Flexible visual tracker (Large-span space safety monitoring) - The flexible visual tracker uses Internet of Things technology and intelligent disaster recognition algorithm to convert real-time image data into real-time displacement and deformation data.\" \/>\r\n<meta property=\"og:url\" content=\"http:\/\/www.waltec.com.cn\/es\/producto\/flexible-visual-tracker-large-span-space-safety-monitoring\/\" \/>\r\n<meta property=\"og:site_name\" content=\"Jswaltec Testing machine\" \/>\r\n<meta property=\"article:modified_time\" content=\"2025-01-23T06:21:54+00:00\" \/>\r\n<meta property=\"og:image\" content=\"http:\/\/www.waltec.com.cn\/wp-content\/uploads\/2024\/12\/trackersp7.webp\" \/>\r\n\t<meta property=\"og:image:width\" content=\"454\" \/>\r\n\t<meta property=\"og:image:height\" content=\"340\" \/>\r\n\t<meta property=\"og:image:type\" content=\"image\/webp\" \/>\r\n<meta name=\"twitter:card\" content=\"summary_large_image\" \/>\r\n<meta name=\"twitter:label1\" content=\"Tiempo de lectura\" \/>\n\t<meta name=\"twitter:data1\" content=\"1 minuto\" \/>\r\n<script type=\"application\/ld+json\" class=\"yoast-schema-graph\">{\"@context\":\"https:\/\/schema.org\",\"@graph\":[{\"@type\":\"WebPage\",\"@id\":\"http:\/\/www.waltec.com.cn\/product\/flexible-visual-tracker-large-span-space-safety-monitoring\/\",\"url\":\"http:\/\/www.waltec.com.cn\/product\/flexible-visual-tracker-large-span-space-safety-monitoring\/\",\"name\":\"Flexible visual tracker (Large-span space safety monitoring) - Jswaltec Testing machine\",\"isPartOf\":{\"@id\":\"http:\/\/www.waltec.com.cn\/#website\"},\"primaryImageOfPage\":{\"@id\":\"http:\/\/www.waltec.com.cn\/product\/flexible-visual-tracker-large-span-space-safety-monitoring\/#primaryimage\"},\"image\":{\"@id\":\"http:\/\/www.waltec.com.cn\/product\/flexible-visual-tracker-large-span-space-safety-monitoring\/#primaryimage\"},\"thumbnailUrl\":\"http:\/\/www.waltec.com.cn\/wp-content\/uploads\/2024\/12\/trackersp7.webp\",\"datePublished\":\"2024-12-26T06:26:09+00:00\",\"dateModified\":\"2025-01-23T06:21:54+00:00\",\"description\":\"Flexible visual tracker (Large-span space safety monitoring) - The flexible visual tracker uses Internet of Things technology and intelligent disaster recognition algorithm to convert real-time image data into real-time displacement and deformation data.\",\"breadcrumb\":{\"@id\":\"http:\/\/www.waltec.com.cn\/product\/flexible-visual-tracker-large-span-space-safety-monitoring\/#breadcrumb\"},\"inLanguage\":\"es\",\"potentialAction\":[{\"@type\":\"ReadAction\",\"target\":[\"http:\/\/www.waltec.com.cn\/product\/flexible-visual-tracker-large-span-space-safety-monitoring\/\"]}]},{\"@type\":\"ImageObject\",\"inLanguage\":\"es\",\"@id\":\"http:\/\/www.waltec.com.cn\/product\/flexible-visual-tracker-large-span-space-safety-monitoring\/#primaryimage\",\"url\":\"http:\/\/www.waltec.com.cn\/wp-content\/uploads\/2024\/12\/trackersp7.webp\",\"contentUrl\":\"http:\/\/www.waltec.com.cn\/wp-content\/uploads\/2024\/12\/trackersp7.webp\",\"width\":454,\"height\":340},{\"@type\":\"BreadcrumbList\",\"@id\":\"http:\/\/www.waltec.com.cn\/product\/flexible-visual-tracker-large-span-space-safety-monitoring\/#breadcrumb\",\"itemListElement\":[{\"@type\":\"ListItem\",\"position\":1,\"name\":\"Home\",\"item\":\"http:\/\/www.waltec.com.cn\/\"},{\"@type\":\"ListItem\",\"position\":2,\"name\":\"Products\",\"item\":\"http:\/\/www.waltec.com.cn\/shop\/\"},{\"@type\":\"ListItem\",\"position\":3,\"name\":\"Flexible visual tracker (Large-span space safety monitoring)\"}]},{\"@type\":\"WebSite\",\"@id\":\"http:\/\/www.waltec.com.cn\/#website\",\"url\":\"http:\/\/www.waltec.com.cn\/\",\"name\":\"Jswaltec Testing machine\",\"description\":\"\",\"publisher\":{\"@id\":\"http:\/\/www.waltec.com.cn\/#organization\"},\"potentialAction\":[{\"@type\":\"SearchAction\",\"target\":{\"@type\":\"EntryPoint\",\"urlTemplate\":\"http:\/\/www.waltec.com.cn\/?s={search_term_string}\"},\"query-input\":{\"@type\":\"PropertyValueSpecification\",\"valueRequired\":true,\"valueName\":\"search_term_string\"}}],\"inLanguage\":\"es\"},{\"@type\":\"Organization\",\"@id\":\"http:\/\/www.waltec.com.cn\/#organization\",\"name\":\"JIANGSU WALLONG-HSIN MACHINERY ENGINEERING CORPORATION LTD.\",\"url\":\"http:\/\/www.waltec.com.cn\/\",\"logo\":{\"@type\":\"ImageObject\",\"inLanguage\":\"es\",\"@id\":\"http:\/\/www.waltec.com.cn\/#\/schema\/logo\/image\/\",\"url\":\"http:\/\/www.waltec.com.cn\/wp-content\/uploads\/2024\/08\/01.jpg\",\"contentUrl\":\"http:\/\/www.waltec.com.cn\/wp-content\/uploads\/2024\/08\/01.jpg\",\"width\":1217,\"height\":221,\"caption\":\"JIANGSU WALLONG-HSIN MACHINERY ENGINEERING CORPORATION LTD.\"},\"image\":{\"@id\":\"http:\/\/www.waltec.com.cn\/#\/schema\/logo\/image\/\"}}]}<\/script>\r\n<!-- \/ Yoast SEO Premium plugin. -->","yoast_head_json":{"title":"Flexible visual tracker (Large-span space safety monitoring) - Jswaltec Testing machine","description":"Flexible visual tracker (Large-span space safety monitoring) - The flexible visual tracker uses Internet of Things technology and intelligent disaster recognition algorithm to convert real-time image data into real-time displacement and deformation data.","robots":{"index":"index","follow":"follow","max-snippet":"max-snippet:-1","max-image-preview":"max-image-preview:large","max-video-preview":"max-video-preview:-1"},"canonical":"http:\/\/www.waltec.com.cn\/es\/producto\/flexible-visual-tracker-large-span-space-safety-monitoring\/","og_locale":"es_ES","og_type":"article","og_title":"Flexible visual tracker (Large-span space safety monitoring)","og_description":"Flexible visual tracker (Large-span space safety monitoring) - The flexible visual tracker uses Internet of Things technology and intelligent disaster recognition algorithm to convert real-time image data into real-time displacement and deformation data.","og_url":"http:\/\/www.waltec.com.cn\/es\/producto\/flexible-visual-tracker-large-span-space-safety-monitoring\/","og_site_name":"Jswaltec Testing machine","article_modified_time":"2025-01-23T06:21:54+00:00","og_image":[{"width":454,"height":340,"url":"http:\/\/www.waltec.com.cn\/wp-content\/uploads\/2024\/12\/trackersp7.webp","type":"image\/webp"}],"twitter_card":"summary_large_image","twitter_misc":{"Tiempo de lectura":"1 minuto"},"schema":{"@context":"https:\/\/schema.org","@graph":[{"@type":"WebPage","@id":"http:\/\/www.waltec.com.cn\/product\/flexible-visual-tracker-large-span-space-safety-monitoring\/","url":"http:\/\/www.waltec.com.cn\/product\/flexible-visual-tracker-large-span-space-safety-monitoring\/","name":"Flexible visual tracker (Large-span space safety monitoring) - Jswaltec Testing machine","isPartOf":{"@id":"http:\/\/www.waltec.com.cn\/#website"},"primaryImageOfPage":{"@id":"http:\/\/www.waltec.com.cn\/product\/flexible-visual-tracker-large-span-space-safety-monitoring\/#primaryimage"},"image":{"@id":"http:\/\/www.waltec.com.cn\/product\/flexible-visual-tracker-large-span-space-safety-monitoring\/#primaryimage"},"thumbnailUrl":"http:\/\/www.waltec.com.cn\/wp-content\/uploads\/2024\/12\/trackersp7.webp","datePublished":"2024-12-26T06:26:09+00:00","dateModified":"2025-01-23T06:21:54+00:00","description":"Flexible visual tracker (Large-span space safety monitoring) - The flexible visual tracker uses Internet of Things technology and intelligent disaster recognition algorithm to convert real-time image data into real-time displacement and deformation data.","breadcrumb":{"@id":"http:\/\/www.waltec.com.cn\/product\/flexible-visual-tracker-large-span-space-safety-monitoring\/#breadcrumb"},"inLanguage":"es","potentialAction":[{"@type":"ReadAction","target":["http:\/\/www.waltec.com.cn\/product\/flexible-visual-tracker-large-span-space-safety-monitoring\/"]}]},{"@type":"ImageObject","inLanguage":"es","@id":"http:\/\/www.waltec.com.cn\/product\/flexible-visual-tracker-large-span-space-safety-monitoring\/#primaryimage","url":"http:\/\/www.waltec.com.cn\/wp-content\/uploads\/2024\/12\/trackersp7.webp","contentUrl":"http:\/\/www.waltec.com.cn\/wp-content\/uploads\/2024\/12\/trackersp7.webp","width":454,"height":340},{"@type":"BreadcrumbList","@id":"http:\/\/www.waltec.com.cn\/product\/flexible-visual-tracker-large-span-space-safety-monitoring\/#breadcrumb","itemListElement":[{"@type":"ListItem","position":1,"name":"Home","item":"http:\/\/www.waltec.com.cn\/"},{"@type":"ListItem","position":2,"name":"Products","item":"http:\/\/www.waltec.com.cn\/shop\/"},{"@type":"ListItem","position":3,"name":"Flexible visual tracker (Large-span space safety monitoring)"}]},{"@type":"WebSite","@id":"http:\/\/www.waltec.com.cn\/#website","url":"http:\/\/www.waltec.com.cn\/","name":"Jswaltec Testing machine","description":"","publisher":{"@id":"http:\/\/www.waltec.com.cn\/#organization"},"potentialAction":[{"@type":"SearchAction","target":{"@type":"EntryPoint","urlTemplate":"http:\/\/www.waltec.com.cn\/?s={search_term_string}"},"query-input":{"@type":"PropertyValueSpecification","valueRequired":true,"valueName":"search_term_string"}}],"inLanguage":"es"},{"@type":"Organization","@id":"http:\/\/www.waltec.com.cn\/#organization","name":"JIANGSU WALLONG-HSIN MACHINERY ENGINEERING CORPORATION LTD.","url":"http:\/\/www.waltec.com.cn\/","logo":{"@type":"ImageObject","inLanguage":"es","@id":"http:\/\/www.waltec.com.cn\/#\/schema\/logo\/image\/","url":"http:\/\/www.waltec.com.cn\/wp-content\/uploads\/2024\/08\/01.jpg","contentUrl":"http:\/\/www.waltec.com.cn\/wp-content\/uploads\/2024\/08\/01.jpg","width":1217,"height":221,"caption":"JIANGSU WALLONG-HSIN MACHINERY ENGINEERING CORPORATION LTD."},"image":{"@id":"http:\/\/www.waltec.com.cn\/#\/schema\/logo\/image\/"}}]}},"uagb_featured_image_src":{"full":["http:\/\/www.waltec.com.cn\/wp-content\/uploads\/2024\/12\/trackersp7.webp",454,340,false],"thumbnail":["http:\/\/www.waltec.com.cn\/wp-content\/uploads\/2024\/12\/trackersp7.webp",150,112,false],"medium":["http:\/\/www.waltec.com.cn\/wp-content\/uploads\/2024\/12\/trackersp7.webp",300,225,false],"medium_large":["http:\/\/www.waltec.com.cn\/wp-content\/uploads\/2024\/12\/trackersp7.webp",454,340,false],"large":["http:\/\/www.waltec.com.cn\/wp-content\/uploads\/2024\/12\/trackersp7.webp",454,340,false],"1536x1536":["http:\/\/www.waltec.com.cn\/wp-content\/uploads\/2024\/12\/trackersp7.webp",454,340,false],"2048x2048":["http:\/\/www.waltec.com.cn\/wp-content\/uploads\/2024\/12\/trackersp7.webp",454,340,false],"trp-custom-language-flag":["http:\/\/www.waltec.com.cn\/wp-content\/uploads\/2024\/12\/trackersp7.webp",16,12,false],"woocommerce_thumbnail":["http:\/\/www.waltec.com.cn\/wp-content\/uploads\/2024\/12\/trackersp7-300x300.webp",300,300,true],"woocommerce_single":["http:\/\/www.waltec.com.cn\/wp-content\/uploads\/2024\/12\/trackersp7.webp",454,340,false],"woocommerce_gallery_thumbnail":["http:\/\/www.waltec.com.cn\/wp-content\/uploads\/2024\/12\/trackersp7-100x100.webp",100,100,true]},"uagb_author_info":{"display_name":"Jswaltec","author_link":"http:\/\/www.waltec.com.cn\/es\/author\/"},"uagb_comment_info":0,"uagb_excerpt":"The flexible visual tracker uses Internet of Things technology and intelligent disaster recognition algorithm to convert real-time image data into real-time displacement and deformation data, realizing ultra-high-precision non-contact real-time dynamic measurement of various large structures, as well as all-weather monitoring of the health status of structures. Product advantages Large span, high precision The measurement span&hellip;","_links":{"self":[{"href":"http:\/\/www.waltec.com.cn\/es\/wp-json\/wp\/v2\/product\/2111","targetHints":{"allow":["GET"]}}],"collection":[{"href":"http:\/\/www.waltec.com.cn\/es\/wp-json\/wp\/v2\/product"}],"about":[{"href":"http:\/\/www.waltec.com.cn\/es\/wp-json\/wp\/v2\/types\/product"}],"wp:featuredmedia":[{"embeddable":true,"href":"http:\/\/www.waltec.com.cn\/es\/wp-json\/wp\/v2\/media\/2109"}],"wp:attachment":[{"href":"http:\/\/www.waltec.com.cn\/es\/wp-json\/wp\/v2\/media?parent=2111"}],"wp:term":[{"taxonomy":"product_cat","embeddable":true,"href":"http:\/\/www.waltec.com.cn\/es\/wp-json\/wp\/v2\/product_cat?post=2111"},{"taxonomy":"product_tag","embeddable":true,"href":"http:\/\/www.waltec.com.cn\/es\/wp-json\/wp\/v2\/product_tag?post=2111"}],"curies":[{"name":"wp","href":"https:\/\/api.w.org\/{rel}","templated":true}]}}