{"id":2112,"date":"2024-12-26T14:29:30","date_gmt":"2024-12-26T06:29:30","guid":{"rendered":"http:\/\/www.waltec.com.cn\/?post_type=product&#038;p=2112"},"modified":"2025-01-23T14:24:32","modified_gmt":"2025-01-23T06:24:32","slug":"offline-visual-tracker-safety-detection","status":"publish","type":"product","link":"http:\/\/www.waltec.com.cn\/es\/producto\/offline-visual-tracker-safety-detection\/","title":{"rendered":"Rastreador visual sin conexi\u00f3n (detecci\u00f3n de seguridad)"},"content":{"rendered":"<p>El rastreador visual fuera de l\u00ednea es un sistema de medici\u00f3n de desplazamiento visual basado en la tecnolog\u00eda DIC de eje \u00f3ptico oblicuo. El cabezal de medici\u00f3n puede realizar la adquisici\u00f3n de im\u00e1genes durante el proceso de carga del objeto a medir. El software del sistema de detecci\u00f3n puede calcular y analizar las im\u00e1genes adquiridas y generar los resultados de la deformaci\u00f3n medida en tiempo real.<\/p>\n<p><strong><b>Ventajas del producto<\/b><\/strong><\/p>\n<p><strong><b>F\u00e1cil de llevar<\/b><\/strong><\/p>\n<ul>\n<li>De apariencia sencilla, todo el sistema se transporta en un malet\u00edn especial.<\/li>\n<li>Puede ser transportado por una sola persona al lugar de medici\u00f3n para su operaci\u00f3n.<\/li>\n<\/ul>\n<p><strong><b>Operaci\u00f3n sencilla<\/b><\/strong><\/p>\n<ul>\n<li>La instalaci\u00f3n se puede completar r\u00e1pidamente en unos pocos minutos en el sitio de medici\u00f3n real y se puede operar y utilizar despu\u00e9s de 30 minutos de capacitaci\u00f3n.<\/li>\n<li>La medici\u00f3n en tiempo real se puede realizar sin instalar objetivos o marcadores en los puntos medidos, y el proceso de medici\u00f3n es extremadamente conveniente.<\/li>\n<\/ul>\n<p><strong><b>Datos completos<\/b><\/strong><\/p>\n<ul>\n<li>Medici\u00f3n simult\u00e1nea de alta precisi\u00f3n y en tiempo real de la deflexi\u00f3n din\u00e1mica multipunto<\/li>\n<li>Medici\u00f3n simult\u00e1nea y visualizaci\u00f3n intuitiva del desplazamiento bidimensional (horizontal y vertical)<\/li>\n<li>Se pueden obtener valores de deflexi\u00f3n, funciones de filtrado, traducci\u00f3n de l\u00ednea base, coeficiente de impacto, espectro de potencia y frecuencia de intervalo.<\/li>\n<li>La funci\u00f3n de grabaci\u00f3n puede proporcionar opciones para un nuevo an\u00e1lisis posterior.<\/li>\n<\/ul>","protected":false},"excerpt":{"rendered":"<p>Offline visual tracker is a visual displacement measurement system based on oblique optical axis DIC technology. The measuring head can realize image acquisition during the loading process of the object to be measured. The detection system software can calculate and analyze the acquired images and output the measured deformation results in real time. Product advantages [&hellip;]<\/p>","protected":false},"featured_media":2110,"template":"","meta":{"_uag_custom_page_level_css":"","site-sidebar-layout":"default","site-content-layout":"","ast-site-content-layout":"default","site-content-style":"default","site-sidebar-style":"default","ast-global-header-display":"","ast-banner-title-visibility":"","ast-main-header-display":"","ast-hfb-above-header-display":"","ast-hfb-below-header-display":"","ast-hfb-mobile-header-display":"","site-post-title":"","ast-breadcrumbs-content":"","ast-featured-img":"","footer-sml-layout":"","theme-transparent-header-meta":"default","adv-header-id-meta":"","stick-header-meta":"","header-above-stick-meta":"","header-main-stick-meta":"","header-below-stick-meta":"","astra-migrate-meta-layouts":"set","ast-page-background-enabled":"default","ast-page-background-meta":{"desktop":{"background-color":"var(--ast-global-color-4)","background-image":"","background-repeat":"repeat","background-position":"center center","background-size":"auto","background-attachment":"scroll","background-type":"","background-media":"","overlay-type":"","overlay-color":"","overlay-opacity":"","overlay-gradient":""},"tablet":{"background-color":"","background-image":"","background-repeat":"repeat","background-position":"center center","background-size":"auto","background-attachment":"scroll","background-type":"","background-media":"","overlay-type":"","overlay-color":"","overlay-opacity":"","overlay-gradient":""},"mobile":{"background-color":"","background-image":"","background-repeat":"repeat","background-position":"center center","background-size":"auto","background-attachment":"scroll","background-type":"","background-media":"","overlay-type":"","overlay-color":"","overlay-opacity":"","overlay-gradient":""}},"ast-content-background-meta":{"desktop":{"background-color":"var(--ast-global-color-5)","background-image":"","background-repeat":"repeat","background-position":"center center","background-size":"auto","background-attachment":"scroll","background-type":"","background-media":"","overlay-type":"","overlay-color":"","overlay-opacity":"","overlay-gradient":""},"tablet":{"background-color":"var(--ast-global-color-5)","background-image":"","background-repeat":"repeat","background-position":"center center","background-size":"auto","background-attachment":"scroll","background-type":"","background-media":"","overlay-type":"","overlay-color":"","overlay-opacity":"","overlay-gradient":""},"mobile":{"background-color":"var(--ast-global-color-5)","background-image":"","background-repeat":"repeat","background-position":"center center","background-size":"auto","background-attachment":"scroll","background-type":"","background-media":"","overlay-type":"","overlay-color":"","overlay-opacity":"","overlay-gradient":""}}},"product_cat":[24],"product_tag":[],"class_list":{"0":"post-2112","1":"product","2":"type-product","3":"status-publish","4":"has-post-thumbnail","6":"product_cat-accessory","7":"desktop-align-left","8":"tablet-align-left","9":"mobile-align-left","11":"first","12":"instock","13":"shipping-taxable","14":"product-type-simple"},"yoast_head":"<!-- This site is optimized with the Yoast SEO Premium plugin v22.5 (Yoast SEO v24.3) - https:\/\/yoast.com\/wordpress\/plugins\/seo\/ -->\r\n<title>Offline visual tracker (safety detection) - Jswaltec Testing machine<\/title>\r\n<meta name=\"description\" content=\"Offline visual tracker (safety detection) - Offline visual tracker is a visual displacement measurement system based on oblique optical axis DIC technology.\" \/>\r\n<meta name=\"robots\" content=\"index, follow, max-snippet:-1, max-image-preview:large, max-video-preview:-1\" \/>\r\n<link rel=\"canonical\" href=\"http:\/\/www.waltec.com.cn\/es\/producto\/offline-visual-tracker-safety-detection\/\" \/>\r\n<meta property=\"og:locale\" content=\"es_ES\" \/>\r\n<meta property=\"og:type\" content=\"article\" \/>\r\n<meta property=\"og:title\" content=\"Offline visual tracker (safety detection)\" \/>\r\n<meta property=\"og:description\" content=\"Offline visual tracker (safety detection) - Offline visual tracker is a visual displacement measurement system based on oblique optical axis DIC technology.\" \/>\r\n<meta property=\"og:url\" content=\"http:\/\/www.waltec.com.cn\/es\/producto\/offline-visual-tracker-safety-detection\/\" \/>\r\n<meta property=\"og:site_name\" content=\"Jswaltec Testing machine\" \/>\r\n<meta property=\"article:modified_time\" content=\"2025-01-23T06:24:32+00:00\" \/>\r\n<meta property=\"og:image\" content=\"http:\/\/www.waltec.com.cn\/wp-content\/uploads\/2024\/12\/trackersp10.webp\" \/>\r\n\t<meta property=\"og:image:width\" content=\"454\" \/>\r\n\t<meta property=\"og:image:height\" content=\"340\" \/>\r\n\t<meta property=\"og:image:type\" content=\"image\/webp\" \/>\r\n<meta name=\"twitter:card\" content=\"summary_large_image\" \/>\r\n<meta name=\"twitter:label1\" content=\"Tiempo de lectura\" \/>\n\t<meta name=\"twitter:data1\" content=\"1 minuto\" \/>\r\n<script type=\"application\/ld+json\" class=\"yoast-schema-graph\">{\"@context\":\"https:\/\/schema.org\",\"@graph\":[{\"@type\":\"WebPage\",\"@id\":\"http:\/\/www.waltec.com.cn\/product\/offline-visual-tracker-safety-detection\/\",\"url\":\"http:\/\/www.waltec.com.cn\/product\/offline-visual-tracker-safety-detection\/\",\"name\":\"Offline visual tracker (safety detection) - Jswaltec Testing machine\",\"isPartOf\":{\"@id\":\"http:\/\/www.waltec.com.cn\/#website\"},\"primaryImageOfPage\":{\"@id\":\"http:\/\/www.waltec.com.cn\/product\/offline-visual-tracker-safety-detection\/#primaryimage\"},\"image\":{\"@id\":\"http:\/\/www.waltec.com.cn\/product\/offline-visual-tracker-safety-detection\/#primaryimage\"},\"thumbnailUrl\":\"http:\/\/www.waltec.com.cn\/wp-content\/uploads\/2024\/12\/trackersp10.webp\",\"datePublished\":\"2024-12-26T06:29:30+00:00\",\"dateModified\":\"2025-01-23T06:24:32+00:00\",\"description\":\"Offline visual tracker (safety detection) - Offline visual tracker is a visual displacement measurement system based on oblique optical axis DIC technology.\",\"breadcrumb\":{\"@id\":\"http:\/\/www.waltec.com.cn\/product\/offline-visual-tracker-safety-detection\/#breadcrumb\"},\"inLanguage\":\"es\",\"potentialAction\":[{\"@type\":\"ReadAction\",\"target\":[\"http:\/\/www.waltec.com.cn\/product\/offline-visual-tracker-safety-detection\/\"]}]},{\"@type\":\"ImageObject\",\"inLanguage\":\"es\",\"@id\":\"http:\/\/www.waltec.com.cn\/product\/offline-visual-tracker-safety-detection\/#primaryimage\",\"url\":\"http:\/\/www.waltec.com.cn\/wp-content\/uploads\/2024\/12\/trackersp10.webp\",\"contentUrl\":\"http:\/\/www.waltec.com.cn\/wp-content\/uploads\/2024\/12\/trackersp10.webp\",\"width\":454,\"height\":340},{\"@type\":\"BreadcrumbList\",\"@id\":\"http:\/\/www.waltec.com.cn\/product\/offline-visual-tracker-safety-detection\/#breadcrumb\",\"itemListElement\":[{\"@type\":\"ListItem\",\"position\":1,\"name\":\"Home\",\"item\":\"http:\/\/www.waltec.com.cn\/\"},{\"@type\":\"ListItem\",\"position\":2,\"name\":\"Products\",\"item\":\"http:\/\/www.waltec.com.cn\/shop\/\"},{\"@type\":\"ListItem\",\"position\":3,\"name\":\"Offline visual tracker (safety detection)\"}]},{\"@type\":\"WebSite\",\"@id\":\"http:\/\/www.waltec.com.cn\/#website\",\"url\":\"http:\/\/www.waltec.com.cn\/\",\"name\":\"Jswaltec Testing machine\",\"description\":\"\",\"publisher\":{\"@id\":\"http:\/\/www.waltec.com.cn\/#organization\"},\"potentialAction\":[{\"@type\":\"SearchAction\",\"target\":{\"@type\":\"EntryPoint\",\"urlTemplate\":\"http:\/\/www.waltec.com.cn\/?s={search_term_string}\"},\"query-input\":{\"@type\":\"PropertyValueSpecification\",\"valueRequired\":true,\"valueName\":\"search_term_string\"}}],\"inLanguage\":\"es\"},{\"@type\":\"Organization\",\"@id\":\"http:\/\/www.waltec.com.cn\/#organization\",\"name\":\"JIANGSU WALLONG-HSIN MACHINERY ENGINEERING CORPORATION LTD.\",\"url\":\"http:\/\/www.waltec.com.cn\/\",\"logo\":{\"@type\":\"ImageObject\",\"inLanguage\":\"es\",\"@id\":\"http:\/\/www.waltec.com.cn\/#\/schema\/logo\/image\/\",\"url\":\"http:\/\/www.waltec.com.cn\/wp-content\/uploads\/2024\/08\/01.jpg\",\"contentUrl\":\"http:\/\/www.waltec.com.cn\/wp-content\/uploads\/2024\/08\/01.jpg\",\"width\":1217,\"height\":221,\"caption\":\"JIANGSU WALLONG-HSIN MACHINERY ENGINEERING CORPORATION LTD.\"},\"image\":{\"@id\":\"http:\/\/www.waltec.com.cn\/#\/schema\/logo\/image\/\"}}]}<\/script>\r\n<!-- \/ Yoast SEO Premium plugin. -->","yoast_head_json":{"title":"Offline visual tracker (safety detection) - Jswaltec Testing machine","description":"Offline visual tracker (safety detection) - Offline visual tracker is a visual displacement measurement system based on oblique optical axis DIC technology.","robots":{"index":"index","follow":"follow","max-snippet":"max-snippet:-1","max-image-preview":"max-image-preview:large","max-video-preview":"max-video-preview:-1"},"canonical":"http:\/\/www.waltec.com.cn\/es\/producto\/offline-visual-tracker-safety-detection\/","og_locale":"es_ES","og_type":"article","og_title":"Offline visual tracker (safety detection)","og_description":"Offline visual tracker (safety detection) - Offline visual tracker is a visual displacement measurement system based on oblique optical axis DIC technology.","og_url":"http:\/\/www.waltec.com.cn\/es\/producto\/offline-visual-tracker-safety-detection\/","og_site_name":"Jswaltec Testing machine","article_modified_time":"2025-01-23T06:24:32+00:00","og_image":[{"width":454,"height":340,"url":"http:\/\/www.waltec.com.cn\/wp-content\/uploads\/2024\/12\/trackersp10.webp","type":"image\/webp"}],"twitter_card":"summary_large_image","twitter_misc":{"Tiempo de lectura":"1 minuto"},"schema":{"@context":"https:\/\/schema.org","@graph":[{"@type":"WebPage","@id":"http:\/\/www.waltec.com.cn\/product\/offline-visual-tracker-safety-detection\/","url":"http:\/\/www.waltec.com.cn\/product\/offline-visual-tracker-safety-detection\/","name":"Offline visual tracker (safety detection) - Jswaltec Testing machine","isPartOf":{"@id":"http:\/\/www.waltec.com.cn\/#website"},"primaryImageOfPage":{"@id":"http:\/\/www.waltec.com.cn\/product\/offline-visual-tracker-safety-detection\/#primaryimage"},"image":{"@id":"http:\/\/www.waltec.com.cn\/product\/offline-visual-tracker-safety-detection\/#primaryimage"},"thumbnailUrl":"http:\/\/www.waltec.com.cn\/wp-content\/uploads\/2024\/12\/trackersp10.webp","datePublished":"2024-12-26T06:29:30+00:00","dateModified":"2025-01-23T06:24:32+00:00","description":"Offline visual tracker (safety detection) - Offline visual tracker is a visual displacement measurement system based on oblique optical axis DIC technology.","breadcrumb":{"@id":"http:\/\/www.waltec.com.cn\/product\/offline-visual-tracker-safety-detection\/#breadcrumb"},"inLanguage":"es","potentialAction":[{"@type":"ReadAction","target":["http:\/\/www.waltec.com.cn\/product\/offline-visual-tracker-safety-detection\/"]}]},{"@type":"ImageObject","inLanguage":"es","@id":"http:\/\/www.waltec.com.cn\/product\/offline-visual-tracker-safety-detection\/#primaryimage","url":"http:\/\/www.waltec.com.cn\/wp-content\/uploads\/2024\/12\/trackersp10.webp","contentUrl":"http:\/\/www.waltec.com.cn\/wp-content\/uploads\/2024\/12\/trackersp10.webp","width":454,"height":340},{"@type":"BreadcrumbList","@id":"http:\/\/www.waltec.com.cn\/product\/offline-visual-tracker-safety-detection\/#breadcrumb","itemListElement":[{"@type":"ListItem","position":1,"name":"Home","item":"http:\/\/www.waltec.com.cn\/"},{"@type":"ListItem","position":2,"name":"Products","item":"http:\/\/www.waltec.com.cn\/shop\/"},{"@type":"ListItem","position":3,"name":"Offline visual tracker (safety detection)"}]},{"@type":"WebSite","@id":"http:\/\/www.waltec.com.cn\/#website","url":"http:\/\/www.waltec.com.cn\/","name":"Jswaltec Testing machine","description":"","publisher":{"@id":"http:\/\/www.waltec.com.cn\/#organization"},"potentialAction":[{"@type":"SearchAction","target":{"@type":"EntryPoint","urlTemplate":"http:\/\/www.waltec.com.cn\/?s={search_term_string}"},"query-input":{"@type":"PropertyValueSpecification","valueRequired":true,"valueName":"search_term_string"}}],"inLanguage":"es"},{"@type":"Organization","@id":"http:\/\/www.waltec.com.cn\/#organization","name":"JIANGSU WALLONG-HSIN MACHINERY ENGINEERING CORPORATION LTD.","url":"http:\/\/www.waltec.com.cn\/","logo":{"@type":"ImageObject","inLanguage":"es","@id":"http:\/\/www.waltec.com.cn\/#\/schema\/logo\/image\/","url":"http:\/\/www.waltec.com.cn\/wp-content\/uploads\/2024\/08\/01.jpg","contentUrl":"http:\/\/www.waltec.com.cn\/wp-content\/uploads\/2024\/08\/01.jpg","width":1217,"height":221,"caption":"JIANGSU WALLONG-HSIN MACHINERY ENGINEERING CORPORATION LTD."},"image":{"@id":"http:\/\/www.waltec.com.cn\/#\/schema\/logo\/image\/"}}]}},"uagb_featured_image_src":{"full":["http:\/\/www.waltec.com.cn\/wp-content\/uploads\/2024\/12\/trackersp10.webp",454,340,false],"thumbnail":["http:\/\/www.waltec.com.cn\/wp-content\/uploads\/2024\/12\/trackersp10.webp",150,112,false],"medium":["http:\/\/www.waltec.com.cn\/wp-content\/uploads\/2024\/12\/trackersp10.webp",300,225,false],"medium_large":["http:\/\/www.waltec.com.cn\/wp-content\/uploads\/2024\/12\/trackersp10.webp",454,340,false],"large":["http:\/\/www.waltec.com.cn\/wp-content\/uploads\/2024\/12\/trackersp10.webp",454,340,false],"1536x1536":["http:\/\/www.waltec.com.cn\/wp-content\/uploads\/2024\/12\/trackersp10.webp",454,340,false],"2048x2048":["http:\/\/www.waltec.com.cn\/wp-content\/uploads\/2024\/12\/trackersp10.webp",454,340,false],"trp-custom-language-flag":["http:\/\/www.waltec.com.cn\/wp-content\/uploads\/2024\/12\/trackersp10.webp",16,12,false],"woocommerce_thumbnail":["http:\/\/www.waltec.com.cn\/wp-content\/uploads\/2024\/12\/trackersp10-300x300.webp",300,300,true],"woocommerce_single":["http:\/\/www.waltec.com.cn\/wp-content\/uploads\/2024\/12\/trackersp10.webp",454,340,false],"woocommerce_gallery_thumbnail":["http:\/\/www.waltec.com.cn\/wp-content\/uploads\/2024\/12\/trackersp10-100x100.webp",100,100,true]},"uagb_author_info":{"display_name":"Jswaltec","author_link":"http:\/\/www.waltec.com.cn\/es\/author\/"},"uagb_comment_info":0,"uagb_excerpt":"Offline visual tracker is a visual displacement measurement system based on oblique optical axis DIC technology. The measuring head can realize image acquisition during the loading process of the object to be measured. The detection system software can calculate and analyze the acquired images and output the measured deformation results in real time. Product advantages&hellip;","_links":{"self":[{"href":"http:\/\/www.waltec.com.cn\/es\/wp-json\/wp\/v2\/product\/2112","targetHints":{"allow":["GET"]}}],"collection":[{"href":"http:\/\/www.waltec.com.cn\/es\/wp-json\/wp\/v2\/product"}],"about":[{"href":"http:\/\/www.waltec.com.cn\/es\/wp-json\/wp\/v2\/types\/product"}],"wp:featuredmedia":[{"embeddable":true,"href":"http:\/\/www.waltec.com.cn\/es\/wp-json\/wp\/v2\/media\/2110"}],"wp:attachment":[{"href":"http:\/\/www.waltec.com.cn\/es\/wp-json\/wp\/v2\/media?parent=2112"}],"wp:term":[{"taxonomy":"product_cat","embeddable":true,"href":"http:\/\/www.waltec.com.cn\/es\/wp-json\/wp\/v2\/product_cat?post=2112"},{"taxonomy":"product_tag","embeddable":true,"href":"http:\/\/www.waltec.com.cn\/es\/wp-json\/wp\/v2\/product_tag?post=2112"}],"curies":[{"name":"wp","href":"https:\/\/api.w.org\/{rel}","templated":true}]}}