{"id":2342,"date":"2025-02-26T11:05:22","date_gmt":"2025-02-26T03:05:22","guid":{"rendered":"http:\/\/www.waltec.com.cn\/?post_type=product&#038;p=2342"},"modified":"2025-02-26T11:05:23","modified_gmt":"2025-02-26T03:05:23","slug":"electric-universal-material-testing-machine","status":"publish","type":"product","link":"http:\/\/www.waltec.com.cn\/es\/producto\/electric-universal-material-testing-machine\/","title":{"rendered":"M\u00e1quina universal de ensayo de materiales el\u00e9ctrica"},"content":{"rendered":"<table border=\"1px solid black;\">\n<tbody>\n<tr>\n<td width=\"125\">M\u00e1x. fuerza de prueba<\/td>\n<td width=\"131\">10kN,20kN,30kN<\/td>\n<td width=\"61\">50kN<\/td>\n<td width=\"69\">100kN<\/td>\n<td width=\"64\">200kN<\/td>\n<td width=\"88\">300kN<\/td>\n<\/tr>\n<tr>\n<td width=\"125\">rango de fuerza<\/td>\n<td colspan=\"5\" width=\"417\">2%-100%FS<\/td>\n<\/tr>\n<tr>\n<td width=\"125\">Exactitud<\/td>\n<td colspan=\"5\" width=\"417\">Nivel 1<\/td>\n<\/tr>\n<tr>\n<td width=\"125\">Precisi\u00f3n de la medici\u00f3n de la deformaci\u00f3n<\/td>\n<td colspan=\"5\" width=\"417\">\u00b11%\/\u00b10.5%<\/td>\n<\/tr>\n<tr>\n<td width=\"125\">Medici\u00f3n del desplazamiento del haz<\/td>\n<td colspan=\"5\" width=\"417\">La resoluci\u00f3n es de 0,001 mm.<\/td>\n<\/tr>\n<tr>\n<td width=\"125\">Rango de medici\u00f3n de deformaci\u00f3n<\/td>\n<td colspan=\"5\" width=\"417\">2-100%<\/td>\n<\/tr>\n<tr>\n<td width=\"125\">Resoluci\u00f3n de desplazamiento<\/td>\n<td colspan=\"5\" width=\"417\">0.001 mm<\/td>\n<\/tr>\n<tr>\n<td width=\"125\">Rango de ajuste de velocidad controlado por fuerza<\/td>\n<td colspan=\"5\" width=\"417\">0.001-10%<\/td>\n<\/tr>\n<tr>\n<td width=\"125\">Rango de ajuste de la velocidad de deformaci\u00f3n<\/td>\n<td colspan=\"5\" width=\"417\">0.00025\/S&#8211;0.0025\/S<\/td>\n<\/tr>\n<tr>\n<td width=\"125\">Rango de ajuste de la velocidad de desplazamiento<\/td>\n<td colspan=\"5\" width=\"417\">0.01mm \/ min~500mm \/ min; arbitrary set<\/td>\n<\/tr>\n<tr>\n<td width=\"125\">Espacio de tracci\u00f3n<\/td>\n<td width=\"131\">800mm<\/td>\n<td colspan=\"2\" width=\"131\">600mm<\/td>\n<td colspan=\"2\" width=\"153\">600mm<\/td>\n<\/tr>\n<tr>\n<td width=\"125\">Ancho del espacio de prueba<\/td>\n<td width=\"131\">370mm<\/td>\n<td width=\"61\">420mm<\/td>\n<td width=\"69\">470mm<\/td>\n<td colspan=\"2\" width=\"153\">600mm<\/td>\n<\/tr>\n<tr>\n<td width=\"125\">Tama\u00f1o del anfitri\u00f3n<\/td>\n<td width=\"131\">0.7*0.5*1.9m<\/td>\n<td colspan=\"2\" width=\"131\">0.9*0.7*2.2m<\/td>\n<td colspan=\"2\" width=\"153\">1.1*0.8*2.6m<\/td>\n<\/tr>\n<tr>\n<td width=\"125\">Art\u00edculos fijos<\/td>\n<td colspan=\"5\" width=\"417\">Tracci\u00f3n, compresi\u00f3n, flexi\u00f3n, cizallamiento, desgarro, etc.; fijaci\u00f3n personalizada<\/td>\n<\/tr>\n<tr>\n<td width=\"125\">Peso<\/td>\n<td width=\"131\">250kg<\/td>\n<td width=\"61\">500kg<\/td>\n<td width=\"69\">700kg<\/td>\n<td width=\"64\">1560kg<\/td>\n<td width=\"88\">2000kg<\/td>\n<\/tr>\n<tr>\n<td width=\"125\">potencia del motor<\/td>\n<td width=\"131\">0.75kW<\/td>\n<td colspan=\"2\" width=\"131\">1.0kW<\/td>\n<td width=\"64\">3kW<\/td>\n<td width=\"88\">5kW<\/td>\n<\/tr>\n<tr>\n<td width=\"125\">Forma completa de la m\u00e1quina<\/td>\n<td colspan=\"5\" width=\"417\">Floor type<\/td>\n<\/tr>\n<\/tbody>\n<\/table>","protected":false},"excerpt":{"rendered":"<p>Max. test force 10kN,20kN,30kN 50kN 100kN 200kN 300kN Force range 2%-100%FS Accuracy Level 1 Deformation measurement accuracy \u00b11%\/\u00b10.5% Beam displacement measurement Resolution is 0.001 mm Deformation measurement range 2-100% Displacement resolution 0.001 mm Force-controlled speed adjustment range 0.001-10% Deformation speed adjustment range 0.00025\/S&#8211;0.0025\/S Displacement rate adjustment range 0.01mm \/ min~500mm \/ min; arbitrary set Tensile [&hellip;]<\/p>","protected":false},"featured_media":2344,"template":"","meta":{"_uag_custom_page_level_css":"","site-sidebar-layout":"default","site-content-layout":"","ast-site-content-layout":"default","site-content-style":"default","site-sidebar-style":"default","ast-global-header-display":"","ast-banner-title-visibility":"","ast-main-header-display":"","ast-hfb-above-header-display":"","ast-hfb-below-header-display":"","ast-hfb-mobile-header-display":"","site-post-title":"","ast-breadcrumbs-content":"","ast-featured-img":"","footer-sml-layout":"","theme-transparent-header-meta":"default","adv-header-id-meta":"","stick-header-meta":"","header-above-stick-meta":"","header-main-stick-meta":"","header-below-stick-meta":"","astra-migrate-meta-layouts":"set","ast-page-background-enabled":"default","ast-page-background-meta":{"desktop":{"background-color":"var(--ast-global-color-4)","background-image":"","background-repeat":"repeat","background-position":"center center","background-size":"auto","background-attachment":"scroll","background-type":"","background-media":"","overlay-type":"","overlay-color":"","overlay-opacity":"","overlay-gradient":""},"tablet":{"background-color":"","background-image":"","background-repeat":"repeat","background-position":"center center","background-size":"auto","background-attachment":"scroll","background-type":"","background-media":"","overlay-type":"","overlay-color":"","overlay-opacity":"","overlay-gradient":""},"mobile":{"background-color":"","background-image":"","background-repeat":"repeat","background-position":"center center","background-size":"auto","background-attachment":"scroll","background-type":"","background-media":"","overlay-type":"","overlay-color":"","overlay-opacity":"","overlay-gradient":""}},"ast-content-background-meta":{"desktop":{"background-color":"var(--ast-global-color-5)","background-image":"","background-repeat":"repeat","background-position":"center center","background-size":"auto","background-attachment":"scroll","background-type":"","background-media":"","overlay-type":"","overlay-color":"","overlay-opacity":"","overlay-gradient":""},"tablet":{"background-color":"var(--ast-global-color-5)","background-image":"","background-repeat":"repeat","background-position":"center center","background-size":"auto","background-attachment":"scroll","background-type":"","background-media":"","overlay-type":"","overlay-color":"","overlay-opacity":"","overlay-gradient":""},"mobile":{"background-color":"var(--ast-global-color-5)","background-image":"","background-repeat":"repeat","background-position":"center center","background-size":"auto","background-attachment":"scroll","background-type":"","background-media":"","overlay-type":"","overlay-color":"","overlay-opacity":"","overlay-gradient":""}}},"product_cat":[25],"product_tag":[],"class_list":{"0":"post-2342","1":"product","2":"type-product","3":"status-publish","4":"has-post-thumbnail","6":"product_cat-testing-machines","7":"desktop-align-left","8":"tablet-align-left","9":"mobile-align-left","11":"first","12":"instock","13":"shipping-taxable","14":"product-type-simple"},"yoast_head":"<!-- This site is optimized with the Yoast SEO Premium plugin v22.5 (Yoast SEO v24.3) - https:\/\/yoast.com\/wordpress\/plugins\/seo\/ -->\r\n<title>Electric universal material testing machine - Jswaltec Testing machine<\/title>\r\n<meta name=\"description\" content=\"Electric universal material testing machine\" \/>\r\n<meta name=\"robots\" content=\"index, follow, max-snippet:-1, max-image-preview:large, max-video-preview:-1\" \/>\r\n<link rel=\"canonical\" href=\"http:\/\/www.waltec.com.cn\/es\/producto\/electric-universal-material-testing-machine\/\" \/>\r\n<meta property=\"og:locale\" content=\"es_ES\" \/>\r\n<meta property=\"og:type\" content=\"article\" \/>\r\n<meta property=\"og:title\" content=\"Electric universal material testing machine\" \/>\r\n<meta property=\"og:description\" content=\"Electric universal material testing machine\" \/>\r\n<meta property=\"og:url\" content=\"http:\/\/www.waltec.com.cn\/es\/producto\/electric-universal-material-testing-machine\/\" \/>\r\n<meta property=\"og:site_name\" content=\"Jswaltec Testing machine\" \/>\r\n<meta property=\"article:modified_time\" content=\"2025-02-26T03:05:23+00:00\" \/>\r\n<meta property=\"og:image\" content=\"http:\/\/www.waltec.com.cn\/wp-content\/uploads\/2025\/02\/Electric-universal-material-testing-machine.webp\" \/>\r\n\t<meta property=\"og:image:width\" content=\"451\" \/>\r\n\t<meta property=\"og:image:height\" content=\"404\" \/>\r\n\t<meta property=\"og:image:type\" content=\"image\/webp\" \/>\r\n<meta name=\"twitter:card\" content=\"summary_large_image\" \/>\r\n<meta name=\"twitter:label1\" content=\"Tiempo de lectura\" \/>\n\t<meta name=\"twitter:data1\" content=\"1 minuto\" \/>\r\n<script type=\"application\/ld+json\" class=\"yoast-schema-graph\">{\"@context\":\"https:\/\/schema.org\",\"@graph\":[{\"@type\":\"WebPage\",\"@id\":\"http:\/\/www.waltec.com.cn\/product\/electric-universal-material-testing-machine\/\",\"url\":\"http:\/\/www.waltec.com.cn\/product\/electric-universal-material-testing-machine\/\",\"name\":\"Electric universal material testing machine - Jswaltec Testing machine\",\"isPartOf\":{\"@id\":\"http:\/\/www.waltec.com.cn\/#website\"},\"primaryImageOfPage\":{\"@id\":\"http:\/\/www.waltec.com.cn\/product\/electric-universal-material-testing-machine\/#primaryimage\"},\"image\":{\"@id\":\"http:\/\/www.waltec.com.cn\/product\/electric-universal-material-testing-machine\/#primaryimage\"},\"thumbnailUrl\":\"http:\/\/www.waltec.com.cn\/wp-content\/uploads\/2025\/02\/Electric-universal-material-testing-machine.webp\",\"datePublished\":\"2025-02-26T03:05:22+00:00\",\"dateModified\":\"2025-02-26T03:05:23+00:00\",\"description\":\"Electric universal material testing machine\",\"breadcrumb\":{\"@id\":\"http:\/\/www.waltec.com.cn\/product\/electric-universal-material-testing-machine\/#breadcrumb\"},\"inLanguage\":\"es\",\"potentialAction\":[{\"@type\":\"ReadAction\",\"target\":[\"http:\/\/www.waltec.com.cn\/product\/electric-universal-material-testing-machine\/\"]}]},{\"@type\":\"ImageObject\",\"inLanguage\":\"es\",\"@id\":\"http:\/\/www.waltec.com.cn\/product\/electric-universal-material-testing-machine\/#primaryimage\",\"url\":\"http:\/\/www.waltec.com.cn\/wp-content\/uploads\/2025\/02\/Electric-universal-material-testing-machine.webp\",\"contentUrl\":\"http:\/\/www.waltec.com.cn\/wp-content\/uploads\/2025\/02\/Electric-universal-material-testing-machine.webp\",\"width\":451,\"height\":404},{\"@type\":\"BreadcrumbList\",\"@id\":\"http:\/\/www.waltec.com.cn\/product\/electric-universal-material-testing-machine\/#breadcrumb\",\"itemListElement\":[{\"@type\":\"ListItem\",\"position\":1,\"name\":\"Home\",\"item\":\"http:\/\/www.waltec.com.cn\/\"},{\"@type\":\"ListItem\",\"position\":2,\"name\":\"Products\",\"item\":\"http:\/\/www.waltec.com.cn\/shop\/\"},{\"@type\":\"ListItem\",\"position\":3,\"name\":\"Electric universal material testing machine\"}]},{\"@type\":\"WebSite\",\"@id\":\"http:\/\/www.waltec.com.cn\/#website\",\"url\":\"http:\/\/www.waltec.com.cn\/\",\"name\":\"Jswaltec Testing machine\",\"description\":\"\",\"publisher\":{\"@id\":\"http:\/\/www.waltec.com.cn\/#organization\"},\"potentialAction\":[{\"@type\":\"SearchAction\",\"target\":{\"@type\":\"EntryPoint\",\"urlTemplate\":\"http:\/\/www.waltec.com.cn\/?s={search_term_string}\"},\"query-input\":{\"@type\":\"PropertyValueSpecification\",\"valueRequired\":true,\"valueName\":\"search_term_string\"}}],\"inLanguage\":\"es\"},{\"@type\":\"Organization\",\"@id\":\"http:\/\/www.waltec.com.cn\/#organization\",\"name\":\"JIANGSU WALLONG-HSIN MACHINERY ENGINEERING CORPORATION LTD.\",\"url\":\"http:\/\/www.waltec.com.cn\/\",\"logo\":{\"@type\":\"ImageObject\",\"inLanguage\":\"es\",\"@id\":\"http:\/\/www.waltec.com.cn\/#\/schema\/logo\/image\/\",\"url\":\"http:\/\/www.waltec.com.cn\/wp-content\/uploads\/2024\/08\/01.jpg\",\"contentUrl\":\"http:\/\/www.waltec.com.cn\/wp-content\/uploads\/2024\/08\/01.jpg\",\"width\":1217,\"height\":221,\"caption\":\"JIANGSU WALLONG-HSIN MACHINERY ENGINEERING CORPORATION LTD.\"},\"image\":{\"@id\":\"http:\/\/www.waltec.com.cn\/#\/schema\/logo\/image\/\"}}]}<\/script>\r\n<!-- \/ Yoast SEO Premium plugin. -->","yoast_head_json":{"title":"Electric universal material testing machine - Jswaltec Testing machine","description":"Electric universal material testing machine","robots":{"index":"index","follow":"follow","max-snippet":"max-snippet:-1","max-image-preview":"max-image-preview:large","max-video-preview":"max-video-preview:-1"},"canonical":"http:\/\/www.waltec.com.cn\/es\/producto\/electric-universal-material-testing-machine\/","og_locale":"es_ES","og_type":"article","og_title":"Electric universal material testing machine","og_description":"Electric universal material testing machine","og_url":"http:\/\/www.waltec.com.cn\/es\/producto\/electric-universal-material-testing-machine\/","og_site_name":"Jswaltec Testing machine","article_modified_time":"2025-02-26T03:05:23+00:00","og_image":[{"width":451,"height":404,"url":"http:\/\/www.waltec.com.cn\/wp-content\/uploads\/2025\/02\/Electric-universal-material-testing-machine.webp","type":"image\/webp"}],"twitter_card":"summary_large_image","twitter_misc":{"Tiempo de lectura":"1 minuto"},"schema":{"@context":"https:\/\/schema.org","@graph":[{"@type":"WebPage","@id":"http:\/\/www.waltec.com.cn\/product\/electric-universal-material-testing-machine\/","url":"http:\/\/www.waltec.com.cn\/product\/electric-universal-material-testing-machine\/","name":"Electric universal material testing machine - Jswaltec Testing machine","isPartOf":{"@id":"http:\/\/www.waltec.com.cn\/#website"},"primaryImageOfPage":{"@id":"http:\/\/www.waltec.com.cn\/product\/electric-universal-material-testing-machine\/#primaryimage"},"image":{"@id":"http:\/\/www.waltec.com.cn\/product\/electric-universal-material-testing-machine\/#primaryimage"},"thumbnailUrl":"http:\/\/www.waltec.com.cn\/wp-content\/uploads\/2025\/02\/Electric-universal-material-testing-machine.webp","datePublished":"2025-02-26T03:05:22+00:00","dateModified":"2025-02-26T03:05:23+00:00","description":"Electric universal material testing machine","breadcrumb":{"@id":"http:\/\/www.waltec.com.cn\/product\/electric-universal-material-testing-machine\/#breadcrumb"},"inLanguage":"es","potentialAction":[{"@type":"ReadAction","target":["http:\/\/www.waltec.com.cn\/product\/electric-universal-material-testing-machine\/"]}]},{"@type":"ImageObject","inLanguage":"es","@id":"http:\/\/www.waltec.com.cn\/product\/electric-universal-material-testing-machine\/#primaryimage","url":"http:\/\/www.waltec.com.cn\/wp-content\/uploads\/2025\/02\/Electric-universal-material-testing-machine.webp","contentUrl":"http:\/\/www.waltec.com.cn\/wp-content\/uploads\/2025\/02\/Electric-universal-material-testing-machine.webp","width":451,"height":404},{"@type":"BreadcrumbList","@id":"http:\/\/www.waltec.com.cn\/product\/electric-universal-material-testing-machine\/#breadcrumb","itemListElement":[{"@type":"ListItem","position":1,"name":"Home","item":"http:\/\/www.waltec.com.cn\/"},{"@type":"ListItem","position":2,"name":"Products","item":"http:\/\/www.waltec.com.cn\/shop\/"},{"@type":"ListItem","position":3,"name":"Electric universal material testing machine"}]},{"@type":"WebSite","@id":"http:\/\/www.waltec.com.cn\/#website","url":"http:\/\/www.waltec.com.cn\/","name":"Jswaltec Testing machine","description":"","publisher":{"@id":"http:\/\/www.waltec.com.cn\/#organization"},"potentialAction":[{"@type":"SearchAction","target":{"@type":"EntryPoint","urlTemplate":"http:\/\/www.waltec.com.cn\/?s={search_term_string}"},"query-input":{"@type":"PropertyValueSpecification","valueRequired":true,"valueName":"search_term_string"}}],"inLanguage":"es"},{"@type":"Organization","@id":"http:\/\/www.waltec.com.cn\/#organization","name":"JIANGSU WALLONG-HSIN MACHINERY ENGINEERING CORPORATION LTD.","url":"http:\/\/www.waltec.com.cn\/","logo":{"@type":"ImageObject","inLanguage":"es","@id":"http:\/\/www.waltec.com.cn\/#\/schema\/logo\/image\/","url":"http:\/\/www.waltec.com.cn\/wp-content\/uploads\/2024\/08\/01.jpg","contentUrl":"http:\/\/www.waltec.com.cn\/wp-content\/uploads\/2024\/08\/01.jpg","width":1217,"height":221,"caption":"JIANGSU WALLONG-HSIN MACHINERY ENGINEERING CORPORATION LTD."},"image":{"@id":"http:\/\/www.waltec.com.cn\/#\/schema\/logo\/image\/"}}]}},"uagb_featured_image_src":{"full":["http:\/\/www.waltec.com.cn\/wp-content\/uploads\/2025\/02\/Electric-universal-material-testing-machine.webp",451,404,false],"thumbnail":["http:\/\/www.waltec.com.cn\/wp-content\/uploads\/2025\/02\/Electric-universal-material-testing-machine.webp",150,134,false],"medium":["http:\/\/www.waltec.com.cn\/wp-content\/uploads\/2025\/02\/Electric-universal-material-testing-machine.webp",300,269,false],"medium_large":["http:\/\/www.waltec.com.cn\/wp-content\/uploads\/2025\/02\/Electric-universal-material-testing-machine.webp",451,404,false],"large":["http:\/\/www.waltec.com.cn\/wp-content\/uploads\/2025\/02\/Electric-universal-material-testing-machine.webp",451,404,false],"1536x1536":["http:\/\/www.waltec.com.cn\/wp-content\/uploads\/2025\/02\/Electric-universal-material-testing-machine.webp",451,404,false],"2048x2048":["http:\/\/www.waltec.com.cn\/wp-content\/uploads\/2025\/02\/Electric-universal-material-testing-machine.webp",451,404,false],"trp-custom-language-flag":["http:\/\/www.waltec.com.cn\/wp-content\/uploads\/2025\/02\/Electric-universal-material-testing-machine.webp",13,12,false],"woocommerce_thumbnail":["http:\/\/www.waltec.com.cn\/wp-content\/uploads\/2025\/02\/Electric-universal-material-testing-machine-300x300.webp",300,300,true],"woocommerce_single":["http:\/\/www.waltec.com.cn\/wp-content\/uploads\/2025\/02\/Electric-universal-material-testing-machine.webp",451,404,false],"woocommerce_gallery_thumbnail":["http:\/\/www.waltec.com.cn\/wp-content\/uploads\/2025\/02\/Electric-universal-material-testing-machine-100x100.webp",100,100,true]},"uagb_author_info":{"display_name":"Jswaltec","author_link":"http:\/\/www.waltec.com.cn\/es\/author\/"},"uagb_comment_info":0,"uagb_excerpt":"Max. test force 10kN,20kN,30kN 50kN 100kN 200kN 300kN Force range 2%-100%FS Accuracy Level 1 Deformation measurement accuracy \u00b11%\/\u00b10.5% Beam displacement measurement Resolution is 0.001 mm Deformation measurement range 2-100% Displacement resolution 0.001 mm Force-controlled speed adjustment range 0.001-10% Deformation speed adjustment range 0.00025\/S&#8211;0.0025\/S Displacement rate adjustment range 0.01mm \/ min~500mm \/ min; arbitrary set Tensile&hellip;","_links":{"self":[{"href":"http:\/\/www.waltec.com.cn\/es\/wp-json\/wp\/v2\/product\/2342","targetHints":{"allow":["GET"]}}],"collection":[{"href":"http:\/\/www.waltec.com.cn\/es\/wp-json\/wp\/v2\/product"}],"about":[{"href":"http:\/\/www.waltec.com.cn\/es\/wp-json\/wp\/v2\/types\/product"}],"wp:featuredmedia":[{"embeddable":true,"href":"http:\/\/www.waltec.com.cn\/es\/wp-json\/wp\/v2\/media\/2344"}],"wp:attachment":[{"href":"http:\/\/www.waltec.com.cn\/es\/wp-json\/wp\/v2\/media?parent=2342"}],"wp:term":[{"taxonomy":"product_cat","embeddable":true,"href":"http:\/\/www.waltec.com.cn\/es\/wp-json\/wp\/v2\/product_cat?post=2342"},{"taxonomy":"product_tag","embeddable":true,"href":"http:\/\/www.waltec.com.cn\/es\/wp-json\/wp\/v2\/product_tag?post=2342"}],"curies":[{"name":"wp","href":"https:\/\/api.w.org\/{rel}","templated":true}]}}