{"id":2348,"date":"2025-02-26T11:08:42","date_gmt":"2025-02-26T03:08:42","guid":{"rendered":"http:\/\/www.waltec.com.cn\/?post_type=product&#038;p=2348"},"modified":"2025-02-26T11:10:01","modified_gmt":"2025-02-26T03:10:01","slug":"waw-series-microcomputer-controlled-electro-hydraulic-servo-universal-testing-machine","status":"publish","type":"product","link":"http:\/\/www.waltec.com.cn\/es\/producto\/waw-series-microcomputer-controlled-electro-hydraulic-servo-universal-testing-machine\/","title":{"rendered":"M\u00e1quina de prueba universal servo electrohidr\u00e1ulica controlada por microcomputadora serie WAW"},"content":{"rendered":"<p>Se utiliza principalmente para ensayos de tracci\u00f3n de materiales y componentes met\u00e1licos. Control y retenci\u00f3n de la tasa de tensi\u00f3n (fuerza) controlados por microordenador, control y retenci\u00f3n de la tasa de deformaci\u00f3n (deformaci\u00f3n), control y retenci\u00f3n de la tasa de desplazamiento. Puede probar la resistencia a la tracci\u00f3n, el l\u00edmite el\u00e1stico, la resistencia a la extensi\u00f3n pl\u00e1stica especificada, el m\u00f3dulo el\u00e1stico, el alargamiento despu\u00e9s de la fractura y otros \u00edndices de propiedades mec\u00e1nicas del material. Adopta sujeci\u00f3n hidr\u00e1ulica. Los resultados de las pruebas se almacenan autom\u00e1ticamente y los informes de las pruebas (datos de prueba y curvas de prueba) se generan e imprimen autom\u00e1ticamente.<\/p>\n<table border=\"1px solid black\" width=\"100%\">\n<tbody>\n<tr>\n<td width=\"136\">Modelo<\/td>\n<td width=\"98\">WAW-2000D<\/td>\n<td width=\"77\">WAW-1000D<\/td>\n<td width=\"85\">WAW-600D<\/td>\n<td width=\"100\">WAW-600B<\/td>\n<td width=\"94\">WAW-300B<\/td>\n<\/tr>\n<tr>\n<td width=\"136\">Exactitud<\/td>\n<td colspan=\"5\" width=\"457\">0.5\/1<\/td>\n<\/tr>\n<tr>\n<td width=\"136\">Rango<\/td>\n<td colspan=\"5\" width=\"457\">2%\u00a0&#8211;\u00a0100%<\/td>\n<\/tr>\n<tr>\n<td width=\"136\">Control de la tasa de estr\u00e9s<\/td>\n<td colspan=\"5\" width=\"457\">1MPa\/s\u00a0&#8211;\u00a060MPa\/s<\/td>\n<\/tr>\n<tr>\n<td width=\"136\">Control de la velocidad de deformaci\u00f3n<\/td>\n<td colspan=\"5\" width=\"457\">0.00025\/s\u00a0&#8211;\u00a00.0025\/s<\/td>\n<\/tr>\n<tr>\n<td width=\"136\">Precisi\u00f3n del control de la velocidad de desplazamiento<\/td>\n<td colspan=\"5\" width=\"457\">\u00b10.5%\/\u00b11%<\/td>\n<\/tr>\n<tr>\n<td width=\"136\">Espacio de tracci\u00f3n (mm)<\/td>\n<td width=\"98\">1300<\/td>\n<td width=\"77\">700<\/td>\n<td width=\"85\">650<\/td>\n<td width=\"100\">650<\/td>\n<td width=\"94\">650<\/td>\n<\/tr>\n<tr>\n<td width=\"136\">Espacio de compresi\u00f3n (mm)<\/td>\n<td width=\"98\">1000<\/td>\n<td width=\"77\">550<\/td>\n<td width=\"85\">550<\/td>\n<td width=\"100\">550<\/td>\n<td width=\"94\">500<\/td>\n<\/tr>\n<tr>\n<td width=\"136\">Espacio entre columnas (mm)<\/td>\n<td width=\"98\">745<\/td>\n<td width=\"77\">550<\/td>\n<td width=\"85\">480<\/td>\n<td width=\"100\">430<\/td>\n<td width=\"94\">430<\/td>\n<\/tr>\n<tr>\n<td width=\"136\">Muestra redonda (mm)<\/td>\n<td width=\"98\">\u03c620-\u03c665<\/td>\n<td width=\"77\">\u03c66-\u03c645<\/td>\n<td width=\"85\">\u03c66-\u03c640<\/td>\n<td width=\"100\">\u03c66-\u03c640<\/td>\n<td width=\"94\">\u03c66-\u03c626<\/td>\n<\/tr>\n<tr>\n<td width=\"136\">Muestra plana (mm)<\/td>\n<td width=\"98\">0-50<\/td>\n<td width=\"77\">0-30<\/td>\n<td width=\"85\">0-30<\/td>\n<td width=\"100\">0-30<\/td>\n<td width=\"94\">0-30<\/td>\n<\/tr>\n<tr>\n<td width=\"136\">Plato de compresi\u00f3n (mm)<\/td>\n<td width=\"98\">\u03c6300<\/td>\n<td width=\"77\">\u03c6155<\/td>\n<td width=\"85\">\u03c6155<\/td>\n<td width=\"100\">\u03c6155<\/td>\n<td width=\"94\">\u03c6155<\/td>\n<\/tr>\n<tr>\n<td width=\"136\">Tama\u00f1o del host (m)<\/td>\n<td width=\"98\">\uff5e1.2*0.8*3.3<\/td>\n<td width=\"77\">\uff5e0.9*0.8*2.3<\/td>\n<td width=\"85\">\uff5e0.8*0.7*2.2<\/td>\n<td width=\"100\">\uff5e0.8*0.6*2.2<\/td>\n<td width=\"94\">\uff5e0.8*0.6*2.2<\/td>\n<\/tr>\n<tr>\n<td width=\"136\">Gabinete de control de HPU (m)<\/td>\n<td colspan=\"5\" width=\"457\">1.1*0.8*1.0<\/td>\n<\/tr>\n<tr>\n<td width=\"136\">Potencia del motor (kW)<\/td>\n<td width=\"98\">4<\/td>\n<td width=\"77\">2<\/td>\n<td width=\"85\">2<\/td>\n<td width=\"100\">2<\/td>\n<td width=\"94\">1.5<\/td>\n<\/tr>\n<tr>\n<td width=\"136\">Peso (kg)<\/td>\n<td width=\"98\">\uff5e9000<\/td>\n<td width=\"77\">\uff5e3200<\/td>\n<td width=\"85\">\uff5e2300<\/td>\n<td width=\"100\">\uff5e2000<\/td>\n<td width=\"94\">\uff5e1600<\/td>\n<\/tr>\n<\/tbody>\n<\/table>","protected":false},"excerpt":{"rendered":"<p>It is mainly used for tensile test of metal materials and components. Microcomputer controlled stress (force) rate control and holding, strain (deformation) rate control and holding, displacement rate control and holding. It can test tensile strength, yield strength, specified plastic extension strength, elastic modulus, elongation after fracture and other material mechanical property indexes. Adopt hydraulic [&hellip;]<\/p>","protected":false},"featured_media":2345,"template":"","meta":{"_uag_custom_page_level_css":"","site-sidebar-layout":"default","site-content-layout":"","ast-site-content-layout":"default","site-content-style":"default","site-sidebar-style":"default","ast-global-header-display":"","ast-banner-title-visibility":"","ast-main-header-display":"","ast-hfb-above-header-display":"","ast-hfb-below-header-display":"","ast-hfb-mobile-header-display":"","site-post-title":"","ast-breadcrumbs-content":"","ast-featured-img":"","footer-sml-layout":"","theme-transparent-header-meta":"default","adv-header-id-meta":"","stick-header-meta":"","header-above-stick-meta":"","header-main-stick-meta":"","header-below-stick-meta":"","astra-migrate-meta-layouts":"set","ast-page-background-enabled":"default","ast-page-background-meta":{"desktop":{"background-color":"var(--ast-global-color-4)","background-image":"","background-repeat":"repeat","background-position":"center center","background-size":"auto","background-attachment":"scroll","background-type":"","background-media":"","overlay-type":"","overlay-color":"","overlay-opacity":"","overlay-gradient":""},"tablet":{"background-color":"","background-image":"","background-repeat":"repeat","background-position":"center center","background-size":"auto","background-attachment":"scroll","background-type":"","background-media":"","overlay-type":"","overlay-color":"","overlay-opacity":"","overlay-gradient":""},"mobile":{"background-color":"","background-image":"","background-repeat":"repeat","background-position":"center center","background-size":"auto","background-attachment":"scroll","background-type":"","background-media":"","overlay-type":"","overlay-color":"","overlay-opacity":"","overlay-gradient":""}},"ast-content-background-meta":{"desktop":{"background-color":"var(--ast-global-color-5)","background-image":"","background-repeat":"repeat","background-position":"center center","background-size":"auto","background-attachment":"scroll","background-type":"","background-media":"","overlay-type":"","overlay-color":"","overlay-opacity":"","overlay-gradient":""},"tablet":{"background-color":"var(--ast-global-color-5)","background-image":"","background-repeat":"repeat","background-position":"center center","background-size":"auto","background-attachment":"scroll","background-type":"","background-media":"","overlay-type":"","overlay-color":"","overlay-opacity":"","overlay-gradient":""},"mobile":{"background-color":"var(--ast-global-color-5)","background-image":"","background-repeat":"repeat","background-position":"center center","background-size":"auto","background-attachment":"scroll","background-type":"","background-media":"","overlay-type":"","overlay-color":"","overlay-opacity":"","overlay-gradient":""}}},"product_cat":[25],"product_tag":[],"class_list":{"0":"post-2348","1":"product","2":"type-product","3":"status-publish","4":"has-post-thumbnail","6":"product_cat-testing-machines","7":"desktop-align-left","8":"tablet-align-left","9":"mobile-align-left","11":"first","12":"instock","13":"shipping-taxable","14":"product-type-simple"},"yoast_head":"<!-- This site is optimized with the Yoast SEO Premium plugin v22.5 (Yoast SEO v24.3) - https:\/\/yoast.com\/wordpress\/plugins\/seo\/ -->\r\n<title>WAW series microcomputer controlled electro-hydraulic servo universal testing machine - Jswaltec Testing machine<\/title>\r\n<meta name=\"description\" content=\"WAW series microcomputer controlled electro-hydraulic servo universal testing machine\" \/>\r\n<meta name=\"robots\" content=\"index, follow, max-snippet:-1, max-image-preview:large, max-video-preview:-1\" \/>\r\n<link rel=\"canonical\" href=\"http:\/\/www.waltec.com.cn\/es\/producto\/waw-series-microcomputer-controlled-electro-hydraulic-servo-universal-testing-machine\/\" \/>\r\n<meta property=\"og:locale\" content=\"es_ES\" \/>\r\n<meta property=\"og:type\" content=\"article\" \/>\r\n<meta property=\"og:title\" content=\"WAW series microcomputer controlled electro-hydraulic servo universal testing machine\" \/>\r\n<meta property=\"og:description\" content=\"WAW series microcomputer controlled electro-hydraulic servo universal testing machine\" \/>\r\n<meta property=\"og:url\" content=\"http:\/\/www.waltec.com.cn\/es\/producto\/waw-series-microcomputer-controlled-electro-hydraulic-servo-universal-testing-machine\/\" \/>\r\n<meta property=\"og:site_name\" content=\"Jswaltec Testing machine\" \/>\r\n<meta property=\"article:modified_time\" content=\"2025-02-26T03:10:01+00:00\" \/>\r\n<meta property=\"og:image\" content=\"http:\/\/www.waltec.com.cn\/wp-content\/uploads\/2025\/02\/WAW-series-microcomputer-controlled.webp\" \/>\r\n\t<meta property=\"og:image:width\" content=\"451\" \/>\r\n\t<meta property=\"og:image:height\" content=\"404\" \/>\r\n\t<meta property=\"og:image:type\" content=\"image\/webp\" \/>\r\n<meta name=\"twitter:card\" content=\"summary_large_image\" \/>\r\n<meta name=\"twitter:label1\" content=\"Tiempo de lectura\" \/>\n\t<meta name=\"twitter:data1\" content=\"1 minuto\" \/>\r\n<script type=\"application\/ld+json\" class=\"yoast-schema-graph\">{\"@context\":\"https:\/\/schema.org\",\"@graph\":[{\"@type\":\"WebPage\",\"@id\":\"http:\/\/www.waltec.com.cn\/product\/waw-series-microcomputer-controlled-electro-hydraulic-servo-universal-testing-machine\/\",\"url\":\"http:\/\/www.waltec.com.cn\/product\/waw-series-microcomputer-controlled-electro-hydraulic-servo-universal-testing-machine\/\",\"name\":\"WAW series microcomputer controlled electro-hydraulic servo universal testing machine - Jswaltec Testing machine\",\"isPartOf\":{\"@id\":\"http:\/\/www.waltec.com.cn\/#website\"},\"primaryImageOfPage\":{\"@id\":\"http:\/\/www.waltec.com.cn\/product\/waw-series-microcomputer-controlled-electro-hydraulic-servo-universal-testing-machine\/#primaryimage\"},\"image\":{\"@id\":\"http:\/\/www.waltec.com.cn\/product\/waw-series-microcomputer-controlled-electro-hydraulic-servo-universal-testing-machine\/#primaryimage\"},\"thumbnailUrl\":\"http:\/\/www.waltec.com.cn\/wp-content\/uploads\/2025\/02\/WAW-series-microcomputer-controlled.webp\",\"datePublished\":\"2025-02-26T03:08:42+00:00\",\"dateModified\":\"2025-02-26T03:10:01+00:00\",\"description\":\"WAW series microcomputer controlled electro-hydraulic servo universal testing machine\",\"breadcrumb\":{\"@id\":\"http:\/\/www.waltec.com.cn\/product\/waw-series-microcomputer-controlled-electro-hydraulic-servo-universal-testing-machine\/#breadcrumb\"},\"inLanguage\":\"es\",\"potentialAction\":[{\"@type\":\"ReadAction\",\"target\":[\"http:\/\/www.waltec.com.cn\/product\/waw-series-microcomputer-controlled-electro-hydraulic-servo-universal-testing-machine\/\"]}]},{\"@type\":\"ImageObject\",\"inLanguage\":\"es\",\"@id\":\"http:\/\/www.waltec.com.cn\/product\/waw-series-microcomputer-controlled-electro-hydraulic-servo-universal-testing-machine\/#primaryimage\",\"url\":\"http:\/\/www.waltec.com.cn\/wp-content\/uploads\/2025\/02\/WAW-series-microcomputer-controlled.webp\",\"contentUrl\":\"http:\/\/www.waltec.com.cn\/wp-content\/uploads\/2025\/02\/WAW-series-microcomputer-controlled.webp\",\"width\":451,\"height\":404},{\"@type\":\"BreadcrumbList\",\"@id\":\"http:\/\/www.waltec.com.cn\/product\/waw-series-microcomputer-controlled-electro-hydraulic-servo-universal-testing-machine\/#breadcrumb\",\"itemListElement\":[{\"@type\":\"ListItem\",\"position\":1,\"name\":\"Home\",\"item\":\"http:\/\/www.waltec.com.cn\/\"},{\"@type\":\"ListItem\",\"position\":2,\"name\":\"Products\",\"item\":\"http:\/\/www.waltec.com.cn\/shop\/\"},{\"@type\":\"ListItem\",\"position\":3,\"name\":\"WAW series microcomputer controlled electro-hydraulic servo universal testing machine\"}]},{\"@type\":\"WebSite\",\"@id\":\"http:\/\/www.waltec.com.cn\/#website\",\"url\":\"http:\/\/www.waltec.com.cn\/\",\"name\":\"Jswaltec Testing machine\",\"description\":\"\",\"publisher\":{\"@id\":\"http:\/\/www.waltec.com.cn\/#organization\"},\"potentialAction\":[{\"@type\":\"SearchAction\",\"target\":{\"@type\":\"EntryPoint\",\"urlTemplate\":\"http:\/\/www.waltec.com.cn\/?s={search_term_string}\"},\"query-input\":{\"@type\":\"PropertyValueSpecification\",\"valueRequired\":true,\"valueName\":\"search_term_string\"}}],\"inLanguage\":\"es\"},{\"@type\":\"Organization\",\"@id\":\"http:\/\/www.waltec.com.cn\/#organization\",\"name\":\"JIANGSU WALLONG-HSIN MACHINERY ENGINEERING CORPORATION LTD.\",\"url\":\"http:\/\/www.waltec.com.cn\/\",\"logo\":{\"@type\":\"ImageObject\",\"inLanguage\":\"es\",\"@id\":\"http:\/\/www.waltec.com.cn\/#\/schema\/logo\/image\/\",\"url\":\"http:\/\/www.waltec.com.cn\/wp-content\/uploads\/2024\/08\/01.jpg\",\"contentUrl\":\"http:\/\/www.waltec.com.cn\/wp-content\/uploads\/2024\/08\/01.jpg\",\"width\":1217,\"height\":221,\"caption\":\"JIANGSU WALLONG-HSIN MACHINERY ENGINEERING CORPORATION LTD.\"},\"image\":{\"@id\":\"http:\/\/www.waltec.com.cn\/#\/schema\/logo\/image\/\"}}]}<\/script>\r\n<!-- \/ Yoast SEO Premium plugin. -->","yoast_head_json":{"title":"WAW series microcomputer controlled electro-hydraulic servo universal testing machine - Jswaltec Testing machine","description":"WAW series microcomputer controlled electro-hydraulic servo universal testing machine","robots":{"index":"index","follow":"follow","max-snippet":"max-snippet:-1","max-image-preview":"max-image-preview:large","max-video-preview":"max-video-preview:-1"},"canonical":"http:\/\/www.waltec.com.cn\/es\/producto\/waw-series-microcomputer-controlled-electro-hydraulic-servo-universal-testing-machine\/","og_locale":"es_ES","og_type":"article","og_title":"WAW series microcomputer controlled electro-hydraulic servo universal testing machine","og_description":"WAW series microcomputer controlled electro-hydraulic servo universal testing machine","og_url":"http:\/\/www.waltec.com.cn\/es\/producto\/waw-series-microcomputer-controlled-electro-hydraulic-servo-universal-testing-machine\/","og_site_name":"Jswaltec Testing machine","article_modified_time":"2025-02-26T03:10:01+00:00","og_image":[{"width":451,"height":404,"url":"http:\/\/www.waltec.com.cn\/wp-content\/uploads\/2025\/02\/WAW-series-microcomputer-controlled.webp","type":"image\/webp"}],"twitter_card":"summary_large_image","twitter_misc":{"Tiempo de lectura":"1 minuto"},"schema":{"@context":"https:\/\/schema.org","@graph":[{"@type":"WebPage","@id":"http:\/\/www.waltec.com.cn\/product\/waw-series-microcomputer-controlled-electro-hydraulic-servo-universal-testing-machine\/","url":"http:\/\/www.waltec.com.cn\/product\/waw-series-microcomputer-controlled-electro-hydraulic-servo-universal-testing-machine\/","name":"WAW series microcomputer controlled electro-hydraulic servo universal testing machine - Jswaltec Testing machine","isPartOf":{"@id":"http:\/\/www.waltec.com.cn\/#website"},"primaryImageOfPage":{"@id":"http:\/\/www.waltec.com.cn\/product\/waw-series-microcomputer-controlled-electro-hydraulic-servo-universal-testing-machine\/#primaryimage"},"image":{"@id":"http:\/\/www.waltec.com.cn\/product\/waw-series-microcomputer-controlled-electro-hydraulic-servo-universal-testing-machine\/#primaryimage"},"thumbnailUrl":"http:\/\/www.waltec.com.cn\/wp-content\/uploads\/2025\/02\/WAW-series-microcomputer-controlled.webp","datePublished":"2025-02-26T03:08:42+00:00","dateModified":"2025-02-26T03:10:01+00:00","description":"WAW series microcomputer controlled electro-hydraulic servo universal testing machine","breadcrumb":{"@id":"http:\/\/www.waltec.com.cn\/product\/waw-series-microcomputer-controlled-electro-hydraulic-servo-universal-testing-machine\/#breadcrumb"},"inLanguage":"es","potentialAction":[{"@type":"ReadAction","target":["http:\/\/www.waltec.com.cn\/product\/waw-series-microcomputer-controlled-electro-hydraulic-servo-universal-testing-machine\/"]}]},{"@type":"ImageObject","inLanguage":"es","@id":"http:\/\/www.waltec.com.cn\/product\/waw-series-microcomputer-controlled-electro-hydraulic-servo-universal-testing-machine\/#primaryimage","url":"http:\/\/www.waltec.com.cn\/wp-content\/uploads\/2025\/02\/WAW-series-microcomputer-controlled.webp","contentUrl":"http:\/\/www.waltec.com.cn\/wp-content\/uploads\/2025\/02\/WAW-series-microcomputer-controlled.webp","width":451,"height":404},{"@type":"BreadcrumbList","@id":"http:\/\/www.waltec.com.cn\/product\/waw-series-microcomputer-controlled-electro-hydraulic-servo-universal-testing-machine\/#breadcrumb","itemListElement":[{"@type":"ListItem","position":1,"name":"Home","item":"http:\/\/www.waltec.com.cn\/"},{"@type":"ListItem","position":2,"name":"Products","item":"http:\/\/www.waltec.com.cn\/shop\/"},{"@type":"ListItem","position":3,"name":"WAW series microcomputer controlled electro-hydraulic servo universal testing machine"}]},{"@type":"WebSite","@id":"http:\/\/www.waltec.com.cn\/#website","url":"http:\/\/www.waltec.com.cn\/","name":"Jswaltec Testing machine","description":"","publisher":{"@id":"http:\/\/www.waltec.com.cn\/#organization"},"potentialAction":[{"@type":"SearchAction","target":{"@type":"EntryPoint","urlTemplate":"http:\/\/www.waltec.com.cn\/?s={search_term_string}"},"query-input":{"@type":"PropertyValueSpecification","valueRequired":true,"valueName":"search_term_string"}}],"inLanguage":"es"},{"@type":"Organization","@id":"http:\/\/www.waltec.com.cn\/#organization","name":"JIANGSU WALLONG-HSIN MACHINERY ENGINEERING CORPORATION LTD.","url":"http:\/\/www.waltec.com.cn\/","logo":{"@type":"ImageObject","inLanguage":"es","@id":"http:\/\/www.waltec.com.cn\/#\/schema\/logo\/image\/","url":"http:\/\/www.waltec.com.cn\/wp-content\/uploads\/2024\/08\/01.jpg","contentUrl":"http:\/\/www.waltec.com.cn\/wp-content\/uploads\/2024\/08\/01.jpg","width":1217,"height":221,"caption":"JIANGSU WALLONG-HSIN MACHINERY ENGINEERING CORPORATION LTD."},"image":{"@id":"http:\/\/www.waltec.com.cn\/#\/schema\/logo\/image\/"}}]}},"uagb_featured_image_src":{"full":["http:\/\/www.waltec.com.cn\/wp-content\/uploads\/2025\/02\/WAW-series-microcomputer-controlled.webp",451,404,false],"thumbnail":["http:\/\/www.waltec.com.cn\/wp-content\/uploads\/2025\/02\/WAW-series-microcomputer-controlled.webp",150,134,false],"medium":["http:\/\/www.waltec.com.cn\/wp-content\/uploads\/2025\/02\/WAW-series-microcomputer-controlled.webp",300,269,false],"medium_large":["http:\/\/www.waltec.com.cn\/wp-content\/uploads\/2025\/02\/WAW-series-microcomputer-controlled.webp",451,404,false],"large":["http:\/\/www.waltec.com.cn\/wp-content\/uploads\/2025\/02\/WAW-series-microcomputer-controlled.webp",451,404,false],"1536x1536":["http:\/\/www.waltec.com.cn\/wp-content\/uploads\/2025\/02\/WAW-series-microcomputer-controlled.webp",451,404,false],"2048x2048":["http:\/\/www.waltec.com.cn\/wp-content\/uploads\/2025\/02\/WAW-series-microcomputer-controlled.webp",451,404,false],"trp-custom-language-flag":["http:\/\/www.waltec.com.cn\/wp-content\/uploads\/2025\/02\/WAW-series-microcomputer-controlled.webp",13,12,false],"woocommerce_thumbnail":["http:\/\/www.waltec.com.cn\/wp-content\/uploads\/2025\/02\/WAW-series-microcomputer-controlled-300x300.webp",300,300,true],"woocommerce_single":["http:\/\/www.waltec.com.cn\/wp-content\/uploads\/2025\/02\/WAW-series-microcomputer-controlled.webp",451,404,false],"woocommerce_gallery_thumbnail":["http:\/\/www.waltec.com.cn\/wp-content\/uploads\/2025\/02\/WAW-series-microcomputer-controlled-100x100.webp",100,100,true]},"uagb_author_info":{"display_name":"Jswaltec","author_link":"http:\/\/www.waltec.com.cn\/es\/author\/"},"uagb_comment_info":0,"uagb_excerpt":"It is mainly used for tensile test of metal materials and components. Microcomputer controlled stress (force) rate control and holding, strain (deformation) rate control and holding, displacement rate control and holding. It can test tensile strength, yield strength, specified plastic extension strength, elastic modulus, elongation after fracture and other material mechanical property indexes. Adopt hydraulic&hellip;","_links":{"self":[{"href":"http:\/\/www.waltec.com.cn\/es\/wp-json\/wp\/v2\/product\/2348","targetHints":{"allow":["GET"]}}],"collection":[{"href":"http:\/\/www.waltec.com.cn\/es\/wp-json\/wp\/v2\/product"}],"about":[{"href":"http:\/\/www.waltec.com.cn\/es\/wp-json\/wp\/v2\/types\/product"}],"wp:featuredmedia":[{"embeddable":true,"href":"http:\/\/www.waltec.com.cn\/es\/wp-json\/wp\/v2\/media\/2345"}],"wp:attachment":[{"href":"http:\/\/www.waltec.com.cn\/es\/wp-json\/wp\/v2\/media?parent=2348"}],"wp:term":[{"taxonomy":"product_cat","embeddable":true,"href":"http:\/\/www.waltec.com.cn\/es\/wp-json\/wp\/v2\/product_cat?post=2348"},{"taxonomy":"product_tag","embeddable":true,"href":"http:\/\/www.waltec.com.cn\/es\/wp-json\/wp\/v2\/product_tag?post=2348"}],"curies":[{"name":"wp","href":"https:\/\/api.w.org\/{rel}","templated":true}]}}