{"id":2352,"date":"2025-02-26T11:49:05","date_gmt":"2025-02-26T03:49:05","guid":{"rendered":"http:\/\/www.waltec.com.cn\/?post_type=product&#038;p=2352"},"modified":"2025-02-26T11:49:45","modified_gmt":"2025-02-26T03:49:45","slug":"yaw-300b-300c-automatic-compression-testing-machine","status":"publish","type":"product","link":"http:\/\/www.waltec.com.cn\/es\/producto\/yaw-300b-300c-automatic-compression-testing-machine\/","title":{"rendered":"M\u00e1quina de prueba de compresi\u00f3n autom\u00e1tica YAW-300B\/300C"},"content":{"rendered":"<p>La m\u00e1quina de prueba de compresi\u00f3n autom\u00e1tica YAW-300B\/300C se utiliza principalmente para pruebas de compresi\u00f3n y flexi\u00f3n de productos de cemento, y tambi\u00e9n se puede utilizar para pruebas de compresi\u00f3n y flexi\u00f3n de otros materiales. Modo de control de velocidad de prueba: carga de velocidad constante controlada por microcomputadora.<\/p>\n<table border=\"1px solid black\">\n<tbody>\n<tr>\n<td width=\"189\">Modelo<\/td>\n<td width=\"189\">YAW-300B<\/td>\n<td width=\"189\">YAW-300C<\/td>\n<\/tr>\n<tr>\n<td width=\"189\">Capacidad<\/td>\n<td width=\"189\">300KN<\/td>\n<td width=\"189\">300KN\/10KN<\/td>\n<\/tr>\n<tr>\n<td width=\"189\">Rango<\/td>\n<td width=\"189\">2%-100%FS<\/td>\n<td width=\"189\">2%-100%FS<\/td>\n<\/tr>\n<tr>\n<td width=\"189\">Error relativo de fuerza<\/td>\n<td width=\"189\">\u2264\u00b11%<\/td>\n<td width=\"189\">\u2264\u00b11%<\/td>\n<\/tr>\n<tr>\n<td width=\"189\">Velocidad de carga<\/td>\n<td width=\"189\">0.3~10<\/td>\n<td width=\"189\">0.3~10\/1-50N<\/td>\n<\/tr>\n<tr>\n<td width=\"189\">error de velocidad de carga<\/td>\n<td width=\"189\">\u00b10.5%<\/td>\n<td width=\"189\">\u00b10.5%<\/td>\n<\/tr>\n<tr>\n<td width=\"189\">Tama\u00f1o de la placa (mm)<\/td>\n<td width=\"189\">\u03a6155(compression)<\/td>\n<td width=\"189\">\u03a6155\/80&#215;150(Flexture)<\/td>\n<\/tr>\n<tr>\n<td width=\"189\">M\u00e1x. carrera del pist\u00f3n<\/td>\n<td width=\"189\">80<\/td>\n<td width=\"189\">80<\/td>\n<\/tr>\n<tr>\n<td width=\"189\">Potencia del motor (kW)<\/td>\n<td width=\"189\">0.75<\/td>\n<td width=\"189\">0.75<\/td>\n<\/tr>\n<tr>\n<td width=\"189\">Tama\u00f1o del host (m)<\/td>\n<td width=\"189\">\uff5e820x450x1300<\/td>\n<td width=\"189\">\uff5e820x450x1300<\/td>\n<\/tr>\n<tr>\n<td width=\"189\">Peso (kg)<\/td>\n<td width=\"189\">\uff5e500<\/td>\n<td width=\"189\">\uff5e500<\/td>\n<\/tr>\n<\/tbody>\n<\/table>","protected":false},"excerpt":{"rendered":"<p>YAW-300B\/300C automatic compression testing machine is mainly used for compressive and flexural tests of cement products, and can also be used for compressive and flexural tests of other materials. Test rate control mode: microcomputer controlled constant speed loading. Model YAW-300B YAW-300C Capacity 300KN 300KN\/10KN Range 2%-100%FS 2%-100%FS Relative error of force \u2264\u00b11% \u2264\u00b11% Load speed [&hellip;]<\/p>","protected":false},"featured_media":2346,"template":"","meta":{"_uag_custom_page_level_css":"","site-sidebar-layout":"default","site-content-layout":"","ast-site-content-layout":"default","site-content-style":"default","site-sidebar-style":"default","ast-global-header-display":"","ast-banner-title-visibility":"","ast-main-header-display":"","ast-hfb-above-header-display":"","ast-hfb-below-header-display":"","ast-hfb-mobile-header-display":"","site-post-title":"","ast-breadcrumbs-content":"","ast-featured-img":"","footer-sml-layout":"","theme-transparent-header-meta":"default","adv-header-id-meta":"","stick-header-meta":"","header-above-stick-meta":"","header-main-stick-meta":"","header-below-stick-meta":"","astra-migrate-meta-layouts":"set","ast-page-background-enabled":"default","ast-page-background-meta":{"desktop":{"background-color":"var(--ast-global-color-4)","background-image":"","background-repeat":"repeat","background-position":"center center","background-size":"auto","background-attachment":"scroll","background-type":"","background-media":"","overlay-type":"","overlay-color":"","overlay-opacity":"","overlay-gradient":""},"tablet":{"background-color":"","background-image":"","background-repeat":"repeat","background-position":"center center","background-size":"auto","background-attachment":"scroll","background-type":"","background-media":"","overlay-type":"","overlay-color":"","overlay-opacity":"","overlay-gradient":""},"mobile":{"background-color":"","background-image":"","background-repeat":"repeat","background-position":"center center","background-size":"auto","background-attachment":"scroll","background-type":"","background-media":"","overlay-type":"","overlay-color":"","overlay-opacity":"","overlay-gradient":""}},"ast-content-background-meta":{"desktop":{"background-color":"var(--ast-global-color-5)","background-image":"","background-repeat":"repeat","background-position":"center center","background-size":"auto","background-attachment":"scroll","background-type":"","background-media":"","overlay-type":"","overlay-color":"","overlay-opacity":"","overlay-gradient":""},"tablet":{"background-color":"var(--ast-global-color-5)","background-image":"","background-repeat":"repeat","background-position":"center center","background-size":"auto","background-attachment":"scroll","background-type":"","background-media":"","overlay-type":"","overlay-color":"","overlay-opacity":"","overlay-gradient":""},"mobile":{"background-color":"var(--ast-global-color-5)","background-image":"","background-repeat":"repeat","background-position":"center center","background-size":"auto","background-attachment":"scroll","background-type":"","background-media":"","overlay-type":"","overlay-color":"","overlay-opacity":"","overlay-gradient":""}}},"product_cat":[25],"product_tag":[],"class_list":{"0":"post-2352","1":"product","2":"type-product","3":"status-publish","4":"has-post-thumbnail","6":"product_cat-testing-machines","7":"desktop-align-left","8":"tablet-align-left","9":"mobile-align-left","11":"first","12":"instock","13":"shipping-taxable","14":"product-type-simple"},"yoast_head":"<!-- This site is optimized with the Yoast SEO Premium plugin v22.5 (Yoast SEO v24.3) - https:\/\/yoast.com\/wordpress\/plugins\/seo\/ -->\r\n<title>YAW-300B\/300C automatic compression testing machine - Jswaltec Testing machine<\/title>\r\n<meta name=\"description\" content=\"YAW-300B\/300C automatic compression testing machine\" \/>\r\n<meta name=\"robots\" content=\"index, follow, max-snippet:-1, max-image-preview:large, max-video-preview:-1\" \/>\r\n<link rel=\"canonical\" href=\"http:\/\/www.waltec.com.cn\/es\/producto\/yaw-300b-300c-automatic-compression-testing-machine\/\" \/>\r\n<meta property=\"og:locale\" content=\"es_ES\" \/>\r\n<meta property=\"og:type\" content=\"article\" \/>\r\n<meta property=\"og:title\" content=\"YAW-300B\/300C automatic compression testing machine\" \/>\r\n<meta property=\"og:description\" content=\"YAW-300B\/300C automatic compression testing machine\" \/>\r\n<meta property=\"og:url\" content=\"http:\/\/www.waltec.com.cn\/es\/producto\/yaw-300b-300c-automatic-compression-testing-machine\/\" \/>\r\n<meta property=\"og:site_name\" content=\"Jswaltec Testing machine\" \/>\r\n<meta property=\"article:modified_time\" content=\"2025-02-26T03:49:45+00:00\" \/>\r\n<meta property=\"og:image\" content=\"http:\/\/www.waltec.com.cn\/wp-content\/uploads\/2025\/02\/YAW-300B.webp\" \/>\r\n\t<meta property=\"og:image:width\" content=\"451\" \/>\r\n\t<meta property=\"og:image:height\" content=\"404\" \/>\r\n\t<meta property=\"og:image:type\" content=\"image\/webp\" \/>\r\n<meta name=\"twitter:card\" content=\"summary_large_image\" \/>\r\n<meta name=\"twitter:label1\" content=\"Tiempo de lectura\" \/>\n\t<meta name=\"twitter:data1\" content=\"1 minuto\" \/>\r\n<script type=\"application\/ld+json\" class=\"yoast-schema-graph\">{\"@context\":\"https:\/\/schema.org\",\"@graph\":[{\"@type\":\"WebPage\",\"@id\":\"http:\/\/www.waltec.com.cn\/product\/yaw-300b-300c-automatic-compression-testing-machine\/\",\"url\":\"http:\/\/www.waltec.com.cn\/product\/yaw-300b-300c-automatic-compression-testing-machine\/\",\"name\":\"YAW-300B\/300C automatic compression testing machine - Jswaltec Testing machine\",\"isPartOf\":{\"@id\":\"http:\/\/www.waltec.com.cn\/#website\"},\"primaryImageOfPage\":{\"@id\":\"http:\/\/www.waltec.com.cn\/product\/yaw-300b-300c-automatic-compression-testing-machine\/#primaryimage\"},\"image\":{\"@id\":\"http:\/\/www.waltec.com.cn\/product\/yaw-300b-300c-automatic-compression-testing-machine\/#primaryimage\"},\"thumbnailUrl\":\"http:\/\/www.waltec.com.cn\/wp-content\/uploads\/2025\/02\/YAW-300B.webp\",\"datePublished\":\"2025-02-26T03:49:05+00:00\",\"dateModified\":\"2025-02-26T03:49:45+00:00\",\"description\":\"YAW-300B\/300C automatic compression testing machine\",\"breadcrumb\":{\"@id\":\"http:\/\/www.waltec.com.cn\/product\/yaw-300b-300c-automatic-compression-testing-machine\/#breadcrumb\"},\"inLanguage\":\"es\",\"potentialAction\":[{\"@type\":\"ReadAction\",\"target\":[\"http:\/\/www.waltec.com.cn\/product\/yaw-300b-300c-automatic-compression-testing-machine\/\"]}]},{\"@type\":\"ImageObject\",\"inLanguage\":\"es\",\"@id\":\"http:\/\/www.waltec.com.cn\/product\/yaw-300b-300c-automatic-compression-testing-machine\/#primaryimage\",\"url\":\"http:\/\/www.waltec.com.cn\/wp-content\/uploads\/2025\/02\/YAW-300B.webp\",\"contentUrl\":\"http:\/\/www.waltec.com.cn\/wp-content\/uploads\/2025\/02\/YAW-300B.webp\",\"width\":451,\"height\":404},{\"@type\":\"BreadcrumbList\",\"@id\":\"http:\/\/www.waltec.com.cn\/product\/yaw-300b-300c-automatic-compression-testing-machine\/#breadcrumb\",\"itemListElement\":[{\"@type\":\"ListItem\",\"position\":1,\"name\":\"Home\",\"item\":\"http:\/\/www.waltec.com.cn\/\"},{\"@type\":\"ListItem\",\"position\":2,\"name\":\"Products\",\"item\":\"http:\/\/www.waltec.com.cn\/shop\/\"},{\"@type\":\"ListItem\",\"position\":3,\"name\":\"YAW-300B\/300C automatic compression testing machine\"}]},{\"@type\":\"WebSite\",\"@id\":\"http:\/\/www.waltec.com.cn\/#website\",\"url\":\"http:\/\/www.waltec.com.cn\/\",\"name\":\"Jswaltec Testing machine\",\"description\":\"\",\"publisher\":{\"@id\":\"http:\/\/www.waltec.com.cn\/#organization\"},\"potentialAction\":[{\"@type\":\"SearchAction\",\"target\":{\"@type\":\"EntryPoint\",\"urlTemplate\":\"http:\/\/www.waltec.com.cn\/?s={search_term_string}\"},\"query-input\":{\"@type\":\"PropertyValueSpecification\",\"valueRequired\":true,\"valueName\":\"search_term_string\"}}],\"inLanguage\":\"es\"},{\"@type\":\"Organization\",\"@id\":\"http:\/\/www.waltec.com.cn\/#organization\",\"name\":\"JIANGSU WALLONG-HSIN MACHINERY ENGINEERING CORPORATION LTD.\",\"url\":\"http:\/\/www.waltec.com.cn\/\",\"logo\":{\"@type\":\"ImageObject\",\"inLanguage\":\"es\",\"@id\":\"http:\/\/www.waltec.com.cn\/#\/schema\/logo\/image\/\",\"url\":\"http:\/\/www.waltec.com.cn\/wp-content\/uploads\/2024\/08\/01.jpg\",\"contentUrl\":\"http:\/\/www.waltec.com.cn\/wp-content\/uploads\/2024\/08\/01.jpg\",\"width\":1217,\"height\":221,\"caption\":\"JIANGSU WALLONG-HSIN MACHINERY ENGINEERING CORPORATION LTD.\"},\"image\":{\"@id\":\"http:\/\/www.waltec.com.cn\/#\/schema\/logo\/image\/\"}}]}<\/script>\r\n<!-- \/ Yoast SEO Premium plugin. -->","yoast_head_json":{"title":"YAW-300B\/300C automatic compression testing machine - Jswaltec Testing machine","description":"YAW-300B\/300C automatic compression testing machine","robots":{"index":"index","follow":"follow","max-snippet":"max-snippet:-1","max-image-preview":"max-image-preview:large","max-video-preview":"max-video-preview:-1"},"canonical":"http:\/\/www.waltec.com.cn\/es\/producto\/yaw-300b-300c-automatic-compression-testing-machine\/","og_locale":"es_ES","og_type":"article","og_title":"YAW-300B\/300C automatic compression testing machine","og_description":"YAW-300B\/300C automatic compression testing machine","og_url":"http:\/\/www.waltec.com.cn\/es\/producto\/yaw-300b-300c-automatic-compression-testing-machine\/","og_site_name":"Jswaltec Testing machine","article_modified_time":"2025-02-26T03:49:45+00:00","og_image":[{"width":451,"height":404,"url":"http:\/\/www.waltec.com.cn\/wp-content\/uploads\/2025\/02\/YAW-300B.webp","type":"image\/webp"}],"twitter_card":"summary_large_image","twitter_misc":{"Tiempo de lectura":"1 minuto"},"schema":{"@context":"https:\/\/schema.org","@graph":[{"@type":"WebPage","@id":"http:\/\/www.waltec.com.cn\/product\/yaw-300b-300c-automatic-compression-testing-machine\/","url":"http:\/\/www.waltec.com.cn\/product\/yaw-300b-300c-automatic-compression-testing-machine\/","name":"YAW-300B\/300C automatic compression testing machine - Jswaltec Testing machine","isPartOf":{"@id":"http:\/\/www.waltec.com.cn\/#website"},"primaryImageOfPage":{"@id":"http:\/\/www.waltec.com.cn\/product\/yaw-300b-300c-automatic-compression-testing-machine\/#primaryimage"},"image":{"@id":"http:\/\/www.waltec.com.cn\/product\/yaw-300b-300c-automatic-compression-testing-machine\/#primaryimage"},"thumbnailUrl":"http:\/\/www.waltec.com.cn\/wp-content\/uploads\/2025\/02\/YAW-300B.webp","datePublished":"2025-02-26T03:49:05+00:00","dateModified":"2025-02-26T03:49:45+00:00","description":"YAW-300B\/300C automatic compression testing machine","breadcrumb":{"@id":"http:\/\/www.waltec.com.cn\/product\/yaw-300b-300c-automatic-compression-testing-machine\/#breadcrumb"},"inLanguage":"es","potentialAction":[{"@type":"ReadAction","target":["http:\/\/www.waltec.com.cn\/product\/yaw-300b-300c-automatic-compression-testing-machine\/"]}]},{"@type":"ImageObject","inLanguage":"es","@id":"http:\/\/www.waltec.com.cn\/product\/yaw-300b-300c-automatic-compression-testing-machine\/#primaryimage","url":"http:\/\/www.waltec.com.cn\/wp-content\/uploads\/2025\/02\/YAW-300B.webp","contentUrl":"http:\/\/www.waltec.com.cn\/wp-content\/uploads\/2025\/02\/YAW-300B.webp","width":451,"height":404},{"@type":"BreadcrumbList","@id":"http:\/\/www.waltec.com.cn\/product\/yaw-300b-300c-automatic-compression-testing-machine\/#breadcrumb","itemListElement":[{"@type":"ListItem","position":1,"name":"Home","item":"http:\/\/www.waltec.com.cn\/"},{"@type":"ListItem","position":2,"name":"Products","item":"http:\/\/www.waltec.com.cn\/shop\/"},{"@type":"ListItem","position":3,"name":"YAW-300B\/300C automatic compression testing machine"}]},{"@type":"WebSite","@id":"http:\/\/www.waltec.com.cn\/#website","url":"http:\/\/www.waltec.com.cn\/","name":"Jswaltec Testing machine","description":"","publisher":{"@id":"http:\/\/www.waltec.com.cn\/#organization"},"potentialAction":[{"@type":"SearchAction","target":{"@type":"EntryPoint","urlTemplate":"http:\/\/www.waltec.com.cn\/?s={search_term_string}"},"query-input":{"@type":"PropertyValueSpecification","valueRequired":true,"valueName":"search_term_string"}}],"inLanguage":"es"},{"@type":"Organization","@id":"http:\/\/www.waltec.com.cn\/#organization","name":"JIANGSU WALLONG-HSIN MACHINERY ENGINEERING CORPORATION LTD.","url":"http:\/\/www.waltec.com.cn\/","logo":{"@type":"ImageObject","inLanguage":"es","@id":"http:\/\/www.waltec.com.cn\/#\/schema\/logo\/image\/","url":"http:\/\/www.waltec.com.cn\/wp-content\/uploads\/2024\/08\/01.jpg","contentUrl":"http:\/\/www.waltec.com.cn\/wp-content\/uploads\/2024\/08\/01.jpg","width":1217,"height":221,"caption":"JIANGSU WALLONG-HSIN MACHINERY ENGINEERING CORPORATION LTD."},"image":{"@id":"http:\/\/www.waltec.com.cn\/#\/schema\/logo\/image\/"}}]}},"uagb_featured_image_src":{"full":["http:\/\/www.waltec.com.cn\/wp-content\/uploads\/2025\/02\/YAW-300B.webp",451,404,false],"thumbnail":["http:\/\/www.waltec.com.cn\/wp-content\/uploads\/2025\/02\/YAW-300B.webp",150,134,false],"medium":["http:\/\/www.waltec.com.cn\/wp-content\/uploads\/2025\/02\/YAW-300B.webp",300,269,false],"medium_large":["http:\/\/www.waltec.com.cn\/wp-content\/uploads\/2025\/02\/YAW-300B.webp",451,404,false],"large":["http:\/\/www.waltec.com.cn\/wp-content\/uploads\/2025\/02\/YAW-300B.webp",451,404,false],"1536x1536":["http:\/\/www.waltec.com.cn\/wp-content\/uploads\/2025\/02\/YAW-300B.webp",451,404,false],"2048x2048":["http:\/\/www.waltec.com.cn\/wp-content\/uploads\/2025\/02\/YAW-300B.webp",451,404,false],"trp-custom-language-flag":["http:\/\/www.waltec.com.cn\/wp-content\/uploads\/2025\/02\/YAW-300B.webp",13,12,false],"woocommerce_thumbnail":["http:\/\/www.waltec.com.cn\/wp-content\/uploads\/2025\/02\/YAW-300B-300x300.webp",300,300,true],"woocommerce_single":["http:\/\/www.waltec.com.cn\/wp-content\/uploads\/2025\/02\/YAW-300B.webp",451,404,false],"woocommerce_gallery_thumbnail":["http:\/\/www.waltec.com.cn\/wp-content\/uploads\/2025\/02\/YAW-300B-100x100.webp",100,100,true]},"uagb_author_info":{"display_name":"Jswaltec","author_link":"http:\/\/www.waltec.com.cn\/es\/author\/"},"uagb_comment_info":0,"uagb_excerpt":"YAW-300B\/300C automatic compression testing machine is mainly used for compressive and flexural tests of cement products, and can also be used for compressive and flexural tests of other materials. Test rate control mode: microcomputer controlled constant speed loading. Model YAW-300B YAW-300C Capacity 300KN 300KN\/10KN Range 2%-100%FS 2%-100%FS Relative error of force \u2264\u00b11% \u2264\u00b11% Load speed&hellip;","_links":{"self":[{"href":"http:\/\/www.waltec.com.cn\/es\/wp-json\/wp\/v2\/product\/2352","targetHints":{"allow":["GET"]}}],"collection":[{"href":"http:\/\/www.waltec.com.cn\/es\/wp-json\/wp\/v2\/product"}],"about":[{"href":"http:\/\/www.waltec.com.cn\/es\/wp-json\/wp\/v2\/types\/product"}],"wp:featuredmedia":[{"embeddable":true,"href":"http:\/\/www.waltec.com.cn\/es\/wp-json\/wp\/v2\/media\/2346"}],"wp:attachment":[{"href":"http:\/\/www.waltec.com.cn\/es\/wp-json\/wp\/v2\/media?parent=2352"}],"wp:term":[{"taxonomy":"product_cat","embeddable":true,"href":"http:\/\/www.waltec.com.cn\/es\/wp-json\/wp\/v2\/product_cat?post=2352"},{"taxonomy":"product_tag","embeddable":true,"href":"http:\/\/www.waltec.com.cn\/es\/wp-json\/wp\/v2\/product_tag?post=2352"}],"curies":[{"name":"wp","href":"https:\/\/api.w.org\/{rel}","templated":true}]}}