{"id":2469,"date":"2025-03-21T13:36:21","date_gmt":"2025-03-21T05:36:21","guid":{"rendered":"http:\/\/www.waltec.com.cn\/?post_type=product&#038;p=2469"},"modified":"2025-03-21T13:36:22","modified_gmt":"2025-03-21T05:36:22","slug":"portable-brinell-rockwell-hardness-tester-ultrasonic-type-zuanshi-100c","status":"publish","type":"product","link":"http:\/\/www.waltec.com.cn\/es\/producto\/portable-brinell-rockwell-hardness-tester-ultrasonic-type-zuanshi-100c\/","title":{"rendered":"Dur\u00f3metro port\u00e1til Brinell-Rockwell (ultras\u00f3nico) ZUANSHI-100C"},"content":{"rendered":"<p><strong><b>Introducci\u00f3n del producto<\/b><\/strong><\/p>\n<p>El dur\u00f3metro ZUANSHI \u2013 100C es un instrumento de prueba de dureza multifuncional y de alta precisi\u00f3n. Puede medir con rapidez y precisi\u00f3n las durezas Brinell, Rockwell y Shore. Mediante tecnolog\u00eda ultras\u00f3nica para detectar la indentaci\u00f3n en la pieza a prueba, puede ajustar din\u00e1micamente la fuerza de prueba y el tiempo de retenci\u00f3n seg\u00fan los diferentes materiales y rangos de dureza para una prueba r\u00e1pida y precisa.<\/p>\n<p><strong><b>Caracter\u00edsticas del producto<\/b><\/strong><\/p>\n<ol>\n<li>Adopta tecnolog\u00eda ultras\u00f3nica, con un amplio rango de medici\u00f3n, cubriendo HL D 170 \u2013 960, HR A 17.5 \u2013 90, HR B 20 \u2013 100, HR C 10 \u2013 85, HR D 10 \u2013 93, HV 80 \u2013 1900, HB 80 \u2013 650, HS 20 \u2013 99.<\/li>\n<li>La precisi\u00f3n de la medici\u00f3n es alta, con un error de medici\u00f3n de \u2264\u00b1 1,5%.<\/li>\n<li>Utilizando el tipo de succi\u00f3n magn\u00e9tica para medir la dureza, puede medir de manera flexible la dureza de varias posiciones y formas complejas, mejorando enormemente la eficiencia del trabajo.<\/li>\n<li>Los resultados de la medici\u00f3n se pueden almacenar en tiempo real en la memoria interna y los datos almacenados se pueden consultar y gestionar c\u00f3modamente.<\/li>\n<li>Con una pantalla de cristal l\u00edquido a color de gran tama\u00f1o, puede mostrar claramente los resultados de la medici\u00f3n y la informaci\u00f3n relevante, y admite interfaces de operaci\u00f3n en varios idiomas, como chino e ingl\u00e9s, lo que es conveniente para usuarios nacionales y extranjeros.<\/li>\n<li>El instrumento tiene una bater\u00eda de iones de litio recargable incorporada, que puede funcionar continuamente durante m\u00e1s de 10 horas con una sola carga y tiene un modo de ahorro de energ\u00eda.<\/li>\n<li>La operaci\u00f3n de calibraci\u00f3n es sencilla y se puede calibrar de acuerdo con el bloque de dureza est\u00e1ndar del mismo material.<\/li>\n<\/ol>\n<p><strong><b>Par\u00e1metros t\u00e9cnicos (modelo ZUANSHI-100C)<\/b><\/strong><\/p>\n<table border=\"1px solid black\">\n<tbody>\n<tr>\n<td width=\"138\">Fuerza de prueba verdadera<\/td>\n<td colspan=\"4\" width=\"888\">2Kgf (Optional: 1Kgf, 5Kgf, 10Kgf, 0.3kgf, 0.5kgf)<\/td>\n<\/tr>\n<tr>\n<td width=\"138\">Rango de medici\u00f3n<\/td>\n<td colspan=\"4\" width=\"888\">85 &#8211; 650 HB, 80 &#8211; 1599HV, 20 &#8211; 70 HRC, 41 &#8211; 100 HRB, 61 &#8211; 85.6 HRA, 34.2 &#8211; 97.3HS, 255 &#8211; 2180 N\/mm<\/td>\n<\/tr>\n<tr>\n<td width=\"138\">Especificaci\u00f3n del penetrador<\/td>\n<td colspan=\"4\" width=\"888\">136\u00b0 Diamond Indenter<\/td>\n<\/tr>\n<tr>\n<td width=\"138\">Entorno aplicable<\/td>\n<td colspan=\"4\" width=\"888\">Temperature: -10\u00b0C &#8211; 50\u00b0C, Humidity: 30% &#8211; 80%<\/td>\n<\/tr>\n<tr>\n<td width=\"138\">Tipo de sonda<\/td>\n<td width=\"108\">True<\/p>\n<p>Fuerza de prueba<\/td>\n<td width=\"102\">Minimum Weight<\/td>\n<td width=\"108\">Minimum Thickness<\/td>\n<td width=\"568\">Application Range<\/td>\n<\/tr>\n<tr>\n<td width=\"138\">C &#8211; 1kgf<\/td>\n<td width=\"108\">10N<\/td>\n<td rowspan=\"6\" width=\"102\">0.3kg<\/td>\n<td rowspan=\"6\" width=\"108\">46mm<\/td>\n<td rowspan=\"2\" width=\"568\">Matrices de punz\u00f3n nitruradas i\u00f3nicamente, bloques de moldes, accesorios, piezas de paredes delgadas, cojinetes, flancos de dientes, \u00e1labes de turbinas, paredes internas de tuber\u00edas con un di\u00e1metro superior a 90 mm<\/td>\n<\/tr>\n<tr>\n<td width=\"138\">C &#8211; 2kgf<\/td>\n<td width=\"108\">20N<\/td>\n<\/tr>\n<tr>\n<td width=\"138\">C &#8211; 5kgf<\/td>\n<td width=\"108\">50N<\/td>\n<td width=\"568\">Inducci\u00f3n: piezas endurecidas o carburadas, como \u00e1rboles de levas, inspecci\u00f3n de cordones de soldadura de turbinas, zonas afectadas por el calor, ranuras c\u00f3ncavas, flancos y ra\u00edces de dientes, \u00e1labes de turbinas, paredes internas de tuber\u00edas con un di\u00e1metro superior a 90 mm.<\/td>\n<\/tr>\n<tr>\n<td width=\"138\">C &#8211; 10kgf<\/td>\n<td width=\"108\">100N<\/td>\n<td width=\"568\">Peque\u00f1as piezas forjadas, materiales de fundici\u00f3n, inspecci\u00f3n de cordones de soldadura, zonas afectadas por el calor<\/td>\n<\/tr>\n<tr>\n<td width=\"138\">C &#8211; 0.3kgf<\/p>\n<p>(Electric Probe)<\/td>\n<td width=\"108\">3N<\/td>\n<td width=\"568\">Piezas de precisi\u00f3n lisas, engranajes, pistas de rodamientos<\/td>\n<\/tr>\n<tr>\n<td width=\"138\">C &#8211; 0.5kgf<\/p>\n<p>(Electric Probe)<\/td>\n<td width=\"108\">5N<\/td>\n<td width=\"568\">Capas finas, como cobre o cromo sobre cilindros de acero, cilindros de impresi\u00f3n de transferencia de ruedas de cobre; capas de recubrimiento, superficies endurecidas de piezas<\/td>\n<\/tr>\n<\/tbody>\n<\/table>\n<p>&nbsp;<\/p>\n<h3><strong><b>\u00a0<\/b><\/strong><\/h3>","protected":false},"excerpt":{"rendered":"<p>Product Introduction The ZUANSHI &#8211; 100C hardness tester is a high &#8211; precision and multi &#8211; function hardness testing instrument. It can quickly and accurately measure Brinell, Rockwell, and Shore hardness. By using ultrasonic technology to detect the indentation on the tested piece, it can dynamically adjust the test force\/hold time according to different materials [&hellip;]<\/p>","protected":false},"featured_media":2460,"template":"","meta":{"_uag_custom_page_level_css":"","site-sidebar-layout":"default","site-content-layout":"","ast-site-content-layout":"default","site-content-style":"default","site-sidebar-style":"default","ast-global-header-display":"","ast-banner-title-visibility":"","ast-main-header-display":"","ast-hfb-above-header-display":"","ast-hfb-below-header-display":"","ast-hfb-mobile-header-display":"","site-post-title":"","ast-breadcrumbs-content":"","ast-featured-img":"","footer-sml-layout":"","theme-transparent-header-meta":"default","adv-header-id-meta":"","stick-header-meta":"","header-above-stick-meta":"","header-main-stick-meta":"","header-below-stick-meta":"","astra-migrate-meta-layouts":"set","ast-page-background-enabled":"default","ast-page-background-meta":{"desktop":{"background-color":"var(--ast-global-color-4)","background-image":"","background-repeat":"repeat","background-position":"center center","background-size":"auto","background-attachment":"scroll","background-type":"","background-media":"","overlay-type":"","overlay-color":"","overlay-opacity":"","overlay-gradient":""},"tablet":{"background-color":"","background-image":"","background-repeat":"repeat","background-position":"center center","background-size":"auto","background-attachment":"scroll","background-type":"","background-media":"","overlay-type":"","overlay-color":"","overlay-opacity":"","overlay-gradient":""},"mobile":{"background-color":"","background-image":"","background-repeat":"repeat","background-position":"center center","background-size":"auto","background-attachment":"scroll","background-type":"","background-media":"","overlay-type":"","overlay-color":"","overlay-opacity":"","overlay-gradient":""}},"ast-content-background-meta":{"desktop":{"background-color":"var(--ast-global-color-5)","background-image":"","background-repeat":"repeat","background-position":"center center","background-size":"auto","background-attachment":"scroll","background-type":"","background-media":"","overlay-type":"","overlay-color":"","overlay-opacity":"","overlay-gradient":""},"tablet":{"background-color":"var(--ast-global-color-5)","background-image":"","background-repeat":"repeat","background-position":"center center","background-size":"auto","background-attachment":"scroll","background-type":"","background-media":"","overlay-type":"","overlay-color":"","overlay-opacity":"","overlay-gradient":""},"mobile":{"background-color":"var(--ast-global-color-5)","background-image":"","background-repeat":"repeat","background-position":"center center","background-size":"auto","background-attachment":"scroll","background-type":"","background-media":"","overlay-type":"","overlay-color":"","overlay-opacity":"","overlay-gradient":""}}},"product_cat":[42],"product_tag":[],"class_list":{"0":"post-2469","1":"product","2":"type-product","3":"status-publish","4":"has-post-thumbnail","6":"product_cat-portable-hardness-tester-and-instrument","7":"desktop-align-left","8":"tablet-align-left","9":"mobile-align-left","11":"first","12":"instock","13":"shipping-taxable","14":"product-type-simple"},"yoast_head":"<!-- This site is optimized with the Yoast SEO Premium plugin v22.5 (Yoast SEO v24.3) - https:\/\/yoast.com\/wordpress\/plugins\/seo\/ -->\r\n<title>Portable Brinell - Rockwell Hardness Tester (Ultrasonic Type) ZUANSHI-100C - Jswaltec Testing machine<\/title>\r\n<meta name=\"robots\" content=\"index, follow, max-snippet:-1, max-image-preview:large, max-video-preview:-1\" \/>\r\n<link rel=\"canonical\" href=\"http:\/\/www.waltec.com.cn\/es\/producto\/portable-brinell-rockwell-hardness-tester-ultrasonic-type-zuanshi-100c\/\" \/>\r\n<meta property=\"og:locale\" content=\"es_ES\" \/>\r\n<meta property=\"og:type\" content=\"article\" \/>\r\n<meta property=\"og:title\" content=\"Portable Brinell - Rockwell Hardness Tester (Ultrasonic Type) ZUANSHI-100C\" \/>\r\n<meta property=\"og:description\" content=\"Product Introduction The ZUANSHI &#8211; 100C hardness tester is a high &#8211; precision and multi &#8211; function hardness testing instrument. It can quickly and accurately measure Brinell, Rockwell, and Shore hardness. By using ultrasonic technology to detect the indentation on the tested piece, it can dynamically adjust the test force\/hold time according to different materials [&hellip;]\" \/>\r\n<meta property=\"og:url\" content=\"http:\/\/www.waltec.com.cn\/es\/producto\/portable-brinell-rockwell-hardness-tester-ultrasonic-type-zuanshi-100c\/\" \/>\r\n<meta property=\"og:site_name\" content=\"Jswaltec Testing machine\" \/>\r\n<meta property=\"article:modified_time\" content=\"2025-03-21T05:36:22+00:00\" \/>\r\n<meta property=\"og:image\" content=\"http:\/\/www.waltec.com.cn\/wp-content\/uploads\/2025\/03\/Portable_Brinell__Rockwell_Hardness_Tester_ZUANSHI_100C.webp\" \/>\r\n\t<meta property=\"og:image:width\" content=\"500\" \/>\r\n\t<meta property=\"og:image:height\" content=\"500\" \/>\r\n\t<meta property=\"og:image:type\" content=\"image\/webp\" \/>\r\n<meta name=\"twitter:card\" content=\"summary_large_image\" \/>\r\n<meta name=\"twitter:label1\" content=\"Tiempo de lectura\" \/>\n\t<meta name=\"twitter:data1\" content=\"3 minutos\" \/>\r\n<script type=\"application\/ld+json\" class=\"yoast-schema-graph\">{\"@context\":\"https:\/\/schema.org\",\"@graph\":[{\"@type\":\"WebPage\",\"@id\":\"http:\/\/www.waltec.com.cn\/product\/portable-brinell-rockwell-hardness-tester-ultrasonic-type-zuanshi-100c\/\",\"url\":\"http:\/\/www.waltec.com.cn\/product\/portable-brinell-rockwell-hardness-tester-ultrasonic-type-zuanshi-100c\/\",\"name\":\"Portable Brinell - Rockwell Hardness Tester (Ultrasonic Type) ZUANSHI-100C - Jswaltec Testing machine\",\"isPartOf\":{\"@id\":\"http:\/\/www.waltec.com.cn\/#website\"},\"primaryImageOfPage\":{\"@id\":\"http:\/\/www.waltec.com.cn\/product\/portable-brinell-rockwell-hardness-tester-ultrasonic-type-zuanshi-100c\/#primaryimage\"},\"image\":{\"@id\":\"http:\/\/www.waltec.com.cn\/product\/portable-brinell-rockwell-hardness-tester-ultrasonic-type-zuanshi-100c\/#primaryimage\"},\"thumbnailUrl\":\"http:\/\/www.waltec.com.cn\/wp-content\/uploads\/2025\/03\/Portable_Brinell__Rockwell_Hardness_Tester_ZUANSHI_100C.webp\",\"datePublished\":\"2025-03-21T05:36:21+00:00\",\"dateModified\":\"2025-03-21T05:36:22+00:00\",\"breadcrumb\":{\"@id\":\"http:\/\/www.waltec.com.cn\/product\/portable-brinell-rockwell-hardness-tester-ultrasonic-type-zuanshi-100c\/#breadcrumb\"},\"inLanguage\":\"es\",\"potentialAction\":[{\"@type\":\"ReadAction\",\"target\":[\"http:\/\/www.waltec.com.cn\/product\/portable-brinell-rockwell-hardness-tester-ultrasonic-type-zuanshi-100c\/\"]}]},{\"@type\":\"ImageObject\",\"inLanguage\":\"es\",\"@id\":\"http:\/\/www.waltec.com.cn\/product\/portable-brinell-rockwell-hardness-tester-ultrasonic-type-zuanshi-100c\/#primaryimage\",\"url\":\"http:\/\/www.waltec.com.cn\/wp-content\/uploads\/2025\/03\/Portable_Brinell__Rockwell_Hardness_Tester_ZUANSHI_100C.webp\",\"contentUrl\":\"http:\/\/www.waltec.com.cn\/wp-content\/uploads\/2025\/03\/Portable_Brinell__Rockwell_Hardness_Tester_ZUANSHI_100C.webp\",\"width\":500,\"height\":500},{\"@type\":\"BreadcrumbList\",\"@id\":\"http:\/\/www.waltec.com.cn\/product\/portable-brinell-rockwell-hardness-tester-ultrasonic-type-zuanshi-100c\/#breadcrumb\",\"itemListElement\":[{\"@type\":\"ListItem\",\"position\":1,\"name\":\"Home\",\"item\":\"http:\/\/www.waltec.com.cn\/\"},{\"@type\":\"ListItem\",\"position\":2,\"name\":\"Products\",\"item\":\"http:\/\/www.waltec.com.cn\/shop\/\"},{\"@type\":\"ListItem\",\"position\":3,\"name\":\"Portable Brinell &#8211; Rockwell Hardness Tester (Ultrasonic Type) ZUANSHI-100C\"}]},{\"@type\":\"WebSite\",\"@id\":\"http:\/\/www.waltec.com.cn\/#website\",\"url\":\"http:\/\/www.waltec.com.cn\/\",\"name\":\"Jswaltec Testing machine\",\"description\":\"\",\"publisher\":{\"@id\":\"http:\/\/www.waltec.com.cn\/#organization\"},\"potentialAction\":[{\"@type\":\"SearchAction\",\"target\":{\"@type\":\"EntryPoint\",\"urlTemplate\":\"http:\/\/www.waltec.com.cn\/?s={search_term_string}\"},\"query-input\":{\"@type\":\"PropertyValueSpecification\",\"valueRequired\":true,\"valueName\":\"search_term_string\"}}],\"inLanguage\":\"es\"},{\"@type\":\"Organization\",\"@id\":\"http:\/\/www.waltec.com.cn\/#organization\",\"name\":\"JIANGSU WALLONG-HSIN MACHINERY ENGINEERING CORPORATION LTD.\",\"url\":\"http:\/\/www.waltec.com.cn\/\",\"logo\":{\"@type\":\"ImageObject\",\"inLanguage\":\"es\",\"@id\":\"http:\/\/www.waltec.com.cn\/#\/schema\/logo\/image\/\",\"url\":\"http:\/\/www.waltec.com.cn\/wp-content\/uploads\/2024\/08\/01.jpg\",\"contentUrl\":\"http:\/\/www.waltec.com.cn\/wp-content\/uploads\/2024\/08\/01.jpg\",\"width\":1217,\"height\":221,\"caption\":\"JIANGSU WALLONG-HSIN MACHINERY ENGINEERING CORPORATION LTD.\"},\"image\":{\"@id\":\"http:\/\/www.waltec.com.cn\/#\/schema\/logo\/image\/\"}}]}<\/script>\r\n<!-- \/ Yoast SEO Premium plugin. -->","yoast_head_json":{"title":"Portable Brinell - Rockwell Hardness Tester (Ultrasonic Type) ZUANSHI-100C - Jswaltec Testing machine","robots":{"index":"index","follow":"follow","max-snippet":"max-snippet:-1","max-image-preview":"max-image-preview:large","max-video-preview":"max-video-preview:-1"},"canonical":"http:\/\/www.waltec.com.cn\/es\/producto\/portable-brinell-rockwell-hardness-tester-ultrasonic-type-zuanshi-100c\/","og_locale":"es_ES","og_type":"article","og_title":"Portable Brinell - Rockwell Hardness Tester (Ultrasonic Type) ZUANSHI-100C","og_description":"Product Introduction The ZUANSHI &#8211; 100C hardness tester is a high &#8211; precision and multi &#8211; function hardness testing instrument. It can quickly and accurately measure Brinell, Rockwell, and Shore hardness. By using ultrasonic technology to detect the indentation on the tested piece, it can dynamically adjust the test force\/hold time according to different materials [&hellip;]","og_url":"http:\/\/www.waltec.com.cn\/es\/producto\/portable-brinell-rockwell-hardness-tester-ultrasonic-type-zuanshi-100c\/","og_site_name":"Jswaltec Testing machine","article_modified_time":"2025-03-21T05:36:22+00:00","og_image":[{"width":500,"height":500,"url":"http:\/\/www.waltec.com.cn\/wp-content\/uploads\/2025\/03\/Portable_Brinell__Rockwell_Hardness_Tester_ZUANSHI_100C.webp","type":"image\/webp"}],"twitter_card":"summary_large_image","twitter_misc":{"Tiempo de lectura":"3 minutos"},"schema":{"@context":"https:\/\/schema.org","@graph":[{"@type":"WebPage","@id":"http:\/\/www.waltec.com.cn\/product\/portable-brinell-rockwell-hardness-tester-ultrasonic-type-zuanshi-100c\/","url":"http:\/\/www.waltec.com.cn\/product\/portable-brinell-rockwell-hardness-tester-ultrasonic-type-zuanshi-100c\/","name":"Portable Brinell - Rockwell Hardness Tester (Ultrasonic Type) ZUANSHI-100C - Jswaltec Testing machine","isPartOf":{"@id":"http:\/\/www.waltec.com.cn\/#website"},"primaryImageOfPage":{"@id":"http:\/\/www.waltec.com.cn\/product\/portable-brinell-rockwell-hardness-tester-ultrasonic-type-zuanshi-100c\/#primaryimage"},"image":{"@id":"http:\/\/www.waltec.com.cn\/product\/portable-brinell-rockwell-hardness-tester-ultrasonic-type-zuanshi-100c\/#primaryimage"},"thumbnailUrl":"http:\/\/www.waltec.com.cn\/wp-content\/uploads\/2025\/03\/Portable_Brinell__Rockwell_Hardness_Tester_ZUANSHI_100C.webp","datePublished":"2025-03-21T05:36:21+00:00","dateModified":"2025-03-21T05:36:22+00:00","breadcrumb":{"@id":"http:\/\/www.waltec.com.cn\/product\/portable-brinell-rockwell-hardness-tester-ultrasonic-type-zuanshi-100c\/#breadcrumb"},"inLanguage":"es","potentialAction":[{"@type":"ReadAction","target":["http:\/\/www.waltec.com.cn\/product\/portable-brinell-rockwell-hardness-tester-ultrasonic-type-zuanshi-100c\/"]}]},{"@type":"ImageObject","inLanguage":"es","@id":"http:\/\/www.waltec.com.cn\/product\/portable-brinell-rockwell-hardness-tester-ultrasonic-type-zuanshi-100c\/#primaryimage","url":"http:\/\/www.waltec.com.cn\/wp-content\/uploads\/2025\/03\/Portable_Brinell__Rockwell_Hardness_Tester_ZUANSHI_100C.webp","contentUrl":"http:\/\/www.waltec.com.cn\/wp-content\/uploads\/2025\/03\/Portable_Brinell__Rockwell_Hardness_Tester_ZUANSHI_100C.webp","width":500,"height":500},{"@type":"BreadcrumbList","@id":"http:\/\/www.waltec.com.cn\/product\/portable-brinell-rockwell-hardness-tester-ultrasonic-type-zuanshi-100c\/#breadcrumb","itemListElement":[{"@type":"ListItem","position":1,"name":"Home","item":"http:\/\/www.waltec.com.cn\/"},{"@type":"ListItem","position":2,"name":"Products","item":"http:\/\/www.waltec.com.cn\/shop\/"},{"@type":"ListItem","position":3,"name":"Portable Brinell &#8211; Rockwell Hardness Tester (Ultrasonic Type) ZUANSHI-100C"}]},{"@type":"WebSite","@id":"http:\/\/www.waltec.com.cn\/#website","url":"http:\/\/www.waltec.com.cn\/","name":"Jswaltec Testing machine","description":"","publisher":{"@id":"http:\/\/www.waltec.com.cn\/#organization"},"potentialAction":[{"@type":"SearchAction","target":{"@type":"EntryPoint","urlTemplate":"http:\/\/www.waltec.com.cn\/?s={search_term_string}"},"query-input":{"@type":"PropertyValueSpecification","valueRequired":true,"valueName":"search_term_string"}}],"inLanguage":"es"},{"@type":"Organization","@id":"http:\/\/www.waltec.com.cn\/#organization","name":"JIANGSU WALLONG-HSIN MACHINERY ENGINEERING CORPORATION LTD.","url":"http:\/\/www.waltec.com.cn\/","logo":{"@type":"ImageObject","inLanguage":"es","@id":"http:\/\/www.waltec.com.cn\/#\/schema\/logo\/image\/","url":"http:\/\/www.waltec.com.cn\/wp-content\/uploads\/2024\/08\/01.jpg","contentUrl":"http:\/\/www.waltec.com.cn\/wp-content\/uploads\/2024\/08\/01.jpg","width":1217,"height":221,"caption":"JIANGSU WALLONG-HSIN MACHINERY ENGINEERING CORPORATION LTD."},"image":{"@id":"http:\/\/www.waltec.com.cn\/#\/schema\/logo\/image\/"}}]}},"uagb_featured_image_src":{"full":["http:\/\/www.waltec.com.cn\/wp-content\/uploads\/2025\/03\/Portable_Brinell__Rockwell_Hardness_Tester_ZUANSHI_100C.webp",500,500,false],"thumbnail":["http:\/\/www.waltec.com.cn\/wp-content\/uploads\/2025\/03\/Portable_Brinell__Rockwell_Hardness_Tester_ZUANSHI_100C-150x150.webp",150,150,true],"medium":["http:\/\/www.waltec.com.cn\/wp-content\/uploads\/2025\/03\/Portable_Brinell__Rockwell_Hardness_Tester_ZUANSHI_100C-300x300.webp",300,300,true],"medium_large":["http:\/\/www.waltec.com.cn\/wp-content\/uploads\/2025\/03\/Portable_Brinell__Rockwell_Hardness_Tester_ZUANSHI_100C.webp",500,500,false],"large":["http:\/\/www.waltec.com.cn\/wp-content\/uploads\/2025\/03\/Portable_Brinell__Rockwell_Hardness_Tester_ZUANSHI_100C.webp",500,500,false],"1536x1536":["http:\/\/www.waltec.com.cn\/wp-content\/uploads\/2025\/03\/Portable_Brinell__Rockwell_Hardness_Tester_ZUANSHI_100C.webp",500,500,false],"2048x2048":["http:\/\/www.waltec.com.cn\/wp-content\/uploads\/2025\/03\/Portable_Brinell__Rockwell_Hardness_Tester_ZUANSHI_100C.webp",500,500,false],"trp-custom-language-flag":["http:\/\/www.waltec.com.cn\/wp-content\/uploads\/2025\/03\/Portable_Brinell__Rockwell_Hardness_Tester_ZUANSHI_100C-12x12.webp",12,12,true],"woocommerce_thumbnail":["http:\/\/www.waltec.com.cn\/wp-content\/uploads\/2025\/03\/Portable_Brinell__Rockwell_Hardness_Tester_ZUANSHI_100C-300x300.webp",300,300,true],"woocommerce_single":["http:\/\/www.waltec.com.cn\/wp-content\/uploads\/2025\/03\/Portable_Brinell__Rockwell_Hardness_Tester_ZUANSHI_100C.webp",500,500,false],"woocommerce_gallery_thumbnail":["http:\/\/www.waltec.com.cn\/wp-content\/uploads\/2025\/03\/Portable_Brinell__Rockwell_Hardness_Tester_ZUANSHI_100C-100x100.webp",100,100,true]},"uagb_author_info":{"display_name":"Jswaltec","author_link":"http:\/\/www.waltec.com.cn\/es\/author\/"},"uagb_comment_info":0,"uagb_excerpt":"Product Introduction The ZUANSHI &#8211; 100C hardness tester is a high &#8211; precision and multi &#8211; function hardness testing instrument. It can quickly and accurately measure Brinell, Rockwell, and Shore hardness. By using ultrasonic technology to detect the indentation on the tested piece, it can dynamically adjust the test force\/hold time according to different materials&hellip;","_links":{"self":[{"href":"http:\/\/www.waltec.com.cn\/es\/wp-json\/wp\/v2\/product\/2469","targetHints":{"allow":["GET"]}}],"collection":[{"href":"http:\/\/www.waltec.com.cn\/es\/wp-json\/wp\/v2\/product"}],"about":[{"href":"http:\/\/www.waltec.com.cn\/es\/wp-json\/wp\/v2\/types\/product"}],"wp:featuredmedia":[{"embeddable":true,"href":"http:\/\/www.waltec.com.cn\/es\/wp-json\/wp\/v2\/media\/2460"}],"wp:attachment":[{"href":"http:\/\/www.waltec.com.cn\/es\/wp-json\/wp\/v2\/media?parent=2469"}],"wp:term":[{"taxonomy":"product_cat","embeddable":true,"href":"http:\/\/www.waltec.com.cn\/es\/wp-json\/wp\/v2\/product_cat?post=2469"},{"taxonomy":"product_tag","embeddable":true,"href":"http:\/\/www.waltec.com.cn\/es\/wp-json\/wp\/v2\/product_tag?post=2469"}],"curies":[{"name":"wp","href":"https:\/\/api.w.org\/{rel}","templated":true}]}}