{"id":2471,"date":"2025-03-21T13:46:07","date_gmt":"2025-03-21T05:46:07","guid":{"rendered":"http:\/\/www.waltec.com.cn\/?post_type=product&#038;p=2471"},"modified":"2025-03-21T15:11:08","modified_gmt":"2025-03-21T07:11:08","slug":"zsw-20-digital-display-vickers-hardness-tester","status":"publish","type":"product","link":"http:\/\/www.waltec.com.cn\/es\/producto\/zsw-20-digital-display-vickers-hardness-tester\/","title":{"rendered":"Probador de dureza Vickers con pantalla digital ZSW-20"},"content":{"rendered":"<p><strong><b>Serie de metales no ferrosos<\/b><\/strong><\/p>\n<p><strong><b>Probador de dureza Vickers y Brinell con pantalla digital<\/b><\/strong><\/p>\n<p>Cumpliendo con los est\u00e1ndares americanos<\/p>\n<p><strong><b>Probador de dureza Vickers con pantalla digital ZSW-20<\/b><\/strong><\/p>\n<p>El probador de dureza Vickers con pantalla digital es port\u00e1til y puede medir directa y r\u00e1pidamente la dureza de materiales de aleaci\u00f3n de aluminio.<\/p>\n<p><strong><b>Caracter\u00edsticas del producto<\/b><\/strong><\/p>\n<ol>\n<li>Adopta sensores microfotoel\u00e9ctricos avanzados para garantizar la precisi\u00f3n de la medici\u00f3n del instrumento.<\/li>\n<li>Visualizaci\u00f3n digital de los valores de dureza para evitar errores provocados por la observaci\u00f3n visual de la escala.<\/li>\n<li>La pantalla de cristal l\u00edquido tiene una funci\u00f3n de retroiluminaci\u00f3n.<\/li>\n<li>Tiene la funci\u00f3n de bloquear y almacenar autom\u00e1ticamente el valor m\u00e1ximo durante la medici\u00f3n.<\/li>\n<li>Tiene una funci\u00f3n de apagado autom\u00e1tico.<\/li>\n<li>Cumple con las normas: YS\/T420 \u2013 2000, ASTM\/ANSI B647 \u2013 87<\/li>\n<\/ol>\n<table>\n<tbody>\n<tr>\n<td width=\"123\"><strong><b>Modelo<\/b><\/strong><\/td>\n<td width=\"192\"><strong><b>Materiales aplicables<\/b><\/strong><\/td>\n<td width=\"146\"><strong><b>Rango de dureza<\/b><\/strong><\/td>\n<td width=\"297\"><strong><b>Dimensiones de la muestra\/mm<\/b><\/strong><\/td>\n<\/tr>\n<tr>\n<td width=\"123\">ZSW &#8211; 20<\/td>\n<td rowspan=\"3\" width=\"192\">Aleaci\u00f3n de aluminio, perfil de aluminio.<\/td>\n<td rowspan=\"3\" width=\"146\">25 &#8211; 110HRE<\/p>\n<p>58 &#8211; 131HV<\/td>\n<td width=\"297\">Thickness 0.6 &#8211; 6, inner diameter &gt; 10<\/td>\n<\/tr>\n<tr>\n<td width=\"123\">ZSW &#8211; 20a<\/td>\n<td width=\"297\">Thickness 0.6 &#8211; 13, inner diameter &gt; 10<\/td>\n<\/tr>\n<tr>\n<td width=\"123\">ZSW &#8211; 20b<\/td>\n<td width=\"297\">Thickness 0.6 &#8211; 8, inner diameter &gt; 6<\/td>\n<\/tr>\n<tr>\n<td width=\"123\">ZSW &#8211; B75<\/td>\n<td rowspan=\"2\" width=\"192\">Cobre amarillo duro o semiduro, aleaci\u00f3n de aluminio superduro<\/td>\n<td rowspan=\"2\" width=\"146\">63 &#8211; 105HRF<\/td>\n<td width=\"297\">Thickness 0.6 &#8211; 6, inner diameter &gt; 10<\/td>\n<\/tr>\n<tr>\n<td width=\"123\">ZSW &#8211; B75b<\/td>\n<td width=\"297\">Thickness 0.6 &#8211; 8, inner diameter &gt; 6<\/td>\n<\/tr>\n<tr>\n<td width=\"123\">ZSW &#8211; BB75<\/td>\n<td rowspan=\"2\" width=\"192\">Cobre amarillo blando o duro, cobre<\/td>\n<td rowspan=\"2\" width=\"146\">18 &#8211; 100HRE<\/td>\n<td width=\"297\">Thickness 0.6 &#8211; 6, inner diameter &gt; 10<\/td>\n<\/tr>\n<tr>\n<td width=\"123\">ZSW &#8211; BB75b<\/td>\n<td width=\"297\">Thickness 0.6 &#8211; 8, inner diameter &gt; 6<\/td>\n<\/tr>\n<tr>\n<td width=\"123\">ZSW &#8211; B92<\/td>\n<td width=\"192\">Placa de acero laminada en fr\u00edo, acero inoxidable<\/td>\n<td width=\"146\">50 &#8211; 92HRB<\/td>\n<td width=\"297\">Thickness 0.6 &#8211; 6, inner diameter &gt; 10<\/td>\n<\/tr>\n<\/tbody>\n<\/table>\n<p>&nbsp;<\/p>","protected":false},"excerpt":{"rendered":"<p>Non &#8211; ferrous Metal Series Digital Display Vickers and Brinell Hardness Tester Meeting American Standards ZSW &#8211; 20 Digital Display Vickers Hardness Tester The digital display Vickers hardness tester is portable and can directly and quickly measure the hardness of aluminum alloy materials. Product Features Adopts advanced micro &#8211; photoelectric sensors to ensure the measurement [&hellip;]<\/p>","protected":false},"featured_media":2458,"template":"","meta":{"_uag_custom_page_level_css":"","site-sidebar-layout":"default","site-content-layout":"","ast-site-content-layout":"default","site-content-style":"default","site-sidebar-style":"default","ast-global-header-display":"","ast-banner-title-visibility":"","ast-main-header-display":"","ast-hfb-above-header-display":"","ast-hfb-below-header-display":"","ast-hfb-mobile-header-display":"","site-post-title":"","ast-breadcrumbs-content":"","ast-featured-img":"","footer-sml-layout":"","theme-transparent-header-meta":"default","adv-header-id-meta":"","stick-header-meta":"","header-above-stick-meta":"","header-main-stick-meta":"","header-below-stick-meta":"","astra-migrate-meta-layouts":"set","ast-page-background-enabled":"default","ast-page-background-meta":{"desktop":{"background-color":"var(--ast-global-color-4)","background-image":"","background-repeat":"repeat","background-position":"center center","background-size":"auto","background-attachment":"scroll","background-type":"","background-media":"","overlay-type":"","overlay-color":"","overlay-opacity":"","overlay-gradient":""},"tablet":{"background-color":"","background-image":"","background-repeat":"repeat","background-position":"center center","background-size":"auto","background-attachment":"scroll","background-type":"","background-media":"","overlay-type":"","overlay-color":"","overlay-opacity":"","overlay-gradient":""},"mobile":{"background-color":"","background-image":"","background-repeat":"repeat","background-position":"center center","background-size":"auto","background-attachment":"scroll","background-type":"","background-media":"","overlay-type":"","overlay-color":"","overlay-opacity":"","overlay-gradient":""}},"ast-content-background-meta":{"desktop":{"background-color":"var(--ast-global-color-5)","background-image":"","background-repeat":"repeat","background-position":"center center","background-size":"auto","background-attachment":"scroll","background-type":"","background-media":"","overlay-type":"","overlay-color":"","overlay-opacity":"","overlay-gradient":""},"tablet":{"background-color":"var(--ast-global-color-5)","background-image":"","background-repeat":"repeat","background-position":"center center","background-size":"auto","background-attachment":"scroll","background-type":"","background-media":"","overlay-type":"","overlay-color":"","overlay-opacity":"","overlay-gradient":""},"mobile":{"background-color":"var(--ast-global-color-5)","background-image":"","background-repeat":"repeat","background-position":"center center","background-size":"auto","background-attachment":"scroll","background-type":"","background-media":"","overlay-type":"","overlay-color":"","overlay-opacity":"","overlay-gradient":""}}},"product_cat":[42],"product_tag":[],"class_list":{"0":"post-2471","1":"product","2":"type-product","3":"status-publish","4":"has-post-thumbnail","6":"product_cat-portable-hardness-tester-and-instrument","7":"desktop-align-left","8":"tablet-align-left","9":"mobile-align-left","11":"first","12":"instock","13":"shipping-taxable","14":"product-type-simple"},"yoast_head":"<!-- This site is optimized with the Yoast SEO Premium plugin v22.5 (Yoast SEO v24.3) - https:\/\/yoast.com\/wordpress\/plugins\/seo\/ -->\r\n<title>ZSW - 20 Digital Display Vickers Hardness Tester - Jswaltec Testing machine<\/title>\r\n<meta name=\"robots\" content=\"index, follow, max-snippet:-1, max-image-preview:large, max-video-preview:-1\" \/>\r\n<link rel=\"canonical\" href=\"http:\/\/www.waltec.com.cn\/es\/producto\/zsw-20-digital-display-vickers-hardness-tester\/\" \/>\r\n<meta property=\"og:locale\" content=\"es_ES\" \/>\r\n<meta property=\"og:type\" content=\"article\" \/>\r\n<meta property=\"og:title\" content=\"ZSW - 20 Digital Display Vickers Hardness Tester\" \/>\r\n<meta property=\"og:description\" content=\"Non &#8211; ferrous Metal Series Digital Display Vickers and Brinell Hardness Tester Meeting American Standards ZSW &#8211; 20 Digital Display Vickers Hardness Tester The digital display Vickers hardness tester is portable and can directly and quickly measure the hardness of aluminum alloy materials. Product Features Adopts advanced micro &#8211; photoelectric sensors to ensure the measurement [&hellip;]\" \/>\r\n<meta property=\"og:url\" content=\"http:\/\/www.waltec.com.cn\/es\/producto\/zsw-20-digital-display-vickers-hardness-tester\/\" \/>\r\n<meta property=\"og:site_name\" content=\"Jswaltec Testing machine\" \/>\r\n<meta property=\"article:modified_time\" content=\"2025-03-21T07:11:08+00:00\" \/>\r\n<meta property=\"og:image\" content=\"http:\/\/www.waltec.com.cn\/wp-content\/uploads\/2025\/03\/Digital_Display_Vickers_and_Brinell_Hardness_Tester.webp\" \/>\r\n\t<meta property=\"og:image:width\" content=\"500\" \/>\r\n\t<meta property=\"og:image:height\" content=\"500\" \/>\r\n\t<meta property=\"og:image:type\" content=\"image\/webp\" \/>\r\n<meta name=\"twitter:card\" content=\"summary_large_image\" \/>\r\n<meta name=\"twitter:label1\" content=\"Tiempo de lectura\" \/>\n\t<meta name=\"twitter:data1\" content=\"2 minutos\" \/>\r\n<script type=\"application\/ld+json\" class=\"yoast-schema-graph\">{\"@context\":\"https:\/\/schema.org\",\"@graph\":[{\"@type\":\"WebPage\",\"@id\":\"http:\/\/www.waltec.com.cn\/product\/zsw-20-digital-display-vickers-hardness-tester\/\",\"url\":\"http:\/\/www.waltec.com.cn\/product\/zsw-20-digital-display-vickers-hardness-tester\/\",\"name\":\"ZSW - 20 Digital Display Vickers Hardness Tester - Jswaltec Testing machine\",\"isPartOf\":{\"@id\":\"http:\/\/www.waltec.com.cn\/#website\"},\"primaryImageOfPage\":{\"@id\":\"http:\/\/www.waltec.com.cn\/product\/zsw-20-digital-display-vickers-hardness-tester\/#primaryimage\"},\"image\":{\"@id\":\"http:\/\/www.waltec.com.cn\/product\/zsw-20-digital-display-vickers-hardness-tester\/#primaryimage\"},\"thumbnailUrl\":\"http:\/\/www.waltec.com.cn\/wp-content\/uploads\/2025\/03\/Digital_Display_Vickers_and_Brinell_Hardness_Tester.webp\",\"datePublished\":\"2025-03-21T05:46:07+00:00\",\"dateModified\":\"2025-03-21T07:11:08+00:00\",\"breadcrumb\":{\"@id\":\"http:\/\/www.waltec.com.cn\/product\/zsw-20-digital-display-vickers-hardness-tester\/#breadcrumb\"},\"inLanguage\":\"es\",\"potentialAction\":[{\"@type\":\"ReadAction\",\"target\":[\"http:\/\/www.waltec.com.cn\/product\/zsw-20-digital-display-vickers-hardness-tester\/\"]}]},{\"@type\":\"ImageObject\",\"inLanguage\":\"es\",\"@id\":\"http:\/\/www.waltec.com.cn\/product\/zsw-20-digital-display-vickers-hardness-tester\/#primaryimage\",\"url\":\"http:\/\/www.waltec.com.cn\/wp-content\/uploads\/2025\/03\/Digital_Display_Vickers_and_Brinell_Hardness_Tester.webp\",\"contentUrl\":\"http:\/\/www.waltec.com.cn\/wp-content\/uploads\/2025\/03\/Digital_Display_Vickers_and_Brinell_Hardness_Tester.webp\",\"width\":500,\"height\":500},{\"@type\":\"BreadcrumbList\",\"@id\":\"http:\/\/www.waltec.com.cn\/product\/zsw-20-digital-display-vickers-hardness-tester\/#breadcrumb\",\"itemListElement\":[{\"@type\":\"ListItem\",\"position\":1,\"name\":\"Home\",\"item\":\"http:\/\/www.waltec.com.cn\/\"},{\"@type\":\"ListItem\",\"position\":2,\"name\":\"Products\",\"item\":\"http:\/\/www.waltec.com.cn\/shop\/\"},{\"@type\":\"ListItem\",\"position\":3,\"name\":\"ZSW &#8211; 20 Digital Display Vickers Hardness Tester\"}]},{\"@type\":\"WebSite\",\"@id\":\"http:\/\/www.waltec.com.cn\/#website\",\"url\":\"http:\/\/www.waltec.com.cn\/\",\"name\":\"Jswaltec Testing machine\",\"description\":\"\",\"publisher\":{\"@id\":\"http:\/\/www.waltec.com.cn\/#organization\"},\"potentialAction\":[{\"@type\":\"SearchAction\",\"target\":{\"@type\":\"EntryPoint\",\"urlTemplate\":\"http:\/\/www.waltec.com.cn\/?s={search_term_string}\"},\"query-input\":{\"@type\":\"PropertyValueSpecification\",\"valueRequired\":true,\"valueName\":\"search_term_string\"}}],\"inLanguage\":\"es\"},{\"@type\":\"Organization\",\"@id\":\"http:\/\/www.waltec.com.cn\/#organization\",\"name\":\"JIANGSU WALLONG-HSIN MACHINERY ENGINEERING CORPORATION LTD.\",\"url\":\"http:\/\/www.waltec.com.cn\/\",\"logo\":{\"@type\":\"ImageObject\",\"inLanguage\":\"es\",\"@id\":\"http:\/\/www.waltec.com.cn\/#\/schema\/logo\/image\/\",\"url\":\"http:\/\/www.waltec.com.cn\/wp-content\/uploads\/2024\/08\/01.jpg\",\"contentUrl\":\"http:\/\/www.waltec.com.cn\/wp-content\/uploads\/2024\/08\/01.jpg\",\"width\":1217,\"height\":221,\"caption\":\"JIANGSU WALLONG-HSIN MACHINERY ENGINEERING CORPORATION LTD.\"},\"image\":{\"@id\":\"http:\/\/www.waltec.com.cn\/#\/schema\/logo\/image\/\"}}]}<\/script>\r\n<!-- \/ Yoast SEO Premium plugin. -->","yoast_head_json":{"title":"ZSW - 20 Digital Display Vickers Hardness Tester - Jswaltec Testing machine","robots":{"index":"index","follow":"follow","max-snippet":"max-snippet:-1","max-image-preview":"max-image-preview:large","max-video-preview":"max-video-preview:-1"},"canonical":"http:\/\/www.waltec.com.cn\/es\/producto\/zsw-20-digital-display-vickers-hardness-tester\/","og_locale":"es_ES","og_type":"article","og_title":"ZSW - 20 Digital Display Vickers Hardness Tester","og_description":"Non &#8211; ferrous Metal Series Digital Display Vickers and Brinell Hardness Tester Meeting American Standards ZSW &#8211; 20 Digital Display Vickers Hardness Tester The digital display Vickers hardness tester is portable and can directly and quickly measure the hardness of aluminum alloy materials. Product Features Adopts advanced micro &#8211; photoelectric sensors to ensure the measurement [&hellip;]","og_url":"http:\/\/www.waltec.com.cn\/es\/producto\/zsw-20-digital-display-vickers-hardness-tester\/","og_site_name":"Jswaltec Testing machine","article_modified_time":"2025-03-21T07:11:08+00:00","og_image":[{"width":500,"height":500,"url":"http:\/\/www.waltec.com.cn\/wp-content\/uploads\/2025\/03\/Digital_Display_Vickers_and_Brinell_Hardness_Tester.webp","type":"image\/webp"}],"twitter_card":"summary_large_image","twitter_misc":{"Tiempo de lectura":"2 minutos"},"schema":{"@context":"https:\/\/schema.org","@graph":[{"@type":"WebPage","@id":"http:\/\/www.waltec.com.cn\/product\/zsw-20-digital-display-vickers-hardness-tester\/","url":"http:\/\/www.waltec.com.cn\/product\/zsw-20-digital-display-vickers-hardness-tester\/","name":"ZSW - 20 Digital Display Vickers Hardness Tester - Jswaltec Testing machine","isPartOf":{"@id":"http:\/\/www.waltec.com.cn\/#website"},"primaryImageOfPage":{"@id":"http:\/\/www.waltec.com.cn\/product\/zsw-20-digital-display-vickers-hardness-tester\/#primaryimage"},"image":{"@id":"http:\/\/www.waltec.com.cn\/product\/zsw-20-digital-display-vickers-hardness-tester\/#primaryimage"},"thumbnailUrl":"http:\/\/www.waltec.com.cn\/wp-content\/uploads\/2025\/03\/Digital_Display_Vickers_and_Brinell_Hardness_Tester.webp","datePublished":"2025-03-21T05:46:07+00:00","dateModified":"2025-03-21T07:11:08+00:00","breadcrumb":{"@id":"http:\/\/www.waltec.com.cn\/product\/zsw-20-digital-display-vickers-hardness-tester\/#breadcrumb"},"inLanguage":"es","potentialAction":[{"@type":"ReadAction","target":["http:\/\/www.waltec.com.cn\/product\/zsw-20-digital-display-vickers-hardness-tester\/"]}]},{"@type":"ImageObject","inLanguage":"es","@id":"http:\/\/www.waltec.com.cn\/product\/zsw-20-digital-display-vickers-hardness-tester\/#primaryimage","url":"http:\/\/www.waltec.com.cn\/wp-content\/uploads\/2025\/03\/Digital_Display_Vickers_and_Brinell_Hardness_Tester.webp","contentUrl":"http:\/\/www.waltec.com.cn\/wp-content\/uploads\/2025\/03\/Digital_Display_Vickers_and_Brinell_Hardness_Tester.webp","width":500,"height":500},{"@type":"BreadcrumbList","@id":"http:\/\/www.waltec.com.cn\/product\/zsw-20-digital-display-vickers-hardness-tester\/#breadcrumb","itemListElement":[{"@type":"ListItem","position":1,"name":"Home","item":"http:\/\/www.waltec.com.cn\/"},{"@type":"ListItem","position":2,"name":"Products","item":"http:\/\/www.waltec.com.cn\/shop\/"},{"@type":"ListItem","position":3,"name":"ZSW &#8211; 20 Digital Display Vickers Hardness Tester"}]},{"@type":"WebSite","@id":"http:\/\/www.waltec.com.cn\/#website","url":"http:\/\/www.waltec.com.cn\/","name":"Jswaltec Testing machine","description":"","publisher":{"@id":"http:\/\/www.waltec.com.cn\/#organization"},"potentialAction":[{"@type":"SearchAction","target":{"@type":"EntryPoint","urlTemplate":"http:\/\/www.waltec.com.cn\/?s={search_term_string}"},"query-input":{"@type":"PropertyValueSpecification","valueRequired":true,"valueName":"search_term_string"}}],"inLanguage":"es"},{"@type":"Organization","@id":"http:\/\/www.waltec.com.cn\/#organization","name":"JIANGSU WALLONG-HSIN MACHINERY ENGINEERING CORPORATION LTD.","url":"http:\/\/www.waltec.com.cn\/","logo":{"@type":"ImageObject","inLanguage":"es","@id":"http:\/\/www.waltec.com.cn\/#\/schema\/logo\/image\/","url":"http:\/\/www.waltec.com.cn\/wp-content\/uploads\/2024\/08\/01.jpg","contentUrl":"http:\/\/www.waltec.com.cn\/wp-content\/uploads\/2024\/08\/01.jpg","width":1217,"height":221,"caption":"JIANGSU WALLONG-HSIN MACHINERY ENGINEERING CORPORATION LTD."},"image":{"@id":"http:\/\/www.waltec.com.cn\/#\/schema\/logo\/image\/"}}]}},"uagb_featured_image_src":{"full":["http:\/\/www.waltec.com.cn\/wp-content\/uploads\/2025\/03\/Digital_Display_Vickers_and_Brinell_Hardness_Tester.webp",500,500,false],"thumbnail":["http:\/\/www.waltec.com.cn\/wp-content\/uploads\/2025\/03\/Digital_Display_Vickers_and_Brinell_Hardness_Tester-150x150.webp",150,150,true],"medium":["http:\/\/www.waltec.com.cn\/wp-content\/uploads\/2025\/03\/Digital_Display_Vickers_and_Brinell_Hardness_Tester-300x300.webp",300,300,true],"medium_large":["http:\/\/www.waltec.com.cn\/wp-content\/uploads\/2025\/03\/Digital_Display_Vickers_and_Brinell_Hardness_Tester.webp",500,500,false],"large":["http:\/\/www.waltec.com.cn\/wp-content\/uploads\/2025\/03\/Digital_Display_Vickers_and_Brinell_Hardness_Tester.webp",500,500,false],"1536x1536":["http:\/\/www.waltec.com.cn\/wp-content\/uploads\/2025\/03\/Digital_Display_Vickers_and_Brinell_Hardness_Tester.webp",500,500,false],"2048x2048":["http:\/\/www.waltec.com.cn\/wp-content\/uploads\/2025\/03\/Digital_Display_Vickers_and_Brinell_Hardness_Tester.webp",500,500,false],"trp-custom-language-flag":["http:\/\/www.waltec.com.cn\/wp-content\/uploads\/2025\/03\/Digital_Display_Vickers_and_Brinell_Hardness_Tester-12x12.webp",12,12,true],"woocommerce_thumbnail":["http:\/\/www.waltec.com.cn\/wp-content\/uploads\/2025\/03\/Digital_Display_Vickers_and_Brinell_Hardness_Tester-300x300.webp",300,300,true],"woocommerce_single":["http:\/\/www.waltec.com.cn\/wp-content\/uploads\/2025\/03\/Digital_Display_Vickers_and_Brinell_Hardness_Tester.webp",500,500,false],"woocommerce_gallery_thumbnail":["http:\/\/www.waltec.com.cn\/wp-content\/uploads\/2025\/03\/Digital_Display_Vickers_and_Brinell_Hardness_Tester-100x100.webp",100,100,true]},"uagb_author_info":{"display_name":"Jswaltec","author_link":"http:\/\/www.waltec.com.cn\/es\/author\/"},"uagb_comment_info":0,"uagb_excerpt":"Non &#8211; ferrous Metal Series Digital Display Vickers and Brinell Hardness Tester Meeting American Standards ZSW &#8211; 20 Digital Display Vickers Hardness Tester The digital display Vickers hardness tester is portable and can directly and quickly measure the hardness of aluminum alloy materials. Product Features Adopts advanced micro &#8211; photoelectric sensors to ensure the measurement&hellip;","_links":{"self":[{"href":"http:\/\/www.waltec.com.cn\/es\/wp-json\/wp\/v2\/product\/2471","targetHints":{"allow":["GET"]}}],"collection":[{"href":"http:\/\/www.waltec.com.cn\/es\/wp-json\/wp\/v2\/product"}],"about":[{"href":"http:\/\/www.waltec.com.cn\/es\/wp-json\/wp\/v2\/types\/product"}],"wp:featuredmedia":[{"embeddable":true,"href":"http:\/\/www.waltec.com.cn\/es\/wp-json\/wp\/v2\/media\/2458"}],"wp:attachment":[{"href":"http:\/\/www.waltec.com.cn\/es\/wp-json\/wp\/v2\/media?parent=2471"}],"wp:term":[{"taxonomy":"product_cat","embeddable":true,"href":"http:\/\/www.waltec.com.cn\/es\/wp-json\/wp\/v2\/product_cat?post=2471"},{"taxonomy":"product_tag","embeddable":true,"href":"http:\/\/www.waltec.com.cn\/es\/wp-json\/wp\/v2\/product_tag?post=2471"}],"curies":[{"name":"wp","href":"https:\/\/api.w.org\/{rel}","templated":true}]}}