{"id":2473,"date":"2025-03-21T13:56:48","date_gmt":"2025-03-21T05:56:48","guid":{"rendered":"http:\/\/www.waltec.com.cn\/?post_type=product&#038;p=2473"},"modified":"2025-03-21T13:57:18","modified_gmt":"2025-03-21T05:57:18","slug":"zs934-digital-display-brinell-hardness-tester","status":"publish","type":"product","link":"http:\/\/www.waltec.com.cn\/es\/producto\/zs934-digital-display-brinell-hardness-tester\/","title":{"rendered":"Probador de dureza Brinell con pantalla digital ZS934"},"content":{"rendered":"<p>El probador de dureza Brinell con pantalla digital se utiliza principalmente en los sitios de producci\u00f3n de la industria de procesamiento de aluminio y la industria de fibra de vidrio.<\/p>\n<p>&nbsp;<\/p>\n<p><strong><b>Caracter\u00edsticas del producto<\/b><\/strong><\/p>\n<ol>\n<li>Se maneja con una sola mano. No requiere experiencia previa. Se puede usar en cualquier lugar de f\u00e1cil acceso.<\/li>\n<li>Muestra los valores de dureza digitalmente para evitar errores causados \u200b\u200bpor la observaci\u00f3n visual de la escala.<\/li>\n<li>Al convertir las unidades de dureza, se pueden obtener los valores de dureza Vickers, Rockwell, Vickers y Brinell correspondientes.<\/li>\n<li>Tiene alta sensibilidad. El instrumento cuenta con 100 escalas y su sensibilidad es mucho mayor que la de los dur\u00f3metros Vickers com\u00fanmente utilizados en la industria de las aleaciones de aluminio.<\/li>\n<li>Cumple con las normas: GB\/T3854 \u2013 2005, ASTM B648 \u2013 00, ASTM HD2583 \u2013 07<\/li>\n<\/ol>\n<p>&nbsp;<\/p>\n<table>\n<tbody>\n<tr>\n<td width=\"97\"><strong><b>Modelo<\/b><\/strong><\/td>\n<td width=\"498\"><strong><b>Materiales aplicables<\/b><\/strong><\/td>\n<\/tr>\n<tr>\n<td width=\"97\">ZS934<\/td>\n<td width=\"498\">Productos de fibra de vidrio, pl\u00e1sticos r\u00edgidos reforzados o no reforzados, aluminio y aleaciones de aluminio, lat\u00f3n y otros metales relativamente blandos.<\/td>\n<\/tr>\n<tr>\n<td width=\"97\">ZS935<\/td>\n<td width=\"498\">Pl\u00e1sticos m\u00e1s blandos, metales muy blandos<\/td>\n<\/tr>\n<tr>\n<td width=\"97\">ZS936<\/td>\n<td width=\"498\">Materiales muy blandos como plomo, cuero, madera.<\/td>\n<\/tr>\n<tr>\n<td width=\"97\">HBA &#8211; 1<\/td>\n<td width=\"498\">Productos de fibra de vidrio, pl\u00e1sticos r\u00edgidos reforzados o no reforzados, moldes de aleaci\u00f3n de aluminio y otros productos met\u00e1licos.<\/td>\n<\/tr>\n<\/tbody>\n<\/table>\n<p>&nbsp;<\/p>","protected":false},"excerpt":{"rendered":"<p>The digital display Brinell hardness tester is mainly used in the production sites of the aluminum processing industry and the fiberglass industry. &nbsp; Product Features Can be operated with one hand. No prior experience is required. It can be used anywhere within easy reach. Displays hardness values digitally to avoid errors caused by visual observation [&hellip;]<\/p>","protected":false},"featured_media":2465,"template":"","meta":{"_uag_custom_page_level_css":"","site-sidebar-layout":"default","site-content-layout":"","ast-site-content-layout":"default","site-content-style":"default","site-sidebar-style":"default","ast-global-header-display":"","ast-banner-title-visibility":"","ast-main-header-display":"","ast-hfb-above-header-display":"","ast-hfb-below-header-display":"","ast-hfb-mobile-header-display":"","site-post-title":"","ast-breadcrumbs-content":"","ast-featured-img":"","footer-sml-layout":"","theme-transparent-header-meta":"default","adv-header-id-meta":"","stick-header-meta":"","header-above-stick-meta":"","header-main-stick-meta":"","header-below-stick-meta":"","astra-migrate-meta-layouts":"set","ast-page-background-enabled":"default","ast-page-background-meta":{"desktop":{"background-color":"var(--ast-global-color-4)","background-image":"","background-repeat":"repeat","background-position":"center center","background-size":"auto","background-attachment":"scroll","background-type":"","background-media":"","overlay-type":"","overlay-color":"","overlay-opacity":"","overlay-gradient":""},"tablet":{"background-color":"","background-image":"","background-repeat":"repeat","background-position":"center center","background-size":"auto","background-attachment":"scroll","background-type":"","background-media":"","overlay-type":"","overlay-color":"","overlay-opacity":"","overlay-gradient":""},"mobile":{"background-color":"","background-image":"","background-repeat":"repeat","background-position":"center center","background-size":"auto","background-attachment":"scroll","background-type":"","background-media":"","overlay-type":"","overlay-color":"","overlay-opacity":"","overlay-gradient":""}},"ast-content-background-meta":{"desktop":{"background-color":"var(--ast-global-color-5)","background-image":"","background-repeat":"repeat","background-position":"center center","background-size":"auto","background-attachment":"scroll","background-type":"","background-media":"","overlay-type":"","overlay-color":"","overlay-opacity":"","overlay-gradient":""},"tablet":{"background-color":"var(--ast-global-color-5)","background-image":"","background-repeat":"repeat","background-position":"center center","background-size":"auto","background-attachment":"scroll","background-type":"","background-media":"","overlay-type":"","overlay-color":"","overlay-opacity":"","overlay-gradient":""},"mobile":{"background-color":"var(--ast-global-color-5)","background-image":"","background-repeat":"repeat","background-position":"center center","background-size":"auto","background-attachment":"scroll","background-type":"","background-media":"","overlay-type":"","overlay-color":"","overlay-opacity":"","overlay-gradient":""}}},"product_cat":[42],"product_tag":[],"class_list":{"0":"post-2473","1":"product","2":"type-product","3":"status-publish","4":"has-post-thumbnail","6":"product_cat-portable-hardness-tester-and-instrument","7":"desktop-align-left","8":"tablet-align-left","9":"mobile-align-left","11":"first","12":"instock","13":"shipping-taxable","14":"product-type-simple"},"yoast_head":"<!-- This site is optimized with the Yoast SEO Premium plugin v22.5 (Yoast SEO v24.3) - https:\/\/yoast.com\/wordpress\/plugins\/seo\/ -->\r\n<title>ZS934 Digital Display Brinell Hardness Tester - Jswaltec Testing machine<\/title>\r\n<meta name=\"robots\" content=\"index, follow, max-snippet:-1, max-image-preview:large, max-video-preview:-1\" \/>\r\n<link rel=\"canonical\" href=\"http:\/\/www.waltec.com.cn\/es\/producto\/zs934-digital-display-brinell-hardness-tester\/\" \/>\r\n<meta property=\"og:locale\" content=\"es_ES\" \/>\r\n<meta property=\"og:type\" content=\"article\" \/>\r\n<meta property=\"og:title\" content=\"ZS934 Digital Display Brinell Hardness Tester\" \/>\r\n<meta property=\"og:description\" content=\"The digital display Brinell hardness tester is mainly used in the production sites of the aluminum processing industry and the fiberglass industry. &nbsp; Product Features Can be operated with one hand. No prior experience is required. It can be used anywhere within easy reach. Displays hardness values digitally to avoid errors caused by visual observation [&hellip;]\" \/>\r\n<meta property=\"og:url\" content=\"http:\/\/www.waltec.com.cn\/es\/producto\/zs934-digital-display-brinell-hardness-tester\/\" \/>\r\n<meta property=\"og:site_name\" content=\"Jswaltec Testing machine\" \/>\r\n<meta property=\"article:modified_time\" content=\"2025-03-21T05:57:18+00:00\" \/>\r\n<meta property=\"og:image\" content=\"http:\/\/www.waltec.com.cn\/wp-content\/uploads\/2025\/03\/ZS934_Digital_Display_Brinell_Hardness_Tester.webp\" \/>\r\n\t<meta property=\"og:image:width\" content=\"500\" \/>\r\n\t<meta property=\"og:image:height\" content=\"500\" \/>\r\n\t<meta property=\"og:image:type\" content=\"image\/webp\" \/>\r\n<meta name=\"twitter:card\" content=\"summary_large_image\" \/>\r\n<meta name=\"twitter:label1\" content=\"Tiempo de lectura\" \/>\n\t<meta name=\"twitter:data1\" content=\"1 minuto\" \/>\r\n<script type=\"application\/ld+json\" class=\"yoast-schema-graph\">{\"@context\":\"https:\/\/schema.org\",\"@graph\":[{\"@type\":\"WebPage\",\"@id\":\"http:\/\/www.waltec.com.cn\/product\/zs934-digital-display-brinell-hardness-tester\/\",\"url\":\"http:\/\/www.waltec.com.cn\/product\/zs934-digital-display-brinell-hardness-tester\/\",\"name\":\"ZS934 Digital Display Brinell Hardness Tester - Jswaltec Testing machine\",\"isPartOf\":{\"@id\":\"http:\/\/www.waltec.com.cn\/#website\"},\"primaryImageOfPage\":{\"@id\":\"http:\/\/www.waltec.com.cn\/product\/zs934-digital-display-brinell-hardness-tester\/#primaryimage\"},\"image\":{\"@id\":\"http:\/\/www.waltec.com.cn\/product\/zs934-digital-display-brinell-hardness-tester\/#primaryimage\"},\"thumbnailUrl\":\"http:\/\/www.waltec.com.cn\/wp-content\/uploads\/2025\/03\/ZS934_Digital_Display_Brinell_Hardness_Tester.webp\",\"datePublished\":\"2025-03-21T05:56:48+00:00\",\"dateModified\":\"2025-03-21T05:57:18+00:00\",\"breadcrumb\":{\"@id\":\"http:\/\/www.waltec.com.cn\/product\/zs934-digital-display-brinell-hardness-tester\/#breadcrumb\"},\"inLanguage\":\"es\",\"potentialAction\":[{\"@type\":\"ReadAction\",\"target\":[\"http:\/\/www.waltec.com.cn\/product\/zs934-digital-display-brinell-hardness-tester\/\"]}]},{\"@type\":\"ImageObject\",\"inLanguage\":\"es\",\"@id\":\"http:\/\/www.waltec.com.cn\/product\/zs934-digital-display-brinell-hardness-tester\/#primaryimage\",\"url\":\"http:\/\/www.waltec.com.cn\/wp-content\/uploads\/2025\/03\/ZS934_Digital_Display_Brinell_Hardness_Tester.webp\",\"contentUrl\":\"http:\/\/www.waltec.com.cn\/wp-content\/uploads\/2025\/03\/ZS934_Digital_Display_Brinell_Hardness_Tester.webp\",\"width\":500,\"height\":500},{\"@type\":\"BreadcrumbList\",\"@id\":\"http:\/\/www.waltec.com.cn\/product\/zs934-digital-display-brinell-hardness-tester\/#breadcrumb\",\"itemListElement\":[{\"@type\":\"ListItem\",\"position\":1,\"name\":\"Home\",\"item\":\"http:\/\/www.waltec.com.cn\/\"},{\"@type\":\"ListItem\",\"position\":2,\"name\":\"Products\",\"item\":\"http:\/\/www.waltec.com.cn\/shop\/\"},{\"@type\":\"ListItem\",\"position\":3,\"name\":\"ZS934 Digital Display Brinell Hardness Tester\"}]},{\"@type\":\"WebSite\",\"@id\":\"http:\/\/www.waltec.com.cn\/#website\",\"url\":\"http:\/\/www.waltec.com.cn\/\",\"name\":\"Jswaltec Testing machine\",\"description\":\"\",\"publisher\":{\"@id\":\"http:\/\/www.waltec.com.cn\/#organization\"},\"potentialAction\":[{\"@type\":\"SearchAction\",\"target\":{\"@type\":\"EntryPoint\",\"urlTemplate\":\"http:\/\/www.waltec.com.cn\/?s={search_term_string}\"},\"query-input\":{\"@type\":\"PropertyValueSpecification\",\"valueRequired\":true,\"valueName\":\"search_term_string\"}}],\"inLanguage\":\"es\"},{\"@type\":\"Organization\",\"@id\":\"http:\/\/www.waltec.com.cn\/#organization\",\"name\":\"JIANGSU WALLONG-HSIN MACHINERY ENGINEERING CORPORATION LTD.\",\"url\":\"http:\/\/www.waltec.com.cn\/\",\"logo\":{\"@type\":\"ImageObject\",\"inLanguage\":\"es\",\"@id\":\"http:\/\/www.waltec.com.cn\/#\/schema\/logo\/image\/\",\"url\":\"http:\/\/www.waltec.com.cn\/wp-content\/uploads\/2024\/08\/01.jpg\",\"contentUrl\":\"http:\/\/www.waltec.com.cn\/wp-content\/uploads\/2024\/08\/01.jpg\",\"width\":1217,\"height\":221,\"caption\":\"JIANGSU WALLONG-HSIN MACHINERY ENGINEERING CORPORATION LTD.\"},\"image\":{\"@id\":\"http:\/\/www.waltec.com.cn\/#\/schema\/logo\/image\/\"}}]}<\/script>\r\n<!-- \/ Yoast SEO Premium plugin. -->","yoast_head_json":{"title":"ZS934 Digital Display Brinell Hardness Tester - Jswaltec Testing machine","robots":{"index":"index","follow":"follow","max-snippet":"max-snippet:-1","max-image-preview":"max-image-preview:large","max-video-preview":"max-video-preview:-1"},"canonical":"http:\/\/www.waltec.com.cn\/es\/producto\/zs934-digital-display-brinell-hardness-tester\/","og_locale":"es_ES","og_type":"article","og_title":"ZS934 Digital Display Brinell Hardness Tester","og_description":"The digital display Brinell hardness tester is mainly used in the production sites of the aluminum processing industry and the fiberglass industry. &nbsp; Product Features Can be operated with one hand. No prior experience is required. It can be used anywhere within easy reach. Displays hardness values digitally to avoid errors caused by visual observation [&hellip;]","og_url":"http:\/\/www.waltec.com.cn\/es\/producto\/zs934-digital-display-brinell-hardness-tester\/","og_site_name":"Jswaltec Testing machine","article_modified_time":"2025-03-21T05:57:18+00:00","og_image":[{"width":500,"height":500,"url":"http:\/\/www.waltec.com.cn\/wp-content\/uploads\/2025\/03\/ZS934_Digital_Display_Brinell_Hardness_Tester.webp","type":"image\/webp"}],"twitter_card":"summary_large_image","twitter_misc":{"Tiempo de lectura":"1 minuto"},"schema":{"@context":"https:\/\/schema.org","@graph":[{"@type":"WebPage","@id":"http:\/\/www.waltec.com.cn\/product\/zs934-digital-display-brinell-hardness-tester\/","url":"http:\/\/www.waltec.com.cn\/product\/zs934-digital-display-brinell-hardness-tester\/","name":"ZS934 Digital Display Brinell Hardness Tester - Jswaltec Testing machine","isPartOf":{"@id":"http:\/\/www.waltec.com.cn\/#website"},"primaryImageOfPage":{"@id":"http:\/\/www.waltec.com.cn\/product\/zs934-digital-display-brinell-hardness-tester\/#primaryimage"},"image":{"@id":"http:\/\/www.waltec.com.cn\/product\/zs934-digital-display-brinell-hardness-tester\/#primaryimage"},"thumbnailUrl":"http:\/\/www.waltec.com.cn\/wp-content\/uploads\/2025\/03\/ZS934_Digital_Display_Brinell_Hardness_Tester.webp","datePublished":"2025-03-21T05:56:48+00:00","dateModified":"2025-03-21T05:57:18+00:00","breadcrumb":{"@id":"http:\/\/www.waltec.com.cn\/product\/zs934-digital-display-brinell-hardness-tester\/#breadcrumb"},"inLanguage":"es","potentialAction":[{"@type":"ReadAction","target":["http:\/\/www.waltec.com.cn\/product\/zs934-digital-display-brinell-hardness-tester\/"]}]},{"@type":"ImageObject","inLanguage":"es","@id":"http:\/\/www.waltec.com.cn\/product\/zs934-digital-display-brinell-hardness-tester\/#primaryimage","url":"http:\/\/www.waltec.com.cn\/wp-content\/uploads\/2025\/03\/ZS934_Digital_Display_Brinell_Hardness_Tester.webp","contentUrl":"http:\/\/www.waltec.com.cn\/wp-content\/uploads\/2025\/03\/ZS934_Digital_Display_Brinell_Hardness_Tester.webp","width":500,"height":500},{"@type":"BreadcrumbList","@id":"http:\/\/www.waltec.com.cn\/product\/zs934-digital-display-brinell-hardness-tester\/#breadcrumb","itemListElement":[{"@type":"ListItem","position":1,"name":"Home","item":"http:\/\/www.waltec.com.cn\/"},{"@type":"ListItem","position":2,"name":"Products","item":"http:\/\/www.waltec.com.cn\/shop\/"},{"@type":"ListItem","position":3,"name":"ZS934 Digital Display Brinell Hardness Tester"}]},{"@type":"WebSite","@id":"http:\/\/www.waltec.com.cn\/#website","url":"http:\/\/www.waltec.com.cn\/","name":"Jswaltec Testing machine","description":"","publisher":{"@id":"http:\/\/www.waltec.com.cn\/#organization"},"potentialAction":[{"@type":"SearchAction","target":{"@type":"EntryPoint","urlTemplate":"http:\/\/www.waltec.com.cn\/?s={search_term_string}"},"query-input":{"@type":"PropertyValueSpecification","valueRequired":true,"valueName":"search_term_string"}}],"inLanguage":"es"},{"@type":"Organization","@id":"http:\/\/www.waltec.com.cn\/#organization","name":"JIANGSU WALLONG-HSIN MACHINERY ENGINEERING CORPORATION LTD.","url":"http:\/\/www.waltec.com.cn\/","logo":{"@type":"ImageObject","inLanguage":"es","@id":"http:\/\/www.waltec.com.cn\/#\/schema\/logo\/image\/","url":"http:\/\/www.waltec.com.cn\/wp-content\/uploads\/2024\/08\/01.jpg","contentUrl":"http:\/\/www.waltec.com.cn\/wp-content\/uploads\/2024\/08\/01.jpg","width":1217,"height":221,"caption":"JIANGSU WALLONG-HSIN MACHINERY ENGINEERING CORPORATION LTD."},"image":{"@id":"http:\/\/www.waltec.com.cn\/#\/schema\/logo\/image\/"}}]}},"uagb_featured_image_src":{"full":["http:\/\/www.waltec.com.cn\/wp-content\/uploads\/2025\/03\/ZS934_Digital_Display_Brinell_Hardness_Tester.webp",500,500,false],"thumbnail":["http:\/\/www.waltec.com.cn\/wp-content\/uploads\/2025\/03\/ZS934_Digital_Display_Brinell_Hardness_Tester-150x150.webp",150,150,true],"medium":["http:\/\/www.waltec.com.cn\/wp-content\/uploads\/2025\/03\/ZS934_Digital_Display_Brinell_Hardness_Tester-300x300.webp",300,300,true],"medium_large":["http:\/\/www.waltec.com.cn\/wp-content\/uploads\/2025\/03\/ZS934_Digital_Display_Brinell_Hardness_Tester.webp",500,500,false],"large":["http:\/\/www.waltec.com.cn\/wp-content\/uploads\/2025\/03\/ZS934_Digital_Display_Brinell_Hardness_Tester.webp",500,500,false],"1536x1536":["http:\/\/www.waltec.com.cn\/wp-content\/uploads\/2025\/03\/ZS934_Digital_Display_Brinell_Hardness_Tester.webp",500,500,false],"2048x2048":["http:\/\/www.waltec.com.cn\/wp-content\/uploads\/2025\/03\/ZS934_Digital_Display_Brinell_Hardness_Tester.webp",500,500,false],"trp-custom-language-flag":["http:\/\/www.waltec.com.cn\/wp-content\/uploads\/2025\/03\/ZS934_Digital_Display_Brinell_Hardness_Tester-12x12.webp",12,12,true],"woocommerce_thumbnail":["http:\/\/www.waltec.com.cn\/wp-content\/uploads\/2025\/03\/ZS934_Digital_Display_Brinell_Hardness_Tester-300x300.webp",300,300,true],"woocommerce_single":["http:\/\/www.waltec.com.cn\/wp-content\/uploads\/2025\/03\/ZS934_Digital_Display_Brinell_Hardness_Tester.webp",500,500,false],"woocommerce_gallery_thumbnail":["http:\/\/www.waltec.com.cn\/wp-content\/uploads\/2025\/03\/ZS934_Digital_Display_Brinell_Hardness_Tester-100x100.webp",100,100,true]},"uagb_author_info":{"display_name":"Jswaltec","author_link":"http:\/\/www.waltec.com.cn\/es\/author\/"},"uagb_comment_info":0,"uagb_excerpt":"The digital display Brinell hardness tester is mainly used in the production sites of the aluminum processing industry and the fiberglass industry. &nbsp; Product Features Can be operated with one hand. No prior experience is required. It can be used anywhere within easy reach. Displays hardness values digitally to avoid errors caused by visual observation&hellip;","_links":{"self":[{"href":"http:\/\/www.waltec.com.cn\/es\/wp-json\/wp\/v2\/product\/2473","targetHints":{"allow":["GET"]}}],"collection":[{"href":"http:\/\/www.waltec.com.cn\/es\/wp-json\/wp\/v2\/product"}],"about":[{"href":"http:\/\/www.waltec.com.cn\/es\/wp-json\/wp\/v2\/types\/product"}],"wp:featuredmedia":[{"embeddable":true,"href":"http:\/\/www.waltec.com.cn\/es\/wp-json\/wp\/v2\/media\/2465"}],"wp:attachment":[{"href":"http:\/\/www.waltec.com.cn\/es\/wp-json\/wp\/v2\/media?parent=2473"}],"wp:term":[{"taxonomy":"product_cat","embeddable":true,"href":"http:\/\/www.waltec.com.cn\/es\/wp-json\/wp\/v2\/product_cat?post=2473"},{"taxonomy":"product_tag","embeddable":true,"href":"http:\/\/www.waltec.com.cn\/es\/wp-json\/wp\/v2\/product_tag?post=2473"}],"curies":[{"name":"wp","href":"https:\/\/api.w.org\/{rel}","templated":true}]}}