{"id":2477,"date":"2025-03-21T14:48:54","date_gmt":"2025-03-21T06:48:54","guid":{"rendered":"http:\/\/www.waltec.com.cn\/?post_type=product&#038;p=2477"},"modified":"2025-03-21T14:48:55","modified_gmt":"2025-03-21T06:48:55","slug":"plastic-and-rubber-series-digital-shore-durometer","status":"publish","type":"product","link":"http:\/\/www.waltec.com.cn\/es\/producto\/plastic-and-rubber-series-digital-shore-durometer\/","title":{"rendered":"Dur\u00f3metro digital Shore serie pl\u00e1stico y caucho"},"content":{"rendered":"<p>Cumple con los est\u00e1ndares estadounidenses<\/p>\n<p><strong><b>Introducci\u00f3n del producto<\/b><\/strong><strong><b><br \/>\n<\/b><\/strong>El dur\u00f3metro Shore es port\u00e1til, presenta una pantalla de resultados sencilla, es f\u00e1cil de usar y proporciona mediciones r\u00e1pidas. Es especialmente adecuado para la determinaci\u00f3n de dureza in situ. Se ha utilizado durante mucho tiempo para determinar la dureza de productos terminados y semiterminados, as\u00ed como para controlar la calidad de productos de caucho.<\/p>\n<p><strong><b>Caracter\u00edsticas del producto<\/b><\/strong><\/p>\n<ol>\n<li>Valores de medici\u00f3n precisos, operaci\u00f3n simple y f\u00e1cil de transportar.<\/li>\n<li>Funci\u00f3n de apagado autom\u00e1tico.<\/li>\n<li>Funciones de c\u00e1lculo de valor pico, retenci\u00f3n y promedio.<\/li>\n<li>Pantalla LCD de gran tama\u00f1o.<\/li>\n<li>Amplias funciones de gesti\u00f3n de datos.<\/li>\n<li>Abundantes modos de medici\u00f3n.<\/li>\n<li>Normas aplicables: ASTM D 2240, GB\/T 531.1, ISO7619 \u2013 1<\/li>\n<\/ol>\n<p><strong><b>Serie de dur\u00f3metros Shore, configuraci\u00f3n b\u00e1sica, que se refiere principalmente a las normas ASTM<\/b><\/strong><\/p>\n<p>&nbsp;<\/p>\n<table border=\"1px solid black\">\n<tbody>\n<tr>\n<td width=\"136\"><strong><b>Tipo<\/b><\/strong><\/td>\n<td width=\"142\"><strong><b>S &#8211; A Type<\/b><\/strong><\/td>\n<td width=\"123\"><strong><b>S &#8211; C Type<\/b><\/strong><\/td>\n<td width=\"136\"><strong><b>S &#8211; D Type<\/b><\/strong><\/td>\n<td width=\"131\"><strong><b>S &#8211; B Type<\/b><\/strong><\/td>\n<td width=\"131\"><strong><b>S &#8211; OO Type<\/b><\/strong><\/td>\n<td width=\"131\"><strong><b>S &#8211; O Type<\/b><\/strong><\/td>\n<td width=\"131\"><strong><b>S &#8211; DO Type<\/b><\/strong><\/td>\n<\/tr>\n<tr>\n<td width=\"136\">Materiales aplicables<\/td>\n<td width=\"142\">Caucho vulcanizado blando, caucho natural, elast\u00f3mero termopl\u00e1stico, pl\u00e1stico de polipropileno flexible y pl\u00e1stico termoendurecible, cera, fieltro y materiales similares al cuero para pruebas de dureza.<\/td>\n<td width=\"123\">Caucho semiduro, elast\u00f3mero termopl\u00e1stico, pl\u00e1stico semiduro.<\/td>\n<td width=\"136\">Caucho duro, elast\u00f3mero termopl\u00e1stico, pl\u00e1stico duro y pl\u00e1stico termoendurecible duro.<\/td>\n<td width=\"131\">Caucho de dureza media, elast\u00f3mero termopl\u00e1stico, materiales fibrosos.<\/td>\n<td width=\"131\">Caucho blando, elast\u00f3mero termopl\u00e1stico, esponja, pl\u00e1stico muy blando, conjuntos textiles de densidad media, etc.<\/td>\n<td width=\"131\">Caucho muy blando, elast\u00f3mero termopl\u00e1stico, esponja, pl\u00e1stico muy blando, espuma, conjuntos textiles de baja densidad, tejidos humanos y animales.<\/td>\n<td width=\"131\">Caucho de dureza media, elast\u00f3mero termopl\u00e1stico y conjuntos textiles muy densos.<\/td>\n<\/tr>\n<tr>\n<td width=\"136\">Penetrador<\/td>\n<td colspan=\"2\" width=\"265\"><\/td>\n<td colspan=\"3\" width=\"267\"><\/td>\n<td colspan=\"3\" width=\"393\"><\/td>\n<\/tr>\n<tr>\n<td width=\"136\">Rango de medici\u00f3n<\/td>\n<td colspan=\"8\" width=\"926\">0 &#8211; 100H<\/td>\n<\/tr>\n<tr>\n<td width=\"136\">Error de medici\u00f3n<\/td>\n<td colspan=\"8\" width=\"926\">Dentro del rango de 20 \u2013 90H, el error \u2264 \u00b1 1H<\/td>\n<\/tr>\n<tr>\n<td colspan=\"4\" width=\"469\">Cuando el valor de la escala D sea inferior a 20, utilice la escala A.<br \/>\nCuando el valor de la escala A sea mayor que 90, utilice la escala D.<br \/>\nCuando el valor de la escala A sea inferior a 20, utilice la escala O.<\/td>\n<td colspan=\"5\" width=\"594\">La escala A es adecuada para el rango de dureza general.<br \/>\nLa escala D es adecuada para el rango de dureza alta.<br \/>\nLa escala O es adecuada para caucho o esponja de baja dureza.<\/td>\n<\/tr>\n<\/tbody>\n<\/table>\n<p>&nbsp;<\/p>\n<h3><strong><b>\u00a0<\/b><\/strong><\/h3>","protected":false},"excerpt":{"rendered":"<p>Meets American Standards Product Introduction The Shore durometer is portable, has simple results display, easy &#8211; to &#8211; operate, and provides quick measurements. It is especially suitable for on &#8211; site hardness determination. For a long time, it has been used for the determination of hardness properties of finished and semi &#8211; finished products, as [&hellip;]<\/p>","protected":false},"featured_media":2459,"template":"","meta":{"_uag_custom_page_level_css":"","site-sidebar-layout":"default","site-content-layout":"","ast-site-content-layout":"default","site-content-style":"default","site-sidebar-style":"default","ast-global-header-display":"","ast-banner-title-visibility":"","ast-main-header-display":"","ast-hfb-above-header-display":"","ast-hfb-below-header-display":"","ast-hfb-mobile-header-display":"","site-post-title":"","ast-breadcrumbs-content":"","ast-featured-img":"","footer-sml-layout":"","theme-transparent-header-meta":"default","adv-header-id-meta":"","stick-header-meta":"","header-above-stick-meta":"","header-main-stick-meta":"","header-below-stick-meta":"","astra-migrate-meta-layouts":"set","ast-page-background-enabled":"default","ast-page-background-meta":{"desktop":{"background-color":"var(--ast-global-color-4)","background-image":"","background-repeat":"repeat","background-position":"center center","background-size":"auto","background-attachment":"scroll","background-type":"","background-media":"","overlay-type":"","overlay-color":"","overlay-opacity":"","overlay-gradient":""},"tablet":{"background-color":"","background-image":"","background-repeat":"repeat","background-position":"center center","background-size":"auto","background-attachment":"scroll","background-type":"","background-media":"","overlay-type":"","overlay-color":"","overlay-opacity":"","overlay-gradient":""},"mobile":{"background-color":"","background-image":"","background-repeat":"repeat","background-position":"center center","background-size":"auto","background-attachment":"scroll","background-type":"","background-media":"","overlay-type":"","overlay-color":"","overlay-opacity":"","overlay-gradient":""}},"ast-content-background-meta":{"desktop":{"background-color":"var(--ast-global-color-5)","background-image":"","background-repeat":"repeat","background-position":"center center","background-size":"auto","background-attachment":"scroll","background-type":"","background-media":"","overlay-type":"","overlay-color":"","overlay-opacity":"","overlay-gradient":""},"tablet":{"background-color":"var(--ast-global-color-5)","background-image":"","background-repeat":"repeat","background-position":"center center","background-size":"auto","background-attachment":"scroll","background-type":"","background-media":"","overlay-type":"","overlay-color":"","overlay-opacity":"","overlay-gradient":""},"mobile":{"background-color":"var(--ast-global-color-5)","background-image":"","background-repeat":"repeat","background-position":"center center","background-size":"auto","background-attachment":"scroll","background-type":"","background-media":"","overlay-type":"","overlay-color":"","overlay-opacity":"","overlay-gradient":""}}},"product_cat":[42],"product_tag":[],"class_list":{"0":"post-2477","1":"product","2":"type-product","3":"status-publish","4":"has-post-thumbnail","6":"product_cat-portable-hardness-tester-and-instrument","7":"desktop-align-left","8":"tablet-align-left","9":"mobile-align-left","11":"first","12":"instock","13":"shipping-taxable","14":"product-type-simple"},"yoast_head":"<!-- This site is optimized with the Yoast SEO Premium plugin v22.5 (Yoast SEO v24.3) - https:\/\/yoast.com\/wordpress\/plugins\/seo\/ -->\r\n<title>Plastic and Rubber Series Digital Shore Durometer - Jswaltec Testing machine<\/title>\r\n<meta name=\"robots\" content=\"index, follow, max-snippet:-1, max-image-preview:large, max-video-preview:-1\" \/>\r\n<link rel=\"canonical\" href=\"http:\/\/www.waltec.com.cn\/es\/producto\/plastic-and-rubber-series-digital-shore-durometer\/\" \/>\r\n<meta property=\"og:locale\" content=\"es_ES\" \/>\r\n<meta property=\"og:type\" content=\"article\" \/>\r\n<meta property=\"og:title\" content=\"Plastic and Rubber Series Digital Shore Durometer\" \/>\r\n<meta property=\"og:description\" content=\"Meets American Standards Product Introduction The Shore durometer is portable, has simple results display, easy &#8211; to &#8211; operate, and provides quick measurements. It is especially suitable for on &#8211; site hardness determination. For a long time, it has been used for the determination of hardness properties of finished and semi &#8211; finished products, as [&hellip;]\" \/>\r\n<meta property=\"og:url\" content=\"http:\/\/www.waltec.com.cn\/es\/producto\/plastic-and-rubber-series-digital-shore-durometer\/\" \/>\r\n<meta property=\"og:site_name\" content=\"Jswaltec Testing machine\" \/>\r\n<meta property=\"article:modified_time\" content=\"2025-03-21T06:48:55+00:00\" \/>\r\n<meta property=\"og:image\" content=\"http:\/\/www.waltec.com.cn\/wp-content\/uploads\/2025\/03\/Plastic_and_Rubber_Series_Digital_Shore_Durometer.webp\" \/>\r\n\t<meta property=\"og:image:width\" content=\"500\" \/>\r\n\t<meta property=\"og:image:height\" content=\"500\" \/>\r\n\t<meta property=\"og:image:type\" content=\"image\/webp\" \/>\r\n<meta name=\"twitter:card\" content=\"summary_large_image\" \/>\r\n<meta name=\"twitter:label1\" content=\"Tiempo de lectura\" \/>\n\t<meta name=\"twitter:data1\" content=\"2 minutos\" \/>\r\n<script type=\"application\/ld+json\" class=\"yoast-schema-graph\">{\"@context\":\"https:\/\/schema.org\",\"@graph\":[{\"@type\":\"WebPage\",\"@id\":\"http:\/\/www.waltec.com.cn\/product\/plastic-and-rubber-series-digital-shore-durometer\/\",\"url\":\"http:\/\/www.waltec.com.cn\/product\/plastic-and-rubber-series-digital-shore-durometer\/\",\"name\":\"Plastic and Rubber Series Digital Shore Durometer - Jswaltec Testing machine\",\"isPartOf\":{\"@id\":\"http:\/\/www.waltec.com.cn\/#website\"},\"primaryImageOfPage\":{\"@id\":\"http:\/\/www.waltec.com.cn\/product\/plastic-and-rubber-series-digital-shore-durometer\/#primaryimage\"},\"image\":{\"@id\":\"http:\/\/www.waltec.com.cn\/product\/plastic-and-rubber-series-digital-shore-durometer\/#primaryimage\"},\"thumbnailUrl\":\"http:\/\/www.waltec.com.cn\/wp-content\/uploads\/2025\/03\/Plastic_and_Rubber_Series_Digital_Shore_Durometer.webp\",\"datePublished\":\"2025-03-21T06:48:54+00:00\",\"dateModified\":\"2025-03-21T06:48:55+00:00\",\"breadcrumb\":{\"@id\":\"http:\/\/www.waltec.com.cn\/product\/plastic-and-rubber-series-digital-shore-durometer\/#breadcrumb\"},\"inLanguage\":\"es\",\"potentialAction\":[{\"@type\":\"ReadAction\",\"target\":[\"http:\/\/www.waltec.com.cn\/product\/plastic-and-rubber-series-digital-shore-durometer\/\"]}]},{\"@type\":\"ImageObject\",\"inLanguage\":\"es\",\"@id\":\"http:\/\/www.waltec.com.cn\/product\/plastic-and-rubber-series-digital-shore-durometer\/#primaryimage\",\"url\":\"http:\/\/www.waltec.com.cn\/wp-content\/uploads\/2025\/03\/Plastic_and_Rubber_Series_Digital_Shore_Durometer.webp\",\"contentUrl\":\"http:\/\/www.waltec.com.cn\/wp-content\/uploads\/2025\/03\/Plastic_and_Rubber_Series_Digital_Shore_Durometer.webp\",\"width\":500,\"height\":500},{\"@type\":\"BreadcrumbList\",\"@id\":\"http:\/\/www.waltec.com.cn\/product\/plastic-and-rubber-series-digital-shore-durometer\/#breadcrumb\",\"itemListElement\":[{\"@type\":\"ListItem\",\"position\":1,\"name\":\"Home\",\"item\":\"http:\/\/www.waltec.com.cn\/\"},{\"@type\":\"ListItem\",\"position\":2,\"name\":\"Products\",\"item\":\"http:\/\/www.waltec.com.cn\/shop\/\"},{\"@type\":\"ListItem\",\"position\":3,\"name\":\"Plastic and Rubber Series Digital Shore Durometer\"}]},{\"@type\":\"WebSite\",\"@id\":\"http:\/\/www.waltec.com.cn\/#website\",\"url\":\"http:\/\/www.waltec.com.cn\/\",\"name\":\"Jswaltec Testing machine\",\"description\":\"\",\"publisher\":{\"@id\":\"http:\/\/www.waltec.com.cn\/#organization\"},\"potentialAction\":[{\"@type\":\"SearchAction\",\"target\":{\"@type\":\"EntryPoint\",\"urlTemplate\":\"http:\/\/www.waltec.com.cn\/?s={search_term_string}\"},\"query-input\":{\"@type\":\"PropertyValueSpecification\",\"valueRequired\":true,\"valueName\":\"search_term_string\"}}],\"inLanguage\":\"es\"},{\"@type\":\"Organization\",\"@id\":\"http:\/\/www.waltec.com.cn\/#organization\",\"name\":\"JIANGSU WALLONG-HSIN MACHINERY ENGINEERING CORPORATION LTD.\",\"url\":\"http:\/\/www.waltec.com.cn\/\",\"logo\":{\"@type\":\"ImageObject\",\"inLanguage\":\"es\",\"@id\":\"http:\/\/www.waltec.com.cn\/#\/schema\/logo\/image\/\",\"url\":\"http:\/\/www.waltec.com.cn\/wp-content\/uploads\/2024\/08\/01.jpg\",\"contentUrl\":\"http:\/\/www.waltec.com.cn\/wp-content\/uploads\/2024\/08\/01.jpg\",\"width\":1217,\"height\":221,\"caption\":\"JIANGSU WALLONG-HSIN MACHINERY ENGINEERING CORPORATION LTD.\"},\"image\":{\"@id\":\"http:\/\/www.waltec.com.cn\/#\/schema\/logo\/image\/\"}}]}<\/script>\r\n<!-- \/ Yoast SEO Premium plugin. -->","yoast_head_json":{"title":"Plastic and Rubber Series Digital Shore Durometer - Jswaltec Testing machine","robots":{"index":"index","follow":"follow","max-snippet":"max-snippet:-1","max-image-preview":"max-image-preview:large","max-video-preview":"max-video-preview:-1"},"canonical":"http:\/\/www.waltec.com.cn\/es\/producto\/plastic-and-rubber-series-digital-shore-durometer\/","og_locale":"es_ES","og_type":"article","og_title":"Plastic and Rubber Series Digital Shore Durometer","og_description":"Meets American Standards Product Introduction The Shore durometer is portable, has simple results display, easy &#8211; to &#8211; operate, and provides quick measurements. It is especially suitable for on &#8211; site hardness determination. For a long time, it has been used for the determination of hardness properties of finished and semi &#8211; finished products, as [&hellip;]","og_url":"http:\/\/www.waltec.com.cn\/es\/producto\/plastic-and-rubber-series-digital-shore-durometer\/","og_site_name":"Jswaltec Testing machine","article_modified_time":"2025-03-21T06:48:55+00:00","og_image":[{"width":500,"height":500,"url":"http:\/\/www.waltec.com.cn\/wp-content\/uploads\/2025\/03\/Plastic_and_Rubber_Series_Digital_Shore_Durometer.webp","type":"image\/webp"}],"twitter_card":"summary_large_image","twitter_misc":{"Tiempo de lectura":"2 minutos"},"schema":{"@context":"https:\/\/schema.org","@graph":[{"@type":"WebPage","@id":"http:\/\/www.waltec.com.cn\/product\/plastic-and-rubber-series-digital-shore-durometer\/","url":"http:\/\/www.waltec.com.cn\/product\/plastic-and-rubber-series-digital-shore-durometer\/","name":"Plastic and Rubber Series Digital Shore Durometer - Jswaltec Testing machine","isPartOf":{"@id":"http:\/\/www.waltec.com.cn\/#website"},"primaryImageOfPage":{"@id":"http:\/\/www.waltec.com.cn\/product\/plastic-and-rubber-series-digital-shore-durometer\/#primaryimage"},"image":{"@id":"http:\/\/www.waltec.com.cn\/product\/plastic-and-rubber-series-digital-shore-durometer\/#primaryimage"},"thumbnailUrl":"http:\/\/www.waltec.com.cn\/wp-content\/uploads\/2025\/03\/Plastic_and_Rubber_Series_Digital_Shore_Durometer.webp","datePublished":"2025-03-21T06:48:54+00:00","dateModified":"2025-03-21T06:48:55+00:00","breadcrumb":{"@id":"http:\/\/www.waltec.com.cn\/product\/plastic-and-rubber-series-digital-shore-durometer\/#breadcrumb"},"inLanguage":"es","potentialAction":[{"@type":"ReadAction","target":["http:\/\/www.waltec.com.cn\/product\/plastic-and-rubber-series-digital-shore-durometer\/"]}]},{"@type":"ImageObject","inLanguage":"es","@id":"http:\/\/www.waltec.com.cn\/product\/plastic-and-rubber-series-digital-shore-durometer\/#primaryimage","url":"http:\/\/www.waltec.com.cn\/wp-content\/uploads\/2025\/03\/Plastic_and_Rubber_Series_Digital_Shore_Durometer.webp","contentUrl":"http:\/\/www.waltec.com.cn\/wp-content\/uploads\/2025\/03\/Plastic_and_Rubber_Series_Digital_Shore_Durometer.webp","width":500,"height":500},{"@type":"BreadcrumbList","@id":"http:\/\/www.waltec.com.cn\/product\/plastic-and-rubber-series-digital-shore-durometer\/#breadcrumb","itemListElement":[{"@type":"ListItem","position":1,"name":"Home","item":"http:\/\/www.waltec.com.cn\/"},{"@type":"ListItem","position":2,"name":"Products","item":"http:\/\/www.waltec.com.cn\/shop\/"},{"@type":"ListItem","position":3,"name":"Plastic and Rubber Series Digital Shore Durometer"}]},{"@type":"WebSite","@id":"http:\/\/www.waltec.com.cn\/#website","url":"http:\/\/www.waltec.com.cn\/","name":"Jswaltec Testing machine","description":"","publisher":{"@id":"http:\/\/www.waltec.com.cn\/#organization"},"potentialAction":[{"@type":"SearchAction","target":{"@type":"EntryPoint","urlTemplate":"http:\/\/www.waltec.com.cn\/?s={search_term_string}"},"query-input":{"@type":"PropertyValueSpecification","valueRequired":true,"valueName":"search_term_string"}}],"inLanguage":"es"},{"@type":"Organization","@id":"http:\/\/www.waltec.com.cn\/#organization","name":"JIANGSU WALLONG-HSIN MACHINERY ENGINEERING CORPORATION LTD.","url":"http:\/\/www.waltec.com.cn\/","logo":{"@type":"ImageObject","inLanguage":"es","@id":"http:\/\/www.waltec.com.cn\/#\/schema\/logo\/image\/","url":"http:\/\/www.waltec.com.cn\/wp-content\/uploads\/2024\/08\/01.jpg","contentUrl":"http:\/\/www.waltec.com.cn\/wp-content\/uploads\/2024\/08\/01.jpg","width":1217,"height":221,"caption":"JIANGSU WALLONG-HSIN MACHINERY ENGINEERING CORPORATION LTD."},"image":{"@id":"http:\/\/www.waltec.com.cn\/#\/schema\/logo\/image\/"}}]}},"uagb_featured_image_src":{"full":["http:\/\/www.waltec.com.cn\/wp-content\/uploads\/2025\/03\/Plastic_and_Rubber_Series_Digital_Shore_Durometer.webp",500,500,false],"thumbnail":["http:\/\/www.waltec.com.cn\/wp-content\/uploads\/2025\/03\/Plastic_and_Rubber_Series_Digital_Shore_Durometer-150x150.webp",150,150,true],"medium":["http:\/\/www.waltec.com.cn\/wp-content\/uploads\/2025\/03\/Plastic_and_Rubber_Series_Digital_Shore_Durometer-300x300.webp",300,300,true],"medium_large":["http:\/\/www.waltec.com.cn\/wp-content\/uploads\/2025\/03\/Plastic_and_Rubber_Series_Digital_Shore_Durometer.webp",500,500,false],"large":["http:\/\/www.waltec.com.cn\/wp-content\/uploads\/2025\/03\/Plastic_and_Rubber_Series_Digital_Shore_Durometer.webp",500,500,false],"1536x1536":["http:\/\/www.waltec.com.cn\/wp-content\/uploads\/2025\/03\/Plastic_and_Rubber_Series_Digital_Shore_Durometer.webp",500,500,false],"2048x2048":["http:\/\/www.waltec.com.cn\/wp-content\/uploads\/2025\/03\/Plastic_and_Rubber_Series_Digital_Shore_Durometer.webp",500,500,false],"trp-custom-language-flag":["http:\/\/www.waltec.com.cn\/wp-content\/uploads\/2025\/03\/Plastic_and_Rubber_Series_Digital_Shore_Durometer-12x12.webp",12,12,true],"woocommerce_thumbnail":["http:\/\/www.waltec.com.cn\/wp-content\/uploads\/2025\/03\/Plastic_and_Rubber_Series_Digital_Shore_Durometer-300x300.webp",300,300,true],"woocommerce_single":["http:\/\/www.waltec.com.cn\/wp-content\/uploads\/2025\/03\/Plastic_and_Rubber_Series_Digital_Shore_Durometer.webp",500,500,false],"woocommerce_gallery_thumbnail":["http:\/\/www.waltec.com.cn\/wp-content\/uploads\/2025\/03\/Plastic_and_Rubber_Series_Digital_Shore_Durometer-100x100.webp",100,100,true]},"uagb_author_info":{"display_name":"Jswaltec","author_link":"http:\/\/www.waltec.com.cn\/es\/author\/"},"uagb_comment_info":0,"uagb_excerpt":"Meets American Standards Product Introduction The Shore durometer is portable, has simple results display, easy &#8211; to &#8211; operate, and provides quick measurements. It is especially suitable for on &#8211; site hardness determination. For a long time, it has been used for the determination of hardness properties of finished and semi &#8211; finished products, as&hellip;","_links":{"self":[{"href":"http:\/\/www.waltec.com.cn\/es\/wp-json\/wp\/v2\/product\/2477","targetHints":{"allow":["GET"]}}],"collection":[{"href":"http:\/\/www.waltec.com.cn\/es\/wp-json\/wp\/v2\/product"}],"about":[{"href":"http:\/\/www.waltec.com.cn\/es\/wp-json\/wp\/v2\/types\/product"}],"wp:featuredmedia":[{"embeddable":true,"href":"http:\/\/www.waltec.com.cn\/es\/wp-json\/wp\/v2\/media\/2459"}],"wp:attachment":[{"href":"http:\/\/www.waltec.com.cn\/es\/wp-json\/wp\/v2\/media?parent=2477"}],"wp:term":[{"taxonomy":"product_cat","embeddable":true,"href":"http:\/\/www.waltec.com.cn\/es\/wp-json\/wp\/v2\/product_cat?post=2477"},{"taxonomy":"product_tag","embeddable":true,"href":"http:\/\/www.waltec.com.cn\/es\/wp-json\/wp\/v2\/product_tag?post=2477"}],"curies":[{"name":"wp","href":"https:\/\/api.w.org\/{rel}","templated":true}]}}