{"id":2024,"date":"2024-12-13T15:36:20","date_gmt":"2024-12-13T07:36:20","guid":{"rendered":"http:\/\/www.waltec.com.cn\/?post_type=product&#038;p=2024"},"modified":"2025-02-19T13:08:00","modified_gmt":"2025-02-19T05:08:00","slug":"df82-100-push-button-type-mfr-testing-machine","status":"publish","type":"product","link":"http:\/\/www.waltec.com.cn\/ru\/product\/df82-100-push-button-type-mfr-testing-machine\/","title":{"rendered":"DF82.100 \u041c\u0430\u0448\u0438\u043d\u0430 \u0434\u043b\u044f \u0438\u0441\u043f\u044b\u0442\u0430\u043d\u0438\u044f MFR \u0441 \u043a\u043d\u043e\u043f\u043e\u0447\u043d\u044b\u043c \u0443\u043f\u0440\u0430\u0432\u043b\u0435\u043d\u0438\u0435\u043c"},"content":{"rendered":"<p>Melt flow rate testing machine: a specialized equipment for measuring the melt flow rate of thermoplastic under certain conditions, and can indirectly determine the molecular weight of high polymers. The melt flow rate (melt index) of thermoplastic refers to the mass or volume of molten plastic passing through a standard specimen outlet\u00a0every 10 minutes at a certain temperature and load, expressed as MFR (MI) or MVR value, which can distinguish the viscous flow characteristics of thermoplastic in the molten state. The quality assurance of raw materials and products for thermoplastic and synthetic fibers is of great significance.<\/p>\n<p>Mainly used in factories, product quality inspection institutes, research institutions and other units for the production, inspection, development, research and other fields of plastics. This machine has high temperature control accuracy, key parts undergo nitriding treatment, high strength and hardness, and small deformation, which provides good conditions for accurately measuring flow rate.<\/p>\n<p>Applicable standard: ISO1133:1997 (E); GB3682-2000\uff1b JB\/5456-91\uff1bJJG878-94\uff1b Other corresponding standards<\/p>\n<h2><strong><b>Main technical parameters<\/b><\/strong><\/h2>\n<ul>\n<li>Temperature control<\/li>\n<\/ul>\n<p>(1) Temperature range: 50~450\u2103<\/p>\n<p>The following commonly used temperature points have been set and calibrated at the factory: 125, 150, 190, 200, 220, 230, 250, 265, 275, 280, 300 \u2103<\/p>\n<p>(2) Fluctuations: \u00b1 0.5<\/p>\n<p>(3) 4-hour drift: \u2264 0.5 \u2103<\/p>\n<p>(4) Distribution: \u2264 0.5 \u2103<\/p>\n<p>(5) Resolution: 0.1 \u2103<\/p>\n<p>(6) Error correction<\/p>\n<ul>\n<li>Recovery time of specimen barrel\u2019s temperature after feeding:\u22644min<\/li>\n<li>Pacer clock<\/li>\n<\/ul>\n<p>(1) Range: 0~6000s;<\/p>\n<p>(2) Resolution: 0.1s<\/p>\n<ul>\n<li>Cut-off unit<\/li>\n<\/ul>\n<p>(1) Automatic timed cutting<\/p>\n<p>(2) Jogging cutting<\/p>\n<p>(3) Manual cutting<\/p>\n<ul>\n<li>Inner diameter of specimen outlet:\u03a62.095\u00b10.005mm<\/li>\n<li>Inner diameter of specimen barrel:\u03a69.550\u00b10.020mm<\/li>\n<li>Load:<\/li>\n<\/ul>\n<p>(1) Accuracy: \u2264\u00b1 0.5%<\/p>\n<p>(2) Standard configuration load: 875g, 960g, 1200g, 1640g<\/p>\n<p>(3) Combination load: 325g, 1200g, 2160g, 3800g, 5000g<\/p>\n<ul>\n<li>Standard Specimen(PE) Test:<\/li>\n<\/ul>\n<p>(1) Repeatability accuracy: \u2264 0.2%<\/p>\n<p>(2) Accuracy: \u2264 5%<\/p>\n<ul>\n<li>Measuring range: 04\uff5e400g\/10min<\/li>\n<li>Power supply: 220V,AC,50HZ,3A<\/li>\n<li>Overall dimension:L\u00d7B\u00d7H=550\u00d7430\u00d7700mm<sup>3<\/sup><\/li>\n<li>Total weight: 65kg<\/li>\n<\/ul>\n<h2><strong><b>Working environment<\/b><\/strong><\/h2>\n<ul>\n<li>Room temperature control range: 10 \u2103 to 40 \u2103;<\/li>\n<li>Relative humidity: \u2264 80%;<\/li>\n<li>There is no vibration or corrosive medium around;<\/li>\n<li>Stable foundation, placed horizontally;<\/li>\n<li>There is no strong convection in the surrounding air.<\/li>\n<\/ul>\n<h2><strong><b>Configuration<\/b><\/strong><\/h2>\n<table>\n<tbody>\n<tr>\n<td width=\"38\">No.<\/td>\n<td width=\"246\">Item<\/td>\n<td width=\"55\">Qty<\/td>\n<td width=\"53\">Units<\/td>\n<td width=\"174\">Marks<\/td>\n<\/tr>\n<tr>\n<td width=\"38\">1<\/td>\n<td width=\"246\">Machine host DF82.100<\/td>\n<td width=\"55\">1<\/td>\n<td width=\"53\">pc<\/td>\n<td width=\"174\"><\/td>\n<\/tr>\n<tr>\n<td width=\"38\">2<\/td>\n<td width=\"246\">Standard specimen outlet<\/td>\n<td width=\"55\">1<\/td>\n<td width=\"53\">pc<\/td>\n<td width=\"174\">2.095mm<\/td>\n<\/tr>\n<tr>\n<td width=\"38\">3<\/td>\n<td width=\"246\">Temperature measurement and control system<\/td>\n<td width=\"55\">1<\/td>\n<td width=\"53\">set<\/td>\n<td width=\"174\">Omron<\/td>\n<\/tr>\n<tr>\n<td width=\"38\">4<\/td>\n<td width=\"246\">LCD controller<\/td>\n<td width=\"55\">1<\/td>\n<td width=\"53\">pc<\/td>\n<td width=\"174\">Specific\u00a0for MFR<\/td>\n<\/tr>\n<tr>\n<td width=\"38\">5<\/td>\n<td width=\"246\">\u041c\u0430\u0441\u0441\u0430<\/td>\n<td width=\"55\">1<\/td>\n<td width=\"53\">set<\/td>\n<td width=\"174\">5kg<\/td>\n<\/tr>\n<tr>\n<td width=\"38\">6<\/td>\n<td width=\"246\">Accessories<\/td>\n<td width=\"55\">1<\/td>\n<td width=\"53\">set<\/td>\n<td width=\"174\"><\/td>\n<\/tr>\n<\/tbody>\n<\/table>","protected":false},"excerpt":{"rendered":"<p>Melt flow rate testing machine: a specialized equipment for measuring the melt flow rate of thermoplastic under certain conditions, and can indirectly determine the molecular weight of high polymers. The melt flow rate (melt index) of thermoplastic refers to the mass or volume of molten plastic passing through a standard specimen outlet\u00a0every 10 minutes at [&hellip;]<\/p>","protected":false},"featured_media":2225,"template":"","meta":{"_uag_custom_page_level_css":"","site-sidebar-layout":"default","site-content-layout":"","ast-site-content-layout":"default","site-content-style":"default","site-sidebar-style":"default","ast-global-header-display":"","ast-banner-title-visibility":"","ast-main-header-display":"","ast-hfb-above-header-display":"","ast-hfb-below-header-display":"","ast-hfb-mobile-header-display":"","site-post-title":"","ast-breadcrumbs-content":"","ast-featured-img":"","footer-sml-layout":"","theme-transparent-header-meta":"default","adv-header-id-meta":"","stick-header-meta":"","header-above-stick-meta":"","header-main-stick-meta":"","header-below-stick-meta":"","astra-migrate-meta-layouts":"set","ast-page-background-enabled":"default","ast-page-background-meta":{"desktop":{"background-color":"var(--ast-global-color-4)","background-image":"","background-repeat":"repeat","background-position":"center center","background-size":"auto","background-attachment":"scroll","background-type":"","background-media":"","overlay-type":"","overlay-color":"","overlay-opacity":"","overlay-gradient":""},"tablet":{"background-color":"","background-image":"","background-repeat":"repeat","background-position":"center center","background-size":"auto","background-attachment":"scroll","background-type":"","background-media":"","overlay-type":"","overlay-color":"","overlay-opacity":"","overlay-gradient":""},"mobile":{"background-color":"","background-image":"","background-repeat":"repeat","background-position":"center center","background-size":"auto","background-attachment":"scroll","background-type":"","background-media":"","overlay-type":"","overlay-color":"","overlay-opacity":"","overlay-gradient":""}},"ast-content-background-meta":{"desktop":{"background-color":"var(--ast-global-color-5)","background-image":"","background-repeat":"repeat","background-position":"center center","background-size":"auto","background-attachment":"scroll","background-type":"","background-media":"","overlay-type":"","overlay-color":"","overlay-opacity":"","overlay-gradient":""},"tablet":{"background-color":"var(--ast-global-color-5)","background-image":"","background-repeat":"repeat","background-position":"center center","background-size":"auto","background-attachment":"scroll","background-type":"","background-media":"","overlay-type":"","overlay-color":"","overlay-opacity":"","overlay-gradient":""},"mobile":{"background-color":"var(--ast-global-color-5)","background-image":"","background-repeat":"repeat","background-position":"center center","background-size":"auto","background-attachment":"scroll","background-type":"","background-media":"","overlay-type":"","overlay-color":"","overlay-opacity":"","overlay-gradient":""}}},"product_cat":[25],"product_tag":[],"class_list":{"0":"post-2024","1":"product","2":"type-product","3":"status-publish","4":"has-post-thumbnail","6":"product_cat-testing-machines","7":"desktop-align-left","8":"tablet-align-left","9":"mobile-align-left","11":"first","12":"instock","13":"shipping-taxable","14":"product-type-simple"},"yoast_head":"<!-- This site is optimized with the Yoast SEO Premium plugin v22.5 (Yoast SEO v24.3) - https:\/\/yoast.com\/wordpress\/plugins\/seo\/ -->\r\n<title>DF82.100 Push-button type MFR testing machine - Jswaltec Testing machine<\/title>\r\n<meta name=\"robots\" content=\"index, follow, max-snippet:-1, max-image-preview:large, max-video-preview:-1\" \/>\r\n<link rel=\"canonical\" href=\"http:\/\/www.waltec.com.cn\/ru\/product\/df82-100-push-button-type-mfr-testing-machine\/\" \/>\r\n<meta property=\"og:locale\" content=\"ru_RU\" \/>\r\n<meta property=\"og:type\" content=\"article\" \/>\r\n<meta property=\"og:title\" content=\"DF82.100 Push-button type MFR testing machine\" \/>\r\n<meta property=\"og:description\" content=\"Melt flow rate testing machine: a specialized equipment for measuring the melt flow rate of thermoplastic under certain conditions, and can indirectly determine the molecular weight of high polymers. The melt flow rate (melt index) of thermoplastic refers to the mass or volume of molten plastic passing through a standard specimen outlet\u00a0every 10 minutes at [&hellip;]\" \/>\r\n<meta property=\"og:url\" content=\"http:\/\/www.waltec.com.cn\/ru\/product\/df82-100-push-button-type-mfr-testing-machine\/\" \/>\r\n<meta property=\"og:site_name\" content=\"Jswaltec Testing machine\" \/>\r\n<meta property=\"article:modified_time\" content=\"2025-02-19T05:08:00+00:00\" \/>\r\n<meta property=\"og:image\" content=\"http:\/\/www.waltec.com.cn\/wp-content\/uploads\/2024\/12\/F123F5E1FD084AB0.webp\" \/>\r\n\t<meta property=\"og:image:width\" content=\"451\" \/>\r\n\t<meta property=\"og:image:height\" content=\"404\" \/>\r\n\t<meta property=\"og:image:type\" content=\"image\/webp\" \/>\r\n<meta name=\"twitter:card\" content=\"summary_large_image\" \/>\r\n<meta name=\"twitter:label1\" content=\"\u041f\u0440\u0438\u043c\u0435\u0440\u043d\u043e\u0435 \u0432\u0440\u0435\u043c\u044f \u0434\u043b\u044f \u0447\u0442\u0435\u043d\u0438\u044f\" \/>\n\t<meta name=\"twitter:data1\" content=\"2 \u043c\u0438\u043d\u0443\u0442\u044b\" \/>\r\n<script type=\"application\/ld+json\" class=\"yoast-schema-graph\">{\"@context\":\"https:\/\/schema.org\",\"@graph\":[{\"@type\":\"WebPage\",\"@id\":\"http:\/\/www.waltec.com.cn\/product\/df82-100-push-button-type-mfr-testing-machine\/\",\"url\":\"http:\/\/www.waltec.com.cn\/product\/df82-100-push-button-type-mfr-testing-machine\/\",\"name\":\"DF82.100 Push-button type MFR testing machine - Jswaltec Testing machine\",\"isPartOf\":{\"@id\":\"http:\/\/www.waltec.com.cn\/#website\"},\"primaryImageOfPage\":{\"@id\":\"http:\/\/www.waltec.com.cn\/product\/df82-100-push-button-type-mfr-testing-machine\/#primaryimage\"},\"image\":{\"@id\":\"http:\/\/www.waltec.com.cn\/product\/df82-100-push-button-type-mfr-testing-machine\/#primaryimage\"},\"thumbnailUrl\":\"http:\/\/www.waltec.com.cn\/wp-content\/uploads\/2024\/12\/F123F5E1FD084AB0.webp\",\"datePublished\":\"2024-12-13T07:36:20+00:00\",\"dateModified\":\"2025-02-19T05:08:00+00:00\",\"breadcrumb\":{\"@id\":\"http:\/\/www.waltec.com.cn\/product\/df82-100-push-button-type-mfr-testing-machine\/#breadcrumb\"},\"inLanguage\":\"ru-RU\",\"potentialAction\":[{\"@type\":\"ReadAction\",\"target\":[\"http:\/\/www.waltec.com.cn\/product\/df82-100-push-button-type-mfr-testing-machine\/\"]}]},{\"@type\":\"ImageObject\",\"inLanguage\":\"ru-RU\",\"@id\":\"http:\/\/www.waltec.com.cn\/product\/df82-100-push-button-type-mfr-testing-machine\/#primaryimage\",\"url\":\"http:\/\/www.waltec.com.cn\/wp-content\/uploads\/2024\/12\/F123F5E1FD084AB0.webp\",\"contentUrl\":\"http:\/\/www.waltec.com.cn\/wp-content\/uploads\/2024\/12\/F123F5E1FD084AB0.webp\",\"width\":451,\"height\":404},{\"@type\":\"BreadcrumbList\",\"@id\":\"http:\/\/www.waltec.com.cn\/product\/df82-100-push-button-type-mfr-testing-machine\/#breadcrumb\",\"itemListElement\":[{\"@type\":\"ListItem\",\"position\":1,\"name\":\"Home\",\"item\":\"http:\/\/www.waltec.com.cn\/\"},{\"@type\":\"ListItem\",\"position\":2,\"name\":\"Products\",\"item\":\"http:\/\/www.waltec.com.cn\/shop\/\"},{\"@type\":\"ListItem\",\"position\":3,\"name\":\"DF82.100 Push-button type MFR testing machine\"}]},{\"@type\":\"WebSite\",\"@id\":\"http:\/\/www.waltec.com.cn\/#website\",\"url\":\"http:\/\/www.waltec.com.cn\/\",\"name\":\"Jswaltec Testing machine\",\"description\":\"\",\"publisher\":{\"@id\":\"http:\/\/www.waltec.com.cn\/#organization\"},\"potentialAction\":[{\"@type\":\"SearchAction\",\"target\":{\"@type\":\"EntryPoint\",\"urlTemplate\":\"http:\/\/www.waltec.com.cn\/?s={search_term_string}\"},\"query-input\":{\"@type\":\"PropertyValueSpecification\",\"valueRequired\":true,\"valueName\":\"search_term_string\"}}],\"inLanguage\":\"ru-RU\"},{\"@type\":\"Organization\",\"@id\":\"http:\/\/www.waltec.com.cn\/#organization\",\"name\":\"JIANGSU WALLONG-HSIN MACHINERY ENGINEERING CORPORATION LTD.\",\"url\":\"http:\/\/www.waltec.com.cn\/\",\"logo\":{\"@type\":\"ImageObject\",\"inLanguage\":\"ru-RU\",\"@id\":\"http:\/\/www.waltec.com.cn\/#\/schema\/logo\/image\/\",\"url\":\"http:\/\/www.waltec.com.cn\/wp-content\/uploads\/2024\/08\/01.jpg\",\"contentUrl\":\"http:\/\/www.waltec.com.cn\/wp-content\/uploads\/2024\/08\/01.jpg\",\"width\":1217,\"height\":221,\"caption\":\"JIANGSU WALLONG-HSIN MACHINERY ENGINEERING CORPORATION LTD.\"},\"image\":{\"@id\":\"http:\/\/www.waltec.com.cn\/#\/schema\/logo\/image\/\"}}]}<\/script>\r\n<!-- \/ Yoast SEO Premium plugin. -->","yoast_head_json":{"title":"DF82.100 Push-button type MFR testing machine - Jswaltec Testing machine","robots":{"index":"index","follow":"follow","max-snippet":"max-snippet:-1","max-image-preview":"max-image-preview:large","max-video-preview":"max-video-preview:-1"},"canonical":"http:\/\/www.waltec.com.cn\/ru\/product\/df82-100-push-button-type-mfr-testing-machine\/","og_locale":"ru_RU","og_type":"article","og_title":"DF82.100 Push-button type MFR testing machine","og_description":"Melt flow rate testing machine: a specialized equipment for measuring the melt flow rate of thermoplastic under certain conditions, and can indirectly determine the molecular weight of high polymers. The melt flow rate (melt index) of thermoplastic refers to the mass or volume of molten plastic passing through a standard specimen outlet\u00a0every 10 minutes at [&hellip;]","og_url":"http:\/\/www.waltec.com.cn\/ru\/product\/df82-100-push-button-type-mfr-testing-machine\/","og_site_name":"Jswaltec Testing machine","article_modified_time":"2025-02-19T05:08:00+00:00","og_image":[{"width":451,"height":404,"url":"http:\/\/www.waltec.com.cn\/wp-content\/uploads\/2024\/12\/F123F5E1FD084AB0.webp","type":"image\/webp"}],"twitter_card":"summary_large_image","twitter_misc":{"\u041f\u0440\u0438\u043c\u0435\u0440\u043d\u043e\u0435 \u0432\u0440\u0435\u043c\u044f \u0434\u043b\u044f \u0447\u0442\u0435\u043d\u0438\u044f":"2 \u043c\u0438\u043d\u0443\u0442\u044b"},"schema":{"@context":"https:\/\/schema.org","@graph":[{"@type":"WebPage","@id":"http:\/\/www.waltec.com.cn\/product\/df82-100-push-button-type-mfr-testing-machine\/","url":"http:\/\/www.waltec.com.cn\/product\/df82-100-push-button-type-mfr-testing-machine\/","name":"DF82.100 Push-button type MFR testing machine - Jswaltec Testing machine","isPartOf":{"@id":"http:\/\/www.waltec.com.cn\/#website"},"primaryImageOfPage":{"@id":"http:\/\/www.waltec.com.cn\/product\/df82-100-push-button-type-mfr-testing-machine\/#primaryimage"},"image":{"@id":"http:\/\/www.waltec.com.cn\/product\/df82-100-push-button-type-mfr-testing-machine\/#primaryimage"},"thumbnailUrl":"http:\/\/www.waltec.com.cn\/wp-content\/uploads\/2024\/12\/F123F5E1FD084AB0.webp","datePublished":"2024-12-13T07:36:20+00:00","dateModified":"2025-02-19T05:08:00+00:00","breadcrumb":{"@id":"http:\/\/www.waltec.com.cn\/product\/df82-100-push-button-type-mfr-testing-machine\/#breadcrumb"},"inLanguage":"ru-RU","potentialAction":[{"@type":"ReadAction","target":["http:\/\/www.waltec.com.cn\/product\/df82-100-push-button-type-mfr-testing-machine\/"]}]},{"@type":"ImageObject","inLanguage":"ru-RU","@id":"http:\/\/www.waltec.com.cn\/product\/df82-100-push-button-type-mfr-testing-machine\/#primaryimage","url":"http:\/\/www.waltec.com.cn\/wp-content\/uploads\/2024\/12\/F123F5E1FD084AB0.webp","contentUrl":"http:\/\/www.waltec.com.cn\/wp-content\/uploads\/2024\/12\/F123F5E1FD084AB0.webp","width":451,"height":404},{"@type":"BreadcrumbList","@id":"http:\/\/www.waltec.com.cn\/product\/df82-100-push-button-type-mfr-testing-machine\/#breadcrumb","itemListElement":[{"@type":"ListItem","position":1,"name":"Home","item":"http:\/\/www.waltec.com.cn\/"},{"@type":"ListItem","position":2,"name":"Products","item":"http:\/\/www.waltec.com.cn\/shop\/"},{"@type":"ListItem","position":3,"name":"DF82.100 Push-button type MFR testing machine"}]},{"@type":"WebSite","@id":"http:\/\/www.waltec.com.cn\/#website","url":"http:\/\/www.waltec.com.cn\/","name":"Jswaltec Testing machine","description":"","publisher":{"@id":"http:\/\/www.waltec.com.cn\/#organization"},"potentialAction":[{"@type":"SearchAction","target":{"@type":"EntryPoint","urlTemplate":"http:\/\/www.waltec.com.cn\/?s={search_term_string}"},"query-input":{"@type":"PropertyValueSpecification","valueRequired":true,"valueName":"search_term_string"}}],"inLanguage":"ru-RU"},{"@type":"Organization","@id":"http:\/\/www.waltec.com.cn\/#organization","name":"JIANGSU WALLONG-HSIN MACHINERY ENGINEERING CORPORATION LTD.","url":"http:\/\/www.waltec.com.cn\/","logo":{"@type":"ImageObject","inLanguage":"ru-RU","@id":"http:\/\/www.waltec.com.cn\/#\/schema\/logo\/image\/","url":"http:\/\/www.waltec.com.cn\/wp-content\/uploads\/2024\/08\/01.jpg","contentUrl":"http:\/\/www.waltec.com.cn\/wp-content\/uploads\/2024\/08\/01.jpg","width":1217,"height":221,"caption":"JIANGSU WALLONG-HSIN MACHINERY ENGINEERING CORPORATION LTD."},"image":{"@id":"http:\/\/www.waltec.com.cn\/#\/schema\/logo\/image\/"}}]}},"uagb_featured_image_src":{"full":["http:\/\/www.waltec.com.cn\/wp-content\/uploads\/2024\/12\/F123F5E1FD084AB0.webp",451,404,false],"thumbnail":["http:\/\/www.waltec.com.cn\/wp-content\/uploads\/2024\/12\/F123F5E1FD084AB0.webp",150,134,false],"medium":["http:\/\/www.waltec.com.cn\/wp-content\/uploads\/2024\/12\/F123F5E1FD084AB0.webp",300,269,false],"medium_large":["http:\/\/www.waltec.com.cn\/wp-content\/uploads\/2024\/12\/F123F5E1FD084AB0.webp",451,404,false],"large":["http:\/\/www.waltec.com.cn\/wp-content\/uploads\/2024\/12\/F123F5E1FD084AB0.webp",451,404,false],"1536x1536":["http:\/\/www.waltec.com.cn\/wp-content\/uploads\/2024\/12\/F123F5E1FD084AB0.webp",451,404,false],"2048x2048":["http:\/\/www.waltec.com.cn\/wp-content\/uploads\/2024\/12\/F123F5E1FD084AB0.webp",451,404,false],"trp-custom-language-flag":["http:\/\/www.waltec.com.cn\/wp-content\/uploads\/2024\/12\/F123F5E1FD084AB0.webp",13,12,false],"woocommerce_thumbnail":["http:\/\/www.waltec.com.cn\/wp-content\/uploads\/2024\/12\/F123F5E1FD084AB0-300x300.webp",300,300,true],"woocommerce_single":["http:\/\/www.waltec.com.cn\/wp-content\/uploads\/2024\/12\/F123F5E1FD084AB0.webp",451,404,false],"woocommerce_gallery_thumbnail":["http:\/\/www.waltec.com.cn\/wp-content\/uploads\/2024\/12\/F123F5E1FD084AB0-100x100.webp",100,100,true]},"uagb_author_info":{"display_name":"Jswaltec","author_link":"http:\/\/www.waltec.com.cn\/ru\/author\/"},"uagb_comment_info":0,"uagb_excerpt":"Melt flow rate testing machine: a specialized equipment for measuring the melt flow rate of thermoplastic under certain conditions, and can indirectly determine the molecular weight of high polymers. The melt flow rate (melt index) of thermoplastic refers to the mass or volume of molten plastic passing through a standard specimen outlet\u00a0every 10 minutes at&hellip;","_links":{"self":[{"href":"http:\/\/www.waltec.com.cn\/ru\/wp-json\/wp\/v2\/product\/2024","targetHints":{"allow":["GET"]}}],"collection":[{"href":"http:\/\/www.waltec.com.cn\/ru\/wp-json\/wp\/v2\/product"}],"about":[{"href":"http:\/\/www.waltec.com.cn\/ru\/wp-json\/wp\/v2\/types\/product"}],"wp:featuredmedia":[{"embeddable":true,"href":"http:\/\/www.waltec.com.cn\/ru\/wp-json\/wp\/v2\/media\/2225"}],"wp:attachment":[{"href":"http:\/\/www.waltec.com.cn\/ru\/wp-json\/wp\/v2\/media?parent=2024"}],"wp:term":[{"taxonomy":"product_cat","embeddable":true,"href":"http:\/\/www.waltec.com.cn\/ru\/wp-json\/wp\/v2\/product_cat?post=2024"},{"taxonomy":"product_tag","embeddable":true,"href":"http:\/\/www.waltec.com.cn\/ru\/wp-json\/wp\/v2\/product_tag?post=2024"}],"curies":[{"name":"wp","href":"https:\/\/api.w.org\/{rel}","templated":true}]}}